{"id":17206,"date":"2025-02-13T10:08:24","date_gmt":"2025-02-13T09:08:24","guid":{"rendered":"https:\/\/comixburo.com\/?page_id=17206"},"modified":"2025-02-13T10:43:48","modified_gmt":"2025-02-13T09:43:48","slug":"mentions-legales","status":"publish","type":"page","link":"https:\/\/comixburo.com\/en\/mentions-legales\/","title":{"rendered":"Legal"},"content":{"rendered":"<div data-elementor-type=\"wp-page\" data-elementor-id=\"17206\" class=\"elementor elementor-17206\">\n\t\t\t\t<div class=\"wd-negative-gap elementor-element elementor-element-a815781 e-flex e-con-boxed e-con e-parent\" data-id=\"a815781\" data-element_type=\"container\" data-e-type=\"container\">\n\t\t\t\t\t<div class=\"e-con-inner\">\n\t\t\t\t<div class=\"elementor-element elementor-element-1391343 elementor-widget elementor-widget-image\" data-id=\"1391343\" data-element_type=\"widget\" data-e-type=\"widget\" data-widget_type=\"image.default\">\n\t\t\t\t<div class=\"elementor-widget-container\">\n\t\t\t\t\t\t\t\t\t\t\t\t\t\t\t<img loading=\"lazy\" decoding=\"async\" width=\"1400\" height=\"200\" src=\"https:\/\/comixburo.com\/wp-content\/uploads\/2025\/02\/bandeau-mentions-legales-comix-buro.webp\" class=\"attachment-full size-full wp-image-17211\" alt=\"\" srcset=\"https:\/\/comixburo.com\/wp-content\/uploads\/2025\/02\/bandeau-mentions-legales-comix-buro.webp 1400w, https:\/\/comixburo.com\/wp-content\/uploads\/2025\/02\/bandeau-mentions-legales-comix-buro-400x57.webp 400w, https:\/\/comixburo.com\/wp-content\/uploads\/2025\/02\/bandeau-mentions-legales-comix-buro-1300x186.webp 1300w, https:\/\/comixburo.com\/wp-content\/uploads\/2025\/02\/bandeau-mentions-legales-comix-buro-768x110.webp 768w, https:\/\/comixburo.com\/wp-content\/uploads\/2025\/02\/bandeau-mentions-legales-comix-buro-430x61.webp 430w, https:\/\/comixburo.com\/wp-content\/uploads\/2025\/02\/bandeau-mentions-legales-comix-buro-700x100.webp 700w, https:\/\/comixburo.com\/wp-content\/uploads\/2025\/02\/bandeau-mentions-legales-comix-buro-150x21.webp 150w\" sizes=\"auto, (max-width: 1400px) 100vw, 1400px\" \/>\t\t\t\t\t\t\t\t\t\t\t\t\t\t\t<\/div>\n\t\t\t\t<\/div>\n\t\t\t\t<div class=\"elementor-element elementor-element-c633035 color-scheme-inherit text-left elementor-widget elementor-widget-text-editor\" data-id=\"c633035\" data-element_type=\"widget\" data-e-type=\"widget\" data-widget_type=\"text-editor.default\">\n\t\t\t\t<div class=\"elementor-widget-container\">\n\t\t\t\t\t\t\t\t\t<p><strong>\u2666 Informations g\u00e9n\u00e9rales<\/strong><br>Ce site est propri\u00e9t\u00e9 de \u201cComix Buro\u201d<br>Raison Sociale : Comix Buro<br>Si\u00e8ge social : 44 Impasse Zimmer, 34000 Montpellier<br>Ce site est maintenu \u00e0 jour par : \u201dComix Buro\u201d<br>Ce site est h\u00e9berg\u00e9 par : Hostinger<br>Contact :&nbsp;<span style=\"font-family: Inter, Arial, Helvetica, sans-serif; font-size: 15px; font-style: normal; font-variant-ligatures: normal; font-variant-caps: normal; font-weight: 400;\">Comix Buro<\/span>&nbsp;&nbsp;(Repr\u00e9sentant l\u00e9gal):<u> 04 67 27 12 38<\/u><br>Copyright : \u201c<span style=\"font-family: Inter, Arial, Helvetica, sans-serif; font-size: 15px; font-style: normal; font-variant-ligatures: normal; font-variant-caps: normal; font-weight: 400;\">Comix Buro<\/span>&nbsp;\u2013 44 Impasse Zimmer, 34000 Montpellier\u201d<\/p>\n<p><strong>\u2666 Repr\u00e9sentant l\u00e9gal<\/strong><br><u>Mme Agn\u00e8s CHARVET et M Olivier SZTEJNFATER<\/u><br>Siret : <u>94 200 527 000 11<\/u> Montpellier<\/p>\n<p><strong>\u2666 Droit applicable<\/strong><br>Le site Internet www.comixburo.fr et les pr\u00e9sentes conditions g\u00e9n\u00e9rales sont soumises au droit fran\u00e7ais et sont r\u00e9dig\u00e9es en fran\u00e7ais et en version anglaise.<br>\u201c<span style=\"font-family: Inter, Arial, Helvetica, sans-serif; font-size: 15px; font-style: normal; font-variant-ligatures: normal; font-variant-caps: normal; font-weight: 400;\">Comix Buro<\/span>\u201d se r\u00e9serve le droit de modifier les pr\u00e9sentes mentions \u00e0 tout moment. L\u2019utilisateur s\u2019engage \u00e0 la consulter r\u00e9guli\u00e8rement.<\/p>\n<p><strong>\u2666 Protection des donn\u00e9es personnelles<\/strong><br>La consultation du site www.comixburo.fr est possible sans que vous ayez \u00e0 r\u00e9v\u00e9ler votre identit\u00e9 ou toute autre information \u00e0 caract\u00e8re personnel vous concernant.<br>La soci\u00e9t\u00e9 \u201c<span style=\"font-family: Inter, Arial, Helvetica, sans-serif; font-size: 15px; font-style: normal; font-variant-ligatures: normal; font-variant-caps: normal; font-weight: 400;\">Comix Buro<\/span>\u201d s\u2019engage \u00e0 respecter votre vie priv\u00e9e et \u00e0 prot\u00e9ger les informations que vous lui communiquez.<br>En particulier, les donn\u00e9es personnelles collect\u00e9es sur le site Internet www.attakus.art restent confidentielles et trait\u00e9es comme telles. Le site est sous couvert d\u2019un pluging RGPD r\u00e9pondant aux exigences de la protection des donn\u00e9es personnelles objet des directives Europ\u00e9ennes de 2018.<br>Concernant les informations \u00e0 caract\u00e8re nominatif que vous seriez amen\u00e9s \u00e0 nous communiquer, vous b\u00e9n\u00e9ficiez d\u2019un droit d\u2019acc\u00e8s et de rectification conform\u00e9ment \u00e0 la loi fran\u00e7aise.<br>Informatique et Libert\u00e9 n\u00b0 78-17 du 6 janvier 1978.<br>Vous pouvez exercer ce droit aupr\u00e8s de \u201c<span style=\"font-family: Inter, Arial, Helvetica, sans-serif; font-size: 15px; font-style: normal; font-variant-ligatures: normal; font-variant-caps: normal; font-weight: 400;\">Comix Buro<\/span>\u201d.<\/p>\n<p>Si vous \u00eates abonn\u00e9s \u00e0 des services d\u2019information par courrier \u00e9lectronique (\u201cnewsletter\u201d) vous pouvez demander \u00e0 ne plus recevoir ces courriers.<br>Nous vous signalons qu\u2019afin de vous proposer des produits et services toujours plus adapt\u00e9s et de b\u00e9n\u00e9ficier par exemple de promotions, certaines informations \u00e0 caract\u00e8re non personnel, relatives \u00e0 votre activit\u00e9 sur ce site, seront automatiquement collect\u00e9es et conserv\u00e9es dans votre compte personnel.<br>Ces informations sont destin\u00e9es \u00e0 \u201c<span style=\"font-family: Inter, Arial, Helvetica, sans-serif; font-size: 15px; font-style: normal; font-variant-ligatures: normal; font-variant-caps: normal; font-weight: 400;\">Comix Buro<\/span>\u201d et pourront \u00e9galement \u00eatre utilis\u00e9es dans le cadre d\u2019op\u00e9rations commerciales ou de marketing ou servir de base \u00e0 des \u00e9tudes et analyses. Ces informations ne seront en aucun cas communiqu\u00e9es \u00e0 des tiers.<br>Seul le personnel de \u201c<span style=\"font-family: Inter, Arial, Helvetica, sans-serif; font-size: 15px; font-style: normal; font-variant-ligatures: normal; font-variant-caps: normal; font-weight: 400;\">Comix Buro<\/span>\u201d a acc\u00e8s aux donn\u00e9es.<\/p>\n<p><strong>\u2666 S\u00e9curit\u00e9<\/strong><br>Nous prenons toutes les pr\u00e9cautions utiles afin de pr\u00e9server l\u2019int\u00e9grit\u00e9 des donn\u00e9es, leur confidentialit\u00e9 et emp\u00eacher toute communication \u00e0 des tiers non autoris\u00e9s.<\/p>\n<p><strong>\u2666 Liens hypertextes<\/strong><br>La mise en place d\u2019un lien hypertexte vers le site www.attakus.art ne n\u00e9cessite pas d\u2019autorisation pr\u00e9alable et \u00e9crite de \u201c<span style=\"font-family: Inter, Arial, Helvetica, sans-serif; font-size: 15px; font-style: normal; font-variant-ligatures: normal; font-variant-caps: normal; font-weight: 400;\">Comix Buro<\/span>\u201d<br>N\u00e9anmoins, \u201c<span style=\"font-family: Inter, Arial, Helvetica, sans-serif; font-size: 15px; font-style: normal; font-variant-ligatures: normal; font-variant-caps: normal; font-weight: 400;\">Comix Buro<\/span>\u201d doit en \u00eatre inform\u00e9 dans un d\u00e9lai maximum de 30 jours apr\u00e8s la mise en place du lien.<br>En tout \u00e9tat de cause, \u201c<span style=\"font-family: Inter, Arial, Helvetica, sans-serif; font-size: 15px; font-style: normal; font-variant-ligatures: normal; font-variant-caps: normal; font-weight: 400;\">Comix Buro<\/span>\u201d n\u2019est en aucun cas tenue responsable du contenu ainsi que des produits ou services propos\u00e9s sur les sites auxquels le site www.attakus.art se trouverait li\u00e9 par des liens hypertextes ou tout autre type de lien.<\/p>\n<p><strong>\u2666 Droits de propri\u00e9t\u00e9 intellectuelle<\/strong><br>\u201c<span style=\"font-family: Inter, Arial, Helvetica, sans-serif; font-size: 15px; font-style: normal; font-variant-ligatures: normal; font-variant-caps: normal; font-weight: 400;\">Comix Buro<\/span>\u201d avise les utilisateurs de ce site que de nombreux \u00e9l\u00e9ments de ce site :<br>\u2013 sont prot\u00e9g\u00e9s par la l\u00e9gislation sur le droit d\u2019auteur : ce peut \u00eatre notamment le cas des photographies, des articles, des dessins, des s\u00e9quences anim\u00e9es, etc.<br>\u2013 et\/ou sont prot\u00e9g\u00e9s par la l\u00e9gislation sur les dessins et mod\u00e8les<br>\u2013 sont prot\u00e9g\u00e9s par la l\u00e9gislation sur les marques<\/p>\n<p>Les \u00e9l\u00e9ments ainsi prot\u00e9g\u00e9s sont la propri\u00e9t\u00e9 de \u201c<span style=\"font-family: Inter, Arial, Helvetica, sans-serif; font-size: 15px; font-style: normal; font-variant-ligatures: normal; font-variant-caps: normal; font-weight: 400;\">Comix Buro<\/span>\u201d ou de tiers ayant autoris\u00e9 \u201c<span style=\"font-family: Inter, Arial, Helvetica, sans-serif; font-size: 15px; font-style: normal; font-variant-ligatures: normal; font-variant-caps: normal; font-weight: 400;\">Comix Buro<\/span>\u201d \u00e0 les exploiter. Un consentement des parents pour les photos d\u2019enfants et adultes a \u00e9t\u00e9 obtenu pour leur publication.<\/p>\n<p>Ces photos restent la propri\u00e9t\u00e9 exclusive de \u201c<span style=\"font-family: Inter, Arial, Helvetica, sans-serif; font-size: 15px; font-style: normal; font-variant-ligatures: normal; font-variant-caps: normal; font-weight: 400;\">Comix Buro<\/span>\u201d, aucune utilisation de ces photos avec enfants et adultes n\u2019est autoris\u00e9e.<br>Toute reproduction, repr\u00e9sentation, utilisation, adaptation, modification, incorporation, traduction, commercialisation, partielle ou int\u00e9grale par quelques proc\u00e9d\u00e9s et sur quelque support que ce soit (papier, num\u00e9rique, \u2026) sont interdites, sans l\u2019autorisation \u00e9crite pr\u00e9alable de \u201c<span style=\"font-family: Inter, Arial, Helvetica, sans-serif; font-size: 15px; font-style: normal; font-variant-ligatures: normal; font-variant-caps: normal; font-weight: 400;\">Comix Buro<\/span>\u201d, hormis les exceptions vis\u00e9es \u00e0 l\u2019article L 122.5 du Code de la Propri\u00e9t\u00e9 Intellectuelle, sous peine de constituer un d\u00e9lit de contrefa\u00e7on de droit d\u2019auteur et\/ou de dessins et mod\u00e8les et\/ou de marque, puni de deux ans d\u2019emprisonnement et de 150 000\u20ac d\u2019amende.<\/p>\n<p><strong>\u2666 Droits d\u2019auteur et\/ou Droits sur les Dessins et Mod\u00e8les<\/strong><br>Conform\u00e9ment \u00e0 l\u2019article L122-5 du Code de la Propri\u00e9t\u00e9 Intellectuelle, les photographies, textes, slogans, dessins, images, s\u00e9quences anim\u00e9es sonores ou non ainsi que toutes les \u0153uvres int\u00e9gr\u00e9es dans le site sont la propri\u00e9t\u00e9 de \u201c<span style=\"font-family: Inter, Arial, Helvetica, sans-serif; font-size: 15px; font-style: normal; font-variant-ligatures: normal; font-variant-caps: normal; font-weight: 400;\">Comix Buro<\/span>\u201d ou de tiers ayant autoris\u00e9 \u00e0 les utiliser.<\/p>\n<p><strong>\u2666 Informations relatives aux produits<\/strong><br>Dans le cadre d\u2019une politique d\u2019am\u00e9lioration constante de ses produits et services, \u201c<span style=\"font-family: Inter, Arial, Helvetica, sans-serif; font-size: 15px; font-style: normal; font-variant-ligatures: normal; font-variant-caps: normal; font-weight: 400;\">Comix Buro<\/span>\u201d peut modifier \u00e0 tout moment les caract\u00e9ristiques de ses offres.<br>Les produits et\/ou services pr\u00e9sent\u00e9s sur ce site sont ceux distribu\u00e9s en France m\u00e9tropolitaine et dans certains pays comme Angleterre, Allemagne, Suisse, Belgique, Espagne.<br>En tout \u00e9tat de cause, les informations contenues sur ce site sont des informations \u00e0 caract\u00e8re g\u00e9n\u00e9ral et n\u2019ont pas valeur contractuelle.<\/p>\n<p><strong>\u2666 Nos Produits et Prix<\/strong><\/p>\n<p>Les produits sont vendus neufs. Les prix sont indiqu\u00e9s en euros toutes taxes (TVA et autres taxes) comprises hors participation aux frais de port et sont valables tant qu&rsquo;ils sont pr\u00e9sents \u00e0 l&rsquo;\u00e9cran. Les produits demeurent la propri\u00e9t\u00e9 de \u00ab\u00a0<span style=\"font-family: Inter, Arial, Helvetica, sans-serif; font-size: 15px; font-style: normal; font-variant-ligatures: normal; font-variant-caps: normal; font-weight: 400; text-align: var(--text-align); background-color: var(--wd-main-bgcolor); color: var(--wd-text-color);\">Comix Buro\u00a0\u00bb&nbsp;<\/span><span style=\"font-size: 15px; text-align: var(--text-align); background-color: var(--wd-main-bgcolor); color: var(--wd-text-color);\">jusqu&rsquo;au complet encaissement.<\/span><\/p>\n<p><strong>\u2666 Limitation de responsabilit\u00e9<\/strong><br>Vous utilisez le site www.comixburo.fr sous votre seule et enti\u00e8re responsabilit\u00e9.<br>\u201c<span style=\"font-family: Inter, Arial, Helvetica, sans-serif; font-size: 15px; font-style: normal; font-variant-ligatures: normal; font-variant-caps: normal; font-weight: 400;\">Comix Buro<\/span>\u201d ne pourra \u00eatre tenu pour responsable des dommages directs ou indirects, tels que, notamment, pr\u00e9judice mat\u00e9riel, pertes de donn\u00e9es ou de programme, pr\u00e9judice financier, r\u00e9sultant de l\u2019utilisation de ce site ou de sites qui lui sont li\u00e9s.<\/p>\n<p><strong>\u2666 Mise \u00e0 jour<\/strong><br>\u201c<span style=\"font-family: Inter, Arial, Helvetica, sans-serif; font-size: 15px; font-style: normal; font-variant-ligatures: normal; font-variant-caps: normal; font-weight: 400;\">Comix Buro<\/span>\u201d se r\u00e9serve le droit de modifier et de mettre \u00e0 jour, sans pr\u00e9avis, les pr\u00e9sentes mentions l\u00e9gales et tous les \u00e9l\u00e9ments, produits pr\u00e9sent\u00e9s sur le site.<br>L\u2019ensemble de ces modifications s\u2019impose aux internautes qui doivent consulter les pr\u00e9sentes Conditions G\u00e9n\u00e9rales lors de chaque connexion.<\/p>\n<p><strong>\u2666 Donn\u00e9es statistiques de suivi<\/strong><br>Nous utilisons les donn\u00e9es de connexion pour nos statistiques de consultation (type de navigateur, nombre de visiteurs, rubriques visit\u00e9es\u2026) \u00e0 travers Google Analytics.<br>Pour l\u2019optimisation de notre site en termes de rubriques et de navigation, mais ces informations ne sont pas transmises \u00e0 des tiers.<\/p>\n<p><strong>\u2666 Exp\u00e9ditions des produits<\/strong><\/p>\n<p>Les Conditions g\u00e9n\u00e9rales de ventes CGV, consultables sur le site sur la page de pr\u00e9sentation de chacun des articles, pr\u00e9cise les dispositions pour l\u2019exp\u00e9dition des produits.<\/p>\n<p><u>Les produits peuvent \u00eatre achet\u00e9s en ligne sur le site \u00ab www.comixburo \u00bb ou \u00eatre retir\u00e9s directement en Boutique \u00e0 l\u2019adresse : 44 Impasse Zimmer, 34000 Montpellier. Dans ce dernier cas, il sera n\u00e9cessaire de t\u00e9l\u00e9phoner en amont (<a href=\"https:\/\/www.google.com\/search?q=attakus+montpellier&amp;oq=ATTakus+MONT&amp;aqs=chrome.0.69i59j69i57j69i64l2.7168j0j7&amp;sourceid=chrome&amp;ie=UTF-8#\" data-dtype=\"d3ifr\" data-local-attribute=\"d3ph\" data-ved=\"2ahUKEwiN2Oif0uDxAhWK3OAKHeLhD6UQkAgoADAbegQINBAD\">04 67 27 12 38<\/a>) pour la pr\u00e9paration du produit.<\/u><\/p>\n<p><strong>\u2666 Information sur les Frais de Port<\/strong><\/p>\n<p>Comixburo.fr (et\/ou .com) utilise les services de la Poste aux tarifs en&nbsp;<em>Colissimo suivi 48H<\/em>&nbsp;pour la France. Nous utilisons&nbsp;<em>GLS<\/em>&nbsp;et&nbsp;<em>Colissimo suivi<\/em>&nbsp;pour l\u2019\u00e9tranger.<\/p>\n<p><strong>\u2666 Information sur les paiements<\/strong><br>Comixburo.fr (et\/ou .com) utilise, entre autres, la banque&nbsp;<strong>Paypal<\/strong>&nbsp;pour les paiements s\u00e9curis\u00e9s. Vous pouvez aussi payer avec votre carte bancaire via le syst\u00e8me s\u00e9curis\u00e9 de notre banque CIC, par ch\u00e8que, ou nous faire un virement bancaire.<\/p>\n<p><strong>\u2666 Conditions g\u00e9n\u00e9rales de ventes<\/strong><br>Quand vous cliquez sur le bouton \u00ab&nbsp;Valider&nbsp;\u00bb apr\u00e8s le processus de commande, vous d\u00e9clarez avoir pris connaissance et accept\u00e9 les&nbsp;<a href=\"https:\/\/attakus.icitest.fr\/\">Conditions G\u00e9n\u00e9rales de Vente<\/a>&nbsp;de www.comixburo.fr pleinement et sans r\u00e9serve.<\/p>\n<p><strong>\u2666 Assistance Technique<\/strong><\/p>\n<p>Notre \u00e9quipe de \u201c<span style=\"font-family: Inter, Arial, Helvetica, sans-serif; font-size: 15px; font-style: normal; font-variant-ligatures: normal; font-variant-caps: normal; font-weight: 400;\">Comix Buro<\/span>\u201d se tient \u00e0 votre disposition par t\u00e9l\u00e9phone <u>(<a href=\"https:\/\/www.google.com\/search?q=attakus+montpellier&amp;oq=ATTakus+MONT&amp;aqs=chrome.0.69i59j69i57j69i64l2.7168j0j7&amp;sourceid=chrome&amp;ie=UTF-8#\" data-dtype=\"d3ifr\" data-local-attribute=\"d3ph\" data-ved=\"2ahUKEwiN2Oif0uDxAhWK3OAKHeLhD6UQkAgoADAbegQINBAD\">04 67 27 12 38<\/a>)<\/u> du lundi au vendredi de 9h30 \u00e0 12h30 de 14h00 \u00e0 18h00 ou par mail <u>(info@comixburo.fr)<\/u> pour vous conseiller avant l\u2019achat ou r\u00e9pondre \u00e0 vos attentes dans le cadre de l\u2019apr\u00e8s-vente.<\/p>\t\t\t\t\t\t\t\t<\/div>\n\t\t\t\t<\/div>\n\t\t\t\t\t<\/div>\n\t\t\t\t<\/div>\n\t\t\t\t<\/div>","protected":false},"excerpt":{"rendered":"<p>\u2666 Informations g\u00e9n\u00e9ralesCe site est propri\u00e9t\u00e9 de \u201cComix Buro\u201dRaison Sociale : Comix BuroSi\u00e8ge social : 44 Impasse Zimmer, 34000 MontpellierCe<\/p>","protected":false},"author":2,"featured_media":0,"parent":0,"menu_order":0,"comment_status":"closed","ping_status":"closed","template":"","meta":{"footnotes":""},"class_list":["post-17206","page","type-page","status-publish","hentry"],"yoast_head":"<!-- This site is optimized with the Yoast SEO plugin v26.9 - https:\/\/yoast.com\/product\/yoast-seo-wordpress\/ -->\n<title>Mentions L\u00e9gales - comixburo.com<\/title>\n<meta name=\"robots\" content=\"index, follow, max-snippet:-1, max-image-preview:large, max-video-preview:-1\" \/>\n<link rel=\"canonical\" href=\"https:\/\/comixburo.com\/en\/mentions-legales\/\" \/>\n<meta property=\"og:locale\" content=\"en_GB\" \/>\n<meta property=\"og:type\" content=\"article\" \/>\n<meta property=\"og:title\" content=\"Mentions L\u00e9gales - comixburo.com\" \/>\n<meta property=\"og:description\" content=\"\u2666 Informations g\u00e9n\u00e9ralesCe site est propri\u00e9t\u00e9 de \u201cComix Buro\u201dRaison Sociale : Comix BuroSi\u00e8ge social : 44 Impasse Zimmer, 34000 MontpellierCe\" \/>\n<meta property=\"og:url\" content=\"https:\/\/comixburo.com\/en\/mentions-legales\/\" \/>\n<meta property=\"og:site_name\" content=\"comixburo.com\" \/>\n<meta property=\"article:publisher\" content=\"https:\/\/www.facebook.com\/comixburo\" \/>\n<meta property=\"article:modified_time\" content=\"2025-02-13T09:43:48+00:00\" \/>\n<meta property=\"og:image\" content=\"http:\/\/comixburo.com\/wp-content\/uploads\/2025\/02\/bandeau-mentions-legales-comix-buro.webp\" \/>\n<meta name=\"twitter:card\" content=\"summary_large_image\" \/>\n<meta name=\"twitter:label1\" content=\"Estimated reading time\" \/>\n\t<meta name=\"twitter:data1\" content=\"7 minutes\" \/>\n<script type=\"application\/ld+json\" class=\"yoast-schema-graph\">{\"@context\":\"https:\/\/schema.org\",\"@graph\":[{\"@type\":\"WebPage\",\"@id\":\"https:\/\/comixburo.com\/mentions-legales\/\",\"url\":\"https:\/\/comixburo.com\/mentions-legales\/\",\"name\":\"Mentions L\u00e9gales - comixburo.com\",\"isPartOf\":{\"@id\":\"https:\/\/comixburo.com\/#website\"},\"primaryImageOfPage\":{\"@id\":\"https:\/\/comixburo.com\/mentions-legales\/#primaryimage\"},\"image\":{\"@id\":\"https:\/\/comixburo.com\/mentions-legales\/#primaryimage\"},\"thumbnailUrl\":\"http:\/\/comixburo.com\/wp-content\/uploads\/2025\/02\/bandeau-mentions-legales-comix-buro.webp\",\"datePublished\":\"2025-02-13T09:08:24+00:00\",\"dateModified\":\"2025-02-13T09:43:48+00:00\",\"breadcrumb\":{\"@id\":\"https:\/\/comixburo.com\/mentions-legales\/#breadcrumb\"},\"inLanguage\":\"en-GB\",\"potentialAction\":[{\"@type\":\"ReadAction\",\"target\":[\"https:\/\/comixburo.com\/mentions-legales\/\"]}]},{\"@type\":\"ImageObject\",\"inLanguage\":\"en-GB\",\"@id\":\"https:\/\/comixburo.com\/mentions-legales\/#primaryimage\",\"url\":\"http:\/\/comixburo.com\/wp-content\/uploads\/2025\/02\/bandeau-mentions-legales-comix-buro.webp\",\"contentUrl\":\"http:\/\/comixburo.com\/wp-content\/uploads\/2025\/02\/bandeau-mentions-legales-comix-buro.webp\"},{\"@type\":\"BreadcrumbList\",\"@id\":\"https:\/\/comixburo.com\/mentions-legales\/#breadcrumb\",\"itemListElement\":[{\"@type\":\"ListItem\",\"position\":1,\"name\":\"Home\",\"item\":\"https:\/\/comixburo.com\/\"},{\"@type\":\"ListItem\",\"position\":2,\"name\":\"Mentions L\u00e9gales\"}]},{\"@type\":\"WebSite\",\"@id\":\"https:\/\/comixburo.com\/#website\",\"url\":\"https:\/\/comixburo.com\/\",\"name\":\"comixburo.com\",\"description\":\"Cr\u00e9ateur de projets : Sketchbook d&#039;artistes !\",\"publisher\":{\"@id\":\"https:\/\/comixburo.com\/#organization\"},\"alternateName\":\"Comix Buro\",\"potentialAction\":[{\"@type\":\"SearchAction\",\"target\":{\"@type\":\"EntryPoint\",\"urlTemplate\":\"https:\/\/comixburo.com\/?s={search_term_string}\"},\"query-input\":{\"@type\":\"PropertyValueSpecification\",\"valueRequired\":true,\"valueName\":\"search_term_string\"}}],\"inLanguage\":\"en-GB\"},{\"@type\":\"Organization\",\"@id\":\"https:\/\/comixburo.com\/#organization\",\"name\":\"comixburo.com\",\"url\":\"https:\/\/comixburo.com\/\",\"logo\":{\"@type\":\"ImageObject\",\"inLanguage\":\"en-GB\",\"@id\":\"https:\/\/comixburo.com\/#\/schema\/logo\/image\/\",\"url\":\"https:\/\/comixburo.com\/wp-content\/uploads\/2025\/04\/logo-cxb-ROND.webp\",\"contentUrl\":\"https:\/\/comixburo.com\/wp-content\/uploads\/2025\/04\/logo-cxb-ROND.webp\",\"width\":200,\"height\":200,\"caption\":\"comixburo.com\"},\"image\":{\"@id\":\"https:\/\/comixburo.com\/#\/schema\/logo\/image\/\"},\"sameAs\":[\"https:\/\/www.facebook.com\/comixburo\",\"https:\/\/www.instagram.com\/comixburo\/\"]}]}<\/script>\n<!-- \/ Yoast SEO plugin. -->","yoast_head_json":{"title":"Mentions L\u00e9gales - comixburo.com","robots":{"index":"index","follow":"follow","max-snippet":"max-snippet:-1","max-image-preview":"max-image-preview:large","max-video-preview":"max-video-preview:-1"},"canonical":"https:\/\/comixburo.com\/en\/mentions-legales\/","og_locale":"en_GB","og_type":"article","og_title":"Mentions L\u00e9gales - comixburo.com","og_description":"\u2666 Informations g\u00e9n\u00e9ralesCe site est propri\u00e9t\u00e9 de \u201cComix Buro\u201dRaison Sociale : Comix BuroSi\u00e8ge social : 44 Impasse Zimmer, 34000 MontpellierCe","og_url":"https:\/\/comixburo.com\/en\/mentions-legales\/","og_site_name":"comixburo.com","article_publisher":"https:\/\/www.facebook.com\/comixburo","article_modified_time":"2025-02-13T09:43:48+00:00","og_image":[{"url":"http:\/\/comixburo.com\/wp-content\/uploads\/2025\/02\/bandeau-mentions-legales-comix-buro.webp","type":"","width":"","height":""}],"twitter_card":"summary_large_image","twitter_misc":{"Estimated reading time":"7 minutes"},"schema":{"@context":"https:\/\/schema.org","@graph":[{"@type":"WebPage","@id":"https:\/\/comixburo.com\/mentions-legales\/","url":"https:\/\/comixburo.com\/mentions-legales\/","name":"Mentions L\u00e9gales - comixburo.com","isPartOf":{"@id":"https:\/\/comixburo.com\/#website"},"primaryImageOfPage":{"@id":"https:\/\/comixburo.com\/mentions-legales\/#primaryimage"},"image":{"@id":"https:\/\/comixburo.com\/mentions-legales\/#primaryimage"},"thumbnailUrl":"http:\/\/comixburo.com\/wp-content\/uploads\/2025\/02\/bandeau-mentions-legales-comix-buro.webp","datePublished":"2025-02-13T09:08:24+00:00","dateModified":"2025-02-13T09:43:48+00:00","breadcrumb":{"@id":"https:\/\/comixburo.com\/mentions-legales\/#breadcrumb"},"inLanguage":"en-GB","potentialAction":[{"@type":"ReadAction","target":["https:\/\/comixburo.com\/mentions-legales\/"]}]},{"@type":"ImageObject","inLanguage":"en-GB","@id":"https:\/\/comixburo.com\/mentions-legales\/#primaryimage","url":"http:\/\/comixburo.com\/wp-content\/uploads\/2025\/02\/bandeau-mentions-legales-comix-buro.webp","contentUrl":"http:\/\/comixburo.com\/wp-content\/uploads\/2025\/02\/bandeau-mentions-legales-comix-buro.webp"},{"@type":"BreadcrumbList","@id":"https:\/\/comixburo.com\/mentions-legales\/#breadcrumb","itemListElement":[{"@type":"ListItem","position":1,"name":"Home","item":"https:\/\/comixburo.com\/"},{"@type":"ListItem","position":2,"name":"Mentions L\u00e9gales"}]},{"@type":"WebSite","@id":"https:\/\/comixburo.com\/#website","url":"https:\/\/comixburo.com\/","name":"comixburo.com","description":"Cr\u00e9ateur de projets : Sketchbook d&#039;artistes !","publisher":{"@id":"https:\/\/comixburo.com\/#organization"},"alternateName":"Comix Buro","potentialAction":[{"@type":"SearchAction","target":{"@type":"EntryPoint","urlTemplate":"https:\/\/comixburo.com\/?s={search_term_string}"},"query-input":{"@type":"PropertyValueSpecification","valueRequired":true,"valueName":"search_term_string"}}],"inLanguage":"en-GB"},{"@type":"Organization","@id":"https:\/\/comixburo.com\/#organization","name":"comixburo.com","url":"https:\/\/comixburo.com\/","logo":{"@type":"ImageObject","inLanguage":"en-GB","@id":"https:\/\/comixburo.com\/#\/schema\/logo\/image\/","url":"https:\/\/comixburo.com\/wp-content\/uploads\/2025\/04\/logo-cxb-ROND.webp","contentUrl":"https:\/\/comixburo.com\/wp-content\/uploads\/2025\/04\/logo-cxb-ROND.webp","width":200,"height":200,"caption":"comixburo.com"},"image":{"@id":"https:\/\/comixburo.com\/#\/schema\/logo\/image\/"},"sameAs":["https:\/\/www.facebook.com\/comixburo","https:\/\/www.instagram.com\/comixburo\/"]}]}},"jetpack_sharing_enabled":true,"_links":{"self":[{"href":"https:\/\/comixburo.com\/en\/wp-json\/wp\/v2\/pages\/17206","targetHints":{"allow":["GET"]}}],"collection":[{"href":"https:\/\/comixburo.com\/en\/wp-json\/wp\/v2\/pages"}],"about":[{"href":"https:\/\/comixburo.com\/en\/wp-json\/wp\/v2\/types\/page"}],"author":[{"embeddable":true,"href":"https:\/\/comixburo.com\/en\/wp-json\/wp\/v2\/users\/2"}],"replies":[{"embeddable":true,"href":"https:\/\/comixburo.com\/en\/wp-json\/wp\/v2\/comments?post=17206"}],"version-history":[{"count":13,"href":"https:\/\/comixburo.com\/en\/wp-json\/wp\/v2\/pages\/17206\/revisions"}],"predecessor-version":[{"id":17222,"href":"https:\/\/comixburo.com\/en\/wp-json\/wp\/v2\/pages\/17206\/revisions\/17222"}],"wp:attachment":[{"href":"https:\/\/comixburo.com\/en\/wp-json\/wp\/v2\/media?parent=17206"}],"curies":[{"name":"wp","href":"https:\/\/api.w.org\/{rel}","templated":true}]}}