{"id":17444,"date":"2025-02-17T19:49:48","date_gmt":"2025-02-17T18:49:48","guid":{"rendered":"https:\/\/comixburo.com\/?page_id=17444"},"modified":"2025-04-28T17:34:40","modified_gmt":"2025-04-28T15:34:40","slug":"drawingbook","status":"publish","type":"page","link":"https:\/\/comixburo.com\/en\/drawingbook\/","title":{"rendered":"DRAWING BOOK"},"content":{"rendered":"<div data-elementor-type=\"wp-page\" data-elementor-id=\"17444\" class=\"elementor elementor-17444\">\n\t\t\t\t<div class=\"elementor-element elementor-element-ae54d6f e-con-full e-flex e-con e-parent\" data-id=\"ae54d6f\" data-element_type=\"container\" data-e-type=\"container\">\n\t\t\t\t<div class=\"elementor-element elementor-element-bc584c9 elementor-widget elementor-widget-wd_text_block\" data-id=\"bc584c9\" data-element_type=\"widget\" data-e-type=\"widget\" data-widget_type=\"wd_text_block.default\">\n\t\t\t\t<div class=\"elementor-widget-container\">\n\t\t\t\t\t\t\t<div class=\"wd-text-block reset-last-child text-center\">\n\t\t\t\n\t\t\t<p style=\"text-align: center;\"><span style=\"color: #ffffff; font-size: 36pt; font-family: 'Arial Black', 'Avant Garde';\">DRAWING BOOK<\/span><\/p>\n\t\t\t\t\t<\/div>\n\t\t\t\t\t\t<\/div>\n\t\t\t\t<\/div>\n\t\t\t\t<div class=\"elementor-element elementor-element-a513566 elementor-widget elementor-widget-wd_text_block\" data-id=\"a513566\" data-element_type=\"widget\" data-e-type=\"widget\" data-widget_type=\"wd_text_block.default\">\n\t\t\t\t<div class=\"elementor-widget-container\">\n\t\t\t\t\t\t\t<div class=\"wd-text-block reset-last-child text-left\">\n\t\t\t\n\t\t\t<h2 class=\"fiche-produit\" style=\"text-align: center;\">D\u00e9couvrez l\u2019univers d\u00e9jant\u00e9 de Fabien Bedouel, dans un tout nouveau format.<br \/>140 illustrations in\u00e9dites en noir et blanc.<\/h2><p style=\"text-align: center;\"><span style=\"font-size: 18pt;\"><em>Exemplaires num\u00e9rot\u00e9s et sign\u00e9s disponibles !<\/em><\/span><\/p>\n\t\t\t\t\t<\/div>\n\t\t\t\t\t\t<\/div>\n\t\t\t\t<\/div>\n\t\t\t\t<div class=\"elementor-element elementor-element-f76dbdb wd-width-100 elementor-widget elementor-widget-wd_images_gallery\" data-id=\"f76dbdb\" data-element_type=\"widget\" data-e-type=\"widget\" data-widget_type=\"wd_images_gallery.default\">\n\t\t\t\t<div class=\"elementor-widget-container\">\n\t\t\t\t\t\t\t<div class=\"wd-images-gallery\" style=\"--wd-align-items:center; --wd-justify-content:center;\">\n\t\t\t\t\t\t<div class=\"wd-grid-g\" style=\"--wd-col-lg:1;--wd-col-md:1;--wd-col-sm:1;--wd-gap-lg:0px;\" >\n\t\t\t\t\t\t\t\t\t\t\t\t\t\t\t\t\t\t<div class=\"wd-gallery-item wd-col\">\n\t\t\t\t\t\t\t\t\t\t\t\t\t<a  href=\"https:\/\/comixburo.com\/en\/product\/drawing-book-fabien-bedouel\/\" data-width=\"736\" data-height=\"697\" data-index=\"0\" data-elementor-open-lightbox=\"no\">\n\t\t\t\t\t\t\n\t\t\t\t\t\t<img loading=\"lazy\" decoding=\"async\" width=\"736\" height=\"697\" src=\"https:\/\/comixburo.com\/wp-content\/uploads\/2025\/02\/drawing-book-bedouel-Comix-Buro2-2.png\" class=\"attachment-large size-large\" alt=\"drawing-book-bedouel-Comix-Buro2\" srcset=\"https:\/\/comixburo.com\/wp-content\/uploads\/2025\/02\/drawing-book-bedouel-Comix-Buro2-2.png 736w, https:\/\/comixburo.com\/wp-content\/uploads\/2025\/02\/drawing-book-bedouel-Comix-Buro2-2-317x300.png 317w, https:\/\/comixburo.com\/wp-content\/uploads\/2025\/02\/drawing-book-bedouel-Comix-Buro2-2-430x407.png 430w, https:\/\/comixburo.com\/wp-content\/uploads\/2025\/02\/drawing-book-bedouel-Comix-Buro2-2-700x663.png 700w, https:\/\/comixburo.com\/wp-content\/uploads\/2025\/02\/drawing-book-bedouel-Comix-Buro2-2-150x142.png 150w\" sizes=\"auto, (max-width: 736px) 100vw, 736px\" \/>\n\t\t\t\t\t\t\t\t\t\t\t\t\t<\/a>\n\t\t\t\t\t\t\t\t\t\t\t<\/div>\n\t\t\t\t\t\t\t\t\t\t\t\t\t<\/div>\n\t\t\t\t\t<\/div>\n\t\t\t\t\t\t<\/div>\n\t\t\t\t<\/div>\n\t\t\t\t<div class=\"elementor-element elementor-element-b7a6aff elementor-widget elementor-widget-wd_text_block\" data-id=\"b7a6aff\" data-element_type=\"widget\" data-e-type=\"widget\" data-widget_type=\"wd_text_block.default\">\n\t\t\t\t<div class=\"elementor-widget-container\">\n\t\t\t\t\t\t\t<div class=\"wd-text-block reset-last-child text-left\">\n\t\t\t\n\t\t\t<h1 class=\"product_title entry-title wd-entities-title\" style=\"text-align: center;\">Drawing book \u2013 Fabien Bedouel<\/h1><h1 style=\"text-align: center;\"><span style=\"color: #ff0000;\">25,00\u00a0<span class=\"woocommerce-Price-currencySymbol\">\u20ac<\/span><\/span><\/h1>\n\t\t\t\t\t<\/div>\n\t\t\t\t\t\t<\/div>\n\t\t\t\t<\/div>\n\t\t\t\t<\/div>\n\t\t\t\t<\/div>","protected":false},"excerpt":{"rendered":"<p>DRAWING BOOK D\u00e9couvrez l\u2019univers d\u00e9jant\u00e9 de Fabien Bedouel, dans un tout nouveau format.140 illustrations in\u00e9dites en noir et blanc. Exemplaires<\/p>","protected":false},"author":3,"featured_media":0,"parent":0,"menu_order":0,"comment_status":"closed","ping_status":"closed","template":"","meta":{"footnotes":""},"class_list":["post-17444","page","type-page","status-publish","hentry"],"yoast_head":"<!-- This site is optimized with the Yoast SEO plugin v26.9 - https:\/\/yoast.com\/product\/yoast-seo-wordpress\/ -->\n<title>DRAWING BOOK - comixburo.com<\/title>\n<meta name=\"description\" content=\"DRAWING BOOK Fabien Bedouel\" \/>\n<meta name=\"robots\" content=\"index, follow, max-snippet:-1, max-image-preview:large, max-video-preview:-1\" \/>\n<link rel=\"canonical\" href=\"https:\/\/comixburo.com\/en\/drawingbook\/\" \/>\n<meta property=\"og:locale\" content=\"en_GB\" \/>\n<meta property=\"og:type\" content=\"article\" \/>\n<meta property=\"og:title\" content=\"DRAWING BOOK - comixburo.com\" \/>\n<meta property=\"og:description\" content=\"DRAWING BOOK Fabien Bedouel\" \/>\n<meta property=\"og:url\" content=\"https:\/\/comixburo.com\/en\/drawingbook\/\" \/>\n<meta property=\"og:site_name\" content=\"comixburo.com\" \/>\n<meta property=\"article:publisher\" content=\"https:\/\/www.facebook.com\/comixburo\" \/>\n<meta property=\"article:modified_time\" content=\"2025-04-28T15:34:40+00:00\" \/>\n<meta property=\"og:image\" content=\"http:\/\/comixburo.com\/wp-content\/uploads\/2025\/02\/drawing-book-bedouel-Comix-Buro2-2.png\" \/>\n<meta name=\"twitter:card\" content=\"summary_large_image\" \/>\n<meta name=\"twitter:label1\" content=\"Estimated reading time\" \/>\n\t<meta name=\"twitter:data1\" content=\"1 minute\" \/>\n<script type=\"application\/ld+json\" class=\"yoast-schema-graph\">{\"@context\":\"https:\/\/schema.org\",\"@graph\":[{\"@type\":\"WebPage\",\"@id\":\"https:\/\/comixburo.com\/drawingbook\/\",\"url\":\"https:\/\/comixburo.com\/drawingbook\/\",\"name\":\"DRAWING BOOK - comixburo.com\",\"isPartOf\":{\"@id\":\"https:\/\/comixburo.com\/#website\"},\"primaryImageOfPage\":{\"@id\":\"https:\/\/comixburo.com\/drawingbook\/#primaryimage\"},\"image\":{\"@id\":\"https:\/\/comixburo.com\/drawingbook\/#primaryimage\"},\"thumbnailUrl\":\"http:\/\/comixburo.com\/wp-content\/uploads\/2025\/02\/drawing-book-bedouel-Comix-Buro2-2.png\",\"datePublished\":\"2025-02-17T18:49:48+00:00\",\"dateModified\":\"2025-04-28T15:34:40+00:00\",\"description\":\"DRAWING BOOK Fabien Bedouel\",\"breadcrumb\":{\"@id\":\"https:\/\/comixburo.com\/drawingbook\/#breadcrumb\"},\"inLanguage\":\"en-GB\",\"potentialAction\":[{\"@type\":\"ReadAction\",\"target\":[\"https:\/\/comixburo.com\/drawingbook\/\"]}]},{\"@type\":\"ImageObject\",\"inLanguage\":\"en-GB\",\"@id\":\"https:\/\/comixburo.com\/drawingbook\/#primaryimage\",\"url\":\"http:\/\/comixburo.com\/wp-content\/uploads\/2025\/02\/drawing-book-bedouel-Comix-Buro2-2.png\",\"contentUrl\":\"http:\/\/comixburo.com\/wp-content\/uploads\/2025\/02\/drawing-book-bedouel-Comix-Buro2-2.png\"},{\"@type\":\"BreadcrumbList\",\"@id\":\"https:\/\/comixburo.com\/drawingbook\/#breadcrumb\",\"itemListElement\":[{\"@type\":\"ListItem\",\"position\":1,\"name\":\"Home\",\"item\":\"https:\/\/comixburo.com\/\"},{\"@type\":\"ListItem\",\"position\":2,\"name\":\"DRAWING BOOK\"}]},{\"@type\":\"WebSite\",\"@id\":\"https:\/\/comixburo.com\/#website\",\"url\":\"https:\/\/comixburo.com\/\",\"name\":\"comixburo.com\",\"description\":\"Cr\u00e9ateur de projets : Sketchbook d&#039;artistes !\",\"publisher\":{\"@id\":\"https:\/\/comixburo.com\/#organization\"},\"alternateName\":\"Comix Buro\",\"potentialAction\":[{\"@type\":\"SearchAction\",\"target\":{\"@type\":\"EntryPoint\",\"urlTemplate\":\"https:\/\/comixburo.com\/?s={search_term_string}\"},\"query-input\":{\"@type\":\"PropertyValueSpecification\",\"valueRequired\":true,\"valueName\":\"search_term_string\"}}],\"inLanguage\":\"en-GB\"},{\"@type\":\"Organization\",\"@id\":\"https:\/\/comixburo.com\/#organization\",\"name\":\"comixburo.com\",\"url\":\"https:\/\/comixburo.com\/\",\"logo\":{\"@type\":\"ImageObject\",\"inLanguage\":\"en-GB\",\"@id\":\"https:\/\/comixburo.com\/#\/schema\/logo\/image\/\",\"url\":\"https:\/\/comixburo.com\/wp-content\/uploads\/2025\/04\/logo-cxb-ROND.webp\",\"contentUrl\":\"https:\/\/comixburo.com\/wp-content\/uploads\/2025\/04\/logo-cxb-ROND.webp\",\"width\":200,\"height\":200,\"caption\":\"comixburo.com\"},\"image\":{\"@id\":\"https:\/\/comixburo.com\/#\/schema\/logo\/image\/\"},\"sameAs\":[\"https:\/\/www.facebook.com\/comixburo\",\"https:\/\/www.instagram.com\/comixburo\/\"]}]}<\/script>\n<!-- \/ Yoast SEO plugin. -->","yoast_head_json":{"title":"DRAWING BOOK - comixburo.com","description":"DRAWING BOOK Fabien Bedouel","robots":{"index":"index","follow":"follow","max-snippet":"max-snippet:-1","max-image-preview":"max-image-preview:large","max-video-preview":"max-video-preview:-1"},"canonical":"https:\/\/comixburo.com\/en\/drawingbook\/","og_locale":"en_GB","og_type":"article","og_title":"DRAWING BOOK - comixburo.com","og_description":"DRAWING BOOK Fabien Bedouel","og_url":"https:\/\/comixburo.com\/en\/drawingbook\/","og_site_name":"comixburo.com","article_publisher":"https:\/\/www.facebook.com\/comixburo","article_modified_time":"2025-04-28T15:34:40+00:00","og_image":[{"url":"http:\/\/comixburo.com\/wp-content\/uploads\/2025\/02\/drawing-book-bedouel-Comix-Buro2-2.png","type":"","width":"","height":""}],"twitter_card":"summary_large_image","twitter_misc":{"Estimated reading time":"1 minute"},"schema":{"@context":"https:\/\/schema.org","@graph":[{"@type":"WebPage","@id":"https:\/\/comixburo.com\/drawingbook\/","url":"https:\/\/comixburo.com\/drawingbook\/","name":"DRAWING BOOK - comixburo.com","isPartOf":{"@id":"https:\/\/comixburo.com\/#website"},"primaryImageOfPage":{"@id":"https:\/\/comixburo.com\/drawingbook\/#primaryimage"},"image":{"@id":"https:\/\/comixburo.com\/drawingbook\/#primaryimage"},"thumbnailUrl":"http:\/\/comixburo.com\/wp-content\/uploads\/2025\/02\/drawing-book-bedouel-Comix-Buro2-2.png","datePublished":"2025-02-17T18:49:48+00:00","dateModified":"2025-04-28T15:34:40+00:00","description":"DRAWING BOOK Fabien Bedouel","breadcrumb":{"@id":"https:\/\/comixburo.com\/drawingbook\/#breadcrumb"},"inLanguage":"en-GB","potentialAction":[{"@type":"ReadAction","target":["https:\/\/comixburo.com\/drawingbook\/"]}]},{"@type":"ImageObject","inLanguage":"en-GB","@id":"https:\/\/comixburo.com\/drawingbook\/#primaryimage","url":"http:\/\/comixburo.com\/wp-content\/uploads\/2025\/02\/drawing-book-bedouel-Comix-Buro2-2.png","contentUrl":"http:\/\/comixburo.com\/wp-content\/uploads\/2025\/02\/drawing-book-bedouel-Comix-Buro2-2.png"},{"@type":"BreadcrumbList","@id":"https:\/\/comixburo.com\/drawingbook\/#breadcrumb","itemListElement":[{"@type":"ListItem","position":1,"name":"Home","item":"https:\/\/comixburo.com\/"},{"@type":"ListItem","position":2,"name":"DRAWING BOOK"}]},{"@type":"WebSite","@id":"https:\/\/comixburo.com\/#website","url":"https:\/\/comixburo.com\/","name":"comixburo.com","description":"Cr\u00e9ateur de projets : Sketchbook d&#039;artistes !","publisher":{"@id":"https:\/\/comixburo.com\/#organization"},"alternateName":"Comix Buro","potentialAction":[{"@type":"SearchAction","target":{"@type":"EntryPoint","urlTemplate":"https:\/\/comixburo.com\/?s={search_term_string}"},"query-input":{"@type":"PropertyValueSpecification","valueRequired":true,"valueName":"search_term_string"}}],"inLanguage":"en-GB"},{"@type":"Organization","@id":"https:\/\/comixburo.com\/#organization","name":"comixburo.com","url":"https:\/\/comixburo.com\/","logo":{"@type":"ImageObject","inLanguage":"en-GB","@id":"https:\/\/comixburo.com\/#\/schema\/logo\/image\/","url":"https:\/\/comixburo.com\/wp-content\/uploads\/2025\/04\/logo-cxb-ROND.webp","contentUrl":"https:\/\/comixburo.com\/wp-content\/uploads\/2025\/04\/logo-cxb-ROND.webp","width":200,"height":200,"caption":"comixburo.com"},"image":{"@id":"https:\/\/comixburo.com\/#\/schema\/logo\/image\/"},"sameAs":["https:\/\/www.facebook.com\/comixburo","https:\/\/www.instagram.com\/comixburo\/"]}]}},"jetpack_sharing_enabled":true,"_links":{"self":[{"href":"https:\/\/comixburo.com\/en\/wp-json\/wp\/v2\/pages\/17444","targetHints":{"allow":["GET"]}}],"collection":[{"href":"https:\/\/comixburo.com\/en\/wp-json\/wp\/v2\/pages"}],"about":[{"href":"https:\/\/comixburo.com\/en\/wp-json\/wp\/v2\/types\/page"}],"author":[{"embeddable":true,"href":"https:\/\/comixburo.com\/en\/wp-json\/wp\/v2\/users\/3"}],"replies":[{"embeddable":true,"href":"https:\/\/comixburo.com\/en\/wp-json\/wp\/v2\/comments?post=17444"}],"version-history":[{"count":48,"href":"https:\/\/comixburo.com\/en\/wp-json\/wp\/v2\/pages\/17444\/revisions"}],"predecessor-version":[{"id":18374,"href":"https:\/\/comixburo.com\/en\/wp-json\/wp\/v2\/pages\/17444\/revisions\/18374"}],"wp:attachment":[{"href":"https:\/\/comixburo.com\/en\/wp-json\/wp\/v2\/media?parent=17444"}],"curies":[{"name":"wp","href":"https:\/\/api.w.org\/{rel}","templated":true}]}}