{"id":17678,"date":"2025-02-22T12:03:39","date_gmt":"2025-02-22T11:03:39","guid":{"rendered":"https:\/\/comixburo.com\/?page_id=17678"},"modified":"2025-02-22T12:08:43","modified_gmt":"2025-02-22T11:08:43","slug":"le-catalogue-test-flipbook","status":"publish","type":"page","link":"https:\/\/comixburo.com\/en\/le-catalogue-test-flipbook\/","title":{"rendered":"Le Catalogue test flipbook"},"content":{"rendered":"<div data-elementor-type=\"wp-page\" data-elementor-id=\"17678\" class=\"elementor elementor-17678\">\n\t\t\t\t<div class=\"wd-negative-gap elementor-element elementor-element-65ceda6 e-flex e-con-boxed e-con e-parent\" data-id=\"65ceda6\" data-element_type=\"container\" data-e-type=\"container\" data-settings=\"{&quot;background_background&quot;:&quot;classic&quot;}\">\n\t\t\t\t\t<div class=\"e-con-inner\">\n\t\t<div class=\"elementor-element elementor-element-951d861 e-con-full e-flex e-con e-child\" data-id=\"951d861\" data-element_type=\"container\" data-e-type=\"container\">\n\t\t<div class=\"elementor-element elementor-element-55e89f7 e-con-full e-flex e-con e-child\" data-id=\"55e89f7\" data-element_type=\"container\" data-e-type=\"container\">\n\t\t\t\t<div class=\"elementor-element elementor-element-290d7fe elementor-widget elementor-widget-wd_text_block\" data-id=\"290d7fe\" data-element_type=\"widget\" data-e-type=\"widget\" data-widget_type=\"wd_text_block.default\">\n\t\t\t\t<div class=\"elementor-widget-container\">\n\t\t\t\t\t\t\t<div class=\"wd-text-block reset-last-child text-center\">\n\t\t\t\n\t\t\t<p><span style=\"color: #f74232;\">Catalogue<\/span><\/p>\n\t\t\t\t\t<\/div>\n\t\t\t\t\t\t<\/div>\n\t\t\t\t<\/div>\n\t\t\t\t<div class=\"elementor-element elementor-element-d6b7c9f elementor-widget elementor-widget-wd_image_or_svg\" data-id=\"d6b7c9f\" data-element_type=\"widget\" data-e-type=\"widget\" data-widget_type=\"wd_image_or_svg.default\">\n\t\t\t\t<div class=\"elementor-widget-container\">\n\t\t\t\t\t\n\t\t<div class=\"wd-image text-left\">\n\t\t\t\t\t\t\t\t<img loading=\"lazy\" decoding=\"async\" width=\"666\" height=\"321\" src=\"https:\/\/comixburo.com\/wp-content\/uploads\/2024\/10\/Logo-comix-buro-512px-centre.png\" class=\"attachment-full size-full\" alt=\"\" srcset=\"https:\/\/comixburo.com\/wp-content\/uploads\/2024\/10\/Logo-comix-buro-512px-centre.png 666w, https:\/\/comixburo.com\/wp-content\/uploads\/2024\/10\/Logo-comix-buro-512px-centre-400x193.png 400w, https:\/\/comixburo.com\/wp-content\/uploads\/2024\/10\/Logo-comix-buro-512px-centre-430x207.png 430w, https:\/\/comixburo.com\/wp-content\/uploads\/2024\/10\/Logo-comix-buro-512px-centre-150x72.png 150w, https:\/\/comixburo.com\/wp-content\/uploads\/2024\/10\/Logo-comix-buro-512px-centre-200x96.png 200w, https:\/\/comixburo.com\/wp-content\/uploads\/2024\/10\/Logo-comix-buro-512px-centre-130x63.png 130w, https:\/\/comixburo.com\/wp-content\/uploads\/2024\/10\/Logo-comix-buro-512px-centre-50x24.png 50w\" sizes=\"auto, (max-width: 666px) 100vw, 666px\" \/>\t\t\t\t\t<\/div>\n\n\t\t\t\t\t\t<\/div>\n\t\t\t\t<\/div>\n\t\t\t\t<\/div>\n\t\t<div class=\"elementor-element elementor-element-9878fee e-con-full e-flex e-con e-child\" data-id=\"9878fee\" data-element_type=\"container\" data-e-type=\"container\" data-settings=\"{&quot;background_background&quot;:&quot;classic&quot;}\">\n\t\t\t\t<div class=\"elementor-element elementor-element-0160aad elementor-widget elementor-widget-wd_text_block\" data-id=\"0160aad\" data-element_type=\"widget\" data-e-type=\"widget\" data-widget_type=\"wd_text_block.default\">\n\t\t\t\t<div class=\"elementor-widget-container\">\n\t\t\t\t\t\t\t<div class=\"wd-text-block reset-last-child text-left\">\n\t\t\t\n\t\t\t<p><img loading=\"lazy\" decoding=\"async\" class=\"size-medium wp-image-15996 alignright\" src=\"http:\/\/comixburo.com\/wp-content\/uploads\/2024\/10\/comix-buro-girl-300x300.webp\" alt=\"\" width=\"300\" height=\"300\" srcset=\"https:\/\/comixburo.com\/wp-content\/uploads\/2024\/10\/comix-buro-girl-300x300.webp 300w, https:\/\/comixburo.com\/wp-content\/uploads\/2024\/10\/comix-buro-girl-800x800.webp 800w, https:\/\/comixburo.com\/wp-content\/uploads\/2024\/10\/comix-buro-girl-150x150.webp 150w, https:\/\/comixburo.com\/wp-content\/uploads\/2024\/10\/comix-buro-girl-768x768.webp 768w, https:\/\/comixburo.com\/wp-content\/uploads\/2024\/10\/comix-buro-girl-430x430.webp 430w, https:\/\/comixburo.com\/wp-content\/uploads\/2024\/10\/comix-buro-girl-700x700.webp 700w, https:\/\/comixburo.com\/wp-content\/uploads\/2024\/10\/comix-buro-girl.webp 1000w\" sizes=\"auto, (max-width: 300px) 100vw, 300px\" \/><span class=\"specialfontcxb\"><span style=\"font-size: 14pt;\"><span style=\"color: #000000;\">C<\/span><span style=\"color: #ff0000;\">O<\/span><span style=\"color: #000000;\">MIX BUR<\/span><span style=\"color: #ff0000;\">O <\/span><\/span><\/span>is a French publishing house for comic books and <span class=\"specialfontcxb\"><span style=\"font-size: 14pt;\"><span style=\"color: #ff0000;\">S<\/span><span style=\"color: #000000;\">KETCHB<\/span><span style=\"color: #ff0000;\">OO<\/span><span style=\"color: #000000;\">K <\/span><\/span>.<br \/>\n<\/span><br \/>\nLanc\u00e9 en 2008,\u00a0le label ind\u00e9pendant\u00a0Comix\u00a0Buro s'est sp\u00e9cialis\u00e9 dans la publication de sketchbooks d'auteurs de BD\u00a0avant de proposer, d\u00e8s 2012, l'adaptation des romans de Stefan Wul aux \u00e9ditions Ankama,en 2016,la s\u00e9rie concept \u00ab Infinity 8 \u00bb aux \u00e9ditions Rue de S\u00e8vres avec des auteurs tels : Lewis Trondheim, Zep, Olivier Vatine, Fabien Vehlmann, Kris, Davy Mourier, Emmanuel Guibert, Boulet, Killofer, Dominique Bertail, Olivier Vatine, Olivier Balez, Martin Trystram, Lorenzo De Felici, Franck Biancarelli, Boulet, Killofer.<br \/>\nPuis Streamliner avec Fane.<br \/>\nDepuis, l'histoire \u00e9ditoriale continue en partenariat avec les \u00e9ditions Gl\u00e9nat, offrant toujours des ouvrages impactants que vous pouvez retrouver sur le site.<\/p>\n\n\t\t\t\t\t<\/div>\n\t\t\t\t\t\t<\/div>\n\t\t\t\t<\/div>\n\t\t\t\t<\/div>\n\t\t\t\t<\/div>\n\t\t\t\t\t<\/div>\n\t\t\t\t<\/div>\n\t\t<div class=\"wd-negative-gap elementor-element elementor-element-f7e8088 e-flex e-con-boxed e-con e-parent\" data-id=\"f7e8088\" data-element_type=\"container\" data-e-type=\"container\">\n\t\t\t\t\t<div class=\"e-con-inner\">\n\t\t<div class=\"elementor-element elementor-element-4bbb87d e-con-full e-flex e-con e-child\" data-id=\"4bbb87d\" data-element_type=\"container\" data-e-type=\"container\">\n\t\t\t\t<div class=\"elementor-element elementor-element-7d85d42 elementor-widget elementor-widget-wd_text_block\" data-id=\"7d85d42\" data-element_type=\"widget\" data-e-type=\"widget\" data-widget_type=\"wd_text_block.default\">\n\t\t\t\t<div class=\"elementor-widget-container\">\n\t\t\t\t\t\t\t<div class=\"wd-text-block reset-last-child text-left\">\n\t\t\t\n\t\t\t<p style=\"text-align: center;\">Lorem ipsum dolor sit amet, consectetur adipiscing elit. Ut elit tellus, luctus nec ullamcorper mattis, pulvinar dapibus leo.<\/p>\n\t\t\t\t\t<\/div>\n\t\t\t\t\t\t<\/div>\n\t\t\t\t<\/div>\n\t\t\t\t<\/div>\n\t\t<div class=\"elementor-element elementor-element-1e0f8b4 e-con-full e-flex e-con e-child\" data-id=\"1e0f8b4\" data-element_type=\"container\" data-e-type=\"container\">\n\t\t\t\t<div class=\"elementor-element elementor-element-aaa3b31 elementor-widget elementor-widget-wd_text_block\" data-id=\"aaa3b31\" data-element_type=\"widget\" data-e-type=\"widget\" data-widget_type=\"wd_text_block.default\">\n\t\t\t\t<div class=\"elementor-widget-container\">\n\t\t\t\t\t\t\t<div class=\"wd-text-block reset-last-child text-left\">\n\t\t\t\n\t\t\tLorem ipsum dolor sit amet, consectetur adipiscing elit. Ut elit tellus, luctus nec ullamcorper mattis, pulvinar dapibus leo.\n\t\t\t\t\t<\/div>\n\t\t\t\t\t\t<\/div>\n\t\t\t\t<\/div>\n\t\t\t\t<\/div>\n\t\t<div class=\"elementor-element elementor-element-c7daa92 e-con-full e-flex e-con e-child\" data-id=\"c7daa92\" data-element_type=\"container\" data-e-type=\"container\">\n\t\t\t\t<div class=\"elementor-element elementor-element-7801102 elementor-widget elementor-widget-shortcode\" data-id=\"7801102\" data-element_type=\"widget\" data-e-type=\"widget\" data-widget_type=\"shortcode.default\">\n\t\t\t\t<div class=\"elementor-widget-container\">\n\t\t\t\t\t\t\t<div class=\"elementor-shortcode\"><div class=\"real3dflipbook\" id=\"0_69e023f007642\" style=\"position:absolute;\"><\/div><\/div>\n\t\t\t\t\t\t<\/div>\n\t\t\t\t<\/div>\n\t\t\t\t<\/div>\n\t\t<div class=\"elementor-element elementor-element-d510a01 e-con-full e-flex e-con e-child\" data-id=\"d510a01\" data-element_type=\"container\" data-e-type=\"container\">\n\t\t\t\t<div class=\"elementor-element elementor-element-ee7e3ee elementor-widget elementor-widget-shortcode\" data-id=\"ee7e3ee\" data-element_type=\"widget\" data-e-type=\"widget\" data-widget_type=\"shortcode.default\">\n\t\t\t\t<div class=\"elementor-widget-container\">\n\t\t\t\t\t\t\t<div class=\"elementor-shortcode\"><div class=\"real3dflipbook\" id=\"0_69e023f00798a\" style=\"position:absolute;\"><\/div><\/div>\n\t\t\t\t\t\t<\/div>\n\t\t\t\t<\/div>\n\t\t\t\t<\/div>\n\t\t\t\t\t<\/div>\n\t\t\t\t<\/div>\n\t\t<div class=\"wd-negative-gap elementor-element elementor-element-b58bcd5 e-grid e-con-boxed e-con e-parent\" data-id=\"b58bcd5\" data-element_type=\"container\" data-e-type=\"container\">\n\t\t\t\t\t<div class=\"e-con-inner\">\n\t\t\t\t<div class=\"elementor-element elementor-element-ff6f5b8 elementor-widget elementor-widget-shortcode\" data-id=\"ff6f5b8\" data-element_type=\"widget\" data-e-type=\"widget\" data-widget_type=\"shortcode.default\">\n\t\t\t\t<div class=\"elementor-widget-container\">\n\t\t\t\t\t\t\t<div class=\"elementor-shortcode\"><div class=\"real3dflipbook\" id=\"0_69e023f007e80\" style=\"position:absolute;\"><\/div><\/div>\n\t\t\t\t\t\t<\/div>\n\t\t\t\t<\/div>\n\t\t\t\t<div class=\"elementor-element elementor-element-0f02c01 elementor-widget elementor-widget-shortcode\" data-id=\"0f02c01\" data-element_type=\"widget\" data-e-type=\"widget\" data-widget_type=\"shortcode.default\">\n\t\t\t\t<div class=\"elementor-widget-container\">\n\t\t\t\t\t\t\t<div class=\"elementor-shortcode\"><div class=\"real3dflipbook\" id=\"0_69e023f008157\" style=\"position:absolute;\"><\/div><\/div>\n\t\t\t\t\t\t<\/div>\n\t\t\t\t<\/div>\n\t\t\t\t\t<\/div>\n\t\t\t\t<\/div>\n\t\t\t\t<\/div>","protected":false},"excerpt":{"rendered":"<p>Catalogue COMIX BURO est une maison d&rsquo;\u00e9dition fran\u00e7aise de bandes dessin\u00e9es et de SKETCHBOOK . Lanc\u00e9 en 2008,\u00a0le label ind\u00e9pendant\u00a0Comix\u00a0Buro<\/p>","protected":false},"author":3,"featured_media":0,"parent":0,"menu_order":0,"comment_status":"closed","ping_status":"closed","template":"","meta":{"footnotes":""},"class_list":["post-17678","page","type-page","status-publish","hentry"],"yoast_head":"<!-- This site is optimized with the Yoast SEO plugin v26.9 - https:\/\/yoast.com\/product\/yoast-seo-wordpress\/ -->\n<title>Le Catalogue test flipbook - comixburo.com<\/title>\n<meta name=\"robots\" content=\"index, follow, max-snippet:-1, max-image-preview:large, max-video-preview:-1\" \/>\n<link rel=\"canonical\" href=\"https:\/\/comixburo.com\/en\/le-catalogue-test-flipbook\/\" \/>\n<meta property=\"og:locale\" content=\"en_GB\" \/>\n<meta property=\"og:type\" content=\"article\" \/>\n<meta property=\"og:title\" content=\"Le Catalogue test flipbook - comixburo.com\" \/>\n<meta property=\"og:description\" content=\"Catalogue COMIX BURO est une maison d&rsquo;\u00e9dition fran\u00e7aise de bandes dessin\u00e9es et de SKETCHBOOK . Lanc\u00e9 en 2008,\u00a0le label ind\u00e9pendant\u00a0Comix\u00a0Buro\" \/>\n<meta property=\"og:url\" content=\"https:\/\/comixburo.com\/en\/le-catalogue-test-flipbook\/\" \/>\n<meta property=\"og:site_name\" content=\"comixburo.com\" \/>\n<meta property=\"article:publisher\" content=\"https:\/\/www.facebook.com\/comixburo\" \/>\n<meta property=\"article:modified_time\" content=\"2025-02-22T11:08:43+00:00\" \/>\n<meta property=\"og:image\" content=\"http:\/\/comixburo.com\/wp-content\/uploads\/2024\/10\/Logo-comix-buro-512px-centre.png\" \/>\n<meta name=\"twitter:card\" content=\"summary_large_image\" \/>\n<meta name=\"twitter:label1\" content=\"Estimated reading time\" \/>\n\t<meta name=\"twitter:data1\" content=\"1 minute\" \/>\n<script type=\"application\/ld+json\" class=\"yoast-schema-graph\">{\"@context\":\"https:\/\/schema.org\",\"@graph\":[{\"@type\":\"WebPage\",\"@id\":\"https:\/\/comixburo.com\/le-catalogue-test-flipbook\/\",\"url\":\"https:\/\/comixburo.com\/le-catalogue-test-flipbook\/\",\"name\":\"Le Catalogue test flipbook - comixburo.com\",\"isPartOf\":{\"@id\":\"https:\/\/comixburo.com\/#website\"},\"primaryImageOfPage\":{\"@id\":\"https:\/\/comixburo.com\/le-catalogue-test-flipbook\/#primaryimage\"},\"image\":{\"@id\":\"https:\/\/comixburo.com\/le-catalogue-test-flipbook\/#primaryimage\"},\"thumbnailUrl\":\"http:\/\/comixburo.com\/wp-content\/uploads\/2024\/10\/Logo-comix-buro-512px-centre.png\",\"datePublished\":\"2025-02-22T11:03:39+00:00\",\"dateModified\":\"2025-02-22T11:08:43+00:00\",\"breadcrumb\":{\"@id\":\"https:\/\/comixburo.com\/le-catalogue-test-flipbook\/#breadcrumb\"},\"inLanguage\":\"en-GB\",\"potentialAction\":[{\"@type\":\"ReadAction\",\"target\":[\"https:\/\/comixburo.com\/le-catalogue-test-flipbook\/\"]}]},{\"@type\":\"ImageObject\",\"inLanguage\":\"en-GB\",\"@id\":\"https:\/\/comixburo.com\/le-catalogue-test-flipbook\/#primaryimage\",\"url\":\"http:\/\/comixburo.com\/wp-content\/uploads\/2024\/10\/Logo-comix-buro-512px-centre.png\",\"contentUrl\":\"http:\/\/comixburo.com\/wp-content\/uploads\/2024\/10\/Logo-comix-buro-512px-centre.png\"},{\"@type\":\"BreadcrumbList\",\"@id\":\"https:\/\/comixburo.com\/le-catalogue-test-flipbook\/#breadcrumb\",\"itemListElement\":[{\"@type\":\"ListItem\",\"position\":1,\"name\":\"Home\",\"item\":\"https:\/\/comixburo.com\/\"},{\"@type\":\"ListItem\",\"position\":2,\"name\":\"Le Catalogue test flipbook\"}]},{\"@type\":\"WebSite\",\"@id\":\"https:\/\/comixburo.com\/#website\",\"url\":\"https:\/\/comixburo.com\/\",\"name\":\"comixburo.com\",\"description\":\"Cr\u00e9ateur de projets : Sketchbook d&#039;artistes !\",\"publisher\":{\"@id\":\"https:\/\/comixburo.com\/#organization\"},\"alternateName\":\"Comix Buro\",\"potentialAction\":[{\"@type\":\"SearchAction\",\"target\":{\"@type\":\"EntryPoint\",\"urlTemplate\":\"https:\/\/comixburo.com\/?s={search_term_string}\"},\"query-input\":{\"@type\":\"PropertyValueSpecification\",\"valueRequired\":true,\"valueName\":\"search_term_string\"}}],\"inLanguage\":\"en-GB\"},{\"@type\":\"Organization\",\"@id\":\"https:\/\/comixburo.com\/#organization\",\"name\":\"comixburo.com\",\"url\":\"https:\/\/comixburo.com\/\",\"logo\":{\"@type\":\"ImageObject\",\"inLanguage\":\"en-GB\",\"@id\":\"https:\/\/comixburo.com\/#\/schema\/logo\/image\/\",\"url\":\"https:\/\/comixburo.com\/wp-content\/uploads\/2025\/04\/logo-cxb-ROND.webp\",\"contentUrl\":\"https:\/\/comixburo.com\/wp-content\/uploads\/2025\/04\/logo-cxb-ROND.webp\",\"width\":200,\"height\":200,\"caption\":\"comixburo.com\"},\"image\":{\"@id\":\"https:\/\/comixburo.com\/#\/schema\/logo\/image\/\"},\"sameAs\":[\"https:\/\/www.facebook.com\/comixburo\",\"https:\/\/www.instagram.com\/comixburo\/\"]}]}<\/script>\n<!-- \/ Yoast SEO plugin. -->","yoast_head_json":{"title":"Le Catalogue test flipbook - comixburo.com","robots":{"index":"index","follow":"follow","max-snippet":"max-snippet:-1","max-image-preview":"max-image-preview:large","max-video-preview":"max-video-preview:-1"},"canonical":"https:\/\/comixburo.com\/en\/le-catalogue-test-flipbook\/","og_locale":"en_GB","og_type":"article","og_title":"Le Catalogue test flipbook - comixburo.com","og_description":"Catalogue COMIX BURO est une maison d&rsquo;\u00e9dition fran\u00e7aise de bandes dessin\u00e9es et de SKETCHBOOK . Lanc\u00e9 en 2008,\u00a0le label ind\u00e9pendant\u00a0Comix\u00a0Buro","og_url":"https:\/\/comixburo.com\/en\/le-catalogue-test-flipbook\/","og_site_name":"comixburo.com","article_publisher":"https:\/\/www.facebook.com\/comixburo","article_modified_time":"2025-02-22T11:08:43+00:00","og_image":[{"url":"http:\/\/comixburo.com\/wp-content\/uploads\/2024\/10\/Logo-comix-buro-512px-centre.png","type":"","width":"","height":""}],"twitter_card":"summary_large_image","twitter_misc":{"Estimated reading time":"1 minute"},"schema":{"@context":"https:\/\/schema.org","@graph":[{"@type":"WebPage","@id":"https:\/\/comixburo.com\/le-catalogue-test-flipbook\/","url":"https:\/\/comixburo.com\/le-catalogue-test-flipbook\/","name":"Le Catalogue test flipbook - comixburo.com","isPartOf":{"@id":"https:\/\/comixburo.com\/#website"},"primaryImageOfPage":{"@id":"https:\/\/comixburo.com\/le-catalogue-test-flipbook\/#primaryimage"},"image":{"@id":"https:\/\/comixburo.com\/le-catalogue-test-flipbook\/#primaryimage"},"thumbnailUrl":"http:\/\/comixburo.com\/wp-content\/uploads\/2024\/10\/Logo-comix-buro-512px-centre.png","datePublished":"2025-02-22T11:03:39+00:00","dateModified":"2025-02-22T11:08:43+00:00","breadcrumb":{"@id":"https:\/\/comixburo.com\/le-catalogue-test-flipbook\/#breadcrumb"},"inLanguage":"en-GB","potentialAction":[{"@type":"ReadAction","target":["https:\/\/comixburo.com\/le-catalogue-test-flipbook\/"]}]},{"@type":"ImageObject","inLanguage":"en-GB","@id":"https:\/\/comixburo.com\/le-catalogue-test-flipbook\/#primaryimage","url":"http:\/\/comixburo.com\/wp-content\/uploads\/2024\/10\/Logo-comix-buro-512px-centre.png","contentUrl":"http:\/\/comixburo.com\/wp-content\/uploads\/2024\/10\/Logo-comix-buro-512px-centre.png"},{"@type":"BreadcrumbList","@id":"https:\/\/comixburo.com\/le-catalogue-test-flipbook\/#breadcrumb","itemListElement":[{"@type":"ListItem","position":1,"name":"Home","item":"https:\/\/comixburo.com\/"},{"@type":"ListItem","position":2,"name":"Le Catalogue test flipbook"}]},{"@type":"WebSite","@id":"https:\/\/comixburo.com\/#website","url":"https:\/\/comixburo.com\/","name":"comixburo.com","description":"Cr\u00e9ateur de projets : Sketchbook d&#039;artistes !","publisher":{"@id":"https:\/\/comixburo.com\/#organization"},"alternateName":"Comix Buro","potentialAction":[{"@type":"SearchAction","target":{"@type":"EntryPoint","urlTemplate":"https:\/\/comixburo.com\/?s={search_term_string}"},"query-input":{"@type":"PropertyValueSpecification","valueRequired":true,"valueName":"search_term_string"}}],"inLanguage":"en-GB"},{"@type":"Organization","@id":"https:\/\/comixburo.com\/#organization","name":"comixburo.com","url":"https:\/\/comixburo.com\/","logo":{"@type":"ImageObject","inLanguage":"en-GB","@id":"https:\/\/comixburo.com\/#\/schema\/logo\/image\/","url":"https:\/\/comixburo.com\/wp-content\/uploads\/2025\/04\/logo-cxb-ROND.webp","contentUrl":"https:\/\/comixburo.com\/wp-content\/uploads\/2025\/04\/logo-cxb-ROND.webp","width":200,"height":200,"caption":"comixburo.com"},"image":{"@id":"https:\/\/comixburo.com\/#\/schema\/logo\/image\/"},"sameAs":["https:\/\/www.facebook.com\/comixburo","https:\/\/www.instagram.com\/comixburo\/"]}]}},"jetpack_sharing_enabled":true,"_links":{"self":[{"href":"https:\/\/comixburo.com\/en\/wp-json\/wp\/v2\/pages\/17678","targetHints":{"allow":["GET"]}}],"collection":[{"href":"https:\/\/comixburo.com\/en\/wp-json\/wp\/v2\/pages"}],"about":[{"href":"https:\/\/comixburo.com\/en\/wp-json\/wp\/v2\/types\/page"}],"author":[{"embeddable":true,"href":"https:\/\/comixburo.com\/en\/wp-json\/wp\/v2\/users\/3"}],"replies":[{"embeddable":true,"href":"https:\/\/comixburo.com\/en\/wp-json\/wp\/v2\/comments?post=17678"}],"version-history":[{"count":7,"href":"https:\/\/comixburo.com\/en\/wp-json\/wp\/v2\/pages\/17678\/revisions"}],"predecessor-version":[{"id":17687,"href":"https:\/\/comixburo.com\/en\/wp-json\/wp\/v2\/pages\/17678\/revisions\/17687"}],"wp:attachment":[{"href":"https:\/\/comixburo.com\/en\/wp-json\/wp\/v2\/media?parent=17678"}],"curies":[{"name":"wp","href":"https:\/\/api.w.org\/{rel}","templated":true}]}}