{"id":19741,"date":"2025-04-28T15:53:19","date_gmt":"2025-04-28T13:53:19","guid":{"rendered":"https:\/\/comixburo.com\/?page_id=19741"},"modified":"2025-04-29T17:06:37","modified_gmt":"2025-04-29T15:06:37","slug":"confirmation-dabonnement-a-la-newsletter","status":"publish","type":"page","link":"https:\/\/comixburo.com\/en\/confirmation-dabonnement-a-la-newsletter\/","title":{"rendered":"Confirmation d&rsquo;abonnement \u00e0 la newsletter"},"content":{"rendered":"<div data-elementor-type=\"wp-page\" data-elementor-id=\"19741\" class=\"elementor elementor-19741\">\n\t\t\t\t<div class=\"wd-negative-gap elementor-element elementor-element-7b2c150 e-flex e-con-boxed e-con e-parent\" data-id=\"7b2c150\" data-element_type=\"container\" data-e-type=\"container\">\n\t\t\t\t\t<div class=\"e-con-inner\">\n\t\t<div class=\"elementor-element elementor-element-7f493be e-con-full e-flex e-con e-child\" data-id=\"7f493be\" data-element_type=\"container\" data-e-type=\"container\">\n\t\t\t\t<div class=\"elementor-element elementor-element-49314ec elementor-widget elementor-widget-image\" data-id=\"49314ec\" data-element_type=\"widget\" data-e-type=\"widget\" data-widget_type=\"image.default\">\n\t\t\t\t<div class=\"elementor-widget-container\">\n\t\t\t\t\t\t\t\t\t\t\t\t\t\t\t<img loading=\"lazy\" decoding=\"async\" width=\"100\" height=\"152\" src=\"https:\/\/comixburo.com\/wp-content\/uploads\/2025\/04\/logo-comix-buro-80px.png\" class=\"attachment-large size-large wp-image-19120\" alt=\"\" \/>\t\t\t\t\t\t\t\t\t\t\t\t\t\t\t<\/div>\n\t\t\t\t<\/div>\n\t\t\t\t<div class=\"elementor-element elementor-element-3111f1c elementor-widget__width-initial wd-width-100 elementor-widget elementor-widget-wd_title\" data-id=\"3111f1c\" data-element_type=\"widget\" data-e-type=\"widget\" data-widget_type=\"wd_title.default\">\n\t\t\t\t<div class=\"elementor-widget-container\">\n\t\t\t\t\t\t\t<div class=\"title-wrapper wd-set-mb reset-last-child wd-title-color-default wd-title-style-default wd-title-size-default text-center\">\n\n\t\t\t\t\t\t\t\t\t\t\t<div class=\"title-subtitle subtitle-color-default subtitle-style-default wd-fontsize-xs\">\n\t\t\t\t\tF\u00e9licitation, vous \u00eates inscrit !\t\t\t\t<\/div>\n\t\t\t\n\t\t\t<div class=\"liner-continer\">\n\t\t\t\t<h4 class=\"woodmart-title-container title wd-fontsize-l\">Bienvenue !<\/h4> \n\t\t\t\t\t\t\t<\/div>\n\n\t\t\t\t\t\t\t<div class=\"title-after_title reset-last-child wd-fontsize-xs\">\n\t\t\t\t\t<p><strong>Avec votre inscription, vous serez inform\u00e9 de toute notre actualit\u00e9.<\/strong><br \/><strong>Nous vous remercions.<\/strong><\/p><p><strong>Vous pouvez aussi nous suivre sur nos r\u00e9seaux sociaux.<\/strong><\/p><p><strong>Comix Buro Team<\/strong><\/p>\t\t\t\t<\/div>\n\t\t\t\t\t<\/div>\n\t\t\t\t\t\t<\/div>\n\t\t\t\t<\/div>\n\t\t\t\t<\/div>\n\t\t\t\t<div class=\"elementor-element elementor-element-29958e5 elementor-widget elementor-widget-shortcode\" data-id=\"29958e5\" data-element_type=\"widget\" data-e-type=\"widget\" data-widget_type=\"shortcode.default\">\n\t\t\t\t<div class=\"elementor-widget-container\">\n\t\t\t\t\t\t\t<div class=\"elementor-shortcode\">[mailpoet_page]<\/div>\n\t\t\t\t\t\t<\/div>\n\t\t\t\t<\/div>\n\t\t\t\t\t<\/div>\n\t\t\t\t<\/div>\n\t\t\t\t<\/div>","protected":false},"excerpt":{"rendered":"<p>F\u00e9licitation, vous \u00eates inscrit ! Bienvenue ! Avec votre inscription, vous serez inform\u00e9 de toute notre actualit\u00e9.Nous vous remercions. Vous<\/p>","protected":false},"author":2,"featured_media":0,"parent":0,"menu_order":0,"comment_status":"closed","ping_status":"closed","template":"","meta":{"footnotes":""},"class_list":["post-19741","page","type-page","status-publish","hentry"],"yoast_head":"<!-- This site is optimized with the Yoast SEO plugin v26.9 - https:\/\/yoast.com\/product\/yoast-seo-wordpress\/ -->\n<title>Confirmation d&#039;abonnement \u00e0 la newsletter - comixburo.com<\/title>\n<meta name=\"description\" content=\"Confirmation d&#039;abonnement \u00e0 la newsletter comix buro le site officiel. C&#039;est simple comme un clic ! Merci \u00e0 vous.\" \/>\n<meta name=\"robots\" content=\"index, follow, max-snippet:-1, max-image-preview:large, max-video-preview:-1\" \/>\n<link rel=\"canonical\" href=\"https:\/\/comixburo.com\/en\/confirmation-dabonnement-a-la-newsletter\/\" \/>\n<meta property=\"og:locale\" content=\"en_GB\" \/>\n<meta property=\"og:type\" content=\"article\" \/>\n<meta property=\"og:title\" content=\"Confirmation d&#039;abonnement \u00e0 la newsletter - comixburo.com\" \/>\n<meta property=\"og:description\" content=\"Confirmation d&#039;abonnement \u00e0 la newsletter comix buro le site officiel. C&#039;est simple comme un clic ! Merci \u00e0 vous.\" \/>\n<meta property=\"og:url\" content=\"https:\/\/comixburo.com\/en\/confirmation-dabonnement-a-la-newsletter\/\" \/>\n<meta property=\"og:site_name\" content=\"comixburo.com\" \/>\n<meta property=\"article:publisher\" content=\"https:\/\/www.facebook.com\/comixburo\" \/>\n<meta property=\"article:modified_time\" content=\"2025-04-29T15:06:37+00:00\" \/>\n<meta property=\"og:image\" content=\"https:\/\/comixburo.com\/wp-content\/uploads\/2025\/04\/logo-comix-buro-80px.png\" \/>\n<meta name=\"twitter:card\" content=\"summary_large_image\" \/>\n<meta name=\"twitter:label1\" content=\"Estimated reading time\" \/>\n\t<meta name=\"twitter:data1\" content=\"1 minute\" \/>\n<script type=\"application\/ld+json\" class=\"yoast-schema-graph\">{\"@context\":\"https:\/\/schema.org\",\"@graph\":[{\"@type\":\"WebPage\",\"@id\":\"https:\/\/comixburo.com\/confirmation-dabonnement-a-la-newsletter\/\",\"url\":\"https:\/\/comixburo.com\/confirmation-dabonnement-a-la-newsletter\/\",\"name\":\"Confirmation d'abonnement \u00e0 la newsletter - comixburo.com\",\"isPartOf\":{\"@id\":\"https:\/\/comixburo.com\/#website\"},\"primaryImageOfPage\":{\"@id\":\"https:\/\/comixburo.com\/confirmation-dabonnement-a-la-newsletter\/#primaryimage\"},\"image\":{\"@id\":\"https:\/\/comixburo.com\/confirmation-dabonnement-a-la-newsletter\/#primaryimage\"},\"thumbnailUrl\":\"https:\/\/comixburo.com\/wp-content\/uploads\/2025\/04\/logo-comix-buro-80px.png\",\"datePublished\":\"2025-04-28T13:53:19+00:00\",\"dateModified\":\"2025-04-29T15:06:37+00:00\",\"description\":\"Confirmation d'abonnement \u00e0 la newsletter comix buro le site officiel. C'est simple comme un clic ! Merci \u00e0 vous.\",\"breadcrumb\":{\"@id\":\"https:\/\/comixburo.com\/confirmation-dabonnement-a-la-newsletter\/#breadcrumb\"},\"inLanguage\":\"en-GB\",\"potentialAction\":[{\"@type\":\"ReadAction\",\"target\":[\"https:\/\/comixburo.com\/confirmation-dabonnement-a-la-newsletter\/\"]}]},{\"@type\":\"ImageObject\",\"inLanguage\":\"en-GB\",\"@id\":\"https:\/\/comixburo.com\/confirmation-dabonnement-a-la-newsletter\/#primaryimage\",\"url\":\"https:\/\/comixburo.com\/wp-content\/uploads\/2025\/04\/logo-comix-buro-80px.png\",\"contentUrl\":\"https:\/\/comixburo.com\/wp-content\/uploads\/2025\/04\/logo-comix-buro-80px.png\"},{\"@type\":\"BreadcrumbList\",\"@id\":\"https:\/\/comixburo.com\/confirmation-dabonnement-a-la-newsletter\/#breadcrumb\",\"itemListElement\":[{\"@type\":\"ListItem\",\"position\":1,\"name\":\"Home\",\"item\":\"https:\/\/comixburo.com\/\"},{\"@type\":\"ListItem\",\"position\":2,\"name\":\"Confirmation d&rsquo;abonnement \u00e0 la newsletter\"}]},{\"@type\":\"WebSite\",\"@id\":\"https:\/\/comixburo.com\/#website\",\"url\":\"https:\/\/comixburo.com\/\",\"name\":\"comixburo.com\",\"description\":\"Cr\u00e9ateur de projets : Sketchbook d&#039;artistes !\",\"publisher\":{\"@id\":\"https:\/\/comixburo.com\/#organization\"},\"alternateName\":\"Comix Buro\",\"potentialAction\":[{\"@type\":\"SearchAction\",\"target\":{\"@type\":\"EntryPoint\",\"urlTemplate\":\"https:\/\/comixburo.com\/?s={search_term_string}\"},\"query-input\":{\"@type\":\"PropertyValueSpecification\",\"valueRequired\":true,\"valueName\":\"search_term_string\"}}],\"inLanguage\":\"en-GB\"},{\"@type\":\"Organization\",\"@id\":\"https:\/\/comixburo.com\/#organization\",\"name\":\"comixburo.com\",\"url\":\"https:\/\/comixburo.com\/\",\"logo\":{\"@type\":\"ImageObject\",\"inLanguage\":\"en-GB\",\"@id\":\"https:\/\/comixburo.com\/#\/schema\/logo\/image\/\",\"url\":\"https:\/\/comixburo.com\/wp-content\/uploads\/2025\/04\/logo-cxb-ROND.webp\",\"contentUrl\":\"https:\/\/comixburo.com\/wp-content\/uploads\/2025\/04\/logo-cxb-ROND.webp\",\"width\":200,\"height\":200,\"caption\":\"comixburo.com\"},\"image\":{\"@id\":\"https:\/\/comixburo.com\/#\/schema\/logo\/image\/\"},\"sameAs\":[\"https:\/\/www.facebook.com\/comixburo\",\"https:\/\/www.instagram.com\/comixburo\/\"]}]}<\/script>\n<!-- \/ Yoast SEO plugin. -->","yoast_head_json":{"title":"Confirmation d'abonnement \u00e0 la newsletter - comixburo.com","description":"Confirmation d'abonnement \u00e0 la newsletter comix buro le site officiel. C'est simple comme un clic ! Merci \u00e0 vous.","robots":{"index":"index","follow":"follow","max-snippet":"max-snippet:-1","max-image-preview":"max-image-preview:large","max-video-preview":"max-video-preview:-1"},"canonical":"https:\/\/comixburo.com\/en\/confirmation-dabonnement-a-la-newsletter\/","og_locale":"en_GB","og_type":"article","og_title":"Confirmation d'abonnement \u00e0 la newsletter - comixburo.com","og_description":"Confirmation d'abonnement \u00e0 la newsletter comix buro le site officiel. C'est simple comme un clic ! Merci \u00e0 vous.","og_url":"https:\/\/comixburo.com\/en\/confirmation-dabonnement-a-la-newsletter\/","og_site_name":"comixburo.com","article_publisher":"https:\/\/www.facebook.com\/comixburo","article_modified_time":"2025-04-29T15:06:37+00:00","og_image":[{"url":"https:\/\/comixburo.com\/wp-content\/uploads\/2025\/04\/logo-comix-buro-80px.png","type":"","width":"","height":""}],"twitter_card":"summary_large_image","twitter_misc":{"Estimated reading time":"1 minute"},"schema":{"@context":"https:\/\/schema.org","@graph":[{"@type":"WebPage","@id":"https:\/\/comixburo.com\/confirmation-dabonnement-a-la-newsletter\/","url":"https:\/\/comixburo.com\/confirmation-dabonnement-a-la-newsletter\/","name":"Confirmation d'abonnement \u00e0 la newsletter - comixburo.com","isPartOf":{"@id":"https:\/\/comixburo.com\/#website"},"primaryImageOfPage":{"@id":"https:\/\/comixburo.com\/confirmation-dabonnement-a-la-newsletter\/#primaryimage"},"image":{"@id":"https:\/\/comixburo.com\/confirmation-dabonnement-a-la-newsletter\/#primaryimage"},"thumbnailUrl":"https:\/\/comixburo.com\/wp-content\/uploads\/2025\/04\/logo-comix-buro-80px.png","datePublished":"2025-04-28T13:53:19+00:00","dateModified":"2025-04-29T15:06:37+00:00","description":"Confirmation d'abonnement \u00e0 la newsletter comix buro le site officiel. C'est simple comme un clic ! Merci \u00e0 vous.","breadcrumb":{"@id":"https:\/\/comixburo.com\/confirmation-dabonnement-a-la-newsletter\/#breadcrumb"},"inLanguage":"en-GB","potentialAction":[{"@type":"ReadAction","target":["https:\/\/comixburo.com\/confirmation-dabonnement-a-la-newsletter\/"]}]},{"@type":"ImageObject","inLanguage":"en-GB","@id":"https:\/\/comixburo.com\/confirmation-dabonnement-a-la-newsletter\/#primaryimage","url":"https:\/\/comixburo.com\/wp-content\/uploads\/2025\/04\/logo-comix-buro-80px.png","contentUrl":"https:\/\/comixburo.com\/wp-content\/uploads\/2025\/04\/logo-comix-buro-80px.png"},{"@type":"BreadcrumbList","@id":"https:\/\/comixburo.com\/confirmation-dabonnement-a-la-newsletter\/#breadcrumb","itemListElement":[{"@type":"ListItem","position":1,"name":"Home","item":"https:\/\/comixburo.com\/"},{"@type":"ListItem","position":2,"name":"Confirmation d&rsquo;abonnement \u00e0 la newsletter"}]},{"@type":"WebSite","@id":"https:\/\/comixburo.com\/#website","url":"https:\/\/comixburo.com\/","name":"comixburo.com","description":"Cr\u00e9ateur de projets : Sketchbook d&#039;artistes !","publisher":{"@id":"https:\/\/comixburo.com\/#organization"},"alternateName":"Comix Buro","potentialAction":[{"@type":"SearchAction","target":{"@type":"EntryPoint","urlTemplate":"https:\/\/comixburo.com\/?s={search_term_string}"},"query-input":{"@type":"PropertyValueSpecification","valueRequired":true,"valueName":"search_term_string"}}],"inLanguage":"en-GB"},{"@type":"Organization","@id":"https:\/\/comixburo.com\/#organization","name":"comixburo.com","url":"https:\/\/comixburo.com\/","logo":{"@type":"ImageObject","inLanguage":"en-GB","@id":"https:\/\/comixburo.com\/#\/schema\/logo\/image\/","url":"https:\/\/comixburo.com\/wp-content\/uploads\/2025\/04\/logo-cxb-ROND.webp","contentUrl":"https:\/\/comixburo.com\/wp-content\/uploads\/2025\/04\/logo-cxb-ROND.webp","width":200,"height":200,"caption":"comixburo.com"},"image":{"@id":"https:\/\/comixburo.com\/#\/schema\/logo\/image\/"},"sameAs":["https:\/\/www.facebook.com\/comixburo","https:\/\/www.instagram.com\/comixburo\/"]}]}},"jetpack_sharing_enabled":true,"_links":{"self":[{"href":"https:\/\/comixburo.com\/en\/wp-json\/wp\/v2\/pages\/19741","targetHints":{"allow":["GET"]}}],"collection":[{"href":"https:\/\/comixburo.com\/en\/wp-json\/wp\/v2\/pages"}],"about":[{"href":"https:\/\/comixburo.com\/en\/wp-json\/wp\/v2\/types\/page"}],"author":[{"embeddable":true,"href":"https:\/\/comixburo.com\/en\/wp-json\/wp\/v2\/users\/2"}],"replies":[{"embeddable":true,"href":"https:\/\/comixburo.com\/en\/wp-json\/wp\/v2\/comments?post=19741"}],"version-history":[{"count":22,"href":"https:\/\/comixburo.com\/en\/wp-json\/wp\/v2\/pages\/19741\/revisions"}],"predecessor-version":[{"id":19770,"href":"https:\/\/comixburo.com\/en\/wp-json\/wp\/v2\/pages\/19741\/revisions\/19770"}],"wp:attachment":[{"href":"https:\/\/comixburo.com\/en\/wp-json\/wp\/v2\/media?parent=19741"}],"curies":[{"name":"wp","href":"https:\/\/api.w.org\/{rel}","templated":true}]}}