{"id":15675,"date":"2023-11-14T10:34:26","date_gmt":"2023-11-14T09:34:26","guid":{"rendered":"https:\/\/comixburo.com\/?post_type=product&#038;p=15675"},"modified":"2025-06-02T18:15:55","modified_gmt":"2025-06-02T16:15:55","slug":"sketchbook-varanda-copie-copie","status":"publish","type":"product","link":"https:\/\/comixburo.com\/en\/product\/sketchbook-varanda-copie-copie\/","title":{"rendered":"Sketchbook Alberto Varanda #2"},"content":{"rendered":"<div data-elementor-type=\"wp-post\" data-elementor-id=\"15675\" class=\"elementor elementor-15675\">\n\t\t\t\t<div class=\"wd-negative-gap elementor-element elementor-element-132fb31b e-flex e-con-boxed e-con e-parent\" data-id=\"132fb31b\" data-element_type=\"container\" data-e-type=\"container\">\n\t\t\t\t\t<div class=\"e-con-inner\">\n\t\t\t\t<div class=\"elementor-element elementor-element-2fba647d color-scheme-inherit text-left elementor-widget elementor-widget-text-editor\" data-id=\"2fba647d\" data-element_type=\"widget\" data-e-type=\"widget\" data-widget_type=\"text-editor.default\">\n\t\t\t\t<div class=\"elementor-widget-container\">\n\t\t\t\t\t\t\t\t\t\n<p><strong>Sketchbook Varanda #1<\/strong><\/p>\n<p>Nouvelle \u00e9dition augment\u00e9e!! Cette version 2.0 comporte des in\u00e9dits \u00e0 d\u00e9couvrir de toute urgence!<br \/>Auteur : Alberto Varanda<br \/>\u00c9diteur : Comix Buro<br \/>Date de parution : 2019<br \/>isbn : 9782916518848<br \/>48 pages couleur \u2013 Format : 18 x 22 cm \u2013 Broch\u00e9<br \/>Les 900 premiers exemplaires sont num\u00e9rot\u00e9s et sign\u00e9s par l\u2019auteur.<\/p>\n<p>***<br \/>Vous aimerez tous vous plonger dans l\u2019univers po\u00e9tique et fabuleux du Sketchbook Varanda . L\u2019auteur de La Geste des Chevaliers Dragons, de Bloodline et de Petit Pierrot nous d\u00e9voile ici toute l\u2019\u00e9tendue de son talent. Crayonn\u00e9s et illustrations vous permettront de red\u00e9couvrir le dynamisme, la sensibilit\u00e9 et la finesse du trait de ce ma\u00eetre de l\u2019encrage.<\/p>\n<p>***<br \/>Avec la collection Sketchbooks, Comix Buro vous invite \u00e0 feuilleter les carnets des meilleurs artistes de la bande dessin\u00e9e et de l\u2019illustration.Vous y trouverez au d\u00e9tour des pages des cr\u00e9atures \u00e9tranges, des mod\u00e8les vivants captur\u00e9s sur papier, des croquis ramen\u00e9s de pays lointains, des vaisseaux spatiaux sur leur pas de tir, des story-boards, et bien d\u2019autres choses encore.<\/p>\n<p>\u00a0<\/p>\n\t\t\t\t\t\t\t\t<\/div>\n\t\t\t\t<\/div>\n\t\t\t\t\t<\/div>\n\t\t\t\t<\/div>\n\t\t\t\t<\/div>","protected":false},"excerpt":{"rendered":"<p style=\"text-align: left;\">Plongez dans l\u2019univers de la collection\u00a0ketchbooks<br \/>publi\u00e9e par COMIX BURO et d\u00e9couvrez les carnets <br \/>decroquis des meilleurs auteurs et autrices de <br \/>bandedessin\u00e9e !<\/p>","protected":false},"featured_media":15626,"comment_status":"open","ping_status":"closed","template":"","meta":[],"product_brand":[108],"product_cat":[110,75,93],"product_tag":[],"class_list":{"0":"post-15675","1":"product","2":"type-product","3":"status-publish","4":"has-post-thumbnail","6":"product_brand-comix-buro","7":"product_cat-comix-buro","8":"product_cat-sketchbook","9":"product_cat-tous","11":"first","12":"instock","13":"taxable","14":"shipping-taxable","15":"purchasable","16":"product-type-simple"},"yoast_head":"<!-- This site is optimized with the Yoast SEO plugin v26.9 - https:\/\/yoast.com\/product\/yoast-seo-wordpress\/ -->\n<title>Sketchbook Alberto Varanda #2 - comixburo.com<\/title>\n<meta name=\"robots\" content=\"index, follow, max-snippet:-1, max-image-preview:large, max-video-preview:-1\" \/>\n<link rel=\"canonical\" href=\"https:\/\/comixburo.com\/en\/product\/sketchbook-varanda-copie-copie\/\" \/>\n<meta property=\"og:locale\" content=\"en_GB\" \/>\n<meta property=\"og:type\" content=\"article\" \/>\n<meta property=\"og:title\" content=\"Sketchbook Alberto Varanda #2 - comixburo.com\" \/>\n<meta property=\"og:description\" content=\"Plongez dans l\u2019univers de la collection\u00a0ketchbookspubli\u00e9e par COMIX BURO et d\u00e9couvrez les carnets decroquis des meilleurs auteurs et autrices de bandedessin\u00e9e !\" \/>\n<meta property=\"og:url\" content=\"https:\/\/comixburo.com\/en\/product\/sketchbook-varanda-copie-copie\/\" \/>\n<meta property=\"og:site_name\" content=\"comixburo.com\" \/>\n<meta property=\"article:publisher\" content=\"https:\/\/www.facebook.com\/comixburo\" \/>\n<meta property=\"article:modified_time\" content=\"2025-06-02T16:15:55+00:00\" \/>\n<meta property=\"og:image\" content=\"https:\/\/comixburo.com\/wp-content\/uploads\/2023\/11\/af21b13032e11a1ab1806612f9c24060.jpg\" \/>\n\t<meta property=\"og:image:width\" content=\"564\" \/>\n\t<meta property=\"og:image:height\" content=\"688\" \/>\n\t<meta property=\"og:image:type\" content=\"image\/jpeg\" \/>\n<meta name=\"twitter:card\" content=\"summary_large_image\" \/>\n<meta name=\"twitter:label1\" content=\"Estimated reading time\" \/>\n\t<meta name=\"twitter:data1\" content=\"2 minutes\" \/>\n<script type=\"application\/ld+json\" class=\"yoast-schema-graph\">{\"@context\":\"https:\/\/schema.org\",\"@graph\":[{\"@type\":\"WebPage\",\"@id\":\"https:\/\/comixburo.com\/produit\/sketchbook-varanda-copie-copie\/\",\"url\":\"https:\/\/comixburo.com\/produit\/sketchbook-varanda-copie-copie\/\",\"name\":\"Sketchbook Alberto Varanda #2 - comixburo.com\",\"isPartOf\":{\"@id\":\"https:\/\/comixburo.com\/#website\"},\"primaryImageOfPage\":{\"@id\":\"https:\/\/comixburo.com\/produit\/sketchbook-varanda-copie-copie\/#primaryimage\"},\"image\":{\"@id\":\"https:\/\/comixburo.com\/produit\/sketchbook-varanda-copie-copie\/#primaryimage\"},\"thumbnailUrl\":\"https:\/\/comixburo.com\/wp-content\/uploads\/2023\/11\/af21b13032e11a1ab1806612f9c24060.jpg\",\"datePublished\":\"2023-11-14T09:34:26+00:00\",\"dateModified\":\"2025-06-02T16:15:55+00:00\",\"breadcrumb\":{\"@id\":\"https:\/\/comixburo.com\/produit\/sketchbook-varanda-copie-copie\/#breadcrumb\"},\"inLanguage\":\"en-GB\",\"potentialAction\":[{\"@type\":\"ReadAction\",\"target\":[\"https:\/\/comixburo.com\/produit\/sketchbook-varanda-copie-copie\/\"]}]},{\"@type\":\"ImageObject\",\"inLanguage\":\"en-GB\",\"@id\":\"https:\/\/comixburo.com\/produit\/sketchbook-varanda-copie-copie\/#primaryimage\",\"url\":\"https:\/\/comixburo.com\/wp-content\/uploads\/2023\/11\/af21b13032e11a1ab1806612f9c24060.jpg\",\"contentUrl\":\"https:\/\/comixburo.com\/wp-content\/uploads\/2023\/11\/af21b13032e11a1ab1806612f9c24060.jpg\",\"width\":564,\"height\":688,\"caption\":\"Sketchbook Alberto Varanda N\u00b02\"},{\"@type\":\"BreadcrumbList\",\"@id\":\"https:\/\/comixburo.com\/produit\/sketchbook-varanda-copie-copie\/#breadcrumb\",\"itemListElement\":[{\"@type\":\"ListItem\",\"position\":1,\"name\":\"Home\",\"item\":\"https:\/\/comixburo.com\/\"},{\"@type\":\"ListItem\",\"position\":2,\"name\":\"La boutique Comix Buro\",\"item\":\"https:\/\/comixburo.com\/la-boutique-comix-buro\/\"},{\"@type\":\"ListItem\",\"position\":3,\"name\":\"Sketchbook Alberto Varanda #2\"}]},{\"@type\":\"WebSite\",\"@id\":\"https:\/\/comixburo.com\/#website\",\"url\":\"https:\/\/comixburo.com\/\",\"name\":\"comixburo.com\",\"description\":\"Cr\u00e9ateur de projets : Sketchbook d&#039;artistes !\",\"publisher\":{\"@id\":\"https:\/\/comixburo.com\/#organization\"},\"alternateName\":\"Comix Buro\",\"potentialAction\":[{\"@type\":\"SearchAction\",\"target\":{\"@type\":\"EntryPoint\",\"urlTemplate\":\"https:\/\/comixburo.com\/?s={search_term_string}\"},\"query-input\":{\"@type\":\"PropertyValueSpecification\",\"valueRequired\":true,\"valueName\":\"search_term_string\"}}],\"inLanguage\":\"en-GB\"},{\"@type\":\"Organization\",\"@id\":\"https:\/\/comixburo.com\/#organization\",\"name\":\"comixburo.com\",\"url\":\"https:\/\/comixburo.com\/\",\"logo\":{\"@type\":\"ImageObject\",\"inLanguage\":\"en-GB\",\"@id\":\"https:\/\/comixburo.com\/#\/schema\/logo\/image\/\",\"url\":\"https:\/\/comixburo.com\/wp-content\/uploads\/2025\/04\/logo-cxb-ROND.webp\",\"contentUrl\":\"https:\/\/comixburo.com\/wp-content\/uploads\/2025\/04\/logo-cxb-ROND.webp\",\"width\":200,\"height\":200,\"caption\":\"comixburo.com\"},\"image\":{\"@id\":\"https:\/\/comixburo.com\/#\/schema\/logo\/image\/\"},\"sameAs\":[\"https:\/\/www.facebook.com\/comixburo\",\"https:\/\/www.instagram.com\/comixburo\/\"]}]}<\/script>\n<!-- \/ Yoast SEO plugin. -->","yoast_head_json":{"title":"Sketchbook Alberto Varanda #2 - comixburo.com","robots":{"index":"index","follow":"follow","max-snippet":"max-snippet:-1","max-image-preview":"max-image-preview:large","max-video-preview":"max-video-preview:-1"},"canonical":"https:\/\/comixburo.com\/en\/product\/sketchbook-varanda-copie-copie\/","og_locale":"en_GB","og_type":"article","og_title":"Sketchbook Alberto Varanda #2 - comixburo.com","og_description":"Plongez dans l\u2019univers de la collection\u00a0ketchbookspubli\u00e9e par COMIX BURO et d\u00e9couvrez les carnets decroquis des meilleurs auteurs et autrices de bandedessin\u00e9e !","og_url":"https:\/\/comixburo.com\/en\/product\/sketchbook-varanda-copie-copie\/","og_site_name":"comixburo.com","article_publisher":"https:\/\/www.facebook.com\/comixburo","article_modified_time":"2025-06-02T16:15:55+00:00","og_image":[{"width":564,"height":688,"url":"https:\/\/comixburo.com\/wp-content\/uploads\/2023\/11\/af21b13032e11a1ab1806612f9c24060.jpg","type":"image\/jpeg"}],"twitter_card":"summary_large_image","twitter_misc":{"Estimated reading time":"2 minutes"},"schema":{"@context":"https:\/\/schema.org","@graph":[{"@type":"WebPage","@id":"https:\/\/comixburo.com\/produit\/sketchbook-varanda-copie-copie\/","url":"https:\/\/comixburo.com\/produit\/sketchbook-varanda-copie-copie\/","name":"Sketchbook Alberto Varanda #2 - comixburo.com","isPartOf":{"@id":"https:\/\/comixburo.com\/#website"},"primaryImageOfPage":{"@id":"https:\/\/comixburo.com\/produit\/sketchbook-varanda-copie-copie\/#primaryimage"},"image":{"@id":"https:\/\/comixburo.com\/produit\/sketchbook-varanda-copie-copie\/#primaryimage"},"thumbnailUrl":"https:\/\/comixburo.com\/wp-content\/uploads\/2023\/11\/af21b13032e11a1ab1806612f9c24060.jpg","datePublished":"2023-11-14T09:34:26+00:00","dateModified":"2025-06-02T16:15:55+00:00","breadcrumb":{"@id":"https:\/\/comixburo.com\/produit\/sketchbook-varanda-copie-copie\/#breadcrumb"},"inLanguage":"en-GB","potentialAction":[{"@type":"ReadAction","target":["https:\/\/comixburo.com\/produit\/sketchbook-varanda-copie-copie\/"]}]},{"@type":"ImageObject","inLanguage":"en-GB","@id":"https:\/\/comixburo.com\/produit\/sketchbook-varanda-copie-copie\/#primaryimage","url":"https:\/\/comixburo.com\/wp-content\/uploads\/2023\/11\/af21b13032e11a1ab1806612f9c24060.jpg","contentUrl":"https:\/\/comixburo.com\/wp-content\/uploads\/2023\/11\/af21b13032e11a1ab1806612f9c24060.jpg","width":564,"height":688,"caption":"Sketchbook Alberto Varanda N\u00b02"},{"@type":"BreadcrumbList","@id":"https:\/\/comixburo.com\/produit\/sketchbook-varanda-copie-copie\/#breadcrumb","itemListElement":[{"@type":"ListItem","position":1,"name":"Home","item":"https:\/\/comixburo.com\/"},{"@type":"ListItem","position":2,"name":"La boutique Comix Buro","item":"https:\/\/comixburo.com\/la-boutique-comix-buro\/"},{"@type":"ListItem","position":3,"name":"Sketchbook Alberto Varanda #2"}]},{"@type":"WebSite","@id":"https:\/\/comixburo.com\/#website","url":"https:\/\/comixburo.com\/","name":"comixburo.com","description":"Cr\u00e9ateur de projets : Sketchbook d&#039;artistes !","publisher":{"@id":"https:\/\/comixburo.com\/#organization"},"alternateName":"Comix Buro","potentialAction":[{"@type":"SearchAction","target":{"@type":"EntryPoint","urlTemplate":"https:\/\/comixburo.com\/?s={search_term_string}"},"query-input":{"@type":"PropertyValueSpecification","valueRequired":true,"valueName":"search_term_string"}}],"inLanguage":"en-GB"},{"@type":"Organization","@id":"https:\/\/comixburo.com\/#organization","name":"comixburo.com","url":"https:\/\/comixburo.com\/","logo":{"@type":"ImageObject","inLanguage":"en-GB","@id":"https:\/\/comixburo.com\/#\/schema\/logo\/image\/","url":"https:\/\/comixburo.com\/wp-content\/uploads\/2025\/04\/logo-cxb-ROND.webp","contentUrl":"https:\/\/comixburo.com\/wp-content\/uploads\/2025\/04\/logo-cxb-ROND.webp","width":200,"height":200,"caption":"comixburo.com"},"image":{"@id":"https:\/\/comixburo.com\/#\/schema\/logo\/image\/"},"sameAs":["https:\/\/www.facebook.com\/comixburo","https:\/\/www.instagram.com\/comixburo\/"]}]}},"jetpack_sharing_enabled":true,"_links":{"self":[{"href":"https:\/\/comixburo.com\/en\/wp-json\/wp\/v2\/product\/15675","targetHints":{"allow":["GET"]}}],"collection":[{"href":"https:\/\/comixburo.com\/en\/wp-json\/wp\/v2\/product"}],"about":[{"href":"https:\/\/comixburo.com\/en\/wp-json\/wp\/v2\/types\/product"}],"replies":[{"embeddable":true,"href":"https:\/\/comixburo.com\/en\/wp-json\/wp\/v2\/comments?post=15675"}],"version-history":[{"count":13,"href":"https:\/\/comixburo.com\/en\/wp-json\/wp\/v2\/product\/15675\/revisions"}],"predecessor-version":[{"id":20484,"href":"https:\/\/comixburo.com\/en\/wp-json\/wp\/v2\/product\/15675\/revisions\/20484"}],"wp:featuredmedia":[{"embeddable":true,"href":"https:\/\/comixburo.com\/en\/wp-json\/wp\/v2\/media\/15626"}],"wp:attachment":[{"href":"https:\/\/comixburo.com\/en\/wp-json\/wp\/v2\/media?parent=15675"}],"wp:term":[{"taxonomy":"product_brand","embeddable":true,"href":"https:\/\/comixburo.com\/en\/wp-json\/wp\/v2\/product_brand?post=15675"},{"taxonomy":"product_cat","embeddable":true,"href":"https:\/\/comixburo.com\/en\/wp-json\/wp\/v2\/product_cat?post=15675"},{"taxonomy":"product_tag","embeddable":true,"href":"https:\/\/comixburo.com\/en\/wp-json\/wp\/v2\/product_tag?post=15675"}],"curies":[{"name":"wp","href":"https:\/\/api.w.org\/{rel}","templated":true}]}}