{"id":15901,"date":"2024-10-16T14:55:17","date_gmt":"2024-10-16T12:55:17","guid":{"rendered":"https:\/\/comixburo.com\/?post_type=product&#038;p=15901"},"modified":"2025-05-06T11:14:00","modified_gmt":"2025-05-06T09:14:00","slug":"bomb-x","status":"publish","type":"product","link":"https:\/\/comixburo.com\/en\/product\/bomb-x\/","title":{"rendered":"Bomb X &#8211; tome 1"},"content":{"rendered":"<p><strong data-start=\"104\" data-end=\"121\">Bomb X Tome 1<\/strong> est le point de d\u00e9part explosif d\u2019une nouvelle saga de science-fiction sign\u00e9e par un collectif d\u2019auteurs de renom : <a href=\"https:\/\/www.instagram.com\/alexissentenac\/\"><strong data-start=\"238\" data-end=\"257\">Alexis Sentenac<\/strong><\/a>, <strong data-start=\"259\" data-end=\"278\">Vincent Brugeas<\/strong>, <a href=\"https:\/\/www.instagram.com\/ronan.toulhoat\/\"><strong data-start=\"280\" data-end=\"298\">Ronan Toulhoat<\/strong><\/a>, <a href=\"https:\/\/www.instagram.com\/bricecossu\/?hl=fr\"><strong data-start=\"300\" data-end=\"315\">Brice Cossu<\/strong><\/a> et <a href=\"https:\/\/fr.linkedin.com\/in\/yoann-guillo-b878b2a3\"><strong data-start=\"319\" data-end=\"335\">Yoann Guillo<\/strong><\/a>, publi\u00e9e chez <a href=\"https:\/\/comixburo.com\/en\/\"><strong data-start=\"350\" data-end=\"364\">Comix Buro<\/strong><\/a>. Ce premier volume nous plonge dans un univers dystopique rythm\u00e9 par l\u2019action, le myst\u00e8re et des enjeux technologiques majeurs. Entre thriller militaire et bande dessin\u00e9e futuriste, Bomb X d\u00e9voile un r\u00e9cit intense au graphisme soign\u00e9, port\u00e9 par une narration efficace et un univers visuel dense. Une s\u00e9rie \u00e0 ne pas manquer pour les amateurs de BD contemporaines m\u00ealant espionnage, science-fiction et tension g\u00e9opolitique.<\/p>","protected":false},"excerpt":{"rendered":"<p>Bomb X Tome 1 lance une s\u00e9rie SF percutante m\u00ealant action, complot et tension militaire. Avec un sc\u00e9nario haletant et un dessin puissant, cette BD imagin\u00e9e par cinq auteurs de talent marque les esprits. Une aventure futuriste \u00e0 d\u00e9couvrir chez Comix Buro.<\/p>","protected":false},"featured_media":15903,"comment_status":"open","ping_status":"closed","template":"","meta":[],"product_brand":[108],"product_cat":[97,80,110,93],"product_tag":[],"class_list":{"0":"post-15901","1":"product","2":"type-product","3":"status-publish","4":"has-post-thumbnail","6":"product_brand-comix-buro","7":"product_cat-bd","8":"product_cat-bomb-x","9":"product_cat-comix-buro","10":"product_cat-tous","12":"first","13":"instock","14":"taxable","15":"shipping-taxable","16":"purchasable","17":"product-type-simple"},"yoast_head":"<!-- This site is optimized with the Yoast SEO plugin v26.9 - https:\/\/yoast.com\/product\/yoast-seo-wordpress\/ -->\n<title>Bomb X - tome 1 - comixburo.com<\/title>\n<meta name=\"description\" content=\"Bomb X Tome 1, un thriller SF visuel et nerveux sign\u00e9 Sentenac, Brugeas, Toulhoat, Cossu et Guillo. Premier tome explosif chez Comix Buro.\" \/>\n<meta name=\"robots\" content=\"index, follow, max-snippet:-1, max-image-preview:large, max-video-preview:-1\" \/>\n<link rel=\"canonical\" href=\"https:\/\/comixburo.com\/en\/product\/bomb-x\/\" \/>\n<meta property=\"og:locale\" content=\"en_GB\" \/>\n<meta property=\"og:type\" content=\"article\" \/>\n<meta property=\"og:title\" content=\"Bomb X - tome 1 - comixburo.com\" \/>\n<meta property=\"og:description\" content=\"Bomb X Tome 1, un thriller SF visuel et nerveux sign\u00e9 Sentenac, Brugeas, Toulhoat, Cossu et Guillo. Premier tome explosif chez Comix Buro.\" \/>\n<meta property=\"og:url\" content=\"https:\/\/comixburo.com\/en\/product\/bomb-x\/\" \/>\n<meta property=\"og:site_name\" content=\"comixburo.com\" \/>\n<meta property=\"article:publisher\" content=\"https:\/\/www.facebook.com\/comixburo\" \/>\n<meta property=\"article:modified_time\" content=\"2025-05-06T09:14:00+00:00\" \/>\n<meta property=\"og:image\" content=\"https:\/\/comixburo.com\/wp-content\/uploads\/2024\/10\/BOMB-X-tome-1-Comix-Buro.webp\" \/>\n\t<meta property=\"og:image:width\" content=\"600\" \/>\n\t<meta property=\"og:image:height\" content=\"800\" \/>\n\t<meta property=\"og:image:type\" content=\"image\/webp\" \/>\n<meta name=\"twitter:card\" content=\"summary_large_image\" \/>\n<meta name=\"twitter:label1\" content=\"Estimated reading time\" \/>\n\t<meta name=\"twitter:data1\" content=\"1 minute\" \/>\n<script type=\"application\/ld+json\" class=\"yoast-schema-graph\">{\"@context\":\"https:\/\/schema.org\",\"@graph\":[{\"@type\":\"WebPage\",\"@id\":\"https:\/\/comixburo.com\/produit\/bomb-x\/\",\"url\":\"https:\/\/comixburo.com\/produit\/bomb-x\/\",\"name\":\"Bomb X - tome 1 - comixburo.com\",\"isPartOf\":{\"@id\":\"https:\/\/comixburo.com\/#website\"},\"primaryImageOfPage\":{\"@id\":\"https:\/\/comixburo.com\/produit\/bomb-x\/#primaryimage\"},\"image\":{\"@id\":\"https:\/\/comixburo.com\/produit\/bomb-x\/#primaryimage\"},\"thumbnailUrl\":\"https:\/\/comixburo.com\/wp-content\/uploads\/2024\/10\/BOMB-X-tome-1-Comix-Buro.webp\",\"datePublished\":\"2024-10-16T12:55:17+00:00\",\"dateModified\":\"2025-05-06T09:14:00+00:00\",\"description\":\"Bomb X Tome 1, un thriller SF visuel et nerveux sign\u00e9 Sentenac, Brugeas, Toulhoat, Cossu et Guillo. Premier tome explosif chez Comix Buro.\",\"breadcrumb\":{\"@id\":\"https:\/\/comixburo.com\/produit\/bomb-x\/#breadcrumb\"},\"inLanguage\":\"en-GB\",\"potentialAction\":[{\"@type\":\"ReadAction\",\"target\":[\"https:\/\/comixburo.com\/produit\/bomb-x\/\"]}]},{\"@type\":\"ImageObject\",\"inLanguage\":\"en-GB\",\"@id\":\"https:\/\/comixburo.com\/produit\/bomb-x\/#primaryimage\",\"url\":\"https:\/\/comixburo.com\/wp-content\/uploads\/2024\/10\/BOMB-X-tome-1-Comix-Buro.webp\",\"contentUrl\":\"https:\/\/comixburo.com\/wp-content\/uploads\/2024\/10\/BOMB-X-tome-1-Comix-Buro.webp\",\"width\":600,\"height\":800,\"caption\":\"couverture du tome 1 de Bomb X\"},{\"@type\":\"BreadcrumbList\",\"@id\":\"https:\/\/comixburo.com\/produit\/bomb-x\/#breadcrumb\",\"itemListElement\":[{\"@type\":\"ListItem\",\"position\":1,\"name\":\"Home\",\"item\":\"https:\/\/comixburo.com\/\"},{\"@type\":\"ListItem\",\"position\":2,\"name\":\"La boutique Comix Buro\",\"item\":\"https:\/\/comixburo.com\/la-boutique-comix-buro\/\"},{\"@type\":\"ListItem\",\"position\":3,\"name\":\"Bomb X &#8211; tome 1\"}]},{\"@type\":\"WebSite\",\"@id\":\"https:\/\/comixburo.com\/#website\",\"url\":\"https:\/\/comixburo.com\/\",\"name\":\"comixburo.com\",\"description\":\"Cr\u00e9ateur de projets : Sketchbook d&#039;artistes !\",\"publisher\":{\"@id\":\"https:\/\/comixburo.com\/#organization\"},\"alternateName\":\"Comix Buro\",\"potentialAction\":[{\"@type\":\"SearchAction\",\"target\":{\"@type\":\"EntryPoint\",\"urlTemplate\":\"https:\/\/comixburo.com\/?s={search_term_string}\"},\"query-input\":{\"@type\":\"PropertyValueSpecification\",\"valueRequired\":true,\"valueName\":\"search_term_string\"}}],\"inLanguage\":\"en-GB\"},{\"@type\":\"Organization\",\"@id\":\"https:\/\/comixburo.com\/#organization\",\"name\":\"comixburo.com\",\"url\":\"https:\/\/comixburo.com\/\",\"logo\":{\"@type\":\"ImageObject\",\"inLanguage\":\"en-GB\",\"@id\":\"https:\/\/comixburo.com\/#\/schema\/logo\/image\/\",\"url\":\"https:\/\/comixburo.com\/wp-content\/uploads\/2025\/04\/logo-cxb-ROND.webp\",\"contentUrl\":\"https:\/\/comixburo.com\/wp-content\/uploads\/2025\/04\/logo-cxb-ROND.webp\",\"width\":200,\"height\":200,\"caption\":\"comixburo.com\"},\"image\":{\"@id\":\"https:\/\/comixburo.com\/#\/schema\/logo\/image\/\"},\"sameAs\":[\"https:\/\/www.facebook.com\/comixburo\",\"https:\/\/www.instagram.com\/comixburo\/\"]}]}<\/script>\n<!-- \/ Yoast SEO plugin. -->","yoast_head_json":{"title":"Bomb X - tome 1 - comixburo.com","description":"Bomb X Tome 1, un thriller SF visuel et nerveux sign\u00e9 Sentenac, Brugeas, Toulhoat, Cossu et Guillo. Premier tome explosif chez Comix Buro.","robots":{"index":"index","follow":"follow","max-snippet":"max-snippet:-1","max-image-preview":"max-image-preview:large","max-video-preview":"max-video-preview:-1"},"canonical":"https:\/\/comixburo.com\/en\/product\/bomb-x\/","og_locale":"en_GB","og_type":"article","og_title":"Bomb X - tome 1 - comixburo.com","og_description":"Bomb X Tome 1, un thriller SF visuel et nerveux sign\u00e9 Sentenac, Brugeas, Toulhoat, Cossu et Guillo. Premier tome explosif chez Comix Buro.","og_url":"https:\/\/comixburo.com\/en\/product\/bomb-x\/","og_site_name":"comixburo.com","article_publisher":"https:\/\/www.facebook.com\/comixburo","article_modified_time":"2025-05-06T09:14:00+00:00","og_image":[{"width":600,"height":800,"url":"https:\/\/comixburo.com\/wp-content\/uploads\/2024\/10\/BOMB-X-tome-1-Comix-Buro.webp","type":"image\/webp"}],"twitter_card":"summary_large_image","twitter_misc":{"Estimated reading time":"1 minute"},"schema":{"@context":"https:\/\/schema.org","@graph":[{"@type":"WebPage","@id":"https:\/\/comixburo.com\/produit\/bomb-x\/","url":"https:\/\/comixburo.com\/produit\/bomb-x\/","name":"Bomb X - tome 1 - comixburo.com","isPartOf":{"@id":"https:\/\/comixburo.com\/#website"},"primaryImageOfPage":{"@id":"https:\/\/comixburo.com\/produit\/bomb-x\/#primaryimage"},"image":{"@id":"https:\/\/comixburo.com\/produit\/bomb-x\/#primaryimage"},"thumbnailUrl":"https:\/\/comixburo.com\/wp-content\/uploads\/2024\/10\/BOMB-X-tome-1-Comix-Buro.webp","datePublished":"2024-10-16T12:55:17+00:00","dateModified":"2025-05-06T09:14:00+00:00","description":"Bomb X Tome 1, un thriller SF visuel et nerveux sign\u00e9 Sentenac, Brugeas, Toulhoat, Cossu et Guillo. Premier tome explosif chez Comix Buro.","breadcrumb":{"@id":"https:\/\/comixburo.com\/produit\/bomb-x\/#breadcrumb"},"inLanguage":"en-GB","potentialAction":[{"@type":"ReadAction","target":["https:\/\/comixburo.com\/produit\/bomb-x\/"]}]},{"@type":"ImageObject","inLanguage":"en-GB","@id":"https:\/\/comixburo.com\/produit\/bomb-x\/#primaryimage","url":"https:\/\/comixburo.com\/wp-content\/uploads\/2024\/10\/BOMB-X-tome-1-Comix-Buro.webp","contentUrl":"https:\/\/comixburo.com\/wp-content\/uploads\/2024\/10\/BOMB-X-tome-1-Comix-Buro.webp","width":600,"height":800,"caption":"couverture du tome 1 de Bomb X"},{"@type":"BreadcrumbList","@id":"https:\/\/comixburo.com\/produit\/bomb-x\/#breadcrumb","itemListElement":[{"@type":"ListItem","position":1,"name":"Home","item":"https:\/\/comixburo.com\/"},{"@type":"ListItem","position":2,"name":"La boutique Comix Buro","item":"https:\/\/comixburo.com\/la-boutique-comix-buro\/"},{"@type":"ListItem","position":3,"name":"Bomb X &#8211; tome 1"}]},{"@type":"WebSite","@id":"https:\/\/comixburo.com\/#website","url":"https:\/\/comixburo.com\/","name":"comixburo.com","description":"Cr\u00e9ateur de projets : Sketchbook d&#039;artistes !","publisher":{"@id":"https:\/\/comixburo.com\/#organization"},"alternateName":"Comix Buro","potentialAction":[{"@type":"SearchAction","target":{"@type":"EntryPoint","urlTemplate":"https:\/\/comixburo.com\/?s={search_term_string}"},"query-input":{"@type":"PropertyValueSpecification","valueRequired":true,"valueName":"search_term_string"}}],"inLanguage":"en-GB"},{"@type":"Organization","@id":"https:\/\/comixburo.com\/#organization","name":"comixburo.com","url":"https:\/\/comixburo.com\/","logo":{"@type":"ImageObject","inLanguage":"en-GB","@id":"https:\/\/comixburo.com\/#\/schema\/logo\/image\/","url":"https:\/\/comixburo.com\/wp-content\/uploads\/2025\/04\/logo-cxb-ROND.webp","contentUrl":"https:\/\/comixburo.com\/wp-content\/uploads\/2025\/04\/logo-cxb-ROND.webp","width":200,"height":200,"caption":"comixburo.com"},"image":{"@id":"https:\/\/comixburo.com\/#\/schema\/logo\/image\/"},"sameAs":["https:\/\/www.facebook.com\/comixburo","https:\/\/www.instagram.com\/comixburo\/"]}]}},"jetpack_sharing_enabled":true,"_links":{"self":[{"href":"https:\/\/comixburo.com\/en\/wp-json\/wp\/v2\/product\/15901","targetHints":{"allow":["GET"]}}],"collection":[{"href":"https:\/\/comixburo.com\/en\/wp-json\/wp\/v2\/product"}],"about":[{"href":"https:\/\/comixburo.com\/en\/wp-json\/wp\/v2\/types\/product"}],"replies":[{"embeddable":true,"href":"https:\/\/comixburo.com\/en\/wp-json\/wp\/v2\/comments?post=15901"}],"version-history":[{"count":4,"href":"https:\/\/comixburo.com\/en\/wp-json\/wp\/v2\/product\/15901\/revisions"}],"predecessor-version":[{"id":20259,"href":"https:\/\/comixburo.com\/en\/wp-json\/wp\/v2\/product\/15901\/revisions\/20259"}],"wp:featuredmedia":[{"embeddable":true,"href":"https:\/\/comixburo.com\/en\/wp-json\/wp\/v2\/media\/15903"}],"wp:attachment":[{"href":"https:\/\/comixburo.com\/en\/wp-json\/wp\/v2\/media?parent=15901"}],"wp:term":[{"taxonomy":"product_brand","embeddable":true,"href":"https:\/\/comixburo.com\/en\/wp-json\/wp\/v2\/product_brand?post=15901"},{"taxonomy":"product_cat","embeddable":true,"href":"https:\/\/comixburo.com\/en\/wp-json\/wp\/v2\/product_cat?post=15901"},{"taxonomy":"product_tag","embeddable":true,"href":"https:\/\/comixburo.com\/en\/wp-json\/wp\/v2\/product_tag?post=15901"}],"curies":[{"name":"wp","href":"https:\/\/api.w.org\/{rel}","templated":true}]}}