{"id":15905,"date":"2024-10-16T14:55:35","date_gmt":"2024-10-16T12:55:35","guid":{"rendered":"https:\/\/comixburo.com\/?post_type=product&#038;p=15905"},"modified":"2025-05-06T11:13:59","modified_gmt":"2025-05-06T09:13:59","slug":"bomb-x-tome-2","status":"publish","type":"product","link":"https:\/\/comixburo.com\/en\/product\/bomb-x-tome-2\/","title":{"rendered":"Bomb X &#8211; tome 2"},"content":{"rendered":"<p>Plongez dans <strong data-start=\"186\" data-end=\"203\">Bomb X Tome 2<\/strong>, la bande dessin\u00e9e explosive sign\u00e9e <a href=\"https:\/\/www.instagram.com\/alexissentenac\/\">Alexis Sentenac<\/a>, Vincent Brugeas, <a href=\"https:\/\/www.instagram.com\/ronan.toulhoat\/\">Ronan Toulhoat<\/a>, <a href=\"https:\/\/www.instagram.com\/bricecossu\/?hl=fr\">Brice Cossu<\/a> et <a href=\"https:\/\/fr.linkedin.com\/in\/yoann-guillo-b878b2a3\">Yoann Guillo<\/a>, \u00e9dit\u00e9e par <a href=\"https:\/\/comixburo.com\/en\/\"><strong data-start=\"330\" data-end=\"344\">Comix Buro<\/strong><\/a>. Dans ce second volume, le thriller de science-fiction s&rsquo;intensifie, m\u00ealant action, conspiration militaire et technologie futuriste. \u00c0 travers des visuels dynamiques et un r\u00e9cit haletant, les auteurs poursuivent une saga graphique captivante qui s\u00e9duira les amateurs de r\u00e9cits nerveux et de h\u00e9ros ambigus. Parfait pour les fans de SF, d\u2019espionnage et de comics modernes \u00e0 la fran\u00e7aise.d<\/p>","protected":false},"excerpt":{"rendered":"<p>Bomb X Tome 2 poursuit l\u2019aventure explosive d\u2019un h\u00e9ros face \u00e0 une machination futuriste. Sign\u00e9e par cinq auteurs phares du comics fran\u00e7ais, cette BD m\u00eale action, SF et conspiration, dans un style graphique percutant. Une suite intense publi\u00e9e chez Comix Buro.<\/p>","protected":false},"featured_media":15893,"comment_status":"open","ping_status":"closed","template":"","meta":[],"product_brand":[108],"product_cat":[97,80,110,93],"product_tag":[],"class_list":{"0":"post-15905","1":"product","2":"type-product","3":"status-publish","4":"has-post-thumbnail","6":"product_brand-comix-buro","7":"product_cat-bd","8":"product_cat-bomb-x","9":"product_cat-comix-buro","10":"product_cat-tous","12":"first","13":"instock","14":"taxable","15":"shipping-taxable","16":"purchasable","17":"product-type-simple"},"yoast_head":"<!-- This site is optimized with the Yoast SEO plugin v26.9 - https:\/\/yoast.com\/product\/yoast-seo-wordpress\/ -->\n<title>Bomb X - tome 2 - comixburo.com<\/title>\n<meta name=\"description\" content=\"Bomb X Tome 2, un thriller SF nerveux et styl\u00e9 sign\u00e9 Sentenac, Brugeas, Toulhoat, Cossu et Guillo. \u00c0 d\u00e9couvrir chez Comix Buro.\" \/>\n<meta name=\"robots\" content=\"index, follow, max-snippet:-1, max-image-preview:large, max-video-preview:-1\" \/>\n<link rel=\"canonical\" href=\"https:\/\/comixburo.com\/en\/product\/bomb-x-tome-2\/\" \/>\n<meta property=\"og:locale\" content=\"en_GB\" \/>\n<meta property=\"og:type\" content=\"article\" \/>\n<meta property=\"og:title\" content=\"Bomb X - tome 2 - comixburo.com\" \/>\n<meta property=\"og:description\" content=\"Bomb X Tome 2, un thriller SF nerveux et styl\u00e9 sign\u00e9 Sentenac, Brugeas, Toulhoat, Cossu et Guillo. \u00c0 d\u00e9couvrir chez Comix Buro.\" \/>\n<meta property=\"og:url\" content=\"https:\/\/comixburo.com\/en\/product\/bomb-x-tome-2\/\" \/>\n<meta property=\"og:site_name\" content=\"comixburo.com\" \/>\n<meta property=\"article:publisher\" content=\"https:\/\/www.facebook.com\/comixburo\" \/>\n<meta property=\"article:modified_time\" content=\"2025-05-06T09:13:59+00:00\" \/>\n<meta property=\"og:image\" content=\"https:\/\/comixburo.com\/wp-content\/uploads\/2024\/10\/BOMB-X-tome-2-Comix-Buro.webp\" \/>\n\t<meta property=\"og:image:width\" content=\"600\" \/>\n\t<meta property=\"og:image:height\" content=\"800\" \/>\n\t<meta property=\"og:image:type\" content=\"image\/webp\" \/>\n<meta name=\"twitter:card\" content=\"summary_large_image\" \/>\n<meta name=\"twitter:label1\" content=\"Estimated reading time\" \/>\n\t<meta name=\"twitter:data1\" content=\"1 minute\" \/>\n<script type=\"application\/ld+json\" class=\"yoast-schema-graph\">{\"@context\":\"https:\/\/schema.org\",\"@graph\":[{\"@type\":\"WebPage\",\"@id\":\"https:\/\/comixburo.com\/produit\/bomb-x-tome-2\/\",\"url\":\"https:\/\/comixburo.com\/produit\/bomb-x-tome-2\/\",\"name\":\"Bomb X - tome 2 - comixburo.com\",\"isPartOf\":{\"@id\":\"https:\/\/comixburo.com\/#website\"},\"primaryImageOfPage\":{\"@id\":\"https:\/\/comixburo.com\/produit\/bomb-x-tome-2\/#primaryimage\"},\"image\":{\"@id\":\"https:\/\/comixburo.com\/produit\/bomb-x-tome-2\/#primaryimage\"},\"thumbnailUrl\":\"https:\/\/comixburo.com\/wp-content\/uploads\/2024\/10\/BOMB-X-tome-2-Comix-Buro.webp\",\"datePublished\":\"2024-10-16T12:55:35+00:00\",\"dateModified\":\"2025-05-06T09:13:59+00:00\",\"description\":\"Bomb X Tome 2, un thriller SF nerveux et styl\u00e9 sign\u00e9 Sentenac, Brugeas, Toulhoat, Cossu et Guillo. \u00c0 d\u00e9couvrir chez Comix Buro.\",\"breadcrumb\":{\"@id\":\"https:\/\/comixburo.com\/produit\/bomb-x-tome-2\/#breadcrumb\"},\"inLanguage\":\"en-GB\",\"potentialAction\":[{\"@type\":\"ReadAction\",\"target\":[\"https:\/\/comixburo.com\/produit\/bomb-x-tome-2\/\"]}]},{\"@type\":\"ImageObject\",\"inLanguage\":\"en-GB\",\"@id\":\"https:\/\/comixburo.com\/produit\/bomb-x-tome-2\/#primaryimage\",\"url\":\"https:\/\/comixburo.com\/wp-content\/uploads\/2024\/10\/BOMB-X-tome-2-Comix-Buro.webp\",\"contentUrl\":\"https:\/\/comixburo.com\/wp-content\/uploads\/2024\/10\/BOMB-X-tome-2-Comix-Buro.webp\",\"width\":600,\"height\":800,\"caption\":\"Couverture du tome 2 de Bomb X\"},{\"@type\":\"BreadcrumbList\",\"@id\":\"https:\/\/comixburo.com\/produit\/bomb-x-tome-2\/#breadcrumb\",\"itemListElement\":[{\"@type\":\"ListItem\",\"position\":1,\"name\":\"Home\",\"item\":\"https:\/\/comixburo.com\/\"},{\"@type\":\"ListItem\",\"position\":2,\"name\":\"La boutique Comix Buro\",\"item\":\"https:\/\/comixburo.com\/la-boutique-comix-buro\/\"},{\"@type\":\"ListItem\",\"position\":3,\"name\":\"Bomb X &#8211; tome 2\"}]},{\"@type\":\"WebSite\",\"@id\":\"https:\/\/comixburo.com\/#website\",\"url\":\"https:\/\/comixburo.com\/\",\"name\":\"comixburo.com\",\"description\":\"Cr\u00e9ateur de projets : Sketchbook d&#039;artistes !\",\"publisher\":{\"@id\":\"https:\/\/comixburo.com\/#organization\"},\"alternateName\":\"Comix Buro\",\"potentialAction\":[{\"@type\":\"SearchAction\",\"target\":{\"@type\":\"EntryPoint\",\"urlTemplate\":\"https:\/\/comixburo.com\/?s={search_term_string}\"},\"query-input\":{\"@type\":\"PropertyValueSpecification\",\"valueRequired\":true,\"valueName\":\"search_term_string\"}}],\"inLanguage\":\"en-GB\"},{\"@type\":\"Organization\",\"@id\":\"https:\/\/comixburo.com\/#organization\",\"name\":\"comixburo.com\",\"url\":\"https:\/\/comixburo.com\/\",\"logo\":{\"@type\":\"ImageObject\",\"inLanguage\":\"en-GB\",\"@id\":\"https:\/\/comixburo.com\/#\/schema\/logo\/image\/\",\"url\":\"https:\/\/comixburo.com\/wp-content\/uploads\/2025\/04\/logo-cxb-ROND.webp\",\"contentUrl\":\"https:\/\/comixburo.com\/wp-content\/uploads\/2025\/04\/logo-cxb-ROND.webp\",\"width\":200,\"height\":200,\"caption\":\"comixburo.com\"},\"image\":{\"@id\":\"https:\/\/comixburo.com\/#\/schema\/logo\/image\/\"},\"sameAs\":[\"https:\/\/www.facebook.com\/comixburo\",\"https:\/\/www.instagram.com\/comixburo\/\"]}]}<\/script>\n<!-- \/ Yoast SEO plugin. -->","yoast_head_json":{"title":"Bomb X - tome 2 - comixburo.com","description":"Bomb X Tome 2, un thriller SF nerveux et styl\u00e9 sign\u00e9 Sentenac, Brugeas, Toulhoat, Cossu et Guillo. \u00c0 d\u00e9couvrir chez Comix Buro.","robots":{"index":"index","follow":"follow","max-snippet":"max-snippet:-1","max-image-preview":"max-image-preview:large","max-video-preview":"max-video-preview:-1"},"canonical":"https:\/\/comixburo.com\/en\/product\/bomb-x-tome-2\/","og_locale":"en_GB","og_type":"article","og_title":"Bomb X - tome 2 - comixburo.com","og_description":"Bomb X Tome 2, un thriller SF nerveux et styl\u00e9 sign\u00e9 Sentenac, Brugeas, Toulhoat, Cossu et Guillo. \u00c0 d\u00e9couvrir chez Comix Buro.","og_url":"https:\/\/comixburo.com\/en\/product\/bomb-x-tome-2\/","og_site_name":"comixburo.com","article_publisher":"https:\/\/www.facebook.com\/comixburo","article_modified_time":"2025-05-06T09:13:59+00:00","og_image":[{"width":600,"height":800,"url":"https:\/\/comixburo.com\/wp-content\/uploads\/2024\/10\/BOMB-X-tome-2-Comix-Buro.webp","type":"image\/webp"}],"twitter_card":"summary_large_image","twitter_misc":{"Estimated reading time":"1 minute"},"schema":{"@context":"https:\/\/schema.org","@graph":[{"@type":"WebPage","@id":"https:\/\/comixburo.com\/produit\/bomb-x-tome-2\/","url":"https:\/\/comixburo.com\/produit\/bomb-x-tome-2\/","name":"Bomb X - tome 2 - comixburo.com","isPartOf":{"@id":"https:\/\/comixburo.com\/#website"},"primaryImageOfPage":{"@id":"https:\/\/comixburo.com\/produit\/bomb-x-tome-2\/#primaryimage"},"image":{"@id":"https:\/\/comixburo.com\/produit\/bomb-x-tome-2\/#primaryimage"},"thumbnailUrl":"https:\/\/comixburo.com\/wp-content\/uploads\/2024\/10\/BOMB-X-tome-2-Comix-Buro.webp","datePublished":"2024-10-16T12:55:35+00:00","dateModified":"2025-05-06T09:13:59+00:00","description":"Bomb X Tome 2, un thriller SF nerveux et styl\u00e9 sign\u00e9 Sentenac, Brugeas, Toulhoat, Cossu et Guillo. \u00c0 d\u00e9couvrir chez Comix Buro.","breadcrumb":{"@id":"https:\/\/comixburo.com\/produit\/bomb-x-tome-2\/#breadcrumb"},"inLanguage":"en-GB","potentialAction":[{"@type":"ReadAction","target":["https:\/\/comixburo.com\/produit\/bomb-x-tome-2\/"]}]},{"@type":"ImageObject","inLanguage":"en-GB","@id":"https:\/\/comixburo.com\/produit\/bomb-x-tome-2\/#primaryimage","url":"https:\/\/comixburo.com\/wp-content\/uploads\/2024\/10\/BOMB-X-tome-2-Comix-Buro.webp","contentUrl":"https:\/\/comixburo.com\/wp-content\/uploads\/2024\/10\/BOMB-X-tome-2-Comix-Buro.webp","width":600,"height":800,"caption":"Couverture du tome 2 de Bomb X"},{"@type":"BreadcrumbList","@id":"https:\/\/comixburo.com\/produit\/bomb-x-tome-2\/#breadcrumb","itemListElement":[{"@type":"ListItem","position":1,"name":"Home","item":"https:\/\/comixburo.com\/"},{"@type":"ListItem","position":2,"name":"La boutique Comix Buro","item":"https:\/\/comixburo.com\/la-boutique-comix-buro\/"},{"@type":"ListItem","position":3,"name":"Bomb X &#8211; tome 2"}]},{"@type":"WebSite","@id":"https:\/\/comixburo.com\/#website","url":"https:\/\/comixburo.com\/","name":"comixburo.com","description":"Cr\u00e9ateur de projets : Sketchbook d&#039;artistes !","publisher":{"@id":"https:\/\/comixburo.com\/#organization"},"alternateName":"Comix Buro","potentialAction":[{"@type":"SearchAction","target":{"@type":"EntryPoint","urlTemplate":"https:\/\/comixburo.com\/?s={search_term_string}"},"query-input":{"@type":"PropertyValueSpecification","valueRequired":true,"valueName":"search_term_string"}}],"inLanguage":"en-GB"},{"@type":"Organization","@id":"https:\/\/comixburo.com\/#organization","name":"comixburo.com","url":"https:\/\/comixburo.com\/","logo":{"@type":"ImageObject","inLanguage":"en-GB","@id":"https:\/\/comixburo.com\/#\/schema\/logo\/image\/","url":"https:\/\/comixburo.com\/wp-content\/uploads\/2025\/04\/logo-cxb-ROND.webp","contentUrl":"https:\/\/comixburo.com\/wp-content\/uploads\/2025\/04\/logo-cxb-ROND.webp","width":200,"height":200,"caption":"comixburo.com"},"image":{"@id":"https:\/\/comixburo.com\/#\/schema\/logo\/image\/"},"sameAs":["https:\/\/www.facebook.com\/comixburo","https:\/\/www.instagram.com\/comixburo\/"]}]}},"jetpack_sharing_enabled":true,"_links":{"self":[{"href":"https:\/\/comixburo.com\/en\/wp-json\/wp\/v2\/product\/15905","targetHints":{"allow":["GET"]}}],"collection":[{"href":"https:\/\/comixburo.com\/en\/wp-json\/wp\/v2\/product"}],"about":[{"href":"https:\/\/comixburo.com\/en\/wp-json\/wp\/v2\/types\/product"}],"replies":[{"embeddable":true,"href":"https:\/\/comixburo.com\/en\/wp-json\/wp\/v2\/comments?post=15905"}],"version-history":[{"count":3,"href":"https:\/\/comixburo.com\/en\/wp-json\/wp\/v2\/product\/15905\/revisions"}],"predecessor-version":[{"id":20257,"href":"https:\/\/comixburo.com\/en\/wp-json\/wp\/v2\/product\/15905\/revisions\/20257"}],"wp:featuredmedia":[{"embeddable":true,"href":"https:\/\/comixburo.com\/en\/wp-json\/wp\/v2\/media\/15893"}],"wp:attachment":[{"href":"https:\/\/comixburo.com\/en\/wp-json\/wp\/v2\/media?parent=15905"}],"wp:term":[{"taxonomy":"product_brand","embeddable":true,"href":"https:\/\/comixburo.com\/en\/wp-json\/wp\/v2\/product_brand?post=15905"},{"taxonomy":"product_cat","embeddable":true,"href":"https:\/\/comixburo.com\/en\/wp-json\/wp\/v2\/product_cat?post=15905"},{"taxonomy":"product_tag","embeddable":true,"href":"https:\/\/comixburo.com\/en\/wp-json\/wp\/v2\/product_tag?post=15905"}],"curies":[{"name":"wp","href":"https:\/\/api.w.org\/{rel}","templated":true}]}}