{"id":15908,"date":"2024-10-16T15:01:37","date_gmt":"2024-10-16T13:01:37","guid":{"rendered":"https:\/\/comixburo.com\/?post_type=product&#038;p=15908"},"modified":"2025-05-06T11:13:59","modified_gmt":"2025-05-06T09:13:59","slug":"colt-coalt","status":"publish","type":"product","link":"https:\/\/comixburo.com\/en\/product\/colt-coalt\/","title":{"rendered":"Colt &#038; Coalt"},"content":{"rendered":"<p><span class=\"relative -mx-px my-[-0.2rem] rounded px-px py-[0.2rem] transition-colors duration-100 ease-in-out\">Gl\u00e9nat publie<em data-start=\"0\" data-end=\"13\" data-is-only-node=\"\"> Colt &amp; Coal<\/em> dans la collection <a href=\"https:\/\/comixburo.com\/en\/\">Comix Buro<\/a>. Il s&rsquo;agit d&rsquo;un one-shot western sign\u00e9 Vincent Brugeas au sc\u00e9nario et <a href=\"https:\/\/fr.linkedin.com\/in\/fabien-mr-fab-esnard-lascombe-11125118\">Mr Fab<\/a> (Fabien Esnard-Lascombe) aux dessins et \u00e0 la couleur.<\/span> <span class=\"relative -mx-px my-[-0.2rem] rounded px-px py-[0.2rem] bg-[#FCECC1] dark:bg-[#64572A] transition-colors duration-100 ease-in-out\">Situ\u00e9e en 1894 \u00e0 Newcastle, une ville mini\u00e8re am\u00e9ricaine, l&rsquo;histoire suit l&rsquo;assassinat d&rsquo;un mineur tch\u00e8que et les tensions sociales qui en d\u00e9coulent.<\/span> <span class=\"relative -mx-px my-[-0.2rem] rounded px-px py-[0.2rem] transition-colors duration-100 ease-in-out\">L&rsquo;album m\u00eale enqu\u00eate, lutte des classes et ambiance western, avec une narration fluide et une mise en sc\u00e8ne soign\u00e9e.<\/span> <span class=\"relative -mx-px my-[-0.2rem] rounded px-px py-[0.2rem] transition-colors duration-100 ease-in-out\">Avec ses 72 pages au format grand (24 x 32 cm), <em data-start=\"48\" data-end=\"61\">Colt &amp; Coal<\/em> propose une lecture immersive et visuellement marquante, id\u00e9ale pour les amateurs de r\u00e9cits de l&rsquo;Ouest am\u00e9ricain.<\/span>\u200b<\/p>","protected":false},"excerpt":{"rendered":"<p>En 1894, \u00e0 Newcastle, un mineur tch\u00e8que est assassin\u00e9. Entre tensions sociales et enqu\u00eate, <em data-start=\"91\" data-end=\"104\">Colt &amp; Coal<\/em> de Vincent Brugeas et Mr Fab plonge le lecteur dans un western r\u00e9aliste o\u00f9 se m\u00ealent justice, vengeance et lutte des classes.<\/p>","protected":false},"featured_media":15894,"comment_status":"open","ping_status":"closed","template":"","meta":[],"product_brand":[108],"product_cat":[97,110,94,93,82],"product_tag":[],"class_list":{"0":"post-15908","1":"product","2":"type-product","3":"status-publish","4":"has-post-thumbnail","6":"product_brand-comix-buro","7":"product_cat-bd","8":"product_cat-comix-buro","9":"product_cat-one-shots","10":"product_cat-tous","11":"product_cat-western","13":"first","14":"instock","15":"taxable","16":"shipping-taxable","17":"purchasable","18":"product-type-simple"},"yoast_head":"<!-- This site is optimized with the Yoast SEO plugin v26.9 - https:\/\/yoast.com\/product\/yoast-seo-wordpress\/ -->\n<title>Colt &amp; Coalt - comixburo.com<\/title>\n<meta name=\"description\" content=\"Colt &amp; Coal : un western social de Vincent Brugeas et Mr Fab, o\u00f9 enqu\u00eate et tensions ouvri\u00e8res se croisent dans l&#039;Am\u00e9rique de 1894.\u200b\" \/>\n<meta name=\"robots\" content=\"index, follow, max-snippet:-1, max-image-preview:large, max-video-preview:-1\" \/>\n<link rel=\"canonical\" href=\"https:\/\/comixburo.com\/en\/product\/colt-coalt\/\" \/>\n<meta property=\"og:locale\" content=\"en_GB\" \/>\n<meta property=\"og:type\" content=\"article\" \/>\n<meta property=\"og:title\" content=\"Colt &amp; Coalt - comixburo.com\" \/>\n<meta property=\"og:description\" content=\"Colt &amp; Coal : un western social de Vincent Brugeas et Mr Fab, o\u00f9 enqu\u00eate et tensions ouvri\u00e8res se croisent dans l&#039;Am\u00e9rique de 1894.\u200b\" \/>\n<meta property=\"og:url\" content=\"https:\/\/comixburo.com\/en\/product\/colt-coalt\/\" \/>\n<meta property=\"og:site_name\" content=\"comixburo.com\" \/>\n<meta property=\"article:publisher\" content=\"https:\/\/www.facebook.com\/comixburo\" \/>\n<meta property=\"article:modified_time\" content=\"2025-05-06T09:13:59+00:00\" \/>\n<meta property=\"og:image\" content=\"https:\/\/comixburo.com\/wp-content\/uploads\/2024\/10\/ColtCoalt-Comix-Buro.webp\" \/>\n\t<meta property=\"og:image:width\" content=\"600\" \/>\n\t<meta property=\"og:image:height\" content=\"800\" \/>\n\t<meta property=\"og:image:type\" content=\"image\/webp\" \/>\n<meta name=\"twitter:card\" content=\"summary_large_image\" \/>\n<meta name=\"twitter:label1\" content=\"Estimated reading time\" \/>\n\t<meta name=\"twitter:data1\" content=\"1 minute\" \/>\n<script type=\"application\/ld+json\" class=\"yoast-schema-graph\">{\"@context\":\"https:\/\/schema.org\",\"@graph\":[{\"@type\":\"WebPage\",\"@id\":\"https:\/\/comixburo.com\/produit\/colt-coalt\/\",\"url\":\"https:\/\/comixburo.com\/produit\/colt-coalt\/\",\"name\":\"Colt & Coalt - comixburo.com\",\"isPartOf\":{\"@id\":\"https:\/\/comixburo.com\/#website\"},\"primaryImageOfPage\":{\"@id\":\"https:\/\/comixburo.com\/produit\/colt-coalt\/#primaryimage\"},\"image\":{\"@id\":\"https:\/\/comixburo.com\/produit\/colt-coalt\/#primaryimage\"},\"thumbnailUrl\":\"https:\/\/comixburo.com\/wp-content\/uploads\/2024\/10\/ColtCoalt-Comix-Buro.webp\",\"datePublished\":\"2024-10-16T13:01:37+00:00\",\"dateModified\":\"2025-05-06T09:13:59+00:00\",\"description\":\"Colt & Coal : un western social de Vincent Brugeas et Mr Fab, o\u00f9 enqu\u00eate et tensions ouvri\u00e8res se croisent dans l'Am\u00e9rique de 1894.\u200b\",\"breadcrumb\":{\"@id\":\"https:\/\/comixburo.com\/produit\/colt-coalt\/#breadcrumb\"},\"inLanguage\":\"en-GB\",\"potentialAction\":[{\"@type\":\"ReadAction\",\"target\":[\"https:\/\/comixburo.com\/produit\/colt-coalt\/\"]}]},{\"@type\":\"ImageObject\",\"inLanguage\":\"en-GB\",\"@id\":\"https:\/\/comixburo.com\/produit\/colt-coalt\/#primaryimage\",\"url\":\"https:\/\/comixburo.com\/wp-content\/uploads\/2024\/10\/ColtCoalt-Comix-Buro.webp\",\"contentUrl\":\"https:\/\/comixburo.com\/wp-content\/uploads\/2024\/10\/ColtCoalt-Comix-Buro.webp\",\"width\":600,\"height\":800,\"caption\":\"Couverture de Colt and Coalt\"},{\"@type\":\"BreadcrumbList\",\"@id\":\"https:\/\/comixburo.com\/produit\/colt-coalt\/#breadcrumb\",\"itemListElement\":[{\"@type\":\"ListItem\",\"position\":1,\"name\":\"Home\",\"item\":\"https:\/\/comixburo.com\/\"},{\"@type\":\"ListItem\",\"position\":2,\"name\":\"La boutique Comix Buro\",\"item\":\"https:\/\/comixburo.com\/la-boutique-comix-buro\/\"},{\"@type\":\"ListItem\",\"position\":3,\"name\":\"Colt &#038; Coalt\"}]},{\"@type\":\"WebSite\",\"@id\":\"https:\/\/comixburo.com\/#website\",\"url\":\"https:\/\/comixburo.com\/\",\"name\":\"comixburo.com\",\"description\":\"Cr\u00e9ateur de projets : Sketchbook d&#039;artistes !\",\"publisher\":{\"@id\":\"https:\/\/comixburo.com\/#organization\"},\"alternateName\":\"Comix Buro\",\"potentialAction\":[{\"@type\":\"SearchAction\",\"target\":{\"@type\":\"EntryPoint\",\"urlTemplate\":\"https:\/\/comixburo.com\/?s={search_term_string}\"},\"query-input\":{\"@type\":\"PropertyValueSpecification\",\"valueRequired\":true,\"valueName\":\"search_term_string\"}}],\"inLanguage\":\"en-GB\"},{\"@type\":\"Organization\",\"@id\":\"https:\/\/comixburo.com\/#organization\",\"name\":\"comixburo.com\",\"url\":\"https:\/\/comixburo.com\/\",\"logo\":{\"@type\":\"ImageObject\",\"inLanguage\":\"en-GB\",\"@id\":\"https:\/\/comixburo.com\/#\/schema\/logo\/image\/\",\"url\":\"https:\/\/comixburo.com\/wp-content\/uploads\/2025\/04\/logo-cxb-ROND.webp\",\"contentUrl\":\"https:\/\/comixburo.com\/wp-content\/uploads\/2025\/04\/logo-cxb-ROND.webp\",\"width\":200,\"height\":200,\"caption\":\"comixburo.com\"},\"image\":{\"@id\":\"https:\/\/comixburo.com\/#\/schema\/logo\/image\/\"},\"sameAs\":[\"https:\/\/www.facebook.com\/comixburo\",\"https:\/\/www.instagram.com\/comixburo\/\"]}]}<\/script>\n<!-- \/ Yoast SEO plugin. -->","yoast_head_json":{"title":"Colt & Coalt - comixburo.com","description":"Colt & Coal : un western social de Vincent Brugeas et Mr Fab, o\u00f9 enqu\u00eate et tensions ouvri\u00e8res se croisent dans l'Am\u00e9rique de 1894.\u200b","robots":{"index":"index","follow":"follow","max-snippet":"max-snippet:-1","max-image-preview":"max-image-preview:large","max-video-preview":"max-video-preview:-1"},"canonical":"https:\/\/comixburo.com\/en\/product\/colt-coalt\/","og_locale":"en_GB","og_type":"article","og_title":"Colt & Coalt - comixburo.com","og_description":"Colt & Coal : un western social de Vincent Brugeas et Mr Fab, o\u00f9 enqu\u00eate et tensions ouvri\u00e8res se croisent dans l'Am\u00e9rique de 1894.\u200b","og_url":"https:\/\/comixburo.com\/en\/product\/colt-coalt\/","og_site_name":"comixburo.com","article_publisher":"https:\/\/www.facebook.com\/comixburo","article_modified_time":"2025-05-06T09:13:59+00:00","og_image":[{"width":600,"height":800,"url":"https:\/\/comixburo.com\/wp-content\/uploads\/2024\/10\/ColtCoalt-Comix-Buro.webp","type":"image\/webp"}],"twitter_card":"summary_large_image","twitter_misc":{"Estimated reading time":"1 minute"},"schema":{"@context":"https:\/\/schema.org","@graph":[{"@type":"WebPage","@id":"https:\/\/comixburo.com\/produit\/colt-coalt\/","url":"https:\/\/comixburo.com\/produit\/colt-coalt\/","name":"Colt & Coalt - comixburo.com","isPartOf":{"@id":"https:\/\/comixburo.com\/#website"},"primaryImageOfPage":{"@id":"https:\/\/comixburo.com\/produit\/colt-coalt\/#primaryimage"},"image":{"@id":"https:\/\/comixburo.com\/produit\/colt-coalt\/#primaryimage"},"thumbnailUrl":"https:\/\/comixburo.com\/wp-content\/uploads\/2024\/10\/ColtCoalt-Comix-Buro.webp","datePublished":"2024-10-16T13:01:37+00:00","dateModified":"2025-05-06T09:13:59+00:00","description":"Colt & Coal : un western social de Vincent Brugeas et Mr Fab, o\u00f9 enqu\u00eate et tensions ouvri\u00e8res se croisent dans l'Am\u00e9rique de 1894.\u200b","breadcrumb":{"@id":"https:\/\/comixburo.com\/produit\/colt-coalt\/#breadcrumb"},"inLanguage":"en-GB","potentialAction":[{"@type":"ReadAction","target":["https:\/\/comixburo.com\/produit\/colt-coalt\/"]}]},{"@type":"ImageObject","inLanguage":"en-GB","@id":"https:\/\/comixburo.com\/produit\/colt-coalt\/#primaryimage","url":"https:\/\/comixburo.com\/wp-content\/uploads\/2024\/10\/ColtCoalt-Comix-Buro.webp","contentUrl":"https:\/\/comixburo.com\/wp-content\/uploads\/2024\/10\/ColtCoalt-Comix-Buro.webp","width":600,"height":800,"caption":"Couverture de Colt and Coalt"},{"@type":"BreadcrumbList","@id":"https:\/\/comixburo.com\/produit\/colt-coalt\/#breadcrumb","itemListElement":[{"@type":"ListItem","position":1,"name":"Home","item":"https:\/\/comixburo.com\/"},{"@type":"ListItem","position":2,"name":"La boutique Comix Buro","item":"https:\/\/comixburo.com\/la-boutique-comix-buro\/"},{"@type":"ListItem","position":3,"name":"Colt &#038; Coalt"}]},{"@type":"WebSite","@id":"https:\/\/comixburo.com\/#website","url":"https:\/\/comixburo.com\/","name":"comixburo.com","description":"Cr\u00e9ateur de projets : Sketchbook d&#039;artistes !","publisher":{"@id":"https:\/\/comixburo.com\/#organization"},"alternateName":"Comix Buro","potentialAction":[{"@type":"SearchAction","target":{"@type":"EntryPoint","urlTemplate":"https:\/\/comixburo.com\/?s={search_term_string}"},"query-input":{"@type":"PropertyValueSpecification","valueRequired":true,"valueName":"search_term_string"}}],"inLanguage":"en-GB"},{"@type":"Organization","@id":"https:\/\/comixburo.com\/#organization","name":"comixburo.com","url":"https:\/\/comixburo.com\/","logo":{"@type":"ImageObject","inLanguage":"en-GB","@id":"https:\/\/comixburo.com\/#\/schema\/logo\/image\/","url":"https:\/\/comixburo.com\/wp-content\/uploads\/2025\/04\/logo-cxb-ROND.webp","contentUrl":"https:\/\/comixburo.com\/wp-content\/uploads\/2025\/04\/logo-cxb-ROND.webp","width":200,"height":200,"caption":"comixburo.com"},"image":{"@id":"https:\/\/comixburo.com\/#\/schema\/logo\/image\/"},"sameAs":["https:\/\/www.facebook.com\/comixburo","https:\/\/www.instagram.com\/comixburo\/"]}]}},"jetpack_sharing_enabled":true,"_links":{"self":[{"href":"https:\/\/comixburo.com\/en\/wp-json\/wp\/v2\/product\/15908","targetHints":{"allow":["GET"]}}],"collection":[{"href":"https:\/\/comixburo.com\/en\/wp-json\/wp\/v2\/product"}],"about":[{"href":"https:\/\/comixburo.com\/en\/wp-json\/wp\/v2\/types\/product"}],"replies":[{"embeddable":true,"href":"https:\/\/comixburo.com\/en\/wp-json\/wp\/v2\/comments?post=15908"}],"version-history":[{"count":3,"href":"https:\/\/comixburo.com\/en\/wp-json\/wp\/v2\/product\/15908\/revisions"}],"predecessor-version":[{"id":20203,"href":"https:\/\/comixburo.com\/en\/wp-json\/wp\/v2\/product\/15908\/revisions\/20203"}],"wp:featuredmedia":[{"embeddable":true,"href":"https:\/\/comixburo.com\/en\/wp-json\/wp\/v2\/media\/15894"}],"wp:attachment":[{"href":"https:\/\/comixburo.com\/en\/wp-json\/wp\/v2\/media?parent=15908"}],"wp:term":[{"taxonomy":"product_brand","embeddable":true,"href":"https:\/\/comixburo.com\/en\/wp-json\/wp\/v2\/product_brand?post=15908"},{"taxonomy":"product_cat","embeddable":true,"href":"https:\/\/comixburo.com\/en\/wp-json\/wp\/v2\/product_cat?post=15908"},{"taxonomy":"product_tag","embeddable":true,"href":"https:\/\/comixburo.com\/en\/wp-json\/wp\/v2\/product_tag?post=15908"}],"curies":[{"name":"wp","href":"https:\/\/api.w.org\/{rel}","templated":true}]}}