{"id":15912,"date":"2024-10-16T15:07:32","date_gmt":"2024-10-16T13:07:32","guid":{"rendered":"https:\/\/comixburo.com\/?post_type=product&#038;p=15912"},"modified":"2025-05-06T11:13:59","modified_gmt":"2025-05-06T09:13:59","slug":"valhalla-hotel-tome-2","status":"publish","type":"product","link":"https:\/\/comixburo.com\/en\/product\/valhalla-hotel-tome-2\/","title":{"rendered":"DB &#8211; Valhalla Hotel &#8211; tome 2"},"content":{"rendered":"<h1>DB &#8211; Valhalla Hotel &#8211; tome 2<\/h1>\n<p><b>C&rsquo;est le seul endroit o\u00f9 l&rsquo;on vous promet un repos&#8230; \u00e9ternel.<\/b><\/p>\n<p>Tandis qu\u2019ils se rendent \u00e0 la finale r\u00e9gionale du championnat de tennis de table d\u2019Albuquerque, Lemmy et son in\u00e9narrable mentor, le coach Malone, tombent en panne avec leur Fiat 500 sur la 380.<br \/>\n\u00c0 quelques miles de l\u00e0\u00a0: Flatstone, petite bourgade improbable en plein c\u0153ur du Nouveau-Mexique, et son sh\u00e9rif homophobe et but\u00e9, leur tendent les bras.<br \/>\nQuelques \u00ab\u00a0tracasseries administratives\u00a0\u00bb plus tard, ils trouvent finalement refuge dans le seul motel du coin, le Valhalla Hotel<i>,<\/i>\u00a0tenu par une femme pour le moins intrigante, Frau Vinkler. Au petit matin, Lemmy a disparu. Malone part \u00e9videmment \u00e0 sa recherche&#8230;<br \/>\nDes personnages tous plus timbr\u00e9s les uns que les autres, des sc\u00e8nes de baston dignes d\u2019un Tarantino dans un d\u00e9cor aussi aride que le gosier d\u2019El Loco.<\/p>\n<p>Des poursuites en bolides survitamin\u00e9s, d\u2019anciens nazis en culotte de peau, des rednecks abrutis au schnaps, une \u00e9trange gamine au regard bleu lagon.<\/p>\n<p>Ainsi que des hommes cochons, du sang, de la poussi\u00e8re, de la bi\u00e8re ti\u00e8de, une bonne dose de heavy metal, une pinc\u00e9e de suspens, et surtout beaucoup, beaucoup d\u2019humour noir&#8230;<\/p>","protected":false},"excerpt":{"rendered":"<p>DB &#8211; Valhalla Hotel &#8211; tome 2 C&rsquo;est le seul endroit o\u00f9 l&rsquo;on vous promet un repos&#8230; \u00e9ternel. Tandis qu\u2019ils<\/p>","protected":false},"featured_media":15891,"comment_status":"open","ping_status":"closed","template":"","meta":[],"product_brand":[108],"product_cat":[97,110,93,79],"product_tag":[],"class_list":{"0":"post-15912","1":"product","2":"type-product","3":"status-publish","4":"has-post-thumbnail","6":"product_brand-comix-buro","7":"product_cat-bd","8":"product_cat-comix-buro","9":"product_cat-tous","10":"product_cat-valhalla-hotel","12":"first","13":"instock","14":"taxable","15":"shipping-taxable","16":"purchasable","17":"product-type-simple"},"yoast_head":"<!-- This site is optimized with the Yoast SEO plugin v26.9 - https:\/\/yoast.com\/product\/yoast-seo-wordpress\/ -->\n<title>DB - Valhalla Hotel - tome 2 - comixburo.com<\/title>\n<meta name=\"robots\" content=\"index, follow, max-snippet:-1, max-image-preview:large, max-video-preview:-1\" \/>\n<link rel=\"canonical\" href=\"https:\/\/comixburo.com\/en\/product\/valhalla-hotel-tome-2\/\" \/>\n<meta property=\"og:locale\" content=\"en_GB\" \/>\n<meta property=\"og:type\" content=\"article\" \/>\n<meta property=\"og:title\" content=\"DB - Valhalla Hotel - tome 2 - comixburo.com\" \/>\n<meta property=\"og:description\" content=\"DB &#8211; Valhalla Hotel &#8211; tome 2 C&rsquo;est le seul endroit o\u00f9 l&rsquo;on vous promet un repos&#8230; \u00e9ternel. Tandis qu\u2019ils\" \/>\n<meta property=\"og:url\" content=\"https:\/\/comixburo.com\/en\/product\/valhalla-hotel-tome-2\/\" \/>\n<meta property=\"og:site_name\" content=\"comixburo.com\" \/>\n<meta property=\"article:publisher\" content=\"https:\/\/www.facebook.com\/comixburo\" \/>\n<meta property=\"article:modified_time\" content=\"2025-05-06T09:13:59+00:00\" \/>\n<meta property=\"og:image\" content=\"https:\/\/comixburo.com\/wp-content\/uploads\/2024\/10\/VALHALLA-HOTEL-tome-2-Comix-Buro.webp\" \/>\n\t<meta property=\"og:image:width\" content=\"600\" \/>\n\t<meta property=\"og:image:height\" content=\"800\" \/>\n\t<meta property=\"og:image:type\" content=\"image\/webp\" \/>\n<meta name=\"twitter:card\" content=\"summary_large_image\" \/>\n<meta name=\"twitter:label1\" content=\"Estimated reading time\" \/>\n\t<meta name=\"twitter:data1\" content=\"2 minutes\" \/>\n<script type=\"application\/ld+json\" class=\"yoast-schema-graph\">{\"@context\":\"https:\/\/schema.org\",\"@graph\":[{\"@type\":\"WebPage\",\"@id\":\"https:\/\/comixburo.com\/produit\/valhalla-hotel-tome-2\/\",\"url\":\"https:\/\/comixburo.com\/produit\/valhalla-hotel-tome-2\/\",\"name\":\"DB - Valhalla Hotel - tome 2 - comixburo.com\",\"isPartOf\":{\"@id\":\"https:\/\/comixburo.com\/#website\"},\"primaryImageOfPage\":{\"@id\":\"https:\/\/comixburo.com\/produit\/valhalla-hotel-tome-2\/#primaryimage\"},\"image\":{\"@id\":\"https:\/\/comixburo.com\/produit\/valhalla-hotel-tome-2\/#primaryimage\"},\"thumbnailUrl\":\"https:\/\/comixburo.com\/wp-content\/uploads\/2024\/10\/VALHALLA-HOTEL-tome-2-Comix-Buro.webp\",\"datePublished\":\"2024-10-16T13:07:32+00:00\",\"dateModified\":\"2025-05-06T09:13:59+00:00\",\"breadcrumb\":{\"@id\":\"https:\/\/comixburo.com\/produit\/valhalla-hotel-tome-2\/#breadcrumb\"},\"inLanguage\":\"en-GB\",\"potentialAction\":[{\"@type\":\"ReadAction\",\"target\":[\"https:\/\/comixburo.com\/produit\/valhalla-hotel-tome-2\/\"]}]},{\"@type\":\"ImageObject\",\"inLanguage\":\"en-GB\",\"@id\":\"https:\/\/comixburo.com\/produit\/valhalla-hotel-tome-2\/#primaryimage\",\"url\":\"https:\/\/comixburo.com\/wp-content\/uploads\/2024\/10\/VALHALLA-HOTEL-tome-2-Comix-Buro.webp\",\"contentUrl\":\"https:\/\/comixburo.com\/wp-content\/uploads\/2024\/10\/VALHALLA-HOTEL-tome-2-Comix-Buro.webp\",\"width\":600,\"height\":800,\"caption\":\"DB - Valhalla Hotel - tome 2\"},{\"@type\":\"BreadcrumbList\",\"@id\":\"https:\/\/comixburo.com\/produit\/valhalla-hotel-tome-2\/#breadcrumb\",\"itemListElement\":[{\"@type\":\"ListItem\",\"position\":1,\"name\":\"Home\",\"item\":\"https:\/\/comixburo.com\/\"},{\"@type\":\"ListItem\",\"position\":2,\"name\":\"La boutique Comix Buro\",\"item\":\"https:\/\/comixburo.com\/la-boutique-comix-buro\/\"},{\"@type\":\"ListItem\",\"position\":3,\"name\":\"DB &#8211; Valhalla Hotel &#8211; tome 2\"}]},{\"@type\":\"WebSite\",\"@id\":\"https:\/\/comixburo.com\/#website\",\"url\":\"https:\/\/comixburo.com\/\",\"name\":\"comixburo.com\",\"description\":\"Cr\u00e9ateur de projets : Sketchbook d&#039;artistes !\",\"publisher\":{\"@id\":\"https:\/\/comixburo.com\/#organization\"},\"alternateName\":\"Comix Buro\",\"potentialAction\":[{\"@type\":\"SearchAction\",\"target\":{\"@type\":\"EntryPoint\",\"urlTemplate\":\"https:\/\/comixburo.com\/?s={search_term_string}\"},\"query-input\":{\"@type\":\"PropertyValueSpecification\",\"valueRequired\":true,\"valueName\":\"search_term_string\"}}],\"inLanguage\":\"en-GB\"},{\"@type\":\"Organization\",\"@id\":\"https:\/\/comixburo.com\/#organization\",\"name\":\"comixburo.com\",\"url\":\"https:\/\/comixburo.com\/\",\"logo\":{\"@type\":\"ImageObject\",\"inLanguage\":\"en-GB\",\"@id\":\"https:\/\/comixburo.com\/#\/schema\/logo\/image\/\",\"url\":\"https:\/\/comixburo.com\/wp-content\/uploads\/2025\/04\/logo-cxb-ROND.webp\",\"contentUrl\":\"https:\/\/comixburo.com\/wp-content\/uploads\/2025\/04\/logo-cxb-ROND.webp\",\"width\":200,\"height\":200,\"caption\":\"comixburo.com\"},\"image\":{\"@id\":\"https:\/\/comixburo.com\/#\/schema\/logo\/image\/\"},\"sameAs\":[\"https:\/\/www.facebook.com\/comixburo\",\"https:\/\/www.instagram.com\/comixburo\/\"]}]}<\/script>\n<!-- \/ Yoast SEO plugin. -->","yoast_head_json":{"title":"DB - Valhalla Hotel - tome 2 - comixburo.com","robots":{"index":"index","follow":"follow","max-snippet":"max-snippet:-1","max-image-preview":"max-image-preview:large","max-video-preview":"max-video-preview:-1"},"canonical":"https:\/\/comixburo.com\/en\/product\/valhalla-hotel-tome-2\/","og_locale":"en_GB","og_type":"article","og_title":"DB - Valhalla Hotel - tome 2 - comixburo.com","og_description":"DB &#8211; Valhalla Hotel &#8211; tome 2 C&rsquo;est le seul endroit o\u00f9 l&rsquo;on vous promet un repos&#8230; \u00e9ternel. Tandis qu\u2019ils","og_url":"https:\/\/comixburo.com\/en\/product\/valhalla-hotel-tome-2\/","og_site_name":"comixburo.com","article_publisher":"https:\/\/www.facebook.com\/comixburo","article_modified_time":"2025-05-06T09:13:59+00:00","og_image":[{"width":600,"height":800,"url":"https:\/\/comixburo.com\/wp-content\/uploads\/2024\/10\/VALHALLA-HOTEL-tome-2-Comix-Buro.webp","type":"image\/webp"}],"twitter_card":"summary_large_image","twitter_misc":{"Estimated reading time":"2 minutes"},"schema":{"@context":"https:\/\/schema.org","@graph":[{"@type":"WebPage","@id":"https:\/\/comixburo.com\/produit\/valhalla-hotel-tome-2\/","url":"https:\/\/comixburo.com\/produit\/valhalla-hotel-tome-2\/","name":"DB - Valhalla Hotel - tome 2 - comixburo.com","isPartOf":{"@id":"https:\/\/comixburo.com\/#website"},"primaryImageOfPage":{"@id":"https:\/\/comixburo.com\/produit\/valhalla-hotel-tome-2\/#primaryimage"},"image":{"@id":"https:\/\/comixburo.com\/produit\/valhalla-hotel-tome-2\/#primaryimage"},"thumbnailUrl":"https:\/\/comixburo.com\/wp-content\/uploads\/2024\/10\/VALHALLA-HOTEL-tome-2-Comix-Buro.webp","datePublished":"2024-10-16T13:07:32+00:00","dateModified":"2025-05-06T09:13:59+00:00","breadcrumb":{"@id":"https:\/\/comixburo.com\/produit\/valhalla-hotel-tome-2\/#breadcrumb"},"inLanguage":"en-GB","potentialAction":[{"@type":"ReadAction","target":["https:\/\/comixburo.com\/produit\/valhalla-hotel-tome-2\/"]}]},{"@type":"ImageObject","inLanguage":"en-GB","@id":"https:\/\/comixburo.com\/produit\/valhalla-hotel-tome-2\/#primaryimage","url":"https:\/\/comixburo.com\/wp-content\/uploads\/2024\/10\/VALHALLA-HOTEL-tome-2-Comix-Buro.webp","contentUrl":"https:\/\/comixburo.com\/wp-content\/uploads\/2024\/10\/VALHALLA-HOTEL-tome-2-Comix-Buro.webp","width":600,"height":800,"caption":"DB - Valhalla Hotel - tome 2"},{"@type":"BreadcrumbList","@id":"https:\/\/comixburo.com\/produit\/valhalla-hotel-tome-2\/#breadcrumb","itemListElement":[{"@type":"ListItem","position":1,"name":"Home","item":"https:\/\/comixburo.com\/"},{"@type":"ListItem","position":2,"name":"La boutique Comix Buro","item":"https:\/\/comixburo.com\/la-boutique-comix-buro\/"},{"@type":"ListItem","position":3,"name":"DB &#8211; Valhalla Hotel &#8211; tome 2"}]},{"@type":"WebSite","@id":"https:\/\/comixburo.com\/#website","url":"https:\/\/comixburo.com\/","name":"comixburo.com","description":"Cr\u00e9ateur de projets : Sketchbook d&#039;artistes !","publisher":{"@id":"https:\/\/comixburo.com\/#organization"},"alternateName":"Comix Buro","potentialAction":[{"@type":"SearchAction","target":{"@type":"EntryPoint","urlTemplate":"https:\/\/comixburo.com\/?s={search_term_string}"},"query-input":{"@type":"PropertyValueSpecification","valueRequired":true,"valueName":"search_term_string"}}],"inLanguage":"en-GB"},{"@type":"Organization","@id":"https:\/\/comixburo.com\/#organization","name":"comixburo.com","url":"https:\/\/comixburo.com\/","logo":{"@type":"ImageObject","inLanguage":"en-GB","@id":"https:\/\/comixburo.com\/#\/schema\/logo\/image\/","url":"https:\/\/comixburo.com\/wp-content\/uploads\/2025\/04\/logo-cxb-ROND.webp","contentUrl":"https:\/\/comixburo.com\/wp-content\/uploads\/2025\/04\/logo-cxb-ROND.webp","width":200,"height":200,"caption":"comixburo.com"},"image":{"@id":"https:\/\/comixburo.com\/#\/schema\/logo\/image\/"},"sameAs":["https:\/\/www.facebook.com\/comixburo","https:\/\/www.instagram.com\/comixburo\/"]}]}},"jetpack_sharing_enabled":true,"_links":{"self":[{"href":"https:\/\/comixburo.com\/en\/wp-json\/wp\/v2\/product\/15912","targetHints":{"allow":["GET"]}}],"collection":[{"href":"https:\/\/comixburo.com\/en\/wp-json\/wp\/v2\/product"}],"about":[{"href":"https:\/\/comixburo.com\/en\/wp-json\/wp\/v2\/types\/product"}],"replies":[{"embeddable":true,"href":"https:\/\/comixburo.com\/en\/wp-json\/wp\/v2\/comments?post=15912"}],"version-history":[{"count":3,"href":"https:\/\/comixburo.com\/en\/wp-json\/wp\/v2\/product\/15912\/revisions"}],"predecessor-version":[{"id":20179,"href":"https:\/\/comixburo.com\/en\/wp-json\/wp\/v2\/product\/15912\/revisions\/20179"}],"wp:featuredmedia":[{"embeddable":true,"href":"https:\/\/comixburo.com\/en\/wp-json\/wp\/v2\/media\/15891"}],"wp:attachment":[{"href":"https:\/\/comixburo.com\/en\/wp-json\/wp\/v2\/media?parent=15912"}],"wp:term":[{"taxonomy":"product_brand","embeddable":true,"href":"https:\/\/comixburo.com\/en\/wp-json\/wp\/v2\/product_brand?post=15912"},{"taxonomy":"product_cat","embeddable":true,"href":"https:\/\/comixburo.com\/en\/wp-json\/wp\/v2\/product_cat?post=15912"},{"taxonomy":"product_tag","embeddable":true,"href":"https:\/\/comixburo.com\/en\/wp-json\/wp\/v2\/product_tag?post=15912"}],"curies":[{"name":"wp","href":"https:\/\/api.w.org\/{rel}","templated":true}]}}