{"id":15916,"date":"2024-10-16T15:09:25","date_gmt":"2024-10-16T13:09:25","guid":{"rendered":"https:\/\/comixburo.com\/?post_type=product&#038;p=15916"},"modified":"2025-05-06T11:13:59","modified_gmt":"2025-05-06T09:13:59","slug":"valhalla-bunker-tome-1","status":"publish","type":"product","link":"https:\/\/comixburo.com\/en\/product\/valhalla-bunker-tome-1\/","title":{"rendered":"Valhalla Bunker &#8211; tome 1"},"content":{"rendered":"<p class=\"\" data-start=\"137\" data-end=\"185\"><strong data-start=\"137\" data-end=\"183\">Le grand retour d\u2019une saga intersid\u00e9rale !<\/strong><\/p>\n<p class=\"\" data-start=\"187\" data-end=\"432\">Pr\u00e8s de dix ans apr\u00e8s la destruction du <a href=\"https:\/\/comixburo.com\/en\/product-category\/valhalla-hotel\/\">Valhalla Hotel<\/a> et la mort de Frau Vinkler, les nazis refont surface.<br data-start=\"295\" data-end=\"298\" \/>Le coach Malone, tout juste sorti de prison, retrouve El Loco et sa bande. Mais tout le monde a chang\u00e9 \u2014 parfois de fa\u00e7on radicale !<\/p>\n<p class=\"\" data-start=\"434\" data-end=\"723\">Cette nouvelle trilogie nous entra\u00eene loin du soleil du Nouveau-Mexique, direction Cold Peak Harbor, un coin perdu d\u2019Alaska.<br data-start=\"558\" data-end=\"561\" \/>L\u00e0, les nazis ont install\u00e9 leur base secr\u00e8te dans une ancienne mine.<br data-start=\"629\" data-end=\"632\" \/>\u00c0 leur t\u00eate : Tausend, la fille de Frau Vinkler, m\u00e9tamorphos\u00e9e et encore plus dangereuse.<\/p>\n<p class=\"\" data-start=\"725\" data-end=\"933\">Cette base, surnomm\u00e9e le Valhalla Bunker, devient le centre d\u2019un nouvel affrontement explosif.<br data-start=\"819\" data-end=\"822\" \/>Tausend a de grands projets\u2026 mais c\u2019est sans compter sur Lemmy, bien moins na\u00eff qu\u2019avant et pr\u00eat \u00e0 se venger.<\/p>\n<p class=\"\" data-start=\"935\" data-end=\"1117\">Le chaos et la destruction sont in\u00e9vitables.<br data-start=\"979\" data-end=\"982\" \/>Un second cycle d\u00e9jant\u00e9, visuellement spectaculaire, avec une galerie de nouveaux personnages tous plus barr\u00e9s les uns que les autres !<\/p>\n<p data-start=\"935\" data-end=\"1117\"><a href=\"https:\/\/www.instagram.com\/fabien_bedouel\/\">Fabin Bedouel<\/a> continu son aventure muscl\u00e9e commenc\u00e9e dans le Valhalla Hotel.<\/p>","protected":false},"excerpt":{"rendered":"<p>Dix ans apr\u00e8s le Valhalla Hotel, les nazis sont de retour ! Direction l\u2019Alaska, o\u00f9 leur nouvelle base, le Valhalla Bunker, abrite Tausend, fille de Frau Vinkler. Malone, El Loco et Lemmy, bien chang\u00e9s, replongent dans un affrontement explosif, entre vengeance et chaos total.<\/p>","protected":false},"featured_media":15889,"comment_status":"open","ping_status":"closed","template":"","meta":[],"product_brand":[108],"product_cat":[97,110,93,79],"product_tag":[],"class_list":{"0":"post-15916","1":"product","2":"type-product","3":"status-publish","4":"has-post-thumbnail","6":"product_brand-comix-buro","7":"product_cat-bd","8":"product_cat-comix-buro","9":"product_cat-tous","10":"product_cat-valhalla-hotel","12":"first","13":"instock","14":"taxable","15":"shipping-taxable","16":"purchasable","17":"product-type-simple"},"yoast_head":"<!-- This site is optimized with the Yoast SEO plugin v26.9 - https:\/\/yoast.com\/product\/yoast-seo-wordpress\/ -->\n<title>Valhalla Bunker - tome 1 - comixburo.com<\/title>\n<meta name=\"description\" content=\"Valhalla Bunker - Les nazis reviennent en Alaska ! Nouvelle trilogie folle et explosive, o\u00f9 vengeance, chaos et personnages d\u00e9jant\u00e9s s\u2019affrontent.\" \/>\n<meta name=\"robots\" content=\"index, follow, max-snippet:-1, max-image-preview:large, max-video-preview:-1\" \/>\n<link rel=\"canonical\" href=\"https:\/\/comixburo.com\/en\/product\/valhalla-bunker-tome-1\/\" \/>\n<meta property=\"og:locale\" content=\"en_GB\" \/>\n<meta property=\"og:type\" content=\"article\" \/>\n<meta property=\"og:title\" content=\"Valhalla Bunker - tome 1 - comixburo.com\" \/>\n<meta property=\"og:description\" content=\"Valhalla Bunker - Les nazis reviennent en Alaska ! Nouvelle trilogie folle et explosive, o\u00f9 vengeance, chaos et personnages d\u00e9jant\u00e9s s\u2019affrontent.\" \/>\n<meta property=\"og:url\" content=\"https:\/\/comixburo.com\/en\/product\/valhalla-bunker-tome-1\/\" \/>\n<meta property=\"og:site_name\" content=\"comixburo.com\" \/>\n<meta property=\"article:publisher\" content=\"https:\/\/www.facebook.com\/comixburo\" \/>\n<meta property=\"article:modified_time\" content=\"2025-05-06T09:13:59+00:00\" \/>\n<meta property=\"og:image\" content=\"https:\/\/comixburo.com\/wp-content\/uploads\/2024\/10\/VALHALLA-BUNKER-tome-1-Comix-Buro.webp\" \/>\n\t<meta property=\"og:image:width\" content=\"600\" \/>\n\t<meta property=\"og:image:height\" content=\"800\" \/>\n\t<meta property=\"og:image:type\" content=\"image\/webp\" \/>\n<meta name=\"twitter:card\" content=\"summary_large_image\" \/>\n<meta name=\"twitter:label1\" content=\"Estimated reading time\" \/>\n\t<meta name=\"twitter:data1\" content=\"2 minutes\" \/>\n<script type=\"application\/ld+json\" class=\"yoast-schema-graph\">{\"@context\":\"https:\/\/schema.org\",\"@graph\":[{\"@type\":\"WebPage\",\"@id\":\"https:\/\/comixburo.com\/produit\/valhalla-bunker-tome-1\/\",\"url\":\"https:\/\/comixburo.com\/produit\/valhalla-bunker-tome-1\/\",\"name\":\"Valhalla Bunker - tome 1 - comixburo.com\",\"isPartOf\":{\"@id\":\"https:\/\/comixburo.com\/#website\"},\"primaryImageOfPage\":{\"@id\":\"https:\/\/comixburo.com\/produit\/valhalla-bunker-tome-1\/#primaryimage\"},\"image\":{\"@id\":\"https:\/\/comixburo.com\/produit\/valhalla-bunker-tome-1\/#primaryimage\"},\"thumbnailUrl\":\"https:\/\/comixburo.com\/wp-content\/uploads\/2024\/10\/VALHALLA-BUNKER-tome-1-Comix-Buro.webp\",\"datePublished\":\"2024-10-16T13:09:25+00:00\",\"dateModified\":\"2025-05-06T09:13:59+00:00\",\"description\":\"Valhalla Bunker - Les nazis reviennent en Alaska ! Nouvelle trilogie folle et explosive, o\u00f9 vengeance, chaos et personnages d\u00e9jant\u00e9s s\u2019affrontent.\",\"breadcrumb\":{\"@id\":\"https:\/\/comixburo.com\/produit\/valhalla-bunker-tome-1\/#breadcrumb\"},\"inLanguage\":\"en-GB\",\"potentialAction\":[{\"@type\":\"ReadAction\",\"target\":[\"https:\/\/comixburo.com\/produit\/valhalla-bunker-tome-1\/\"]}]},{\"@type\":\"ImageObject\",\"inLanguage\":\"en-GB\",\"@id\":\"https:\/\/comixburo.com\/produit\/valhalla-bunker-tome-1\/#primaryimage\",\"url\":\"https:\/\/comixburo.com\/wp-content\/uploads\/2024\/10\/VALHALLA-BUNKER-tome-1-Comix-Buro.webp\",\"contentUrl\":\"https:\/\/comixburo.com\/wp-content\/uploads\/2024\/10\/VALHALLA-BUNKER-tome-1-Comix-Buro.webp\",\"width\":600,\"height\":800,\"caption\":\"Couverture du tome 1 de Valhalla Bunker\"},{\"@type\":\"BreadcrumbList\",\"@id\":\"https:\/\/comixburo.com\/produit\/valhalla-bunker-tome-1\/#breadcrumb\",\"itemListElement\":[{\"@type\":\"ListItem\",\"position\":1,\"name\":\"Home\",\"item\":\"https:\/\/comixburo.com\/\"},{\"@type\":\"ListItem\",\"position\":2,\"name\":\"La boutique Comix Buro\",\"item\":\"https:\/\/comixburo.com\/la-boutique-comix-buro\/\"},{\"@type\":\"ListItem\",\"position\":3,\"name\":\"Valhalla Bunker &#8211; tome 1\"}]},{\"@type\":\"WebSite\",\"@id\":\"https:\/\/comixburo.com\/#website\",\"url\":\"https:\/\/comixburo.com\/\",\"name\":\"comixburo.com\",\"description\":\"Cr\u00e9ateur de projets : Sketchbook d&#039;artistes !\",\"publisher\":{\"@id\":\"https:\/\/comixburo.com\/#organization\"},\"alternateName\":\"Comix Buro\",\"potentialAction\":[{\"@type\":\"SearchAction\",\"target\":{\"@type\":\"EntryPoint\",\"urlTemplate\":\"https:\/\/comixburo.com\/?s={search_term_string}\"},\"query-input\":{\"@type\":\"PropertyValueSpecification\",\"valueRequired\":true,\"valueName\":\"search_term_string\"}}],\"inLanguage\":\"en-GB\"},{\"@type\":\"Organization\",\"@id\":\"https:\/\/comixburo.com\/#organization\",\"name\":\"comixburo.com\",\"url\":\"https:\/\/comixburo.com\/\",\"logo\":{\"@type\":\"ImageObject\",\"inLanguage\":\"en-GB\",\"@id\":\"https:\/\/comixburo.com\/#\/schema\/logo\/image\/\",\"url\":\"https:\/\/comixburo.com\/wp-content\/uploads\/2025\/04\/logo-cxb-ROND.webp\",\"contentUrl\":\"https:\/\/comixburo.com\/wp-content\/uploads\/2025\/04\/logo-cxb-ROND.webp\",\"width\":200,\"height\":200,\"caption\":\"comixburo.com\"},\"image\":{\"@id\":\"https:\/\/comixburo.com\/#\/schema\/logo\/image\/\"},\"sameAs\":[\"https:\/\/www.facebook.com\/comixburo\",\"https:\/\/www.instagram.com\/comixburo\/\"]}]}<\/script>\n<!-- \/ Yoast SEO plugin. -->","yoast_head_json":{"title":"Valhalla Bunker - tome 1 - comixburo.com","description":"Valhalla Bunker - Les nazis reviennent en Alaska ! Nouvelle trilogie folle et explosive, o\u00f9 vengeance, chaos et personnages d\u00e9jant\u00e9s s\u2019affrontent.","robots":{"index":"index","follow":"follow","max-snippet":"max-snippet:-1","max-image-preview":"max-image-preview:large","max-video-preview":"max-video-preview:-1"},"canonical":"https:\/\/comixburo.com\/en\/product\/valhalla-bunker-tome-1\/","og_locale":"en_GB","og_type":"article","og_title":"Valhalla Bunker - tome 1 - comixburo.com","og_description":"Valhalla Bunker - Les nazis reviennent en Alaska ! Nouvelle trilogie folle et explosive, o\u00f9 vengeance, chaos et personnages d\u00e9jant\u00e9s s\u2019affrontent.","og_url":"https:\/\/comixburo.com\/en\/product\/valhalla-bunker-tome-1\/","og_site_name":"comixburo.com","article_publisher":"https:\/\/www.facebook.com\/comixburo","article_modified_time":"2025-05-06T09:13:59+00:00","og_image":[{"width":600,"height":800,"url":"https:\/\/comixburo.com\/wp-content\/uploads\/2024\/10\/VALHALLA-BUNKER-tome-1-Comix-Buro.webp","type":"image\/webp"}],"twitter_card":"summary_large_image","twitter_misc":{"Estimated reading time":"2 minutes"},"schema":{"@context":"https:\/\/schema.org","@graph":[{"@type":"WebPage","@id":"https:\/\/comixburo.com\/produit\/valhalla-bunker-tome-1\/","url":"https:\/\/comixburo.com\/produit\/valhalla-bunker-tome-1\/","name":"Valhalla Bunker - tome 1 - comixburo.com","isPartOf":{"@id":"https:\/\/comixburo.com\/#website"},"primaryImageOfPage":{"@id":"https:\/\/comixburo.com\/produit\/valhalla-bunker-tome-1\/#primaryimage"},"image":{"@id":"https:\/\/comixburo.com\/produit\/valhalla-bunker-tome-1\/#primaryimage"},"thumbnailUrl":"https:\/\/comixburo.com\/wp-content\/uploads\/2024\/10\/VALHALLA-BUNKER-tome-1-Comix-Buro.webp","datePublished":"2024-10-16T13:09:25+00:00","dateModified":"2025-05-06T09:13:59+00:00","description":"Valhalla Bunker - Les nazis reviennent en Alaska ! Nouvelle trilogie folle et explosive, o\u00f9 vengeance, chaos et personnages d\u00e9jant\u00e9s s\u2019affrontent.","breadcrumb":{"@id":"https:\/\/comixburo.com\/produit\/valhalla-bunker-tome-1\/#breadcrumb"},"inLanguage":"en-GB","potentialAction":[{"@type":"ReadAction","target":["https:\/\/comixburo.com\/produit\/valhalla-bunker-tome-1\/"]}]},{"@type":"ImageObject","inLanguage":"en-GB","@id":"https:\/\/comixburo.com\/produit\/valhalla-bunker-tome-1\/#primaryimage","url":"https:\/\/comixburo.com\/wp-content\/uploads\/2024\/10\/VALHALLA-BUNKER-tome-1-Comix-Buro.webp","contentUrl":"https:\/\/comixburo.com\/wp-content\/uploads\/2024\/10\/VALHALLA-BUNKER-tome-1-Comix-Buro.webp","width":600,"height":800,"caption":"Couverture du tome 1 de Valhalla Bunker"},{"@type":"BreadcrumbList","@id":"https:\/\/comixburo.com\/produit\/valhalla-bunker-tome-1\/#breadcrumb","itemListElement":[{"@type":"ListItem","position":1,"name":"Home","item":"https:\/\/comixburo.com\/"},{"@type":"ListItem","position":2,"name":"La boutique Comix Buro","item":"https:\/\/comixburo.com\/la-boutique-comix-buro\/"},{"@type":"ListItem","position":3,"name":"Valhalla Bunker &#8211; tome 1"}]},{"@type":"WebSite","@id":"https:\/\/comixburo.com\/#website","url":"https:\/\/comixburo.com\/","name":"comixburo.com","description":"Cr\u00e9ateur de projets : Sketchbook d&#039;artistes !","publisher":{"@id":"https:\/\/comixburo.com\/#organization"},"alternateName":"Comix Buro","potentialAction":[{"@type":"SearchAction","target":{"@type":"EntryPoint","urlTemplate":"https:\/\/comixburo.com\/?s={search_term_string}"},"query-input":{"@type":"PropertyValueSpecification","valueRequired":true,"valueName":"search_term_string"}}],"inLanguage":"en-GB"},{"@type":"Organization","@id":"https:\/\/comixburo.com\/#organization","name":"comixburo.com","url":"https:\/\/comixburo.com\/","logo":{"@type":"ImageObject","inLanguage":"en-GB","@id":"https:\/\/comixburo.com\/#\/schema\/logo\/image\/","url":"https:\/\/comixburo.com\/wp-content\/uploads\/2025\/04\/logo-cxb-ROND.webp","contentUrl":"https:\/\/comixburo.com\/wp-content\/uploads\/2025\/04\/logo-cxb-ROND.webp","width":200,"height":200,"caption":"comixburo.com"},"image":{"@id":"https:\/\/comixburo.com\/#\/schema\/logo\/image\/"},"sameAs":["https:\/\/www.facebook.com\/comixburo","https:\/\/www.instagram.com\/comixburo\/"]}]}},"jetpack_sharing_enabled":true,"_links":{"self":[{"href":"https:\/\/comixburo.com\/en\/wp-json\/wp\/v2\/product\/15916","targetHints":{"allow":["GET"]}}],"collection":[{"href":"https:\/\/comixburo.com\/en\/wp-json\/wp\/v2\/product"}],"about":[{"href":"https:\/\/comixburo.com\/en\/wp-json\/wp\/v2\/types\/product"}],"replies":[{"embeddable":true,"href":"https:\/\/comixburo.com\/en\/wp-json\/wp\/v2\/comments?post=15916"}],"version-history":[{"count":3,"href":"https:\/\/comixburo.com\/en\/wp-json\/wp\/v2\/product\/15916\/revisions"}],"predecessor-version":[{"id":20160,"href":"https:\/\/comixburo.com\/en\/wp-json\/wp\/v2\/product\/15916\/revisions\/20160"}],"wp:featuredmedia":[{"embeddable":true,"href":"https:\/\/comixburo.com\/en\/wp-json\/wp\/v2\/media\/15889"}],"wp:attachment":[{"href":"https:\/\/comixburo.com\/en\/wp-json\/wp\/v2\/media?parent=15916"}],"wp:term":[{"taxonomy":"product_brand","embeddable":true,"href":"https:\/\/comixburo.com\/en\/wp-json\/wp\/v2\/product_brand?post=15916"},{"taxonomy":"product_cat","embeddable":true,"href":"https:\/\/comixburo.com\/en\/wp-json\/wp\/v2\/product_cat?post=15916"},{"taxonomy":"product_tag","embeddable":true,"href":"https:\/\/comixburo.com\/en\/wp-json\/wp\/v2\/product_tag?post=15916"}],"curies":[{"name":"wp","href":"https:\/\/api.w.org\/{rel}","templated":true}]}}