{"id":16216,"date":"2024-10-25T16:26:20","date_gmt":"2024-10-25T14:26:20","guid":{"rendered":"https:\/\/comixburo.com\/?post_type=product&#038;p=16216"},"modified":"2025-05-06T11:12:50","modified_gmt":"2025-05-06T09:12:50","slug":"sketchbook-mathot","status":"publish","type":"product","link":"https:\/\/comixburo.com\/en\/product\/sketchbook-mathot\/","title":{"rendered":"Sketchbook Mathot"},"content":{"rendered":"<h2><strong>Sketchbook Mathot<\/strong><\/h2>\n<ul>\n<li>Auteur : <a href=\"https:\/\/www.instagram.com\/quiensaberanch\/\">Ted Mathot<\/a><\/li>\n<li>\u00c9diteur : <a href=\"https:\/\/comixburo.com\/en\/\">Comix Buro<\/a><\/li>\n<li>isbn : 9782916518206<\/li>\n<li>48 pages couleur \u2014 Format : 18 x 22 cm \u2014 Broch\u00e9<\/li>\n<li>Les 900 premiers exemplaires sont num\u00e9rot\u00e9s et sign\u00e9s par l\u2019auteur.<\/li>\n<li>\u00c9DITION BILINGUE<\/li>\n<\/ul>\n<p>Ted Mathot a travaill\u00e9 en qualit\u00e9 de storyboarder, designer, r\u00e9alisateur ou sc\u00e9nariste sur diff\u00e9rents projets pour la t\u00e9l\u00e9vision. Il est storyboarder pour les studios d\u2019animation Pixar. Monsieur Mathot a contribu\u00e9 \u00e0 de nombreux films d\u2019animation, tels que Monstres et Compagnie, les Indestructibles, Cars, Ratatouille, Presto et WALL\u2022E. Notamment, il remporte le prix du meilleur storyboard de film d\u2019animation, pour Ratatouille, aux Annie Awards 2008. Et a \u00e9galement travaill\u00e9 sur les Simpson, le Ren and Stimpy Show, ainsi que pour Hanna-Barbera et Dreamworks. Sa premi\u00e8re bande dessin\u00e9e.<\/p>\n<p>Rose et Isabel, achev\u00e9e en 2006, est publi\u00e9e en France en 2007 aux \u00c9ditions Akil\u00e9os. La suite, intitul\u00e9e Cora, est parue en 2008.<\/p>\n<p>With the collection <a href=\"https:\/\/attakus.art\/?s=sketchbook&amp;post_type=product\" target=\"_blank\" rel=\"noopener\">Sketchbooks<\/a>,\u00a0<a href=\"https:\/\/comixburo.com\/en\/\" target=\"_blank\" rel=\"noopener\">Comix Buro<\/a>\u00a0vous invite \u00e0 feuilleter les carnets des meilleurs artistes de la bande dessin\u00e9e et de l\u2019illustration.<br \/>\nVous y trouverez au d\u00e9tour des pages des cr\u00e9atures \u00e9tranges, des mod\u00e8les vivants captur\u00e9s sur papier, des croquis ramen\u00e9s de pays lointains, des vaisseaux spatiaux sur leur pas de tir, des story-boards, et bien d\u2019autres choses encore.<\/p>","protected":false},"excerpt":{"rendered":"<p>Plongez dans l\u2019univers de la collection\u00a0<em>Sketchbooks<\/em>\u00a0publi\u00e9e par COMIX BURO et d\u00e9couvrez les carnets de croquis des meilleurs auteurs et autrices de bande dessin\u00e9e !<\/p>","protected":false},"featured_media":16211,"comment_status":"open","ping_status":"closed","template":"","meta":[],"product_brand":[108],"product_cat":[110,75,93],"product_tag":[],"class_list":{"0":"post-16216","1":"product","2":"type-product","3":"status-publish","4":"has-post-thumbnail","6":"product_brand-comix-buro","7":"product_cat-comix-buro","8":"product_cat-sketchbook","9":"product_cat-tous","11":"first","12":"instock","13":"taxable","14":"shipping-taxable","15":"purchasable","16":"product-type-simple"},"yoast_head":"<!-- This site is optimized with the Yoast SEO plugin v26.9 - https:\/\/yoast.com\/product\/yoast-seo-wordpress\/ -->\n<title>Sketchbook Mathot - comixburo.com<\/title>\n<meta name=\"description\" content=\"Humour, dynamisme et clins d\u2019\u0153il cin\u00e9 : Mathot livre un sketchbook vif et d\u00e9cal\u00e9, peupl\u00e9 de persos expressifs et de sc\u00e8nes percutantes.\" \/>\n<meta name=\"robots\" content=\"index, follow, max-snippet:-1, max-image-preview:large, max-video-preview:-1\" \/>\n<link rel=\"canonical\" href=\"https:\/\/comixburo.com\/en\/product\/sketchbook-mathot\/\" \/>\n<meta property=\"og:locale\" content=\"en_GB\" \/>\n<meta property=\"og:type\" content=\"article\" \/>\n<meta property=\"og:title\" content=\"Sketchbook Mathot - comixburo.com\" \/>\n<meta property=\"og:description\" content=\"Humour, dynamisme et clins d\u2019\u0153il cin\u00e9 : Mathot livre un sketchbook vif et d\u00e9cal\u00e9, peupl\u00e9 de persos expressifs et de sc\u00e8nes percutantes.\" \/>\n<meta property=\"og:url\" content=\"https:\/\/comixburo.com\/en\/product\/sketchbook-mathot\/\" \/>\n<meta property=\"og:site_name\" content=\"comixburo.com\" \/>\n<meta property=\"article:publisher\" content=\"https:\/\/www.facebook.com\/comixburo\" \/>\n<meta property=\"article:modified_time\" content=\"2025-05-06T09:12:50+00:00\" \/>\n<meta property=\"og:image\" content=\"https:\/\/comixburo.com\/wp-content\/uploads\/2024\/10\/Sketchbook-Mathot-Comix-Buro.webp\" \/>\n\t<meta property=\"og:image:width\" content=\"736\" \/>\n\t<meta property=\"og:image:height\" content=\"898\" \/>\n\t<meta property=\"og:image:type\" content=\"image\/webp\" \/>\n<meta name=\"twitter:card\" content=\"summary_large_image\" \/>\n<meta name=\"twitter:label1\" content=\"Estimated reading time\" \/>\n\t<meta name=\"twitter:data1\" content=\"2 minutes\" \/>\n<script type=\"application\/ld+json\" class=\"yoast-schema-graph\">{\"@context\":\"https:\/\/schema.org\",\"@graph\":[{\"@type\":\"WebPage\",\"@id\":\"https:\/\/comixburo.com\/produit\/sketchbook-mathot\/\",\"url\":\"https:\/\/comixburo.com\/produit\/sketchbook-mathot\/\",\"name\":\"Sketchbook Mathot - comixburo.com\",\"isPartOf\":{\"@id\":\"https:\/\/comixburo.com\/#website\"},\"primaryImageOfPage\":{\"@id\":\"https:\/\/comixburo.com\/produit\/sketchbook-mathot\/#primaryimage\"},\"image\":{\"@id\":\"https:\/\/comixburo.com\/produit\/sketchbook-mathot\/#primaryimage\"},\"thumbnailUrl\":\"https:\/\/comixburo.com\/wp-content\/uploads\/2024\/10\/Sketchbook-Mathot-Comix-Buro.webp\",\"datePublished\":\"2024-10-25T14:26:20+00:00\",\"dateModified\":\"2025-05-06T09:12:50+00:00\",\"description\":\"Humour, dynamisme et clins d\u2019\u0153il cin\u00e9 : Mathot livre un sketchbook vif et d\u00e9cal\u00e9, peupl\u00e9 de persos expressifs et de sc\u00e8nes percutantes.\",\"breadcrumb\":{\"@id\":\"https:\/\/comixburo.com\/produit\/sketchbook-mathot\/#breadcrumb\"},\"inLanguage\":\"en-GB\",\"potentialAction\":[{\"@type\":\"ReadAction\",\"target\":[\"https:\/\/comixburo.com\/produit\/sketchbook-mathot\/\"]}]},{\"@type\":\"ImageObject\",\"inLanguage\":\"en-GB\",\"@id\":\"https:\/\/comixburo.com\/produit\/sketchbook-mathot\/#primaryimage\",\"url\":\"https:\/\/comixburo.com\/wp-content\/uploads\/2024\/10\/Sketchbook-Mathot-Comix-Buro.webp\",\"contentUrl\":\"https:\/\/comixburo.com\/wp-content\/uploads\/2024\/10\/Sketchbook-Mathot-Comix-Buro.webp\",\"width\":736,\"height\":898,\"caption\":\"Couverture du sketchbook de Mathot\"},{\"@type\":\"BreadcrumbList\",\"@id\":\"https:\/\/comixburo.com\/produit\/sketchbook-mathot\/#breadcrumb\",\"itemListElement\":[{\"@type\":\"ListItem\",\"position\":1,\"name\":\"Home\",\"item\":\"https:\/\/comixburo.com\/\"},{\"@type\":\"ListItem\",\"position\":2,\"name\":\"La boutique Comix Buro\",\"item\":\"https:\/\/comixburo.com\/la-boutique-comix-buro\/\"},{\"@type\":\"ListItem\",\"position\":3,\"name\":\"Sketchbook Mathot\"}]},{\"@type\":\"WebSite\",\"@id\":\"https:\/\/comixburo.com\/#website\",\"url\":\"https:\/\/comixburo.com\/\",\"name\":\"comixburo.com\",\"description\":\"Cr\u00e9ateur de projets : Sketchbook d&#039;artistes !\",\"publisher\":{\"@id\":\"https:\/\/comixburo.com\/#organization\"},\"alternateName\":\"Comix Buro\",\"potentialAction\":[{\"@type\":\"SearchAction\",\"target\":{\"@type\":\"EntryPoint\",\"urlTemplate\":\"https:\/\/comixburo.com\/?s={search_term_string}\"},\"query-input\":{\"@type\":\"PropertyValueSpecification\",\"valueRequired\":true,\"valueName\":\"search_term_string\"}}],\"inLanguage\":\"en-GB\"},{\"@type\":\"Organization\",\"@id\":\"https:\/\/comixburo.com\/#organization\",\"name\":\"comixburo.com\",\"url\":\"https:\/\/comixburo.com\/\",\"logo\":{\"@type\":\"ImageObject\",\"inLanguage\":\"en-GB\",\"@id\":\"https:\/\/comixburo.com\/#\/schema\/logo\/image\/\",\"url\":\"https:\/\/comixburo.com\/wp-content\/uploads\/2025\/04\/logo-cxb-ROND.webp\",\"contentUrl\":\"https:\/\/comixburo.com\/wp-content\/uploads\/2025\/04\/logo-cxb-ROND.webp\",\"width\":200,\"height\":200,\"caption\":\"comixburo.com\"},\"image\":{\"@id\":\"https:\/\/comixburo.com\/#\/schema\/logo\/image\/\"},\"sameAs\":[\"https:\/\/www.facebook.com\/comixburo\",\"https:\/\/www.instagram.com\/comixburo\/\"]}]}<\/script>\n<!-- \/ Yoast SEO plugin. -->","yoast_head_json":{"title":"Sketchbook Mathot - comixburo.com","description":"Humour, dynamisme et clins d\u2019\u0153il cin\u00e9 : Mathot livre un sketchbook vif et d\u00e9cal\u00e9, peupl\u00e9 de persos expressifs et de sc\u00e8nes percutantes.","robots":{"index":"index","follow":"follow","max-snippet":"max-snippet:-1","max-image-preview":"max-image-preview:large","max-video-preview":"max-video-preview:-1"},"canonical":"https:\/\/comixburo.com\/en\/product\/sketchbook-mathot\/","og_locale":"en_GB","og_type":"article","og_title":"Sketchbook Mathot - comixburo.com","og_description":"Humour, dynamisme et clins d\u2019\u0153il cin\u00e9 : Mathot livre un sketchbook vif et d\u00e9cal\u00e9, peupl\u00e9 de persos expressifs et de sc\u00e8nes percutantes.","og_url":"https:\/\/comixburo.com\/en\/product\/sketchbook-mathot\/","og_site_name":"comixburo.com","article_publisher":"https:\/\/www.facebook.com\/comixburo","article_modified_time":"2025-05-06T09:12:50+00:00","og_image":[{"width":736,"height":898,"url":"https:\/\/comixburo.com\/wp-content\/uploads\/2024\/10\/Sketchbook-Mathot-Comix-Buro.webp","type":"image\/webp"}],"twitter_card":"summary_large_image","twitter_misc":{"Estimated reading time":"2 minutes"},"schema":{"@context":"https:\/\/schema.org","@graph":[{"@type":"WebPage","@id":"https:\/\/comixburo.com\/produit\/sketchbook-mathot\/","url":"https:\/\/comixburo.com\/produit\/sketchbook-mathot\/","name":"Sketchbook Mathot - comixburo.com","isPartOf":{"@id":"https:\/\/comixburo.com\/#website"},"primaryImageOfPage":{"@id":"https:\/\/comixburo.com\/produit\/sketchbook-mathot\/#primaryimage"},"image":{"@id":"https:\/\/comixburo.com\/produit\/sketchbook-mathot\/#primaryimage"},"thumbnailUrl":"https:\/\/comixburo.com\/wp-content\/uploads\/2024\/10\/Sketchbook-Mathot-Comix-Buro.webp","datePublished":"2024-10-25T14:26:20+00:00","dateModified":"2025-05-06T09:12:50+00:00","description":"Humour, dynamisme et clins d\u2019\u0153il cin\u00e9 : Mathot livre un sketchbook vif et d\u00e9cal\u00e9, peupl\u00e9 de persos expressifs et de sc\u00e8nes percutantes.","breadcrumb":{"@id":"https:\/\/comixburo.com\/produit\/sketchbook-mathot\/#breadcrumb"},"inLanguage":"en-GB","potentialAction":[{"@type":"ReadAction","target":["https:\/\/comixburo.com\/produit\/sketchbook-mathot\/"]}]},{"@type":"ImageObject","inLanguage":"en-GB","@id":"https:\/\/comixburo.com\/produit\/sketchbook-mathot\/#primaryimage","url":"https:\/\/comixburo.com\/wp-content\/uploads\/2024\/10\/Sketchbook-Mathot-Comix-Buro.webp","contentUrl":"https:\/\/comixburo.com\/wp-content\/uploads\/2024\/10\/Sketchbook-Mathot-Comix-Buro.webp","width":736,"height":898,"caption":"Couverture du sketchbook de Mathot"},{"@type":"BreadcrumbList","@id":"https:\/\/comixburo.com\/produit\/sketchbook-mathot\/#breadcrumb","itemListElement":[{"@type":"ListItem","position":1,"name":"Home","item":"https:\/\/comixburo.com\/"},{"@type":"ListItem","position":2,"name":"La boutique Comix Buro","item":"https:\/\/comixburo.com\/la-boutique-comix-buro\/"},{"@type":"ListItem","position":3,"name":"Sketchbook Mathot"}]},{"@type":"WebSite","@id":"https:\/\/comixburo.com\/#website","url":"https:\/\/comixburo.com\/","name":"comixburo.com","description":"Cr\u00e9ateur de projets : Sketchbook d&#039;artistes !","publisher":{"@id":"https:\/\/comixburo.com\/#organization"},"alternateName":"Comix Buro","potentialAction":[{"@type":"SearchAction","target":{"@type":"EntryPoint","urlTemplate":"https:\/\/comixburo.com\/?s={search_term_string}"},"query-input":{"@type":"PropertyValueSpecification","valueRequired":true,"valueName":"search_term_string"}}],"inLanguage":"en-GB"},{"@type":"Organization","@id":"https:\/\/comixburo.com\/#organization","name":"comixburo.com","url":"https:\/\/comixburo.com\/","logo":{"@type":"ImageObject","inLanguage":"en-GB","@id":"https:\/\/comixburo.com\/#\/schema\/logo\/image\/","url":"https:\/\/comixburo.com\/wp-content\/uploads\/2025\/04\/logo-cxb-ROND.webp","contentUrl":"https:\/\/comixburo.com\/wp-content\/uploads\/2025\/04\/logo-cxb-ROND.webp","width":200,"height":200,"caption":"comixburo.com"},"image":{"@id":"https:\/\/comixburo.com\/#\/schema\/logo\/image\/"},"sameAs":["https:\/\/www.facebook.com\/comixburo","https:\/\/www.instagram.com\/comixburo\/"]}]}},"jetpack_sharing_enabled":true,"_links":{"self":[{"href":"https:\/\/comixburo.com\/en\/wp-json\/wp\/v2\/product\/16216","targetHints":{"allow":["GET"]}}],"collection":[{"href":"https:\/\/comixburo.com\/en\/wp-json\/wp\/v2\/product"}],"about":[{"href":"https:\/\/comixburo.com\/en\/wp-json\/wp\/v2\/types\/product"}],"replies":[{"embeddable":true,"href":"https:\/\/comixburo.com\/en\/wp-json\/wp\/v2\/comments?post=16216"}],"version-history":[{"count":3,"href":"https:\/\/comixburo.com\/en\/wp-json\/wp\/v2\/product\/16216\/revisions"}],"predecessor-version":[{"id":20156,"href":"https:\/\/comixburo.com\/en\/wp-json\/wp\/v2\/product\/16216\/revisions\/20156"}],"wp:featuredmedia":[{"embeddable":true,"href":"https:\/\/comixburo.com\/en\/wp-json\/wp\/v2\/media\/16211"}],"wp:attachment":[{"href":"https:\/\/comixburo.com\/en\/wp-json\/wp\/v2\/media?parent=16216"}],"wp:term":[{"taxonomy":"product_brand","embeddable":true,"href":"https:\/\/comixburo.com\/en\/wp-json\/wp\/v2\/product_brand?post=16216"},{"taxonomy":"product_cat","embeddable":true,"href":"https:\/\/comixburo.com\/en\/wp-json\/wp\/v2\/product_cat?post=16216"},{"taxonomy":"product_tag","embeddable":true,"href":"https:\/\/comixburo.com\/en\/wp-json\/wp\/v2\/product_tag?post=16216"}],"curies":[{"name":"wp","href":"https:\/\/api.w.org\/{rel}","templated":true}]}}