{"id":16223,"date":"2024-10-25T16:35:04","date_gmt":"2024-10-25T14:35:04","guid":{"rendered":"https:\/\/comixburo.com\/?post_type=product&#038;p=16223"},"modified":"2025-05-06T11:12:49","modified_gmt":"2025-05-06T09:12:49","slug":"sketchbook-lereculey","status":"publish","type":"product","link":"https:\/\/comixburo.com\/en\/product\/sketchbook-lereculey\/","title":{"rendered":"Sketchbook Lereculey"},"content":{"rendered":"<p><strong>Sketchbook Lereculey<\/strong><\/p>\n<ul>\n<li>Auteur : J\u00e9r\u00f4me Lereculey<\/li>\n<li>\u00c9diteur : <a href=\"https:\/\/comixburo.com\/en\/\">Comix Buro<\/a><\/li>\n<li>ISBN : 9782916518831<\/li>\n<li>48 pages couleur \u2014 Format : 18 x 22 cm \u2014 Broch\u00e9<\/li>\n<li>Les 900 premiers exemplaires sont num\u00e9rot\u00e9s et sign\u00e9s par l\u2019auteur.<\/li>\n<\/ul>\n<p class=\"\" data-start=\"95\" data-end=\"446\">J\u00e9r\u00f4me Lereculey est le dessinateur du polar <em data-start=\"140\" data-end=\"152\">Nuit Noire<\/em>, sc\u00e9naris\u00e9 par David Chauvel. Ce livre lui a valu le prix du Ballon Rouge au festival Quai des Bulles. Mais il est surtout connu pour ses r\u00e9cits l\u00e9gendaires, notamment son adaptation en BD de la vie du roi Arthur. Cette saga retrace l\u2019histoire de la Bretagne avant sa christianisation.<\/p>\n<p class=\"\" data-start=\"448\" data-end=\"738\">Lereculey aime les univers fantastiques, l\u2019heroic fantasy\u2026 et m\u00eame la Celtic fantasy. Cette passion transpara\u00eet dans ce sketchbook. Chevaliers en armure, \u00e9cuy\u00e8res, guerri\u00e8res d\u00e9nud\u00e9es, batailles \u00e9piques, ch\u00e2teaux assi\u00e9g\u00e9s\u2026 tout y est. Et surtout : un incroyable bestiaire de gnomes.<\/p>\n<p class=\"\" data-start=\"740\" data-end=\"924\">On y croise aussi trolls, licornes, centaures, dragons, loups-garous et g\u00e9ants. Ce sketchbook regorge de pages de crayonn\u00e9s. Elles r\u00e9v\u00e8lent la finesse et l\u2019\u00e9nergie de son dessin.<\/p>\n<p class=\"\" data-start=\"926\" data-end=\"1170\">Lereculey ma\u00eetrise parfaitement le mouvement et l\u2019anatomie, humaine comme animale. Certaines pages mettent en valeur ses croquis d\u2019\u00e9quid\u00e9s. Ses percherons, dessin\u00e9s au haras du Pin lors d\u2019une r\u00e9sidence, sont particuli\u00e8rement remarquables.<\/p>\n<p>Avec la collection Sketchbooks, <a href=\"https:\/\/comixburo.com\/en\/\" target=\"_blank\" rel=\"noopener\">Comix Buro<\/a>\u00a0vous invite \u00e0 feuilleter les carnets des meilleurs artistes de la bande dessin\u00e9e et de l\u2019illustration.<br \/>\nVous y trouverez au d\u00e9tour des pages des cr\u00e9atures \u00e9tranges, des mod\u00e8les vivants captur\u00e9s sur papier, des croquis ramen\u00e9s de pays lointains, des vaisseaux spatiaux sur leur pas de tir, des story-boards, et bien d\u2019autres choses encore.<\/p>","protected":false},"excerpt":{"rendered":"<p><strong>Sketchbook Lereculey<\/strong><\/p>\n<p>Plongez dans l\u2019univers de la collection\u00a0<em>Sketchbooks<\/em>\u00a0publi\u00e9e par COMIX BURO et d\u00e9couvrez les carnets de croquis des meilleurs auteurs et autrices de bande dessin\u00e9e !<\/p>","protected":false},"featured_media":16209,"comment_status":"open","ping_status":"closed","template":"","meta":[],"product_brand":[108],"product_cat":[110,75,93],"product_tag":[],"class_list":{"0":"post-16223","1":"product","2":"type-product","3":"status-publish","4":"has-post-thumbnail","6":"product_brand-comix-buro","7":"product_cat-comix-buro","8":"product_cat-sketchbook","9":"product_cat-tous","11":"first","12":"instock","13":"taxable","14":"shipping-taxable","15":"purchasable","16":"product-type-simple"},"yoast_head":"<!-- This site is optimized with the Yoast SEO plugin v26.9 - https:\/\/yoast.com\/product\/yoast-seo-wordpress\/ -->\n<title>Sketchbook Lereculey - comixburo.com<\/title>\n<meta name=\"description\" content=\"Plongez dans l\u2019univers \u00e9pique de Lereculey : h\u00e9ros, batailles, esquisses puissantes et d\u00e9cors grandioses dignes des plus grandes sagas.\" \/>\n<meta name=\"robots\" content=\"index, follow, max-snippet:-1, max-image-preview:large, max-video-preview:-1\" \/>\n<link rel=\"canonical\" href=\"https:\/\/comixburo.com\/en\/product\/sketchbook-lereculey\/\" \/>\n<meta property=\"og:locale\" content=\"en_GB\" \/>\n<meta property=\"og:type\" content=\"article\" \/>\n<meta property=\"og:title\" content=\"Sketchbook Lereculey - comixburo.com\" \/>\n<meta property=\"og:description\" content=\"Plongez dans l\u2019univers \u00e9pique de Lereculey : h\u00e9ros, batailles, esquisses puissantes et d\u00e9cors grandioses dignes des plus grandes sagas.\" \/>\n<meta property=\"og:url\" content=\"https:\/\/comixburo.com\/en\/product\/sketchbook-lereculey\/\" \/>\n<meta property=\"og:site_name\" content=\"comixburo.com\" \/>\n<meta property=\"article:publisher\" content=\"https:\/\/www.facebook.com\/comixburo\" \/>\n<meta property=\"article:modified_time\" content=\"2025-05-06T09:12:49+00:00\" \/>\n<meta property=\"og:image\" content=\"https:\/\/comixburo.com\/wp-content\/uploads\/2024\/10\/Sketchbook-Lereculey-Comix-Buro.webp\" \/>\n\t<meta property=\"og:image:width\" content=\"736\" \/>\n\t<meta property=\"og:image:height\" content=\"900\" \/>\n\t<meta property=\"og:image:type\" content=\"image\/webp\" \/>\n<meta name=\"twitter:card\" content=\"summary_large_image\" \/>\n<meta name=\"twitter:label1\" content=\"Estimated reading time\" \/>\n\t<meta name=\"twitter:data1\" content=\"2 minutes\" \/>\n<script type=\"application\/ld+json\" class=\"yoast-schema-graph\">{\"@context\":\"https:\/\/schema.org\",\"@graph\":[{\"@type\":\"WebPage\",\"@id\":\"https:\/\/comixburo.com\/produit\/sketchbook-lereculey\/\",\"url\":\"https:\/\/comixburo.com\/produit\/sketchbook-lereculey\/\",\"name\":\"Sketchbook Lereculey - comixburo.com\",\"isPartOf\":{\"@id\":\"https:\/\/comixburo.com\/#website\"},\"primaryImageOfPage\":{\"@id\":\"https:\/\/comixburo.com\/produit\/sketchbook-lereculey\/#primaryimage\"},\"image\":{\"@id\":\"https:\/\/comixburo.com\/produit\/sketchbook-lereculey\/#primaryimage\"},\"thumbnailUrl\":\"https:\/\/comixburo.com\/wp-content\/uploads\/2024\/10\/Sketchbook-Lereculey-Comix-Buro.webp\",\"datePublished\":\"2024-10-25T14:35:04+00:00\",\"dateModified\":\"2025-05-06T09:12:49+00:00\",\"description\":\"Plongez dans l\u2019univers \u00e9pique de Lereculey : h\u00e9ros, batailles, esquisses puissantes et d\u00e9cors grandioses dignes des plus grandes sagas.\",\"breadcrumb\":{\"@id\":\"https:\/\/comixburo.com\/produit\/sketchbook-lereculey\/#breadcrumb\"},\"inLanguage\":\"en-GB\",\"potentialAction\":[{\"@type\":\"ReadAction\",\"target\":[\"https:\/\/comixburo.com\/produit\/sketchbook-lereculey\/\"]}]},{\"@type\":\"ImageObject\",\"inLanguage\":\"en-GB\",\"@id\":\"https:\/\/comixburo.com\/produit\/sketchbook-lereculey\/#primaryimage\",\"url\":\"https:\/\/comixburo.com\/wp-content\/uploads\/2024\/10\/Sketchbook-Lereculey-Comix-Buro.webp\",\"contentUrl\":\"https:\/\/comixburo.com\/wp-content\/uploads\/2024\/10\/Sketchbook-Lereculey-Comix-Buro.webp\",\"width\":736,\"height\":900,\"caption\":\"Couverture du sketchbook de Lereculey\"},{\"@type\":\"BreadcrumbList\",\"@id\":\"https:\/\/comixburo.com\/produit\/sketchbook-lereculey\/#breadcrumb\",\"itemListElement\":[{\"@type\":\"ListItem\",\"position\":1,\"name\":\"Home\",\"item\":\"https:\/\/comixburo.com\/\"},{\"@type\":\"ListItem\",\"position\":2,\"name\":\"La boutique Comix Buro\",\"item\":\"https:\/\/comixburo.com\/la-boutique-comix-buro\/\"},{\"@type\":\"ListItem\",\"position\":3,\"name\":\"Sketchbook Lereculey\"}]},{\"@type\":\"WebSite\",\"@id\":\"https:\/\/comixburo.com\/#website\",\"url\":\"https:\/\/comixburo.com\/\",\"name\":\"comixburo.com\",\"description\":\"Cr\u00e9ateur de projets : Sketchbook d&#039;artistes !\",\"publisher\":{\"@id\":\"https:\/\/comixburo.com\/#organization\"},\"alternateName\":\"Comix Buro\",\"potentialAction\":[{\"@type\":\"SearchAction\",\"target\":{\"@type\":\"EntryPoint\",\"urlTemplate\":\"https:\/\/comixburo.com\/?s={search_term_string}\"},\"query-input\":{\"@type\":\"PropertyValueSpecification\",\"valueRequired\":true,\"valueName\":\"search_term_string\"}}],\"inLanguage\":\"en-GB\"},{\"@type\":\"Organization\",\"@id\":\"https:\/\/comixburo.com\/#organization\",\"name\":\"comixburo.com\",\"url\":\"https:\/\/comixburo.com\/\",\"logo\":{\"@type\":\"ImageObject\",\"inLanguage\":\"en-GB\",\"@id\":\"https:\/\/comixburo.com\/#\/schema\/logo\/image\/\",\"url\":\"https:\/\/comixburo.com\/wp-content\/uploads\/2025\/04\/logo-cxb-ROND.webp\",\"contentUrl\":\"https:\/\/comixburo.com\/wp-content\/uploads\/2025\/04\/logo-cxb-ROND.webp\",\"width\":200,\"height\":200,\"caption\":\"comixburo.com\"},\"image\":{\"@id\":\"https:\/\/comixburo.com\/#\/schema\/logo\/image\/\"},\"sameAs\":[\"https:\/\/www.facebook.com\/comixburo\",\"https:\/\/www.instagram.com\/comixburo\/\"]}]}<\/script>\n<!-- \/ Yoast SEO plugin. -->","yoast_head_json":{"title":"Sketchbook Lereculey - comixburo.com","description":"Plongez dans l\u2019univers \u00e9pique de Lereculey : h\u00e9ros, batailles, esquisses puissantes et d\u00e9cors grandioses dignes des plus grandes sagas.","robots":{"index":"index","follow":"follow","max-snippet":"max-snippet:-1","max-image-preview":"max-image-preview:large","max-video-preview":"max-video-preview:-1"},"canonical":"https:\/\/comixburo.com\/en\/product\/sketchbook-lereculey\/","og_locale":"en_GB","og_type":"article","og_title":"Sketchbook Lereculey - comixburo.com","og_description":"Plongez dans l\u2019univers \u00e9pique de Lereculey : h\u00e9ros, batailles, esquisses puissantes et d\u00e9cors grandioses dignes des plus grandes sagas.","og_url":"https:\/\/comixburo.com\/en\/product\/sketchbook-lereculey\/","og_site_name":"comixburo.com","article_publisher":"https:\/\/www.facebook.com\/comixburo","article_modified_time":"2025-05-06T09:12:49+00:00","og_image":[{"width":736,"height":900,"url":"https:\/\/comixburo.com\/wp-content\/uploads\/2024\/10\/Sketchbook-Lereculey-Comix-Buro.webp","type":"image\/webp"}],"twitter_card":"summary_large_image","twitter_misc":{"Estimated reading time":"2 minutes"},"schema":{"@context":"https:\/\/schema.org","@graph":[{"@type":"WebPage","@id":"https:\/\/comixburo.com\/produit\/sketchbook-lereculey\/","url":"https:\/\/comixburo.com\/produit\/sketchbook-lereculey\/","name":"Sketchbook Lereculey - comixburo.com","isPartOf":{"@id":"https:\/\/comixburo.com\/#website"},"primaryImageOfPage":{"@id":"https:\/\/comixburo.com\/produit\/sketchbook-lereculey\/#primaryimage"},"image":{"@id":"https:\/\/comixburo.com\/produit\/sketchbook-lereculey\/#primaryimage"},"thumbnailUrl":"https:\/\/comixburo.com\/wp-content\/uploads\/2024\/10\/Sketchbook-Lereculey-Comix-Buro.webp","datePublished":"2024-10-25T14:35:04+00:00","dateModified":"2025-05-06T09:12:49+00:00","description":"Plongez dans l\u2019univers \u00e9pique de Lereculey : h\u00e9ros, batailles, esquisses puissantes et d\u00e9cors grandioses dignes des plus grandes sagas.","breadcrumb":{"@id":"https:\/\/comixburo.com\/produit\/sketchbook-lereculey\/#breadcrumb"},"inLanguage":"en-GB","potentialAction":[{"@type":"ReadAction","target":["https:\/\/comixburo.com\/produit\/sketchbook-lereculey\/"]}]},{"@type":"ImageObject","inLanguage":"en-GB","@id":"https:\/\/comixburo.com\/produit\/sketchbook-lereculey\/#primaryimage","url":"https:\/\/comixburo.com\/wp-content\/uploads\/2024\/10\/Sketchbook-Lereculey-Comix-Buro.webp","contentUrl":"https:\/\/comixburo.com\/wp-content\/uploads\/2024\/10\/Sketchbook-Lereculey-Comix-Buro.webp","width":736,"height":900,"caption":"Couverture du sketchbook de Lereculey"},{"@type":"BreadcrumbList","@id":"https:\/\/comixburo.com\/produit\/sketchbook-lereculey\/#breadcrumb","itemListElement":[{"@type":"ListItem","position":1,"name":"Home","item":"https:\/\/comixburo.com\/"},{"@type":"ListItem","position":2,"name":"La boutique Comix Buro","item":"https:\/\/comixburo.com\/la-boutique-comix-buro\/"},{"@type":"ListItem","position":3,"name":"Sketchbook Lereculey"}]},{"@type":"WebSite","@id":"https:\/\/comixburo.com\/#website","url":"https:\/\/comixburo.com\/","name":"comixburo.com","description":"Cr\u00e9ateur de projets : Sketchbook d&#039;artistes !","publisher":{"@id":"https:\/\/comixburo.com\/#organization"},"alternateName":"Comix Buro","potentialAction":[{"@type":"SearchAction","target":{"@type":"EntryPoint","urlTemplate":"https:\/\/comixburo.com\/?s={search_term_string}"},"query-input":{"@type":"PropertyValueSpecification","valueRequired":true,"valueName":"search_term_string"}}],"inLanguage":"en-GB"},{"@type":"Organization","@id":"https:\/\/comixburo.com\/#organization","name":"comixburo.com","url":"https:\/\/comixburo.com\/","logo":{"@type":"ImageObject","inLanguage":"en-GB","@id":"https:\/\/comixburo.com\/#\/schema\/logo\/image\/","url":"https:\/\/comixburo.com\/wp-content\/uploads\/2025\/04\/logo-cxb-ROND.webp","contentUrl":"https:\/\/comixburo.com\/wp-content\/uploads\/2025\/04\/logo-cxb-ROND.webp","width":200,"height":200,"caption":"comixburo.com"},"image":{"@id":"https:\/\/comixburo.com\/#\/schema\/logo\/image\/"},"sameAs":["https:\/\/www.facebook.com\/comixburo","https:\/\/www.instagram.com\/comixburo\/"]}]}},"jetpack_sharing_enabled":true,"_links":{"self":[{"href":"https:\/\/comixburo.com\/en\/wp-json\/wp\/v2\/product\/16223","targetHints":{"allow":["GET"]}}],"collection":[{"href":"https:\/\/comixburo.com\/en\/wp-json\/wp\/v2\/product"}],"about":[{"href":"https:\/\/comixburo.com\/en\/wp-json\/wp\/v2\/types\/product"}],"replies":[{"embeddable":true,"href":"https:\/\/comixburo.com\/en\/wp-json\/wp\/v2\/comments?post=16223"}],"version-history":[{"count":4,"href":"https:\/\/comixburo.com\/en\/wp-json\/wp\/v2\/product\/16223\/revisions"}],"predecessor-version":[{"id":20153,"href":"https:\/\/comixburo.com\/en\/wp-json\/wp\/v2\/product\/16223\/revisions\/20153"}],"wp:featuredmedia":[{"embeddable":true,"href":"https:\/\/comixburo.com\/en\/wp-json\/wp\/v2\/media\/16209"}],"wp:attachment":[{"href":"https:\/\/comixburo.com\/en\/wp-json\/wp\/v2\/media?parent=16223"}],"wp:term":[{"taxonomy":"product_brand","embeddable":true,"href":"https:\/\/comixburo.com\/en\/wp-json\/wp\/v2\/product_brand?post=16223"},{"taxonomy":"product_cat","embeddable":true,"href":"https:\/\/comixburo.com\/en\/wp-json\/wp\/v2\/product_cat?post=16223"},{"taxonomy":"product_tag","embeddable":true,"href":"https:\/\/comixburo.com\/en\/wp-json\/wp\/v2\/product_tag?post=16223"}],"curies":[{"name":"wp","href":"https:\/\/api.w.org\/{rel}","templated":true}]}}