{"id":16229,"date":"2024-10-25T16:54:47","date_gmt":"2024-10-25T14:54:47","guid":{"rendered":"https:\/\/comixburo.com\/?post_type=product&#038;p=16229"},"modified":"2025-05-06T11:12:49","modified_gmt":"2025-05-06T09:12:49","slug":"sketchbook-bertail","status":"publish","type":"product","link":"https:\/\/comixburo.com\/en\/product\/sketchbook-bertail\/","title":{"rendered":"Sketchbook Bertail"},"content":{"rendered":"<h2><strong>Sketchbook Bertail<\/strong><\/h2>\n<h3>Entrez dans l\u2019univers d\u00e9routant de Dominique Bertail, le dessinateur de la s\u00e9rie Ghost Money, sc\u00e9naris\u00e9e par Thierry Smolderen.<\/h3>\n<ul>\n<li>Auteur : <a href=\"https:\/\/www.instagram.com\/dominique_bertail\/\">Dominique Bertail<\/a><\/li>\n<li>\u00c9diteur : <a href=\"https:\/\/comixburo.com\/en\/\">Comix Buro<\/a><\/li>\n<li>Date de parution : 2015<\/li>\n<li>isbn : 9782916518794<\/li>\n<li>48 pages couleur \u2014 Format : 18 x 22 cm \u2014 Broch\u00e9<\/li>\n<li>Les 900 premiers exemplaires sont num\u00e9rot\u00e9s et sign\u00e9s par l\u2019auteur.<\/li>\n<\/ul>\n<p>Tr\u00e8s belle entr\u00e9e en mati\u00e8re avec une petite histoire de la mode. On d\u00e9couvre l\u2019auteur en v\u00e9ritable styliste !<br \/>\nV\u00eatements d\u2019\u00e9poque, costumes, uniformes pour Shandy, un vrai r\u00e9gal pour les yeux avec lesquels l\u2019\u00e9l\u00e9gance est de loin le ma\u00eetre mot !<\/p>\n<p>Puis Bertail nous ouvre les portes de son univers \u00e9clectique : paysages, cow-boys, portraits de ses contemporains et de ses confr\u00e8res auteurs de BD, d\u00e9dicaces sur Shandy, hommages \u00e0 Blueberry, Thorgal, Male Call ou Prince Valiant. Vous l\u2019aurez compris, ce sketchbook fourmille de croquis en tout genre. Son dessin est pr\u00e9cis, son trait nerveux et puissant, on passe d\u2019une technique \u00e0 une autre. Nous sommes \u00e9mus, touch\u00e9s par la sensibilit\u00e9 de cet artiste aux multiples talents.<\/p>\n<p>With the collection <a href=\"https:\/\/attakus.art\/?s=sketchbook&amp;post_type=product\" target=\"_blank\" rel=\"noopener\">Sketchbooks<\/a>,\u00a0<a href=\"https:\/\/comixburo.com\/en\/\" target=\"_blank\" rel=\"noopener\">Comix Buro\u00a0<\/a>vous invite \u00e0 feuilleter les carnets des meilleurs artistes de la bande dessin\u00e9e et de l\u2019illustration.<\/p>","protected":false},"excerpt":{"rendered":"<p><strong>Sketchbook Bertail<\/strong><\/p>\n<p>Entrez dans l\u2019univers d\u00e9routant de Dominique Bertail, le dessinateur de la s\u00e9rie Ghost Money, sc\u00e9naris\u00e9e par Thierry Smolderen.<\/p>","protected":false},"featured_media":16206,"comment_status":"open","ping_status":"closed","template":"","meta":[],"product_brand":[108],"product_cat":[110,75,93],"product_tag":[],"class_list":{"0":"post-16229","1":"product","2":"type-product","3":"status-publish","4":"has-post-thumbnail","6":"product_brand-comix-buro","7":"product_cat-comix-buro","8":"product_cat-sketchbook","9":"product_cat-tous","11":"first","12":"instock","13":"taxable","14":"shipping-taxable","15":"purchasable","16":"product-type-simple"},"yoast_head":"<!-- This site is optimized with the Yoast SEO plugin v26.9 - https:\/\/yoast.com\/product\/yoast-seo-wordpress\/ -->\n<title>Sketchbook Bertail - comixburo.com<\/title>\n<meta name=\"description\" content=\"D\u00e9couvrez le sketchbook de Bertail : croquis, ambiances urbaines, designs SF et recherches pour ses bandes dessin\u00e9es cultes.\" \/>\n<meta name=\"robots\" content=\"index, follow, max-snippet:-1, max-image-preview:large, max-video-preview:-1\" \/>\n<link rel=\"canonical\" href=\"https:\/\/comixburo.com\/en\/product\/sketchbook-bertail\/\" \/>\n<meta property=\"og:locale\" content=\"en_GB\" \/>\n<meta property=\"og:type\" content=\"article\" \/>\n<meta property=\"og:title\" content=\"Sketchbook Bertail - comixburo.com\" \/>\n<meta property=\"og:description\" content=\"D\u00e9couvrez le sketchbook de Bertail : croquis, ambiances urbaines, designs SF et recherches pour ses bandes dessin\u00e9es cultes.\" \/>\n<meta property=\"og:url\" content=\"https:\/\/comixburo.com\/en\/product\/sketchbook-bertail\/\" \/>\n<meta property=\"og:site_name\" content=\"comixburo.com\" \/>\n<meta property=\"article:publisher\" content=\"https:\/\/www.facebook.com\/comixburo\" \/>\n<meta property=\"article:modified_time\" content=\"2025-05-06T09:12:49+00:00\" \/>\n<meta property=\"og:image\" content=\"https:\/\/comixburo.com\/wp-content\/uploads\/2024\/10\/Sketchbook-Bertail-Comix-Buro.webp\" \/>\n\t<meta property=\"og:image:width\" content=\"736\" \/>\n\t<meta property=\"og:image:height\" content=\"900\" \/>\n\t<meta property=\"og:image:type\" content=\"image\/webp\" \/>\n<meta name=\"twitter:card\" content=\"summary_large_image\" \/>\n<meta name=\"twitter:label1\" content=\"Estimated reading time\" \/>\n\t<meta name=\"twitter:data1\" content=\"2 minutes\" \/>\n<script type=\"application\/ld+json\" class=\"yoast-schema-graph\">{\"@context\":\"https:\/\/schema.org\",\"@graph\":[{\"@type\":\"WebPage\",\"@id\":\"https:\/\/comixburo.com\/produit\/sketchbook-bertail\/\",\"url\":\"https:\/\/comixburo.com\/produit\/sketchbook-bertail\/\",\"name\":\"Sketchbook Bertail - comixburo.com\",\"isPartOf\":{\"@id\":\"https:\/\/comixburo.com\/#website\"},\"primaryImageOfPage\":{\"@id\":\"https:\/\/comixburo.com\/produit\/sketchbook-bertail\/#primaryimage\"},\"image\":{\"@id\":\"https:\/\/comixburo.com\/produit\/sketchbook-bertail\/#primaryimage\"},\"thumbnailUrl\":\"https:\/\/comixburo.com\/wp-content\/uploads\/2024\/10\/Sketchbook-Bertail-Comix-Buro.webp\",\"datePublished\":\"2024-10-25T14:54:47+00:00\",\"dateModified\":\"2025-05-06T09:12:49+00:00\",\"description\":\"D\u00e9couvrez le sketchbook de Bertail : croquis, ambiances urbaines, designs SF et recherches pour ses bandes dessin\u00e9es cultes.\",\"breadcrumb\":{\"@id\":\"https:\/\/comixburo.com\/produit\/sketchbook-bertail\/#breadcrumb\"},\"inLanguage\":\"en-GB\",\"potentialAction\":[{\"@type\":\"ReadAction\",\"target\":[\"https:\/\/comixburo.com\/produit\/sketchbook-bertail\/\"]}]},{\"@type\":\"ImageObject\",\"inLanguage\":\"en-GB\",\"@id\":\"https:\/\/comixburo.com\/produit\/sketchbook-bertail\/#primaryimage\",\"url\":\"https:\/\/comixburo.com\/wp-content\/uploads\/2024\/10\/Sketchbook-Bertail-Comix-Buro.webp\",\"contentUrl\":\"https:\/\/comixburo.com\/wp-content\/uploads\/2024\/10\/Sketchbook-Bertail-Comix-Buro.webp\",\"width\":736,\"height\":900,\"caption\":\"Couverture du sketchbook de bertail\"},{\"@type\":\"BreadcrumbList\",\"@id\":\"https:\/\/comixburo.com\/produit\/sketchbook-bertail\/#breadcrumb\",\"itemListElement\":[{\"@type\":\"ListItem\",\"position\":1,\"name\":\"Home\",\"item\":\"https:\/\/comixburo.com\/\"},{\"@type\":\"ListItem\",\"position\":2,\"name\":\"La boutique Comix Buro\",\"item\":\"https:\/\/comixburo.com\/la-boutique-comix-buro\/\"},{\"@type\":\"ListItem\",\"position\":3,\"name\":\"Sketchbook Bertail\"}]},{\"@type\":\"WebSite\",\"@id\":\"https:\/\/comixburo.com\/#website\",\"url\":\"https:\/\/comixburo.com\/\",\"name\":\"comixburo.com\",\"description\":\"Cr\u00e9ateur de projets : Sketchbook d&#039;artistes !\",\"publisher\":{\"@id\":\"https:\/\/comixburo.com\/#organization\"},\"alternateName\":\"Comix Buro\",\"potentialAction\":[{\"@type\":\"SearchAction\",\"target\":{\"@type\":\"EntryPoint\",\"urlTemplate\":\"https:\/\/comixburo.com\/?s={search_term_string}\"},\"query-input\":{\"@type\":\"PropertyValueSpecification\",\"valueRequired\":true,\"valueName\":\"search_term_string\"}}],\"inLanguage\":\"en-GB\"},{\"@type\":\"Organization\",\"@id\":\"https:\/\/comixburo.com\/#organization\",\"name\":\"comixburo.com\",\"url\":\"https:\/\/comixburo.com\/\",\"logo\":{\"@type\":\"ImageObject\",\"inLanguage\":\"en-GB\",\"@id\":\"https:\/\/comixburo.com\/#\/schema\/logo\/image\/\",\"url\":\"https:\/\/comixburo.com\/wp-content\/uploads\/2025\/04\/logo-cxb-ROND.webp\",\"contentUrl\":\"https:\/\/comixburo.com\/wp-content\/uploads\/2025\/04\/logo-cxb-ROND.webp\",\"width\":200,\"height\":200,\"caption\":\"comixburo.com\"},\"image\":{\"@id\":\"https:\/\/comixburo.com\/#\/schema\/logo\/image\/\"},\"sameAs\":[\"https:\/\/www.facebook.com\/comixburo\",\"https:\/\/www.instagram.com\/comixburo\/\"]}]}<\/script>\n<!-- \/ Yoast SEO plugin. -->","yoast_head_json":{"title":"Sketchbook Bertail - comixburo.com","description":"D\u00e9couvrez le sketchbook de Bertail : croquis, ambiances urbaines, designs SF et recherches pour ses bandes dessin\u00e9es cultes.","robots":{"index":"index","follow":"follow","max-snippet":"max-snippet:-1","max-image-preview":"max-image-preview:large","max-video-preview":"max-video-preview:-1"},"canonical":"https:\/\/comixburo.com\/en\/product\/sketchbook-bertail\/","og_locale":"en_GB","og_type":"article","og_title":"Sketchbook Bertail - comixburo.com","og_description":"D\u00e9couvrez le sketchbook de Bertail : croquis, ambiances urbaines, designs SF et recherches pour ses bandes dessin\u00e9es cultes.","og_url":"https:\/\/comixburo.com\/en\/product\/sketchbook-bertail\/","og_site_name":"comixburo.com","article_publisher":"https:\/\/www.facebook.com\/comixburo","article_modified_time":"2025-05-06T09:12:49+00:00","og_image":[{"width":736,"height":900,"url":"https:\/\/comixburo.com\/wp-content\/uploads\/2024\/10\/Sketchbook-Bertail-Comix-Buro.webp","type":"image\/webp"}],"twitter_card":"summary_large_image","twitter_misc":{"Estimated reading time":"2 minutes"},"schema":{"@context":"https:\/\/schema.org","@graph":[{"@type":"WebPage","@id":"https:\/\/comixburo.com\/produit\/sketchbook-bertail\/","url":"https:\/\/comixburo.com\/produit\/sketchbook-bertail\/","name":"Sketchbook Bertail - comixburo.com","isPartOf":{"@id":"https:\/\/comixburo.com\/#website"},"primaryImageOfPage":{"@id":"https:\/\/comixburo.com\/produit\/sketchbook-bertail\/#primaryimage"},"image":{"@id":"https:\/\/comixburo.com\/produit\/sketchbook-bertail\/#primaryimage"},"thumbnailUrl":"https:\/\/comixburo.com\/wp-content\/uploads\/2024\/10\/Sketchbook-Bertail-Comix-Buro.webp","datePublished":"2024-10-25T14:54:47+00:00","dateModified":"2025-05-06T09:12:49+00:00","description":"D\u00e9couvrez le sketchbook de Bertail : croquis, ambiances urbaines, designs SF et recherches pour ses bandes dessin\u00e9es cultes.","breadcrumb":{"@id":"https:\/\/comixburo.com\/produit\/sketchbook-bertail\/#breadcrumb"},"inLanguage":"en-GB","potentialAction":[{"@type":"ReadAction","target":["https:\/\/comixburo.com\/produit\/sketchbook-bertail\/"]}]},{"@type":"ImageObject","inLanguage":"en-GB","@id":"https:\/\/comixburo.com\/produit\/sketchbook-bertail\/#primaryimage","url":"https:\/\/comixburo.com\/wp-content\/uploads\/2024\/10\/Sketchbook-Bertail-Comix-Buro.webp","contentUrl":"https:\/\/comixburo.com\/wp-content\/uploads\/2024\/10\/Sketchbook-Bertail-Comix-Buro.webp","width":736,"height":900,"caption":"Couverture du sketchbook de bertail"},{"@type":"BreadcrumbList","@id":"https:\/\/comixburo.com\/produit\/sketchbook-bertail\/#breadcrumb","itemListElement":[{"@type":"ListItem","position":1,"name":"Home","item":"https:\/\/comixburo.com\/"},{"@type":"ListItem","position":2,"name":"La boutique Comix Buro","item":"https:\/\/comixburo.com\/la-boutique-comix-buro\/"},{"@type":"ListItem","position":3,"name":"Sketchbook Bertail"}]},{"@type":"WebSite","@id":"https:\/\/comixburo.com\/#website","url":"https:\/\/comixburo.com\/","name":"comixburo.com","description":"Cr\u00e9ateur de projets : Sketchbook d&#039;artistes !","publisher":{"@id":"https:\/\/comixburo.com\/#organization"},"alternateName":"Comix Buro","potentialAction":[{"@type":"SearchAction","target":{"@type":"EntryPoint","urlTemplate":"https:\/\/comixburo.com\/?s={search_term_string}"},"query-input":{"@type":"PropertyValueSpecification","valueRequired":true,"valueName":"search_term_string"}}],"inLanguage":"en-GB"},{"@type":"Organization","@id":"https:\/\/comixburo.com\/#organization","name":"comixburo.com","url":"https:\/\/comixburo.com\/","logo":{"@type":"ImageObject","inLanguage":"en-GB","@id":"https:\/\/comixburo.com\/#\/schema\/logo\/image\/","url":"https:\/\/comixburo.com\/wp-content\/uploads\/2025\/04\/logo-cxb-ROND.webp","contentUrl":"https:\/\/comixburo.com\/wp-content\/uploads\/2025\/04\/logo-cxb-ROND.webp","width":200,"height":200,"caption":"comixburo.com"},"image":{"@id":"https:\/\/comixburo.com\/#\/schema\/logo\/image\/"},"sameAs":["https:\/\/www.facebook.com\/comixburo","https:\/\/www.instagram.com\/comixburo\/"]}]}},"jetpack_sharing_enabled":true,"_links":{"self":[{"href":"https:\/\/comixburo.com\/en\/wp-json\/wp\/v2\/product\/16229","targetHints":{"allow":["GET"]}}],"collection":[{"href":"https:\/\/comixburo.com\/en\/wp-json\/wp\/v2\/product"}],"about":[{"href":"https:\/\/comixburo.com\/en\/wp-json\/wp\/v2\/types\/product"}],"replies":[{"embeddable":true,"href":"https:\/\/comixburo.com\/en\/wp-json\/wp\/v2\/comments?post=16229"}],"version-history":[{"count":3,"href":"https:\/\/comixburo.com\/en\/wp-json\/wp\/v2\/product\/16229\/revisions"}],"predecessor-version":[{"id":20140,"href":"https:\/\/comixburo.com\/en\/wp-json\/wp\/v2\/product\/16229\/revisions\/20140"}],"wp:featuredmedia":[{"embeddable":true,"href":"https:\/\/comixburo.com\/en\/wp-json\/wp\/v2\/media\/16206"}],"wp:attachment":[{"href":"https:\/\/comixburo.com\/en\/wp-json\/wp\/v2\/media?parent=16229"}],"wp:term":[{"taxonomy":"product_brand","embeddable":true,"href":"https:\/\/comixburo.com\/en\/wp-json\/wp\/v2\/product_brand?post=16229"},{"taxonomy":"product_cat","embeddable":true,"href":"https:\/\/comixburo.com\/en\/wp-json\/wp\/v2\/product_cat?post=16229"},{"taxonomy":"product_tag","embeddable":true,"href":"https:\/\/comixburo.com\/en\/wp-json\/wp\/v2\/product_tag?post=16229"}],"curies":[{"name":"wp","href":"https:\/\/api.w.org\/{rel}","templated":true}]}}