{"id":16231,"date":"2024-10-25T16:55:54","date_gmt":"2024-10-25T14:55:54","guid":{"rendered":"https:\/\/comixburo.com\/?post_type=product&#038;p=16231"},"modified":"2025-05-06T11:12:49","modified_gmt":"2025-05-06T09:12:49","slug":"sketchbook-vatine-3","status":"publish","type":"product","link":"https:\/\/comixburo.com\/en\/product\/sketchbook-vatine-3\/","title":{"rendered":"Sketchbook Vatine #3."},"content":{"rendered":"<h2><strong>Sketchbook Vatine #3<\/strong><\/h2>\n<ul>\n<li>Auteur : <a href=\"https:\/\/www.instagram.com\/oliviervatine\/\">Olivier Vatine<\/a><\/li>\n<li>\u00c9diteur : <a href=\"https:\/\/comixburo.com\/en\/\">Comix Buro<\/a><\/li>\n<li>ISBN : 9782916518411<\/li>\n<li>48 pages couleur \u2014 Format : 18 x 22 cm \u2014 Broch\u00e9<\/li>\n<li>Les 900 premiers exemplaires sont num\u00e9rot\u00e9s et sign\u00e9s par l\u2019auteur.<\/li>\n<\/ul>\n<p>Voici le 3\u1d49 opus, tant attendu, des <a href=\"https:\/\/attakus.art\/?s=sketchboo&amp;post_type=product\" target=\"_blank\" rel=\"noopener\">sketchbooks<\/a>\u00a0Vatine #3.<br \/>\nCe nouveau volet, sensiblement diff\u00e9rent des deux pr\u00e9c\u00e9dents, concentre plus d\u2019illustrations couleur. Mais \u00e9galement des d\u00e9cors de films d\u2019animation, du d\u00e9veloppement pour le cin\u00e9ma et des illustrations r\u00e9alis\u00e9es \u00e0 quatre mains avec Manchu. L\u2019esprit, lui, reste le m\u00eame : des pin-up sexy, de la SF.<\/p>\n<p>Ainsi que de l\u2019heroic fantasy, des croquis jet\u00e9s sur des coins de table, du mouvement, de l\u2019\u00e9l\u00e9gance !<br \/>\nLes fans de Vatine, tout comme les n\u00e9ophytes, vont adorer !<\/p>\n<p>With the collection <a href=\"https:\/\/comixburo.com\/en\/\" target=\"_blank\" rel=\"noopener\">Sketchbooks,<\/a> Comix Buro vous invite \u00e0 feuilleter les carnets des meilleurs artistes de la bande dessin\u00e9e et de l\u2019illustration. Vous y trouverez au d\u00e9tour des pages des cr\u00e9atures \u00e9tranges, des mod\u00e8les vivants captur\u00e9s sur papier. Ainsi que des croquis ramen\u00e9s de pays lointains, des vaisseaux spatiaux sur leur pas de tir, des story-boards, et bien d\u2019autres choses encore.<\/p>","protected":false},"excerpt":{"rendered":"<h2>Sketchbook Vatine #3<\/h2>\n<p>Plongez dans l\u2019univers de la collection\u00a0<em>Sketchbooks<\/em>\u00a0publi\u00e9e par COMIX BURO et d\u00e9couvrez les carnets de croquis des meilleurs auteurs et autrices de bande dessin\u00e9e !<\/p>","protected":false},"featured_media":16196,"comment_status":"open","ping_status":"closed","template":"","meta":[],"product_brand":[108],"product_cat":[110,75,93],"product_tag":[],"class_list":{"0":"post-16231","1":"product","2":"type-product","3":"status-publish","4":"has-post-thumbnail","6":"product_brand-comix-buro","7":"product_cat-comix-buro","8":"product_cat-sketchbook","9":"product_cat-tous","11":"first","12":"instock","13":"taxable","14":"shipping-taxable","15":"purchasable","16":"product-type-simple"},"yoast_head":"<!-- This site is optimized with the Yoast SEO plugin v26.9 - https:\/\/yoast.com\/product\/yoast-seo-wordpress\/ -->\n<title>Sketchbook Vatine #3. - comixburo.com<\/title>\n<meta name=\"description\" content=\"SKETCHBOOK Vatine #3 - Les 900 premiers exemplaires sont num\u00e9rot\u00e9s et sign\u00e9s par Olivier Vatine l&#039;auteur, incroyable illustrateur.\" \/>\n<meta name=\"robots\" content=\"index, follow, max-snippet:-1, max-image-preview:large, max-video-preview:-1\" \/>\n<link rel=\"canonical\" href=\"https:\/\/comixburo.com\/en\/product\/sketchbook-vatine-3\/\" \/>\n<meta property=\"og:locale\" content=\"en_GB\" \/>\n<meta property=\"og:type\" content=\"article\" \/>\n<meta property=\"og:title\" content=\"Sketchbook Vatine #3. - comixburo.com\" \/>\n<meta property=\"og:description\" content=\"SKETCHBOOK Vatine #3 - Les 900 premiers exemplaires sont num\u00e9rot\u00e9s et sign\u00e9s par Olivier Vatine l&#039;auteur, incroyable illustrateur.\" \/>\n<meta property=\"og:url\" content=\"https:\/\/comixburo.com\/en\/product\/sketchbook-vatine-3\/\" \/>\n<meta property=\"og:site_name\" content=\"comixburo.com\" \/>\n<meta property=\"article:publisher\" content=\"https:\/\/www.facebook.com\/comixburo\" \/>\n<meta property=\"article:modified_time\" content=\"2025-05-06T09:12:49+00:00\" \/>\n<meta property=\"og:image\" content=\"https:\/\/comixburo.com\/wp-content\/uploads\/2024\/10\/Sketchbook-Vatine3-Comix-Buro.webp\" \/>\n\t<meta property=\"og:image:width\" content=\"736\" \/>\n\t<meta property=\"og:image:height\" content=\"897\" \/>\n\t<meta property=\"og:image:type\" content=\"image\/webp\" \/>\n<meta name=\"twitter:card\" content=\"summary_large_image\" \/>\n<meta name=\"twitter:label1\" content=\"Estimated reading time\" \/>\n\t<meta name=\"twitter:data1\" content=\"2 minutes\" \/>\n<script type=\"application\/ld+json\" class=\"yoast-schema-graph\">{\"@context\":\"https:\/\/schema.org\",\"@graph\":[{\"@type\":\"WebPage\",\"@id\":\"https:\/\/comixburo.com\/produit\/sketchbook-vatine-3\/\",\"url\":\"https:\/\/comixburo.com\/produit\/sketchbook-vatine-3\/\",\"name\":\"Sketchbook Vatine #3. - comixburo.com\",\"isPartOf\":{\"@id\":\"https:\/\/comixburo.com\/#website\"},\"primaryImageOfPage\":{\"@id\":\"https:\/\/comixburo.com\/produit\/sketchbook-vatine-3\/#primaryimage\"},\"image\":{\"@id\":\"https:\/\/comixburo.com\/produit\/sketchbook-vatine-3\/#primaryimage\"},\"thumbnailUrl\":\"https:\/\/comixburo.com\/wp-content\/uploads\/2024\/10\/Sketchbook-Vatine3-Comix-Buro.webp\",\"datePublished\":\"2024-10-25T14:55:54+00:00\",\"dateModified\":\"2025-05-06T09:12:49+00:00\",\"description\":\"SKETCHBOOK Vatine #3 - Les 900 premiers exemplaires sont num\u00e9rot\u00e9s et sign\u00e9s par Olivier Vatine l'auteur, incroyable illustrateur.\",\"breadcrumb\":{\"@id\":\"https:\/\/comixburo.com\/produit\/sketchbook-vatine-3\/#breadcrumb\"},\"inLanguage\":\"en-GB\",\"potentialAction\":[{\"@type\":\"ReadAction\",\"target\":[\"https:\/\/comixburo.com\/produit\/sketchbook-vatine-3\/\"]}]},{\"@type\":\"ImageObject\",\"inLanguage\":\"en-GB\",\"@id\":\"https:\/\/comixburo.com\/produit\/sketchbook-vatine-3\/#primaryimage\",\"url\":\"https:\/\/comixburo.com\/wp-content\/uploads\/2024\/10\/Sketchbook-Vatine3-Comix-Buro.webp\",\"contentUrl\":\"https:\/\/comixburo.com\/wp-content\/uploads\/2024\/10\/Sketchbook-Vatine3-Comix-Buro.webp\",\"width\":736,\"height\":897,\"caption\":\"Couverture du sketchbook N\u00b03 de Vatine\"},{\"@type\":\"BreadcrumbList\",\"@id\":\"https:\/\/comixburo.com\/produit\/sketchbook-vatine-3\/#breadcrumb\",\"itemListElement\":[{\"@type\":\"ListItem\",\"position\":1,\"name\":\"Home\",\"item\":\"https:\/\/comixburo.com\/\"},{\"@type\":\"ListItem\",\"position\":2,\"name\":\"La boutique Comix Buro\",\"item\":\"https:\/\/comixburo.com\/la-boutique-comix-buro\/\"},{\"@type\":\"ListItem\",\"position\":3,\"name\":\"Sketchbook Vatine #3.\"}]},{\"@type\":\"WebSite\",\"@id\":\"https:\/\/comixburo.com\/#website\",\"url\":\"https:\/\/comixburo.com\/\",\"name\":\"comixburo.com\",\"description\":\"Cr\u00e9ateur de projets : Sketchbook d&#039;artistes !\",\"publisher\":{\"@id\":\"https:\/\/comixburo.com\/#organization\"},\"alternateName\":\"Comix Buro\",\"potentialAction\":[{\"@type\":\"SearchAction\",\"target\":{\"@type\":\"EntryPoint\",\"urlTemplate\":\"https:\/\/comixburo.com\/?s={search_term_string}\"},\"query-input\":{\"@type\":\"PropertyValueSpecification\",\"valueRequired\":true,\"valueName\":\"search_term_string\"}}],\"inLanguage\":\"en-GB\"},{\"@type\":\"Organization\",\"@id\":\"https:\/\/comixburo.com\/#organization\",\"name\":\"comixburo.com\",\"url\":\"https:\/\/comixburo.com\/\",\"logo\":{\"@type\":\"ImageObject\",\"inLanguage\":\"en-GB\",\"@id\":\"https:\/\/comixburo.com\/#\/schema\/logo\/image\/\",\"url\":\"https:\/\/comixburo.com\/wp-content\/uploads\/2025\/04\/logo-cxb-ROND.webp\",\"contentUrl\":\"https:\/\/comixburo.com\/wp-content\/uploads\/2025\/04\/logo-cxb-ROND.webp\",\"width\":200,\"height\":200,\"caption\":\"comixburo.com\"},\"image\":{\"@id\":\"https:\/\/comixburo.com\/#\/schema\/logo\/image\/\"},\"sameAs\":[\"https:\/\/www.facebook.com\/comixburo\",\"https:\/\/www.instagram.com\/comixburo\/\"]}]}<\/script>\n<!-- \/ Yoast SEO plugin. -->","yoast_head_json":{"title":"Sketchbook Vatine #3. - comixburo.com","description":"SKETCHBOOK Vatine #3 - Les 900 premiers exemplaires sont num\u00e9rot\u00e9s et sign\u00e9s par Olivier Vatine l'auteur, incroyable illustrateur.","robots":{"index":"index","follow":"follow","max-snippet":"max-snippet:-1","max-image-preview":"max-image-preview:large","max-video-preview":"max-video-preview:-1"},"canonical":"https:\/\/comixburo.com\/en\/product\/sketchbook-vatine-3\/","og_locale":"en_GB","og_type":"article","og_title":"Sketchbook Vatine #3. - comixburo.com","og_description":"SKETCHBOOK Vatine #3 - Les 900 premiers exemplaires sont num\u00e9rot\u00e9s et sign\u00e9s par Olivier Vatine l'auteur, incroyable illustrateur.","og_url":"https:\/\/comixburo.com\/en\/product\/sketchbook-vatine-3\/","og_site_name":"comixburo.com","article_publisher":"https:\/\/www.facebook.com\/comixburo","article_modified_time":"2025-05-06T09:12:49+00:00","og_image":[{"width":736,"height":897,"url":"https:\/\/comixburo.com\/wp-content\/uploads\/2024\/10\/Sketchbook-Vatine3-Comix-Buro.webp","type":"image\/webp"}],"twitter_card":"summary_large_image","twitter_misc":{"Estimated reading time":"2 minutes"},"schema":{"@context":"https:\/\/schema.org","@graph":[{"@type":"WebPage","@id":"https:\/\/comixburo.com\/produit\/sketchbook-vatine-3\/","url":"https:\/\/comixburo.com\/produit\/sketchbook-vatine-3\/","name":"Sketchbook Vatine #3. - comixburo.com","isPartOf":{"@id":"https:\/\/comixburo.com\/#website"},"primaryImageOfPage":{"@id":"https:\/\/comixburo.com\/produit\/sketchbook-vatine-3\/#primaryimage"},"image":{"@id":"https:\/\/comixburo.com\/produit\/sketchbook-vatine-3\/#primaryimage"},"thumbnailUrl":"https:\/\/comixburo.com\/wp-content\/uploads\/2024\/10\/Sketchbook-Vatine3-Comix-Buro.webp","datePublished":"2024-10-25T14:55:54+00:00","dateModified":"2025-05-06T09:12:49+00:00","description":"SKETCHBOOK Vatine #3 - Les 900 premiers exemplaires sont num\u00e9rot\u00e9s et sign\u00e9s par Olivier Vatine l'auteur, incroyable illustrateur.","breadcrumb":{"@id":"https:\/\/comixburo.com\/produit\/sketchbook-vatine-3\/#breadcrumb"},"inLanguage":"en-GB","potentialAction":[{"@type":"ReadAction","target":["https:\/\/comixburo.com\/produit\/sketchbook-vatine-3\/"]}]},{"@type":"ImageObject","inLanguage":"en-GB","@id":"https:\/\/comixburo.com\/produit\/sketchbook-vatine-3\/#primaryimage","url":"https:\/\/comixburo.com\/wp-content\/uploads\/2024\/10\/Sketchbook-Vatine3-Comix-Buro.webp","contentUrl":"https:\/\/comixburo.com\/wp-content\/uploads\/2024\/10\/Sketchbook-Vatine3-Comix-Buro.webp","width":736,"height":897,"caption":"Couverture du sketchbook N\u00b03 de Vatine"},{"@type":"BreadcrumbList","@id":"https:\/\/comixburo.com\/produit\/sketchbook-vatine-3\/#breadcrumb","itemListElement":[{"@type":"ListItem","position":1,"name":"Home","item":"https:\/\/comixburo.com\/"},{"@type":"ListItem","position":2,"name":"La boutique Comix Buro","item":"https:\/\/comixburo.com\/la-boutique-comix-buro\/"},{"@type":"ListItem","position":3,"name":"Sketchbook Vatine #3."}]},{"@type":"WebSite","@id":"https:\/\/comixburo.com\/#website","url":"https:\/\/comixburo.com\/","name":"comixburo.com","description":"Cr\u00e9ateur de projets : Sketchbook d&#039;artistes !","publisher":{"@id":"https:\/\/comixburo.com\/#organization"},"alternateName":"Comix Buro","potentialAction":[{"@type":"SearchAction","target":{"@type":"EntryPoint","urlTemplate":"https:\/\/comixburo.com\/?s={search_term_string}"},"query-input":{"@type":"PropertyValueSpecification","valueRequired":true,"valueName":"search_term_string"}}],"inLanguage":"en-GB"},{"@type":"Organization","@id":"https:\/\/comixburo.com\/#organization","name":"comixburo.com","url":"https:\/\/comixburo.com\/","logo":{"@type":"ImageObject","inLanguage":"en-GB","@id":"https:\/\/comixburo.com\/#\/schema\/logo\/image\/","url":"https:\/\/comixburo.com\/wp-content\/uploads\/2025\/04\/logo-cxb-ROND.webp","contentUrl":"https:\/\/comixburo.com\/wp-content\/uploads\/2025\/04\/logo-cxb-ROND.webp","width":200,"height":200,"caption":"comixburo.com"},"image":{"@id":"https:\/\/comixburo.com\/#\/schema\/logo\/image\/"},"sameAs":["https:\/\/www.facebook.com\/comixburo","https:\/\/www.instagram.com\/comixburo\/"]}]}},"jetpack_sharing_enabled":true,"_links":{"self":[{"href":"https:\/\/comixburo.com\/en\/wp-json\/wp\/v2\/product\/16231","targetHints":{"allow":["GET"]}}],"collection":[{"href":"https:\/\/comixburo.com\/en\/wp-json\/wp\/v2\/product"}],"about":[{"href":"https:\/\/comixburo.com\/en\/wp-json\/wp\/v2\/types\/product"}],"replies":[{"embeddable":true,"href":"https:\/\/comixburo.com\/en\/wp-json\/wp\/v2\/comments?post=16231"}],"version-history":[{"count":4,"href":"https:\/\/comixburo.com\/en\/wp-json\/wp\/v2\/product\/16231\/revisions"}],"predecessor-version":[{"id":20137,"href":"https:\/\/comixburo.com\/en\/wp-json\/wp\/v2\/product\/16231\/revisions\/20137"}],"wp:featuredmedia":[{"embeddable":true,"href":"https:\/\/comixburo.com\/en\/wp-json\/wp\/v2\/media\/16196"}],"wp:attachment":[{"href":"https:\/\/comixburo.com\/en\/wp-json\/wp\/v2\/media?parent=16231"}],"wp:term":[{"taxonomy":"product_brand","embeddable":true,"href":"https:\/\/comixburo.com\/en\/wp-json\/wp\/v2\/product_brand?post=16231"},{"taxonomy":"product_cat","embeddable":true,"href":"https:\/\/comixburo.com\/en\/wp-json\/wp\/v2\/product_cat?post=16231"},{"taxonomy":"product_tag","embeddable":true,"href":"https:\/\/comixburo.com\/en\/wp-json\/wp\/v2\/product_tag?post=16231"}],"curies":[{"name":"wp","href":"https:\/\/api.w.org\/{rel}","templated":true}]}}