{"id":16256,"date":"2024-10-25T17:17:16","date_gmt":"2024-10-25T15:17:16","guid":{"rendered":"https:\/\/comixburo.com\/?post_type=product&#038;p=16256"},"modified":"2025-05-06T11:12:48","modified_gmt":"2025-05-06T09:12:48","slug":"sketchbook-malfin","status":"publish","type":"product","link":"https:\/\/comixburo.com\/en\/product\/sketchbook-malfin\/","title":{"rendered":"Sketchbook Malfin"},"content":{"rendered":"<h1><strong>Sketchbook Malfin<\/strong><\/h1>\n<ul>\n<li>Auteur : Nicolas Malfin<\/li>\n<li>\u00c9diteur : Comix Buro<\/li>\n<li>ISBN : 9782916518718<\/li>\n<li>48 pages couleur \u2014 Format : 18 x 22 cm \u2014 Broch\u00e9<\/li>\n<li>Les 900 premiers exemplaires sont num\u00e9rot\u00e9s et sign\u00e9s par l\u2019auteur.<\/li>\n<\/ul>\n<p>Nicolas Malfin est le dessinateur de la s\u00e9rie de sciences-fictions Golden City (9 tomes parus \u00e0 ce jour) et de C\u00e9zembre (r\u00e9cit historique sur la 2nde guerre mondiale).<br \/>\nGrand fan d\u2019uniformes, de technologie militaire et de\u2026 pin-up.<br \/>\nNicolas Malfin vous d\u00e9voile dans ce sketchbook sa collection priv\u00e9e de \u00ab\u00a0Band of sisters\u00a0\u00bb, illustrations de guerri\u00e8res ou de pin-up militaires.<br \/>\nParticuli\u00e8rement reconnu pour ses mises en sc\u00e8ne et ses d\u00e9cors document\u00e9s et d\u00e9taill\u00e9s.<br \/>\nAinsi, il livre, dans ce recueil, son travail de recherche, r\u00e9alis\u00e9 exclusivement au crayon \u00e0 papier.<br \/>\nSes travaux de jeux de r\u00f4les lui permettant de travailler ses designs, dessins in\u00e9dits de C\u00e9zembre.<br \/>\nLa simplicit\u00e9 de son trait, au style ligne claire, conf\u00e8re \u00e0 son dessin \u00e9l\u00e9gance et fluidit\u00e9.<\/p>\n<p>With the collection <a href=\"https:\/\/attakus.art\/?s=sketchbook&amp;post_type=product\" target=\"_blank\" rel=\"noopener\">Sketchbooks<\/a>,\u00a0<a href=\"http:\/\/comixburo.com\/en\/\" target=\"_blank\" rel=\"noopener\">Comix Buro<\/a>\u00a0vous invite \u00e0 feuilleter les carnets des meilleurs artistes de la bande dessin\u00e9e et de l\u2019illustration.<br \/>\nVous y trouverez au d\u00e9tour des pages des cr\u00e9atures \u00e9tranges, des mod\u00e8les vivants captur\u00e9s sur papier.<br \/>\nMais aussi, des croquis ramen\u00e9s de pays lointains, des vaisseaux spatiaux sur leur pas de tir, des story-boards, et bien d\u2019autres choses encore.<\/p>","protected":false},"excerpt":{"rendered":"<h2>Sketchbook Malfin<\/h2>\n<p>Plongez dans l\u2019univers de la collection\u00a0<em>Sketchbooks<\/em>\u00a0publi\u00e9e par COMIX BURO et d\u00e9couvrez les carnets de croquis des meilleurs auteurs et autrices de bande dessin\u00e9e !<\/p>","protected":false},"featured_media":16192,"comment_status":"open","ping_status":"closed","template":"","meta":[],"product_brand":[108],"product_cat":[110,75,93],"product_tag":[],"class_list":{"0":"post-16256","1":"product","2":"type-product","3":"status-publish","4":"has-post-thumbnail","6":"product_brand-comix-buro","7":"product_cat-comix-buro","8":"product_cat-sketchbook","9":"product_cat-tous","11":"first","12":"instock","13":"taxable","14":"shipping-taxable","15":"purchasable","16":"product-type-simple"},"yoast_head":"<!-- This site is optimized with the Yoast SEO plugin v26.9 - https:\/\/yoast.com\/product\/yoast-seo-wordpress\/ -->\n<title>Sketchbook Malfin - comixburo.com<\/title>\n<meta name=\"description\" content=\"Plongez dans le sketchbook de Jean-Michel Malfin chez Comix Buro : mondes fantastiques, d\u00e9tails soign\u00e9s et croquis d\u2019une grande finesse.\" \/>\n<meta name=\"robots\" content=\"index, follow, max-snippet:-1, max-image-preview:large, max-video-preview:-1\" \/>\n<link rel=\"canonical\" href=\"https:\/\/comixburo.com\/en\/product\/sketchbook-malfin\/\" \/>\n<meta property=\"og:locale\" content=\"en_GB\" \/>\n<meta property=\"og:type\" content=\"article\" \/>\n<meta property=\"og:title\" content=\"Sketchbook Malfin - comixburo.com\" \/>\n<meta property=\"og:description\" content=\"Plongez dans le sketchbook de Jean-Michel Malfin chez Comix Buro : mondes fantastiques, d\u00e9tails soign\u00e9s et croquis d\u2019une grande finesse.\" \/>\n<meta property=\"og:url\" content=\"https:\/\/comixburo.com\/en\/product\/sketchbook-malfin\/\" \/>\n<meta property=\"og:site_name\" content=\"comixburo.com\" \/>\n<meta property=\"article:publisher\" content=\"https:\/\/www.facebook.com\/comixburo\" \/>\n<meta property=\"article:modified_time\" content=\"2025-05-06T09:12:48+00:00\" \/>\n<meta property=\"og:image\" content=\"https:\/\/comixburo.com\/wp-content\/uploads\/2024\/10\/Sketchbook-Malfin1-Comix-Buro.webp\" \/>\n\t<meta property=\"og:image:width\" content=\"736\" \/>\n\t<meta property=\"og:image:height\" content=\"898\" \/>\n\t<meta property=\"og:image:type\" content=\"image\/webp\" \/>\n<meta name=\"twitter:card\" content=\"summary_large_image\" \/>\n<meta name=\"twitter:label1\" content=\"Estimated reading time\" \/>\n\t<meta name=\"twitter:data1\" content=\"2 minutes\" \/>\n<script type=\"application\/ld+json\" class=\"yoast-schema-graph\">{\"@context\":\"https:\/\/schema.org\",\"@graph\":[{\"@type\":\"WebPage\",\"@id\":\"https:\/\/comixburo.com\/produit\/sketchbook-malfin\/\",\"url\":\"https:\/\/comixburo.com\/produit\/sketchbook-malfin\/\",\"name\":\"Sketchbook Malfin - comixburo.com\",\"isPartOf\":{\"@id\":\"https:\/\/comixburo.com\/#website\"},\"primaryImageOfPage\":{\"@id\":\"https:\/\/comixburo.com\/produit\/sketchbook-malfin\/#primaryimage\"},\"image\":{\"@id\":\"https:\/\/comixburo.com\/produit\/sketchbook-malfin\/#primaryimage\"},\"thumbnailUrl\":\"https:\/\/comixburo.com\/wp-content\/uploads\/2024\/10\/Sketchbook-Malfin1-Comix-Buro.webp\",\"datePublished\":\"2024-10-25T15:17:16+00:00\",\"dateModified\":\"2025-05-06T09:12:48+00:00\",\"description\":\"Plongez dans le sketchbook de Jean-Michel Malfin chez Comix Buro : mondes fantastiques, d\u00e9tails soign\u00e9s et croquis d\u2019une grande finesse.\",\"breadcrumb\":{\"@id\":\"https:\/\/comixburo.com\/produit\/sketchbook-malfin\/#breadcrumb\"},\"inLanguage\":\"en-GB\",\"potentialAction\":[{\"@type\":\"ReadAction\",\"target\":[\"https:\/\/comixburo.com\/produit\/sketchbook-malfin\/\"]}]},{\"@type\":\"ImageObject\",\"inLanguage\":\"en-GB\",\"@id\":\"https:\/\/comixburo.com\/produit\/sketchbook-malfin\/#primaryimage\",\"url\":\"https:\/\/comixburo.com\/wp-content\/uploads\/2024\/10\/Sketchbook-Malfin1-Comix-Buro.webp\",\"contentUrl\":\"https:\/\/comixburo.com\/wp-content\/uploads\/2024\/10\/Sketchbook-Malfin1-Comix-Buro.webp\",\"width\":736,\"height\":898,\"caption\":\"Couverture du sketchbook de Malfin\"},{\"@type\":\"BreadcrumbList\",\"@id\":\"https:\/\/comixburo.com\/produit\/sketchbook-malfin\/#breadcrumb\",\"itemListElement\":[{\"@type\":\"ListItem\",\"position\":1,\"name\":\"Home\",\"item\":\"https:\/\/comixburo.com\/\"},{\"@type\":\"ListItem\",\"position\":2,\"name\":\"La boutique Comix Buro\",\"item\":\"https:\/\/comixburo.com\/la-boutique-comix-buro\/\"},{\"@type\":\"ListItem\",\"position\":3,\"name\":\"Sketchbook Malfin\"}]},{\"@type\":\"WebSite\",\"@id\":\"https:\/\/comixburo.com\/#website\",\"url\":\"https:\/\/comixburo.com\/\",\"name\":\"comixburo.com\",\"description\":\"Cr\u00e9ateur de projets : Sketchbook d&#039;artistes !\",\"publisher\":{\"@id\":\"https:\/\/comixburo.com\/#organization\"},\"alternateName\":\"Comix Buro\",\"potentialAction\":[{\"@type\":\"SearchAction\",\"target\":{\"@type\":\"EntryPoint\",\"urlTemplate\":\"https:\/\/comixburo.com\/?s={search_term_string}\"},\"query-input\":{\"@type\":\"PropertyValueSpecification\",\"valueRequired\":true,\"valueName\":\"search_term_string\"}}],\"inLanguage\":\"en-GB\"},{\"@type\":\"Organization\",\"@id\":\"https:\/\/comixburo.com\/#organization\",\"name\":\"comixburo.com\",\"url\":\"https:\/\/comixburo.com\/\",\"logo\":{\"@type\":\"ImageObject\",\"inLanguage\":\"en-GB\",\"@id\":\"https:\/\/comixburo.com\/#\/schema\/logo\/image\/\",\"url\":\"https:\/\/comixburo.com\/wp-content\/uploads\/2025\/04\/logo-cxb-ROND.webp\",\"contentUrl\":\"https:\/\/comixburo.com\/wp-content\/uploads\/2025\/04\/logo-cxb-ROND.webp\",\"width\":200,\"height\":200,\"caption\":\"comixburo.com\"},\"image\":{\"@id\":\"https:\/\/comixburo.com\/#\/schema\/logo\/image\/\"},\"sameAs\":[\"https:\/\/www.facebook.com\/comixburo\",\"https:\/\/www.instagram.com\/comixburo\/\"]}]}<\/script>\n<!-- \/ Yoast SEO plugin. -->","yoast_head_json":{"title":"Sketchbook Malfin - comixburo.com","description":"Plongez dans le sketchbook de Jean-Michel Malfin chez Comix Buro : mondes fantastiques, d\u00e9tails soign\u00e9s et croquis d\u2019une grande finesse.","robots":{"index":"index","follow":"follow","max-snippet":"max-snippet:-1","max-image-preview":"max-image-preview:large","max-video-preview":"max-video-preview:-1"},"canonical":"https:\/\/comixburo.com\/en\/product\/sketchbook-malfin\/","og_locale":"en_GB","og_type":"article","og_title":"Sketchbook Malfin - comixburo.com","og_description":"Plongez dans le sketchbook de Jean-Michel Malfin chez Comix Buro : mondes fantastiques, d\u00e9tails soign\u00e9s et croquis d\u2019une grande finesse.","og_url":"https:\/\/comixburo.com\/en\/product\/sketchbook-malfin\/","og_site_name":"comixburo.com","article_publisher":"https:\/\/www.facebook.com\/comixburo","article_modified_time":"2025-05-06T09:12:48+00:00","og_image":[{"width":736,"height":898,"url":"https:\/\/comixburo.com\/wp-content\/uploads\/2024\/10\/Sketchbook-Malfin1-Comix-Buro.webp","type":"image\/webp"}],"twitter_card":"summary_large_image","twitter_misc":{"Estimated reading time":"2 minutes"},"schema":{"@context":"https:\/\/schema.org","@graph":[{"@type":"WebPage","@id":"https:\/\/comixburo.com\/produit\/sketchbook-malfin\/","url":"https:\/\/comixburo.com\/produit\/sketchbook-malfin\/","name":"Sketchbook Malfin - comixburo.com","isPartOf":{"@id":"https:\/\/comixburo.com\/#website"},"primaryImageOfPage":{"@id":"https:\/\/comixburo.com\/produit\/sketchbook-malfin\/#primaryimage"},"image":{"@id":"https:\/\/comixburo.com\/produit\/sketchbook-malfin\/#primaryimage"},"thumbnailUrl":"https:\/\/comixburo.com\/wp-content\/uploads\/2024\/10\/Sketchbook-Malfin1-Comix-Buro.webp","datePublished":"2024-10-25T15:17:16+00:00","dateModified":"2025-05-06T09:12:48+00:00","description":"Plongez dans le sketchbook de Jean-Michel Malfin chez Comix Buro : mondes fantastiques, d\u00e9tails soign\u00e9s et croquis d\u2019une grande finesse.","breadcrumb":{"@id":"https:\/\/comixburo.com\/produit\/sketchbook-malfin\/#breadcrumb"},"inLanguage":"en-GB","potentialAction":[{"@type":"ReadAction","target":["https:\/\/comixburo.com\/produit\/sketchbook-malfin\/"]}]},{"@type":"ImageObject","inLanguage":"en-GB","@id":"https:\/\/comixburo.com\/produit\/sketchbook-malfin\/#primaryimage","url":"https:\/\/comixburo.com\/wp-content\/uploads\/2024\/10\/Sketchbook-Malfin1-Comix-Buro.webp","contentUrl":"https:\/\/comixburo.com\/wp-content\/uploads\/2024\/10\/Sketchbook-Malfin1-Comix-Buro.webp","width":736,"height":898,"caption":"Couverture du sketchbook de Malfin"},{"@type":"BreadcrumbList","@id":"https:\/\/comixburo.com\/produit\/sketchbook-malfin\/#breadcrumb","itemListElement":[{"@type":"ListItem","position":1,"name":"Home","item":"https:\/\/comixburo.com\/"},{"@type":"ListItem","position":2,"name":"La boutique Comix Buro","item":"https:\/\/comixburo.com\/la-boutique-comix-buro\/"},{"@type":"ListItem","position":3,"name":"Sketchbook Malfin"}]},{"@type":"WebSite","@id":"https:\/\/comixburo.com\/#website","url":"https:\/\/comixburo.com\/","name":"comixburo.com","description":"Cr\u00e9ateur de projets : Sketchbook d&#039;artistes !","publisher":{"@id":"https:\/\/comixburo.com\/#organization"},"alternateName":"Comix Buro","potentialAction":[{"@type":"SearchAction","target":{"@type":"EntryPoint","urlTemplate":"https:\/\/comixburo.com\/?s={search_term_string}"},"query-input":{"@type":"PropertyValueSpecification","valueRequired":true,"valueName":"search_term_string"}}],"inLanguage":"en-GB"},{"@type":"Organization","@id":"https:\/\/comixburo.com\/#organization","name":"comixburo.com","url":"https:\/\/comixburo.com\/","logo":{"@type":"ImageObject","inLanguage":"en-GB","@id":"https:\/\/comixburo.com\/#\/schema\/logo\/image\/","url":"https:\/\/comixburo.com\/wp-content\/uploads\/2025\/04\/logo-cxb-ROND.webp","contentUrl":"https:\/\/comixburo.com\/wp-content\/uploads\/2025\/04\/logo-cxb-ROND.webp","width":200,"height":200,"caption":"comixburo.com"},"image":{"@id":"https:\/\/comixburo.com\/#\/schema\/logo\/image\/"},"sameAs":["https:\/\/www.facebook.com\/comixburo","https:\/\/www.instagram.com\/comixburo\/"]}]}},"jetpack_sharing_enabled":true,"_links":{"self":[{"href":"https:\/\/comixburo.com\/en\/wp-json\/wp\/v2\/product\/16256","targetHints":{"allow":["GET"]}}],"collection":[{"href":"https:\/\/comixburo.com\/en\/wp-json\/wp\/v2\/product"}],"about":[{"href":"https:\/\/comixburo.com\/en\/wp-json\/wp\/v2\/types\/product"}],"replies":[{"embeddable":true,"href":"https:\/\/comixburo.com\/en\/wp-json\/wp\/v2\/comments?post=16256"}],"version-history":[{"count":3,"href":"https:\/\/comixburo.com\/en\/wp-json\/wp\/v2\/product\/16256\/revisions"}],"predecessor-version":[{"id":19983,"href":"https:\/\/comixburo.com\/en\/wp-json\/wp\/v2\/product\/16256\/revisions\/19983"}],"wp:featuredmedia":[{"embeddable":true,"href":"https:\/\/comixburo.com\/en\/wp-json\/wp\/v2\/media\/16192"}],"wp:attachment":[{"href":"https:\/\/comixburo.com\/en\/wp-json\/wp\/v2\/media?parent=16256"}],"wp:term":[{"taxonomy":"product_brand","embeddable":true,"href":"https:\/\/comixburo.com\/en\/wp-json\/wp\/v2\/product_brand?post=16256"},{"taxonomy":"product_cat","embeddable":true,"href":"https:\/\/comixburo.com\/en\/wp-json\/wp\/v2\/product_cat?post=16256"},{"taxonomy":"product_tag","embeddable":true,"href":"https:\/\/comixburo.com\/en\/wp-json\/wp\/v2\/product_tag?post=16256"}],"curies":[{"name":"wp","href":"https:\/\/api.w.org\/{rel}","templated":true}]}}