{"id":16258,"date":"2024-10-25T17:18:41","date_gmt":"2024-10-25T15:18:41","guid":{"rendered":"https:\/\/comixburo.com\/?post_type=product&#038;p=16258"},"modified":"2025-05-06T11:12:48","modified_gmt":"2025-05-06T09:12:48","slug":"sketchbook-le-roux","status":"publish","type":"product","link":"https:\/\/comixburo.com\/en\/product\/sketchbook-le-roux\/","title":{"rendered":"Sketchbook Le Roux"},"content":{"rendered":"<p><strong>Sketchbook Le Roux<\/strong><\/p>\n<ul>\n<li>Auteur : Etienne Le Roux<\/li>\n<li>\u00c9diteur : Comix Buro<\/li>\n<li>ISBN : 9782916518763<\/li>\n<li>48 pages couleur \u2014 Format : 18 x 22 cm \u2014 Broch\u00e9<\/li>\n<li>Les 900 premiers exemplaires sont num\u00e9rot\u00e9s et sign\u00e9s par l\u2019auteur.<\/li>\n<\/ul>\n<p>Laissez-vous porter par le trait \u00e9l\u00e9gant et po\u00e9tique d\u2019\u00c9tienne Le Roux, l\u2019auteur de l\u2019excellent Temple du pass\u00e9 (Les Univers de Stefan Wul \u2013 Ankama). Ce Sketchbook Le Roux vous offre une promenade dans un monde de r\u00eaveries, riche en \u00e9motions. Des femmes nues d\u00e9licatement croqu\u00e9es se lovent dans les premi\u00e8res pages de cet ouvrage.<br \/>\nUne gestuelle simple, juste\u2026 Des instants fig\u00e9s, \u00e9rotiques\u2026<\/p>\n<p>Le dessin est fluide et pr\u00e9cis. Au fil des pages, les femmes se font sauvageonnes. \u00c9tienne Le Roux nous fait ensuite traverser les \u00e9poques et les mondes, avec des arr\u00eats sur image. On d\u00e9couvre des petites sc\u00e9nettes d\u2019un quotidien pass\u00e9, pens\u00e9, imagin\u00e9, des personnages attachants. Ils nous emm\u00e8nent avec eux \u00e0 travers les rues, les champs de bataille, les plan\u00e8tes imaginaires.<br \/>\nAinsi que des villes aux architectures somptueusement d\u00e9taill\u00e9es. On aimerait s\u2019y perdre ou s\u2019y arr\u00eater un moment.<\/p>\n<p>Puis, le trait d\u2019\u00c9tienne Le Roux, se fait parfois plus tourment\u00e9, avec des aplats sombres \u00e0 souhait quand il dessine l\u2019horreur de la guerre. Mais, on retrouve, au d\u00e9tour d\u2019une page, toute sa d\u00e9licatesse et sa pr\u00e9cision quand il dessine un tendre hommage \u00e0 King-Kong. O\u00f9 les navettes spatiales du huit-clos futuriste\u00a0<em>Le Temple du pass\u00e9<\/em>. Peintures, gravures, croquis, tout y est, un vrai cabinet de curiosit\u00e9s \u00e0 d\u00e9couvrir d\u2019urgence !<\/p>\n<p>With the collection <a href=\"https:\/\/attakus.art\/?s=sketchbook&amp;post_type=product\" target=\"_blank\" rel=\"noopener\">Sketchbooks<\/a>,\u00a0<a href=\"https:\/\/comixburo.com\/en\/\" target=\"_blank\" rel=\"noopener\">Comix Buro<\/a> vous invite \u00e0 feuilleter les carnets des meilleurs artistes de la bande dessin\u00e9e et de l\u2019illustration. Vous y trouverez au d\u00e9tour des pages des cr\u00e9atures \u00e9tranges, des mod\u00e8les vivants captur\u00e9s sur papier, des croquis ramen\u00e9s de pays lointains, des vaisseaux spatiaux sur leur pas de tir, des story-boards, et bien d\u2019autres choses encore.<\/p>","protected":false},"excerpt":{"rendered":"<p>Plongez dans l\u2019univers de la collection\u00a0<em>Sketchbooks<\/em>\u00a0publi\u00e9e par COMIX BURO et d\u00e9couvrez les carnets de croquis des meilleurs auteurs et autrices de bande dessin\u00e9e<\/p>","protected":false},"featured_media":16191,"comment_status":"open","ping_status":"closed","template":"","meta":[],"product_brand":[108],"product_cat":[110,75,93],"product_tag":[],"class_list":{"0":"post-16258","1":"product","2":"type-product","3":"status-publish","4":"has-post-thumbnail","6":"product_brand-comix-buro","7":"product_cat-comix-buro","8":"product_cat-sketchbook","9":"product_cat-tous","11":"first","12":"instock","13":"taxable","14":"shipping-taxable","15":"purchasable","16":"product-type-simple"},"yoast_head":"<!-- This site is optimized with the Yoast SEO plugin v26.9 - https:\/\/yoast.com\/product\/yoast-seo-wordpress\/ -->\n<title>Sketchbook Le Roux - comixburo.com<\/title>\n<meta name=\"description\" content=\"Explorez le sketchbook de St\u00e9phane Le Roux chez Comix Buro : designs dynamiques, croquis puissants et univers SF \u00e0 couper le souffle.\" \/>\n<meta name=\"robots\" content=\"index, follow, max-snippet:-1, max-image-preview:large, max-video-preview:-1\" \/>\n<link rel=\"canonical\" href=\"https:\/\/comixburo.com\/en\/product\/sketchbook-le-roux\/\" \/>\n<meta property=\"og:locale\" content=\"en_GB\" \/>\n<meta property=\"og:type\" content=\"article\" \/>\n<meta property=\"og:title\" content=\"Sketchbook Le Roux - comixburo.com\" \/>\n<meta property=\"og:description\" content=\"Explorez le sketchbook de St\u00e9phane Le Roux chez Comix Buro : designs dynamiques, croquis puissants et univers SF \u00e0 couper le souffle.\" \/>\n<meta property=\"og:url\" content=\"https:\/\/comixburo.com\/en\/product\/sketchbook-le-roux\/\" \/>\n<meta property=\"og:site_name\" content=\"comixburo.com\" \/>\n<meta property=\"article:publisher\" content=\"https:\/\/www.facebook.com\/comixburo\" \/>\n<meta property=\"article:modified_time\" content=\"2025-05-06T09:12:48+00:00\" \/>\n<meta property=\"og:image\" content=\"https:\/\/comixburo.com\/wp-content\/uploads\/2024\/10\/Sketchbook-Le-Roux-Comix-Buro.webp\" \/>\n\t<meta property=\"og:image:width\" content=\"736\" \/>\n\t<meta property=\"og:image:height\" content=\"900\" \/>\n\t<meta property=\"og:image:type\" content=\"image\/webp\" \/>\n<meta name=\"twitter:card\" content=\"summary_large_image\" \/>\n<meta name=\"twitter:label1\" content=\"Estimated reading time\" \/>\n\t<meta name=\"twitter:data1\" content=\"2 minutes\" \/>\n<script type=\"application\/ld+json\" class=\"yoast-schema-graph\">{\"@context\":\"https:\/\/schema.org\",\"@graph\":[{\"@type\":\"WebPage\",\"@id\":\"https:\/\/comixburo.com\/produit\/sketchbook-le-roux\/\",\"url\":\"https:\/\/comixburo.com\/produit\/sketchbook-le-roux\/\",\"name\":\"Sketchbook Le Roux - comixburo.com\",\"isPartOf\":{\"@id\":\"https:\/\/comixburo.com\/#website\"},\"primaryImageOfPage\":{\"@id\":\"https:\/\/comixburo.com\/produit\/sketchbook-le-roux\/#primaryimage\"},\"image\":{\"@id\":\"https:\/\/comixburo.com\/produit\/sketchbook-le-roux\/#primaryimage\"},\"thumbnailUrl\":\"https:\/\/comixburo.com\/wp-content\/uploads\/2024\/10\/Sketchbook-Le-Roux-Comix-Buro.webp\",\"datePublished\":\"2024-10-25T15:18:41+00:00\",\"dateModified\":\"2025-05-06T09:12:48+00:00\",\"description\":\"Explorez le sketchbook de St\u00e9phane Le Roux chez Comix Buro : designs dynamiques, croquis puissants et univers SF \u00e0 couper le souffle.\",\"breadcrumb\":{\"@id\":\"https:\/\/comixburo.com\/produit\/sketchbook-le-roux\/#breadcrumb\"},\"inLanguage\":\"en-GB\",\"potentialAction\":[{\"@type\":\"ReadAction\",\"target\":[\"https:\/\/comixburo.com\/produit\/sketchbook-le-roux\/\"]}]},{\"@type\":\"ImageObject\",\"inLanguage\":\"en-GB\",\"@id\":\"https:\/\/comixburo.com\/produit\/sketchbook-le-roux\/#primaryimage\",\"url\":\"https:\/\/comixburo.com\/wp-content\/uploads\/2024\/10\/Sketchbook-Le-Roux-Comix-Buro.webp\",\"contentUrl\":\"https:\/\/comixburo.com\/wp-content\/uploads\/2024\/10\/Sketchbook-Le-Roux-Comix-Buro.webp\",\"width\":736,\"height\":900},{\"@type\":\"BreadcrumbList\",\"@id\":\"https:\/\/comixburo.com\/produit\/sketchbook-le-roux\/#breadcrumb\",\"itemListElement\":[{\"@type\":\"ListItem\",\"position\":1,\"name\":\"Home\",\"item\":\"https:\/\/comixburo.com\/\"},{\"@type\":\"ListItem\",\"position\":2,\"name\":\"La boutique Comix Buro\",\"item\":\"https:\/\/comixburo.com\/la-boutique-comix-buro\/\"},{\"@type\":\"ListItem\",\"position\":3,\"name\":\"Sketchbook Le Roux\"}]},{\"@type\":\"WebSite\",\"@id\":\"https:\/\/comixburo.com\/#website\",\"url\":\"https:\/\/comixburo.com\/\",\"name\":\"comixburo.com\",\"description\":\"Cr\u00e9ateur de projets : Sketchbook d&#039;artistes !\",\"publisher\":{\"@id\":\"https:\/\/comixburo.com\/#organization\"},\"alternateName\":\"Comix Buro\",\"potentialAction\":[{\"@type\":\"SearchAction\",\"target\":{\"@type\":\"EntryPoint\",\"urlTemplate\":\"https:\/\/comixburo.com\/?s={search_term_string}\"},\"query-input\":{\"@type\":\"PropertyValueSpecification\",\"valueRequired\":true,\"valueName\":\"search_term_string\"}}],\"inLanguage\":\"en-GB\"},{\"@type\":\"Organization\",\"@id\":\"https:\/\/comixburo.com\/#organization\",\"name\":\"comixburo.com\",\"url\":\"https:\/\/comixburo.com\/\",\"logo\":{\"@type\":\"ImageObject\",\"inLanguage\":\"en-GB\",\"@id\":\"https:\/\/comixburo.com\/#\/schema\/logo\/image\/\",\"url\":\"https:\/\/comixburo.com\/wp-content\/uploads\/2025\/04\/logo-cxb-ROND.webp\",\"contentUrl\":\"https:\/\/comixburo.com\/wp-content\/uploads\/2025\/04\/logo-cxb-ROND.webp\",\"width\":200,\"height\":200,\"caption\":\"comixburo.com\"},\"image\":{\"@id\":\"https:\/\/comixburo.com\/#\/schema\/logo\/image\/\"},\"sameAs\":[\"https:\/\/www.facebook.com\/comixburo\",\"https:\/\/www.instagram.com\/comixburo\/\"]}]}<\/script>\n<!-- \/ Yoast SEO plugin. -->","yoast_head_json":{"title":"Sketchbook Le Roux - comixburo.com","description":"Explorez le sketchbook de St\u00e9phane Le Roux chez Comix Buro : designs dynamiques, croquis puissants et univers SF \u00e0 couper le souffle.","robots":{"index":"index","follow":"follow","max-snippet":"max-snippet:-1","max-image-preview":"max-image-preview:large","max-video-preview":"max-video-preview:-1"},"canonical":"https:\/\/comixburo.com\/en\/product\/sketchbook-le-roux\/","og_locale":"en_GB","og_type":"article","og_title":"Sketchbook Le Roux - comixburo.com","og_description":"Explorez le sketchbook de St\u00e9phane Le Roux chez Comix Buro : designs dynamiques, croquis puissants et univers SF \u00e0 couper le souffle.","og_url":"https:\/\/comixburo.com\/en\/product\/sketchbook-le-roux\/","og_site_name":"comixburo.com","article_publisher":"https:\/\/www.facebook.com\/comixburo","article_modified_time":"2025-05-06T09:12:48+00:00","og_image":[{"width":736,"height":900,"url":"https:\/\/comixburo.com\/wp-content\/uploads\/2024\/10\/Sketchbook-Le-Roux-Comix-Buro.webp","type":"image\/webp"}],"twitter_card":"summary_large_image","twitter_misc":{"Estimated reading time":"2 minutes"},"schema":{"@context":"https:\/\/schema.org","@graph":[{"@type":"WebPage","@id":"https:\/\/comixburo.com\/produit\/sketchbook-le-roux\/","url":"https:\/\/comixburo.com\/produit\/sketchbook-le-roux\/","name":"Sketchbook Le Roux - comixburo.com","isPartOf":{"@id":"https:\/\/comixburo.com\/#website"},"primaryImageOfPage":{"@id":"https:\/\/comixburo.com\/produit\/sketchbook-le-roux\/#primaryimage"},"image":{"@id":"https:\/\/comixburo.com\/produit\/sketchbook-le-roux\/#primaryimage"},"thumbnailUrl":"https:\/\/comixburo.com\/wp-content\/uploads\/2024\/10\/Sketchbook-Le-Roux-Comix-Buro.webp","datePublished":"2024-10-25T15:18:41+00:00","dateModified":"2025-05-06T09:12:48+00:00","description":"Explorez le sketchbook de St\u00e9phane Le Roux chez Comix Buro : designs dynamiques, croquis puissants et univers SF \u00e0 couper le souffle.","breadcrumb":{"@id":"https:\/\/comixburo.com\/produit\/sketchbook-le-roux\/#breadcrumb"},"inLanguage":"en-GB","potentialAction":[{"@type":"ReadAction","target":["https:\/\/comixburo.com\/produit\/sketchbook-le-roux\/"]}]},{"@type":"ImageObject","inLanguage":"en-GB","@id":"https:\/\/comixburo.com\/produit\/sketchbook-le-roux\/#primaryimage","url":"https:\/\/comixburo.com\/wp-content\/uploads\/2024\/10\/Sketchbook-Le-Roux-Comix-Buro.webp","contentUrl":"https:\/\/comixburo.com\/wp-content\/uploads\/2024\/10\/Sketchbook-Le-Roux-Comix-Buro.webp","width":736,"height":900},{"@type":"BreadcrumbList","@id":"https:\/\/comixburo.com\/produit\/sketchbook-le-roux\/#breadcrumb","itemListElement":[{"@type":"ListItem","position":1,"name":"Home","item":"https:\/\/comixburo.com\/"},{"@type":"ListItem","position":2,"name":"La boutique Comix Buro","item":"https:\/\/comixburo.com\/la-boutique-comix-buro\/"},{"@type":"ListItem","position":3,"name":"Sketchbook Le Roux"}]},{"@type":"WebSite","@id":"https:\/\/comixburo.com\/#website","url":"https:\/\/comixburo.com\/","name":"comixburo.com","description":"Cr\u00e9ateur de projets : Sketchbook d&#039;artistes !","publisher":{"@id":"https:\/\/comixburo.com\/#organization"},"alternateName":"Comix Buro","potentialAction":[{"@type":"SearchAction","target":{"@type":"EntryPoint","urlTemplate":"https:\/\/comixburo.com\/?s={search_term_string}"},"query-input":{"@type":"PropertyValueSpecification","valueRequired":true,"valueName":"search_term_string"}}],"inLanguage":"en-GB"},{"@type":"Organization","@id":"https:\/\/comixburo.com\/#organization","name":"comixburo.com","url":"https:\/\/comixburo.com\/","logo":{"@type":"ImageObject","inLanguage":"en-GB","@id":"https:\/\/comixburo.com\/#\/schema\/logo\/image\/","url":"https:\/\/comixburo.com\/wp-content\/uploads\/2025\/04\/logo-cxb-ROND.webp","contentUrl":"https:\/\/comixburo.com\/wp-content\/uploads\/2025\/04\/logo-cxb-ROND.webp","width":200,"height":200,"caption":"comixburo.com"},"image":{"@id":"https:\/\/comixburo.com\/#\/schema\/logo\/image\/"},"sameAs":["https:\/\/www.facebook.com\/comixburo","https:\/\/www.instagram.com\/comixburo\/"]}]}},"jetpack_sharing_enabled":true,"_links":{"self":[{"href":"https:\/\/comixburo.com\/en\/wp-json\/wp\/v2\/product\/16258","targetHints":{"allow":["GET"]}}],"collection":[{"href":"https:\/\/comixburo.com\/en\/wp-json\/wp\/v2\/product"}],"about":[{"href":"https:\/\/comixburo.com\/en\/wp-json\/wp\/v2\/types\/product"}],"replies":[{"embeddable":true,"href":"https:\/\/comixburo.com\/en\/wp-json\/wp\/v2\/comments?post=16258"}],"version-history":[{"count":3,"href":"https:\/\/comixburo.com\/en\/wp-json\/wp\/v2\/product\/16258\/revisions"}],"predecessor-version":[{"id":19981,"href":"https:\/\/comixburo.com\/en\/wp-json\/wp\/v2\/product\/16258\/revisions\/19981"}],"wp:featuredmedia":[{"embeddable":true,"href":"https:\/\/comixburo.com\/en\/wp-json\/wp\/v2\/media\/16191"}],"wp:attachment":[{"href":"https:\/\/comixburo.com\/en\/wp-json\/wp\/v2\/media?parent=16258"}],"wp:term":[{"taxonomy":"product_brand","embeddable":true,"href":"https:\/\/comixburo.com\/en\/wp-json\/wp\/v2\/product_brand?post=16258"},{"taxonomy":"product_cat","embeddable":true,"href":"https:\/\/comixburo.com\/en\/wp-json\/wp\/v2\/product_cat?post=16258"},{"taxonomy":"product_tag","embeddable":true,"href":"https:\/\/comixburo.com\/en\/wp-json\/wp\/v2\/product_tag?post=16258"}],"curies":[{"name":"wp","href":"https:\/\/api.w.org\/{rel}","templated":true}]}}