{"id":16262,"date":"2024-10-25T17:19:56","date_gmt":"2024-10-25T15:19:56","guid":{"rendered":"https:\/\/comixburo.com\/?post_type=product&#038;p=16262"},"modified":"2025-06-16T17:30:49","modified_gmt":"2025-06-16T15:30:49","slug":"produits-sketchbook-juanjo-guarnido","status":"publish","type":"product","link":"https:\/\/comixburo.com\/en\/product\/produits-sketchbook-juanjo-guarnido\/","title":{"rendered":"Sketchbook Guarnido"},"content":{"rendered":"<p><strong>Sketchbook Guarnido<\/strong><\/p>\n<ul>\n<li>Auteur : <a href=\"https:\/\/www.instagram.com\/juanjoguarnido\/\">Juanjo Guarnido<\/a><\/li>\n<li>\u00c9diteur : <a href=\"https:\/\/comixburo.com\/en\/\">Comix Buro<\/a><\/li>\n<li>Date de parution : 2009<\/li>\n<li>isbn : 9782916518244<\/li>\n<li>48 pages couleur \u2013 Format : 18 x 22 cm \u2013 Broch\u00e9<\/li>\n<li>Les 900 premiers exemplaires sont num\u00e9rot\u00e9s et sign\u00e9s par l\u2019auteur.<\/li>\n<\/ul>\n<p>Juanjo Guarnido est un dessinateur de BD espagnol n\u00e9 en 1967. Il participe \u00e0 la conception de plusieurs fanzines et publie des illustrations chez Comics Forum \u2013 Planeta de Agostini pour l\u2019\u00e9dition espagnole de Marvel Comics. Il s\u2019installe ensuite \u00e0 Madrid o\u00f9 il travaille aux studios d\u2019animation Lapiz Azul. C\u2019est dans ce studio qu\u2019il rencontre Juan Diaz Canales, celui qui deviendra son sc\u00e9nariste pour Blacksad.<br \/>\nJuanjo Guarnido est embauch\u00e9 en 1993 aux Studios Walt Disney de Montreuil. Il y travaille comme layout-man (dessinateur des d\u00e9cors) puis comme animateur. C\u2019est \u00e0 ses heures libres qu\u2019il entreprend la r\u00e9alisation de son premier album,\u00a0Blacksad\u00a0:\u00a0Quelque part entre les ombres.<br \/>\nSa nouvelle s\u00e9rie,\u00a0Sorcelleries, est parue en 2008 aux \u00e9ditions Dargaud.<\/p>\n<p>Avec la collection Sketchbooks, Comix Buro vous invite \u00e0 feuilleter les carnets des meilleurs artistes de la bande dessin\u00e9e et de l\u2019illustration. Vous y trouverez au d\u00e9tour des pages des cr\u00e9atures \u00e9tranges, des mod\u00e8les vivants captur\u00e9s sur papier, des croquis ramen\u00e9s de pays lointains, des vaisseaux spatiaux sur leur pas de tir, des story-boards, et bien d\u2019autres choses encore.<\/p>","protected":false},"excerpt":{"rendered":"<p>Plongez dans l\u2019univers de la collection Sketchbooks publi\u00e9e par COMIX BURO et d\u00e9couvrez les carnets de croquis des meilleurs auteurs et autrices de bande dessin\u00e9e !<\/p>","protected":false},"featured_media":16190,"comment_status":"open","ping_status":"closed","template":"","meta":[],"product_brand":[108],"product_cat":[110,75,93],"product_tag":[],"class_list":{"0":"post-16262","1":"product","2":"type-product","3":"status-publish","4":"has-post-thumbnail","6":"product_brand-comix-buro","7":"product_cat-comix-buro","8":"product_cat-sketchbook","9":"product_cat-tous","11":"first","12":"outofstock","13":"taxable","14":"shipping-taxable","15":"purchasable","16":"product-type-simple"},"yoast_head":"<!-- This site is optimized with the Yoast SEO plugin v26.9 - https:\/\/yoast.com\/product\/yoast-seo-wordpress\/ -->\n<title>Sketchbook Guarnido - comixburo.com<\/title>\n<meta name=\"description\" content=\"D\u00e9couvrez le sketchbook de Juanjo Guarnido chez Comix Buro : croquis, cr\u00e9atures et \u00e9l\u00e9gance graphique d\u2019un ma\u00eetre du dessin.\" \/>\n<meta name=\"robots\" content=\"index, follow, max-snippet:-1, max-image-preview:large, max-video-preview:-1\" \/>\n<link rel=\"canonical\" href=\"https:\/\/comixburo.com\/en\/product\/produits-sketchbook-juanjo-guarnido\/\" \/>\n<meta property=\"og:locale\" content=\"en_GB\" \/>\n<meta property=\"og:type\" content=\"article\" \/>\n<meta property=\"og:title\" content=\"Sketchbook Guarnido - comixburo.com\" \/>\n<meta property=\"og:description\" content=\"D\u00e9couvrez le sketchbook de Juanjo Guarnido chez Comix Buro : croquis, cr\u00e9atures et \u00e9l\u00e9gance graphique d\u2019un ma\u00eetre du dessin.\" \/>\n<meta property=\"og:url\" content=\"https:\/\/comixburo.com\/en\/product\/produits-sketchbook-juanjo-guarnido\/\" \/>\n<meta property=\"og:site_name\" content=\"comixburo.com\" \/>\n<meta property=\"article:publisher\" content=\"https:\/\/www.facebook.com\/comixburo\" \/>\n<meta property=\"article:modified_time\" content=\"2025-06-16T15:30:49+00:00\" \/>\n<meta property=\"og:image\" content=\"https:\/\/comixburo.com\/wp-content\/uploads\/2024\/10\/Sketchbook-Guarnido-Comix-Buro.webp\" \/>\n\t<meta property=\"og:image:width\" content=\"655\" \/>\n\t<meta property=\"og:image:height\" content=\"800\" \/>\n\t<meta property=\"og:image:type\" content=\"image\/webp\" \/>\n<meta name=\"twitter:card\" content=\"summary_large_image\" \/>\n<meta name=\"twitter:label1\" content=\"Estimated reading time\" \/>\n\t<meta name=\"twitter:data1\" content=\"2 minutes\" \/>\n<script type=\"application\/ld+json\" class=\"yoast-schema-graph\">{\"@context\":\"https:\/\/schema.org\",\"@graph\":[{\"@type\":\"WebPage\",\"@id\":\"https:\/\/comixburo.com\/produit\/produits-sketchbook-juanjo-guarnido\/\",\"url\":\"https:\/\/comixburo.com\/produit\/produits-sketchbook-juanjo-guarnido\/\",\"name\":\"Sketchbook Guarnido - comixburo.com\",\"isPartOf\":{\"@id\":\"https:\/\/comixburo.com\/#website\"},\"primaryImageOfPage\":{\"@id\":\"https:\/\/comixburo.com\/produit\/produits-sketchbook-juanjo-guarnido\/#primaryimage\"},\"image\":{\"@id\":\"https:\/\/comixburo.com\/produit\/produits-sketchbook-juanjo-guarnido\/#primaryimage\"},\"thumbnailUrl\":\"https:\/\/comixburo.com\/wp-content\/uploads\/2024\/10\/Sketchbook-Guarnido-Comix-Buro.webp\",\"datePublished\":\"2024-10-25T15:19:56+00:00\",\"dateModified\":\"2025-06-16T15:30:49+00:00\",\"description\":\"D\u00e9couvrez le sketchbook de Juanjo Guarnido chez Comix Buro : croquis, cr\u00e9atures et \u00e9l\u00e9gance graphique d\u2019un ma\u00eetre du dessin.\",\"breadcrumb\":{\"@id\":\"https:\/\/comixburo.com\/produit\/produits-sketchbook-juanjo-guarnido\/#breadcrumb\"},\"inLanguage\":\"en-GB\",\"potentialAction\":[{\"@type\":\"ReadAction\",\"target\":[\"https:\/\/comixburo.com\/produit\/produits-sketchbook-juanjo-guarnido\/\"]}]},{\"@type\":\"ImageObject\",\"inLanguage\":\"en-GB\",\"@id\":\"https:\/\/comixburo.com\/produit\/produits-sketchbook-juanjo-guarnido\/#primaryimage\",\"url\":\"https:\/\/comixburo.com\/wp-content\/uploads\/2024\/10\/Sketchbook-Guarnido-Comix-Buro.webp\",\"contentUrl\":\"https:\/\/comixburo.com\/wp-content\/uploads\/2024\/10\/Sketchbook-Guarnido-Comix-Buro.webp\",\"width\":655,\"height\":800,\"caption\":\"Couverture du sketchbook de Guarnido\"},{\"@type\":\"BreadcrumbList\",\"@id\":\"https:\/\/comixburo.com\/produit\/produits-sketchbook-juanjo-guarnido\/#breadcrumb\",\"itemListElement\":[{\"@type\":\"ListItem\",\"position\":1,\"name\":\"Home\",\"item\":\"https:\/\/comixburo.com\/\"},{\"@type\":\"ListItem\",\"position\":2,\"name\":\"La boutique Comix Buro\",\"item\":\"https:\/\/comixburo.com\/la-boutique-comix-buro\/\"},{\"@type\":\"ListItem\",\"position\":3,\"name\":\"Sketchbook Guarnido\"}]},{\"@type\":\"WebSite\",\"@id\":\"https:\/\/comixburo.com\/#website\",\"url\":\"https:\/\/comixburo.com\/\",\"name\":\"comixburo.com\",\"description\":\"Cr\u00e9ateur de projets : Sketchbook d&#039;artistes !\",\"publisher\":{\"@id\":\"https:\/\/comixburo.com\/#organization\"},\"alternateName\":\"Comix Buro\",\"potentialAction\":[{\"@type\":\"SearchAction\",\"target\":{\"@type\":\"EntryPoint\",\"urlTemplate\":\"https:\/\/comixburo.com\/?s={search_term_string}\"},\"query-input\":{\"@type\":\"PropertyValueSpecification\",\"valueRequired\":true,\"valueName\":\"search_term_string\"}}],\"inLanguage\":\"en-GB\"},{\"@type\":\"Organization\",\"@id\":\"https:\/\/comixburo.com\/#organization\",\"name\":\"comixburo.com\",\"url\":\"https:\/\/comixburo.com\/\",\"logo\":{\"@type\":\"ImageObject\",\"inLanguage\":\"en-GB\",\"@id\":\"https:\/\/comixburo.com\/#\/schema\/logo\/image\/\",\"url\":\"https:\/\/comixburo.com\/wp-content\/uploads\/2025\/04\/logo-cxb-ROND.webp\",\"contentUrl\":\"https:\/\/comixburo.com\/wp-content\/uploads\/2025\/04\/logo-cxb-ROND.webp\",\"width\":200,\"height\":200,\"caption\":\"comixburo.com\"},\"image\":{\"@id\":\"https:\/\/comixburo.com\/#\/schema\/logo\/image\/\"},\"sameAs\":[\"https:\/\/www.facebook.com\/comixburo\",\"https:\/\/www.instagram.com\/comixburo\/\"]}]}<\/script>\n<!-- \/ Yoast SEO plugin. -->","yoast_head_json":{"title":"Sketchbook Guarnido - comixburo.com","description":"D\u00e9couvrez le sketchbook de Juanjo Guarnido chez Comix Buro : croquis, cr\u00e9atures et \u00e9l\u00e9gance graphique d\u2019un ma\u00eetre du dessin.","robots":{"index":"index","follow":"follow","max-snippet":"max-snippet:-1","max-image-preview":"max-image-preview:large","max-video-preview":"max-video-preview:-1"},"canonical":"https:\/\/comixburo.com\/en\/product\/produits-sketchbook-juanjo-guarnido\/","og_locale":"en_GB","og_type":"article","og_title":"Sketchbook Guarnido - comixburo.com","og_description":"D\u00e9couvrez le sketchbook de Juanjo Guarnido chez Comix Buro : croquis, cr\u00e9atures et \u00e9l\u00e9gance graphique d\u2019un ma\u00eetre du dessin.","og_url":"https:\/\/comixburo.com\/en\/product\/produits-sketchbook-juanjo-guarnido\/","og_site_name":"comixburo.com","article_publisher":"https:\/\/www.facebook.com\/comixburo","article_modified_time":"2025-06-16T15:30:49+00:00","og_image":[{"width":655,"height":800,"url":"https:\/\/comixburo.com\/wp-content\/uploads\/2024\/10\/Sketchbook-Guarnido-Comix-Buro.webp","type":"image\/webp"}],"twitter_card":"summary_large_image","twitter_misc":{"Estimated reading time":"2 minutes"},"schema":{"@context":"https:\/\/schema.org","@graph":[{"@type":"WebPage","@id":"https:\/\/comixburo.com\/produit\/produits-sketchbook-juanjo-guarnido\/","url":"https:\/\/comixburo.com\/produit\/produits-sketchbook-juanjo-guarnido\/","name":"Sketchbook Guarnido - comixburo.com","isPartOf":{"@id":"https:\/\/comixburo.com\/#website"},"primaryImageOfPage":{"@id":"https:\/\/comixburo.com\/produit\/produits-sketchbook-juanjo-guarnido\/#primaryimage"},"image":{"@id":"https:\/\/comixburo.com\/produit\/produits-sketchbook-juanjo-guarnido\/#primaryimage"},"thumbnailUrl":"https:\/\/comixburo.com\/wp-content\/uploads\/2024\/10\/Sketchbook-Guarnido-Comix-Buro.webp","datePublished":"2024-10-25T15:19:56+00:00","dateModified":"2025-06-16T15:30:49+00:00","description":"D\u00e9couvrez le sketchbook de Juanjo Guarnido chez Comix Buro : croquis, cr\u00e9atures et \u00e9l\u00e9gance graphique d\u2019un ma\u00eetre du dessin.","breadcrumb":{"@id":"https:\/\/comixburo.com\/produit\/produits-sketchbook-juanjo-guarnido\/#breadcrumb"},"inLanguage":"en-GB","potentialAction":[{"@type":"ReadAction","target":["https:\/\/comixburo.com\/produit\/produits-sketchbook-juanjo-guarnido\/"]}]},{"@type":"ImageObject","inLanguage":"en-GB","@id":"https:\/\/comixburo.com\/produit\/produits-sketchbook-juanjo-guarnido\/#primaryimage","url":"https:\/\/comixburo.com\/wp-content\/uploads\/2024\/10\/Sketchbook-Guarnido-Comix-Buro.webp","contentUrl":"https:\/\/comixburo.com\/wp-content\/uploads\/2024\/10\/Sketchbook-Guarnido-Comix-Buro.webp","width":655,"height":800,"caption":"Couverture du sketchbook de Guarnido"},{"@type":"BreadcrumbList","@id":"https:\/\/comixburo.com\/produit\/produits-sketchbook-juanjo-guarnido\/#breadcrumb","itemListElement":[{"@type":"ListItem","position":1,"name":"Home","item":"https:\/\/comixburo.com\/"},{"@type":"ListItem","position":2,"name":"La boutique Comix Buro","item":"https:\/\/comixburo.com\/la-boutique-comix-buro\/"},{"@type":"ListItem","position":3,"name":"Sketchbook Guarnido"}]},{"@type":"WebSite","@id":"https:\/\/comixburo.com\/#website","url":"https:\/\/comixburo.com\/","name":"comixburo.com","description":"Cr\u00e9ateur de projets : Sketchbook d&#039;artistes !","publisher":{"@id":"https:\/\/comixburo.com\/#organization"},"alternateName":"Comix Buro","potentialAction":[{"@type":"SearchAction","target":{"@type":"EntryPoint","urlTemplate":"https:\/\/comixburo.com\/?s={search_term_string}"},"query-input":{"@type":"PropertyValueSpecification","valueRequired":true,"valueName":"search_term_string"}}],"inLanguage":"en-GB"},{"@type":"Organization","@id":"https:\/\/comixburo.com\/#organization","name":"comixburo.com","url":"https:\/\/comixburo.com\/","logo":{"@type":"ImageObject","inLanguage":"en-GB","@id":"https:\/\/comixburo.com\/#\/schema\/logo\/image\/","url":"https:\/\/comixburo.com\/wp-content\/uploads\/2025\/04\/logo-cxb-ROND.webp","contentUrl":"https:\/\/comixburo.com\/wp-content\/uploads\/2025\/04\/logo-cxb-ROND.webp","width":200,"height":200,"caption":"comixburo.com"},"image":{"@id":"https:\/\/comixburo.com\/#\/schema\/logo\/image\/"},"sameAs":["https:\/\/www.facebook.com\/comixburo","https:\/\/www.instagram.com\/comixburo\/"]}]}},"jetpack_sharing_enabled":true,"_links":{"self":[{"href":"https:\/\/comixburo.com\/en\/wp-json\/wp\/v2\/product\/16262","targetHints":{"allow":["GET"]}}],"collection":[{"href":"https:\/\/comixburo.com\/en\/wp-json\/wp\/v2\/product"}],"about":[{"href":"https:\/\/comixburo.com\/en\/wp-json\/wp\/v2\/types\/product"}],"replies":[{"embeddable":true,"href":"https:\/\/comixburo.com\/en\/wp-json\/wp\/v2\/comments?post=16262"}],"version-history":[{"count":3,"href":"https:\/\/comixburo.com\/en\/wp-json\/wp\/v2\/product\/16262\/revisions"}],"predecessor-version":[{"id":19979,"href":"https:\/\/comixburo.com\/en\/wp-json\/wp\/v2\/product\/16262\/revisions\/19979"}],"wp:featuredmedia":[{"embeddable":true,"href":"https:\/\/comixburo.com\/en\/wp-json\/wp\/v2\/media\/16190"}],"wp:attachment":[{"href":"https:\/\/comixburo.com\/en\/wp-json\/wp\/v2\/media?parent=16262"}],"wp:term":[{"taxonomy":"product_brand","embeddable":true,"href":"https:\/\/comixburo.com\/en\/wp-json\/wp\/v2\/product_brand?post=16262"},{"taxonomy":"product_cat","embeddable":true,"href":"https:\/\/comixburo.com\/en\/wp-json\/wp\/v2\/product_cat?post=16262"},{"taxonomy":"product_tag","embeddable":true,"href":"https:\/\/comixburo.com\/en\/wp-json\/wp\/v2\/product_tag?post=16262"}],"curies":[{"name":"wp","href":"https:\/\/api.w.org\/{rel}","templated":true}]}}