{"id":16264,"date":"2024-10-25T17:21:17","date_gmt":"2024-10-25T15:21:17","guid":{"rendered":"https:\/\/comixburo.com\/?post_type=product&#038;p=16264"},"modified":"2025-05-06T11:12:48","modified_gmt":"2025-05-06T09:12:48","slug":"sketchbook-de-felici","status":"publish","type":"product","link":"https:\/\/comixburo.com\/en\/product\/sketchbook-de-felici\/","title":{"rendered":"Sketchbook De Felici"},"content":{"rendered":"<h1><strong>Sketchbook De Felici #1<\/strong><\/h1>\n<h2>Lorenzo De felici<\/h2>\n<ul>\n<li>Sketchbook De Felici #1<\/li>\n<li>Auteur : Lorenzo De Felici<\/li>\n<li>\u00c9diteur : Comix Buro<\/li>\n<li>Date de parution : 2015<\/li>\n<li>isbn : 9782916518787<\/li>\n<li>48 pages couleur \u2013 Format : 18 x 22 cm \u2013 Broch\u00e9<\/li>\n<li>Les 900 premiers exemplaires sont num\u00e9rot\u00e9s et sign\u00e9s par l\u2019auteur.<\/li>\n<\/ul>\n<p class=\"\" data-start=\"134\" data-end=\"364\">Un trait rond, presque cartoonesque. Une fluidit\u00e9 rare. Un dynamisme impressionnant. C\u2019est bien la patte unique de Lorenzo De Felici. Ce dessinateur italien est l\u2019auteur de <em data-start=\"307\" data-end=\"315\">Drakka<\/em> (Ankama), <em data-start=\"326\" data-end=\"333\">Droma<\/em> et <em data-start=\"337\" data-end=\"352\">Oblivion Song<\/em> (Delcourt).<\/p>\n<p class=\"\" data-start=\"366\" data-end=\"607\">Dans ce sketchbook, il partage un univers riche et surprenant. Ses personnages sont tour \u00e0 tour attachants ou inqui\u00e9tants. Leurs expressions sont d\u2019une pr\u00e9cision virtuose : mine patibulaire, regard m\u00e9lancolique, air boudeur ou rire \u00e9clatant.<\/p>\n<p class=\"\" data-start=\"609\" data-end=\"841\">Les story-boards sont vifs, rythm\u00e9s, presque cin\u00e9matographiques. La mise en couleur est \u00e9clatante. Les contrastes sont forts. Son trait donne vie \u00e0 des cr\u00e9atures fantastiques, des monstres bondissants, des guerriers en plein combat.<\/p>\n<p class=\"\" data-start=\"843\" data-end=\"1082\">On croise une h\u00e9ro\u00efne face \u00e0 un dragon. Une fillette prise par la peur. L\u2019ambiance est d\u2019abord froide, myst\u00e9rieuse. Puis le style \u00e9volue. Les teintes deviennent plus chaudes, plus acides. L\u2019univers bascule vers l\u2019humour et le contemporain.<\/p>\n<p class=\"\" data-start=\"1084\" data-end=\"1246\">Quelques clins d\u2019\u0153il aux super-h\u00e9ros s\u2019invitent aussi. Ce sketchbook offre un bel aper\u00e7u du talent de De Felici. Un artiste en pleine ascension, \u00e0 suivre de pr\u00e8s.<\/p>\n<p><a href=\"https:\/\/attakus.art\/?s=sketchbooks&amp;post_type=product\" target=\"_blank\" rel=\"noopener\">Sketchbooks Comix Buro<\/a><\/p>","protected":false},"excerpt":{"rendered":"<h1><strong>Sketchbook De Felici #1<\/strong><\/h1>\n<h2>Lorenzo De felici<\/h2>\n<h3>48 pages couleur \u2013 Format : 18 x 22 cm \u2013 Broch\u00e9.<\/h3>\n<h3>Les 900 premiers exemplaires sont num\u00e9rot\u00e9s et sign\u00e9s par l\u2019auteur.<\/h3>","protected":false},"featured_media":16189,"comment_status":"open","ping_status":"closed","template":"","meta":[],"product_brand":[108],"product_cat":[110,75,93],"product_tag":[],"class_list":{"0":"post-16264","1":"product","2":"type-product","3":"status-publish","4":"has-post-thumbnail","6":"product_brand-comix-buro","7":"product_cat-comix-buro","8":"product_cat-sketchbook","9":"product_cat-tous","11":"first","12":"instock","13":"taxable","14":"shipping-taxable","15":"purchasable","16":"product-type-simple"},"yoast_head":"<!-- This site is optimized with the Yoast SEO plugin v26.9 - https:\/\/yoast.com\/product\/yoast-seo-wordpress\/ -->\n<title>Sketchbook De Felici - comixburo.com<\/title>\n<meta name=\"description\" content=\"Plongez dans l\u2019univers expressif et fantastique de Lorenzo De Felici avec ce sketchbook Comix Buro riche en couleurs et en \u00e9nergie.\" \/>\n<meta name=\"robots\" content=\"index, follow, max-snippet:-1, max-image-preview:large, max-video-preview:-1\" \/>\n<link rel=\"canonical\" href=\"https:\/\/comixburo.com\/en\/product\/sketchbook-de-felici\/\" \/>\n<meta property=\"og:locale\" content=\"en_GB\" \/>\n<meta property=\"og:type\" content=\"article\" \/>\n<meta property=\"og:title\" content=\"Sketchbook De Felici - comixburo.com\" \/>\n<meta property=\"og:description\" content=\"Plongez dans l\u2019univers expressif et fantastique de Lorenzo De Felici avec ce sketchbook Comix Buro riche en couleurs et en \u00e9nergie.\" \/>\n<meta property=\"og:url\" content=\"https:\/\/comixburo.com\/en\/product\/sketchbook-de-felici\/\" \/>\n<meta property=\"og:site_name\" content=\"comixburo.com\" \/>\n<meta property=\"article:publisher\" content=\"https:\/\/www.facebook.com\/comixburo\" \/>\n<meta property=\"article:modified_time\" content=\"2025-05-06T09:12:48+00:00\" \/>\n<meta property=\"og:image\" content=\"https:\/\/comixburo.com\/wp-content\/uploads\/2024\/10\/Sketchbook-De-Felici-Comix-Buro.webp\" \/>\n\t<meta property=\"og:image:width\" content=\"736\" \/>\n\t<meta property=\"og:image:height\" content=\"900\" \/>\n\t<meta property=\"og:image:type\" content=\"image\/webp\" \/>\n<meta name=\"twitter:card\" content=\"summary_large_image\" \/>\n<meta name=\"twitter:label1\" content=\"Estimated reading time\" \/>\n\t<meta name=\"twitter:data1\" content=\"2 minutes\" \/>\n<script type=\"application\/ld+json\" class=\"yoast-schema-graph\">{\"@context\":\"https:\/\/schema.org\",\"@graph\":[{\"@type\":\"WebPage\",\"@id\":\"https:\/\/comixburo.com\/produit\/sketchbook-de-felici\/\",\"url\":\"https:\/\/comixburo.com\/produit\/sketchbook-de-felici\/\",\"name\":\"Sketchbook De Felici - comixburo.com\",\"isPartOf\":{\"@id\":\"https:\/\/comixburo.com\/#website\"},\"primaryImageOfPage\":{\"@id\":\"https:\/\/comixburo.com\/produit\/sketchbook-de-felici\/#primaryimage\"},\"image\":{\"@id\":\"https:\/\/comixburo.com\/produit\/sketchbook-de-felici\/#primaryimage\"},\"thumbnailUrl\":\"https:\/\/comixburo.com\/wp-content\/uploads\/2024\/10\/Sketchbook-De-Felici-Comix-Buro.webp\",\"datePublished\":\"2024-10-25T15:21:17+00:00\",\"dateModified\":\"2025-05-06T09:12:48+00:00\",\"description\":\"Plongez dans l\u2019univers expressif et fantastique de Lorenzo De Felici avec ce sketchbook Comix Buro riche en couleurs et en \u00e9nergie.\",\"breadcrumb\":{\"@id\":\"https:\/\/comixburo.com\/produit\/sketchbook-de-felici\/#breadcrumb\"},\"inLanguage\":\"en-GB\",\"potentialAction\":[{\"@type\":\"ReadAction\",\"target\":[\"https:\/\/comixburo.com\/produit\/sketchbook-de-felici\/\"]}]},{\"@type\":\"ImageObject\",\"inLanguage\":\"en-GB\",\"@id\":\"https:\/\/comixburo.com\/produit\/sketchbook-de-felici\/#primaryimage\",\"url\":\"https:\/\/comixburo.com\/wp-content\/uploads\/2024\/10\/Sketchbook-De-Felici-Comix-Buro.webp\",\"contentUrl\":\"https:\/\/comixburo.com\/wp-content\/uploads\/2024\/10\/Sketchbook-De-Felici-Comix-Buro.webp\",\"width\":736,\"height\":900,\"caption\":\"Couverture du sketchbook de De Felici\"},{\"@type\":\"BreadcrumbList\",\"@id\":\"https:\/\/comixburo.com\/produit\/sketchbook-de-felici\/#breadcrumb\",\"itemListElement\":[{\"@type\":\"ListItem\",\"position\":1,\"name\":\"Home\",\"item\":\"https:\/\/comixburo.com\/\"},{\"@type\":\"ListItem\",\"position\":2,\"name\":\"La boutique Comix Buro\",\"item\":\"https:\/\/comixburo.com\/la-boutique-comix-buro\/\"},{\"@type\":\"ListItem\",\"position\":3,\"name\":\"Sketchbook De Felici\"}]},{\"@type\":\"WebSite\",\"@id\":\"https:\/\/comixburo.com\/#website\",\"url\":\"https:\/\/comixburo.com\/\",\"name\":\"comixburo.com\",\"description\":\"Cr\u00e9ateur de projets : Sketchbook d&#039;artistes !\",\"publisher\":{\"@id\":\"https:\/\/comixburo.com\/#organization\"},\"alternateName\":\"Comix Buro\",\"potentialAction\":[{\"@type\":\"SearchAction\",\"target\":{\"@type\":\"EntryPoint\",\"urlTemplate\":\"https:\/\/comixburo.com\/?s={search_term_string}\"},\"query-input\":{\"@type\":\"PropertyValueSpecification\",\"valueRequired\":true,\"valueName\":\"search_term_string\"}}],\"inLanguage\":\"en-GB\"},{\"@type\":\"Organization\",\"@id\":\"https:\/\/comixburo.com\/#organization\",\"name\":\"comixburo.com\",\"url\":\"https:\/\/comixburo.com\/\",\"logo\":{\"@type\":\"ImageObject\",\"inLanguage\":\"en-GB\",\"@id\":\"https:\/\/comixburo.com\/#\/schema\/logo\/image\/\",\"url\":\"https:\/\/comixburo.com\/wp-content\/uploads\/2025\/04\/logo-cxb-ROND.webp\",\"contentUrl\":\"https:\/\/comixburo.com\/wp-content\/uploads\/2025\/04\/logo-cxb-ROND.webp\",\"width\":200,\"height\":200,\"caption\":\"comixburo.com\"},\"image\":{\"@id\":\"https:\/\/comixburo.com\/#\/schema\/logo\/image\/\"},\"sameAs\":[\"https:\/\/www.facebook.com\/comixburo\",\"https:\/\/www.instagram.com\/comixburo\/\"]}]}<\/script>\n<!-- \/ Yoast SEO plugin. -->","yoast_head_json":{"title":"Sketchbook De Felici - comixburo.com","description":"Plongez dans l\u2019univers expressif et fantastique de Lorenzo De Felici avec ce sketchbook Comix Buro riche en couleurs et en \u00e9nergie.","robots":{"index":"index","follow":"follow","max-snippet":"max-snippet:-1","max-image-preview":"max-image-preview:large","max-video-preview":"max-video-preview:-1"},"canonical":"https:\/\/comixburo.com\/en\/product\/sketchbook-de-felici\/","og_locale":"en_GB","og_type":"article","og_title":"Sketchbook De Felici - comixburo.com","og_description":"Plongez dans l\u2019univers expressif et fantastique de Lorenzo De Felici avec ce sketchbook Comix Buro riche en couleurs et en \u00e9nergie.","og_url":"https:\/\/comixburo.com\/en\/product\/sketchbook-de-felici\/","og_site_name":"comixburo.com","article_publisher":"https:\/\/www.facebook.com\/comixburo","article_modified_time":"2025-05-06T09:12:48+00:00","og_image":[{"width":736,"height":900,"url":"https:\/\/comixburo.com\/wp-content\/uploads\/2024\/10\/Sketchbook-De-Felici-Comix-Buro.webp","type":"image\/webp"}],"twitter_card":"summary_large_image","twitter_misc":{"Estimated reading time":"2 minutes"},"schema":{"@context":"https:\/\/schema.org","@graph":[{"@type":"WebPage","@id":"https:\/\/comixburo.com\/produit\/sketchbook-de-felici\/","url":"https:\/\/comixburo.com\/produit\/sketchbook-de-felici\/","name":"Sketchbook De Felici - comixburo.com","isPartOf":{"@id":"https:\/\/comixburo.com\/#website"},"primaryImageOfPage":{"@id":"https:\/\/comixburo.com\/produit\/sketchbook-de-felici\/#primaryimage"},"image":{"@id":"https:\/\/comixburo.com\/produit\/sketchbook-de-felici\/#primaryimage"},"thumbnailUrl":"https:\/\/comixburo.com\/wp-content\/uploads\/2024\/10\/Sketchbook-De-Felici-Comix-Buro.webp","datePublished":"2024-10-25T15:21:17+00:00","dateModified":"2025-05-06T09:12:48+00:00","description":"Plongez dans l\u2019univers expressif et fantastique de Lorenzo De Felici avec ce sketchbook Comix Buro riche en couleurs et en \u00e9nergie.","breadcrumb":{"@id":"https:\/\/comixburo.com\/produit\/sketchbook-de-felici\/#breadcrumb"},"inLanguage":"en-GB","potentialAction":[{"@type":"ReadAction","target":["https:\/\/comixburo.com\/produit\/sketchbook-de-felici\/"]}]},{"@type":"ImageObject","inLanguage":"en-GB","@id":"https:\/\/comixburo.com\/produit\/sketchbook-de-felici\/#primaryimage","url":"https:\/\/comixburo.com\/wp-content\/uploads\/2024\/10\/Sketchbook-De-Felici-Comix-Buro.webp","contentUrl":"https:\/\/comixburo.com\/wp-content\/uploads\/2024\/10\/Sketchbook-De-Felici-Comix-Buro.webp","width":736,"height":900,"caption":"Couverture du sketchbook de De Felici"},{"@type":"BreadcrumbList","@id":"https:\/\/comixburo.com\/produit\/sketchbook-de-felici\/#breadcrumb","itemListElement":[{"@type":"ListItem","position":1,"name":"Home","item":"https:\/\/comixburo.com\/"},{"@type":"ListItem","position":2,"name":"La boutique Comix Buro","item":"https:\/\/comixburo.com\/la-boutique-comix-buro\/"},{"@type":"ListItem","position":3,"name":"Sketchbook De Felici"}]},{"@type":"WebSite","@id":"https:\/\/comixburo.com\/#website","url":"https:\/\/comixburo.com\/","name":"comixburo.com","description":"Cr\u00e9ateur de projets : Sketchbook d&#039;artistes !","publisher":{"@id":"https:\/\/comixburo.com\/#organization"},"alternateName":"Comix Buro","potentialAction":[{"@type":"SearchAction","target":{"@type":"EntryPoint","urlTemplate":"https:\/\/comixburo.com\/?s={search_term_string}"},"query-input":{"@type":"PropertyValueSpecification","valueRequired":true,"valueName":"search_term_string"}}],"inLanguage":"en-GB"},{"@type":"Organization","@id":"https:\/\/comixburo.com\/#organization","name":"comixburo.com","url":"https:\/\/comixburo.com\/","logo":{"@type":"ImageObject","inLanguage":"en-GB","@id":"https:\/\/comixburo.com\/#\/schema\/logo\/image\/","url":"https:\/\/comixburo.com\/wp-content\/uploads\/2025\/04\/logo-cxb-ROND.webp","contentUrl":"https:\/\/comixburo.com\/wp-content\/uploads\/2025\/04\/logo-cxb-ROND.webp","width":200,"height":200,"caption":"comixburo.com"},"image":{"@id":"https:\/\/comixburo.com\/#\/schema\/logo\/image\/"},"sameAs":["https:\/\/www.facebook.com\/comixburo","https:\/\/www.instagram.com\/comixburo\/"]}]}},"jetpack_sharing_enabled":true,"_links":{"self":[{"href":"https:\/\/comixburo.com\/en\/wp-json\/wp\/v2\/product\/16264","targetHints":{"allow":["GET"]}}],"collection":[{"href":"https:\/\/comixburo.com\/en\/wp-json\/wp\/v2\/product"}],"about":[{"href":"https:\/\/comixburo.com\/en\/wp-json\/wp\/v2\/types\/product"}],"replies":[{"embeddable":true,"href":"https:\/\/comixburo.com\/en\/wp-json\/wp\/v2\/comments?post=16264"}],"version-history":[{"count":3,"href":"https:\/\/comixburo.com\/en\/wp-json\/wp\/v2\/product\/16264\/revisions"}],"predecessor-version":[{"id":19977,"href":"https:\/\/comixburo.com\/en\/wp-json\/wp\/v2\/product\/16264\/revisions\/19977"}],"wp:featuredmedia":[{"embeddable":true,"href":"https:\/\/comixburo.com\/en\/wp-json\/wp\/v2\/media\/16189"}],"wp:attachment":[{"href":"https:\/\/comixburo.com\/en\/wp-json\/wp\/v2\/media?parent=16264"}],"wp:term":[{"taxonomy":"product_brand","embeddable":true,"href":"https:\/\/comixburo.com\/en\/wp-json\/wp\/v2\/product_brand?post=16264"},{"taxonomy":"product_cat","embeddable":true,"href":"https:\/\/comixburo.com\/en\/wp-json\/wp\/v2\/product_cat?post=16264"},{"taxonomy":"product_tag","embeddable":true,"href":"https:\/\/comixburo.com\/en\/wp-json\/wp\/v2\/product_tag?post=16264"}],"curies":[{"name":"wp","href":"https:\/\/api.w.org\/{rel}","templated":true}]}}