{"id":16269,"date":"2024-10-25T17:23:41","date_gmt":"2024-10-25T15:23:41","guid":{"rendered":"https:\/\/comixburo.com\/?post_type=product&#038;p=16269"},"modified":"2025-06-02T18:16:39","modified_gmt":"2025-06-02T16:16:39","slug":"sketchbook-alary-3","status":"publish","type":"product","link":"https:\/\/comixburo.com\/en\/product\/sketchbook-alary-3\/","title":{"rendered":"Sketchbook Alary #3"},"content":{"rendered":"<p><strong>Sketchbook Alary #3<\/strong><\/p>\n<ul>\n<li>Auteur : <a href=\"https:\/\/www.instagram.com\/alary_pierre\/\">Pierre Alary<\/a><\/li>\n<li>\u00c9diteur : <a href=\"https:\/\/comixburo.com\/en\/\">Comix Buro<\/a><\/li>\n<li>Date de parution : 2014<\/li>\n<li>isbn : 9782916518701<\/li>\n<li>48 pages couleur \u2013 Format : 18 x 22 cm \u2013 Broch\u00e9<\/li>\n<li>Les 900 premiers exemplaires sont num\u00e9rot\u00e9s et sign\u00e9s par l\u2019auteur.<\/li>\n<\/ul>\n<p class=\"\" data-start=\"119\" data-end=\"324\">Pour ce 3\u1d49 opus, Pierre Alary change d\u2019approche. Il met en avant des illustrations couleur rarement vues. Habituellement, elles apparaissent en fin d\u2019ouvrage ou dans des \u00e9ditions sp\u00e9ciales \u00e0 tirage limit\u00e9.<\/p>\n<p class=\"\" data-start=\"326\" data-end=\"530\">Cette fois, pas de simples croquis. Alary sort ses dessins du cadre narratif classique de la bande dessin\u00e9e. Ce sketchbook regorge d\u2019illustrations r\u00e9alis\u00e9es pour les diff\u00e9rentes \u00e9ditions de <em data-start=\"516\" data-end=\"529\">Silas Corey<\/em>.<\/p>\n<p class=\"\" data-start=\"532\" data-end=\"710\">On y d\u00e9couvre aussi de grands dessins au lavis. Des story-boards. Un peu de superh\u00e9ros. Des extraits de la bande-annonce du film <em data-start=\"661\" data-end=\"681\">Un monstre \u00e0 Paris<\/em>. Des hommages. Des affiches.<\/p>\n<p class=\"\" data-start=\"712\" data-end=\"790\">Et, en bonus, ses recherches graphiques pour son prochain album : <em data-start=\"778\" data-end=\"789\">Moby Dick<\/em>.<\/p>\n<p class=\"\" data-start=\"792\" data-end=\"1092\">La collection Sketchbooks de Comix Buro propose de plonger dans les carnets des meilleurs auteurs de BD et d\u2019illustration. Page apr\u00e8s page, vous croiserez des cr\u00e9atures \u00e9tranges, des mod\u00e8les vivants, des croquis de voyage, des vaisseaux spatiaux en pr\u00e9paration, des story-boards\u2026 et bien plus encore.<\/p>","protected":false},"excerpt":{"rendered":"<p>Sketchbook Alary #3 Auteur : Pierre Alary \u00c9diteur : Comix Buro Date de parution : 2014 isbn : 9782916518701 48<\/p>","protected":false},"featured_media":16188,"comment_status":"open","ping_status":"closed","template":"","meta":[],"product_brand":[108],"product_cat":[110,75,93],"product_tag":[],"class_list":{"0":"post-16269","1":"product","2":"type-product","3":"status-publish","4":"has-post-thumbnail","6":"product_brand-comix-buro","7":"product_cat-comix-buro","8":"product_cat-sketchbook","9":"product_cat-tous","11":"first","12":"instock","13":"taxable","14":"shipping-taxable","15":"purchasable","16":"product-type-simple"},"yoast_head":"<!-- This site is optimized with the Yoast SEO plugin v26.9 - https:\/\/yoast.com\/product\/yoast-seo-wordpress\/ -->\n<title>Sketchbook Alary #3 - comixburo.com<\/title>\n<meta name=\"description\" content=\"Sketchbook Livres croquis recueil Dessins Comix Buro, feuilletez les carnets de croquis des meilleurs artistes de la bande dessin\u00e9e attakus\" \/>\n<meta name=\"robots\" content=\"index, follow, max-snippet:-1, max-image-preview:large, max-video-preview:-1\" \/>\n<link rel=\"canonical\" href=\"https:\/\/comixburo.com\/en\/product\/sketchbook-alary-3\/\" \/>\n<meta property=\"og:locale\" content=\"en_GB\" \/>\n<meta property=\"og:type\" content=\"article\" \/>\n<meta property=\"og:title\" content=\"Sketchbook Alary #3 - comixburo.com\" \/>\n<meta property=\"og:description\" content=\"Sketchbook Livres croquis recueil Dessins Comix Buro, feuilletez les carnets de croquis des meilleurs artistes de la bande dessin\u00e9e attakus\" \/>\n<meta property=\"og:url\" content=\"https:\/\/comixburo.com\/en\/product\/sketchbook-alary-3\/\" \/>\n<meta property=\"og:site_name\" content=\"comixburo.com\" \/>\n<meta property=\"article:publisher\" content=\"https:\/\/www.facebook.com\/comixburo\" \/>\n<meta property=\"article:modified_time\" content=\"2025-06-02T16:16:39+00:00\" \/>\n<meta property=\"og:image\" content=\"https:\/\/comixburo.com\/wp-content\/uploads\/2024\/10\/Sketchbook-Alary-3-Comix-Buro.webp\" \/>\n\t<meta property=\"og:image:width\" content=\"736\" \/>\n\t<meta property=\"og:image:height\" content=\"897\" \/>\n\t<meta property=\"og:image:type\" content=\"image\/webp\" \/>\n<meta name=\"twitter:card\" content=\"summary_large_image\" \/>\n<meta name=\"twitter:label1\" content=\"Estimated reading time\" \/>\n\t<meta name=\"twitter:data1\" content=\"2 minutes\" \/>\n<script type=\"application\/ld+json\" class=\"yoast-schema-graph\">{\"@context\":\"https:\/\/schema.org\",\"@graph\":[{\"@type\":\"WebPage\",\"@id\":\"https:\/\/comixburo.com\/produit\/sketchbook-alary-3\/\",\"url\":\"https:\/\/comixburo.com\/produit\/sketchbook-alary-3\/\",\"name\":\"Sketchbook Alary #3 - comixburo.com\",\"isPartOf\":{\"@id\":\"https:\/\/comixburo.com\/#website\"},\"primaryImageOfPage\":{\"@id\":\"https:\/\/comixburo.com\/produit\/sketchbook-alary-3\/#primaryimage\"},\"image\":{\"@id\":\"https:\/\/comixburo.com\/produit\/sketchbook-alary-3\/#primaryimage\"},\"thumbnailUrl\":\"https:\/\/comixburo.com\/wp-content\/uploads\/2024\/10\/Sketchbook-Alary-3-Comix-Buro.webp\",\"datePublished\":\"2024-10-25T15:23:41+00:00\",\"dateModified\":\"2025-06-02T16:16:39+00:00\",\"description\":\"Sketchbook Livres croquis recueil Dessins Comix Buro, feuilletez les carnets de croquis des meilleurs artistes de la bande dessin\u00e9e attakus\",\"breadcrumb\":{\"@id\":\"https:\/\/comixburo.com\/produit\/sketchbook-alary-3\/#breadcrumb\"},\"inLanguage\":\"en-GB\",\"potentialAction\":[{\"@type\":\"ReadAction\",\"target\":[\"https:\/\/comixburo.com\/produit\/sketchbook-alary-3\/\"]}]},{\"@type\":\"ImageObject\",\"inLanguage\":\"en-GB\",\"@id\":\"https:\/\/comixburo.com\/produit\/sketchbook-alary-3\/#primaryimage\",\"url\":\"https:\/\/comixburo.com\/wp-content\/uploads\/2024\/10\/Sketchbook-Alary-3-Comix-Buro.webp\",\"contentUrl\":\"https:\/\/comixburo.com\/wp-content\/uploads\/2024\/10\/Sketchbook-Alary-3-Comix-Buro.webp\",\"width\":736,\"height\":897,\"caption\":\"Couveerture du tome 3 des sketchbook d'Alary\"},{\"@type\":\"BreadcrumbList\",\"@id\":\"https:\/\/comixburo.com\/produit\/sketchbook-alary-3\/#breadcrumb\",\"itemListElement\":[{\"@type\":\"ListItem\",\"position\":1,\"name\":\"Home\",\"item\":\"https:\/\/comixburo.com\/\"},{\"@type\":\"ListItem\",\"position\":2,\"name\":\"La boutique Comix Buro\",\"item\":\"https:\/\/comixburo.com\/la-boutique-comix-buro\/\"},{\"@type\":\"ListItem\",\"position\":3,\"name\":\"Sketchbook Alary #3\"}]},{\"@type\":\"WebSite\",\"@id\":\"https:\/\/comixburo.com\/#website\",\"url\":\"https:\/\/comixburo.com\/\",\"name\":\"comixburo.com\",\"description\":\"Cr\u00e9ateur de projets : Sketchbook d&#039;artistes !\",\"publisher\":{\"@id\":\"https:\/\/comixburo.com\/#organization\"},\"alternateName\":\"Comix Buro\",\"potentialAction\":[{\"@type\":\"SearchAction\",\"target\":{\"@type\":\"EntryPoint\",\"urlTemplate\":\"https:\/\/comixburo.com\/?s={search_term_string}\"},\"query-input\":{\"@type\":\"PropertyValueSpecification\",\"valueRequired\":true,\"valueName\":\"search_term_string\"}}],\"inLanguage\":\"en-GB\"},{\"@type\":\"Organization\",\"@id\":\"https:\/\/comixburo.com\/#organization\",\"name\":\"comixburo.com\",\"url\":\"https:\/\/comixburo.com\/\",\"logo\":{\"@type\":\"ImageObject\",\"inLanguage\":\"en-GB\",\"@id\":\"https:\/\/comixburo.com\/#\/schema\/logo\/image\/\",\"url\":\"https:\/\/comixburo.com\/wp-content\/uploads\/2025\/04\/logo-cxb-ROND.webp\",\"contentUrl\":\"https:\/\/comixburo.com\/wp-content\/uploads\/2025\/04\/logo-cxb-ROND.webp\",\"width\":200,\"height\":200,\"caption\":\"comixburo.com\"},\"image\":{\"@id\":\"https:\/\/comixburo.com\/#\/schema\/logo\/image\/\"},\"sameAs\":[\"https:\/\/www.facebook.com\/comixburo\",\"https:\/\/www.instagram.com\/comixburo\/\"]}]}<\/script>\n<!-- \/ Yoast SEO plugin. -->","yoast_head_json":{"title":"Sketchbook Alary #3 - comixburo.com","description":"Sketchbook Livres croquis recueil Dessins Comix Buro, feuilletez les carnets de croquis des meilleurs artistes de la bande dessin\u00e9e attakus","robots":{"index":"index","follow":"follow","max-snippet":"max-snippet:-1","max-image-preview":"max-image-preview:large","max-video-preview":"max-video-preview:-1"},"canonical":"https:\/\/comixburo.com\/en\/product\/sketchbook-alary-3\/","og_locale":"en_GB","og_type":"article","og_title":"Sketchbook Alary #3 - comixburo.com","og_description":"Sketchbook Livres croquis recueil Dessins Comix Buro, feuilletez les carnets de croquis des meilleurs artistes de la bande dessin\u00e9e attakus","og_url":"https:\/\/comixburo.com\/en\/product\/sketchbook-alary-3\/","og_site_name":"comixburo.com","article_publisher":"https:\/\/www.facebook.com\/comixburo","article_modified_time":"2025-06-02T16:16:39+00:00","og_image":[{"width":736,"height":897,"url":"https:\/\/comixburo.com\/wp-content\/uploads\/2024\/10\/Sketchbook-Alary-3-Comix-Buro.webp","type":"image\/webp"}],"twitter_card":"summary_large_image","twitter_misc":{"Estimated reading time":"2 minutes"},"schema":{"@context":"https:\/\/schema.org","@graph":[{"@type":"WebPage","@id":"https:\/\/comixburo.com\/produit\/sketchbook-alary-3\/","url":"https:\/\/comixburo.com\/produit\/sketchbook-alary-3\/","name":"Sketchbook Alary #3 - comixburo.com","isPartOf":{"@id":"https:\/\/comixburo.com\/#website"},"primaryImageOfPage":{"@id":"https:\/\/comixburo.com\/produit\/sketchbook-alary-3\/#primaryimage"},"image":{"@id":"https:\/\/comixburo.com\/produit\/sketchbook-alary-3\/#primaryimage"},"thumbnailUrl":"https:\/\/comixburo.com\/wp-content\/uploads\/2024\/10\/Sketchbook-Alary-3-Comix-Buro.webp","datePublished":"2024-10-25T15:23:41+00:00","dateModified":"2025-06-02T16:16:39+00:00","description":"Sketchbook Livres croquis recueil Dessins Comix Buro, feuilletez les carnets de croquis des meilleurs artistes de la bande dessin\u00e9e attakus","breadcrumb":{"@id":"https:\/\/comixburo.com\/produit\/sketchbook-alary-3\/#breadcrumb"},"inLanguage":"en-GB","potentialAction":[{"@type":"ReadAction","target":["https:\/\/comixburo.com\/produit\/sketchbook-alary-3\/"]}]},{"@type":"ImageObject","inLanguage":"en-GB","@id":"https:\/\/comixburo.com\/produit\/sketchbook-alary-3\/#primaryimage","url":"https:\/\/comixburo.com\/wp-content\/uploads\/2024\/10\/Sketchbook-Alary-3-Comix-Buro.webp","contentUrl":"https:\/\/comixburo.com\/wp-content\/uploads\/2024\/10\/Sketchbook-Alary-3-Comix-Buro.webp","width":736,"height":897,"caption":"Couveerture du tome 3 des sketchbook d'Alary"},{"@type":"BreadcrumbList","@id":"https:\/\/comixburo.com\/produit\/sketchbook-alary-3\/#breadcrumb","itemListElement":[{"@type":"ListItem","position":1,"name":"Home","item":"https:\/\/comixburo.com\/"},{"@type":"ListItem","position":2,"name":"La boutique Comix Buro","item":"https:\/\/comixburo.com\/la-boutique-comix-buro\/"},{"@type":"ListItem","position":3,"name":"Sketchbook Alary #3"}]},{"@type":"WebSite","@id":"https:\/\/comixburo.com\/#website","url":"https:\/\/comixburo.com\/","name":"comixburo.com","description":"Cr\u00e9ateur de projets : Sketchbook d&#039;artistes !","publisher":{"@id":"https:\/\/comixburo.com\/#organization"},"alternateName":"Comix Buro","potentialAction":[{"@type":"SearchAction","target":{"@type":"EntryPoint","urlTemplate":"https:\/\/comixburo.com\/?s={search_term_string}"},"query-input":{"@type":"PropertyValueSpecification","valueRequired":true,"valueName":"search_term_string"}}],"inLanguage":"en-GB"},{"@type":"Organization","@id":"https:\/\/comixburo.com\/#organization","name":"comixburo.com","url":"https:\/\/comixburo.com\/","logo":{"@type":"ImageObject","inLanguage":"en-GB","@id":"https:\/\/comixburo.com\/#\/schema\/logo\/image\/","url":"https:\/\/comixburo.com\/wp-content\/uploads\/2025\/04\/logo-cxb-ROND.webp","contentUrl":"https:\/\/comixburo.com\/wp-content\/uploads\/2025\/04\/logo-cxb-ROND.webp","width":200,"height":200,"caption":"comixburo.com"},"image":{"@id":"https:\/\/comixburo.com\/#\/schema\/logo\/image\/"},"sameAs":["https:\/\/www.facebook.com\/comixburo","https:\/\/www.instagram.com\/comixburo\/"]}]}},"jetpack_sharing_enabled":true,"_links":{"self":[{"href":"https:\/\/comixburo.com\/en\/wp-json\/wp\/v2\/product\/16269","targetHints":{"allow":["GET"]}}],"collection":[{"href":"https:\/\/comixburo.com\/en\/wp-json\/wp\/v2\/product"}],"about":[{"href":"https:\/\/comixburo.com\/en\/wp-json\/wp\/v2\/types\/product"}],"replies":[{"embeddable":true,"href":"https:\/\/comixburo.com\/en\/wp-json\/wp\/v2\/comments?post=16269"}],"version-history":[{"count":5,"href":"https:\/\/comixburo.com\/en\/wp-json\/wp\/v2\/product\/16269\/revisions"}],"predecessor-version":[{"id":20486,"href":"https:\/\/comixburo.com\/en\/wp-json\/wp\/v2\/product\/16269\/revisions\/20486"}],"wp:featuredmedia":[{"embeddable":true,"href":"https:\/\/comixburo.com\/en\/wp-json\/wp\/v2\/media\/16188"}],"wp:attachment":[{"href":"https:\/\/comixburo.com\/en\/wp-json\/wp\/v2\/media?parent=16269"}],"wp:term":[{"taxonomy":"product_brand","embeddable":true,"href":"https:\/\/comixburo.com\/en\/wp-json\/wp\/v2\/product_brand?post=16269"},{"taxonomy":"product_cat","embeddable":true,"href":"https:\/\/comixburo.com\/en\/wp-json\/wp\/v2\/product_cat?post=16269"},{"taxonomy":"product_tag","embeddable":true,"href":"https:\/\/comixburo.com\/en\/wp-json\/wp\/v2\/product_tag?post=16269"}],"curies":[{"name":"wp","href":"https:\/\/api.w.org\/{rel}","templated":true}]}}