{"id":16286,"date":"2024-10-28T11:00:40","date_gmt":"2024-10-28T10:00:40","guid":{"rendered":"https:\/\/comixburo.com\/?post_type=product&#038;p=16286"},"modified":"2025-05-06T11:13:59","modified_gmt":"2025-05-06T09:13:59","slug":"rendez-vous-avec-x-la-chinoise","status":"publish","type":"product","link":"https:\/\/comixburo.com\/en\/product\/rendez-vous-avec-x-la-chinoise\/","title":{"rendered":"Rendez-vous avec X &#8211; La Chinoise"},"content":{"rendered":"<h2 class=\"\" data-start=\"133\" data-end=\"220\"><em data-start=\"139\" data-end=\"173\">Rendez-vous avec X \u2013 La Chinoise<\/em> : entre amour, espionnage et v\u00e9rit\u00e9 historique<\/h2>\n<p class=\"\" data-start=\"222\" data-end=\"718\">Plong\u00e9e captivante dans la Chine mao\u00efste des ann\u00e9es 60, <em data-start=\"278\" data-end=\"312\">Rendez-vous avec X \u2013 La Chinoise<\/em> raconte l\u2019histoire vraie et troublante de Bernard Boursicot, jeune employ\u00e9 \u00e0 l\u2019ambassade de France \u00e0 P\u00e9kin, tomb\u00e9 amoureux de Shi Pei Pu, un ancien acteur de l\u2019Op\u00e9ra de P\u00e9kin. Persuad\u00e9 d\u2019aimer une femme, il se laisse entra\u00eener dans une affaire d\u2019espionnage d\u2019\u00c9tat aux r\u00e9percussions internationales. L\u2019album m\u00eale secrets d&rsquo;espionnage, romance interdite et manipulation politique avec une tension constante.<\/p>\n<p class=\"\" data-start=\"775\" data-end=\"1180\"><a href=\"https:\/\/www.instagram.com\/regishaut\/\">R\u00e9gis Hauti\u00e8re<\/a>, sc\u00e9nariste reconnu (<em data-start=\"811\" data-end=\"832\">La Guerre des Lulus<\/em>, <em data-start=\"834\" data-end=\"844\">Aquablue<\/em>), excelle dans les r\u00e9cits historiques \u00e0 port\u00e9e humaine. Il s\u2019associe ici \u00e0 <a href=\"https:\/\/www.linkedin.com\/in\/gregory-charlet-289736b\/?originalSubdomain=fr\">Gr\u00e9gory Charlet<\/a>, dont le trait \u00e9l\u00e9gant et pr\u00e9cis (<em data-start=\"970\" data-end=\"994\">Le Programme Immersion<\/em>, <em data-start=\"996\" data-end=\"1011\">Les Pionniers<\/em>) capture l\u2019atmosph\u00e8re feutr\u00e9e et dramatique de l\u2019\u00e9poque. Ensemble, ils livrent une \u0153uvre dense et ma\u00eetris\u00e9e, fid\u00e8le \u00e0 l\u2019esprit de l\u2019\u00e9mission culte \u00ab\u00a0Rendez-vous avec X\u00a0\u00bb.<\/p>\n<p class=\"\" data-start=\"264\" data-end=\"497\">\u200b\u00c9dit\u00e9 sous le label <a href=\"https:\/\/comixburo.com\/en\/\">Comix Buro<\/a>.<\/p>","protected":false},"excerpt":{"rendered":"<p>Rendez-vous avec X \u2013 La Chinoise : entre amour, espionnage et v\u00e9rit\u00e9 historique Plong\u00e9e captivante dans la Chine mao\u00efste des<\/p>","protected":false},"featured_media":16043,"comment_status":"open","ping_status":"closed","template":"","meta":[],"product_brand":[108],"product_cat":[97,110,94,84,93],"product_tag":[],"class_list":{"0":"post-16286","1":"product","2":"type-product","3":"status-publish","4":"has-post-thumbnail","6":"product_brand-comix-buro","7":"product_cat-bd","8":"product_cat-comix-buro","9":"product_cat-one-shots","10":"product_cat-rendez-vous-avec-x","11":"product_cat-tous","13":"first","14":"instock","15":"taxable","16":"shipping-taxable","17":"purchasable","18":"product-type-simple"},"yoast_head":"<!-- This site is optimized with the Yoast SEO plugin v26.9 - https:\/\/yoast.com\/product\/yoast-seo-wordpress\/ -->\n<title>Rendez-vous avec X - La Chinoise - comixburo.com<\/title>\n<meta name=\"description\" content=\"Rendez-vous avec X - La Chinoise, Plong\u00e9e dans la Chine mao\u00efste : amour, manipulation et espionnage dans cette BD inspir\u00e9e d\u2019une histoire vraie.\" \/>\n<meta name=\"robots\" content=\"index, follow, max-snippet:-1, max-image-preview:large, max-video-preview:-1\" \/>\n<link rel=\"canonical\" href=\"https:\/\/comixburo.com\/en\/product\/rendez-vous-avec-x-la-chinoise\/\" \/>\n<meta property=\"og:locale\" content=\"en_GB\" \/>\n<meta property=\"og:type\" content=\"article\" \/>\n<meta property=\"og:title\" content=\"Rendez-vous avec X - La Chinoise - comixburo.com\" \/>\n<meta property=\"og:description\" content=\"Rendez-vous avec X - La Chinoise, Plong\u00e9e dans la Chine mao\u00efste : amour, manipulation et espionnage dans cette BD inspir\u00e9e d\u2019une histoire vraie.\" \/>\n<meta property=\"og:url\" content=\"https:\/\/comixburo.com\/en\/product\/rendez-vous-avec-x-la-chinoise\/\" \/>\n<meta property=\"og:site_name\" content=\"comixburo.com\" \/>\n<meta property=\"article:publisher\" content=\"https:\/\/www.facebook.com\/comixburo\" \/>\n<meta property=\"article:modified_time\" content=\"2025-05-06T09:13:59+00:00\" \/>\n<meta property=\"og:image\" content=\"https:\/\/comixburo.com\/wp-content\/uploads\/2024\/10\/la-chinoise-Comix-Buro-copie.webp\" \/>\n\t<meta property=\"og:image:width\" content=\"600\" \/>\n\t<meta property=\"og:image:height\" content=\"800\" \/>\n\t<meta property=\"og:image:type\" content=\"image\/webp\" \/>\n<meta name=\"twitter:card\" content=\"summary_large_image\" \/>\n<meta name=\"twitter:label1\" content=\"Estimated reading time\" \/>\n\t<meta name=\"twitter:data1\" content=\"1 minute\" \/>\n<script type=\"application\/ld+json\" class=\"yoast-schema-graph\">{\"@context\":\"https:\/\/schema.org\",\"@graph\":[{\"@type\":\"WebPage\",\"@id\":\"https:\/\/comixburo.com\/produit\/rendez-vous-avec-x-la-chinoise\/\",\"url\":\"https:\/\/comixburo.com\/produit\/rendez-vous-avec-x-la-chinoise\/\",\"name\":\"Rendez-vous avec X - La Chinoise - comixburo.com\",\"isPartOf\":{\"@id\":\"https:\/\/comixburo.com\/#website\"},\"primaryImageOfPage\":{\"@id\":\"https:\/\/comixburo.com\/produit\/rendez-vous-avec-x-la-chinoise\/#primaryimage\"},\"image\":{\"@id\":\"https:\/\/comixburo.com\/produit\/rendez-vous-avec-x-la-chinoise\/#primaryimage\"},\"thumbnailUrl\":\"https:\/\/comixburo.com\/wp-content\/uploads\/2024\/10\/la-chinoise-Comix-Buro-copie.webp\",\"datePublished\":\"2024-10-28T10:00:40+00:00\",\"dateModified\":\"2025-05-06T09:13:59+00:00\",\"description\":\"Rendez-vous avec X - La Chinoise, Plong\u00e9e dans la Chine mao\u00efste : amour, manipulation et espionnage dans cette BD inspir\u00e9e d\u2019une histoire vraie.\",\"breadcrumb\":{\"@id\":\"https:\/\/comixburo.com\/produit\/rendez-vous-avec-x-la-chinoise\/#breadcrumb\"},\"inLanguage\":\"en-GB\",\"potentialAction\":[{\"@type\":\"ReadAction\",\"target\":[\"https:\/\/comixburo.com\/produit\/rendez-vous-avec-x-la-chinoise\/\"]}]},{\"@type\":\"ImageObject\",\"inLanguage\":\"en-GB\",\"@id\":\"https:\/\/comixburo.com\/produit\/rendez-vous-avec-x-la-chinoise\/#primaryimage\",\"url\":\"https:\/\/comixburo.com\/wp-content\/uploads\/2024\/10\/la-chinoise-Comix-Buro-copie.webp\",\"contentUrl\":\"https:\/\/comixburo.com\/wp-content\/uploads\/2024\/10\/la-chinoise-Comix-Buro-copie.webp\",\"width\":600,\"height\":800,\"caption\":\"Couverture de Rendez-vous avec X - La chinoise\"},{\"@type\":\"BreadcrumbList\",\"@id\":\"https:\/\/comixburo.com\/produit\/rendez-vous-avec-x-la-chinoise\/#breadcrumb\",\"itemListElement\":[{\"@type\":\"ListItem\",\"position\":1,\"name\":\"Home\",\"item\":\"https:\/\/comixburo.com\/\"},{\"@type\":\"ListItem\",\"position\":2,\"name\":\"La boutique Comix Buro\",\"item\":\"https:\/\/comixburo.com\/la-boutique-comix-buro\/\"},{\"@type\":\"ListItem\",\"position\":3,\"name\":\"Rendez-vous avec X &#8211; La Chinoise\"}]},{\"@type\":\"WebSite\",\"@id\":\"https:\/\/comixburo.com\/#website\",\"url\":\"https:\/\/comixburo.com\/\",\"name\":\"comixburo.com\",\"description\":\"Cr\u00e9ateur de projets : Sketchbook d&#039;artistes !\",\"publisher\":{\"@id\":\"https:\/\/comixburo.com\/#organization\"},\"alternateName\":\"Comix Buro\",\"potentialAction\":[{\"@type\":\"SearchAction\",\"target\":{\"@type\":\"EntryPoint\",\"urlTemplate\":\"https:\/\/comixburo.com\/?s={search_term_string}\"},\"query-input\":{\"@type\":\"PropertyValueSpecification\",\"valueRequired\":true,\"valueName\":\"search_term_string\"}}],\"inLanguage\":\"en-GB\"},{\"@type\":\"Organization\",\"@id\":\"https:\/\/comixburo.com\/#organization\",\"name\":\"comixburo.com\",\"url\":\"https:\/\/comixburo.com\/\",\"logo\":{\"@type\":\"ImageObject\",\"inLanguage\":\"en-GB\",\"@id\":\"https:\/\/comixburo.com\/#\/schema\/logo\/image\/\",\"url\":\"https:\/\/comixburo.com\/wp-content\/uploads\/2025\/04\/logo-cxb-ROND.webp\",\"contentUrl\":\"https:\/\/comixburo.com\/wp-content\/uploads\/2025\/04\/logo-cxb-ROND.webp\",\"width\":200,\"height\":200,\"caption\":\"comixburo.com\"},\"image\":{\"@id\":\"https:\/\/comixburo.com\/#\/schema\/logo\/image\/\"},\"sameAs\":[\"https:\/\/www.facebook.com\/comixburo\",\"https:\/\/www.instagram.com\/comixburo\/\"]}]}<\/script>\n<!-- \/ Yoast SEO plugin. -->","yoast_head_json":{"title":"Rendez-vous avec X - La Chinoise - comixburo.com","description":"Rendez-vous avec X - La Chinoise, Plong\u00e9e dans la Chine mao\u00efste : amour, manipulation et espionnage dans cette BD inspir\u00e9e d\u2019une histoire vraie.","robots":{"index":"index","follow":"follow","max-snippet":"max-snippet:-1","max-image-preview":"max-image-preview:large","max-video-preview":"max-video-preview:-1"},"canonical":"https:\/\/comixburo.com\/en\/product\/rendez-vous-avec-x-la-chinoise\/","og_locale":"en_GB","og_type":"article","og_title":"Rendez-vous avec X - La Chinoise - comixburo.com","og_description":"Rendez-vous avec X - La Chinoise, Plong\u00e9e dans la Chine mao\u00efste : amour, manipulation et espionnage dans cette BD inspir\u00e9e d\u2019une histoire vraie.","og_url":"https:\/\/comixburo.com\/en\/product\/rendez-vous-avec-x-la-chinoise\/","og_site_name":"comixburo.com","article_publisher":"https:\/\/www.facebook.com\/comixburo","article_modified_time":"2025-05-06T09:13:59+00:00","og_image":[{"width":600,"height":800,"url":"https:\/\/comixburo.com\/wp-content\/uploads\/2024\/10\/la-chinoise-Comix-Buro-copie.webp","type":"image\/webp"}],"twitter_card":"summary_large_image","twitter_misc":{"Estimated reading time":"1 minute"},"schema":{"@context":"https:\/\/schema.org","@graph":[{"@type":"WebPage","@id":"https:\/\/comixburo.com\/produit\/rendez-vous-avec-x-la-chinoise\/","url":"https:\/\/comixburo.com\/produit\/rendez-vous-avec-x-la-chinoise\/","name":"Rendez-vous avec X - La Chinoise - comixburo.com","isPartOf":{"@id":"https:\/\/comixburo.com\/#website"},"primaryImageOfPage":{"@id":"https:\/\/comixburo.com\/produit\/rendez-vous-avec-x-la-chinoise\/#primaryimage"},"image":{"@id":"https:\/\/comixburo.com\/produit\/rendez-vous-avec-x-la-chinoise\/#primaryimage"},"thumbnailUrl":"https:\/\/comixburo.com\/wp-content\/uploads\/2024\/10\/la-chinoise-Comix-Buro-copie.webp","datePublished":"2024-10-28T10:00:40+00:00","dateModified":"2025-05-06T09:13:59+00:00","description":"Rendez-vous avec X - La Chinoise, Plong\u00e9e dans la Chine mao\u00efste : amour, manipulation et espionnage dans cette BD inspir\u00e9e d\u2019une histoire vraie.","breadcrumb":{"@id":"https:\/\/comixburo.com\/produit\/rendez-vous-avec-x-la-chinoise\/#breadcrumb"},"inLanguage":"en-GB","potentialAction":[{"@type":"ReadAction","target":["https:\/\/comixburo.com\/produit\/rendez-vous-avec-x-la-chinoise\/"]}]},{"@type":"ImageObject","inLanguage":"en-GB","@id":"https:\/\/comixburo.com\/produit\/rendez-vous-avec-x-la-chinoise\/#primaryimage","url":"https:\/\/comixburo.com\/wp-content\/uploads\/2024\/10\/la-chinoise-Comix-Buro-copie.webp","contentUrl":"https:\/\/comixburo.com\/wp-content\/uploads\/2024\/10\/la-chinoise-Comix-Buro-copie.webp","width":600,"height":800,"caption":"Couverture de Rendez-vous avec X - La chinoise"},{"@type":"BreadcrumbList","@id":"https:\/\/comixburo.com\/produit\/rendez-vous-avec-x-la-chinoise\/#breadcrumb","itemListElement":[{"@type":"ListItem","position":1,"name":"Home","item":"https:\/\/comixburo.com\/"},{"@type":"ListItem","position":2,"name":"La boutique Comix Buro","item":"https:\/\/comixburo.com\/la-boutique-comix-buro\/"},{"@type":"ListItem","position":3,"name":"Rendez-vous avec X &#8211; La Chinoise"}]},{"@type":"WebSite","@id":"https:\/\/comixburo.com\/#website","url":"https:\/\/comixburo.com\/","name":"comixburo.com","description":"Cr\u00e9ateur de projets : Sketchbook d&#039;artistes !","publisher":{"@id":"https:\/\/comixburo.com\/#organization"},"alternateName":"Comix Buro","potentialAction":[{"@type":"SearchAction","target":{"@type":"EntryPoint","urlTemplate":"https:\/\/comixburo.com\/?s={search_term_string}"},"query-input":{"@type":"PropertyValueSpecification","valueRequired":true,"valueName":"search_term_string"}}],"inLanguage":"en-GB"},{"@type":"Organization","@id":"https:\/\/comixburo.com\/#organization","name":"comixburo.com","url":"https:\/\/comixburo.com\/","logo":{"@type":"ImageObject","inLanguage":"en-GB","@id":"https:\/\/comixburo.com\/#\/schema\/logo\/image\/","url":"https:\/\/comixburo.com\/wp-content\/uploads\/2025\/04\/logo-cxb-ROND.webp","contentUrl":"https:\/\/comixburo.com\/wp-content\/uploads\/2025\/04\/logo-cxb-ROND.webp","width":200,"height":200,"caption":"comixburo.com"},"image":{"@id":"https:\/\/comixburo.com\/#\/schema\/logo\/image\/"},"sameAs":["https:\/\/www.facebook.com\/comixburo","https:\/\/www.instagram.com\/comixburo\/"]}]}},"jetpack_sharing_enabled":true,"_links":{"self":[{"href":"https:\/\/comixburo.com\/en\/wp-json\/wp\/v2\/product\/16286","targetHints":{"allow":["GET"]}}],"collection":[{"href":"https:\/\/comixburo.com\/en\/wp-json\/wp\/v2\/product"}],"about":[{"href":"https:\/\/comixburo.com\/en\/wp-json\/wp\/v2\/types\/product"}],"replies":[{"embeddable":true,"href":"https:\/\/comixburo.com\/en\/wp-json\/wp\/v2\/comments?post=16286"}],"version-history":[{"count":4,"href":"https:\/\/comixburo.com\/en\/wp-json\/wp\/v2\/product\/16286\/revisions"}],"predecessor-version":[{"id":19690,"href":"https:\/\/comixburo.com\/en\/wp-json\/wp\/v2\/product\/16286\/revisions\/19690"}],"wp:featuredmedia":[{"embeddable":true,"href":"https:\/\/comixburo.com\/en\/wp-json\/wp\/v2\/media\/16043"}],"wp:attachment":[{"href":"https:\/\/comixburo.com\/en\/wp-json\/wp\/v2\/media?parent=16286"}],"wp:term":[{"taxonomy":"product_brand","embeddable":true,"href":"https:\/\/comixburo.com\/en\/wp-json\/wp\/v2\/product_brand?post=16286"},{"taxonomy":"product_cat","embeddable":true,"href":"https:\/\/comixburo.com\/en\/wp-json\/wp\/v2\/product_cat?post=16286"},{"taxonomy":"product_tag","embeddable":true,"href":"https:\/\/comixburo.com\/en\/wp-json\/wp\/v2\/product_tag?post=16286"}],"curies":[{"name":"wp","href":"https:\/\/api.w.org\/{rel}","templated":true}]}}