{"id":16289,"date":"2024-10-28T11:08:25","date_gmt":"2024-10-28T10:08:25","guid":{"rendered":"https:\/\/comixburo.com\/?post_type=product&#038;p=16289"},"modified":"2025-05-06T11:13:59","modified_gmt":"2025-05-06T09:13:59","slug":"rendez-vous-avec-x-la-baie-des-cochons","status":"publish","type":"product","link":"https:\/\/comixburo.com\/en\/product\/rendez-vous-avec-x-la-baie-des-cochons\/","title":{"rendered":"Rendez-vous avec X &#8211; La baie des cochons"},"content":{"rendered":"<h2 data-start=\"395\" data-end=\"552\"><span class=\"relative -mx-px my-[-0.2rem] rounded px-px py-[0.2rem] transition-colors duration-100 ease-in-out\"><em data-start=\"0\" data-end=\"42\" data-is-only-node=\"\">Rendez-vous avec X \u2013 La Baie des Cochons<\/em><\/span><\/h2>\n<p class=\"\" data-start=\"395\" data-end=\"552\"><span class=\"relative -mx-px my-[-0.2rem] rounded px-px py-[0.2rem] transition-colors duration-100 ease-in-out\">Plongez au c\u0153ur de l&rsquo;une des crises les plus tendues de la Guerre froide.<\/span> <span class=\"relative -mx-px my-[-0.2rem] rounded px-px py-[0.2rem] transition-colors duration-100 ease-in-out\">En avril 1961, des bombardiers am\u00e9ricains se dirigent vers le sud de Cuba pour soutenir la Brigade 2506, une force mercenaire envoy\u00e9e pour renverser le r\u00e9gime pro-communiste de Fidel Castro.<\/span> <span class=\"relative -mx-px my-[-0.2rem] rounded px-px py-[0.2rem] transition-colors duration-100 ease-in-out\">Cette op\u00e9ration, connue sous le nom de \u00ab\u00a0Baie des Cochons\u00a0\u00bb, est un \u00e9chec retentissant qui faillit pr\u00e9cipiter le monde dans un conflit nucl\u00e9aire.<\/span><\/p>\n<p class=\"\" data-start=\"554\" data-end=\"717\"><span class=\"relative -mx-px my-[-0.2rem] rounded px-px py-[0.2rem] transition-colors duration-100 ease-in-out\">\u00c0 travers le prisme de l&rsquo;\u00e9mission radiophonique <em data-start=\"48\" data-end=\"68\">Rendez-vous avec X<\/em> de France Inter, l&rsquo;album d\u00e9voile les coulisses de cette invasion avort\u00e9e.<\/span> <span class=\"relative -mx-px my-[-0.2rem] rounded px-px py-[0.2rem] transition-colors duration-100 ease-in-out\">Le myst\u00e9rieux \u00ab\u00a0Monsieur X\u00a0\u00bb, un ancien agent des services secrets, raconte les dessous de cette op\u00e9ration, ses enjeux g\u00e9opolitiques et les erreurs strat\u00e9giques qui ont conduit \u00e0 son \u00e9chec.<\/span> <span class=\"relative -mx-px my-[-0.2rem] rounded px-px py-[0.2rem] transition-colors duration-100 ease-in-out\">Le sc\u00e9nario de <a href=\"https:\/\/www.instagram.com\/majordobbs\/\">Dobbs<\/a>, soutenu par les illustrations pr\u00e9cises de <a href=\"https:\/\/www.instagram.com\/mr_fabtrek\/\">Mr Fab<\/a>, offre une immersion totale dans cette p\u00e9riode historique cruciale.<\/span>\u200b<\/p>\n<p class=\"\" data-start=\"719\" data-end=\"844\"><span class=\"relative -mx-px my-[-0.2rem] rounded px-px py-[0.2rem] transition-colors duration-100 ease-in-out\">L&rsquo;album est enrichi d&rsquo;un livret documentaire r\u00e9dig\u00e9 par Patrick Pesnot, le cr\u00e9ateur de l&rsquo;\u00e9mission, qui apporte un \u00e9clairage suppl\u00e9mentaire sur les \u00e9v\u00e9nements.<\/span> <span class=\"relative -mx-px my-[-0.2rem] rounded px-px py-[0.2rem] transition-colors duration-100 ease-in-out\">Avec ses 64 pages en couleur, <em data-start=\"30\" data-end=\"51\">La Baie des Cochons<\/em> est une bande dessin\u00e9e historique captivante, m\u00ealant r\u00e9cit graphique et analyse g\u00e9opolitique.<br \/>\n<\/span><\/p>\n<p data-start=\"719\" data-end=\"844\">\u00c9dit\u00e9 sous le label <a href=\"https:\/\/comixburo.com\/en\/\">Comix Buro<\/a>.<\/p>","protected":false},"excerpt":{"rendered":"<p><span class=\"relative -mx-px my-[-0.2rem] rounded px-px py-[0.2rem] transition-colors duration-100 ease-in-out\">En avril 1961, l&rsquo;invasion de la Baie des Cochons &eacute;choue, mena&ccedil;ant la paix mondiale.&lt;\/span&gt; &lt;span class=&quot;&nbsp;&raquo;relative&quot; -mx-px my-[-0.2rem] rounded px-px py-[0.2rem] transition-colors duration-100 ease-in-out&nbsp;&raquo;&gt;&Agrave; travers l&rsquo;&eacute;mission <em data-start=\"21\" data-end=\"41\">Rendez-vous avec X<\/em>, d\u00e9couvrez les coulisses de cette op\u00e9ration rat\u00e9e, racont\u00e9es par un ancien agent des services secrets.<\/span> <span class=\"relative -mx-px my-[-0.2rem] rounded px-px py-[0.2rem] transition-colors duration-100 ease-in-out\">Un r\u00e9cit historique intense sign\u00e9 Dobbs et Mr Fab.<\/span><\/p>","protected":false},"featured_media":16042,"comment_status":"open","ping_status":"closed","template":"","meta":[],"product_brand":[108],"product_cat":[97,110,94,84,93],"product_tag":[],"class_list":{"0":"post-16289","1":"product","2":"type-product","3":"status-publish","4":"has-post-thumbnail","6":"product_brand-comix-buro","7":"product_cat-bd","8":"product_cat-comix-buro","9":"product_cat-one-shots","10":"product_cat-rendez-vous-avec-x","11":"product_cat-tous","13":"first","14":"instock","15":"taxable","16":"shipping-taxable","17":"purchasable","18":"product-type-simple"},"yoast_head":"<!-- This site is optimized with the Yoast SEO plugin v26.9 - https:\/\/yoast.com\/product\/yoast-seo-wordpress\/ -->\n<title>Rendez-vous avec X - La baie des cochons - comixburo.com<\/title>\n<meta name=\"description\" content=\"Plongez dans l&#039;\u00e9chec de l&#039;invasion de la Baie des Cochons en 1961 \u00e0 travers Rendez-vous avec X, une BD historique captivante de Dobbs et Mr Fab.\" \/>\n<meta name=\"robots\" content=\"index, follow, max-snippet:-1, max-image-preview:large, max-video-preview:-1\" \/>\n<link rel=\"canonical\" href=\"https:\/\/comixburo.com\/en\/product\/rendez-vous-avec-x-la-baie-des-cochons\/\" \/>\n<meta property=\"og:locale\" content=\"en_GB\" \/>\n<meta property=\"og:type\" content=\"article\" \/>\n<meta property=\"og:title\" content=\"Rendez-vous avec X - La baie des cochons - comixburo.com\" \/>\n<meta property=\"og:description\" content=\"Plongez dans l&#039;\u00e9chec de l&#039;invasion de la Baie des Cochons en 1961 \u00e0 travers Rendez-vous avec X, une BD historique captivante de Dobbs et Mr Fab.\" \/>\n<meta property=\"og:url\" content=\"https:\/\/comixburo.com\/en\/product\/rendez-vous-avec-x-la-baie-des-cochons\/\" \/>\n<meta property=\"og:site_name\" content=\"comixburo.com\" \/>\n<meta property=\"article:publisher\" content=\"https:\/\/www.facebook.com\/comixburo\" \/>\n<meta property=\"article:modified_time\" content=\"2025-05-06T09:13:59+00:00\" \/>\n<meta property=\"og:image\" content=\"https:\/\/comixburo.com\/wp-content\/uploads\/2024\/10\/la-baie-des-cochons-Comix-Buro.webp\" \/>\n\t<meta property=\"og:image:width\" content=\"600\" \/>\n\t<meta property=\"og:image:height\" content=\"800\" \/>\n\t<meta property=\"og:image:type\" content=\"image\/webp\" \/>\n<meta name=\"twitter:card\" content=\"summary_large_image\" \/>\n<meta name=\"twitter:label1\" content=\"Estimated reading time\" \/>\n\t<meta name=\"twitter:data1\" content=\"2 minutes\" \/>\n<script type=\"application\/ld+json\" class=\"yoast-schema-graph\">{\"@context\":\"https:\/\/schema.org\",\"@graph\":[{\"@type\":\"WebPage\",\"@id\":\"https:\/\/comixburo.com\/produit\/rendez-vous-avec-x-la-baie-des-cochons\/\",\"url\":\"https:\/\/comixburo.com\/produit\/rendez-vous-avec-x-la-baie-des-cochons\/\",\"name\":\"Rendez-vous avec X - La baie des cochons - comixburo.com\",\"isPartOf\":{\"@id\":\"https:\/\/comixburo.com\/#website\"},\"primaryImageOfPage\":{\"@id\":\"https:\/\/comixburo.com\/produit\/rendez-vous-avec-x-la-baie-des-cochons\/#primaryimage\"},\"image\":{\"@id\":\"https:\/\/comixburo.com\/produit\/rendez-vous-avec-x-la-baie-des-cochons\/#primaryimage\"},\"thumbnailUrl\":\"https:\/\/comixburo.com\/wp-content\/uploads\/2024\/10\/la-baie-des-cochons-Comix-Buro.webp\",\"datePublished\":\"2024-10-28T10:08:25+00:00\",\"dateModified\":\"2025-05-06T09:13:59+00:00\",\"description\":\"Plongez dans l'\u00e9chec de l'invasion de la Baie des Cochons en 1961 \u00e0 travers Rendez-vous avec X, une BD historique captivante de Dobbs et Mr Fab.\",\"breadcrumb\":{\"@id\":\"https:\/\/comixburo.com\/produit\/rendez-vous-avec-x-la-baie-des-cochons\/#breadcrumb\"},\"inLanguage\":\"en-GB\",\"potentialAction\":[{\"@type\":\"ReadAction\",\"target\":[\"https:\/\/comixburo.com\/produit\/rendez-vous-avec-x-la-baie-des-cochons\/\"]}]},{\"@type\":\"ImageObject\",\"inLanguage\":\"en-GB\",\"@id\":\"https:\/\/comixburo.com\/produit\/rendez-vous-avec-x-la-baie-des-cochons\/#primaryimage\",\"url\":\"https:\/\/comixburo.com\/wp-content\/uploads\/2024\/10\/la-baie-des-cochons-Comix-Buro.webp\",\"contentUrl\":\"https:\/\/comixburo.com\/wp-content\/uploads\/2024\/10\/la-baie-des-cochons-Comix-Buro.webp\",\"width\":600,\"height\":800,\"caption\":\"Couverture de Rendez-vous avec X - La baie des cochons\"},{\"@type\":\"BreadcrumbList\",\"@id\":\"https:\/\/comixburo.com\/produit\/rendez-vous-avec-x-la-baie-des-cochons\/#breadcrumb\",\"itemListElement\":[{\"@type\":\"ListItem\",\"position\":1,\"name\":\"Home\",\"item\":\"https:\/\/comixburo.com\/\"},{\"@type\":\"ListItem\",\"position\":2,\"name\":\"La boutique Comix Buro\",\"item\":\"https:\/\/comixburo.com\/la-boutique-comix-buro\/\"},{\"@type\":\"ListItem\",\"position\":3,\"name\":\"Rendez-vous avec X &#8211; La baie des cochons\"}]},{\"@type\":\"WebSite\",\"@id\":\"https:\/\/comixburo.com\/#website\",\"url\":\"https:\/\/comixburo.com\/\",\"name\":\"comixburo.com\",\"description\":\"Cr\u00e9ateur de projets : Sketchbook d&#039;artistes !\",\"publisher\":{\"@id\":\"https:\/\/comixburo.com\/#organization\"},\"alternateName\":\"Comix Buro\",\"potentialAction\":[{\"@type\":\"SearchAction\",\"target\":{\"@type\":\"EntryPoint\",\"urlTemplate\":\"https:\/\/comixburo.com\/?s={search_term_string}\"},\"query-input\":{\"@type\":\"PropertyValueSpecification\",\"valueRequired\":true,\"valueName\":\"search_term_string\"}}],\"inLanguage\":\"en-GB\"},{\"@type\":\"Organization\",\"@id\":\"https:\/\/comixburo.com\/#organization\",\"name\":\"comixburo.com\",\"url\":\"https:\/\/comixburo.com\/\",\"logo\":{\"@type\":\"ImageObject\",\"inLanguage\":\"en-GB\",\"@id\":\"https:\/\/comixburo.com\/#\/schema\/logo\/image\/\",\"url\":\"https:\/\/comixburo.com\/wp-content\/uploads\/2025\/04\/logo-cxb-ROND.webp\",\"contentUrl\":\"https:\/\/comixburo.com\/wp-content\/uploads\/2025\/04\/logo-cxb-ROND.webp\",\"width\":200,\"height\":200,\"caption\":\"comixburo.com\"},\"image\":{\"@id\":\"https:\/\/comixburo.com\/#\/schema\/logo\/image\/\"},\"sameAs\":[\"https:\/\/www.facebook.com\/comixburo\",\"https:\/\/www.instagram.com\/comixburo\/\"]}]}<\/script>\n<!-- \/ Yoast SEO plugin. -->","yoast_head_json":{"title":"Rendez-vous avec X - La baie des cochons - comixburo.com","description":"Plongez dans l'\u00e9chec de l'invasion de la Baie des Cochons en 1961 \u00e0 travers Rendez-vous avec X, une BD historique captivante de Dobbs et Mr Fab.","robots":{"index":"index","follow":"follow","max-snippet":"max-snippet:-1","max-image-preview":"max-image-preview:large","max-video-preview":"max-video-preview:-1"},"canonical":"https:\/\/comixburo.com\/en\/product\/rendez-vous-avec-x-la-baie-des-cochons\/","og_locale":"en_GB","og_type":"article","og_title":"Rendez-vous avec X - La baie des cochons - comixburo.com","og_description":"Plongez dans l'\u00e9chec de l'invasion de la Baie des Cochons en 1961 \u00e0 travers Rendez-vous avec X, une BD historique captivante de Dobbs et Mr Fab.","og_url":"https:\/\/comixburo.com\/en\/product\/rendez-vous-avec-x-la-baie-des-cochons\/","og_site_name":"comixburo.com","article_publisher":"https:\/\/www.facebook.com\/comixburo","article_modified_time":"2025-05-06T09:13:59+00:00","og_image":[{"width":600,"height":800,"url":"https:\/\/comixburo.com\/wp-content\/uploads\/2024\/10\/la-baie-des-cochons-Comix-Buro.webp","type":"image\/webp"}],"twitter_card":"summary_large_image","twitter_misc":{"Estimated reading time":"2 minutes"},"schema":{"@context":"https:\/\/schema.org","@graph":[{"@type":"WebPage","@id":"https:\/\/comixburo.com\/produit\/rendez-vous-avec-x-la-baie-des-cochons\/","url":"https:\/\/comixburo.com\/produit\/rendez-vous-avec-x-la-baie-des-cochons\/","name":"Rendez-vous avec X - La baie des cochons - comixburo.com","isPartOf":{"@id":"https:\/\/comixburo.com\/#website"},"primaryImageOfPage":{"@id":"https:\/\/comixburo.com\/produit\/rendez-vous-avec-x-la-baie-des-cochons\/#primaryimage"},"image":{"@id":"https:\/\/comixburo.com\/produit\/rendez-vous-avec-x-la-baie-des-cochons\/#primaryimage"},"thumbnailUrl":"https:\/\/comixburo.com\/wp-content\/uploads\/2024\/10\/la-baie-des-cochons-Comix-Buro.webp","datePublished":"2024-10-28T10:08:25+00:00","dateModified":"2025-05-06T09:13:59+00:00","description":"Plongez dans l'\u00e9chec de l'invasion de la Baie des Cochons en 1961 \u00e0 travers Rendez-vous avec X, une BD historique captivante de Dobbs et Mr Fab.","breadcrumb":{"@id":"https:\/\/comixburo.com\/produit\/rendez-vous-avec-x-la-baie-des-cochons\/#breadcrumb"},"inLanguage":"en-GB","potentialAction":[{"@type":"ReadAction","target":["https:\/\/comixburo.com\/produit\/rendez-vous-avec-x-la-baie-des-cochons\/"]}]},{"@type":"ImageObject","inLanguage":"en-GB","@id":"https:\/\/comixburo.com\/produit\/rendez-vous-avec-x-la-baie-des-cochons\/#primaryimage","url":"https:\/\/comixburo.com\/wp-content\/uploads\/2024\/10\/la-baie-des-cochons-Comix-Buro.webp","contentUrl":"https:\/\/comixburo.com\/wp-content\/uploads\/2024\/10\/la-baie-des-cochons-Comix-Buro.webp","width":600,"height":800,"caption":"Couverture de Rendez-vous avec X - La baie des cochons"},{"@type":"BreadcrumbList","@id":"https:\/\/comixburo.com\/produit\/rendez-vous-avec-x-la-baie-des-cochons\/#breadcrumb","itemListElement":[{"@type":"ListItem","position":1,"name":"Home","item":"https:\/\/comixburo.com\/"},{"@type":"ListItem","position":2,"name":"La boutique Comix Buro","item":"https:\/\/comixburo.com\/la-boutique-comix-buro\/"},{"@type":"ListItem","position":3,"name":"Rendez-vous avec X &#8211; La baie des cochons"}]},{"@type":"WebSite","@id":"https:\/\/comixburo.com\/#website","url":"https:\/\/comixburo.com\/","name":"comixburo.com","description":"Cr\u00e9ateur de projets : Sketchbook d&#039;artistes !","publisher":{"@id":"https:\/\/comixburo.com\/#organization"},"alternateName":"Comix Buro","potentialAction":[{"@type":"SearchAction","target":{"@type":"EntryPoint","urlTemplate":"https:\/\/comixburo.com\/?s={search_term_string}"},"query-input":{"@type":"PropertyValueSpecification","valueRequired":true,"valueName":"search_term_string"}}],"inLanguage":"en-GB"},{"@type":"Organization","@id":"https:\/\/comixburo.com\/#organization","name":"comixburo.com","url":"https:\/\/comixburo.com\/","logo":{"@type":"ImageObject","inLanguage":"en-GB","@id":"https:\/\/comixburo.com\/#\/schema\/logo\/image\/","url":"https:\/\/comixburo.com\/wp-content\/uploads\/2025\/04\/logo-cxb-ROND.webp","contentUrl":"https:\/\/comixburo.com\/wp-content\/uploads\/2025\/04\/logo-cxb-ROND.webp","width":200,"height":200,"caption":"comixburo.com"},"image":{"@id":"https:\/\/comixburo.com\/#\/schema\/logo\/image\/"},"sameAs":["https:\/\/www.facebook.com\/comixburo","https:\/\/www.instagram.com\/comixburo\/"]}]}},"jetpack_sharing_enabled":true,"_links":{"self":[{"href":"https:\/\/comixburo.com\/en\/wp-json\/wp\/v2\/product\/16289","targetHints":{"allow":["GET"]}}],"collection":[{"href":"https:\/\/comixburo.com\/en\/wp-json\/wp\/v2\/product"}],"about":[{"href":"https:\/\/comixburo.com\/en\/wp-json\/wp\/v2\/types\/product"}],"replies":[{"embeddable":true,"href":"https:\/\/comixburo.com\/en\/wp-json\/wp\/v2\/comments?post=16289"}],"version-history":[{"count":3,"href":"https:\/\/comixburo.com\/en\/wp-json\/wp\/v2\/product\/16289\/revisions"}],"predecessor-version":[{"id":19852,"href":"https:\/\/comixburo.com\/en\/wp-json\/wp\/v2\/product\/16289\/revisions\/19852"}],"wp:featuredmedia":[{"embeddable":true,"href":"https:\/\/comixburo.com\/en\/wp-json\/wp\/v2\/media\/16042"}],"wp:attachment":[{"href":"https:\/\/comixburo.com\/en\/wp-json\/wp\/v2\/media?parent=16289"}],"wp:term":[{"taxonomy":"product_brand","embeddable":true,"href":"https:\/\/comixburo.com\/en\/wp-json\/wp\/v2\/product_brand?post=16289"},{"taxonomy":"product_cat","embeddable":true,"href":"https:\/\/comixburo.com\/en\/wp-json\/wp\/v2\/product_cat?post=16289"},{"taxonomy":"product_tag","embeddable":true,"href":"https:\/\/comixburo.com\/en\/wp-json\/wp\/v2\/product_tag?post=16289"}],"curies":[{"name":"wp","href":"https:\/\/api.w.org\/{rel}","templated":true}]}}