{"id":16291,"date":"2024-10-28T11:16:31","date_gmt":"2024-10-28T10:16:31","guid":{"rendered":"https:\/\/comixburo.com\/?post_type=product&#038;p=16291"},"modified":"2025-05-06T11:13:58","modified_gmt":"2025-05-06T09:13:58","slug":"hope-one-tome-2","status":"publish","type":"product","link":"https:\/\/comixburo.com\/en\/product\/hope-one-tome-2\/","title":{"rendered":"Hope One &#8211; tome 2"},"content":{"rendered":"<h2><em data-start=\"313\" data-end=\"332\">Hope One \u2013 Tome 2<\/em> : polar glacial et science-fiction<\/h2>\n<article class=\"text-token-text-primary w-full\" dir=\"auto\" data-testid=\"conversation-turn-40\" data-scroll-anchor=\"true\">\n<div class=\"text-base my-auto mx-auto py-5 [--thread-content-margin:--spacing(4)] @[37rem]:[--thread-content-margin:--spacing(6)] @[70rem]:[--thread-content-margin:--spacing(12)] px-(--thread-content-margin)\">\n<div class=\"[--thread-content-max-width:32rem] @[34rem]:[--thread-content-max-width:40rem] @[64rem]:[--thread-content-max-width:48rem] mx-auto flex max-w-(--thread-content-max-width) flex-1 text-base gap-4 md:gap-5 lg:gap-6 group\/turn-messages focus-visible:outline-hidden\" tabindex=\"-1\">\n<div class=\"group\/conversation-turn relative flex w-full min-w-0 flex-col agent-turn\">\n<div class=\"relative flex-col gap-1 md:gap-3\">\n<div class=\"flex max-w-full flex-col grow\">\n<div class=\"min-h-8 text-message relative flex w-full flex-col items-end gap-2 text-start break-words whitespace-normal [.text-message+&amp;]:mt-5\" dir=\"auto\" data-message-author-role=\"assistant\" data-message-id=\"ce34e51d-0653-4810-b146-db3ac3eaedad\" data-message-model-slug=\"gpt-4o\">\n<div class=\"flex w-full flex-col gap-1 empty:hidden first:pt-[3px]\">\n<div class=\"markdown prose dark:prose-invert w-full break-words dark\">\n<p class=\"\" data-start=\"92\" data-end=\"364\">En 1971, \u00e0 Cando, une petite ville enneig\u00e9e du Dakota du Nord, la sh\u00e9rif adjointe Jamie Brimley m\u00e8ne une enqu\u00eate. Son p\u00e8re a disparu, tout comme une actrice de cin\u00e9ma, Eve Tozer. Elle fait \u00e9quipe avec l\u2019agent f\u00e9d\u00e9ral Lavigne. C\u2019est un homme acari\u00e2tre, marqu\u00e9 par l\u2019alcool.<\/p>\n<p class=\"\" data-start=\"366\" data-end=\"659\">Ensemble, ils replongent dans le pass\u00e9 de la ville. Leur enqu\u00eate les m\u00e8ne jusqu\u2019\u00e0 un tournage de film interrompu par un drame. Ce second tome de <em data-start=\"511\" data-end=\"521\">Hope One<\/em> adopte une tonalit\u00e9 de polar glacial. L\u2019ambiance rappelle celle de <em data-start=\"589\" data-end=\"596\">Fargo<\/em>. Le silence des \u00e9tendues enneig\u00e9es remplace celui de l\u2019espace.<\/p>\n<p class=\"\" data-start=\"661\" data-end=\"895\">Quel lien unit cette affaire vieille de 50 ans aux \u00e9v\u00e9nements du tome 1 ? En 2020, Megan et Adam sont toujours pi\u00e9g\u00e9s \u00e0 bord de la station spatiale Hope One. La r\u00e9ponse se trouve dans la conclusion de ce diptyque \u00e9trange et captivant.<\/p>\n<p class=\"\" data-start=\"897\" data-end=\"1177\">Dans ce volume, &lsquo;Fane collabore avec Grelin au dessin et \u00e0 la couleur. Le style est r\u00e9aliste et pr\u00e9cis. Les tons froids et m\u00e9talliques renforcent l\u2019impression de huis clos. Les sc\u00e8nes sont finement travaill\u00e9es. Elles accentuent le contraste entre l\u2019espace infini et l\u2019enfermement.<\/p>\n<p class=\"\" data-start=\"1179\" data-end=\"1458\">La mise en page est fluide, avec des cadrages serr\u00e9s. Chaque plan soutient la tension du r\u00e9cit. \u00c0 la fois sur Terre et dans l\u2019espace, le r\u00e9cit plonge le lecteur dans une ambiance oppressante. <em data-start=\"1366\" data-end=\"1376\">Hope One<\/em> livre ici une conclusion intense, \u00e0 la crois\u00e9e du polar et de la science-fiction.<\/p>\n<p data-start=\"1179\" data-end=\"1458\">\u00c9dit\u00e9 sous le label <a href=\"https:\/\/comixburo.com\/en\/\">Comix Buro<\/a>.<\/p>\n<\/div>\n<\/div>\n<\/div>\n<\/div>\n<\/div>\n<\/div>\n<\/div>\n<\/div>\n<\/article>","protected":false},"excerpt":{"rendered":"<p>En 1971, dans le Dakota du Nord, une sh\u00e9rif enqu\u00eate sur des disparitions li\u00e9es \u00e0 un ancien tournage. Un polar glacial et myst\u00e9rieux qui fait le lien avec le huis clos spatial du tome 1. <em data-start=\"1729\" data-end=\"1739\">Hope One<\/em> se conclut sur un thriller sombre, entre souvenirs et secrets enfouis.<\/p>","protected":false},"featured_media":16041,"comment_status":"open","ping_status":"closed","template":"","meta":[],"product_brand":[108],"product_cat":[97,110,85,93],"product_tag":[],"class_list":{"0":"post-16291","1":"product","2":"type-product","3":"status-publish","4":"has-post-thumbnail","6":"product_brand-comix-buro","7":"product_cat-bd","8":"product_cat-comix-buro","9":"product_cat-hope","10":"product_cat-tous","12":"first","13":"instock","14":"taxable","15":"shipping-taxable","16":"purchasable","17":"product-type-simple"},"yoast_head":"<!-- This site is optimized with the Yoast SEO plugin v26.9 - https:\/\/yoast.com\/product\/yoast-seo-wordpress\/ -->\n<title>Hope One - tome 2 - comixburo.com<\/title>\n<meta name=\"description\" content=\"Enqu\u00eate, disparitions et myst\u00e8res dans le Dakota enneig\u00e9. Hope One T2 conclut un diptyque SF intense entre pass\u00e9 et huis clos spatial.\" \/>\n<meta name=\"robots\" content=\"index, follow, max-snippet:-1, max-image-preview:large, max-video-preview:-1\" \/>\n<link rel=\"canonical\" href=\"https:\/\/comixburo.com\/en\/product\/hope-one-tome-2\/\" \/>\n<meta property=\"og:locale\" content=\"en_GB\" \/>\n<meta property=\"og:type\" content=\"article\" \/>\n<meta property=\"og:title\" content=\"Hope One - tome 2 - comixburo.com\" \/>\n<meta property=\"og:description\" content=\"Enqu\u00eate, disparitions et myst\u00e8res dans le Dakota enneig\u00e9. Hope One T2 conclut un diptyque SF intense entre pass\u00e9 et huis clos spatial.\" \/>\n<meta property=\"og:url\" content=\"https:\/\/comixburo.com\/en\/product\/hope-one-tome-2\/\" \/>\n<meta property=\"og:site_name\" content=\"comixburo.com\" \/>\n<meta property=\"article:publisher\" content=\"https:\/\/www.facebook.com\/comixburo\" \/>\n<meta property=\"article:modified_time\" content=\"2025-05-06T09:13:58+00:00\" \/>\n<meta property=\"og:image\" content=\"https:\/\/comixburo.com\/wp-content\/uploads\/2024\/10\/hope-tome-2-Comix-Buro.webp\" \/>\n\t<meta property=\"og:image:width\" content=\"600\" \/>\n\t<meta property=\"og:image:height\" content=\"800\" \/>\n\t<meta property=\"og:image:type\" content=\"image\/webp\" \/>\n<meta name=\"twitter:card\" content=\"summary_large_image\" \/>\n<meta name=\"twitter:label1\" content=\"Estimated reading time\" \/>\n\t<meta name=\"twitter:data1\" content=\"2 minutes\" \/>\n<script type=\"application\/ld+json\" class=\"yoast-schema-graph\">{\"@context\":\"https:\/\/schema.org\",\"@graph\":[{\"@type\":\"WebPage\",\"@id\":\"https:\/\/comixburo.com\/produit\/hope-one-tome-2\/\",\"url\":\"https:\/\/comixburo.com\/produit\/hope-one-tome-2\/\",\"name\":\"Hope One - tome 2 - comixburo.com\",\"isPartOf\":{\"@id\":\"https:\/\/comixburo.com\/#website\"},\"primaryImageOfPage\":{\"@id\":\"https:\/\/comixburo.com\/produit\/hope-one-tome-2\/#primaryimage\"},\"image\":{\"@id\":\"https:\/\/comixburo.com\/produit\/hope-one-tome-2\/#primaryimage\"},\"thumbnailUrl\":\"https:\/\/comixburo.com\/wp-content\/uploads\/2024\/10\/hope-tome-2-Comix-Buro.webp\",\"datePublished\":\"2024-10-28T10:16:31+00:00\",\"dateModified\":\"2025-05-06T09:13:58+00:00\",\"description\":\"Enqu\u00eate, disparitions et myst\u00e8res dans le Dakota enneig\u00e9. Hope One T2 conclut un diptyque SF intense entre pass\u00e9 et huis clos spatial.\",\"breadcrumb\":{\"@id\":\"https:\/\/comixburo.com\/produit\/hope-one-tome-2\/#breadcrumb\"},\"inLanguage\":\"en-GB\",\"potentialAction\":[{\"@type\":\"ReadAction\",\"target\":[\"https:\/\/comixburo.com\/produit\/hope-one-tome-2\/\"]}]},{\"@type\":\"ImageObject\",\"inLanguage\":\"en-GB\",\"@id\":\"https:\/\/comixburo.com\/produit\/hope-one-tome-2\/#primaryimage\",\"url\":\"https:\/\/comixburo.com\/wp-content\/uploads\/2024\/10\/hope-tome-2-Comix-Buro.webp\",\"contentUrl\":\"https:\/\/comixburo.com\/wp-content\/uploads\/2024\/10\/hope-tome-2-Comix-Buro.webp\",\"width\":600,\"height\":800,\"caption\":\"Couverture de Hope One tome 2\"},{\"@type\":\"BreadcrumbList\",\"@id\":\"https:\/\/comixburo.com\/produit\/hope-one-tome-2\/#breadcrumb\",\"itemListElement\":[{\"@type\":\"ListItem\",\"position\":1,\"name\":\"Home\",\"item\":\"https:\/\/comixburo.com\/\"},{\"@type\":\"ListItem\",\"position\":2,\"name\":\"La boutique Comix Buro\",\"item\":\"https:\/\/comixburo.com\/la-boutique-comix-buro\/\"},{\"@type\":\"ListItem\",\"position\":3,\"name\":\"Hope One &#8211; tome 2\"}]},{\"@type\":\"WebSite\",\"@id\":\"https:\/\/comixburo.com\/#website\",\"url\":\"https:\/\/comixburo.com\/\",\"name\":\"comixburo.com\",\"description\":\"Cr\u00e9ateur de projets : Sketchbook d&#039;artistes !\",\"publisher\":{\"@id\":\"https:\/\/comixburo.com\/#organization\"},\"alternateName\":\"Comix Buro\",\"potentialAction\":[{\"@type\":\"SearchAction\",\"target\":{\"@type\":\"EntryPoint\",\"urlTemplate\":\"https:\/\/comixburo.com\/?s={search_term_string}\"},\"query-input\":{\"@type\":\"PropertyValueSpecification\",\"valueRequired\":true,\"valueName\":\"search_term_string\"}}],\"inLanguage\":\"en-GB\"},{\"@type\":\"Organization\",\"@id\":\"https:\/\/comixburo.com\/#organization\",\"name\":\"comixburo.com\",\"url\":\"https:\/\/comixburo.com\/\",\"logo\":{\"@type\":\"ImageObject\",\"inLanguage\":\"en-GB\",\"@id\":\"https:\/\/comixburo.com\/#\/schema\/logo\/image\/\",\"url\":\"https:\/\/comixburo.com\/wp-content\/uploads\/2025\/04\/logo-cxb-ROND.webp\",\"contentUrl\":\"https:\/\/comixburo.com\/wp-content\/uploads\/2025\/04\/logo-cxb-ROND.webp\",\"width\":200,\"height\":200,\"caption\":\"comixburo.com\"},\"image\":{\"@id\":\"https:\/\/comixburo.com\/#\/schema\/logo\/image\/\"},\"sameAs\":[\"https:\/\/www.facebook.com\/comixburo\",\"https:\/\/www.instagram.com\/comixburo\/\"]}]}<\/script>\n<!-- \/ Yoast SEO plugin. -->","yoast_head_json":{"title":"Hope One - tome 2 - comixburo.com","description":"Enqu\u00eate, disparitions et myst\u00e8res dans le Dakota enneig\u00e9. Hope One T2 conclut un diptyque SF intense entre pass\u00e9 et huis clos spatial.","robots":{"index":"index","follow":"follow","max-snippet":"max-snippet:-1","max-image-preview":"max-image-preview:large","max-video-preview":"max-video-preview:-1"},"canonical":"https:\/\/comixburo.com\/en\/product\/hope-one-tome-2\/","og_locale":"en_GB","og_type":"article","og_title":"Hope One - tome 2 - comixburo.com","og_description":"Enqu\u00eate, disparitions et myst\u00e8res dans le Dakota enneig\u00e9. Hope One T2 conclut un diptyque SF intense entre pass\u00e9 et huis clos spatial.","og_url":"https:\/\/comixburo.com\/en\/product\/hope-one-tome-2\/","og_site_name":"comixburo.com","article_publisher":"https:\/\/www.facebook.com\/comixburo","article_modified_time":"2025-05-06T09:13:58+00:00","og_image":[{"width":600,"height":800,"url":"https:\/\/comixburo.com\/wp-content\/uploads\/2024\/10\/hope-tome-2-Comix-Buro.webp","type":"image\/webp"}],"twitter_card":"summary_large_image","twitter_misc":{"Estimated reading time":"2 minutes"},"schema":{"@context":"https:\/\/schema.org","@graph":[{"@type":"WebPage","@id":"https:\/\/comixburo.com\/produit\/hope-one-tome-2\/","url":"https:\/\/comixburo.com\/produit\/hope-one-tome-2\/","name":"Hope One - tome 2 - comixburo.com","isPartOf":{"@id":"https:\/\/comixburo.com\/#website"},"primaryImageOfPage":{"@id":"https:\/\/comixburo.com\/produit\/hope-one-tome-2\/#primaryimage"},"image":{"@id":"https:\/\/comixburo.com\/produit\/hope-one-tome-2\/#primaryimage"},"thumbnailUrl":"https:\/\/comixburo.com\/wp-content\/uploads\/2024\/10\/hope-tome-2-Comix-Buro.webp","datePublished":"2024-10-28T10:16:31+00:00","dateModified":"2025-05-06T09:13:58+00:00","description":"Enqu\u00eate, disparitions et myst\u00e8res dans le Dakota enneig\u00e9. Hope One T2 conclut un diptyque SF intense entre pass\u00e9 et huis clos spatial.","breadcrumb":{"@id":"https:\/\/comixburo.com\/produit\/hope-one-tome-2\/#breadcrumb"},"inLanguage":"en-GB","potentialAction":[{"@type":"ReadAction","target":["https:\/\/comixburo.com\/produit\/hope-one-tome-2\/"]}]},{"@type":"ImageObject","inLanguage":"en-GB","@id":"https:\/\/comixburo.com\/produit\/hope-one-tome-2\/#primaryimage","url":"https:\/\/comixburo.com\/wp-content\/uploads\/2024\/10\/hope-tome-2-Comix-Buro.webp","contentUrl":"https:\/\/comixburo.com\/wp-content\/uploads\/2024\/10\/hope-tome-2-Comix-Buro.webp","width":600,"height":800,"caption":"Couverture de Hope One tome 2"},{"@type":"BreadcrumbList","@id":"https:\/\/comixburo.com\/produit\/hope-one-tome-2\/#breadcrumb","itemListElement":[{"@type":"ListItem","position":1,"name":"Home","item":"https:\/\/comixburo.com\/"},{"@type":"ListItem","position":2,"name":"La boutique Comix Buro","item":"https:\/\/comixburo.com\/la-boutique-comix-buro\/"},{"@type":"ListItem","position":3,"name":"Hope One &#8211; tome 2"}]},{"@type":"WebSite","@id":"https:\/\/comixburo.com\/#website","url":"https:\/\/comixburo.com\/","name":"comixburo.com","description":"Cr\u00e9ateur de projets : Sketchbook d&#039;artistes !","publisher":{"@id":"https:\/\/comixburo.com\/#organization"},"alternateName":"Comix Buro","potentialAction":[{"@type":"SearchAction","target":{"@type":"EntryPoint","urlTemplate":"https:\/\/comixburo.com\/?s={search_term_string}"},"query-input":{"@type":"PropertyValueSpecification","valueRequired":true,"valueName":"search_term_string"}}],"inLanguage":"en-GB"},{"@type":"Organization","@id":"https:\/\/comixburo.com\/#organization","name":"comixburo.com","url":"https:\/\/comixburo.com\/","logo":{"@type":"ImageObject","inLanguage":"en-GB","@id":"https:\/\/comixburo.com\/#\/schema\/logo\/image\/","url":"https:\/\/comixburo.com\/wp-content\/uploads\/2025\/04\/logo-cxb-ROND.webp","contentUrl":"https:\/\/comixburo.com\/wp-content\/uploads\/2025\/04\/logo-cxb-ROND.webp","width":200,"height":200,"caption":"comixburo.com"},"image":{"@id":"https:\/\/comixburo.com\/#\/schema\/logo\/image\/"},"sameAs":["https:\/\/www.facebook.com\/comixburo","https:\/\/www.instagram.com\/comixburo\/"]}]}},"jetpack_sharing_enabled":true,"_links":{"self":[{"href":"https:\/\/comixburo.com\/en\/wp-json\/wp\/v2\/product\/16291","targetHints":{"allow":["GET"]}}],"collection":[{"href":"https:\/\/comixburo.com\/en\/wp-json\/wp\/v2\/product"}],"about":[{"href":"https:\/\/comixburo.com\/en\/wp-json\/wp\/v2\/types\/product"}],"replies":[{"embeddable":true,"href":"https:\/\/comixburo.com\/en\/wp-json\/wp\/v2\/comments?post=16291"}],"version-history":[{"count":3,"href":"https:\/\/comixburo.com\/en\/wp-json\/wp\/v2\/product\/16291\/revisions"}],"predecessor-version":[{"id":19850,"href":"https:\/\/comixburo.com\/en\/wp-json\/wp\/v2\/product\/16291\/revisions\/19850"}],"wp:featuredmedia":[{"embeddable":true,"href":"https:\/\/comixburo.com\/en\/wp-json\/wp\/v2\/media\/16041"}],"wp:attachment":[{"href":"https:\/\/comixburo.com\/en\/wp-json\/wp\/v2\/media?parent=16291"}],"wp:term":[{"taxonomy":"product_brand","embeddable":true,"href":"https:\/\/comixburo.com\/en\/wp-json\/wp\/v2\/product_brand?post=16291"},{"taxonomy":"product_cat","embeddable":true,"href":"https:\/\/comixburo.com\/en\/wp-json\/wp\/v2\/product_cat?post=16291"},{"taxonomy":"product_tag","embeddable":true,"href":"https:\/\/comixburo.com\/en\/wp-json\/wp\/v2\/product_tag?post=16291"}],"curies":[{"name":"wp","href":"https:\/\/api.w.org\/{rel}","templated":true}]}}