{"id":16293,"date":"2024-10-28T11:19:37","date_gmt":"2024-10-28T10:19:37","guid":{"rendered":"https:\/\/comixburo.com\/?post_type=product&#038;p=16293"},"modified":"2025-05-06T11:13:58","modified_gmt":"2025-05-06T09:13:58","slug":"hope-one-tome-1","status":"publish","type":"product","link":"https:\/\/comixburo.com\/en\/product\/hope-one-tome-1\/","title":{"rendered":"Hope One &#8211; tome 1"},"content":{"rendered":"<h2><em data-start=\"313\" data-end=\"332\">Hope One \u2013 Tome 1<\/em> : huis clos psychologique en orbite<\/h2>\n<p class=\"\" data-start=\"119\" data-end=\"404\">En 2020, Megan Rausch sort d&rsquo;une cryog\u00e9nisation de 49 ans. Elle se r\u00e9veille \u00e0 bord de la station spatiale Hope One. Adam, son compagnon de bord, lui annonce que la Terre a \u00e9t\u00e9 d\u00e9truite par une guerre nucl\u00e9aire. Seuls quelques scientifiques auraient surv\u00e9cu dans des stations en orbite.<\/p>\n<p class=\"\" data-start=\"406\" data-end=\"657\">Megan souffre de naus\u00e9es et de pertes de m\u00e9moire. Rapidement, elle commence \u00e0 douter de la version d&rsquo;Adam. Lui dit-il toute la v\u00e9rit\u00e9 ? Ce huis clos spatial devient un thriller psychologique. Le r\u00e9cit explore la survie, la parano\u00efa et la manipulation.<\/p>\n<p class=\"\" data-start=\"659\" data-end=\"1060\">C\u00f4t\u00e9 graphisme, &lsquo;Fane adopte un style r\u00e9aliste et pr\u00e9cis. Les couleurs froides et m\u00e9talliques renforcent l\u2019ambiance \u00e9touffante de la station. Les d\u00e9cors int\u00e9rieurs sont d\u00e9taill\u00e9s, soulignant le contraste entre l\u2019immensit\u00e9 de l\u2019espace et l\u2019enfermement des personnages. La mise en page est fluide, les cadrages serr\u00e9s. L\u2019ensemble accentue la tension et plonge le lecteur dans une atmosph\u00e8re oppressante.<\/p>\n<p data-start=\"659\" data-end=\"1060\">\u00c9dite sous le label <a href=\"https:\/\/comixburo.com\/en\/\">Comix Buro<\/a>.<\/p>","protected":false},"excerpt":{"rendered":"<p>R\u00e9veill\u00e9e apr\u00e8s 49 ans de cryog\u00e9nie, Megan d\u00e9couvre une Terre d\u00e9truite et un compagnon aux intentions floues. Huis clos spatial oppressant, <em data-start=\"140\" data-end=\"150\">Hope One<\/em> m\u00eale science-fiction, parano\u00efa et suspense dans un thriller captivant sign\u00e9 &lsquo;Fane chez Comix Buro.<\/p>","protected":false},"featured_media":16040,"comment_status":"open","ping_status":"closed","template":"","meta":[],"product_brand":[108],"product_cat":[97,110,85,93],"product_tag":[],"class_list":{"0":"post-16293","1":"product","2":"type-product","3":"status-publish","4":"has-post-thumbnail","6":"product_brand-comix-buro","7":"product_cat-bd","8":"product_cat-comix-buro","9":"product_cat-hope","10":"product_cat-tous","12":"first","13":"instock","14":"taxable","15":"shipping-taxable","16":"purchasable","17":"product-type-simple"},"yoast_head":"<!-- This site is optimized with the Yoast SEO plugin v26.9 - https:\/\/yoast.com\/product\/yoast-seo-wordpress\/ -->\n<title>Hope One - tome 1 - comixburo.com<\/title>\n<meta name=\"description\" content=\"Cryog\u00e9nie, huis clos spatial et parano\u00efa : Hope One de &#039;Fane est un thriller SF intense entre manipulation, m\u00e9moire et survie.\" \/>\n<meta name=\"robots\" content=\"index, follow, max-snippet:-1, max-image-preview:large, max-video-preview:-1\" \/>\n<link rel=\"canonical\" href=\"https:\/\/comixburo.com\/en\/product\/hope-one-tome-1\/\" \/>\n<meta property=\"og:locale\" content=\"en_GB\" \/>\n<meta property=\"og:type\" content=\"article\" \/>\n<meta property=\"og:title\" content=\"Hope One - tome 1 - comixburo.com\" \/>\n<meta property=\"og:description\" content=\"Cryog\u00e9nie, huis clos spatial et parano\u00efa : Hope One de &#039;Fane est un thriller SF intense entre manipulation, m\u00e9moire et survie.\" \/>\n<meta property=\"og:url\" content=\"https:\/\/comixburo.com\/en\/product\/hope-one-tome-1\/\" \/>\n<meta property=\"og:site_name\" content=\"comixburo.com\" \/>\n<meta property=\"article:publisher\" content=\"https:\/\/www.facebook.com\/comixburo\" \/>\n<meta property=\"article:modified_time\" content=\"2025-05-06T09:13:58+00:00\" \/>\n<meta property=\"og:image\" content=\"https:\/\/comixburo.com\/wp-content\/uploads\/2024\/10\/Hope-tome-1-Comix-Buro.webp\" \/>\n\t<meta property=\"og:image:width\" content=\"600\" \/>\n\t<meta property=\"og:image:height\" content=\"800\" \/>\n\t<meta property=\"og:image:type\" content=\"image\/webp\" \/>\n<meta name=\"twitter:card\" content=\"summary_large_image\" \/>\n<meta name=\"twitter:label1\" content=\"Estimated reading time\" \/>\n\t<meta name=\"twitter:data1\" content=\"2 minutes\" \/>\n<script type=\"application\/ld+json\" class=\"yoast-schema-graph\">{\"@context\":\"https:\/\/schema.org\",\"@graph\":[{\"@type\":\"WebPage\",\"@id\":\"https:\/\/comixburo.com\/produit\/hope-one-tome-1\/\",\"url\":\"https:\/\/comixburo.com\/produit\/hope-one-tome-1\/\",\"name\":\"Hope One - tome 1 - comixburo.com\",\"isPartOf\":{\"@id\":\"https:\/\/comixburo.com\/#website\"},\"primaryImageOfPage\":{\"@id\":\"https:\/\/comixburo.com\/produit\/hope-one-tome-1\/#primaryimage\"},\"image\":{\"@id\":\"https:\/\/comixburo.com\/produit\/hope-one-tome-1\/#primaryimage\"},\"thumbnailUrl\":\"https:\/\/comixburo.com\/wp-content\/uploads\/2024\/10\/Hope-tome-1-Comix-Buro.webp\",\"datePublished\":\"2024-10-28T10:19:37+00:00\",\"dateModified\":\"2025-05-06T09:13:58+00:00\",\"description\":\"Cryog\u00e9nie, huis clos spatial et parano\u00efa : Hope One de 'Fane est un thriller SF intense entre manipulation, m\u00e9moire et survie.\",\"breadcrumb\":{\"@id\":\"https:\/\/comixburo.com\/produit\/hope-one-tome-1\/#breadcrumb\"},\"inLanguage\":\"en-GB\",\"potentialAction\":[{\"@type\":\"ReadAction\",\"target\":[\"https:\/\/comixburo.com\/produit\/hope-one-tome-1\/\"]}]},{\"@type\":\"ImageObject\",\"inLanguage\":\"en-GB\",\"@id\":\"https:\/\/comixburo.com\/produit\/hope-one-tome-1\/#primaryimage\",\"url\":\"https:\/\/comixburo.com\/wp-content\/uploads\/2024\/10\/Hope-tome-1-Comix-Buro.webp\",\"contentUrl\":\"https:\/\/comixburo.com\/wp-content\/uploads\/2024\/10\/Hope-tome-1-Comix-Buro.webp\",\"width\":600,\"height\":800,\"caption\":\"Couverture de Hope tome 1\"},{\"@type\":\"BreadcrumbList\",\"@id\":\"https:\/\/comixburo.com\/produit\/hope-one-tome-1\/#breadcrumb\",\"itemListElement\":[{\"@type\":\"ListItem\",\"position\":1,\"name\":\"Home\",\"item\":\"https:\/\/comixburo.com\/\"},{\"@type\":\"ListItem\",\"position\":2,\"name\":\"La boutique Comix Buro\",\"item\":\"https:\/\/comixburo.com\/la-boutique-comix-buro\/\"},{\"@type\":\"ListItem\",\"position\":3,\"name\":\"Hope One &#8211; tome 1\"}]},{\"@type\":\"WebSite\",\"@id\":\"https:\/\/comixburo.com\/#website\",\"url\":\"https:\/\/comixburo.com\/\",\"name\":\"comixburo.com\",\"description\":\"Cr\u00e9ateur de projets : Sketchbook d&#039;artistes !\",\"publisher\":{\"@id\":\"https:\/\/comixburo.com\/#organization\"},\"alternateName\":\"Comix Buro\",\"potentialAction\":[{\"@type\":\"SearchAction\",\"target\":{\"@type\":\"EntryPoint\",\"urlTemplate\":\"https:\/\/comixburo.com\/?s={search_term_string}\"},\"query-input\":{\"@type\":\"PropertyValueSpecification\",\"valueRequired\":true,\"valueName\":\"search_term_string\"}}],\"inLanguage\":\"en-GB\"},{\"@type\":\"Organization\",\"@id\":\"https:\/\/comixburo.com\/#organization\",\"name\":\"comixburo.com\",\"url\":\"https:\/\/comixburo.com\/\",\"logo\":{\"@type\":\"ImageObject\",\"inLanguage\":\"en-GB\",\"@id\":\"https:\/\/comixburo.com\/#\/schema\/logo\/image\/\",\"url\":\"https:\/\/comixburo.com\/wp-content\/uploads\/2025\/04\/logo-cxb-ROND.webp\",\"contentUrl\":\"https:\/\/comixburo.com\/wp-content\/uploads\/2025\/04\/logo-cxb-ROND.webp\",\"width\":200,\"height\":200,\"caption\":\"comixburo.com\"},\"image\":{\"@id\":\"https:\/\/comixburo.com\/#\/schema\/logo\/image\/\"},\"sameAs\":[\"https:\/\/www.facebook.com\/comixburo\",\"https:\/\/www.instagram.com\/comixburo\/\"]}]}<\/script>\n<!-- \/ Yoast SEO plugin. -->","yoast_head_json":{"title":"Hope One - tome 1 - comixburo.com","description":"Cryog\u00e9nie, huis clos spatial et parano\u00efa : Hope One de 'Fane est un thriller SF intense entre manipulation, m\u00e9moire et survie.","robots":{"index":"index","follow":"follow","max-snippet":"max-snippet:-1","max-image-preview":"max-image-preview:large","max-video-preview":"max-video-preview:-1"},"canonical":"https:\/\/comixburo.com\/en\/product\/hope-one-tome-1\/","og_locale":"en_GB","og_type":"article","og_title":"Hope One - tome 1 - comixburo.com","og_description":"Cryog\u00e9nie, huis clos spatial et parano\u00efa : Hope One de 'Fane est un thriller SF intense entre manipulation, m\u00e9moire et survie.","og_url":"https:\/\/comixburo.com\/en\/product\/hope-one-tome-1\/","og_site_name":"comixburo.com","article_publisher":"https:\/\/www.facebook.com\/comixburo","article_modified_time":"2025-05-06T09:13:58+00:00","og_image":[{"width":600,"height":800,"url":"https:\/\/comixburo.com\/wp-content\/uploads\/2024\/10\/Hope-tome-1-Comix-Buro.webp","type":"image\/webp"}],"twitter_card":"summary_large_image","twitter_misc":{"Estimated reading time":"2 minutes"},"schema":{"@context":"https:\/\/schema.org","@graph":[{"@type":"WebPage","@id":"https:\/\/comixburo.com\/produit\/hope-one-tome-1\/","url":"https:\/\/comixburo.com\/produit\/hope-one-tome-1\/","name":"Hope One - tome 1 - comixburo.com","isPartOf":{"@id":"https:\/\/comixburo.com\/#website"},"primaryImageOfPage":{"@id":"https:\/\/comixburo.com\/produit\/hope-one-tome-1\/#primaryimage"},"image":{"@id":"https:\/\/comixburo.com\/produit\/hope-one-tome-1\/#primaryimage"},"thumbnailUrl":"https:\/\/comixburo.com\/wp-content\/uploads\/2024\/10\/Hope-tome-1-Comix-Buro.webp","datePublished":"2024-10-28T10:19:37+00:00","dateModified":"2025-05-06T09:13:58+00:00","description":"Cryog\u00e9nie, huis clos spatial et parano\u00efa : Hope One de 'Fane est un thriller SF intense entre manipulation, m\u00e9moire et survie.","breadcrumb":{"@id":"https:\/\/comixburo.com\/produit\/hope-one-tome-1\/#breadcrumb"},"inLanguage":"en-GB","potentialAction":[{"@type":"ReadAction","target":["https:\/\/comixburo.com\/produit\/hope-one-tome-1\/"]}]},{"@type":"ImageObject","inLanguage":"en-GB","@id":"https:\/\/comixburo.com\/produit\/hope-one-tome-1\/#primaryimage","url":"https:\/\/comixburo.com\/wp-content\/uploads\/2024\/10\/Hope-tome-1-Comix-Buro.webp","contentUrl":"https:\/\/comixburo.com\/wp-content\/uploads\/2024\/10\/Hope-tome-1-Comix-Buro.webp","width":600,"height":800,"caption":"Couverture de Hope tome 1"},{"@type":"BreadcrumbList","@id":"https:\/\/comixburo.com\/produit\/hope-one-tome-1\/#breadcrumb","itemListElement":[{"@type":"ListItem","position":1,"name":"Home","item":"https:\/\/comixburo.com\/"},{"@type":"ListItem","position":2,"name":"La boutique Comix Buro","item":"https:\/\/comixburo.com\/la-boutique-comix-buro\/"},{"@type":"ListItem","position":3,"name":"Hope One &#8211; tome 1"}]},{"@type":"WebSite","@id":"https:\/\/comixburo.com\/#website","url":"https:\/\/comixburo.com\/","name":"comixburo.com","description":"Cr\u00e9ateur de projets : Sketchbook d&#039;artistes !","publisher":{"@id":"https:\/\/comixburo.com\/#organization"},"alternateName":"Comix Buro","potentialAction":[{"@type":"SearchAction","target":{"@type":"EntryPoint","urlTemplate":"https:\/\/comixburo.com\/?s={search_term_string}"},"query-input":{"@type":"PropertyValueSpecification","valueRequired":true,"valueName":"search_term_string"}}],"inLanguage":"en-GB"},{"@type":"Organization","@id":"https:\/\/comixburo.com\/#organization","name":"comixburo.com","url":"https:\/\/comixburo.com\/","logo":{"@type":"ImageObject","inLanguage":"en-GB","@id":"https:\/\/comixburo.com\/#\/schema\/logo\/image\/","url":"https:\/\/comixburo.com\/wp-content\/uploads\/2025\/04\/logo-cxb-ROND.webp","contentUrl":"https:\/\/comixburo.com\/wp-content\/uploads\/2025\/04\/logo-cxb-ROND.webp","width":200,"height":200,"caption":"comixburo.com"},"image":{"@id":"https:\/\/comixburo.com\/#\/schema\/logo\/image\/"},"sameAs":["https:\/\/www.facebook.com\/comixburo","https:\/\/www.instagram.com\/comixburo\/"]}]}},"jetpack_sharing_enabled":true,"_links":{"self":[{"href":"https:\/\/comixburo.com\/en\/wp-json\/wp\/v2\/product\/16293","targetHints":{"allow":["GET"]}}],"collection":[{"href":"https:\/\/comixburo.com\/en\/wp-json\/wp\/v2\/product"}],"about":[{"href":"https:\/\/comixburo.com\/en\/wp-json\/wp\/v2\/types\/product"}],"replies":[{"embeddable":true,"href":"https:\/\/comixburo.com\/en\/wp-json\/wp\/v2\/comments?post=16293"}],"version-history":[{"count":4,"href":"https:\/\/comixburo.com\/en\/wp-json\/wp\/v2\/product\/16293\/revisions"}],"predecessor-version":[{"id":19849,"href":"https:\/\/comixburo.com\/en\/wp-json\/wp\/v2\/product\/16293\/revisions\/19849"}],"wp:featuredmedia":[{"embeddable":true,"href":"https:\/\/comixburo.com\/en\/wp-json\/wp\/v2\/media\/16040"}],"wp:attachment":[{"href":"https:\/\/comixburo.com\/en\/wp-json\/wp\/v2\/media?parent=16293"}],"wp:term":[{"taxonomy":"product_brand","embeddable":true,"href":"https:\/\/comixburo.com\/en\/wp-json\/wp\/v2\/product_brand?post=16293"},{"taxonomy":"product_cat","embeddable":true,"href":"https:\/\/comixburo.com\/en\/wp-json\/wp\/v2\/product_cat?post=16293"},{"taxonomy":"product_tag","embeddable":true,"href":"https:\/\/comixburo.com\/en\/wp-json\/wp\/v2\/product_tag?post=16293"}],"curies":[{"name":"wp","href":"https:\/\/api.w.org\/{rel}","templated":true}]}}