{"id":16297,"date":"2024-10-28T11:53:37","date_gmt":"2024-10-28T10:53:37","guid":{"rendered":"https:\/\/comixburo.com\/?post_type=product&#038;p=16297"},"modified":"2025-05-06T11:13:58","modified_gmt":"2025-05-06T09:13:58","slug":"heros-du-peuple-tome-2","status":"publish","type":"product","link":"https:\/\/comixburo.com\/en\/product\/heros-du-peuple-tome-2\/","title":{"rendered":"H\u00e9ros du peuple &#8211; tome 2"},"content":{"rendered":"<h2><em data-start=\"414\" data-end=\"431\">H\u00e9ros du Peuple<\/em> : polar d\u2019espionnage et super-h\u00e9ros \u00e0 la chinoise<\/h2>\n<p><span class=\"relative -mx-px my-[-0.2rem] rounded px-px py-[0.2rem] transition-colors duration-100 ease-in-out\">Dans <em data-start=\"5\" data-end=\"22\">H\u00e9ros du Peuple<\/em>, l\u2019action se d\u00e9roule \u00e0 Shanghai, o\u00f9 une s\u00e9rie de meurtres violents secoue la ville.<\/span> <span class=\"relative -mx-px my-[-0.2rem] rounded px-px py-[0.2rem] transition-colors duration-100 ease-in-out\">Chaque sc\u00e8ne de crime est marqu\u00e9e par une citation du <em data-start=\"54\" data-end=\"73\">Petit Livre Rouge<\/em> de Mao Zedong.<\/span> <span class=\"relative -mx-px my-[-0.2rem] rounded px-px py-[0.2rem] transition-colors duration-100 ease-in-out\">L\u2019inspecteur principal Wan Chen est charg\u00e9 de l\u2019enqu\u00eate, \u00e9paul\u00e9 par l\u2019agente des services secrets Shao Qian.<\/span> <span class=\"relative -mx-px my-[-0.2rem] rounded px-px py-[0.2rem] transition-colors duration-100 ease-in-out\">Ils d\u00e9couvrent que les meurtres sont li\u00e9s \u00e0 la Bande Verte, une triade dissoute depuis les ann\u00e9es 1950, et \u00e0 des exp\u00e9rimentations secr\u00e8tes men\u00e9es par le gouvernement.<\/span> <span class=\"relative -mx-px my-[-0.2rem] rounded px-px py-[0.2rem] transition-colors duration-100 ease-in-out\">Parall\u00e8lement, le professeur Tsu cherche \u00e0 r\u00e9unir des individus aux capacit\u00e9s extraordinaires pour lutter contre les ennemis du peuple.<\/span> <span class=\"relative -mx-px my-[-0.2rem] rounded px-px py-[0.2rem] transition-colors duration-100 ease-in-out\">Ce premier tome pose les bases d\u2019un r\u00e9cit m\u00ealant polar, espionnage et super-h\u00e9ros dans un contexte chinois contemporain.<\/span><\/p>\n<p><span class=\"relative -mx-px my-[-0.2rem] rounded px-px py-[0.2rem] transition-colors duration-100 ease-in-out\">Le dessin de <a href=\"https:\/\/www.facebook.com\/patrick.boutingagne\/?locale=fr_FR\">Patrick Boutin-Gagn\u00e9<\/a> se distingue par un style r\u00e9aliste et dynamique, adapt\u00e9 aux sc\u00e8nes d\u2019action intenses.<\/span> <span class=\"relative -mx-px my-[-0.2rem] rounded px-px py-[0.2rem] transition-colors duration-100 ease-in-out\">Les ambiances urbaines de Shanghai sont magnifiquement rendues, offrant un contraste saisissant entre modernit\u00e9 et tradition.<\/span> <span class=\"relative -mx-px my-[-0.2rem] rounded px-px py-[0.2rem] transition-colors duration-100 ease-in-out\">L\u2019album pr\u00e9sente une mise en page fluide, facilitant la narration et l\u2019immersion dans l\u2019histoire.<\/span><\/p>\n<p>\u00c9dit\u00e9 sous le label <a href=\"https:\/\/comixburo.com\/en\/\">Comix Buro<\/a>.<\/p>","protected":false},"excerpt":{"rendered":"<p>\u00c0 Shanghai, une s\u00e9rie de meurtres li\u00e9s au Petit Livre Rouge d\u00e9clenche une enqu\u00eate explosive. Entre complots, super-h\u00e9ros et secrets d\u2019\u00c9tat, <em data-start=\"140\" data-end=\"157\">H\u00e9ros du Peuple<\/em> m\u00eale polar, action et politique dans une Chine contemporaine sous tension. Un thriller graphique captivant sign\u00e9 Hauti\u00e8re et Boutin-Gagn\u00e9.<\/p>","protected":false},"featured_media":16038,"comment_status":"open","ping_status":"closed","template":"","meta":[],"product_brand":[108],"product_cat":[97,110,86,93],"product_tag":[],"class_list":{"0":"post-16297","1":"product","2":"type-product","3":"status-publish","4":"has-post-thumbnail","6":"product_brand-comix-buro","7":"product_cat-bd","8":"product_cat-comix-buro","9":"product_cat-heros-du-peuple","10":"product_cat-tous","12":"first","13":"instock","14":"taxable","15":"shipping-taxable","16":"purchasable","17":"product-type-simple"},"yoast_head":"<!-- This site is optimized with the Yoast SEO plugin v26.9 - https:\/\/yoast.com\/product\/yoast-seo-wordpress\/ -->\n<title>H\u00e9ros du peuple - tome 2 - comixburo.com<\/title>\n<meta name=\"description\" content=\"Shanghai, meurtres, super-h\u00e9ros et secrets d\u2019\u00c9tat : H\u00e9ros du Peuple m\u00eale polar, espionnage et action dans une Chine contemporaine.\" \/>\n<meta name=\"robots\" content=\"index, follow, max-snippet:-1, max-image-preview:large, max-video-preview:-1\" \/>\n<link rel=\"canonical\" href=\"https:\/\/comixburo.com\/en\/product\/heros-du-peuple-tome-2\/\" \/>\n<meta property=\"og:locale\" content=\"en_GB\" \/>\n<meta property=\"og:type\" content=\"article\" \/>\n<meta property=\"og:title\" content=\"H\u00e9ros du peuple - tome 2 - comixburo.com\" \/>\n<meta property=\"og:description\" content=\"Shanghai, meurtres, super-h\u00e9ros et secrets d\u2019\u00c9tat : H\u00e9ros du Peuple m\u00eale polar, espionnage et action dans une Chine contemporaine.\" \/>\n<meta property=\"og:url\" content=\"https:\/\/comixburo.com\/en\/product\/heros-du-peuple-tome-2\/\" \/>\n<meta property=\"og:site_name\" content=\"comixburo.com\" \/>\n<meta property=\"article:publisher\" content=\"https:\/\/www.facebook.com\/comixburo\" \/>\n<meta property=\"article:modified_time\" content=\"2025-05-06T09:13:58+00:00\" \/>\n<meta property=\"og:image\" content=\"https:\/\/comixburo.com\/wp-content\/uploads\/2024\/10\/heros-du-peuple-Comix-Buro.webp\" \/>\n\t<meta property=\"og:image:width\" content=\"600\" \/>\n\t<meta property=\"og:image:height\" content=\"800\" \/>\n\t<meta property=\"og:image:type\" content=\"image\/webp\" \/>\n<meta name=\"twitter:card\" content=\"summary_large_image\" \/>\n<meta name=\"twitter:label1\" content=\"Estimated reading time\" \/>\n\t<meta name=\"twitter:data1\" content=\"2 minutes\" \/>\n<script type=\"application\/ld+json\" class=\"yoast-schema-graph\">{\"@context\":\"https:\/\/schema.org\",\"@graph\":[{\"@type\":\"WebPage\",\"@id\":\"https:\/\/comixburo.com\/produit\/heros-du-peuple-tome-2\/\",\"url\":\"https:\/\/comixburo.com\/produit\/heros-du-peuple-tome-2\/\",\"name\":\"H\u00e9ros du peuple - tome 2 - comixburo.com\",\"isPartOf\":{\"@id\":\"https:\/\/comixburo.com\/#website\"},\"primaryImageOfPage\":{\"@id\":\"https:\/\/comixburo.com\/produit\/heros-du-peuple-tome-2\/#primaryimage\"},\"image\":{\"@id\":\"https:\/\/comixburo.com\/produit\/heros-du-peuple-tome-2\/#primaryimage\"},\"thumbnailUrl\":\"https:\/\/comixburo.com\/wp-content\/uploads\/2024\/10\/heros-du-peuple-Comix-Buro.webp\",\"datePublished\":\"2024-10-28T10:53:37+00:00\",\"dateModified\":\"2025-05-06T09:13:58+00:00\",\"description\":\"Shanghai, meurtres, super-h\u00e9ros et secrets d\u2019\u00c9tat : H\u00e9ros du Peuple m\u00eale polar, espionnage et action dans une Chine contemporaine.\",\"breadcrumb\":{\"@id\":\"https:\/\/comixburo.com\/produit\/heros-du-peuple-tome-2\/#breadcrumb\"},\"inLanguage\":\"en-GB\",\"potentialAction\":[{\"@type\":\"ReadAction\",\"target\":[\"https:\/\/comixburo.com\/produit\/heros-du-peuple-tome-2\/\"]}]},{\"@type\":\"ImageObject\",\"inLanguage\":\"en-GB\",\"@id\":\"https:\/\/comixburo.com\/produit\/heros-du-peuple-tome-2\/#primaryimage\",\"url\":\"https:\/\/comixburo.com\/wp-content\/uploads\/2024\/10\/heros-du-peuple-Comix-Buro.webp\",\"contentUrl\":\"https:\/\/comixburo.com\/wp-content\/uploads\/2024\/10\/heros-du-peuple-Comix-Buro.webp\",\"width\":600,\"height\":800,\"caption\":\"Couverture du tome 2 de H\u00e9ros du peuple\"},{\"@type\":\"BreadcrumbList\",\"@id\":\"https:\/\/comixburo.com\/produit\/heros-du-peuple-tome-2\/#breadcrumb\",\"itemListElement\":[{\"@type\":\"ListItem\",\"position\":1,\"name\":\"Home\",\"item\":\"https:\/\/comixburo.com\/\"},{\"@type\":\"ListItem\",\"position\":2,\"name\":\"La boutique Comix Buro\",\"item\":\"https:\/\/comixburo.com\/la-boutique-comix-buro\/\"},{\"@type\":\"ListItem\",\"position\":3,\"name\":\"H\u00e9ros du peuple &#8211; tome 2\"}]},{\"@type\":\"WebSite\",\"@id\":\"https:\/\/comixburo.com\/#website\",\"url\":\"https:\/\/comixburo.com\/\",\"name\":\"comixburo.com\",\"description\":\"Cr\u00e9ateur de projets : Sketchbook d&#039;artistes !\",\"publisher\":{\"@id\":\"https:\/\/comixburo.com\/#organization\"},\"alternateName\":\"Comix Buro\",\"potentialAction\":[{\"@type\":\"SearchAction\",\"target\":{\"@type\":\"EntryPoint\",\"urlTemplate\":\"https:\/\/comixburo.com\/?s={search_term_string}\"},\"query-input\":{\"@type\":\"PropertyValueSpecification\",\"valueRequired\":true,\"valueName\":\"search_term_string\"}}],\"inLanguage\":\"en-GB\"},{\"@type\":\"Organization\",\"@id\":\"https:\/\/comixburo.com\/#organization\",\"name\":\"comixburo.com\",\"url\":\"https:\/\/comixburo.com\/\",\"logo\":{\"@type\":\"ImageObject\",\"inLanguage\":\"en-GB\",\"@id\":\"https:\/\/comixburo.com\/#\/schema\/logo\/image\/\",\"url\":\"https:\/\/comixburo.com\/wp-content\/uploads\/2025\/04\/logo-cxb-ROND.webp\",\"contentUrl\":\"https:\/\/comixburo.com\/wp-content\/uploads\/2025\/04\/logo-cxb-ROND.webp\",\"width\":200,\"height\":200,\"caption\":\"comixburo.com\"},\"image\":{\"@id\":\"https:\/\/comixburo.com\/#\/schema\/logo\/image\/\"},\"sameAs\":[\"https:\/\/www.facebook.com\/comixburo\",\"https:\/\/www.instagram.com\/comixburo\/\"]}]}<\/script>\n<!-- \/ Yoast SEO plugin. -->","yoast_head_json":{"title":"H\u00e9ros du peuple - tome 2 - comixburo.com","description":"Shanghai, meurtres, super-h\u00e9ros et secrets d\u2019\u00c9tat : H\u00e9ros du Peuple m\u00eale polar, espionnage et action dans une Chine contemporaine.","robots":{"index":"index","follow":"follow","max-snippet":"max-snippet:-1","max-image-preview":"max-image-preview:large","max-video-preview":"max-video-preview:-1"},"canonical":"https:\/\/comixburo.com\/en\/product\/heros-du-peuple-tome-2\/","og_locale":"en_GB","og_type":"article","og_title":"H\u00e9ros du peuple - tome 2 - comixburo.com","og_description":"Shanghai, meurtres, super-h\u00e9ros et secrets d\u2019\u00c9tat : H\u00e9ros du Peuple m\u00eale polar, espionnage et action dans une Chine contemporaine.","og_url":"https:\/\/comixburo.com\/en\/product\/heros-du-peuple-tome-2\/","og_site_name":"comixburo.com","article_publisher":"https:\/\/www.facebook.com\/comixburo","article_modified_time":"2025-05-06T09:13:58+00:00","og_image":[{"width":600,"height":800,"url":"https:\/\/comixburo.com\/wp-content\/uploads\/2024\/10\/heros-du-peuple-Comix-Buro.webp","type":"image\/webp"}],"twitter_card":"summary_large_image","twitter_misc":{"Estimated reading time":"2 minutes"},"schema":{"@context":"https:\/\/schema.org","@graph":[{"@type":"WebPage","@id":"https:\/\/comixburo.com\/produit\/heros-du-peuple-tome-2\/","url":"https:\/\/comixburo.com\/produit\/heros-du-peuple-tome-2\/","name":"H\u00e9ros du peuple - tome 2 - comixburo.com","isPartOf":{"@id":"https:\/\/comixburo.com\/#website"},"primaryImageOfPage":{"@id":"https:\/\/comixburo.com\/produit\/heros-du-peuple-tome-2\/#primaryimage"},"image":{"@id":"https:\/\/comixburo.com\/produit\/heros-du-peuple-tome-2\/#primaryimage"},"thumbnailUrl":"https:\/\/comixburo.com\/wp-content\/uploads\/2024\/10\/heros-du-peuple-Comix-Buro.webp","datePublished":"2024-10-28T10:53:37+00:00","dateModified":"2025-05-06T09:13:58+00:00","description":"Shanghai, meurtres, super-h\u00e9ros et secrets d\u2019\u00c9tat : H\u00e9ros du Peuple m\u00eale polar, espionnage et action dans une Chine contemporaine.","breadcrumb":{"@id":"https:\/\/comixburo.com\/produit\/heros-du-peuple-tome-2\/#breadcrumb"},"inLanguage":"en-GB","potentialAction":[{"@type":"ReadAction","target":["https:\/\/comixburo.com\/produit\/heros-du-peuple-tome-2\/"]}]},{"@type":"ImageObject","inLanguage":"en-GB","@id":"https:\/\/comixburo.com\/produit\/heros-du-peuple-tome-2\/#primaryimage","url":"https:\/\/comixburo.com\/wp-content\/uploads\/2024\/10\/heros-du-peuple-Comix-Buro.webp","contentUrl":"https:\/\/comixburo.com\/wp-content\/uploads\/2024\/10\/heros-du-peuple-Comix-Buro.webp","width":600,"height":800,"caption":"Couverture du tome 2 de H\u00e9ros du peuple"},{"@type":"BreadcrumbList","@id":"https:\/\/comixburo.com\/produit\/heros-du-peuple-tome-2\/#breadcrumb","itemListElement":[{"@type":"ListItem","position":1,"name":"Home","item":"https:\/\/comixburo.com\/"},{"@type":"ListItem","position":2,"name":"La boutique Comix Buro","item":"https:\/\/comixburo.com\/la-boutique-comix-buro\/"},{"@type":"ListItem","position":3,"name":"H\u00e9ros du peuple &#8211; tome 2"}]},{"@type":"WebSite","@id":"https:\/\/comixburo.com\/#website","url":"https:\/\/comixburo.com\/","name":"comixburo.com","description":"Cr\u00e9ateur de projets : Sketchbook d&#039;artistes !","publisher":{"@id":"https:\/\/comixburo.com\/#organization"},"alternateName":"Comix Buro","potentialAction":[{"@type":"SearchAction","target":{"@type":"EntryPoint","urlTemplate":"https:\/\/comixburo.com\/?s={search_term_string}"},"query-input":{"@type":"PropertyValueSpecification","valueRequired":true,"valueName":"search_term_string"}}],"inLanguage":"en-GB"},{"@type":"Organization","@id":"https:\/\/comixburo.com\/#organization","name":"comixburo.com","url":"https:\/\/comixburo.com\/","logo":{"@type":"ImageObject","inLanguage":"en-GB","@id":"https:\/\/comixburo.com\/#\/schema\/logo\/image\/","url":"https:\/\/comixburo.com\/wp-content\/uploads\/2025\/04\/logo-cxb-ROND.webp","contentUrl":"https:\/\/comixburo.com\/wp-content\/uploads\/2025\/04\/logo-cxb-ROND.webp","width":200,"height":200,"caption":"comixburo.com"},"image":{"@id":"https:\/\/comixburo.com\/#\/schema\/logo\/image\/"},"sameAs":["https:\/\/www.facebook.com\/comixburo","https:\/\/www.instagram.com\/comixburo\/"]}]}},"jetpack_sharing_enabled":true,"_links":{"self":[{"href":"https:\/\/comixburo.com\/en\/wp-json\/wp\/v2\/product\/16297","targetHints":{"allow":["GET"]}}],"collection":[{"href":"https:\/\/comixburo.com\/en\/wp-json\/wp\/v2\/product"}],"about":[{"href":"https:\/\/comixburo.com\/en\/wp-json\/wp\/v2\/types\/product"}],"replies":[{"embeddable":true,"href":"https:\/\/comixburo.com\/en\/wp-json\/wp\/v2\/comments?post=16297"}],"version-history":[{"count":3,"href":"https:\/\/comixburo.com\/en\/wp-json\/wp\/v2\/product\/16297\/revisions"}],"predecessor-version":[{"id":19844,"href":"https:\/\/comixburo.com\/en\/wp-json\/wp\/v2\/product\/16297\/revisions\/19844"}],"wp:featuredmedia":[{"embeddable":true,"href":"https:\/\/comixburo.com\/en\/wp-json\/wp\/v2\/media\/16038"}],"wp:attachment":[{"href":"https:\/\/comixburo.com\/en\/wp-json\/wp\/v2\/media?parent=16297"}],"wp:term":[{"taxonomy":"product_brand","embeddable":true,"href":"https:\/\/comixburo.com\/en\/wp-json\/wp\/v2\/product_brand?post=16297"},{"taxonomy":"product_cat","embeddable":true,"href":"https:\/\/comixburo.com\/en\/wp-json\/wp\/v2\/product_cat?post=16297"},{"taxonomy":"product_tag","embeddable":true,"href":"https:\/\/comixburo.com\/en\/wp-json\/wp\/v2\/product_tag?post=16297"}],"curies":[{"name":"wp","href":"https:\/\/api.w.org\/{rel}","templated":true}]}}