{"id":16300,"date":"2024-10-28T11:57:54","date_gmt":"2024-10-28T10:57:54","guid":{"rendered":"https:\/\/comixburo.com\/?post_type=product&#038;p=16300"},"modified":"2025-05-06T11:13:58","modified_gmt":"2025-05-06T09:13:58","slug":"fredric-william-et-lamazone","status":"publish","type":"product","link":"https:\/\/comixburo.com\/en\/product\/fredric-william-et-lamazone\/","title":{"rendered":"Fredric. William et L&rsquo;amazone"},"content":{"rendered":"<h2><em data-start=\"264\" data-end=\"296\">Fr\u00e9d\u00e9ric, William et l\u2019Amazone<\/em> : une fresque graphique sur les comics et la soci\u00e9t\u00e9 am\u00e9ricaine<\/h2>\n<p><em data-start=\"763\" data-end=\"809\">\u200b<span class=\"relative -mx-px my-[-0.2rem] rounded px-px py-[0.2rem] transition-colors duration-100 ease-in-out\">Fr\u00e9d\u00e9ric, William et l\u2019Amazone<\/span><\/em> plonge le lecteur dans l\u2019Am\u00e9rique des ann\u00e9es 1930 \u00e0 1950, une p\u00e9riode marqu\u00e9e par la Grande D\u00e9pression, la Seconde Guerre mondiale et la guerre froide. <span class=\"relative -mx-px my-[-0.2rem] rounded px-px py-[0.2rem] transition-colors duration-100 ease-in-out\">\u00c0 travers les destins crois\u00e9s de <strong data-start=\"33\" data-end=\"52\">Fredric Wertham<\/strong>, psychiatre et critique des comics, et <strong data-start=\"92\" data-end=\"119\">William Moulton Marston<\/strong>, cr\u00e9ateur de Wonder Woman, l&rsquo;album explore les tensions entre moralit\u00e9 puritaine et libert\u00e9 d&rsquo;expression dans la culture populaire am\u00e9ricaine.<\/span> <span class=\"relative -mx-px my-[-0.2rem] rounded px-px py-[0.2rem] transition-colors duration-100 ease-in-out\">Le r\u00e9cit est enrichi d&rsquo;un dossier de 22 pages, offrant des documents d&rsquo;\u00e9poque et un \u00e9clairage sur le processus cr\u00e9atif<\/span>.<\/p>\n<p><span class=\"relative -mx-px my-[-0.2rem] rounded px-px py-[0.2rem] transition-colors duration-100 ease-in-out\"><a href=\"https:\/\/thierryolivier24.wixsite.com\/thierryolivier\/\">Thierry Olivier<\/a> adopte un style r\u00e9tro en noir et blanc, rehauss\u00e9 de lavis, rappelant les comics d&rsquo;\u00e9poque.<\/span> <span class=\"relative -mx-px my-[-0.2rem] rounded px-px py-[0.2rem] transition-colors duration-100 ease-in-out\">Les influences de Dave Gibbons et Richard Corben sont perceptibles, apportant une dimension visuelle immersive \u00e0 cette fresque historique<\/span>.<\/p>\n<p>\u00c9dite sous le label <a href=\"https:\/\/comixburo.com\/en\/\">Comix Buro<\/a>.<\/p>","protected":false},"excerpt":{"rendered":"<p>Fr\u00e9d\u00e9ric, William et l\u2019Amazone : une fresque graphique sur les comics et la soci\u00e9t\u00e9 am\u00e9ricaine \u200bFr\u00e9d\u00e9ric, William et l\u2019Amazone plonge<\/p>","protected":false},"featured_media":16037,"comment_status":"open","ping_status":"closed","template":"","meta":[],"product_brand":[108],"product_cat":[97,110,94,93],"product_tag":[],"class_list":{"0":"post-16300","1":"product","2":"type-product","3":"status-publish","4":"has-post-thumbnail","6":"product_brand-comix-buro","7":"product_cat-bd","8":"product_cat-comix-buro","9":"product_cat-one-shots","10":"product_cat-tous","12":"first","13":"instock","14":"taxable","15":"shipping-taxable","16":"purchasable","17":"product-type-simple"},"yoast_head":"<!-- This site is optimized with the Yoast SEO plugin v26.9 - https:\/\/yoast.com\/product\/yoast-seo-wordpress\/ -->\n<title>Fredric. William et L&#039;amazone - comixburo.com<\/title>\n<meta name=\"description\" content=\"Plong\u00e9e graphique dans l\u2019Am\u00e9rique des ann\u00e9es 50 entre comics, censure et libert\u00e9, avec Wertham, Marston et l\u2019esprit de Wonder Woman.\" \/>\n<meta name=\"robots\" content=\"index, follow, max-snippet:-1, max-image-preview:large, max-video-preview:-1\" \/>\n<link rel=\"canonical\" href=\"https:\/\/comixburo.com\/en\/product\/fredric-william-et-lamazone\/\" \/>\n<meta property=\"og:locale\" content=\"en_GB\" \/>\n<meta property=\"og:type\" content=\"article\" \/>\n<meta property=\"og:title\" content=\"Fredric. William et L&#039;amazone - comixburo.com\" \/>\n<meta property=\"og:description\" content=\"Plong\u00e9e graphique dans l\u2019Am\u00e9rique des ann\u00e9es 50 entre comics, censure et libert\u00e9, avec Wertham, Marston et l\u2019esprit de Wonder Woman.\" \/>\n<meta property=\"og:url\" content=\"https:\/\/comixburo.com\/en\/product\/fredric-william-et-lamazone\/\" \/>\n<meta property=\"og:site_name\" content=\"comixburo.com\" \/>\n<meta property=\"article:publisher\" content=\"https:\/\/www.facebook.com\/comixburo\" \/>\n<meta property=\"article:modified_time\" content=\"2025-05-06T09:13:58+00:00\" \/>\n<meta property=\"og:image\" content=\"https:\/\/comixburo.com\/wp-content\/uploads\/2024\/10\/frederic-william-et-l-amazon-Comix-Buro.webp\" \/>\n\t<meta property=\"og:image:width\" content=\"600\" \/>\n\t<meta property=\"og:image:height\" content=\"817\" \/>\n\t<meta property=\"og:image:type\" content=\"image\/webp\" \/>\n<meta name=\"twitter:card\" content=\"summary_large_image\" \/>\n<meta name=\"twitter:label1\" content=\"Estimated reading time\" \/>\n\t<meta name=\"twitter:data1\" content=\"1 minute\" \/>\n<script type=\"application\/ld+json\" class=\"yoast-schema-graph\">{\"@context\":\"https:\/\/schema.org\",\"@graph\":[{\"@type\":\"WebPage\",\"@id\":\"https:\/\/comixburo.com\/produit\/fredric-william-et-lamazone\/\",\"url\":\"https:\/\/comixburo.com\/produit\/fredric-william-et-lamazone\/\",\"name\":\"Fredric. William et L'amazone - comixburo.com\",\"isPartOf\":{\"@id\":\"https:\/\/comixburo.com\/#website\"},\"primaryImageOfPage\":{\"@id\":\"https:\/\/comixburo.com\/produit\/fredric-william-et-lamazone\/#primaryimage\"},\"image\":{\"@id\":\"https:\/\/comixburo.com\/produit\/fredric-william-et-lamazone\/#primaryimage\"},\"thumbnailUrl\":\"https:\/\/comixburo.com\/wp-content\/uploads\/2024\/10\/frederic-william-et-l-amazon-Comix-Buro.webp\",\"datePublished\":\"2024-10-28T10:57:54+00:00\",\"dateModified\":\"2025-05-06T09:13:58+00:00\",\"description\":\"Plong\u00e9e graphique dans l\u2019Am\u00e9rique des ann\u00e9es 50 entre comics, censure et libert\u00e9, avec Wertham, Marston et l\u2019esprit de Wonder Woman.\",\"breadcrumb\":{\"@id\":\"https:\/\/comixburo.com\/produit\/fredric-william-et-lamazone\/#breadcrumb\"},\"inLanguage\":\"en-GB\",\"potentialAction\":[{\"@type\":\"ReadAction\",\"target\":[\"https:\/\/comixburo.com\/produit\/fredric-william-et-lamazone\/\"]}]},{\"@type\":\"ImageObject\",\"inLanguage\":\"en-GB\",\"@id\":\"https:\/\/comixburo.com\/produit\/fredric-william-et-lamazone\/#primaryimage\",\"url\":\"https:\/\/comixburo.com\/wp-content\/uploads\/2024\/10\/frederic-william-et-l-amazon-Comix-Buro.webp\",\"contentUrl\":\"https:\/\/comixburo.com\/wp-content\/uploads\/2024\/10\/frederic-william-et-l-amazon-Comix-Buro.webp\",\"width\":600,\"height\":817,\"caption\":\"Couverture de Frederic, William et l'amazone\"},{\"@type\":\"BreadcrumbList\",\"@id\":\"https:\/\/comixburo.com\/produit\/fredric-william-et-lamazone\/#breadcrumb\",\"itemListElement\":[{\"@type\":\"ListItem\",\"position\":1,\"name\":\"Home\",\"item\":\"https:\/\/comixburo.com\/\"},{\"@type\":\"ListItem\",\"position\":2,\"name\":\"La boutique Comix Buro\",\"item\":\"https:\/\/comixburo.com\/la-boutique-comix-buro\/\"},{\"@type\":\"ListItem\",\"position\":3,\"name\":\"Fredric. William et L&rsquo;amazone\"}]},{\"@type\":\"WebSite\",\"@id\":\"https:\/\/comixburo.com\/#website\",\"url\":\"https:\/\/comixburo.com\/\",\"name\":\"comixburo.com\",\"description\":\"Cr\u00e9ateur de projets : Sketchbook d&#039;artistes !\",\"publisher\":{\"@id\":\"https:\/\/comixburo.com\/#organization\"},\"alternateName\":\"Comix Buro\",\"potentialAction\":[{\"@type\":\"SearchAction\",\"target\":{\"@type\":\"EntryPoint\",\"urlTemplate\":\"https:\/\/comixburo.com\/?s={search_term_string}\"},\"query-input\":{\"@type\":\"PropertyValueSpecification\",\"valueRequired\":true,\"valueName\":\"search_term_string\"}}],\"inLanguage\":\"en-GB\"},{\"@type\":\"Organization\",\"@id\":\"https:\/\/comixburo.com\/#organization\",\"name\":\"comixburo.com\",\"url\":\"https:\/\/comixburo.com\/\",\"logo\":{\"@type\":\"ImageObject\",\"inLanguage\":\"en-GB\",\"@id\":\"https:\/\/comixburo.com\/#\/schema\/logo\/image\/\",\"url\":\"https:\/\/comixburo.com\/wp-content\/uploads\/2025\/04\/logo-cxb-ROND.webp\",\"contentUrl\":\"https:\/\/comixburo.com\/wp-content\/uploads\/2025\/04\/logo-cxb-ROND.webp\",\"width\":200,\"height\":200,\"caption\":\"comixburo.com\"},\"image\":{\"@id\":\"https:\/\/comixburo.com\/#\/schema\/logo\/image\/\"},\"sameAs\":[\"https:\/\/www.facebook.com\/comixburo\",\"https:\/\/www.instagram.com\/comixburo\/\"]}]}<\/script>\n<!-- \/ Yoast SEO plugin. -->","yoast_head_json":{"title":"Fredric. William et L'amazone - comixburo.com","description":"Plong\u00e9e graphique dans l\u2019Am\u00e9rique des ann\u00e9es 50 entre comics, censure et libert\u00e9, avec Wertham, Marston et l\u2019esprit de Wonder Woman.","robots":{"index":"index","follow":"follow","max-snippet":"max-snippet:-1","max-image-preview":"max-image-preview:large","max-video-preview":"max-video-preview:-1"},"canonical":"https:\/\/comixburo.com\/en\/product\/fredric-william-et-lamazone\/","og_locale":"en_GB","og_type":"article","og_title":"Fredric. William et L'amazone - comixburo.com","og_description":"Plong\u00e9e graphique dans l\u2019Am\u00e9rique des ann\u00e9es 50 entre comics, censure et libert\u00e9, avec Wertham, Marston et l\u2019esprit de Wonder Woman.","og_url":"https:\/\/comixburo.com\/en\/product\/fredric-william-et-lamazone\/","og_site_name":"comixburo.com","article_publisher":"https:\/\/www.facebook.com\/comixburo","article_modified_time":"2025-05-06T09:13:58+00:00","og_image":[{"width":600,"height":817,"url":"https:\/\/comixburo.com\/wp-content\/uploads\/2024\/10\/frederic-william-et-l-amazon-Comix-Buro.webp","type":"image\/webp"}],"twitter_card":"summary_large_image","twitter_misc":{"Estimated reading time":"1 minute"},"schema":{"@context":"https:\/\/schema.org","@graph":[{"@type":"WebPage","@id":"https:\/\/comixburo.com\/produit\/fredric-william-et-lamazone\/","url":"https:\/\/comixburo.com\/produit\/fredric-william-et-lamazone\/","name":"Fredric. William et L'amazone - comixburo.com","isPartOf":{"@id":"https:\/\/comixburo.com\/#website"},"primaryImageOfPage":{"@id":"https:\/\/comixburo.com\/produit\/fredric-william-et-lamazone\/#primaryimage"},"image":{"@id":"https:\/\/comixburo.com\/produit\/fredric-william-et-lamazone\/#primaryimage"},"thumbnailUrl":"https:\/\/comixburo.com\/wp-content\/uploads\/2024\/10\/frederic-william-et-l-amazon-Comix-Buro.webp","datePublished":"2024-10-28T10:57:54+00:00","dateModified":"2025-05-06T09:13:58+00:00","description":"Plong\u00e9e graphique dans l\u2019Am\u00e9rique des ann\u00e9es 50 entre comics, censure et libert\u00e9, avec Wertham, Marston et l\u2019esprit de Wonder Woman.","breadcrumb":{"@id":"https:\/\/comixburo.com\/produit\/fredric-william-et-lamazone\/#breadcrumb"},"inLanguage":"en-GB","potentialAction":[{"@type":"ReadAction","target":["https:\/\/comixburo.com\/produit\/fredric-william-et-lamazone\/"]}]},{"@type":"ImageObject","inLanguage":"en-GB","@id":"https:\/\/comixburo.com\/produit\/fredric-william-et-lamazone\/#primaryimage","url":"https:\/\/comixburo.com\/wp-content\/uploads\/2024\/10\/frederic-william-et-l-amazon-Comix-Buro.webp","contentUrl":"https:\/\/comixburo.com\/wp-content\/uploads\/2024\/10\/frederic-william-et-l-amazon-Comix-Buro.webp","width":600,"height":817,"caption":"Couverture de Frederic, William et l'amazone"},{"@type":"BreadcrumbList","@id":"https:\/\/comixburo.com\/produit\/fredric-william-et-lamazone\/#breadcrumb","itemListElement":[{"@type":"ListItem","position":1,"name":"Home","item":"https:\/\/comixburo.com\/"},{"@type":"ListItem","position":2,"name":"La boutique Comix Buro","item":"https:\/\/comixburo.com\/la-boutique-comix-buro\/"},{"@type":"ListItem","position":3,"name":"Fredric. William et L&rsquo;amazone"}]},{"@type":"WebSite","@id":"https:\/\/comixburo.com\/#website","url":"https:\/\/comixburo.com\/","name":"comixburo.com","description":"Cr\u00e9ateur de projets : Sketchbook d&#039;artistes !","publisher":{"@id":"https:\/\/comixburo.com\/#organization"},"alternateName":"Comix Buro","potentialAction":[{"@type":"SearchAction","target":{"@type":"EntryPoint","urlTemplate":"https:\/\/comixburo.com\/?s={search_term_string}"},"query-input":{"@type":"PropertyValueSpecification","valueRequired":true,"valueName":"search_term_string"}}],"inLanguage":"en-GB"},{"@type":"Organization","@id":"https:\/\/comixburo.com\/#organization","name":"comixburo.com","url":"https:\/\/comixburo.com\/","logo":{"@type":"ImageObject","inLanguage":"en-GB","@id":"https:\/\/comixburo.com\/#\/schema\/logo\/image\/","url":"https:\/\/comixburo.com\/wp-content\/uploads\/2025\/04\/logo-cxb-ROND.webp","contentUrl":"https:\/\/comixburo.com\/wp-content\/uploads\/2025\/04\/logo-cxb-ROND.webp","width":200,"height":200,"caption":"comixburo.com"},"image":{"@id":"https:\/\/comixburo.com\/#\/schema\/logo\/image\/"},"sameAs":["https:\/\/www.facebook.com\/comixburo","https:\/\/www.instagram.com\/comixburo\/"]}]}},"jetpack_sharing_enabled":true,"_links":{"self":[{"href":"https:\/\/comixburo.com\/en\/wp-json\/wp\/v2\/product\/16300","targetHints":{"allow":["GET"]}}],"collection":[{"href":"https:\/\/comixburo.com\/en\/wp-json\/wp\/v2\/product"}],"about":[{"href":"https:\/\/comixburo.com\/en\/wp-json\/wp\/v2\/types\/product"}],"replies":[{"embeddable":true,"href":"https:\/\/comixburo.com\/en\/wp-json\/wp\/v2\/comments?post=16300"}],"version-history":[{"count":3,"href":"https:\/\/comixburo.com\/en\/wp-json\/wp\/v2\/product\/16300\/revisions"}],"predecessor-version":[{"id":19842,"href":"https:\/\/comixburo.com\/en\/wp-json\/wp\/v2\/product\/16300\/revisions\/19842"}],"wp:featuredmedia":[{"embeddable":true,"href":"https:\/\/comixburo.com\/en\/wp-json\/wp\/v2\/media\/16037"}],"wp:attachment":[{"href":"https:\/\/comixburo.com\/en\/wp-json\/wp\/v2\/media?parent=16300"}],"wp:term":[{"taxonomy":"product_brand","embeddable":true,"href":"https:\/\/comixburo.com\/en\/wp-json\/wp\/v2\/product_brand?post=16300"},{"taxonomy":"product_cat","embeddable":true,"href":"https:\/\/comixburo.com\/en\/wp-json\/wp\/v2\/product_cat?post=16300"},{"taxonomy":"product_tag","embeddable":true,"href":"https:\/\/comixburo.com\/en\/wp-json\/wp\/v2\/product_tag?post=16300"}],"curies":[{"name":"wp","href":"https:\/\/api.w.org\/{rel}","templated":true}]}}