{"id":16302,"date":"2024-10-28T12:01:52","date_gmt":"2024-10-28T11:01:52","guid":{"rendered":"https:\/\/comixburo.com\/?post_type=product&#038;p=16302"},"modified":"2025-05-06T11:13:58","modified_gmt":"2025-05-06T09:13:58","slug":"rendez-vous-avec-x-dien-bien-phu","status":"publish","type":"product","link":"https:\/\/comixburo.com\/en\/product\/rendez-vous-avec-x-dien-bien-phu\/","title":{"rendered":"Rendez-vous avec X &#8211; Di\u00ean Bi\u00ean Phu"},"content":{"rendered":"<h2><em data-start=\"326\" data-end=\"362\">Rendez-vous avec X \u2013 Di\u00ean Bi\u00ean Phu<\/em> : la guerre d&rsquo;Indochine racont\u00e9e comme un thriller historique<\/h2>\n<p class=\"\" data-start=\"703\" data-end=\"1055\">Plongez au c\u0153ur de l\u2019un des \u00e9pisodes les plus marquants de la guerre d\u2019Indochine avec <em data-start=\"789\" data-end=\"825\">Rendez-vous avec X \u2013 Di\u00ean Bi\u00ean Phu<\/em>. Inspir\u00e9e de l\u2019\u00e9mission culte de France Inter, cette bande dessin\u00e9e restitue avec pr\u00e9cision, tension et p\u00e9dagogie les coulisses de la <strong data-start=\"960\" data-end=\"996\">bataille de Di\u00ean Bi\u00ean Phu (1954)<\/strong>, point de bascule majeur dans la d\u00e9colonisation fran\u00e7aise.<\/p>\n<p class=\"\" data-start=\"1057\" data-end=\"1478\">Guid\u00e9 par le myst\u00e9rieux <strong data-start=\"1081\" data-end=\"1095\">Monsieur X<\/strong>, le lecteur explore les enjeux politiques, militaires et humains de ce d\u00e9sastre strat\u00e9gique, tout en d\u00e9couvrant les luttes d\u2019influence entre services secrets, diplomates et forces en pr\u00e9sence. <a href=\"https:\/\/www.instagram.com\/majordobbs\/\">Dobbs<\/a> tisse un r\u00e9cit haletant m\u00ealant faits historiques v\u00e9rifi\u00e9s et narration immersive, tandis que le dessin de <a href=\"https:\/\/www.instagram.com\/mr_fabtrek\/\">Mr Fab<\/a> restitue avec force les ambiances et le chaos de cette guerre oubli\u00e9e.<\/p>\n<p data-start=\"1057\" data-end=\"1478\">\u00c9dit\u00e9 sous le label <a href=\"https:\/\/comixburo.com\/en\/\">Comix Buro<\/a>.<\/p>","protected":false},"excerpt":{"rendered":"<p>Rendez-vous avec X \u2013 Di\u00ean Bi\u00ean Phu : la guerre d&rsquo;Indochine racont\u00e9e comme un thriller historique Plongez au c\u0153ur de<\/p>","protected":false},"featured_media":16036,"comment_status":"open","ping_status":"closed","template":"","meta":[],"product_brand":[108],"product_cat":[97,110,94,84,93],"product_tag":[],"class_list":{"0":"post-16302","1":"product","2":"type-product","3":"status-publish","4":"has-post-thumbnail","6":"product_brand-comix-buro","7":"product_cat-bd","8":"product_cat-comix-buro","9":"product_cat-one-shots","10":"product_cat-rendez-vous-avec-x","11":"product_cat-tous","13":"first","14":"instock","15":"taxable","16":"shipping-taxable","17":"purchasable","18":"product-type-simple"},"yoast_head":"<!-- This site is optimized with the Yoast SEO plugin v26.9 - https:\/\/yoast.com\/product\/yoast-seo-wordpress\/ -->\n<title>Rendez-vous avec X - Di\u00ean Bi\u00ean Phu - comixburo.com<\/title>\n<meta name=\"description\" content=\"Plongez au c\u0153ur de la guerre d\u2019Indochine avec Rendez-vous avec X \u2013 Di\u00ean Bi\u00ean Phu, une BD historique haletante sign\u00e9e Dobbs &amp; Mr Fab.\" \/>\n<meta name=\"robots\" content=\"index, follow, max-snippet:-1, max-image-preview:large, max-video-preview:-1\" \/>\n<link rel=\"canonical\" href=\"https:\/\/comixburo.com\/en\/product\/rendez-vous-avec-x-dien-bien-phu\/\" \/>\n<meta property=\"og:locale\" content=\"en_GB\" \/>\n<meta property=\"og:type\" content=\"article\" \/>\n<meta property=\"og:title\" content=\"Rendez-vous avec X - Di\u00ean Bi\u00ean Phu - comixburo.com\" \/>\n<meta property=\"og:description\" content=\"Plongez au c\u0153ur de la guerre d\u2019Indochine avec Rendez-vous avec X \u2013 Di\u00ean Bi\u00ean Phu, une BD historique haletante sign\u00e9e Dobbs &amp; Mr Fab.\" \/>\n<meta property=\"og:url\" content=\"https:\/\/comixburo.com\/en\/product\/rendez-vous-avec-x-dien-bien-phu\/\" \/>\n<meta property=\"og:site_name\" content=\"comixburo.com\" \/>\n<meta property=\"article:publisher\" content=\"https:\/\/www.facebook.com\/comixburo\" \/>\n<meta property=\"article:modified_time\" content=\"2025-05-06T09:13:58+00:00\" \/>\n<meta property=\"og:image\" content=\"https:\/\/comixburo.com\/wp-content\/uploads\/2024\/10\/Dien-bien-phu-Comix-Buro.webp\" \/>\n\t<meta property=\"og:image:width\" content=\"600\" \/>\n\t<meta property=\"og:image:height\" content=\"800\" \/>\n\t<meta property=\"og:image:type\" content=\"image\/webp\" \/>\n<meta name=\"twitter:card\" content=\"summary_large_image\" \/>\n<meta name=\"twitter:label1\" content=\"Estimated reading time\" \/>\n\t<meta name=\"twitter:data1\" content=\"1 minute\" \/>\n<script type=\"application\/ld+json\" class=\"yoast-schema-graph\">{\"@context\":\"https:\/\/schema.org\",\"@graph\":[{\"@type\":\"WebPage\",\"@id\":\"https:\/\/comixburo.com\/produit\/rendez-vous-avec-x-dien-bien-phu\/\",\"url\":\"https:\/\/comixburo.com\/produit\/rendez-vous-avec-x-dien-bien-phu\/\",\"name\":\"Rendez-vous avec X - Di\u00ean Bi\u00ean Phu - comixburo.com\",\"isPartOf\":{\"@id\":\"https:\/\/comixburo.com\/#website\"},\"primaryImageOfPage\":{\"@id\":\"https:\/\/comixburo.com\/produit\/rendez-vous-avec-x-dien-bien-phu\/#primaryimage\"},\"image\":{\"@id\":\"https:\/\/comixburo.com\/produit\/rendez-vous-avec-x-dien-bien-phu\/#primaryimage\"},\"thumbnailUrl\":\"https:\/\/comixburo.com\/wp-content\/uploads\/2024\/10\/Dien-bien-phu-Comix-Buro.webp\",\"datePublished\":\"2024-10-28T11:01:52+00:00\",\"dateModified\":\"2025-05-06T09:13:58+00:00\",\"description\":\"Plongez au c\u0153ur de la guerre d\u2019Indochine avec Rendez-vous avec X \u2013 Di\u00ean Bi\u00ean Phu, une BD historique haletante sign\u00e9e Dobbs & Mr Fab.\",\"breadcrumb\":{\"@id\":\"https:\/\/comixburo.com\/produit\/rendez-vous-avec-x-dien-bien-phu\/#breadcrumb\"},\"inLanguage\":\"en-GB\",\"potentialAction\":[{\"@type\":\"ReadAction\",\"target\":[\"https:\/\/comixburo.com\/produit\/rendez-vous-avec-x-dien-bien-phu\/\"]}]},{\"@type\":\"ImageObject\",\"inLanguage\":\"en-GB\",\"@id\":\"https:\/\/comixburo.com\/produit\/rendez-vous-avec-x-dien-bien-phu\/#primaryimage\",\"url\":\"https:\/\/comixburo.com\/wp-content\/uploads\/2024\/10\/Dien-bien-phu-Comix-Buro.webp\",\"contentUrl\":\"https:\/\/comixburo.com\/wp-content\/uploads\/2024\/10\/Dien-bien-phu-Comix-Buro.webp\",\"width\":600,\"height\":800,\"caption\":\"Couverture de Rendez-vous avec X - Dien Bien Phu\"},{\"@type\":\"BreadcrumbList\",\"@id\":\"https:\/\/comixburo.com\/produit\/rendez-vous-avec-x-dien-bien-phu\/#breadcrumb\",\"itemListElement\":[{\"@type\":\"ListItem\",\"position\":1,\"name\":\"Home\",\"item\":\"https:\/\/comixburo.com\/\"},{\"@type\":\"ListItem\",\"position\":2,\"name\":\"La boutique Comix Buro\",\"item\":\"https:\/\/comixburo.com\/la-boutique-comix-buro\/\"},{\"@type\":\"ListItem\",\"position\":3,\"name\":\"Rendez-vous avec X &#8211; Di\u00ean Bi\u00ean Phu\"}]},{\"@type\":\"WebSite\",\"@id\":\"https:\/\/comixburo.com\/#website\",\"url\":\"https:\/\/comixburo.com\/\",\"name\":\"comixburo.com\",\"description\":\"Cr\u00e9ateur de projets : Sketchbook d&#039;artistes !\",\"publisher\":{\"@id\":\"https:\/\/comixburo.com\/#organization\"},\"alternateName\":\"Comix Buro\",\"potentialAction\":[{\"@type\":\"SearchAction\",\"target\":{\"@type\":\"EntryPoint\",\"urlTemplate\":\"https:\/\/comixburo.com\/?s={search_term_string}\"},\"query-input\":{\"@type\":\"PropertyValueSpecification\",\"valueRequired\":true,\"valueName\":\"search_term_string\"}}],\"inLanguage\":\"en-GB\"},{\"@type\":\"Organization\",\"@id\":\"https:\/\/comixburo.com\/#organization\",\"name\":\"comixburo.com\",\"url\":\"https:\/\/comixburo.com\/\",\"logo\":{\"@type\":\"ImageObject\",\"inLanguage\":\"en-GB\",\"@id\":\"https:\/\/comixburo.com\/#\/schema\/logo\/image\/\",\"url\":\"https:\/\/comixburo.com\/wp-content\/uploads\/2025\/04\/logo-cxb-ROND.webp\",\"contentUrl\":\"https:\/\/comixburo.com\/wp-content\/uploads\/2025\/04\/logo-cxb-ROND.webp\",\"width\":200,\"height\":200,\"caption\":\"comixburo.com\"},\"image\":{\"@id\":\"https:\/\/comixburo.com\/#\/schema\/logo\/image\/\"},\"sameAs\":[\"https:\/\/www.facebook.com\/comixburo\",\"https:\/\/www.instagram.com\/comixburo\/\"]}]}<\/script>\n<!-- \/ Yoast SEO plugin. -->","yoast_head_json":{"title":"Rendez-vous avec X - Di\u00ean Bi\u00ean Phu - comixburo.com","description":"Plongez au c\u0153ur de la guerre d\u2019Indochine avec Rendez-vous avec X \u2013 Di\u00ean Bi\u00ean Phu, une BD historique haletante sign\u00e9e Dobbs & Mr Fab.","robots":{"index":"index","follow":"follow","max-snippet":"max-snippet:-1","max-image-preview":"max-image-preview:large","max-video-preview":"max-video-preview:-1"},"canonical":"https:\/\/comixburo.com\/en\/product\/rendez-vous-avec-x-dien-bien-phu\/","og_locale":"en_GB","og_type":"article","og_title":"Rendez-vous avec X - Di\u00ean Bi\u00ean Phu - comixburo.com","og_description":"Plongez au c\u0153ur de la guerre d\u2019Indochine avec Rendez-vous avec X \u2013 Di\u00ean Bi\u00ean Phu, une BD historique haletante sign\u00e9e Dobbs & Mr Fab.","og_url":"https:\/\/comixburo.com\/en\/product\/rendez-vous-avec-x-dien-bien-phu\/","og_site_name":"comixburo.com","article_publisher":"https:\/\/www.facebook.com\/comixburo","article_modified_time":"2025-05-06T09:13:58+00:00","og_image":[{"width":600,"height":800,"url":"https:\/\/comixburo.com\/wp-content\/uploads\/2024\/10\/Dien-bien-phu-Comix-Buro.webp","type":"image\/webp"}],"twitter_card":"summary_large_image","twitter_misc":{"Estimated reading time":"1 minute"},"schema":{"@context":"https:\/\/schema.org","@graph":[{"@type":"WebPage","@id":"https:\/\/comixburo.com\/produit\/rendez-vous-avec-x-dien-bien-phu\/","url":"https:\/\/comixburo.com\/produit\/rendez-vous-avec-x-dien-bien-phu\/","name":"Rendez-vous avec X - Di\u00ean Bi\u00ean Phu - comixburo.com","isPartOf":{"@id":"https:\/\/comixburo.com\/#website"},"primaryImageOfPage":{"@id":"https:\/\/comixburo.com\/produit\/rendez-vous-avec-x-dien-bien-phu\/#primaryimage"},"image":{"@id":"https:\/\/comixburo.com\/produit\/rendez-vous-avec-x-dien-bien-phu\/#primaryimage"},"thumbnailUrl":"https:\/\/comixburo.com\/wp-content\/uploads\/2024\/10\/Dien-bien-phu-Comix-Buro.webp","datePublished":"2024-10-28T11:01:52+00:00","dateModified":"2025-05-06T09:13:58+00:00","description":"Plongez au c\u0153ur de la guerre d\u2019Indochine avec Rendez-vous avec X \u2013 Di\u00ean Bi\u00ean Phu, une BD historique haletante sign\u00e9e Dobbs & Mr Fab.","breadcrumb":{"@id":"https:\/\/comixburo.com\/produit\/rendez-vous-avec-x-dien-bien-phu\/#breadcrumb"},"inLanguage":"en-GB","potentialAction":[{"@type":"ReadAction","target":["https:\/\/comixburo.com\/produit\/rendez-vous-avec-x-dien-bien-phu\/"]}]},{"@type":"ImageObject","inLanguage":"en-GB","@id":"https:\/\/comixburo.com\/produit\/rendez-vous-avec-x-dien-bien-phu\/#primaryimage","url":"https:\/\/comixburo.com\/wp-content\/uploads\/2024\/10\/Dien-bien-phu-Comix-Buro.webp","contentUrl":"https:\/\/comixburo.com\/wp-content\/uploads\/2024\/10\/Dien-bien-phu-Comix-Buro.webp","width":600,"height":800,"caption":"Couverture de Rendez-vous avec X - Dien Bien Phu"},{"@type":"BreadcrumbList","@id":"https:\/\/comixburo.com\/produit\/rendez-vous-avec-x-dien-bien-phu\/#breadcrumb","itemListElement":[{"@type":"ListItem","position":1,"name":"Home","item":"https:\/\/comixburo.com\/"},{"@type":"ListItem","position":2,"name":"La boutique Comix Buro","item":"https:\/\/comixburo.com\/la-boutique-comix-buro\/"},{"@type":"ListItem","position":3,"name":"Rendez-vous avec X &#8211; Di\u00ean Bi\u00ean Phu"}]},{"@type":"WebSite","@id":"https:\/\/comixburo.com\/#website","url":"https:\/\/comixburo.com\/","name":"comixburo.com","description":"Cr\u00e9ateur de projets : Sketchbook d&#039;artistes !","publisher":{"@id":"https:\/\/comixburo.com\/#organization"},"alternateName":"Comix Buro","potentialAction":[{"@type":"SearchAction","target":{"@type":"EntryPoint","urlTemplate":"https:\/\/comixburo.com\/?s={search_term_string}"},"query-input":{"@type":"PropertyValueSpecification","valueRequired":true,"valueName":"search_term_string"}}],"inLanguage":"en-GB"},{"@type":"Organization","@id":"https:\/\/comixburo.com\/#organization","name":"comixburo.com","url":"https:\/\/comixburo.com\/","logo":{"@type":"ImageObject","inLanguage":"en-GB","@id":"https:\/\/comixburo.com\/#\/schema\/logo\/image\/","url":"https:\/\/comixburo.com\/wp-content\/uploads\/2025\/04\/logo-cxb-ROND.webp","contentUrl":"https:\/\/comixburo.com\/wp-content\/uploads\/2025\/04\/logo-cxb-ROND.webp","width":200,"height":200,"caption":"comixburo.com"},"image":{"@id":"https:\/\/comixburo.com\/#\/schema\/logo\/image\/"},"sameAs":["https:\/\/www.facebook.com\/comixburo","https:\/\/www.instagram.com\/comixburo\/"]}]}},"jetpack_sharing_enabled":true,"_links":{"self":[{"href":"https:\/\/comixburo.com\/en\/wp-json\/wp\/v2\/product\/16302","targetHints":{"allow":["GET"]}}],"collection":[{"href":"https:\/\/comixburo.com\/en\/wp-json\/wp\/v2\/product"}],"about":[{"href":"https:\/\/comixburo.com\/en\/wp-json\/wp\/v2\/types\/product"}],"replies":[{"embeddable":true,"href":"https:\/\/comixburo.com\/en\/wp-json\/wp\/v2\/comments?post=16302"}],"version-history":[{"count":3,"href":"https:\/\/comixburo.com\/en\/wp-json\/wp\/v2\/product\/16302\/revisions"}],"predecessor-version":[{"id":19840,"href":"https:\/\/comixburo.com\/en\/wp-json\/wp\/v2\/product\/16302\/revisions\/19840"}],"wp:featuredmedia":[{"embeddable":true,"href":"https:\/\/comixburo.com\/en\/wp-json\/wp\/v2\/media\/16036"}],"wp:attachment":[{"href":"https:\/\/comixburo.com\/en\/wp-json\/wp\/v2\/media?parent=16302"}],"wp:term":[{"taxonomy":"product_brand","embeddable":true,"href":"https:\/\/comixburo.com\/en\/wp-json\/wp\/v2\/product_brand?post=16302"},{"taxonomy":"product_cat","embeddable":true,"href":"https:\/\/comixburo.com\/en\/wp-json\/wp\/v2\/product_cat?post=16302"},{"taxonomy":"product_tag","embeddable":true,"href":"https:\/\/comixburo.com\/en\/wp-json\/wp\/v2\/product_tag?post=16302"}],"curies":[{"name":"wp","href":"https:\/\/api.w.org\/{rel}","templated":true}]}}