{"id":16306,"date":"2024-10-28T12:07:07","date_gmt":"2024-10-28T11:07:07","guid":{"rendered":"https:\/\/comixburo.com\/?post_type=product&#038;p=16306"},"modified":"2025-05-06T11:13:58","modified_gmt":"2025-05-06T09:13:58","slug":"sa-majeste-des-ours-tome-1","status":"publish","type":"product","link":"https:\/\/comixburo.com\/en\/product\/sa-majeste-des-ours-tome-1\/","title":{"rendered":"Sa majest\u00e9 des ours &#8211; tome 1"},"content":{"rendered":"<h2>Sa Majest\u00e9 des Ours &#8211; Les Colonnes de Garuda<\/h2>\n<p>Au royaume de Holmgaard, les animaux vivent s\u00e9par\u00e9s des hommes sous le r\u00e8gne du roi-ours Von Noord. Cet \u00e9quilibre est boulevers\u00e9 quand Ifrit, un jeune humain, \u00e9choue sur les c\u00f4tes et pr\u00e9tend revenir du royaume des morts. Serait-il l&rsquo;annonciateur de la proph\u00e9tie de la chute des animaux ? Von Noord ignore que de sombres complots se trament dans son dos. <em data-start=\"354\" data-end=\"375\">Sa Majest\u00e9 des Ours<\/em> m\u00eale fantasy et intrigue politique.<\/p>\n<p>Ce r\u00e9cit, entre <em data-start=\"428\" data-end=\"438\">Blacksad<\/em> et <em data-start=\"442\" data-end=\"459\">Game of Thrones<\/em>, d\u00e9voile un monde o\u00f9, derri\u00e8re les masques animaliers, se cache une humanit\u00e9 en d\u00e9clin. Une saga audacieuse sign\u00e9e <a href=\"https:\/\/www.instagram.com\/majordobbs\/\">Dobbs<\/a> et <a href=\"https:\/\/www.instagram.com\/cassegrain.didier\/\">Didier Cassegrain<\/a>.<\/p>\n<p>\u00c9dit\u00e9 sous le label <a href=\"https:\/\/comixburo.com\/en\/\">Comix Buro<\/a>.<\/p>","protected":false},"excerpt":{"rendered":"<p>Dans un royaume animalier \u00e9loign\u00e9 des humains, l\u2019\u00e9quilibre bascule quand un jeune homme \u00e9chou\u00e9 pr\u00e9tend revenir du royaume des morts. Proph\u00e9tie, complots et guerre s\u2019annoncent. <em data-start=\"176\" data-end=\"197\">Sa Majest\u00e9 des Ours<\/em> T1 ouvre une fresque de fantasy politique fascinante et magnifiquement illustr\u00e9e.<\/p>","protected":false},"featured_media":16034,"comment_status":"open","ping_status":"closed","template":"","meta":[],"product_brand":[108],"product_cat":[97,110,87,93],"product_tag":[],"class_list":{"0":"post-16306","1":"product","2":"type-product","3":"status-publish","4":"has-post-thumbnail","6":"product_brand-comix-buro","7":"product_cat-bd","8":"product_cat-comix-buro","9":"product_cat-sa-majeste-des-ours","10":"product_cat-tous","12":"first","13":"instock","14":"taxable","15":"shipping-taxable","16":"purchasable","17":"product-type-simple"},"yoast_head":"<!-- This site is optimized with the Yoast SEO plugin v26.9 - https:\/\/yoast.com\/product\/yoast-seo-wordpress\/ -->\n<title>Sa majest\u00e9 des ours - tome 1 - comixburo.com<\/title>\n<meta name=\"description\" content=\"Dans &quot;Sa Majest\u00e9 des Ours&quot;, un royaume d&#039;ours vit un bouleversement. Une aventure \u00e9pique entre pouvoir, trahison et myst\u00e8res. D\u00e9couvrez le tome 1 !\" \/>\n<meta name=\"robots\" content=\"index, follow, max-snippet:-1, max-image-preview:large, max-video-preview:-1\" \/>\n<link rel=\"canonical\" href=\"https:\/\/comixburo.com\/en\/product\/sa-majeste-des-ours-tome-1\/\" \/>\n<meta property=\"og:locale\" content=\"en_GB\" \/>\n<meta property=\"og:type\" content=\"article\" \/>\n<meta property=\"og:title\" content=\"Sa majest\u00e9 des ours - tome 1 - comixburo.com\" \/>\n<meta property=\"og:description\" content=\"Dans &quot;Sa Majest\u00e9 des Ours&quot;, un royaume d&#039;ours vit un bouleversement. Une aventure \u00e9pique entre pouvoir, trahison et myst\u00e8res. D\u00e9couvrez le tome 1 !\" \/>\n<meta property=\"og:url\" content=\"https:\/\/comixburo.com\/en\/product\/sa-majeste-des-ours-tome-1\/\" \/>\n<meta property=\"og:site_name\" content=\"comixburo.com\" \/>\n<meta property=\"article:publisher\" content=\"https:\/\/www.facebook.com\/comixburo\" \/>\n<meta property=\"article:modified_time\" content=\"2025-05-06T09:13:58+00:00\" \/>\n<meta property=\"og:image\" content=\"https:\/\/comixburo.com\/wp-content\/uploads\/2024\/10\/sa-majeste-des-ours-tome-1-Comix-Buro.webp\" \/>\n\t<meta property=\"og:image:width\" content=\"600\" \/>\n\t<meta property=\"og:image:height\" content=\"800\" \/>\n\t<meta property=\"og:image:type\" content=\"image\/webp\" \/>\n<meta name=\"twitter:card\" content=\"summary_large_image\" \/>\n<meta name=\"twitter:label1\" content=\"Estimated reading time\" \/>\n\t<meta name=\"twitter:data1\" content=\"1 minute\" \/>\n<script type=\"application\/ld+json\" class=\"yoast-schema-graph\">{\"@context\":\"https:\/\/schema.org\",\"@graph\":[{\"@type\":\"WebPage\",\"@id\":\"https:\/\/comixburo.com\/produit\/sa-majeste-des-ours-tome-1\/\",\"url\":\"https:\/\/comixburo.com\/produit\/sa-majeste-des-ours-tome-1\/\",\"name\":\"Sa majest\u00e9 des ours - tome 1 - comixburo.com\",\"isPartOf\":{\"@id\":\"https:\/\/comixburo.com\/#website\"},\"primaryImageOfPage\":{\"@id\":\"https:\/\/comixburo.com\/produit\/sa-majeste-des-ours-tome-1\/#primaryimage\"},\"image\":{\"@id\":\"https:\/\/comixburo.com\/produit\/sa-majeste-des-ours-tome-1\/#primaryimage\"},\"thumbnailUrl\":\"https:\/\/comixburo.com\/wp-content\/uploads\/2024\/10\/sa-majeste-des-ours-tome-1-Comix-Buro.webp\",\"datePublished\":\"2024-10-28T11:07:07+00:00\",\"dateModified\":\"2025-05-06T09:13:58+00:00\",\"description\":\"Dans \\\"Sa Majest\u00e9 des Ours\\\", un royaume d'ours vit un bouleversement. Une aventure \u00e9pique entre pouvoir, trahison et myst\u00e8res. D\u00e9couvrez le tome 1 !\",\"breadcrumb\":{\"@id\":\"https:\/\/comixburo.com\/produit\/sa-majeste-des-ours-tome-1\/#breadcrumb\"},\"inLanguage\":\"en-GB\",\"potentialAction\":[{\"@type\":\"ReadAction\",\"target\":[\"https:\/\/comixburo.com\/produit\/sa-majeste-des-ours-tome-1\/\"]}]},{\"@type\":\"ImageObject\",\"inLanguage\":\"en-GB\",\"@id\":\"https:\/\/comixburo.com\/produit\/sa-majeste-des-ours-tome-1\/#primaryimage\",\"url\":\"https:\/\/comixburo.com\/wp-content\/uploads\/2024\/10\/sa-majeste-des-ours-tome-1-Comix-Buro.webp\",\"contentUrl\":\"https:\/\/comixburo.com\/wp-content\/uploads\/2024\/10\/sa-majeste-des-ours-tome-1-Comix-Buro.webp\",\"width\":600,\"height\":800,\"caption\":\"Couverture du tome 1 de sa majest\u00e9 des ours\"},{\"@type\":\"BreadcrumbList\",\"@id\":\"https:\/\/comixburo.com\/produit\/sa-majeste-des-ours-tome-1\/#breadcrumb\",\"itemListElement\":[{\"@type\":\"ListItem\",\"position\":1,\"name\":\"Home\",\"item\":\"https:\/\/comixburo.com\/\"},{\"@type\":\"ListItem\",\"position\":2,\"name\":\"La boutique Comix Buro\",\"item\":\"https:\/\/comixburo.com\/la-boutique-comix-buro\/\"},{\"@type\":\"ListItem\",\"position\":3,\"name\":\"Sa majest\u00e9 des ours &#8211; tome 1\"}]},{\"@type\":\"WebSite\",\"@id\":\"https:\/\/comixburo.com\/#website\",\"url\":\"https:\/\/comixburo.com\/\",\"name\":\"comixburo.com\",\"description\":\"Cr\u00e9ateur de projets : Sketchbook d&#039;artistes !\",\"publisher\":{\"@id\":\"https:\/\/comixburo.com\/#organization\"},\"alternateName\":\"Comix Buro\",\"potentialAction\":[{\"@type\":\"SearchAction\",\"target\":{\"@type\":\"EntryPoint\",\"urlTemplate\":\"https:\/\/comixburo.com\/?s={search_term_string}\"},\"query-input\":{\"@type\":\"PropertyValueSpecification\",\"valueRequired\":true,\"valueName\":\"search_term_string\"}}],\"inLanguage\":\"en-GB\"},{\"@type\":\"Organization\",\"@id\":\"https:\/\/comixburo.com\/#organization\",\"name\":\"comixburo.com\",\"url\":\"https:\/\/comixburo.com\/\",\"logo\":{\"@type\":\"ImageObject\",\"inLanguage\":\"en-GB\",\"@id\":\"https:\/\/comixburo.com\/#\/schema\/logo\/image\/\",\"url\":\"https:\/\/comixburo.com\/wp-content\/uploads\/2025\/04\/logo-cxb-ROND.webp\",\"contentUrl\":\"https:\/\/comixburo.com\/wp-content\/uploads\/2025\/04\/logo-cxb-ROND.webp\",\"width\":200,\"height\":200,\"caption\":\"comixburo.com\"},\"image\":{\"@id\":\"https:\/\/comixburo.com\/#\/schema\/logo\/image\/\"},\"sameAs\":[\"https:\/\/www.facebook.com\/comixburo\",\"https:\/\/www.instagram.com\/comixburo\/\"]}]}<\/script>\n<!-- \/ Yoast SEO plugin. -->","yoast_head_json":{"title":"Sa majest\u00e9 des ours - tome 1 - comixburo.com","description":"Dans \"Sa Majest\u00e9 des Ours\", un royaume d'ours vit un bouleversement. Une aventure \u00e9pique entre pouvoir, trahison et myst\u00e8res. D\u00e9couvrez le tome 1 !","robots":{"index":"index","follow":"follow","max-snippet":"max-snippet:-1","max-image-preview":"max-image-preview:large","max-video-preview":"max-video-preview:-1"},"canonical":"https:\/\/comixburo.com\/en\/product\/sa-majeste-des-ours-tome-1\/","og_locale":"en_GB","og_type":"article","og_title":"Sa majest\u00e9 des ours - tome 1 - comixburo.com","og_description":"Dans \"Sa Majest\u00e9 des Ours\", un royaume d'ours vit un bouleversement. Une aventure \u00e9pique entre pouvoir, trahison et myst\u00e8res. D\u00e9couvrez le tome 1 !","og_url":"https:\/\/comixburo.com\/en\/product\/sa-majeste-des-ours-tome-1\/","og_site_name":"comixburo.com","article_publisher":"https:\/\/www.facebook.com\/comixburo","article_modified_time":"2025-05-06T09:13:58+00:00","og_image":[{"width":600,"height":800,"url":"https:\/\/comixburo.com\/wp-content\/uploads\/2024\/10\/sa-majeste-des-ours-tome-1-Comix-Buro.webp","type":"image\/webp"}],"twitter_card":"summary_large_image","twitter_misc":{"Estimated reading time":"1 minute"},"schema":{"@context":"https:\/\/schema.org","@graph":[{"@type":"WebPage","@id":"https:\/\/comixburo.com\/produit\/sa-majeste-des-ours-tome-1\/","url":"https:\/\/comixburo.com\/produit\/sa-majeste-des-ours-tome-1\/","name":"Sa majest\u00e9 des ours - tome 1 - comixburo.com","isPartOf":{"@id":"https:\/\/comixburo.com\/#website"},"primaryImageOfPage":{"@id":"https:\/\/comixburo.com\/produit\/sa-majeste-des-ours-tome-1\/#primaryimage"},"image":{"@id":"https:\/\/comixburo.com\/produit\/sa-majeste-des-ours-tome-1\/#primaryimage"},"thumbnailUrl":"https:\/\/comixburo.com\/wp-content\/uploads\/2024\/10\/sa-majeste-des-ours-tome-1-Comix-Buro.webp","datePublished":"2024-10-28T11:07:07+00:00","dateModified":"2025-05-06T09:13:58+00:00","description":"Dans \"Sa Majest\u00e9 des Ours\", un royaume d'ours vit un bouleversement. Une aventure \u00e9pique entre pouvoir, trahison et myst\u00e8res. D\u00e9couvrez le tome 1 !","breadcrumb":{"@id":"https:\/\/comixburo.com\/produit\/sa-majeste-des-ours-tome-1\/#breadcrumb"},"inLanguage":"en-GB","potentialAction":[{"@type":"ReadAction","target":["https:\/\/comixburo.com\/produit\/sa-majeste-des-ours-tome-1\/"]}]},{"@type":"ImageObject","inLanguage":"en-GB","@id":"https:\/\/comixburo.com\/produit\/sa-majeste-des-ours-tome-1\/#primaryimage","url":"https:\/\/comixburo.com\/wp-content\/uploads\/2024\/10\/sa-majeste-des-ours-tome-1-Comix-Buro.webp","contentUrl":"https:\/\/comixburo.com\/wp-content\/uploads\/2024\/10\/sa-majeste-des-ours-tome-1-Comix-Buro.webp","width":600,"height":800,"caption":"Couverture du tome 1 de sa majest\u00e9 des ours"},{"@type":"BreadcrumbList","@id":"https:\/\/comixburo.com\/produit\/sa-majeste-des-ours-tome-1\/#breadcrumb","itemListElement":[{"@type":"ListItem","position":1,"name":"Home","item":"https:\/\/comixburo.com\/"},{"@type":"ListItem","position":2,"name":"La boutique Comix Buro","item":"https:\/\/comixburo.com\/la-boutique-comix-buro\/"},{"@type":"ListItem","position":3,"name":"Sa majest\u00e9 des ours &#8211; tome 1"}]},{"@type":"WebSite","@id":"https:\/\/comixburo.com\/#website","url":"https:\/\/comixburo.com\/","name":"comixburo.com","description":"Cr\u00e9ateur de projets : Sketchbook d&#039;artistes !","publisher":{"@id":"https:\/\/comixburo.com\/#organization"},"alternateName":"Comix Buro","potentialAction":[{"@type":"SearchAction","target":{"@type":"EntryPoint","urlTemplate":"https:\/\/comixburo.com\/?s={search_term_string}"},"query-input":{"@type":"PropertyValueSpecification","valueRequired":true,"valueName":"search_term_string"}}],"inLanguage":"en-GB"},{"@type":"Organization","@id":"https:\/\/comixburo.com\/#organization","name":"comixburo.com","url":"https:\/\/comixburo.com\/","logo":{"@type":"ImageObject","inLanguage":"en-GB","@id":"https:\/\/comixburo.com\/#\/schema\/logo\/image\/","url":"https:\/\/comixburo.com\/wp-content\/uploads\/2025\/04\/logo-cxb-ROND.webp","contentUrl":"https:\/\/comixburo.com\/wp-content\/uploads\/2025\/04\/logo-cxb-ROND.webp","width":200,"height":200,"caption":"comixburo.com"},"image":{"@id":"https:\/\/comixburo.com\/#\/schema\/logo\/image\/"},"sameAs":["https:\/\/www.facebook.com\/comixburo","https:\/\/www.instagram.com\/comixburo\/"]}]}},"jetpack_sharing_enabled":true,"_links":{"self":[{"href":"https:\/\/comixburo.com\/en\/wp-json\/wp\/v2\/product\/16306","targetHints":{"allow":["GET"]}}],"collection":[{"href":"https:\/\/comixburo.com\/en\/wp-json\/wp\/v2\/product"}],"about":[{"href":"https:\/\/comixburo.com\/en\/wp-json\/wp\/v2\/types\/product"}],"replies":[{"embeddable":true,"href":"https:\/\/comixburo.com\/en\/wp-json\/wp\/v2\/comments?post=16306"}],"version-history":[{"count":3,"href":"https:\/\/comixburo.com\/en\/wp-json\/wp\/v2\/product\/16306\/revisions"}],"predecessor-version":[{"id":19684,"href":"https:\/\/comixburo.com\/en\/wp-json\/wp\/v2\/product\/16306\/revisions\/19684"}],"wp:featuredmedia":[{"embeddable":true,"href":"https:\/\/comixburo.com\/en\/wp-json\/wp\/v2\/media\/16034"}],"wp:attachment":[{"href":"https:\/\/comixburo.com\/en\/wp-json\/wp\/v2\/media?parent=16306"}],"wp:term":[{"taxonomy":"product_brand","embeddable":true,"href":"https:\/\/comixburo.com\/en\/wp-json\/wp\/v2\/product_brand?post=16306"},{"taxonomy":"product_cat","embeddable":true,"href":"https:\/\/comixburo.com\/en\/wp-json\/wp\/v2\/product_cat?post=16306"},{"taxonomy":"product_tag","embeddable":true,"href":"https:\/\/comixburo.com\/en\/wp-json\/wp\/v2\/product_tag?post=16306"}],"curies":[{"name":"wp","href":"https:\/\/api.w.org\/{rel}","templated":true}]}}