{"id":16313,"date":"2024-10-28T12:22:44","date_gmt":"2024-10-28T11:22:44","guid":{"rendered":"https:\/\/comixburo.com\/?post_type=product&#038;p=16313"},"modified":"2025-05-06T11:13:58","modified_gmt":"2025-05-06T09:13:58","slug":"noo-2","status":"publish","type":"product","link":"https:\/\/comixburo.com\/en\/product\/noo-2\/","title":{"rendered":"No\u00f4 &#8211; tome 2"},"content":{"rendered":"<h2 data-start=\"0\" data-end=\"49\">No\u00f4 tome 2 &#8211; Subral<\/h2>\n<h3 data-start=\"0\" data-end=\"49\">Pour organiser la r\u00e9volte, il faut d&rsquo;abord fuir.<\/h3>\n<p class=\"\" data-start=\"51\" data-end=\"294\">Brice, Hag, Xam, Jouve et leur groupe de rebelles sont en fuite. Pour \u00e9chapper aux griffes du gouvernement, ils doivent traverser une zone No\u00f4-active. Cette substance souterraine d\u00e9clenche de terribles hallucinations qui menacent leur survie.<\/p>\n<p class=\"\" data-start=\"296\" data-end=\"364\">Mais cette \u00e9preuve n\u2019est que le d\u00e9but du combat pour lib\u00e9rer Soror.<\/p>\n<p class=\"\" data-start=\"366\" data-end=\"710\">Dans ce deuxi\u00e8me tome fr\u00e9n\u00e9tique, Brice et ses compagnons affrontent des dangers sur les routes sauvages d\u2019une plan\u00e8te extraterrestre. Illustr\u00e9 par <a href=\"https:\/\/www.instagram.com\/alexissentenac\/\">Alexis Sentenac<\/a>, ce r\u00e9cit m\u00eale action intense et dialogues inventifs. Laurent Genefort poursuit l\u2019univers complexe et sans morale de Stefan Wul, o\u00f9 s&rsquo;attacher aux personnages est un danger en soi.<\/p>\n<p data-start=\"366\" data-end=\"710\">\u00c9dit\u00e9 sous le label <a href=\"https:\/\/comixburo.com\/en\/\">Comix Buro<\/a>.<\/p>","protected":false},"excerpt":{"rendered":"<p>Dans le Tome 2 de No\u00f4, Brice et Jouve continuent leur fuite \u00e0 travers Soror. Entre tensions politiques, r\u00e9bellions et d\u00e9couvertes personnelles, Brice se retrouve au c\u0153ur d\u2019un conflit galactique. Un voyage initiatique o\u00f9 l&rsquo;adolescence et la guerre se rencontrent.<\/p>","protected":false},"featured_media":16033,"comment_status":"open","ping_status":"closed","template":"","meta":[],"product_brand":[108],"product_cat":[97,110,88,93],"product_tag":[],"class_list":{"0":"post-16313","1":"product","2":"type-product","3":"status-publish","4":"has-post-thumbnail","6":"product_brand-comix-buro","7":"product_cat-bd","8":"product_cat-comix-buro","9":"product_cat-noo","10":"product_cat-tous","12":"first","13":"instock","14":"taxable","15":"shipping-taxable","16":"purchasable","17":"product-type-simple"},"yoast_head":"<!-- This site is optimized with the Yoast SEO plugin v26.9 - https:\/\/yoast.com\/product\/yoast-seo-wordpress\/ -->\n<title>No\u00f4 - tome 2 - comixburo.com<\/title>\n<meta name=\"description\" content=\"Brice et ses alli\u00e9s fuient \u00e0 travers une zone No\u00f4-active, affrontant hallucinations et dangers pour lib\u00e9rer Soror du joug du gouvernement.\" \/>\n<meta name=\"robots\" content=\"index, follow, max-snippet:-1, max-image-preview:large, max-video-preview:-1\" \/>\n<link rel=\"canonical\" href=\"https:\/\/comixburo.com\/en\/product\/noo-2\/\" \/>\n<meta property=\"og:locale\" content=\"en_GB\" \/>\n<meta property=\"og:type\" content=\"article\" \/>\n<meta property=\"og:title\" content=\"No\u00f4 - tome 2 - comixburo.com\" \/>\n<meta property=\"og:description\" content=\"Brice et ses alli\u00e9s fuient \u00e0 travers une zone No\u00f4-active, affrontant hallucinations et dangers pour lib\u00e9rer Soror du joug du gouvernement.\" \/>\n<meta property=\"og:url\" content=\"https:\/\/comixburo.com\/en\/product\/noo-2\/\" \/>\n<meta property=\"og:site_name\" content=\"comixburo.com\" \/>\n<meta property=\"article:publisher\" content=\"https:\/\/www.facebook.com\/comixburo\" \/>\n<meta property=\"article:modified_time\" content=\"2025-05-06T09:13:58+00:00\" \/>\n<meta property=\"og:image\" content=\"https:\/\/comixburo.com\/wp-content\/uploads\/2024\/10\/NOO-tome-2-Comix-Buro.webp\" \/>\n\t<meta property=\"og:image:width\" content=\"600\" \/>\n\t<meta property=\"og:image:height\" content=\"800\" \/>\n\t<meta property=\"og:image:type\" content=\"image\/webp\" \/>\n<meta name=\"twitter:card\" content=\"summary_large_image\" \/>\n<meta name=\"twitter:label1\" content=\"Estimated reading time\" \/>\n\t<meta name=\"twitter:data1\" content=\"1 minute\" \/>\n<script type=\"application\/ld+json\" class=\"yoast-schema-graph\">{\"@context\":\"https:\/\/schema.org\",\"@graph\":[{\"@type\":\"WebPage\",\"@id\":\"https:\/\/comixburo.com\/produit\/noo-2\/\",\"url\":\"https:\/\/comixburo.com\/produit\/noo-2\/\",\"name\":\"No\u00f4 - tome 2 - comixburo.com\",\"isPartOf\":{\"@id\":\"https:\/\/comixburo.com\/#website\"},\"primaryImageOfPage\":{\"@id\":\"https:\/\/comixburo.com\/produit\/noo-2\/#primaryimage\"},\"image\":{\"@id\":\"https:\/\/comixburo.com\/produit\/noo-2\/#primaryimage\"},\"thumbnailUrl\":\"https:\/\/comixburo.com\/wp-content\/uploads\/2024\/10\/NOO-tome-2-Comix-Buro.webp\",\"datePublished\":\"2024-10-28T11:22:44+00:00\",\"dateModified\":\"2025-05-06T09:13:58+00:00\",\"description\":\"Brice et ses alli\u00e9s fuient \u00e0 travers une zone No\u00f4-active, affrontant hallucinations et dangers pour lib\u00e9rer Soror du joug du gouvernement.\",\"breadcrumb\":{\"@id\":\"https:\/\/comixburo.com\/produit\/noo-2\/#breadcrumb\"},\"inLanguage\":\"en-GB\",\"potentialAction\":[{\"@type\":\"ReadAction\",\"target\":[\"https:\/\/comixburo.com\/produit\/noo-2\/\"]}]},{\"@type\":\"ImageObject\",\"inLanguage\":\"en-GB\",\"@id\":\"https:\/\/comixburo.com\/produit\/noo-2\/#primaryimage\",\"url\":\"https:\/\/comixburo.com\/wp-content\/uploads\/2024\/10\/NOO-tome-2-Comix-Buro.webp\",\"contentUrl\":\"https:\/\/comixburo.com\/wp-content\/uploads\/2024\/10\/NOO-tome-2-Comix-Buro.webp\",\"width\":600,\"height\":800,\"caption\":\"Couverture du tome 2 de No\u00f4\"},{\"@type\":\"BreadcrumbList\",\"@id\":\"https:\/\/comixburo.com\/produit\/noo-2\/#breadcrumb\",\"itemListElement\":[{\"@type\":\"ListItem\",\"position\":1,\"name\":\"Home\",\"item\":\"https:\/\/comixburo.com\/\"},{\"@type\":\"ListItem\",\"position\":2,\"name\":\"La boutique Comix Buro\",\"item\":\"https:\/\/comixburo.com\/la-boutique-comix-buro\/\"},{\"@type\":\"ListItem\",\"position\":3,\"name\":\"No\u00f4 &#8211; tome 2\"}]},{\"@type\":\"WebSite\",\"@id\":\"https:\/\/comixburo.com\/#website\",\"url\":\"https:\/\/comixburo.com\/\",\"name\":\"comixburo.com\",\"description\":\"Cr\u00e9ateur de projets : Sketchbook d&#039;artistes !\",\"publisher\":{\"@id\":\"https:\/\/comixburo.com\/#organization\"},\"alternateName\":\"Comix Buro\",\"potentialAction\":[{\"@type\":\"SearchAction\",\"target\":{\"@type\":\"EntryPoint\",\"urlTemplate\":\"https:\/\/comixburo.com\/?s={search_term_string}\"},\"query-input\":{\"@type\":\"PropertyValueSpecification\",\"valueRequired\":true,\"valueName\":\"search_term_string\"}}],\"inLanguage\":\"en-GB\"},{\"@type\":\"Organization\",\"@id\":\"https:\/\/comixburo.com\/#organization\",\"name\":\"comixburo.com\",\"url\":\"https:\/\/comixburo.com\/\",\"logo\":{\"@type\":\"ImageObject\",\"inLanguage\":\"en-GB\",\"@id\":\"https:\/\/comixburo.com\/#\/schema\/logo\/image\/\",\"url\":\"https:\/\/comixburo.com\/wp-content\/uploads\/2025\/04\/logo-cxb-ROND.webp\",\"contentUrl\":\"https:\/\/comixburo.com\/wp-content\/uploads\/2025\/04\/logo-cxb-ROND.webp\",\"width\":200,\"height\":200,\"caption\":\"comixburo.com\"},\"image\":{\"@id\":\"https:\/\/comixburo.com\/#\/schema\/logo\/image\/\"},\"sameAs\":[\"https:\/\/www.facebook.com\/comixburo\",\"https:\/\/www.instagram.com\/comixburo\/\"]}]}<\/script>\n<!-- \/ Yoast SEO plugin. -->","yoast_head_json":{"title":"No\u00f4 - tome 2 - comixburo.com","description":"Brice et ses alli\u00e9s fuient \u00e0 travers une zone No\u00f4-active, affrontant hallucinations et dangers pour lib\u00e9rer Soror du joug du gouvernement.","robots":{"index":"index","follow":"follow","max-snippet":"max-snippet:-1","max-image-preview":"max-image-preview:large","max-video-preview":"max-video-preview:-1"},"canonical":"https:\/\/comixburo.com\/en\/product\/noo-2\/","og_locale":"en_GB","og_type":"article","og_title":"No\u00f4 - tome 2 - comixburo.com","og_description":"Brice et ses alli\u00e9s fuient \u00e0 travers une zone No\u00f4-active, affrontant hallucinations et dangers pour lib\u00e9rer Soror du joug du gouvernement.","og_url":"https:\/\/comixburo.com\/en\/product\/noo-2\/","og_site_name":"comixburo.com","article_publisher":"https:\/\/www.facebook.com\/comixburo","article_modified_time":"2025-05-06T09:13:58+00:00","og_image":[{"width":600,"height":800,"url":"https:\/\/comixburo.com\/wp-content\/uploads\/2024\/10\/NOO-tome-2-Comix-Buro.webp","type":"image\/webp"}],"twitter_card":"summary_large_image","twitter_misc":{"Estimated reading time":"1 minute"},"schema":{"@context":"https:\/\/schema.org","@graph":[{"@type":"WebPage","@id":"https:\/\/comixburo.com\/produit\/noo-2\/","url":"https:\/\/comixburo.com\/produit\/noo-2\/","name":"No\u00f4 - tome 2 - comixburo.com","isPartOf":{"@id":"https:\/\/comixburo.com\/#website"},"primaryImageOfPage":{"@id":"https:\/\/comixburo.com\/produit\/noo-2\/#primaryimage"},"image":{"@id":"https:\/\/comixburo.com\/produit\/noo-2\/#primaryimage"},"thumbnailUrl":"https:\/\/comixburo.com\/wp-content\/uploads\/2024\/10\/NOO-tome-2-Comix-Buro.webp","datePublished":"2024-10-28T11:22:44+00:00","dateModified":"2025-05-06T09:13:58+00:00","description":"Brice et ses alli\u00e9s fuient \u00e0 travers une zone No\u00f4-active, affrontant hallucinations et dangers pour lib\u00e9rer Soror du joug du gouvernement.","breadcrumb":{"@id":"https:\/\/comixburo.com\/produit\/noo-2\/#breadcrumb"},"inLanguage":"en-GB","potentialAction":[{"@type":"ReadAction","target":["https:\/\/comixburo.com\/produit\/noo-2\/"]}]},{"@type":"ImageObject","inLanguage":"en-GB","@id":"https:\/\/comixburo.com\/produit\/noo-2\/#primaryimage","url":"https:\/\/comixburo.com\/wp-content\/uploads\/2024\/10\/NOO-tome-2-Comix-Buro.webp","contentUrl":"https:\/\/comixburo.com\/wp-content\/uploads\/2024\/10\/NOO-tome-2-Comix-Buro.webp","width":600,"height":800,"caption":"Couverture du tome 2 de No\u00f4"},{"@type":"BreadcrumbList","@id":"https:\/\/comixburo.com\/produit\/noo-2\/#breadcrumb","itemListElement":[{"@type":"ListItem","position":1,"name":"Home","item":"https:\/\/comixburo.com\/"},{"@type":"ListItem","position":2,"name":"La boutique Comix Buro","item":"https:\/\/comixburo.com\/la-boutique-comix-buro\/"},{"@type":"ListItem","position":3,"name":"No\u00f4 &#8211; tome 2"}]},{"@type":"WebSite","@id":"https:\/\/comixburo.com\/#website","url":"https:\/\/comixburo.com\/","name":"comixburo.com","description":"Cr\u00e9ateur de projets : Sketchbook d&#039;artistes !","publisher":{"@id":"https:\/\/comixburo.com\/#organization"},"alternateName":"Comix Buro","potentialAction":[{"@type":"SearchAction","target":{"@type":"EntryPoint","urlTemplate":"https:\/\/comixburo.com\/?s={search_term_string}"},"query-input":{"@type":"PropertyValueSpecification","valueRequired":true,"valueName":"search_term_string"}}],"inLanguage":"en-GB"},{"@type":"Organization","@id":"https:\/\/comixburo.com\/#organization","name":"comixburo.com","url":"https:\/\/comixburo.com\/","logo":{"@type":"ImageObject","inLanguage":"en-GB","@id":"https:\/\/comixburo.com\/#\/schema\/logo\/image\/","url":"https:\/\/comixburo.com\/wp-content\/uploads\/2025\/04\/logo-cxb-ROND.webp","contentUrl":"https:\/\/comixburo.com\/wp-content\/uploads\/2025\/04\/logo-cxb-ROND.webp","width":200,"height":200,"caption":"comixburo.com"},"image":{"@id":"https:\/\/comixburo.com\/#\/schema\/logo\/image\/"},"sameAs":["https:\/\/www.facebook.com\/comixburo","https:\/\/www.instagram.com\/comixburo\/"]}]}},"jetpack_sharing_enabled":true,"_links":{"self":[{"href":"https:\/\/comixburo.com\/en\/wp-json\/wp\/v2\/product\/16313","targetHints":{"allow":["GET"]}}],"collection":[{"href":"https:\/\/comixburo.com\/en\/wp-json\/wp\/v2\/product"}],"about":[{"href":"https:\/\/comixburo.com\/en\/wp-json\/wp\/v2\/types\/product"}],"replies":[{"embeddable":true,"href":"https:\/\/comixburo.com\/en\/wp-json\/wp\/v2\/comments?post=16313"}],"version-history":[{"count":5,"href":"https:\/\/comixburo.com\/en\/wp-json\/wp\/v2\/product\/16313\/revisions"}],"predecessor-version":[{"id":19682,"href":"https:\/\/comixburo.com\/en\/wp-json\/wp\/v2\/product\/16313\/revisions\/19682"}],"wp:featuredmedia":[{"embeddable":true,"href":"https:\/\/comixburo.com\/en\/wp-json\/wp\/v2\/media\/16033"}],"wp:attachment":[{"href":"https:\/\/comixburo.com\/en\/wp-json\/wp\/v2\/media?parent=16313"}],"wp:term":[{"taxonomy":"product_brand","embeddable":true,"href":"https:\/\/comixburo.com\/en\/wp-json\/wp\/v2\/product_brand?post=16313"},{"taxonomy":"product_cat","embeddable":true,"href":"https:\/\/comixburo.com\/en\/wp-json\/wp\/v2\/product_cat?post=16313"},{"taxonomy":"product_tag","embeddable":true,"href":"https:\/\/comixburo.com\/en\/wp-json\/wp\/v2\/product_tag?post=16313"}],"curies":[{"name":"wp","href":"https:\/\/api.w.org\/{rel}","templated":true}]}}