{"id":16315,"date":"2024-10-28T12:25:56","date_gmt":"2024-10-28T11:25:56","guid":{"rendered":"https:\/\/comixburo.com\/?post_type=product&#038;p=16315"},"modified":"2025-05-06T11:13:58","modified_gmt":"2025-05-06T09:13:58","slug":"noo","status":"publish","type":"product","link":"https:\/\/comixburo.com\/en\/product\/noo\/","title":{"rendered":"No\u00f4 &#8211; tome 1"},"content":{"rendered":"<h2>No\u00f4 &#8211; Tome 1<\/h2>\n<h2>Fuir&#8230; survivre&#8230; un voyage initiatique \u00e0 la d\u00e9couverte du monde.<\/h2>\n<p class=\"\" data-start=\"0\" data-end=\"914\">Venezuela, 1938. Brice, un gar\u00e7on de 12 ans, est perdu dans la jungle amazonienne. Il est sauv\u00e9 par un myst\u00e9rieux voyageur, Jouve Dem\u00e9ril. Pendant plusieurs semaines, Jouve le soigne et lui r\u00e9v\u00e8le qu&rsquo;il est un sociologue g\u00e9nial de la plan\u00e8te Soror, dans le syst\u00e8me H\u00e9lios. Exil\u00e9 sur Terre, il n&rsquo;est rest\u00e9 que pour sauver Brice. Apr\u00e8s un voyage spatial de vingt ans en hibernation, ils arrivent sur Soror. \u00c0 son r\u00e9veil, Brice se retrouve adolescent. Une guerre \u00e9clate dans le syst\u00e8me, et de nombreuses forces veulent r\u00e9cup\u00e9rer Jouve. Ils fuient \u00e0 travers le continent, arrivant \u00e0 Grand\u2019Croix, une capitale multiraciale. Brice s&rsquo;inscrit \u00e0 l&rsquo;\u00e9cole, pendant que Jouve se rapproche de l&rsquo;opposition. L\u2019adolescent vit des amiti\u00e9s et des amours complexes. Cherchant \u00e0 impressionner son p\u00e8re adoptif, il se lance dans un activisme risqu\u00e9. Mais la situation se durcit, et ils doivent fuir vers le second continent de Soror.<\/p>\n<p class=\"\" data-start=\"916\" data-end=\"1118\">Dans cette odyss\u00e9e aux confins de l\u2019univers, <a href=\"https:\/\/www.instagram.com\/alexissentenac\/\">Alexis Sentenac<\/a> et Laurent Genefort nous entra\u00eenent dans un r\u00e9cit d\u2019aventure et de guerre, inspir\u00e9 d\u2019Avatar, avec un graphisme \u00e9pique sign\u00e9 Mathieu Lauffray.<\/p>\n<p data-start=\"916\" data-end=\"1118\">\u00c9dite sous le label <a href=\"https:\/\/comixburo.com\/en\/\">Comix Buro<\/a>.<\/p>","protected":false},"excerpt":{"rendered":"<p>Dans le Tome 1 de No\u00f4, Brice, un gar\u00e7on sauv\u00e9 de la jungle amazonienne, se lance dans un voyage interstellaire vers Soror. Entre d\u00e9couvertes, guerre et activisme, il grandit au c\u0153ur de luttes politiques et personnelles, guid\u00e9 par un p\u00e8re adoptif myst\u00e9rieux. Un r\u00e9cit de SF riche et captivant.<\/p>","protected":false},"featured_media":16032,"comment_status":"open","ping_status":"closed","template":"","meta":[],"product_brand":[108],"product_cat":[97,110,88,93],"product_tag":[],"class_list":{"0":"post-16315","1":"product","2":"type-product","3":"status-publish","4":"has-post-thumbnail","6":"product_brand-comix-buro","7":"product_cat-bd","8":"product_cat-comix-buro","9":"product_cat-noo","10":"product_cat-tous","12":"first","13":"instock","14":"taxable","15":"shipping-taxable","16":"purchasable","17":"product-type-simple"},"yoast_head":"<!-- This site is optimized with the Yoast SEO plugin v26.9 - https:\/\/yoast.com\/product\/yoast-seo-wordpress\/ -->\n<title>No\u00f4 - tome 1 - comixburo.com<\/title>\n<meta name=\"description\" content=\"No\u00f4, Tome 1 : Un gar\u00e7on sauv\u00e9 dans la jungle, une plan\u00e8te lointaine, une guerre imminente. Un voyage initiatique fascinant entre aventures et politiques.\" \/>\n<meta name=\"robots\" content=\"index, follow, max-snippet:-1, max-image-preview:large, max-video-preview:-1\" \/>\n<link rel=\"canonical\" href=\"https:\/\/comixburo.com\/en\/product\/noo\/\" \/>\n<meta property=\"og:locale\" content=\"en_GB\" \/>\n<meta property=\"og:type\" content=\"article\" \/>\n<meta property=\"og:title\" content=\"No\u00f4 - tome 1 - comixburo.com\" \/>\n<meta property=\"og:description\" content=\"No\u00f4, Tome 1 : Un gar\u00e7on sauv\u00e9 dans la jungle, une plan\u00e8te lointaine, une guerre imminente. Un voyage initiatique fascinant entre aventures et politiques.\" \/>\n<meta property=\"og:url\" content=\"https:\/\/comixburo.com\/en\/product\/noo\/\" \/>\n<meta property=\"og:site_name\" content=\"comixburo.com\" \/>\n<meta property=\"article:publisher\" content=\"https:\/\/www.facebook.com\/comixburo\" \/>\n<meta property=\"article:modified_time\" content=\"2025-05-06T09:13:58+00:00\" \/>\n<meta property=\"og:image\" content=\"https:\/\/comixburo.com\/wp-content\/uploads\/2024\/10\/NOO-tome-1-Comix-Buro.webp\" \/>\n\t<meta property=\"og:image:width\" content=\"600\" \/>\n\t<meta property=\"og:image:height\" content=\"800\" \/>\n\t<meta property=\"og:image:type\" content=\"image\/webp\" \/>\n<meta name=\"twitter:card\" content=\"summary_large_image\" \/>\n<meta name=\"twitter:label1\" content=\"Estimated reading time\" \/>\n\t<meta name=\"twitter:data1\" content=\"2 minutes\" \/>\n<script type=\"application\/ld+json\" class=\"yoast-schema-graph\">{\"@context\":\"https:\/\/schema.org\",\"@graph\":[{\"@type\":\"WebPage\",\"@id\":\"https:\/\/comixburo.com\/produit\/noo\/\",\"url\":\"https:\/\/comixburo.com\/produit\/noo\/\",\"name\":\"No\u00f4 - tome 1 - comixburo.com\",\"isPartOf\":{\"@id\":\"https:\/\/comixburo.com\/#website\"},\"primaryImageOfPage\":{\"@id\":\"https:\/\/comixburo.com\/produit\/noo\/#primaryimage\"},\"image\":{\"@id\":\"https:\/\/comixburo.com\/produit\/noo\/#primaryimage\"},\"thumbnailUrl\":\"https:\/\/comixburo.com\/wp-content\/uploads\/2024\/10\/NOO-tome-1-Comix-Buro.webp\",\"datePublished\":\"2024-10-28T11:25:56+00:00\",\"dateModified\":\"2025-05-06T09:13:58+00:00\",\"description\":\"No\u00f4, Tome 1 : Un gar\u00e7on sauv\u00e9 dans la jungle, une plan\u00e8te lointaine, une guerre imminente. Un voyage initiatique fascinant entre aventures et politiques.\",\"breadcrumb\":{\"@id\":\"https:\/\/comixburo.com\/produit\/noo\/#breadcrumb\"},\"inLanguage\":\"en-GB\",\"potentialAction\":[{\"@type\":\"ReadAction\",\"target\":[\"https:\/\/comixburo.com\/produit\/noo\/\"]}]},{\"@type\":\"ImageObject\",\"inLanguage\":\"en-GB\",\"@id\":\"https:\/\/comixburo.com\/produit\/noo\/#primaryimage\",\"url\":\"https:\/\/comixburo.com\/wp-content\/uploads\/2024\/10\/NOO-tome-1-Comix-Buro.webp\",\"contentUrl\":\"https:\/\/comixburo.com\/wp-content\/uploads\/2024\/10\/NOO-tome-1-Comix-Buro.webp\",\"width\":600,\"height\":800,\"caption\":\"Couverture du tome 1 de No\u00f4\"},{\"@type\":\"BreadcrumbList\",\"@id\":\"https:\/\/comixburo.com\/produit\/noo\/#breadcrumb\",\"itemListElement\":[{\"@type\":\"ListItem\",\"position\":1,\"name\":\"Home\",\"item\":\"https:\/\/comixburo.com\/\"},{\"@type\":\"ListItem\",\"position\":2,\"name\":\"La boutique Comix Buro\",\"item\":\"https:\/\/comixburo.com\/la-boutique-comix-buro\/\"},{\"@type\":\"ListItem\",\"position\":3,\"name\":\"No\u00f4 &#8211; tome 1\"}]},{\"@type\":\"WebSite\",\"@id\":\"https:\/\/comixburo.com\/#website\",\"url\":\"https:\/\/comixburo.com\/\",\"name\":\"comixburo.com\",\"description\":\"Cr\u00e9ateur de projets : Sketchbook d&#039;artistes !\",\"publisher\":{\"@id\":\"https:\/\/comixburo.com\/#organization\"},\"alternateName\":\"Comix Buro\",\"potentialAction\":[{\"@type\":\"SearchAction\",\"target\":{\"@type\":\"EntryPoint\",\"urlTemplate\":\"https:\/\/comixburo.com\/?s={search_term_string}\"},\"query-input\":{\"@type\":\"PropertyValueSpecification\",\"valueRequired\":true,\"valueName\":\"search_term_string\"}}],\"inLanguage\":\"en-GB\"},{\"@type\":\"Organization\",\"@id\":\"https:\/\/comixburo.com\/#organization\",\"name\":\"comixburo.com\",\"url\":\"https:\/\/comixburo.com\/\",\"logo\":{\"@type\":\"ImageObject\",\"inLanguage\":\"en-GB\",\"@id\":\"https:\/\/comixburo.com\/#\/schema\/logo\/image\/\",\"url\":\"https:\/\/comixburo.com\/wp-content\/uploads\/2025\/04\/logo-cxb-ROND.webp\",\"contentUrl\":\"https:\/\/comixburo.com\/wp-content\/uploads\/2025\/04\/logo-cxb-ROND.webp\",\"width\":200,\"height\":200,\"caption\":\"comixburo.com\"},\"image\":{\"@id\":\"https:\/\/comixburo.com\/#\/schema\/logo\/image\/\"},\"sameAs\":[\"https:\/\/www.facebook.com\/comixburo\",\"https:\/\/www.instagram.com\/comixburo\/\"]}]}<\/script>\n<!-- \/ Yoast SEO plugin. -->","yoast_head_json":{"title":"No\u00f4 - tome 1 - comixburo.com","description":"No\u00f4, Tome 1 : Un gar\u00e7on sauv\u00e9 dans la jungle, une plan\u00e8te lointaine, une guerre imminente. Un voyage initiatique fascinant entre aventures et politiques.","robots":{"index":"index","follow":"follow","max-snippet":"max-snippet:-1","max-image-preview":"max-image-preview:large","max-video-preview":"max-video-preview:-1"},"canonical":"https:\/\/comixburo.com\/en\/product\/noo\/","og_locale":"en_GB","og_type":"article","og_title":"No\u00f4 - tome 1 - comixburo.com","og_description":"No\u00f4, Tome 1 : Un gar\u00e7on sauv\u00e9 dans la jungle, une plan\u00e8te lointaine, une guerre imminente. Un voyage initiatique fascinant entre aventures et politiques.","og_url":"https:\/\/comixburo.com\/en\/product\/noo\/","og_site_name":"comixburo.com","article_publisher":"https:\/\/www.facebook.com\/comixburo","article_modified_time":"2025-05-06T09:13:58+00:00","og_image":[{"width":600,"height":800,"url":"https:\/\/comixburo.com\/wp-content\/uploads\/2024\/10\/NOO-tome-1-Comix-Buro.webp","type":"image\/webp"}],"twitter_card":"summary_large_image","twitter_misc":{"Estimated reading time":"2 minutes"},"schema":{"@context":"https:\/\/schema.org","@graph":[{"@type":"WebPage","@id":"https:\/\/comixburo.com\/produit\/noo\/","url":"https:\/\/comixburo.com\/produit\/noo\/","name":"No\u00f4 - tome 1 - comixburo.com","isPartOf":{"@id":"https:\/\/comixburo.com\/#website"},"primaryImageOfPage":{"@id":"https:\/\/comixburo.com\/produit\/noo\/#primaryimage"},"image":{"@id":"https:\/\/comixburo.com\/produit\/noo\/#primaryimage"},"thumbnailUrl":"https:\/\/comixburo.com\/wp-content\/uploads\/2024\/10\/NOO-tome-1-Comix-Buro.webp","datePublished":"2024-10-28T11:25:56+00:00","dateModified":"2025-05-06T09:13:58+00:00","description":"No\u00f4, Tome 1 : Un gar\u00e7on sauv\u00e9 dans la jungle, une plan\u00e8te lointaine, une guerre imminente. Un voyage initiatique fascinant entre aventures et politiques.","breadcrumb":{"@id":"https:\/\/comixburo.com\/produit\/noo\/#breadcrumb"},"inLanguage":"en-GB","potentialAction":[{"@type":"ReadAction","target":["https:\/\/comixburo.com\/produit\/noo\/"]}]},{"@type":"ImageObject","inLanguage":"en-GB","@id":"https:\/\/comixburo.com\/produit\/noo\/#primaryimage","url":"https:\/\/comixburo.com\/wp-content\/uploads\/2024\/10\/NOO-tome-1-Comix-Buro.webp","contentUrl":"https:\/\/comixburo.com\/wp-content\/uploads\/2024\/10\/NOO-tome-1-Comix-Buro.webp","width":600,"height":800,"caption":"Couverture du tome 1 de No\u00f4"},{"@type":"BreadcrumbList","@id":"https:\/\/comixburo.com\/produit\/noo\/#breadcrumb","itemListElement":[{"@type":"ListItem","position":1,"name":"Home","item":"https:\/\/comixburo.com\/"},{"@type":"ListItem","position":2,"name":"La boutique Comix Buro","item":"https:\/\/comixburo.com\/la-boutique-comix-buro\/"},{"@type":"ListItem","position":3,"name":"No\u00f4 &#8211; tome 1"}]},{"@type":"WebSite","@id":"https:\/\/comixburo.com\/#website","url":"https:\/\/comixburo.com\/","name":"comixburo.com","description":"Cr\u00e9ateur de projets : Sketchbook d&#039;artistes !","publisher":{"@id":"https:\/\/comixburo.com\/#organization"},"alternateName":"Comix Buro","potentialAction":[{"@type":"SearchAction","target":{"@type":"EntryPoint","urlTemplate":"https:\/\/comixburo.com\/?s={search_term_string}"},"query-input":{"@type":"PropertyValueSpecification","valueRequired":true,"valueName":"search_term_string"}}],"inLanguage":"en-GB"},{"@type":"Organization","@id":"https:\/\/comixburo.com\/#organization","name":"comixburo.com","url":"https:\/\/comixburo.com\/","logo":{"@type":"ImageObject","inLanguage":"en-GB","@id":"https:\/\/comixburo.com\/#\/schema\/logo\/image\/","url":"https:\/\/comixburo.com\/wp-content\/uploads\/2025\/04\/logo-cxb-ROND.webp","contentUrl":"https:\/\/comixburo.com\/wp-content\/uploads\/2025\/04\/logo-cxb-ROND.webp","width":200,"height":200,"caption":"comixburo.com"},"image":{"@id":"https:\/\/comixburo.com\/#\/schema\/logo\/image\/"},"sameAs":["https:\/\/www.facebook.com\/comixburo","https:\/\/www.instagram.com\/comixburo\/"]}]}},"jetpack_sharing_enabled":true,"_links":{"self":[{"href":"https:\/\/comixburo.com\/en\/wp-json\/wp\/v2\/product\/16315","targetHints":{"allow":["GET"]}}],"collection":[{"href":"https:\/\/comixburo.com\/en\/wp-json\/wp\/v2\/product"}],"about":[{"href":"https:\/\/comixburo.com\/en\/wp-json\/wp\/v2\/types\/product"}],"replies":[{"embeddable":true,"href":"https:\/\/comixburo.com\/en\/wp-json\/wp\/v2\/comments?post=16315"}],"version-history":[{"count":5,"href":"https:\/\/comixburo.com\/en\/wp-json\/wp\/v2\/product\/16315\/revisions"}],"predecessor-version":[{"id":19680,"href":"https:\/\/comixburo.com\/en\/wp-json\/wp\/v2\/product\/16315\/revisions\/19680"}],"wp:featuredmedia":[{"embeddable":true,"href":"https:\/\/comixburo.com\/en\/wp-json\/wp\/v2\/media\/16032"}],"wp:attachment":[{"href":"https:\/\/comixburo.com\/en\/wp-json\/wp\/v2\/media?parent=16315"}],"wp:term":[{"taxonomy":"product_brand","embeddable":true,"href":"https:\/\/comixburo.com\/en\/wp-json\/wp\/v2\/product_brand?post=16315"},{"taxonomy":"product_cat","embeddable":true,"href":"https:\/\/comixburo.com\/en\/wp-json\/wp\/v2\/product_cat?post=16315"},{"taxonomy":"product_tag","embeddable":true,"href":"https:\/\/comixburo.com\/en\/wp-json\/wp\/v2\/product_tag?post=16315"}],"curies":[{"name":"wp","href":"https:\/\/api.w.org\/{rel}","templated":true}]}}