{"id":16317,"date":"2024-10-28T16:37:06","date_gmt":"2024-10-28T15:37:06","guid":{"rendered":"https:\/\/comixburo.com\/?post_type=product&#038;p=16317"},"modified":"2025-05-06T11:13:58","modified_gmt":"2025-05-06T09:13:58","slug":"rendez-vous-avec-x-mata-hari","status":"publish","type":"product","link":"https:\/\/comixburo.com\/en\/product\/rendez-vous-avec-x-mata-hari\/","title":{"rendered":"Rendez-vous avec X &#8211; Mata Hari"},"content":{"rendered":"<h2>Rendez-vous avec X &#8211; Mata Hari<\/h2>\n<h3 class=\"sr-only\"><span style=\"color: #333333; font-size: 16px;\">Qui \u00e9tait vraiment Mata Hari, l&rsquo;espionne mythique ?<\/span><\/h3>\n<p class=\"sr-only\"><span style=\"color: #333333; font-size: 16px;\">Depuis plus d\u2019un si\u00e8cle, Mata Hari incarne l\u2019image d&rsquo;une espionne manipulatrice, sans morale, \u00e9voluant entre les services secrets allemands et fran\u00e7ais. Utilisant ses charmes envo\u00fbtants, elle se joue des puissances en guerre. Mais qui se cache derri\u00e8re cette l\u00e9gende ? \u00c9tait-elle r\u00e9ellement une espionne au service de l&rsquo;Allemagne, comme l&rsquo;ont sugg\u00e9r\u00e9 les journaux en 1917, annon\u00e7ant son ex\u00e9cution pour trahison ? Ou \u00e9tait-elle simplement une courtisane na\u00efve, \u00e9cras\u00e9e par l&rsquo;Histoire ?<\/span><\/p>\n<div class=\"text-base my-auto mx-auto py-5 [--thread-content-margin:--spacing(4)] @[37rem]:[--thread-content-margin:--spacing(6)] @[70rem]:[--thread-content-margin:--spacing(12)] px-(--thread-content-margin)\">\n<div class=\"[--thread-content-max-width:32rem] @[34rem]:[--thread-content-max-width:40rem] @[64rem]:[--thread-content-max-width:48rem] mx-auto flex max-w-(--thread-content-max-width) flex-1 text-base gap-4 md:gap-5 lg:gap-6 group\/turn-messages focus-visible:outline-hidden\" tabindex=\"-1\">\n<div class=\"group\/conversation-turn relative flex w-full min-w-0 flex-col agent-turn\">\n<div class=\"relative flex-col gap-1 md:gap-3\">\n<div class=\"flex max-w-full flex-col grow\">\n<div class=\"min-h-8 text-message relative flex w-full flex-col items-end gap-2 text-start break-words whitespace-normal [.text-message+&amp;]:mt-5\" dir=\"auto\" data-message-author-role=\"assistant\" data-message-id=\"eed04bf6-098e-4c30-af72-1b9dc629d97d\" data-message-model-slug=\"gpt-4o-mini\">\n<div class=\"flex w-full flex-col gap-1 empty:hidden first:pt-[3px]\">\n<div class=\"markdown prose dark:prose-invert w-full break-words dark\">\n<p class=\"\" data-start=\"538\" data-end=\"967\">Margaretha Zelle, la femme derri\u00e8re le nom de code Mata Hari, a \u00e9t\u00e9 une redoutable agent double allemande, surnomm\u00e9e \u00ab H21 \u00bb. Sa vie, entre r\u00e9alit\u00e9 et fiction, nourrit le myst\u00e8re de cette figure embl\u00e9matique. De danseuse orientale \u00e0 la mondaine cosmopolite du Tout-Paris de la Belle \u00c9poque, elle accumule les amants et le luxe. Mais la Grande Guerre la prive de sa libert\u00e9, et c&rsquo;est dans cette p\u00e9riode qu&rsquo;elle devient immortelle.<\/p>\n<p class=\"\" data-start=\"969\" data-end=\"1234\">Le dossier \u00ab\u00a0<a href=\"https:\/\/comixburo.com\/en\/product-category\/bd\/rendez-vous-avec-x\/\">Rendez-vous avec X<\/a>\u00a0\u00bb se penche sur la vie fascinante de Mata Hari. Cette femme, qui r\u00eavait d\u2019une vie comme un conte, est devenue, malgr\u00e9 elle, l\u2019un des plus grands mythes du XXe si\u00e8cle. D\u00e9couvrez les myst\u00e8res de son existence et son r\u00f4le dans l\u2019Histoire.<\/p>\n<p data-start=\"969\" data-end=\"1234\"><a href=\"https:\/\/fr.wikipedia.org\/wiki\/Virginie_Greiner\">Virginie Greiner<\/a> et <a href=\"https:\/\/www.instagram.com\/romanof707\/\">Olivier Roman<\/a> proposent une exploration approfondie de la figure de Mata Hari, d\u00e9mystifiant le mythe de l&rsquo;espionne inf\u00e2me. \u00c0 travers une recherche minutieuse, ils reconsid\u00e8rent sa v\u00e9ritable histoire, questionnent la m\u00e9moire collective et rendent hommage \u00e0 cette femme devenue un symbole du XXe si\u00e8cle.<\/p>\n<\/div>\n<\/div>\n<\/div>\n<\/div>\n<\/div>\n<\/div>\n<\/div>\n<\/div>","protected":false},"excerpt":{"rendered":"<p>Rendez-vous avec X &#8211; Mata Hari Qui \u00e9tait vraiment Mata Hari, l&rsquo;espionne mythique ? Depuis plus d\u2019un si\u00e8cle, Mata Hari<\/p>","protected":false},"featured_media":16031,"comment_status":"open","ping_status":"closed","template":"","meta":[],"product_brand":[108],"product_cat":[97,110,94,84,93],"product_tag":[],"class_list":{"0":"post-16317","1":"product","2":"type-product","3":"status-publish","4":"has-post-thumbnail","6":"product_brand-comix-buro","7":"product_cat-bd","8":"product_cat-comix-buro","9":"product_cat-one-shots","10":"product_cat-rendez-vous-avec-x","11":"product_cat-tous","13":"first","14":"instock","15":"taxable","16":"shipping-taxable","17":"purchasable","18":"product-type-simple"},"yoast_head":"<!-- This site is optimized with the Yoast SEO plugin v26.9 - https:\/\/yoast.com\/product\/yoast-seo-wordpress\/ -->\n<title>Rendez-vous avec X - Mata Hari - comixburo.com<\/title>\n<meta name=\"description\" content=\"Rendez-vous avec X - Mata Hari, r\u00e9v\u00e8le la v\u00e9rit\u00e9 sous le mythe de l&#039;espionne, explorant son histoire et r\u00e9\u00e9valuant son r\u00f4le dans l\u2019histoire du XXe si\u00e8cle.\" \/>\n<meta name=\"robots\" content=\"index, follow, max-snippet:-1, max-image-preview:large, max-video-preview:-1\" \/>\n<link rel=\"canonical\" href=\"https:\/\/comixburo.com\/en\/product\/rendez-vous-avec-x-mata-hari\/\" \/>\n<meta property=\"og:locale\" content=\"en_GB\" \/>\n<meta property=\"og:type\" content=\"article\" \/>\n<meta property=\"og:title\" content=\"Rendez-vous avec X - Mata Hari - comixburo.com\" \/>\n<meta property=\"og:description\" content=\"Rendez-vous avec X - Mata Hari, r\u00e9v\u00e8le la v\u00e9rit\u00e9 sous le mythe de l&#039;espionne, explorant son histoire et r\u00e9\u00e9valuant son r\u00f4le dans l\u2019histoire du XXe si\u00e8cle.\" \/>\n<meta property=\"og:url\" content=\"https:\/\/comixburo.com\/en\/product\/rendez-vous-avec-x-mata-hari\/\" \/>\n<meta property=\"og:site_name\" content=\"comixburo.com\" \/>\n<meta property=\"article:publisher\" content=\"https:\/\/www.facebook.com\/comixburo\" \/>\n<meta property=\"article:modified_time\" content=\"2025-05-06T09:13:58+00:00\" \/>\n<meta property=\"og:image\" content=\"https:\/\/comixburo.com\/wp-content\/uploads\/2024\/10\/Mata-Hari-Comix-Buro.webp\" \/>\n\t<meta property=\"og:image:width\" content=\"600\" \/>\n\t<meta property=\"og:image:height\" content=\"800\" \/>\n\t<meta property=\"og:image:type\" content=\"image\/webp\" \/>\n<meta name=\"twitter:card\" content=\"summary_large_image\" \/>\n<meta name=\"twitter:label1\" content=\"Estimated reading time\" \/>\n\t<meta name=\"twitter:data1\" content=\"2 minutes\" \/>\n<script type=\"application\/ld+json\" class=\"yoast-schema-graph\">{\"@context\":\"https:\/\/schema.org\",\"@graph\":[{\"@type\":\"WebPage\",\"@id\":\"https:\/\/comixburo.com\/produit\/rendez-vous-avec-x-mata-hari\/\",\"url\":\"https:\/\/comixburo.com\/produit\/rendez-vous-avec-x-mata-hari\/\",\"name\":\"Rendez-vous avec X - Mata Hari - comixburo.com\",\"isPartOf\":{\"@id\":\"https:\/\/comixburo.com\/#website\"},\"primaryImageOfPage\":{\"@id\":\"https:\/\/comixburo.com\/produit\/rendez-vous-avec-x-mata-hari\/#primaryimage\"},\"image\":{\"@id\":\"https:\/\/comixburo.com\/produit\/rendez-vous-avec-x-mata-hari\/#primaryimage\"},\"thumbnailUrl\":\"https:\/\/comixburo.com\/wp-content\/uploads\/2024\/10\/Mata-Hari-Comix-Buro.webp\",\"datePublished\":\"2024-10-28T15:37:06+00:00\",\"dateModified\":\"2025-05-06T09:13:58+00:00\",\"description\":\"Rendez-vous avec X - Mata Hari, r\u00e9v\u00e8le la v\u00e9rit\u00e9 sous le mythe de l'espionne, explorant son histoire et r\u00e9\u00e9valuant son r\u00f4le dans l\u2019histoire du XXe si\u00e8cle.\",\"breadcrumb\":{\"@id\":\"https:\/\/comixburo.com\/produit\/rendez-vous-avec-x-mata-hari\/#breadcrumb\"},\"inLanguage\":\"en-GB\",\"potentialAction\":[{\"@type\":\"ReadAction\",\"target\":[\"https:\/\/comixburo.com\/produit\/rendez-vous-avec-x-mata-hari\/\"]}]},{\"@type\":\"ImageObject\",\"inLanguage\":\"en-GB\",\"@id\":\"https:\/\/comixburo.com\/produit\/rendez-vous-avec-x-mata-hari\/#primaryimage\",\"url\":\"https:\/\/comixburo.com\/wp-content\/uploads\/2024\/10\/Mata-Hari-Comix-Buro.webp\",\"contentUrl\":\"https:\/\/comixburo.com\/wp-content\/uploads\/2024\/10\/Mata-Hari-Comix-Buro.webp\",\"width\":600,\"height\":800,\"caption\":\"Couverture de rendez-vous avec X - Mata Hari\"},{\"@type\":\"BreadcrumbList\",\"@id\":\"https:\/\/comixburo.com\/produit\/rendez-vous-avec-x-mata-hari\/#breadcrumb\",\"itemListElement\":[{\"@type\":\"ListItem\",\"position\":1,\"name\":\"Home\",\"item\":\"https:\/\/comixburo.com\/\"},{\"@type\":\"ListItem\",\"position\":2,\"name\":\"La boutique Comix Buro\",\"item\":\"https:\/\/comixburo.com\/la-boutique-comix-buro\/\"},{\"@type\":\"ListItem\",\"position\":3,\"name\":\"Rendez-vous avec X &#8211; Mata Hari\"}]},{\"@type\":\"WebSite\",\"@id\":\"https:\/\/comixburo.com\/#website\",\"url\":\"https:\/\/comixburo.com\/\",\"name\":\"comixburo.com\",\"description\":\"Cr\u00e9ateur de projets : Sketchbook d&#039;artistes !\",\"publisher\":{\"@id\":\"https:\/\/comixburo.com\/#organization\"},\"alternateName\":\"Comix Buro\",\"potentialAction\":[{\"@type\":\"SearchAction\",\"target\":{\"@type\":\"EntryPoint\",\"urlTemplate\":\"https:\/\/comixburo.com\/?s={search_term_string}\"},\"query-input\":{\"@type\":\"PropertyValueSpecification\",\"valueRequired\":true,\"valueName\":\"search_term_string\"}}],\"inLanguage\":\"en-GB\"},{\"@type\":\"Organization\",\"@id\":\"https:\/\/comixburo.com\/#organization\",\"name\":\"comixburo.com\",\"url\":\"https:\/\/comixburo.com\/\",\"logo\":{\"@type\":\"ImageObject\",\"inLanguage\":\"en-GB\",\"@id\":\"https:\/\/comixburo.com\/#\/schema\/logo\/image\/\",\"url\":\"https:\/\/comixburo.com\/wp-content\/uploads\/2025\/04\/logo-cxb-ROND.webp\",\"contentUrl\":\"https:\/\/comixburo.com\/wp-content\/uploads\/2025\/04\/logo-cxb-ROND.webp\",\"width\":200,\"height\":200,\"caption\":\"comixburo.com\"},\"image\":{\"@id\":\"https:\/\/comixburo.com\/#\/schema\/logo\/image\/\"},\"sameAs\":[\"https:\/\/www.facebook.com\/comixburo\",\"https:\/\/www.instagram.com\/comixburo\/\"]}]}<\/script>\n<!-- \/ Yoast SEO plugin. -->","yoast_head_json":{"title":"Rendez-vous avec X - Mata Hari - comixburo.com","description":"Rendez-vous avec X - Mata Hari, r\u00e9v\u00e8le la v\u00e9rit\u00e9 sous le mythe de l'espionne, explorant son histoire et r\u00e9\u00e9valuant son r\u00f4le dans l\u2019histoire du XXe si\u00e8cle.","robots":{"index":"index","follow":"follow","max-snippet":"max-snippet:-1","max-image-preview":"max-image-preview:large","max-video-preview":"max-video-preview:-1"},"canonical":"https:\/\/comixburo.com\/en\/product\/rendez-vous-avec-x-mata-hari\/","og_locale":"en_GB","og_type":"article","og_title":"Rendez-vous avec X - Mata Hari - comixburo.com","og_description":"Rendez-vous avec X - Mata Hari, r\u00e9v\u00e8le la v\u00e9rit\u00e9 sous le mythe de l'espionne, explorant son histoire et r\u00e9\u00e9valuant son r\u00f4le dans l\u2019histoire du XXe si\u00e8cle.","og_url":"https:\/\/comixburo.com\/en\/product\/rendez-vous-avec-x-mata-hari\/","og_site_name":"comixburo.com","article_publisher":"https:\/\/www.facebook.com\/comixburo","article_modified_time":"2025-05-06T09:13:58+00:00","og_image":[{"width":600,"height":800,"url":"https:\/\/comixburo.com\/wp-content\/uploads\/2024\/10\/Mata-Hari-Comix-Buro.webp","type":"image\/webp"}],"twitter_card":"summary_large_image","twitter_misc":{"Estimated reading time":"2 minutes"},"schema":{"@context":"https:\/\/schema.org","@graph":[{"@type":"WebPage","@id":"https:\/\/comixburo.com\/produit\/rendez-vous-avec-x-mata-hari\/","url":"https:\/\/comixburo.com\/produit\/rendez-vous-avec-x-mata-hari\/","name":"Rendez-vous avec X - Mata Hari - comixburo.com","isPartOf":{"@id":"https:\/\/comixburo.com\/#website"},"primaryImageOfPage":{"@id":"https:\/\/comixburo.com\/produit\/rendez-vous-avec-x-mata-hari\/#primaryimage"},"image":{"@id":"https:\/\/comixburo.com\/produit\/rendez-vous-avec-x-mata-hari\/#primaryimage"},"thumbnailUrl":"https:\/\/comixburo.com\/wp-content\/uploads\/2024\/10\/Mata-Hari-Comix-Buro.webp","datePublished":"2024-10-28T15:37:06+00:00","dateModified":"2025-05-06T09:13:58+00:00","description":"Rendez-vous avec X - Mata Hari, r\u00e9v\u00e8le la v\u00e9rit\u00e9 sous le mythe de l'espionne, explorant son histoire et r\u00e9\u00e9valuant son r\u00f4le dans l\u2019histoire du XXe si\u00e8cle.","breadcrumb":{"@id":"https:\/\/comixburo.com\/produit\/rendez-vous-avec-x-mata-hari\/#breadcrumb"},"inLanguage":"en-GB","potentialAction":[{"@type":"ReadAction","target":["https:\/\/comixburo.com\/produit\/rendez-vous-avec-x-mata-hari\/"]}]},{"@type":"ImageObject","inLanguage":"en-GB","@id":"https:\/\/comixburo.com\/produit\/rendez-vous-avec-x-mata-hari\/#primaryimage","url":"https:\/\/comixburo.com\/wp-content\/uploads\/2024\/10\/Mata-Hari-Comix-Buro.webp","contentUrl":"https:\/\/comixburo.com\/wp-content\/uploads\/2024\/10\/Mata-Hari-Comix-Buro.webp","width":600,"height":800,"caption":"Couverture de rendez-vous avec X - Mata Hari"},{"@type":"BreadcrumbList","@id":"https:\/\/comixburo.com\/produit\/rendez-vous-avec-x-mata-hari\/#breadcrumb","itemListElement":[{"@type":"ListItem","position":1,"name":"Home","item":"https:\/\/comixburo.com\/"},{"@type":"ListItem","position":2,"name":"La boutique Comix Buro","item":"https:\/\/comixburo.com\/la-boutique-comix-buro\/"},{"@type":"ListItem","position":3,"name":"Rendez-vous avec X &#8211; Mata Hari"}]},{"@type":"WebSite","@id":"https:\/\/comixburo.com\/#website","url":"https:\/\/comixburo.com\/","name":"comixburo.com","description":"Cr\u00e9ateur de projets : Sketchbook d&#039;artistes !","publisher":{"@id":"https:\/\/comixburo.com\/#organization"},"alternateName":"Comix Buro","potentialAction":[{"@type":"SearchAction","target":{"@type":"EntryPoint","urlTemplate":"https:\/\/comixburo.com\/?s={search_term_string}"},"query-input":{"@type":"PropertyValueSpecification","valueRequired":true,"valueName":"search_term_string"}}],"inLanguage":"en-GB"},{"@type":"Organization","@id":"https:\/\/comixburo.com\/#organization","name":"comixburo.com","url":"https:\/\/comixburo.com\/","logo":{"@type":"ImageObject","inLanguage":"en-GB","@id":"https:\/\/comixburo.com\/#\/schema\/logo\/image\/","url":"https:\/\/comixburo.com\/wp-content\/uploads\/2025\/04\/logo-cxb-ROND.webp","contentUrl":"https:\/\/comixburo.com\/wp-content\/uploads\/2025\/04\/logo-cxb-ROND.webp","width":200,"height":200,"caption":"comixburo.com"},"image":{"@id":"https:\/\/comixburo.com\/#\/schema\/logo\/image\/"},"sameAs":["https:\/\/www.facebook.com\/comixburo","https:\/\/www.instagram.com\/comixburo\/"]}]}},"jetpack_sharing_enabled":true,"_links":{"self":[{"href":"https:\/\/comixburo.com\/en\/wp-json\/wp\/v2\/product\/16317","targetHints":{"allow":["GET"]}}],"collection":[{"href":"https:\/\/comixburo.com\/en\/wp-json\/wp\/v2\/product"}],"about":[{"href":"https:\/\/comixburo.com\/en\/wp-json\/wp\/v2\/types\/product"}],"replies":[{"embeddable":true,"href":"https:\/\/comixburo.com\/en\/wp-json\/wp\/v2\/comments?post=16317"}],"version-history":[{"count":3,"href":"https:\/\/comixburo.com\/en\/wp-json\/wp\/v2\/product\/16317\/revisions"}],"predecessor-version":[{"id":19677,"href":"https:\/\/comixburo.com\/en\/wp-json\/wp\/v2\/product\/16317\/revisions\/19677"}],"wp:featuredmedia":[{"embeddable":true,"href":"https:\/\/comixburo.com\/en\/wp-json\/wp\/v2\/media\/16031"}],"wp:attachment":[{"href":"https:\/\/comixburo.com\/en\/wp-json\/wp\/v2\/media?parent=16317"}],"wp:term":[{"taxonomy":"product_brand","embeddable":true,"href":"https:\/\/comixburo.com\/en\/wp-json\/wp\/v2\/product_brand?post=16317"},{"taxonomy":"product_cat","embeddable":true,"href":"https:\/\/comixburo.com\/en\/wp-json\/wp\/v2\/product_cat?post=16317"},{"taxonomy":"product_tag","embeddable":true,"href":"https:\/\/comixburo.com\/en\/wp-json\/wp\/v2\/product_tag?post=16317"}],"curies":[{"name":"wp","href":"https:\/\/api.w.org\/{rel}","templated":true}]}}