{"id":16323,"date":"2024-10-28T16:42:10","date_gmt":"2024-10-28T15:42:10","guid":{"rendered":"https:\/\/comixburo.com\/?post_type=product&#038;p=16323"},"modified":"2025-05-06T11:13:57","modified_gmt":"2025-05-06T09:13:57","slug":"orphelin-de-perdide-tome-2","status":"publish","type":"product","link":"https:\/\/comixburo.com\/en\/product\/orphelin-de-perdide-tome-2\/","title":{"rendered":"L&rsquo;orphelin de Perdide &#8211; tome 2"},"content":{"rendered":"<h2 data-start=\"62\" data-end=\"113\"><strong data-start=\"62\" data-end=\"113\">L&rsquo;orphelin de Perdide &#8211; Tome 2<\/strong><\/h2>\n<h3 data-start=\"62\" data-end=\"113\"><strong data-start=\"62\" data-end=\"113\">Un dernier espoir \u00e0 des millions de kilom\u00e8tres.<\/strong><\/h3>\n<p class=\"\" data-start=\"115\" data-end=\"340\">Apr\u00e8s l&rsquo;attaque sur <strong data-start=\"135\" data-end=\"147\">Gamma 10<\/strong>, <strong data-start=\"149\" data-end=\"159\">Martin<\/strong> est tu\u00e9 et <strong data-start=\"171\" data-end=\"180\">Belle<\/strong> enlev\u00e9e par des anciens bagnards, emportant avec elle <strong data-start=\"235\" data-end=\"244\">l&rsquo;\u0153uf<\/strong>, seul moyen de communication avec <strong data-start=\"279\" data-end=\"289\">Claudi<\/strong>, d\u00e9sormais seul face aux dangers des <strong data-start=\"327\" data-end=\"338\">frelons<\/strong>.<\/p>\n<p class=\"\" data-start=\"342\" data-end=\"556\">Pendant ce temps, <strong data-start=\"360\" data-end=\"367\">Max<\/strong> attaque le rep\u00e8re des mercenaires, tandis que <strong data-start=\"414\" data-end=\"424\">Silbad<\/strong>, rest\u00e9 seul \u00e0 bord du vaisseau, d\u00e9couvre des images anciennes de <strong data-start=\"490\" data-end=\"501\">Perdide<\/strong>. Est-il li\u00e9 \u00e0 <strong data-start=\"516\" data-end=\"526\">Claudi<\/strong> avant m\u00eame de le rencontrer ?<\/p>\n<p class=\"\" data-start=\"558\" data-end=\"900\">Apr\u00e8s s\u2019\u00eatre \u00e9chapp\u00e9s des <strong data-start=\"584\" data-end=\"620\">ar\u00e8nes du Ma\u00eetre des Troglodytes<\/strong>, Belle, Max et l\u2019\u0153uf rejoignent le vaisseau, poursuivis par les habitants de <strong data-start=\"698\" data-end=\"710\">Gamma 10<\/strong>. Mais <strong data-start=\"717\" data-end=\"727\">Silbad<\/strong> est bless\u00e9. Finalement, <strong data-start=\"752\" data-end=\"759\">Max<\/strong> d\u00e9colle vers <strong data-start=\"773\" data-end=\"784\">Perdide<\/strong> pour sauver <strong data-start=\"797\" data-end=\"807\">Silbad<\/strong> et retrouver <strong data-start=\"821\" data-end=\"831\">Claudi<\/strong>. Mais, en voyageant \u00e0 travers l\u2019espace, Max a-t-il alt\u00e9r\u00e9 le temps ?<\/p>\n<p class=\"\" data-start=\"454\" data-end=\"688\">\n<p data-start=\"62\" data-end=\"113\">Dans L&rsquo;orphelin de Perdide<strong data-start=\"62\" data-end=\"113\">, <\/strong><a href=\"https:\/\/www.instagram.com\/regishaut\/\"><strong data-start=\"454\" data-end=\"472\">R\u00e9gis Hauti\u00e8re<\/strong><\/a> et <strong data-start=\"476\" data-end=\"494\">Adrian Delgado<\/strong> nous offrent un <strong data-start=\"511\" data-end=\"542\">diptyque de science-fiction<\/strong> captivant, explorant le <strong data-start=\"567\" data-end=\"588\">paradoxe temporel<\/strong>. Une <strong data-start=\"594\" data-end=\"616\">adaptation moderne<\/strong> du roman ayant inspir\u00e9 <em data-start=\"640\" data-end=\"662\">Les Ma\u00eetres du temps<\/em> de Ren\u00e9 Laloux et M\u0153bius.<\/p>\n<p data-start=\"454\" data-end=\"688\">\u00c9dit\u00e9 sous le label <a href=\"https:\/\/comixburo.com\/en\/\">Comix Buro<\/a>.<\/p>","protected":false},"excerpt":{"rendered":"<p>Dans <em data-start=\"5\" data-end=\"36\">L&rsquo;Orphelin de Perdide, Tome 2<\/em>, Max part sauver Belle et Silbad, tout en cherchant \u00e0 retrouver Claudi sur Perdide. Mais ses voyages \u00e0 travers l&rsquo;espace, contre la vitesse de la lumi\u00e8re, pourraient alt\u00e9rer le temps. Une aventure de science-fiction pleine de suspense et de myst\u00e8re.<\/p>","protected":false},"featured_media":16030,"comment_status":"open","ping_status":"closed","template":"","meta":[],"product_brand":[108],"product_cat":[97,110,89,93],"product_tag":[],"class_list":{"0":"post-16323","1":"product","2":"type-product","3":"status-publish","4":"has-post-thumbnail","6":"product_brand-comix-buro","7":"product_cat-bd","8":"product_cat-comix-buro","9":"product_cat-lorphelin-de-perdide","10":"product_cat-tous","12":"first","13":"instock","14":"taxable","15":"shipping-taxable","16":"purchasable","17":"product-type-simple"},"yoast_head":"<!-- This site is optimized with the Yoast SEO plugin v26.9 - https:\/\/yoast.com\/product\/yoast-seo-wordpress\/ -->\n<title>L&#039;orphelin de Perdide - tome 2 - comixburo.com<\/title>\n<meta name=\"description\" content=\"L&#039;orphelin de perdide tome 2- Max part \u00e0 la rescousse de Belle et Silbad, mais en voyageant vers Perdide, il risque d&#039;alt\u00e9rer le temps.\" \/>\n<meta name=\"robots\" content=\"index, follow, max-snippet:-1, max-image-preview:large, max-video-preview:-1\" \/>\n<link rel=\"canonical\" href=\"https:\/\/comixburo.com\/en\/product\/orphelin-de-perdide-tome-2\/\" \/>\n<meta property=\"og:locale\" content=\"en_GB\" \/>\n<meta property=\"og:type\" content=\"article\" \/>\n<meta property=\"og:title\" content=\"L&#039;orphelin de Perdide - tome 2 - comixburo.com\" \/>\n<meta property=\"og:description\" content=\"L&#039;orphelin de perdide tome 2- Max part \u00e0 la rescousse de Belle et Silbad, mais en voyageant vers Perdide, il risque d&#039;alt\u00e9rer le temps.\" \/>\n<meta property=\"og:url\" content=\"https:\/\/comixburo.com\/en\/product\/orphelin-de-perdide-tome-2\/\" \/>\n<meta property=\"og:site_name\" content=\"comixburo.com\" \/>\n<meta property=\"article:publisher\" content=\"https:\/\/www.facebook.com\/comixburo\" \/>\n<meta property=\"article:modified_time\" content=\"2025-05-06T09:13:57+00:00\" \/>\n<meta property=\"og:image\" content=\"https:\/\/comixburo.com\/wp-content\/uploads\/2024\/10\/l-orphelin-de-perdide-tome-2-Comix-Buro.webp\" \/>\n\t<meta property=\"og:image:width\" content=\"600\" \/>\n\t<meta property=\"og:image:height\" content=\"800\" \/>\n\t<meta property=\"og:image:type\" content=\"image\/webp\" \/>\n<meta name=\"twitter:card\" content=\"summary_large_image\" \/>\n<meta name=\"twitter:label1\" content=\"Estimated reading time\" \/>\n\t<meta name=\"twitter:data1\" content=\"2 minutes\" \/>\n<script type=\"application\/ld+json\" class=\"yoast-schema-graph\">{\"@context\":\"https:\/\/schema.org\",\"@graph\":[{\"@type\":\"WebPage\",\"@id\":\"https:\/\/comixburo.com\/produit\/orphelin-de-perdide-tome-2\/\",\"url\":\"https:\/\/comixburo.com\/produit\/orphelin-de-perdide-tome-2\/\",\"name\":\"L'orphelin de Perdide - tome 2 - comixburo.com\",\"isPartOf\":{\"@id\":\"https:\/\/comixburo.com\/#website\"},\"primaryImageOfPage\":{\"@id\":\"https:\/\/comixburo.com\/produit\/orphelin-de-perdide-tome-2\/#primaryimage\"},\"image\":{\"@id\":\"https:\/\/comixburo.com\/produit\/orphelin-de-perdide-tome-2\/#primaryimage\"},\"thumbnailUrl\":\"https:\/\/comixburo.com\/wp-content\/uploads\/2024\/10\/l-orphelin-de-perdide-tome-2-Comix-Buro.webp\",\"datePublished\":\"2024-10-28T15:42:10+00:00\",\"dateModified\":\"2025-05-06T09:13:57+00:00\",\"description\":\"L'orphelin de perdide tome 2- Max part \u00e0 la rescousse de Belle et Silbad, mais en voyageant vers Perdide, il risque d'alt\u00e9rer le temps.\",\"breadcrumb\":{\"@id\":\"https:\/\/comixburo.com\/produit\/orphelin-de-perdide-tome-2\/#breadcrumb\"},\"inLanguage\":\"en-GB\",\"potentialAction\":[{\"@type\":\"ReadAction\",\"target\":[\"https:\/\/comixburo.com\/produit\/orphelin-de-perdide-tome-2\/\"]}]},{\"@type\":\"ImageObject\",\"inLanguage\":\"en-GB\",\"@id\":\"https:\/\/comixburo.com\/produit\/orphelin-de-perdide-tome-2\/#primaryimage\",\"url\":\"https:\/\/comixburo.com\/wp-content\/uploads\/2024\/10\/l-orphelin-de-perdide-tome-2-Comix-Buro.webp\",\"contentUrl\":\"https:\/\/comixburo.com\/wp-content\/uploads\/2024\/10\/l-orphelin-de-perdide-tome-2-Comix-Buro.webp\",\"width\":600,\"height\":800,\"caption\":\"Couverture de l'orphelin de perdide tome 2\"},{\"@type\":\"BreadcrumbList\",\"@id\":\"https:\/\/comixburo.com\/produit\/orphelin-de-perdide-tome-2\/#breadcrumb\",\"itemListElement\":[{\"@type\":\"ListItem\",\"position\":1,\"name\":\"Home\",\"item\":\"https:\/\/comixburo.com\/\"},{\"@type\":\"ListItem\",\"position\":2,\"name\":\"La boutique Comix Buro\",\"item\":\"https:\/\/comixburo.com\/la-boutique-comix-buro\/\"},{\"@type\":\"ListItem\",\"position\":3,\"name\":\"L&rsquo;orphelin de Perdide &#8211; tome 2\"}]},{\"@type\":\"WebSite\",\"@id\":\"https:\/\/comixburo.com\/#website\",\"url\":\"https:\/\/comixburo.com\/\",\"name\":\"comixburo.com\",\"description\":\"Cr\u00e9ateur de projets : Sketchbook d&#039;artistes !\",\"publisher\":{\"@id\":\"https:\/\/comixburo.com\/#organization\"},\"alternateName\":\"Comix Buro\",\"potentialAction\":[{\"@type\":\"SearchAction\",\"target\":{\"@type\":\"EntryPoint\",\"urlTemplate\":\"https:\/\/comixburo.com\/?s={search_term_string}\"},\"query-input\":{\"@type\":\"PropertyValueSpecification\",\"valueRequired\":true,\"valueName\":\"search_term_string\"}}],\"inLanguage\":\"en-GB\"},{\"@type\":\"Organization\",\"@id\":\"https:\/\/comixburo.com\/#organization\",\"name\":\"comixburo.com\",\"url\":\"https:\/\/comixburo.com\/\",\"logo\":{\"@type\":\"ImageObject\",\"inLanguage\":\"en-GB\",\"@id\":\"https:\/\/comixburo.com\/#\/schema\/logo\/image\/\",\"url\":\"https:\/\/comixburo.com\/wp-content\/uploads\/2025\/04\/logo-cxb-ROND.webp\",\"contentUrl\":\"https:\/\/comixburo.com\/wp-content\/uploads\/2025\/04\/logo-cxb-ROND.webp\",\"width\":200,\"height\":200,\"caption\":\"comixburo.com\"},\"image\":{\"@id\":\"https:\/\/comixburo.com\/#\/schema\/logo\/image\/\"},\"sameAs\":[\"https:\/\/www.facebook.com\/comixburo\",\"https:\/\/www.instagram.com\/comixburo\/\"]}]}<\/script>\n<!-- \/ Yoast SEO plugin. -->","yoast_head_json":{"title":"L'orphelin de Perdide - tome 2 - comixburo.com","description":"L'orphelin de perdide tome 2- Max part \u00e0 la rescousse de Belle et Silbad, mais en voyageant vers Perdide, il risque d'alt\u00e9rer le temps.","robots":{"index":"index","follow":"follow","max-snippet":"max-snippet:-1","max-image-preview":"max-image-preview:large","max-video-preview":"max-video-preview:-1"},"canonical":"https:\/\/comixburo.com\/en\/product\/orphelin-de-perdide-tome-2\/","og_locale":"en_GB","og_type":"article","og_title":"L'orphelin de Perdide - tome 2 - comixburo.com","og_description":"L'orphelin de perdide tome 2- Max part \u00e0 la rescousse de Belle et Silbad, mais en voyageant vers Perdide, il risque d'alt\u00e9rer le temps.","og_url":"https:\/\/comixburo.com\/en\/product\/orphelin-de-perdide-tome-2\/","og_site_name":"comixburo.com","article_publisher":"https:\/\/www.facebook.com\/comixburo","article_modified_time":"2025-05-06T09:13:57+00:00","og_image":[{"width":600,"height":800,"url":"https:\/\/comixburo.com\/wp-content\/uploads\/2024\/10\/l-orphelin-de-perdide-tome-2-Comix-Buro.webp","type":"image\/webp"}],"twitter_card":"summary_large_image","twitter_misc":{"Estimated reading time":"2 minutes"},"schema":{"@context":"https:\/\/schema.org","@graph":[{"@type":"WebPage","@id":"https:\/\/comixburo.com\/produit\/orphelin-de-perdide-tome-2\/","url":"https:\/\/comixburo.com\/produit\/orphelin-de-perdide-tome-2\/","name":"L'orphelin de Perdide - tome 2 - comixburo.com","isPartOf":{"@id":"https:\/\/comixburo.com\/#website"},"primaryImageOfPage":{"@id":"https:\/\/comixburo.com\/produit\/orphelin-de-perdide-tome-2\/#primaryimage"},"image":{"@id":"https:\/\/comixburo.com\/produit\/orphelin-de-perdide-tome-2\/#primaryimage"},"thumbnailUrl":"https:\/\/comixburo.com\/wp-content\/uploads\/2024\/10\/l-orphelin-de-perdide-tome-2-Comix-Buro.webp","datePublished":"2024-10-28T15:42:10+00:00","dateModified":"2025-05-06T09:13:57+00:00","description":"L'orphelin de perdide tome 2- Max part \u00e0 la rescousse de Belle et Silbad, mais en voyageant vers Perdide, il risque d'alt\u00e9rer le temps.","breadcrumb":{"@id":"https:\/\/comixburo.com\/produit\/orphelin-de-perdide-tome-2\/#breadcrumb"},"inLanguage":"en-GB","potentialAction":[{"@type":"ReadAction","target":["https:\/\/comixburo.com\/produit\/orphelin-de-perdide-tome-2\/"]}]},{"@type":"ImageObject","inLanguage":"en-GB","@id":"https:\/\/comixburo.com\/produit\/orphelin-de-perdide-tome-2\/#primaryimage","url":"https:\/\/comixburo.com\/wp-content\/uploads\/2024\/10\/l-orphelin-de-perdide-tome-2-Comix-Buro.webp","contentUrl":"https:\/\/comixburo.com\/wp-content\/uploads\/2024\/10\/l-orphelin-de-perdide-tome-2-Comix-Buro.webp","width":600,"height":800,"caption":"Couverture de l'orphelin de perdide tome 2"},{"@type":"BreadcrumbList","@id":"https:\/\/comixburo.com\/produit\/orphelin-de-perdide-tome-2\/#breadcrumb","itemListElement":[{"@type":"ListItem","position":1,"name":"Home","item":"https:\/\/comixburo.com\/"},{"@type":"ListItem","position":2,"name":"La boutique Comix Buro","item":"https:\/\/comixburo.com\/la-boutique-comix-buro\/"},{"@type":"ListItem","position":3,"name":"L&rsquo;orphelin de Perdide &#8211; tome 2"}]},{"@type":"WebSite","@id":"https:\/\/comixburo.com\/#website","url":"https:\/\/comixburo.com\/","name":"comixburo.com","description":"Cr\u00e9ateur de projets : Sketchbook d&#039;artistes !","publisher":{"@id":"https:\/\/comixburo.com\/#organization"},"alternateName":"Comix Buro","potentialAction":[{"@type":"SearchAction","target":{"@type":"EntryPoint","urlTemplate":"https:\/\/comixburo.com\/?s={search_term_string}"},"query-input":{"@type":"PropertyValueSpecification","valueRequired":true,"valueName":"search_term_string"}}],"inLanguage":"en-GB"},{"@type":"Organization","@id":"https:\/\/comixburo.com\/#organization","name":"comixburo.com","url":"https:\/\/comixburo.com\/","logo":{"@type":"ImageObject","inLanguage":"en-GB","@id":"https:\/\/comixburo.com\/#\/schema\/logo\/image\/","url":"https:\/\/comixburo.com\/wp-content\/uploads\/2025\/04\/logo-cxb-ROND.webp","contentUrl":"https:\/\/comixburo.com\/wp-content\/uploads\/2025\/04\/logo-cxb-ROND.webp","width":200,"height":200,"caption":"comixburo.com"},"image":{"@id":"https:\/\/comixburo.com\/#\/schema\/logo\/image\/"},"sameAs":["https:\/\/www.facebook.com\/comixburo","https:\/\/www.instagram.com\/comixburo\/"]}]}},"jetpack_sharing_enabled":true,"_links":{"self":[{"href":"https:\/\/comixburo.com\/en\/wp-json\/wp\/v2\/product\/16323","targetHints":{"allow":["GET"]}}],"collection":[{"href":"https:\/\/comixburo.com\/en\/wp-json\/wp\/v2\/product"}],"about":[{"href":"https:\/\/comixburo.com\/en\/wp-json\/wp\/v2\/types\/product"}],"replies":[{"embeddable":true,"href":"https:\/\/comixburo.com\/en\/wp-json\/wp\/v2\/comments?post=16323"}],"version-history":[{"count":3,"href":"https:\/\/comixburo.com\/en\/wp-json\/wp\/v2\/product\/16323\/revisions"}],"predecessor-version":[{"id":19675,"href":"https:\/\/comixburo.com\/en\/wp-json\/wp\/v2\/product\/16323\/revisions\/19675"}],"wp:featuredmedia":[{"embeddable":true,"href":"https:\/\/comixburo.com\/en\/wp-json\/wp\/v2\/media\/16030"}],"wp:attachment":[{"href":"https:\/\/comixburo.com\/en\/wp-json\/wp\/v2\/media?parent=16323"}],"wp:term":[{"taxonomy":"product_brand","embeddable":true,"href":"https:\/\/comixburo.com\/en\/wp-json\/wp\/v2\/product_brand?post=16323"},{"taxonomy":"product_cat","embeddable":true,"href":"https:\/\/comixburo.com\/en\/wp-json\/wp\/v2\/product_cat?post=16323"},{"taxonomy":"product_tag","embeddable":true,"href":"https:\/\/comixburo.com\/en\/wp-json\/wp\/v2\/product_tag?post=16323"}],"curies":[{"name":"wp","href":"https:\/\/api.w.org\/{rel}","templated":true}]}}