{"id":16327,"date":"2024-10-28T16:50:59","date_gmt":"2024-10-28T15:50:59","guid":{"rendered":"https:\/\/comixburo.com\/?post_type=product&#038;p=16327"},"modified":"2025-05-06T11:13:57","modified_gmt":"2025-05-06T09:13:57","slug":"la-veritable-histoire-des-franges","status":"publish","type":"product","link":"https:\/\/comixburo.com\/en\/product\/la-veritable-histoire-des-franges\/","title":{"rendered":"La v\u00e9ritable histoire des franges"},"content":{"rendered":"<h2 data-start=\"87\" data-end=\"140\">La veritable histoire des franges<\/h2>\n<h3 data-start=\"87\" data-end=\"140\"><strong data-start=\"87\" data-end=\"140\">Et si Les Franges \u00e9taient \u00e0 l\u2019origine de Mai 68 ?<\/strong><\/h3>\n<p class=\"\" data-start=\"142\" data-end=\"484\">Paris, Mai 1968. Le groupe de rock espagnol <strong data-start=\"186\" data-end=\"201\">Les Franges<\/strong> se produit lors d\u2019une manifestation \u00e0 La Sorbonne. Leur chanson <strong data-start=\"266\" data-end=\"295\">\u00ab\u00a0Je ne suis pas un clown\u00a0\u00bb<\/strong> enflamme la foule, provoquant col\u00e8re et r\u00e9bellion. Les membres du groupe se retrouvent pris dans une <strong data-start=\"397\" data-end=\"417\">course poursuite<\/strong> au Quartier Latin, devenant les cibles d\u2019une \u00e9trange manipulation.<\/p>\n<p class=\"\" data-start=\"486\" data-end=\"807\">Cinquante ans plus tard, <strong data-start=\"511\" data-end=\"527\">Benoit Gamin<\/strong>, passionn\u00e9 de <strong data-start=\"542\" data-end=\"564\">rock des ann\u00e9es 60<\/strong>, enqu\u00eate sur ce groupe disparu. <strong data-start=\"597\" data-end=\"631\">Que sont devenus Les Franges ?<\/strong> Et si leur musique \u00e9tait \u00e0 l\u2019origine des \u00e9v\u00e9nements de Mai 1968 ? Un myst\u00e9rieux email sign\u00e9 par le <strong data-start=\"731\" data-end=\"744\">5e Frange<\/strong> pousse Benoit \u00e0 consulter les archives secr\u00e8tes sur le groupe.<\/p>\n<p class=\"\" data-start=\"809\" data-end=\"1000\">\u00c0 travers ce r\u00e9cit fictif, <a href=\"https:\/\/www.instagram.com\/juanjeeteeee\/\"><strong data-start=\"836\" data-end=\"856\">Juanjo Rodriguez<\/strong><\/a> nous plonge dans l\u2019effervescence de Mai 1968, m\u00ealant <strong data-start=\"910\" data-end=\"926\">musique rock<\/strong> et <strong data-start=\"930\" data-end=\"941\">libert\u00e9<\/strong>. Un souffle de r\u00e9volte port\u00e9 par des <strong data-start=\"979\" data-end=\"999\">riffs de guitare<\/strong>.<\/p>\n<p data-start=\"809\" data-end=\"1000\">\u00c9dit\u00e9 sous le label <a href=\"https:\/\/comixburo.com\/en\/\">Comix Buro<\/a>.<\/p>","protected":false},"excerpt":{"rendered":"<p>En Mai 1968, le groupe de rock <strong data-start=\"31\" data-end=\"46\">Les Franges<\/strong> provoque l\u2019indignation avec leur chanson <strong data-start=\"88\" data-end=\"117\">\u00ab\u00a0Je ne suis pas un clown\u00a0\u00bb<\/strong> \u00e0 la Sorbonne. Prisonniers d\u2019une <strong data-start=\"151\" data-end=\"171\">course-poursuite<\/strong> et manipul\u00e9s, leurs actions marquent l\u2019histoire. 50 ans plus tard, Benoit Gamin enqu\u00eate sur leur r\u00f4le cach\u00e9 dans les \u00e9v\u00e9nements.<\/p>","protected":false},"featured_media":16028,"comment_status":"open","ping_status":"closed","template":"","meta":[],"product_brand":[108],"product_cat":[97,110,94,93],"product_tag":[],"class_list":{"0":"post-16327","1":"product","2":"type-product","3":"status-publish","4":"has-post-thumbnail","6":"product_brand-comix-buro","7":"product_cat-bd","8":"product_cat-comix-buro","9":"product_cat-one-shots","10":"product_cat-tous","12":"first","13":"instock","14":"taxable","15":"shipping-taxable","16":"purchasable","17":"product-type-simple"},"yoast_head":"<!-- This site is optimized with the Yoast SEO plugin v26.9 - https:\/\/yoast.com\/product\/yoast-seo-wordpress\/ -->\n<title>La v\u00e9ritable histoire des franges - comixburo.com<\/title>\n<meta name=\"description\" content=\"En Mai 1968, le groupe de rock Les Franges enflamme la Sorbonne et d\u00e9clenche la r\u00e9volte. Benoit Gamin enqu\u00eate sur leur r\u00f4le cach\u00e9 dans les \u00e9v\u00e9nements.\" \/>\n<meta name=\"robots\" content=\"index, follow, max-snippet:-1, max-image-preview:large, max-video-preview:-1\" \/>\n<link rel=\"canonical\" href=\"https:\/\/comixburo.com\/en\/product\/la-veritable-histoire-des-franges\/\" \/>\n<meta property=\"og:locale\" content=\"en_GB\" \/>\n<meta property=\"og:type\" content=\"article\" \/>\n<meta property=\"og:title\" content=\"La v\u00e9ritable histoire des franges - comixburo.com\" \/>\n<meta property=\"og:description\" content=\"En Mai 1968, le groupe de rock Les Franges enflamme la Sorbonne et d\u00e9clenche la r\u00e9volte. Benoit Gamin enqu\u00eate sur leur r\u00f4le cach\u00e9 dans les \u00e9v\u00e9nements.\" \/>\n<meta property=\"og:url\" content=\"https:\/\/comixburo.com\/en\/product\/la-veritable-histoire-des-franges\/\" \/>\n<meta property=\"og:site_name\" content=\"comixburo.com\" \/>\n<meta property=\"article:publisher\" content=\"https:\/\/www.facebook.com\/comixburo\" \/>\n<meta property=\"article:modified_time\" content=\"2025-05-06T09:13:57+00:00\" \/>\n<meta property=\"og:image\" content=\"https:\/\/comixburo.com\/wp-content\/uploads\/2024\/10\/La-veritable-histoire-des-franges-Comix-Buro.webp\" \/>\n\t<meta property=\"og:image:width\" content=\"600\" \/>\n\t<meta property=\"og:image:height\" content=\"817\" \/>\n\t<meta property=\"og:image:type\" content=\"image\/webp\" \/>\n<meta name=\"twitter:card\" content=\"summary_large_image\" \/>\n<meta name=\"twitter:label1\" content=\"Estimated reading time\" \/>\n\t<meta name=\"twitter:data1\" content=\"1 minute\" \/>\n<script type=\"application\/ld+json\" class=\"yoast-schema-graph\">{\"@context\":\"https:\/\/schema.org\",\"@graph\":[{\"@type\":\"WebPage\",\"@id\":\"https:\/\/comixburo.com\/produit\/la-veritable-histoire-des-franges\/\",\"url\":\"https:\/\/comixburo.com\/produit\/la-veritable-histoire-des-franges\/\",\"name\":\"La v\u00e9ritable histoire des franges - comixburo.com\",\"isPartOf\":{\"@id\":\"https:\/\/comixburo.com\/#website\"},\"primaryImageOfPage\":{\"@id\":\"https:\/\/comixburo.com\/produit\/la-veritable-histoire-des-franges\/#primaryimage\"},\"image\":{\"@id\":\"https:\/\/comixburo.com\/produit\/la-veritable-histoire-des-franges\/#primaryimage\"},\"thumbnailUrl\":\"https:\/\/comixburo.com\/wp-content\/uploads\/2024\/10\/La-veritable-histoire-des-franges-Comix-Buro.webp\",\"datePublished\":\"2024-10-28T15:50:59+00:00\",\"dateModified\":\"2025-05-06T09:13:57+00:00\",\"description\":\"En Mai 1968, le groupe de rock Les Franges enflamme la Sorbonne et d\u00e9clenche la r\u00e9volte. Benoit Gamin enqu\u00eate sur leur r\u00f4le cach\u00e9 dans les \u00e9v\u00e9nements.\",\"breadcrumb\":{\"@id\":\"https:\/\/comixburo.com\/produit\/la-veritable-histoire-des-franges\/#breadcrumb\"},\"inLanguage\":\"en-GB\",\"potentialAction\":[{\"@type\":\"ReadAction\",\"target\":[\"https:\/\/comixburo.com\/produit\/la-veritable-histoire-des-franges\/\"]}]},{\"@type\":\"ImageObject\",\"inLanguage\":\"en-GB\",\"@id\":\"https:\/\/comixburo.com\/produit\/la-veritable-histoire-des-franges\/#primaryimage\",\"url\":\"https:\/\/comixburo.com\/wp-content\/uploads\/2024\/10\/La-veritable-histoire-des-franges-Comix-Buro.webp\",\"contentUrl\":\"https:\/\/comixburo.com\/wp-content\/uploads\/2024\/10\/La-veritable-histoire-des-franges-Comix-Buro.webp\",\"width\":600,\"height\":817,\"caption\":\"Couverture de la v\u00e9ritable histoire des franges\"},{\"@type\":\"BreadcrumbList\",\"@id\":\"https:\/\/comixburo.com\/produit\/la-veritable-histoire-des-franges\/#breadcrumb\",\"itemListElement\":[{\"@type\":\"ListItem\",\"position\":1,\"name\":\"Home\",\"item\":\"https:\/\/comixburo.com\/\"},{\"@type\":\"ListItem\",\"position\":2,\"name\":\"La boutique Comix Buro\",\"item\":\"https:\/\/comixburo.com\/la-boutique-comix-buro\/\"},{\"@type\":\"ListItem\",\"position\":3,\"name\":\"La v\u00e9ritable histoire des franges\"}]},{\"@type\":\"WebSite\",\"@id\":\"https:\/\/comixburo.com\/#website\",\"url\":\"https:\/\/comixburo.com\/\",\"name\":\"comixburo.com\",\"description\":\"Cr\u00e9ateur de projets : Sketchbook d&#039;artistes !\",\"publisher\":{\"@id\":\"https:\/\/comixburo.com\/#organization\"},\"alternateName\":\"Comix Buro\",\"potentialAction\":[{\"@type\":\"SearchAction\",\"target\":{\"@type\":\"EntryPoint\",\"urlTemplate\":\"https:\/\/comixburo.com\/?s={search_term_string}\"},\"query-input\":{\"@type\":\"PropertyValueSpecification\",\"valueRequired\":true,\"valueName\":\"search_term_string\"}}],\"inLanguage\":\"en-GB\"},{\"@type\":\"Organization\",\"@id\":\"https:\/\/comixburo.com\/#organization\",\"name\":\"comixburo.com\",\"url\":\"https:\/\/comixburo.com\/\",\"logo\":{\"@type\":\"ImageObject\",\"inLanguage\":\"en-GB\",\"@id\":\"https:\/\/comixburo.com\/#\/schema\/logo\/image\/\",\"url\":\"https:\/\/comixburo.com\/wp-content\/uploads\/2025\/04\/logo-cxb-ROND.webp\",\"contentUrl\":\"https:\/\/comixburo.com\/wp-content\/uploads\/2025\/04\/logo-cxb-ROND.webp\",\"width\":200,\"height\":200,\"caption\":\"comixburo.com\"},\"image\":{\"@id\":\"https:\/\/comixburo.com\/#\/schema\/logo\/image\/\"},\"sameAs\":[\"https:\/\/www.facebook.com\/comixburo\",\"https:\/\/www.instagram.com\/comixburo\/\"]}]}<\/script>\n<!-- \/ Yoast SEO plugin. -->","yoast_head_json":{"title":"La v\u00e9ritable histoire des franges - comixburo.com","description":"En Mai 1968, le groupe de rock Les Franges enflamme la Sorbonne et d\u00e9clenche la r\u00e9volte. Benoit Gamin enqu\u00eate sur leur r\u00f4le cach\u00e9 dans les \u00e9v\u00e9nements.","robots":{"index":"index","follow":"follow","max-snippet":"max-snippet:-1","max-image-preview":"max-image-preview:large","max-video-preview":"max-video-preview:-1"},"canonical":"https:\/\/comixburo.com\/en\/product\/la-veritable-histoire-des-franges\/","og_locale":"en_GB","og_type":"article","og_title":"La v\u00e9ritable histoire des franges - comixburo.com","og_description":"En Mai 1968, le groupe de rock Les Franges enflamme la Sorbonne et d\u00e9clenche la r\u00e9volte. Benoit Gamin enqu\u00eate sur leur r\u00f4le cach\u00e9 dans les \u00e9v\u00e9nements.","og_url":"https:\/\/comixburo.com\/en\/product\/la-veritable-histoire-des-franges\/","og_site_name":"comixburo.com","article_publisher":"https:\/\/www.facebook.com\/comixburo","article_modified_time":"2025-05-06T09:13:57+00:00","og_image":[{"width":600,"height":817,"url":"https:\/\/comixburo.com\/wp-content\/uploads\/2024\/10\/La-veritable-histoire-des-franges-Comix-Buro.webp","type":"image\/webp"}],"twitter_card":"summary_large_image","twitter_misc":{"Estimated reading time":"1 minute"},"schema":{"@context":"https:\/\/schema.org","@graph":[{"@type":"WebPage","@id":"https:\/\/comixburo.com\/produit\/la-veritable-histoire-des-franges\/","url":"https:\/\/comixburo.com\/produit\/la-veritable-histoire-des-franges\/","name":"La v\u00e9ritable histoire des franges - comixburo.com","isPartOf":{"@id":"https:\/\/comixburo.com\/#website"},"primaryImageOfPage":{"@id":"https:\/\/comixburo.com\/produit\/la-veritable-histoire-des-franges\/#primaryimage"},"image":{"@id":"https:\/\/comixburo.com\/produit\/la-veritable-histoire-des-franges\/#primaryimage"},"thumbnailUrl":"https:\/\/comixburo.com\/wp-content\/uploads\/2024\/10\/La-veritable-histoire-des-franges-Comix-Buro.webp","datePublished":"2024-10-28T15:50:59+00:00","dateModified":"2025-05-06T09:13:57+00:00","description":"En Mai 1968, le groupe de rock Les Franges enflamme la Sorbonne et d\u00e9clenche la r\u00e9volte. Benoit Gamin enqu\u00eate sur leur r\u00f4le cach\u00e9 dans les \u00e9v\u00e9nements.","breadcrumb":{"@id":"https:\/\/comixburo.com\/produit\/la-veritable-histoire-des-franges\/#breadcrumb"},"inLanguage":"en-GB","potentialAction":[{"@type":"ReadAction","target":["https:\/\/comixburo.com\/produit\/la-veritable-histoire-des-franges\/"]}]},{"@type":"ImageObject","inLanguage":"en-GB","@id":"https:\/\/comixburo.com\/produit\/la-veritable-histoire-des-franges\/#primaryimage","url":"https:\/\/comixburo.com\/wp-content\/uploads\/2024\/10\/La-veritable-histoire-des-franges-Comix-Buro.webp","contentUrl":"https:\/\/comixburo.com\/wp-content\/uploads\/2024\/10\/La-veritable-histoire-des-franges-Comix-Buro.webp","width":600,"height":817,"caption":"Couverture de la v\u00e9ritable histoire des franges"},{"@type":"BreadcrumbList","@id":"https:\/\/comixburo.com\/produit\/la-veritable-histoire-des-franges\/#breadcrumb","itemListElement":[{"@type":"ListItem","position":1,"name":"Home","item":"https:\/\/comixburo.com\/"},{"@type":"ListItem","position":2,"name":"La boutique Comix Buro","item":"https:\/\/comixburo.com\/la-boutique-comix-buro\/"},{"@type":"ListItem","position":3,"name":"La v\u00e9ritable histoire des franges"}]},{"@type":"WebSite","@id":"https:\/\/comixburo.com\/#website","url":"https:\/\/comixburo.com\/","name":"comixburo.com","description":"Cr\u00e9ateur de projets : Sketchbook d&#039;artistes !","publisher":{"@id":"https:\/\/comixburo.com\/#organization"},"alternateName":"Comix Buro","potentialAction":[{"@type":"SearchAction","target":{"@type":"EntryPoint","urlTemplate":"https:\/\/comixburo.com\/?s={search_term_string}"},"query-input":{"@type":"PropertyValueSpecification","valueRequired":true,"valueName":"search_term_string"}}],"inLanguage":"en-GB"},{"@type":"Organization","@id":"https:\/\/comixburo.com\/#organization","name":"comixburo.com","url":"https:\/\/comixburo.com\/","logo":{"@type":"ImageObject","inLanguage":"en-GB","@id":"https:\/\/comixburo.com\/#\/schema\/logo\/image\/","url":"https:\/\/comixburo.com\/wp-content\/uploads\/2025\/04\/logo-cxb-ROND.webp","contentUrl":"https:\/\/comixburo.com\/wp-content\/uploads\/2025\/04\/logo-cxb-ROND.webp","width":200,"height":200,"caption":"comixburo.com"},"image":{"@id":"https:\/\/comixburo.com\/#\/schema\/logo\/image\/"},"sameAs":["https:\/\/www.facebook.com\/comixburo","https:\/\/www.instagram.com\/comixburo\/"]}]}},"jetpack_sharing_enabled":true,"_links":{"self":[{"href":"https:\/\/comixburo.com\/en\/wp-json\/wp\/v2\/product\/16327","targetHints":{"allow":["GET"]}}],"collection":[{"href":"https:\/\/comixburo.com\/en\/wp-json\/wp\/v2\/product"}],"about":[{"href":"https:\/\/comixburo.com\/en\/wp-json\/wp\/v2\/types\/product"}],"replies":[{"embeddable":true,"href":"https:\/\/comixburo.com\/en\/wp-json\/wp\/v2\/comments?post=16327"}],"version-history":[{"count":3,"href":"https:\/\/comixburo.com\/en\/wp-json\/wp\/v2\/product\/16327\/revisions"}],"predecessor-version":[{"id":19671,"href":"https:\/\/comixburo.com\/en\/wp-json\/wp\/v2\/product\/16327\/revisions\/19671"}],"wp:featuredmedia":[{"embeddable":true,"href":"https:\/\/comixburo.com\/en\/wp-json\/wp\/v2\/media\/16028"}],"wp:attachment":[{"href":"https:\/\/comixburo.com\/en\/wp-json\/wp\/v2\/media?parent=16327"}],"wp:term":[{"taxonomy":"product_brand","embeddable":true,"href":"https:\/\/comixburo.com\/en\/wp-json\/wp\/v2\/product_brand?post=16327"},{"taxonomy":"product_cat","embeddable":true,"href":"https:\/\/comixburo.com\/en\/wp-json\/wp\/v2\/product_cat?post=16327"},{"taxonomy":"product_tag","embeddable":true,"href":"https:\/\/comixburo.com\/en\/wp-json\/wp\/v2\/product_tag?post=16327"}],"curies":[{"name":"wp","href":"https:\/\/api.w.org\/{rel}","templated":true}]}}