{"id":16329,"date":"2024-10-28T17:03:31","date_gmt":"2024-10-28T16:03:31","guid":{"rendered":"https:\/\/comixburo.com\/?post_type=product&#038;p=16329"},"modified":"2025-05-06T11:13:57","modified_gmt":"2025-05-06T09:13:57","slug":"la-tour-tome-2","status":"publish","type":"product","link":"https:\/\/comixburo.com\/en\/product\/la-tour-tome-2\/","title":{"rendered":"La tour &#8211; tome 2"},"content":{"rendered":"<h2 data-start=\"92\" data-end=\"122\"><strong data-start=\"92\" data-end=\"122\">L\u2019espoir meurt en dernier\u2026<\/strong><\/h2>\n<p class=\"\" data-start=\"124\" data-end=\"344\">En 2072, l\u2019humanit\u00e9 survit dans une <strong data-start=\"160\" data-end=\"176\">immense tour<\/strong> apr\u00e8s qu\u2019une <strong data-start=\"190\" data-end=\"202\">bact\u00e9rie<\/strong> a d\u00e9cim\u00e9 presque toute la civilisation. Seuls <strong data-start=\"249\" data-end=\"268\">2746 survivants<\/strong> restent. Ils vivent en hauteur, avec un unique espace vert : <strong data-start=\"330\" data-end=\"342\">la serre<\/strong>.<\/p>\n<p class=\"\" data-start=\"346\" data-end=\"675\">Lorsqu&rsquo;une <strong data-start=\"357\" data-end=\"370\">explosion<\/strong> d\u00e9truit la serre, les tensions entre les <strong data-start=\"412\" data-end=\"423\">Anciens<\/strong> et les <strong data-start=\"431\" data-end=\"441\">Intras<\/strong> s\u2019intensifient. Les <strong data-start=\"462\" data-end=\"473\">Anciens<\/strong>, qui ont connu le monde d\u2019avant, sont soutenus par l\u2019<strong data-start=\"527\" data-end=\"540\">IA Newton<\/strong>. Les <strong data-start=\"546\" data-end=\"556\">Intras<\/strong>, n\u00e9s dans la tour, cherchent \u00e0 se lib\u00e9rer du contr\u00f4le des a\u00een\u00e9s. Le fragile \u00e9quilibre entre les deux groupes se brise.<\/p>\n<p class=\"\" data-start=\"677\" data-end=\"925\">La p\u00e9nurie qui menace la tour ravive les conflits. Dans ce climat explosif, <strong data-start=\"753\" data-end=\"763\">Aatami<\/strong>, jeune <strong data-start=\"771\" data-end=\"780\">Intra<\/strong>, se lance dans une exp\u00e9dition<strong data-start=\"800\" data-end=\"826\">\u00a0audacieuse<\/strong> : le \u00ab\u00a0grand voyage\u00a0\u00bb au-del\u00e0 des terres d\u00e9vast\u00e9es. Son p\u00e8re a tent\u00e9 la m\u00eame aventure\u2026 et est mort.<\/p>\n<p class=\"\" data-start=\"927\" data-end=\"998\">Coup\u00e9 de Newton, <strong data-start=\"944\" data-end=\"954\">Aatami<\/strong> se retrouve seul, face \u00e0 un monde inconnu.<\/p>\n<p data-start=\"927\" data-end=\"998\"><strong data-start=\"1207\" data-end=\"1218\">La Tour<\/strong> est un r\u00e9cit d\u2019anticipation puissant. Il explore la survie, la m\u00e9moire collective et le\u00a0<strong data-start=\"1308\" data-end=\"1337\">conflit entre g\u00e9n\u00e9rations<\/strong>. Inspir\u00e9 de\u00a0<em data-start=\"1350\" data-end=\"1363\">Snowpiercer<\/em>\u00a0et\u00a0<em data-start=\"1367\" data-end=\"1388\">Je suis une l\u00e9gende<\/em>, ce premier tome pose les bases d\u2019un\u00a0<strong data-start=\"1426\" data-end=\"1447\"><a href=\"https:\/\/comixburo.com\/en\/product-category\/bd\/la-tour\/\">triptyque<\/a>\u00a0intense<\/strong>, \u00e9crit par\u00a0<a href=\"https:\/\/www.instagram.com\/jankounen\/\"><strong data-start=\"1459\" data-end=\"1473\">Jan Kounen<\/strong><\/a>,\u00a0<a href=\"https:\/\/www.linkedin.com\/in\/omar-ladgham-3b17a066\/?originalSubdomain=fr\"><strong data-start=\"1475\" data-end=\"1491\">Omar Ladgham<\/strong><\/a>\u00a0et\u00a0<strong data-start=\"1495\" data-end=\"1505\">Mr Fab<\/strong>.<\/p>","protected":false},"excerpt":{"rendered":"<p>Apr\u00e8s l\u2019explosion de la serre, l\u2019\u00e9quilibre fragile de la tour se brise. La tension entre Anciens et Intras monte en fl\u00e8che. Coup\u00e9 de l\u2019IA Newton, Aatami s\u2019aventure au-del\u00e0 des murs. Un deuxi\u00e8me tome haletant, o\u00f9 r\u00e9volte et survie red\u00e9finissent l\u2019avenir de l\u2019humanit\u00e9.<\/p>","protected":false},"featured_media":16027,"comment_status":"open","ping_status":"closed","template":"","meta":[],"product_brand":[108],"product_cat":[97,110,90,93],"product_tag":[],"class_list":{"0":"post-16329","1":"product","2":"type-product","3":"status-publish","4":"has-post-thumbnail","6":"product_brand-comix-buro","7":"product_cat-bd","8":"product_cat-comix-buro","9":"product_cat-la-tour","10":"product_cat-tous","12":"first","13":"instock","14":"taxable","15":"shipping-taxable","16":"purchasable","17":"product-type-simple"},"yoast_head":"<!-- This site is optimized with the Yoast SEO plugin v26.9 - https:\/\/yoast.com\/product\/yoast-seo-wordpress\/ -->\n<title>La tour - tome 2 - comixburo.com<\/title>\n<meta name=\"description\" content=\"En 2042, les survivants vivent dans une tour g\u00e9r\u00e9e par une IA. Aatami, jeune chasseur, r\u00eave de libert\u00e9. Un r\u00e9cit SF entre survie, tension et r\u00e9volte.\" \/>\n<meta name=\"robots\" content=\"index, follow, max-snippet:-1, max-image-preview:large, max-video-preview:-1\" \/>\n<link rel=\"canonical\" href=\"https:\/\/comixburo.com\/en\/product\/la-tour-tome-2\/\" \/>\n<meta property=\"og:locale\" content=\"en_GB\" \/>\n<meta property=\"og:type\" content=\"article\" \/>\n<meta property=\"og:title\" content=\"La tour - tome 2 - comixburo.com\" \/>\n<meta property=\"og:description\" content=\"En 2042, les survivants vivent dans une tour g\u00e9r\u00e9e par une IA. Aatami, jeune chasseur, r\u00eave de libert\u00e9. Un r\u00e9cit SF entre survie, tension et r\u00e9volte.\" \/>\n<meta property=\"og:url\" content=\"https:\/\/comixburo.com\/en\/product\/la-tour-tome-2\/\" \/>\n<meta property=\"og:site_name\" content=\"comixburo.com\" \/>\n<meta property=\"article:publisher\" content=\"https:\/\/www.facebook.com\/comixburo\" \/>\n<meta property=\"article:modified_time\" content=\"2025-05-06T09:13:57+00:00\" \/>\n<meta property=\"og:image\" content=\"https:\/\/comixburo.com\/wp-content\/uploads\/2024\/10\/la-tour-tome-2-Comix-Buro.webp\" \/>\n\t<meta property=\"og:image:width\" content=\"600\" \/>\n\t<meta property=\"og:image:height\" content=\"800\" \/>\n\t<meta property=\"og:image:type\" content=\"image\/webp\" \/>\n<meta name=\"twitter:card\" content=\"summary_large_image\" \/>\n<meta name=\"twitter:label1\" content=\"Estimated reading time\" \/>\n\t<meta name=\"twitter:data1\" content=\"2 minutes\" \/>\n<script type=\"application\/ld+json\" class=\"yoast-schema-graph\">{\"@context\":\"https:\/\/schema.org\",\"@graph\":[{\"@type\":\"WebPage\",\"@id\":\"https:\/\/comixburo.com\/produit\/la-tour-tome-2\/\",\"url\":\"https:\/\/comixburo.com\/produit\/la-tour-tome-2\/\",\"name\":\"La tour - tome 2 - comixburo.com\",\"isPartOf\":{\"@id\":\"https:\/\/comixburo.com\/#website\"},\"primaryImageOfPage\":{\"@id\":\"https:\/\/comixburo.com\/produit\/la-tour-tome-2\/#primaryimage\"},\"image\":{\"@id\":\"https:\/\/comixburo.com\/produit\/la-tour-tome-2\/#primaryimage\"},\"thumbnailUrl\":\"https:\/\/comixburo.com\/wp-content\/uploads\/2024\/10\/la-tour-tome-2-Comix-Buro.webp\",\"datePublished\":\"2024-10-28T16:03:31+00:00\",\"dateModified\":\"2025-05-06T09:13:57+00:00\",\"description\":\"En 2042, les survivants vivent dans une tour g\u00e9r\u00e9e par une IA. Aatami, jeune chasseur, r\u00eave de libert\u00e9. Un r\u00e9cit SF entre survie, tension et r\u00e9volte.\",\"breadcrumb\":{\"@id\":\"https:\/\/comixburo.com\/produit\/la-tour-tome-2\/#breadcrumb\"},\"inLanguage\":\"en-GB\",\"potentialAction\":[{\"@type\":\"ReadAction\",\"target\":[\"https:\/\/comixburo.com\/produit\/la-tour-tome-2\/\"]}]},{\"@type\":\"ImageObject\",\"inLanguage\":\"en-GB\",\"@id\":\"https:\/\/comixburo.com\/produit\/la-tour-tome-2\/#primaryimage\",\"url\":\"https:\/\/comixburo.com\/wp-content\/uploads\/2024\/10\/la-tour-tome-2-Comix-Buro.webp\",\"contentUrl\":\"https:\/\/comixburo.com\/wp-content\/uploads\/2024\/10\/la-tour-tome-2-Comix-Buro.webp\",\"width\":600,\"height\":800,\"caption\":\"Couverture du tome 2 de La Tour\"},{\"@type\":\"BreadcrumbList\",\"@id\":\"https:\/\/comixburo.com\/produit\/la-tour-tome-2\/#breadcrumb\",\"itemListElement\":[{\"@type\":\"ListItem\",\"position\":1,\"name\":\"Home\",\"item\":\"https:\/\/comixburo.com\/\"},{\"@type\":\"ListItem\",\"position\":2,\"name\":\"La boutique Comix Buro\",\"item\":\"https:\/\/comixburo.com\/la-boutique-comix-buro\/\"},{\"@type\":\"ListItem\",\"position\":3,\"name\":\"La tour &#8211; tome 2\"}]},{\"@type\":\"WebSite\",\"@id\":\"https:\/\/comixburo.com\/#website\",\"url\":\"https:\/\/comixburo.com\/\",\"name\":\"comixburo.com\",\"description\":\"Cr\u00e9ateur de projets : Sketchbook d&#039;artistes !\",\"publisher\":{\"@id\":\"https:\/\/comixburo.com\/#organization\"},\"alternateName\":\"Comix Buro\",\"potentialAction\":[{\"@type\":\"SearchAction\",\"target\":{\"@type\":\"EntryPoint\",\"urlTemplate\":\"https:\/\/comixburo.com\/?s={search_term_string}\"},\"query-input\":{\"@type\":\"PropertyValueSpecification\",\"valueRequired\":true,\"valueName\":\"search_term_string\"}}],\"inLanguage\":\"en-GB\"},{\"@type\":\"Organization\",\"@id\":\"https:\/\/comixburo.com\/#organization\",\"name\":\"comixburo.com\",\"url\":\"https:\/\/comixburo.com\/\",\"logo\":{\"@type\":\"ImageObject\",\"inLanguage\":\"en-GB\",\"@id\":\"https:\/\/comixburo.com\/#\/schema\/logo\/image\/\",\"url\":\"https:\/\/comixburo.com\/wp-content\/uploads\/2025\/04\/logo-cxb-ROND.webp\",\"contentUrl\":\"https:\/\/comixburo.com\/wp-content\/uploads\/2025\/04\/logo-cxb-ROND.webp\",\"width\":200,\"height\":200,\"caption\":\"comixburo.com\"},\"image\":{\"@id\":\"https:\/\/comixburo.com\/#\/schema\/logo\/image\/\"},\"sameAs\":[\"https:\/\/www.facebook.com\/comixburo\",\"https:\/\/www.instagram.com\/comixburo\/\"]}]}<\/script>\n<!-- \/ Yoast SEO plugin. -->","yoast_head_json":{"title":"La tour - tome 2 - comixburo.com","description":"En 2042, les survivants vivent dans une tour g\u00e9r\u00e9e par une IA. Aatami, jeune chasseur, r\u00eave de libert\u00e9. Un r\u00e9cit SF entre survie, tension et r\u00e9volte.","robots":{"index":"index","follow":"follow","max-snippet":"max-snippet:-1","max-image-preview":"max-image-preview:large","max-video-preview":"max-video-preview:-1"},"canonical":"https:\/\/comixburo.com\/en\/product\/la-tour-tome-2\/","og_locale":"en_GB","og_type":"article","og_title":"La tour - tome 2 - comixburo.com","og_description":"En 2042, les survivants vivent dans une tour g\u00e9r\u00e9e par une IA. Aatami, jeune chasseur, r\u00eave de libert\u00e9. Un r\u00e9cit SF entre survie, tension et r\u00e9volte.","og_url":"https:\/\/comixburo.com\/en\/product\/la-tour-tome-2\/","og_site_name":"comixburo.com","article_publisher":"https:\/\/www.facebook.com\/comixburo","article_modified_time":"2025-05-06T09:13:57+00:00","og_image":[{"width":600,"height":800,"url":"https:\/\/comixburo.com\/wp-content\/uploads\/2024\/10\/la-tour-tome-2-Comix-Buro.webp","type":"image\/webp"}],"twitter_card":"summary_large_image","twitter_misc":{"Estimated reading time":"2 minutes"},"schema":{"@context":"https:\/\/schema.org","@graph":[{"@type":"WebPage","@id":"https:\/\/comixburo.com\/produit\/la-tour-tome-2\/","url":"https:\/\/comixburo.com\/produit\/la-tour-tome-2\/","name":"La tour - tome 2 - comixburo.com","isPartOf":{"@id":"https:\/\/comixburo.com\/#website"},"primaryImageOfPage":{"@id":"https:\/\/comixburo.com\/produit\/la-tour-tome-2\/#primaryimage"},"image":{"@id":"https:\/\/comixburo.com\/produit\/la-tour-tome-2\/#primaryimage"},"thumbnailUrl":"https:\/\/comixburo.com\/wp-content\/uploads\/2024\/10\/la-tour-tome-2-Comix-Buro.webp","datePublished":"2024-10-28T16:03:31+00:00","dateModified":"2025-05-06T09:13:57+00:00","description":"En 2042, les survivants vivent dans une tour g\u00e9r\u00e9e par une IA. Aatami, jeune chasseur, r\u00eave de libert\u00e9. Un r\u00e9cit SF entre survie, tension et r\u00e9volte.","breadcrumb":{"@id":"https:\/\/comixburo.com\/produit\/la-tour-tome-2\/#breadcrumb"},"inLanguage":"en-GB","potentialAction":[{"@type":"ReadAction","target":["https:\/\/comixburo.com\/produit\/la-tour-tome-2\/"]}]},{"@type":"ImageObject","inLanguage":"en-GB","@id":"https:\/\/comixburo.com\/produit\/la-tour-tome-2\/#primaryimage","url":"https:\/\/comixburo.com\/wp-content\/uploads\/2024\/10\/la-tour-tome-2-Comix-Buro.webp","contentUrl":"https:\/\/comixburo.com\/wp-content\/uploads\/2024\/10\/la-tour-tome-2-Comix-Buro.webp","width":600,"height":800,"caption":"Couverture du tome 2 de La Tour"},{"@type":"BreadcrumbList","@id":"https:\/\/comixburo.com\/produit\/la-tour-tome-2\/#breadcrumb","itemListElement":[{"@type":"ListItem","position":1,"name":"Home","item":"https:\/\/comixburo.com\/"},{"@type":"ListItem","position":2,"name":"La boutique Comix Buro","item":"https:\/\/comixburo.com\/la-boutique-comix-buro\/"},{"@type":"ListItem","position":3,"name":"La tour &#8211; tome 2"}]},{"@type":"WebSite","@id":"https:\/\/comixburo.com\/#website","url":"https:\/\/comixburo.com\/","name":"comixburo.com","description":"Cr\u00e9ateur de projets : Sketchbook d&#039;artistes !","publisher":{"@id":"https:\/\/comixburo.com\/#organization"},"alternateName":"Comix Buro","potentialAction":[{"@type":"SearchAction","target":{"@type":"EntryPoint","urlTemplate":"https:\/\/comixburo.com\/?s={search_term_string}"},"query-input":{"@type":"PropertyValueSpecification","valueRequired":true,"valueName":"search_term_string"}}],"inLanguage":"en-GB"},{"@type":"Organization","@id":"https:\/\/comixburo.com\/#organization","name":"comixburo.com","url":"https:\/\/comixburo.com\/","logo":{"@type":"ImageObject","inLanguage":"en-GB","@id":"https:\/\/comixburo.com\/#\/schema\/logo\/image\/","url":"https:\/\/comixburo.com\/wp-content\/uploads\/2025\/04\/logo-cxb-ROND.webp","contentUrl":"https:\/\/comixburo.com\/wp-content\/uploads\/2025\/04\/logo-cxb-ROND.webp","width":200,"height":200,"caption":"comixburo.com"},"image":{"@id":"https:\/\/comixburo.com\/#\/schema\/logo\/image\/"},"sameAs":["https:\/\/www.facebook.com\/comixburo","https:\/\/www.instagram.com\/comixburo\/"]}]}},"jetpack_sharing_enabled":true,"_links":{"self":[{"href":"https:\/\/comixburo.com\/en\/wp-json\/wp\/v2\/product\/16329","targetHints":{"allow":["GET"]}}],"collection":[{"href":"https:\/\/comixburo.com\/en\/wp-json\/wp\/v2\/product"}],"about":[{"href":"https:\/\/comixburo.com\/en\/wp-json\/wp\/v2\/types\/product"}],"replies":[{"embeddable":true,"href":"https:\/\/comixburo.com\/en\/wp-json\/wp\/v2\/comments?post=16329"}],"version-history":[{"count":3,"href":"https:\/\/comixburo.com\/en\/wp-json\/wp\/v2\/product\/16329\/revisions"}],"predecessor-version":[{"id":19669,"href":"https:\/\/comixburo.com\/en\/wp-json\/wp\/v2\/product\/16329\/revisions\/19669"}],"wp:featuredmedia":[{"embeddable":true,"href":"https:\/\/comixburo.com\/en\/wp-json\/wp\/v2\/media\/16027"}],"wp:attachment":[{"href":"https:\/\/comixburo.com\/en\/wp-json\/wp\/v2\/media?parent=16329"}],"wp:term":[{"taxonomy":"product_brand","embeddable":true,"href":"https:\/\/comixburo.com\/en\/wp-json\/wp\/v2\/product_brand?post=16329"},{"taxonomy":"product_cat","embeddable":true,"href":"https:\/\/comixburo.com\/en\/wp-json\/wp\/v2\/product_cat?post=16329"},{"taxonomy":"product_tag","embeddable":true,"href":"https:\/\/comixburo.com\/en\/wp-json\/wp\/v2\/product_tag?post=16329"}],"curies":[{"name":"wp","href":"https:\/\/api.w.org\/{rel}","templated":true}]}}