{"id":16333,"date":"2024-10-28T17:11:20","date_gmt":"2024-10-28T16:11:20","guid":{"rendered":"https:\/\/comixburo.com\/?post_type=product&#038;p=16333"},"modified":"2025-05-06T11:13:57","modified_gmt":"2025-05-06T09:13:57","slug":"la-mort-vivante","status":"publish","type":"product","link":"https:\/\/comixburo.com\/en\/product\/la-mort-vivante\/","title":{"rendered":"La morte vivante"},"content":{"rendered":"<h2 data-start=\"167\" data-end=\"229\"><strong data-start=\"167\" data-end=\"229\">La Mort Vivante \u2013 Une exp\u00e9rience aux limites de la science<\/strong><\/h2>\n<p class=\"\" data-start=\"231\" data-end=\"286\">La science peut-elle vaincre la mort ? Et \u00e0 quel prix ?<\/p>\n<p class=\"\" data-start=\"288\" data-end=\"593\"><strong data-start=\"288\" data-end=\"299\">Joachim<\/strong>, jeune scientifique, m\u00e8ne des recherches interdites. Un jour, il est enlev\u00e9 par <strong data-start=\"380\" data-end=\"390\">Martha<\/strong>, une femme riche et myst\u00e9rieuse, recluse sur l\u2019ancienne Terre. Hant\u00e9e par la perte de sa fille <strong data-start=\"486\" data-end=\"494\">Lise<\/strong>, morte lors de fouilles arch\u00e9ologiques, Martha lui demande l\u2019impossible : <strong data-start=\"569\" data-end=\"592\">la ramener \u00e0 la vie<\/strong>.<\/p>\n<p class=\"\" data-start=\"595\" data-end=\"798\">Joachim accepte. Il y voit une chance unique de poursuivre ses travaux sans contrainte. Financ\u00e9 par la fortune de Martha, il r\u00e9unit le mat\u00e9riel n\u00e9cessaire et se lance dans cette <strong data-start=\"773\" data-end=\"797\">exp\u00e9rience interdite<\/strong>.<\/p>\n<p class=\"\" data-start=\"800\" data-end=\"914\">Mais ressusciter les morts n\u2019est pas sans cons\u00e9quences. Le retour \u00e0 la vie pourrait bien d\u00e9clencher l\u2019irr\u00e9parable\u2026<\/p>\n<p class=\"\" data-start=\"916\" data-end=\"1089\"><strong data-start=\"916\" data-end=\"935\">La Mort Vivante<\/strong> est un <strong data-start=\"943\" data-end=\"972\"><a href=\"https:\/\/comixburo.com\/en\/product-category\/bd\/one-shots\/\">r\u00e9cit complet<\/a> de 72 pages<\/strong>, magnifiquement illustr\u00e9 par <a href=\"https:\/\/www.instagram.com\/albertovaranda\/\"><strong data-start=\"1002\" data-end=\"1021\">Alberto Varanda<\/strong><\/a>, dans ce qui est sans doute son plus grand chef-d\u2019\u0153uvre graphique.<\/p>\n<p class=\"\" data-start=\"1091\" data-end=\"1315\">Sur un sc\u00e9nario et un storyboard d\u2019<strong data-start=\"1126\" data-end=\"1144\">Olivier Vatine<\/strong>, cette \u0153uvre dense et visuellement saisissante m\u00eale science-fiction, \u00e9motion et horreur. Le style \u00e9voque <strong data-start=\"1250\" data-end=\"1266\">Gustave Dor\u00e9<\/strong>, <strong data-start=\"1268\" data-end=\"1283\">Jules Verne<\/strong>, <strong data-start=\"1285\" data-end=\"1298\">Lovecraft<\/strong> et <strong data-start=\"1302\" data-end=\"1314\">Schuiten<\/strong>.<\/p>\n<p class=\"\" data-start=\"1317\" data-end=\"1451\">Une <strong data-start=\"1321\" data-end=\"1362\">\u00e9dition grand format en noir et blanc<\/strong> para\u00eet en parall\u00e8le, pour r\u00e9v\u00e9ler toute la finesse et la puissance du dessin de Varanda.<\/p>","protected":false},"excerpt":{"rendered":"<p>Une femme bris\u00e9e demande l\u2019impossible : ressusciter sa fille morte. Un jeune scientifique accepte, au risque de tout bouleverser. <em data-start=\"130\" data-end=\"147\">La Mort Vivante<\/em> est un r\u00e9cit intense m\u00ealant science, deuil et horreur, port\u00e9 par le dessin magistral d\u2019Alberto Varanda et un sc\u00e9nario d\u2019Olivier Vatine.<\/p>","protected":false},"featured_media":16025,"comment_status":"open","ping_status":"closed","template":"","meta":[],"product_brand":[108],"product_cat":[97,110,94,93],"product_tag":[],"class_list":{"0":"post-16333","1":"product","2":"type-product","3":"status-publish","4":"has-post-thumbnail","6":"product_brand-comix-buro","7":"product_cat-bd","8":"product_cat-comix-buro","9":"product_cat-one-shots","10":"product_cat-tous","12":"first","13":"instock","14":"taxable","15":"shipping-taxable","16":"purchasable","17":"product-type-simple"},"yoast_head":"<!-- This site is optimized with the Yoast SEO plugin v26.9 - https:\/\/yoast.com\/product\/yoast-seo-wordpress\/ -->\n<title>La morte vivante - comixburo.com<\/title>\n<meta name=\"description\" content=\"La mort vivante : Un scientifique tente de ressusciter une jeune fille morte. Un r\u00e9cit sombre et magnifique sign\u00e9 Varanda et Vatine.\" \/>\n<meta name=\"robots\" content=\"index, follow, max-snippet:-1, max-image-preview:large, max-video-preview:-1\" \/>\n<link rel=\"canonical\" href=\"https:\/\/comixburo.com\/en\/product\/la-mort-vivante\/\" \/>\n<meta property=\"og:locale\" content=\"en_GB\" \/>\n<meta property=\"og:type\" content=\"article\" \/>\n<meta property=\"og:title\" content=\"La morte vivante - comixburo.com\" \/>\n<meta property=\"og:description\" content=\"La mort vivante : Un scientifique tente de ressusciter une jeune fille morte. Un r\u00e9cit sombre et magnifique sign\u00e9 Varanda et Vatine.\" \/>\n<meta property=\"og:url\" content=\"https:\/\/comixburo.com\/en\/product\/la-mort-vivante\/\" \/>\n<meta property=\"og:site_name\" content=\"comixburo.com\" \/>\n<meta property=\"article:publisher\" content=\"https:\/\/www.facebook.com\/comixburo\" \/>\n<meta property=\"article:modified_time\" content=\"2025-05-06T09:13:57+00:00\" \/>\n<meta property=\"og:image\" content=\"https:\/\/comixburo.com\/wp-content\/uploads\/2024\/10\/la-morte-vivante-Comix-Buro.webp\" \/>\n\t<meta property=\"og:image:width\" content=\"600\" \/>\n\t<meta property=\"og:image:height\" content=\"800\" \/>\n\t<meta property=\"og:image:type\" content=\"image\/webp\" \/>\n<meta name=\"twitter:card\" content=\"summary_large_image\" \/>\n<meta name=\"twitter:label1\" content=\"Estimated reading time\" \/>\n\t<meta name=\"twitter:data1\" content=\"2 minutes\" \/>\n<script type=\"application\/ld+json\" class=\"yoast-schema-graph\">{\"@context\":\"https:\/\/schema.org\",\"@graph\":[{\"@type\":\"WebPage\",\"@id\":\"https:\/\/comixburo.com\/produit\/la-mort-vivante\/\",\"url\":\"https:\/\/comixburo.com\/produit\/la-mort-vivante\/\",\"name\":\"La morte vivante - comixburo.com\",\"isPartOf\":{\"@id\":\"https:\/\/comixburo.com\/#website\"},\"primaryImageOfPage\":{\"@id\":\"https:\/\/comixburo.com\/produit\/la-mort-vivante\/#primaryimage\"},\"image\":{\"@id\":\"https:\/\/comixburo.com\/produit\/la-mort-vivante\/#primaryimage\"},\"thumbnailUrl\":\"https:\/\/comixburo.com\/wp-content\/uploads\/2024\/10\/la-morte-vivante-Comix-Buro.webp\",\"datePublished\":\"2024-10-28T16:11:20+00:00\",\"dateModified\":\"2025-05-06T09:13:57+00:00\",\"description\":\"La mort vivante : Un scientifique tente de ressusciter une jeune fille morte. Un r\u00e9cit sombre et magnifique sign\u00e9 Varanda et Vatine.\",\"breadcrumb\":{\"@id\":\"https:\/\/comixburo.com\/produit\/la-mort-vivante\/#breadcrumb\"},\"inLanguage\":\"en-GB\",\"potentialAction\":[{\"@type\":\"ReadAction\",\"target\":[\"https:\/\/comixburo.com\/produit\/la-mort-vivante\/\"]}]},{\"@type\":\"ImageObject\",\"inLanguage\":\"en-GB\",\"@id\":\"https:\/\/comixburo.com\/produit\/la-mort-vivante\/#primaryimage\",\"url\":\"https:\/\/comixburo.com\/wp-content\/uploads\/2024\/10\/la-morte-vivante-Comix-Buro.webp\",\"contentUrl\":\"https:\/\/comixburo.com\/wp-content\/uploads\/2024\/10\/la-morte-vivante-Comix-Buro.webp\",\"width\":600,\"height\":800,\"caption\":\"Couverture de La Mort Vivante\"},{\"@type\":\"BreadcrumbList\",\"@id\":\"https:\/\/comixburo.com\/produit\/la-mort-vivante\/#breadcrumb\",\"itemListElement\":[{\"@type\":\"ListItem\",\"position\":1,\"name\":\"Home\",\"item\":\"https:\/\/comixburo.com\/\"},{\"@type\":\"ListItem\",\"position\":2,\"name\":\"La boutique Comix Buro\",\"item\":\"https:\/\/comixburo.com\/la-boutique-comix-buro\/\"},{\"@type\":\"ListItem\",\"position\":3,\"name\":\"La morte vivante\"}]},{\"@type\":\"WebSite\",\"@id\":\"https:\/\/comixburo.com\/#website\",\"url\":\"https:\/\/comixburo.com\/\",\"name\":\"comixburo.com\",\"description\":\"Cr\u00e9ateur de projets : Sketchbook d&#039;artistes !\",\"publisher\":{\"@id\":\"https:\/\/comixburo.com\/#organization\"},\"alternateName\":\"Comix Buro\",\"potentialAction\":[{\"@type\":\"SearchAction\",\"target\":{\"@type\":\"EntryPoint\",\"urlTemplate\":\"https:\/\/comixburo.com\/?s={search_term_string}\"},\"query-input\":{\"@type\":\"PropertyValueSpecification\",\"valueRequired\":true,\"valueName\":\"search_term_string\"}}],\"inLanguage\":\"en-GB\"},{\"@type\":\"Organization\",\"@id\":\"https:\/\/comixburo.com\/#organization\",\"name\":\"comixburo.com\",\"url\":\"https:\/\/comixburo.com\/\",\"logo\":{\"@type\":\"ImageObject\",\"inLanguage\":\"en-GB\",\"@id\":\"https:\/\/comixburo.com\/#\/schema\/logo\/image\/\",\"url\":\"https:\/\/comixburo.com\/wp-content\/uploads\/2025\/04\/logo-cxb-ROND.webp\",\"contentUrl\":\"https:\/\/comixburo.com\/wp-content\/uploads\/2025\/04\/logo-cxb-ROND.webp\",\"width\":200,\"height\":200,\"caption\":\"comixburo.com\"},\"image\":{\"@id\":\"https:\/\/comixburo.com\/#\/schema\/logo\/image\/\"},\"sameAs\":[\"https:\/\/www.facebook.com\/comixburo\",\"https:\/\/www.instagram.com\/comixburo\/\"]}]}<\/script>\n<!-- \/ Yoast SEO plugin. -->","yoast_head_json":{"title":"La morte vivante - comixburo.com","description":"La mort vivante : Un scientifique tente de ressusciter une jeune fille morte. Un r\u00e9cit sombre et magnifique sign\u00e9 Varanda et Vatine.","robots":{"index":"index","follow":"follow","max-snippet":"max-snippet:-1","max-image-preview":"max-image-preview:large","max-video-preview":"max-video-preview:-1"},"canonical":"https:\/\/comixburo.com\/en\/product\/la-mort-vivante\/","og_locale":"en_GB","og_type":"article","og_title":"La morte vivante - comixburo.com","og_description":"La mort vivante : Un scientifique tente de ressusciter une jeune fille morte. Un r\u00e9cit sombre et magnifique sign\u00e9 Varanda et Vatine.","og_url":"https:\/\/comixburo.com\/en\/product\/la-mort-vivante\/","og_site_name":"comixburo.com","article_publisher":"https:\/\/www.facebook.com\/comixburo","article_modified_time":"2025-05-06T09:13:57+00:00","og_image":[{"width":600,"height":800,"url":"https:\/\/comixburo.com\/wp-content\/uploads\/2024\/10\/la-morte-vivante-Comix-Buro.webp","type":"image\/webp"}],"twitter_card":"summary_large_image","twitter_misc":{"Estimated reading time":"2 minutes"},"schema":{"@context":"https:\/\/schema.org","@graph":[{"@type":"WebPage","@id":"https:\/\/comixburo.com\/produit\/la-mort-vivante\/","url":"https:\/\/comixburo.com\/produit\/la-mort-vivante\/","name":"La morte vivante - comixburo.com","isPartOf":{"@id":"https:\/\/comixburo.com\/#website"},"primaryImageOfPage":{"@id":"https:\/\/comixburo.com\/produit\/la-mort-vivante\/#primaryimage"},"image":{"@id":"https:\/\/comixburo.com\/produit\/la-mort-vivante\/#primaryimage"},"thumbnailUrl":"https:\/\/comixburo.com\/wp-content\/uploads\/2024\/10\/la-morte-vivante-Comix-Buro.webp","datePublished":"2024-10-28T16:11:20+00:00","dateModified":"2025-05-06T09:13:57+00:00","description":"La mort vivante : Un scientifique tente de ressusciter une jeune fille morte. Un r\u00e9cit sombre et magnifique sign\u00e9 Varanda et Vatine.","breadcrumb":{"@id":"https:\/\/comixburo.com\/produit\/la-mort-vivante\/#breadcrumb"},"inLanguage":"en-GB","potentialAction":[{"@type":"ReadAction","target":["https:\/\/comixburo.com\/produit\/la-mort-vivante\/"]}]},{"@type":"ImageObject","inLanguage":"en-GB","@id":"https:\/\/comixburo.com\/produit\/la-mort-vivante\/#primaryimage","url":"https:\/\/comixburo.com\/wp-content\/uploads\/2024\/10\/la-morte-vivante-Comix-Buro.webp","contentUrl":"https:\/\/comixburo.com\/wp-content\/uploads\/2024\/10\/la-morte-vivante-Comix-Buro.webp","width":600,"height":800,"caption":"Couverture de La Mort Vivante"},{"@type":"BreadcrumbList","@id":"https:\/\/comixburo.com\/produit\/la-mort-vivante\/#breadcrumb","itemListElement":[{"@type":"ListItem","position":1,"name":"Home","item":"https:\/\/comixburo.com\/"},{"@type":"ListItem","position":2,"name":"La boutique Comix Buro","item":"https:\/\/comixburo.com\/la-boutique-comix-buro\/"},{"@type":"ListItem","position":3,"name":"La morte vivante"}]},{"@type":"WebSite","@id":"https:\/\/comixburo.com\/#website","url":"https:\/\/comixburo.com\/","name":"comixburo.com","description":"Cr\u00e9ateur de projets : Sketchbook d&#039;artistes !","publisher":{"@id":"https:\/\/comixburo.com\/#organization"},"alternateName":"Comix Buro","potentialAction":[{"@type":"SearchAction","target":{"@type":"EntryPoint","urlTemplate":"https:\/\/comixburo.com\/?s={search_term_string}"},"query-input":{"@type":"PropertyValueSpecification","valueRequired":true,"valueName":"search_term_string"}}],"inLanguage":"en-GB"},{"@type":"Organization","@id":"https:\/\/comixburo.com\/#organization","name":"comixburo.com","url":"https:\/\/comixburo.com\/","logo":{"@type":"ImageObject","inLanguage":"en-GB","@id":"https:\/\/comixburo.com\/#\/schema\/logo\/image\/","url":"https:\/\/comixburo.com\/wp-content\/uploads\/2025\/04\/logo-cxb-ROND.webp","contentUrl":"https:\/\/comixburo.com\/wp-content\/uploads\/2025\/04\/logo-cxb-ROND.webp","width":200,"height":200,"caption":"comixburo.com"},"image":{"@id":"https:\/\/comixburo.com\/#\/schema\/logo\/image\/"},"sameAs":["https:\/\/www.facebook.com\/comixburo","https:\/\/www.instagram.com\/comixburo\/"]}]}},"jetpack_sharing_enabled":true,"_links":{"self":[{"href":"https:\/\/comixburo.com\/en\/wp-json\/wp\/v2\/product\/16333","targetHints":{"allow":["GET"]}}],"collection":[{"href":"https:\/\/comixburo.com\/en\/wp-json\/wp\/v2\/product"}],"about":[{"href":"https:\/\/comixburo.com\/en\/wp-json\/wp\/v2\/types\/product"}],"replies":[{"embeddable":true,"href":"https:\/\/comixburo.com\/en\/wp-json\/wp\/v2\/comments?post=16333"}],"version-history":[{"count":4,"href":"https:\/\/comixburo.com\/en\/wp-json\/wp\/v2\/product\/16333\/revisions"}],"predecessor-version":[{"id":19665,"href":"https:\/\/comixburo.com\/en\/wp-json\/wp\/v2\/product\/16333\/revisions\/19665"}],"wp:featuredmedia":[{"embeddable":true,"href":"https:\/\/comixburo.com\/en\/wp-json\/wp\/v2\/media\/16025"}],"wp:attachment":[{"href":"https:\/\/comixburo.com\/en\/wp-json\/wp\/v2\/media?parent=16333"}],"wp:term":[{"taxonomy":"product_brand","embeddable":true,"href":"https:\/\/comixburo.com\/en\/wp-json\/wp\/v2\/product_brand?post=16333"},{"taxonomy":"product_cat","embeddable":true,"href":"https:\/\/comixburo.com\/en\/wp-json\/wp\/v2\/product_cat?post=16333"},{"taxonomy":"product_tag","embeddable":true,"href":"https:\/\/comixburo.com\/en\/wp-json\/wp\/v2\/product_tag?post=16333"}],"curies":[{"name":"wp","href":"https:\/\/api.w.org\/{rel}","templated":true}]}}