{"id":16339,"date":"2024-10-28T17:16:58","date_gmt":"2024-10-28T16:16:58","guid":{"rendered":"https:\/\/comixburo.com\/?post_type=product&#038;p=16339"},"modified":"2025-05-06T11:13:57","modified_gmt":"2025-05-06T09:13:57","slug":"monte-cristo-tome-3","status":"publish","type":"product","link":"https:\/\/comixburo.com\/en\/product\/monte-cristo-tome-3\/","title":{"rendered":"Monte-Cristo &#8211; tome 3"},"content":{"rendered":"<h2 data-start=\"129\" data-end=\"202\">Monte Cristo tome 3<\/h2>\n<h3 data-start=\"129\" data-end=\"202\"><strong data-start=\"129\" data-end=\"202\">La r\u00e9demption d\u2019un homme. La vengeance d\u2019un Comte des temps modernes.<\/strong><\/h3>\n<p class=\"\" data-start=\"204\" data-end=\"379\">Apr\u00e8s 15 ans dans une prison militaire secr\u00e8te, <strong data-start=\"252\" data-end=\"268\">Sam Castillo<\/strong> est libre. Trahi par trois conspirateurs, il a tout perdu : sa jeunesse et <strong data-start=\"344\" data-end=\"355\">Abigail<\/strong>, la femme qu\u2019il aimait.<\/p>\n<p class=\"\" data-start=\"381\" data-end=\"617\">Devenu <strong data-start=\"388\" data-end=\"404\">Victor Sirin<\/strong>, un milliardaire \u00e9nigmatique, il pr\u00e9pare sa vengeance. Avec sa fortune, il infiltre les cercles corrompus du pouvoir. Ses cibles : trois hommes influents \u00e0 <strong data-start=\"561\" data-end=\"575\">Washington<\/strong>, <strong data-start=\"577\" data-end=\"589\">New York<\/strong> et dans le <strong data-start=\"601\" data-end=\"616\">Connecticut<\/strong>.<\/p>\n<p class=\"\" data-start=\"619\" data-end=\"727\">Victor avance comme un ma\u00eetre d\u2019\u00e9checs. Chaque coup est pens\u00e9. Chaque action, calcul\u00e9e. Son plan se d\u00e9ploie.<\/p>\n<p class=\"\" data-start=\"729\" data-end=\"921\">Mais il n\u2019avait pas pr\u00e9vu <strong data-start=\"755\" data-end=\"765\">Danica<\/strong>, une jeune agente du FBI. Honn\u00eate, d\u00e9termin\u00e9e, elle fait vaciller ses certitudes. Victor en tombe amoureux. Un \u00e9l\u00e9ment incontr\u00f4lable entre dans l\u2019\u00e9quation.<\/p>\n<p class=\"\" data-start=\"923\" data-end=\"1053\">La vengeance approche. Elle sera totale. Les coupables tomberont. Mais ce plan destructeur pourrait aussi blesser ceux qu\u2019il aime.<\/p>\n<p class=\"\" data-start=\"1055\" data-end=\"1161\"><strong data-start=\"1055\" data-end=\"1096\">Puissance, trahison, amour, vengeance<\/strong>. Tous les ingr\u00e9dients sont r\u00e9unis pour une conclusion haletante.<\/p>\n<p class=\"\" data-start=\"1163\" data-end=\"1395\">Cette trilogie moderne revisite <strong data-start=\"1195\" data-end=\"1223\">Le Comte de Monte-Cristo<\/strong> dans l\u2019Am\u00e9rique contemporaine et mondialis\u00e9e. Un thriller captivant sign\u00e9 <a href=\"https:\/\/www.instagram.com\/jmechner\/\"><strong data-start=\"1298\" data-end=\"1316\">Jordan Mechner<\/strong><\/a> (cr\u00e9ateur de <em data-start=\"1330\" data-end=\"1348\">Prince of Persia<\/em>) et <a href=\"https:\/\/www.instagram.com\/marioalberti_\/\"><strong data-start=\"1353\" data-end=\"1370\">Mario Alberti<\/strong><\/a> (<em data-start=\"1372\" data-end=\"1383\">Prom\u00e9th\u00e9e<\/em>, <em data-start=\"1385\" data-end=\"1393\">Le Mur<\/em>) sous le label <a href=\"https:\/\/comixburo.com\/en\/\">Comix Buro<\/a>.<\/p>","protected":false},"excerpt":{"rendered":"<p>Victor Sirin est pr\u00eat \u00e0 faire tomber ceux qui ont d\u00e9truit sa vie. Sa vengeance touche \u00e0 son apog\u00e9e, mais l\u2019amour et les cons\u00e9quences impr\u00e9vues pourraient tout faire basculer. Un final puissant et tragique pour cette relecture moderne du Comte de Monte-Cristo sign\u00e9e Comix Buro.<\/p>","protected":false},"featured_media":16340,"comment_status":"open","ping_status":"closed","template":"","meta":[],"product_brand":[108],"product_cat":[97,110,81,93],"product_tag":[],"class_list":{"0":"post-16339","1":"product","2":"type-product","3":"status-publish","4":"has-post-thumbnail","6":"product_brand-comix-buro","7":"product_cat-bd","8":"product_cat-comix-buro","9":"product_cat-monte-cristo","10":"product_cat-tous","12":"first","13":"instock","14":"taxable","15":"shipping-taxable","16":"purchasable","17":"product-type-simple"},"yoast_head":"<!-- This site is optimized with the Yoast SEO plugin v26.9 - https:\/\/yoast.com\/product\/yoast-seo-wordpress\/ -->\n<title>Monte-Cristo - tome 3 - comixburo.com<\/title>\n<meta name=\"description\" content=\"Final explosif : Victor Sirin ach\u00e8ve sa vengeance, mais l\u2019amour et les cons\u00e9quences menacent tout. Une relecture moderne du Comte de Monte-Cristo.\" \/>\n<meta name=\"robots\" content=\"index, follow, max-snippet:-1, max-image-preview:large, max-video-preview:-1\" \/>\n<link rel=\"canonical\" href=\"https:\/\/comixburo.com\/en\/product\/monte-cristo-tome-3\/\" \/>\n<meta property=\"og:locale\" content=\"en_GB\" \/>\n<meta property=\"og:type\" content=\"article\" \/>\n<meta property=\"og:title\" content=\"Monte-Cristo - tome 3 - comixburo.com\" \/>\n<meta property=\"og:description\" content=\"Final explosif : Victor Sirin ach\u00e8ve sa vengeance, mais l\u2019amour et les cons\u00e9quences menacent tout. Une relecture moderne du Comte de Monte-Cristo.\" \/>\n<meta property=\"og:url\" content=\"https:\/\/comixburo.com\/en\/product\/monte-cristo-tome-3\/\" \/>\n<meta property=\"og:site_name\" content=\"comixburo.com\" \/>\n<meta property=\"article:publisher\" content=\"https:\/\/www.facebook.com\/comixburo\" \/>\n<meta property=\"article:modified_time\" content=\"2025-05-06T09:13:57+00:00\" \/>\n<meta property=\"og:image\" content=\"https:\/\/comixburo.com\/wp-content\/uploads\/2024\/10\/monte-cristo-tome-3-Comix-Buro.webp\" \/>\n\t<meta property=\"og:image:width\" content=\"600\" \/>\n\t<meta property=\"og:image:height\" content=\"800\" \/>\n\t<meta property=\"og:image:type\" content=\"image\/webp\" \/>\n<meta name=\"twitter:card\" content=\"summary_large_image\" \/>\n<meta name=\"twitter:label1\" content=\"Estimated reading time\" \/>\n\t<meta name=\"twitter:data1\" content=\"2 minutes\" \/>\n<script type=\"application\/ld+json\" class=\"yoast-schema-graph\">{\"@context\":\"https:\/\/schema.org\",\"@graph\":[{\"@type\":\"WebPage\",\"@id\":\"https:\/\/comixburo.com\/produit\/monte-cristo-tome-3\/\",\"url\":\"https:\/\/comixburo.com\/produit\/monte-cristo-tome-3\/\",\"name\":\"Monte-Cristo - tome 3 - comixburo.com\",\"isPartOf\":{\"@id\":\"https:\/\/comixburo.com\/#website\"},\"primaryImageOfPage\":{\"@id\":\"https:\/\/comixburo.com\/produit\/monte-cristo-tome-3\/#primaryimage\"},\"image\":{\"@id\":\"https:\/\/comixburo.com\/produit\/monte-cristo-tome-3\/#primaryimage\"},\"thumbnailUrl\":\"https:\/\/comixburo.com\/wp-content\/uploads\/2024\/10\/monte-cristo-tome-3-Comix-Buro.webp\",\"datePublished\":\"2024-10-28T16:16:58+00:00\",\"dateModified\":\"2025-05-06T09:13:57+00:00\",\"description\":\"Final explosif : Victor Sirin ach\u00e8ve sa vengeance, mais l\u2019amour et les cons\u00e9quences menacent tout. Une relecture moderne du Comte de Monte-Cristo.\",\"breadcrumb\":{\"@id\":\"https:\/\/comixburo.com\/produit\/monte-cristo-tome-3\/#breadcrumb\"},\"inLanguage\":\"en-GB\",\"potentialAction\":[{\"@type\":\"ReadAction\",\"target\":[\"https:\/\/comixburo.com\/produit\/monte-cristo-tome-3\/\"]}]},{\"@type\":\"ImageObject\",\"inLanguage\":\"en-GB\",\"@id\":\"https:\/\/comixburo.com\/produit\/monte-cristo-tome-3\/#primaryimage\",\"url\":\"https:\/\/comixburo.com\/wp-content\/uploads\/2024\/10\/monte-cristo-tome-3-Comix-Buro.webp\",\"contentUrl\":\"https:\/\/comixburo.com\/wp-content\/uploads\/2024\/10\/monte-cristo-tome-3-Comix-Buro.webp\",\"width\":600,\"height\":800,\"caption\":\"Couverture du tome 3 de Monte Cristo\"},{\"@type\":\"BreadcrumbList\",\"@id\":\"https:\/\/comixburo.com\/produit\/monte-cristo-tome-3\/#breadcrumb\",\"itemListElement\":[{\"@type\":\"ListItem\",\"position\":1,\"name\":\"Home\",\"item\":\"https:\/\/comixburo.com\/\"},{\"@type\":\"ListItem\",\"position\":2,\"name\":\"La boutique Comix Buro\",\"item\":\"https:\/\/comixburo.com\/la-boutique-comix-buro\/\"},{\"@type\":\"ListItem\",\"position\":3,\"name\":\"Monte-Cristo &#8211; tome 3\"}]},{\"@type\":\"WebSite\",\"@id\":\"https:\/\/comixburo.com\/#website\",\"url\":\"https:\/\/comixburo.com\/\",\"name\":\"comixburo.com\",\"description\":\"Cr\u00e9ateur de projets : Sketchbook d&#039;artistes !\",\"publisher\":{\"@id\":\"https:\/\/comixburo.com\/#organization\"},\"alternateName\":\"Comix Buro\",\"potentialAction\":[{\"@type\":\"SearchAction\",\"target\":{\"@type\":\"EntryPoint\",\"urlTemplate\":\"https:\/\/comixburo.com\/?s={search_term_string}\"},\"query-input\":{\"@type\":\"PropertyValueSpecification\",\"valueRequired\":true,\"valueName\":\"search_term_string\"}}],\"inLanguage\":\"en-GB\"},{\"@type\":\"Organization\",\"@id\":\"https:\/\/comixburo.com\/#organization\",\"name\":\"comixburo.com\",\"url\":\"https:\/\/comixburo.com\/\",\"logo\":{\"@type\":\"ImageObject\",\"inLanguage\":\"en-GB\",\"@id\":\"https:\/\/comixburo.com\/#\/schema\/logo\/image\/\",\"url\":\"https:\/\/comixburo.com\/wp-content\/uploads\/2025\/04\/logo-cxb-ROND.webp\",\"contentUrl\":\"https:\/\/comixburo.com\/wp-content\/uploads\/2025\/04\/logo-cxb-ROND.webp\",\"width\":200,\"height\":200,\"caption\":\"comixburo.com\"},\"image\":{\"@id\":\"https:\/\/comixburo.com\/#\/schema\/logo\/image\/\"},\"sameAs\":[\"https:\/\/www.facebook.com\/comixburo\",\"https:\/\/www.instagram.com\/comixburo\/\"]}]}<\/script>\n<!-- \/ Yoast SEO plugin. -->","yoast_head_json":{"title":"Monte-Cristo - tome 3 - comixburo.com","description":"Final explosif : Victor Sirin ach\u00e8ve sa vengeance, mais l\u2019amour et les cons\u00e9quences menacent tout. Une relecture moderne du Comte de Monte-Cristo.","robots":{"index":"index","follow":"follow","max-snippet":"max-snippet:-1","max-image-preview":"max-image-preview:large","max-video-preview":"max-video-preview:-1"},"canonical":"https:\/\/comixburo.com\/en\/product\/monte-cristo-tome-3\/","og_locale":"en_GB","og_type":"article","og_title":"Monte-Cristo - tome 3 - comixburo.com","og_description":"Final explosif : Victor Sirin ach\u00e8ve sa vengeance, mais l\u2019amour et les cons\u00e9quences menacent tout. Une relecture moderne du Comte de Monte-Cristo.","og_url":"https:\/\/comixburo.com\/en\/product\/monte-cristo-tome-3\/","og_site_name":"comixburo.com","article_publisher":"https:\/\/www.facebook.com\/comixburo","article_modified_time":"2025-05-06T09:13:57+00:00","og_image":[{"width":600,"height":800,"url":"https:\/\/comixburo.com\/wp-content\/uploads\/2024\/10\/monte-cristo-tome-3-Comix-Buro.webp","type":"image\/webp"}],"twitter_card":"summary_large_image","twitter_misc":{"Estimated reading time":"2 minutes"},"schema":{"@context":"https:\/\/schema.org","@graph":[{"@type":"WebPage","@id":"https:\/\/comixburo.com\/produit\/monte-cristo-tome-3\/","url":"https:\/\/comixburo.com\/produit\/monte-cristo-tome-3\/","name":"Monte-Cristo - tome 3 - comixburo.com","isPartOf":{"@id":"https:\/\/comixburo.com\/#website"},"primaryImageOfPage":{"@id":"https:\/\/comixburo.com\/produit\/monte-cristo-tome-3\/#primaryimage"},"image":{"@id":"https:\/\/comixburo.com\/produit\/monte-cristo-tome-3\/#primaryimage"},"thumbnailUrl":"https:\/\/comixburo.com\/wp-content\/uploads\/2024\/10\/monte-cristo-tome-3-Comix-Buro.webp","datePublished":"2024-10-28T16:16:58+00:00","dateModified":"2025-05-06T09:13:57+00:00","description":"Final explosif : Victor Sirin ach\u00e8ve sa vengeance, mais l\u2019amour et les cons\u00e9quences menacent tout. Une relecture moderne du Comte de Monte-Cristo.","breadcrumb":{"@id":"https:\/\/comixburo.com\/produit\/monte-cristo-tome-3\/#breadcrumb"},"inLanguage":"en-GB","potentialAction":[{"@type":"ReadAction","target":["https:\/\/comixburo.com\/produit\/monte-cristo-tome-3\/"]}]},{"@type":"ImageObject","inLanguage":"en-GB","@id":"https:\/\/comixburo.com\/produit\/monte-cristo-tome-3\/#primaryimage","url":"https:\/\/comixburo.com\/wp-content\/uploads\/2024\/10\/monte-cristo-tome-3-Comix-Buro.webp","contentUrl":"https:\/\/comixburo.com\/wp-content\/uploads\/2024\/10\/monte-cristo-tome-3-Comix-Buro.webp","width":600,"height":800,"caption":"Couverture du tome 3 de Monte Cristo"},{"@type":"BreadcrumbList","@id":"https:\/\/comixburo.com\/produit\/monte-cristo-tome-3\/#breadcrumb","itemListElement":[{"@type":"ListItem","position":1,"name":"Home","item":"https:\/\/comixburo.com\/"},{"@type":"ListItem","position":2,"name":"La boutique Comix Buro","item":"https:\/\/comixburo.com\/la-boutique-comix-buro\/"},{"@type":"ListItem","position":3,"name":"Monte-Cristo &#8211; tome 3"}]},{"@type":"WebSite","@id":"https:\/\/comixburo.com\/#website","url":"https:\/\/comixburo.com\/","name":"comixburo.com","description":"Cr\u00e9ateur de projets : Sketchbook d&#039;artistes !","publisher":{"@id":"https:\/\/comixburo.com\/#organization"},"alternateName":"Comix Buro","potentialAction":[{"@type":"SearchAction","target":{"@type":"EntryPoint","urlTemplate":"https:\/\/comixburo.com\/?s={search_term_string}"},"query-input":{"@type":"PropertyValueSpecification","valueRequired":true,"valueName":"search_term_string"}}],"inLanguage":"en-GB"},{"@type":"Organization","@id":"https:\/\/comixburo.com\/#organization","name":"comixburo.com","url":"https:\/\/comixburo.com\/","logo":{"@type":"ImageObject","inLanguage":"en-GB","@id":"https:\/\/comixburo.com\/#\/schema\/logo\/image\/","url":"https:\/\/comixburo.com\/wp-content\/uploads\/2025\/04\/logo-cxb-ROND.webp","contentUrl":"https:\/\/comixburo.com\/wp-content\/uploads\/2025\/04\/logo-cxb-ROND.webp","width":200,"height":200,"caption":"comixburo.com"},"image":{"@id":"https:\/\/comixburo.com\/#\/schema\/logo\/image\/"},"sameAs":["https:\/\/www.facebook.com\/comixburo","https:\/\/www.instagram.com\/comixburo\/"]}]}},"jetpack_sharing_enabled":true,"_links":{"self":[{"href":"https:\/\/comixburo.com\/en\/wp-json\/wp\/v2\/product\/16339","targetHints":{"allow":["GET"]}}],"collection":[{"href":"https:\/\/comixburo.com\/en\/wp-json\/wp\/v2\/product"}],"about":[{"href":"https:\/\/comixburo.com\/en\/wp-json\/wp\/v2\/types\/product"}],"replies":[{"embeddable":true,"href":"https:\/\/comixburo.com\/en\/wp-json\/wp\/v2\/comments?post=16339"}],"version-history":[{"count":3,"href":"https:\/\/comixburo.com\/en\/wp-json\/wp\/v2\/product\/16339\/revisions"}],"predecessor-version":[{"id":19658,"href":"https:\/\/comixburo.com\/en\/wp-json\/wp\/v2\/product\/16339\/revisions\/19658"}],"wp:featuredmedia":[{"embeddable":true,"href":"https:\/\/comixburo.com\/en\/wp-json\/wp\/v2\/media\/16340"}],"wp:attachment":[{"href":"https:\/\/comixburo.com\/en\/wp-json\/wp\/v2\/media?parent=16339"}],"wp:term":[{"taxonomy":"product_brand","embeddable":true,"href":"https:\/\/comixburo.com\/en\/wp-json\/wp\/v2\/product_brand?post=16339"},{"taxonomy":"product_cat","embeddable":true,"href":"https:\/\/comixburo.com\/en\/wp-json\/wp\/v2\/product_cat?post=16339"},{"taxonomy":"product_tag","embeddable":true,"href":"https:\/\/comixburo.com\/en\/wp-json\/wp\/v2\/product_tag?post=16339"}],"curies":[{"name":"wp","href":"https:\/\/api.w.org\/{rel}","templated":true}]}}