{"id":16345,"date":"2024-10-28T17:25:12","date_gmt":"2024-10-28T16:25:12","guid":{"rendered":"https:\/\/comixburo.com\/?post_type=product&#038;p=16345"},"modified":"2025-05-06T11:13:57","modified_gmt":"2025-05-06T09:13:57","slug":"heros-du-peuple-tome-1","status":"publish","type":"product","link":"https:\/\/comixburo.com\/en\/product\/heros-du-peuple-tome-1\/","title":{"rendered":"H\u00e9ros du peuple &#8211; tome 1"},"content":{"rendered":"<h2 data-start=\"151\" data-end=\"210\"><strong data-start=\"151\" data-end=\"210\">H\u00e9ros du Peuple : une alliance pour sauver la Chine<\/strong><\/h2>\n<p class=\"\" data-start=\"212\" data-end=\"329\">Ils ont pr\u00eat\u00e9 serment. Leur mission : unir leurs forces et d\u00e9fendre la collectivit\u00e9. Ce sont les <a href=\"https:\/\/comixburo.com\/en\/product-category\/bd\/heros-du-peuple\/\"><strong data-start=\"309\" data-end=\"328\">H\u00e9ros du Peuple<\/strong><\/a>.<\/p>\n<p class=\"\" data-start=\"331\" data-end=\"599\"><strong data-start=\"331\" data-end=\"357\">Shangha\u00ef, aujourd\u2019hui.<\/strong> Des meurtres sanglants secouent la m\u00e9gapole. Sur chaque sc\u00e8ne de crime : une page arrach\u00e9e du <em data-start=\"452\" data-end=\"471\">Petit Livre Rouge<\/em> de Mao Zedong. Simple r\u00e8glement de comptes ? Ou \u0153uvre d\u2019un tueur d\u00e9s\u00e9quilibr\u00e9 ? L\u2019inspecteur principal Wan Chen m\u00e8ne l\u2019enqu\u00eate.<\/p>\n<p class=\"\" data-start=\"601\" data-end=\"814\">Le <strong data-start=\"604\" data-end=\"642\">Minist\u00e8re de la S\u00e9curit\u00e9 de l\u2019\u00c9tat<\/strong> suspecte l\u2019implication d\u2019agents \u00e9trangers. Des ennemis du Parti et de la R\u00e9volution. Wan est contraint de faire \u00e9quipe avec <strong data-start=\"767\" data-end=\"780\">Shao Qian<\/strong>, une agente des services secrets.<\/p>\n<p class=\"\" data-start=\"816\" data-end=\"1101\">Leur enqu\u00eate les conduit vers la <strong data-start=\"849\" data-end=\"864\">Bande Verte<\/strong>, une triade suppos\u00e9e dissoute depuis les ann\u00e9es 1950. Mais la v\u00e9rit\u00e9 d\u00e9passe tout ce qu\u2019ils imaginaient. Le meurtrier qu\u2019ils traquent poss\u00e8de des capacit\u00e9s physiques surhumaines. Des pouvoirs issus d\u2019un programme secret du gouvernement.<\/p>\n<p class=\"\" data-start=\"1103\" data-end=\"1377\">En parall\u00e8le, le <strong data-start=\"1120\" data-end=\"1138\">professeur Tsu<\/strong>, un ancien chercheur de ce programme de mutations humaines, tente de r\u00e9parer ses erreurs. Il cherche \u00e0 rassembler un groupe d\u2019individus aux dons extraordinaires. Son but : d\u00e9fendre le peuple contre ceux qu\u2019il a lui-m\u00eame contribu\u00e9 \u00e0 cr\u00e9er.<\/p>\n<p class=\"\" data-start=\"1379\" data-end=\"1581\">Wan et Shao neutralisent le tueur. Mais une menace bien plus grande plane. La Bande Verte est de retour. Et elle pr\u00e9pare un complot aux cons\u00e9quences catastrophiques. Des millions de vies sont en danger.<\/p>\n<p class=\"\" data-start=\"1583\" data-end=\"1689\">Pour stopper ce chaos, ils n\u2019auront pas d\u2019autre choix que de s\u2019allier aux <strong data-start=\"1657\" data-end=\"1688\">disciples du professeur Tsu<\/strong>.<\/p>\n<p class=\"\" data-start=\"1691\" data-end=\"1894\"><strong data-start=\"1691\" data-end=\"1749\"><a href=\"https:\/\/www.instagram.com\/regishaut\/\">R\u00e9gis Hauti\u00e8re<\/a>, <a href=\"https:\/\/www.instagram.com\/oliviervatine\/\">Olivier Vatine<\/a> et <a href=\"https:\/\/www.facebook.com\/patrick.boutingagne\/?locale=fr_FR\">Patrick Boutin-Gagn\u00e9<\/a><\/strong> signent une s\u00e9rie explosive. Un cocktail de pulp, de s\u00e9rie B et de super-h\u00e9ros. Une aventure au c\u0153ur de l\u2019ADN <a href=\"https:\/\/comixburo.com\/en\/\"><strong data-start=\"1860\" data-end=\"1874\">Comix Buro<\/strong><\/a>. \u00c0 ne pas manquer !<\/p>","protected":false},"excerpt":{"rendered":"<p>H\u00e9ros du Peuple : une alliance pour sauver la Chine Ils ont pr\u00eat\u00e9 serment. Leur mission : unir leurs forces<\/p>","protected":false},"featured_media":16346,"comment_status":"open","ping_status":"closed","template":"","meta":[],"product_brand":[108],"product_cat":[97,110,86,93],"product_tag":[],"class_list":{"0":"post-16345","1":"product","2":"type-product","3":"status-publish","4":"has-post-thumbnail","6":"product_brand-comix-buro","7":"product_cat-bd","8":"product_cat-comix-buro","9":"product_cat-heros-du-peuple","10":"product_cat-tous","12":"first","13":"instock","14":"taxable","15":"shipping-taxable","16":"purchasable","17":"product-type-simple"},"yoast_head":"<!-- This site is optimized with the Yoast SEO plugin v26.9 - https:\/\/yoast.com\/product\/yoast-seo-wordpress\/ -->\n<title>H\u00e9ros du peuple - tome 1 - comixburo.com<\/title>\n<meta name=\"description\" content=\"Des h\u00e9ros aux pouvoirs uniques unissent leurs forces pour stopper un complot meurtrier dans une Chine moderne. Action et suspense garantis !\" \/>\n<meta name=\"robots\" content=\"index, follow, max-snippet:-1, max-image-preview:large, max-video-preview:-1\" \/>\n<link rel=\"canonical\" href=\"https:\/\/comixburo.com\/en\/product\/heros-du-peuple-tome-1\/\" \/>\n<meta property=\"og:locale\" content=\"en_GB\" \/>\n<meta property=\"og:type\" content=\"article\" \/>\n<meta property=\"og:title\" content=\"H\u00e9ros du peuple - tome 1 - comixburo.com\" \/>\n<meta property=\"og:description\" content=\"Des h\u00e9ros aux pouvoirs uniques unissent leurs forces pour stopper un complot meurtrier dans une Chine moderne. Action et suspense garantis !\" \/>\n<meta property=\"og:url\" content=\"https:\/\/comixburo.com\/en\/product\/heros-du-peuple-tome-1\/\" \/>\n<meta property=\"og:site_name\" content=\"comixburo.com\" \/>\n<meta property=\"article:publisher\" content=\"https:\/\/www.facebook.com\/comixburo\" \/>\n<meta property=\"article:modified_time\" content=\"2025-05-06T09:13:57+00:00\" \/>\n<meta property=\"og:image\" content=\"https:\/\/comixburo.com\/wp-content\/uploads\/2024\/10\/heros-du-peuple-tome-1-Comix-Buro.webp\" \/>\n\t<meta property=\"og:image:width\" content=\"600\" \/>\n\t<meta property=\"og:image:height\" content=\"800\" \/>\n\t<meta property=\"og:image:type\" content=\"image\/webp\" \/>\n<meta name=\"twitter:card\" content=\"summary_large_image\" \/>\n<meta name=\"twitter:label1\" content=\"Estimated reading time\" \/>\n\t<meta name=\"twitter:data1\" content=\"2 minutes\" \/>\n<script type=\"application\/ld+json\" class=\"yoast-schema-graph\">{\"@context\":\"https:\/\/schema.org\",\"@graph\":[{\"@type\":\"WebPage\",\"@id\":\"https:\/\/comixburo.com\/produit\/heros-du-peuple-tome-1\/\",\"url\":\"https:\/\/comixburo.com\/produit\/heros-du-peuple-tome-1\/\",\"name\":\"H\u00e9ros du peuple - tome 1 - comixburo.com\",\"isPartOf\":{\"@id\":\"https:\/\/comixburo.com\/#website\"},\"primaryImageOfPage\":{\"@id\":\"https:\/\/comixburo.com\/produit\/heros-du-peuple-tome-1\/#primaryimage\"},\"image\":{\"@id\":\"https:\/\/comixburo.com\/produit\/heros-du-peuple-tome-1\/#primaryimage\"},\"thumbnailUrl\":\"https:\/\/comixburo.com\/wp-content\/uploads\/2024\/10\/heros-du-peuple-tome-1-Comix-Buro.webp\",\"datePublished\":\"2024-10-28T16:25:12+00:00\",\"dateModified\":\"2025-05-06T09:13:57+00:00\",\"description\":\"Des h\u00e9ros aux pouvoirs uniques unissent leurs forces pour stopper un complot meurtrier dans une Chine moderne. Action et suspense garantis !\",\"breadcrumb\":{\"@id\":\"https:\/\/comixburo.com\/produit\/heros-du-peuple-tome-1\/#breadcrumb\"},\"inLanguage\":\"en-GB\",\"potentialAction\":[{\"@type\":\"ReadAction\",\"target\":[\"https:\/\/comixburo.com\/produit\/heros-du-peuple-tome-1\/\"]}]},{\"@type\":\"ImageObject\",\"inLanguage\":\"en-GB\",\"@id\":\"https:\/\/comixburo.com\/produit\/heros-du-peuple-tome-1\/#primaryimage\",\"url\":\"https:\/\/comixburo.com\/wp-content\/uploads\/2024\/10\/heros-du-peuple-tome-1-Comix-Buro.webp\",\"contentUrl\":\"https:\/\/comixburo.com\/wp-content\/uploads\/2024\/10\/heros-du-peuple-tome-1-Comix-Buro.webp\",\"width\":600,\"height\":800,\"caption\":\"Couverture de H\u00e9ros du peuple Tome 1\"},{\"@type\":\"BreadcrumbList\",\"@id\":\"https:\/\/comixburo.com\/produit\/heros-du-peuple-tome-1\/#breadcrumb\",\"itemListElement\":[{\"@type\":\"ListItem\",\"position\":1,\"name\":\"Home\",\"item\":\"https:\/\/comixburo.com\/\"},{\"@type\":\"ListItem\",\"position\":2,\"name\":\"La boutique Comix Buro\",\"item\":\"https:\/\/comixburo.com\/la-boutique-comix-buro\/\"},{\"@type\":\"ListItem\",\"position\":3,\"name\":\"H\u00e9ros du peuple &#8211; tome 1\"}]},{\"@type\":\"WebSite\",\"@id\":\"https:\/\/comixburo.com\/#website\",\"url\":\"https:\/\/comixburo.com\/\",\"name\":\"comixburo.com\",\"description\":\"Cr\u00e9ateur de projets : Sketchbook d&#039;artistes !\",\"publisher\":{\"@id\":\"https:\/\/comixburo.com\/#organization\"},\"alternateName\":\"Comix Buro\",\"potentialAction\":[{\"@type\":\"SearchAction\",\"target\":{\"@type\":\"EntryPoint\",\"urlTemplate\":\"https:\/\/comixburo.com\/?s={search_term_string}\"},\"query-input\":{\"@type\":\"PropertyValueSpecification\",\"valueRequired\":true,\"valueName\":\"search_term_string\"}}],\"inLanguage\":\"en-GB\"},{\"@type\":\"Organization\",\"@id\":\"https:\/\/comixburo.com\/#organization\",\"name\":\"comixburo.com\",\"url\":\"https:\/\/comixburo.com\/\",\"logo\":{\"@type\":\"ImageObject\",\"inLanguage\":\"en-GB\",\"@id\":\"https:\/\/comixburo.com\/#\/schema\/logo\/image\/\",\"url\":\"https:\/\/comixburo.com\/wp-content\/uploads\/2025\/04\/logo-cxb-ROND.webp\",\"contentUrl\":\"https:\/\/comixburo.com\/wp-content\/uploads\/2025\/04\/logo-cxb-ROND.webp\",\"width\":200,\"height\":200,\"caption\":\"comixburo.com\"},\"image\":{\"@id\":\"https:\/\/comixburo.com\/#\/schema\/logo\/image\/\"},\"sameAs\":[\"https:\/\/www.facebook.com\/comixburo\",\"https:\/\/www.instagram.com\/comixburo\/\"]}]}<\/script>\n<!-- \/ Yoast SEO plugin. -->","yoast_head_json":{"title":"H\u00e9ros du peuple - tome 1 - comixburo.com","description":"Des h\u00e9ros aux pouvoirs uniques unissent leurs forces pour stopper un complot meurtrier dans une Chine moderne. Action et suspense garantis !","robots":{"index":"index","follow":"follow","max-snippet":"max-snippet:-1","max-image-preview":"max-image-preview:large","max-video-preview":"max-video-preview:-1"},"canonical":"https:\/\/comixburo.com\/en\/product\/heros-du-peuple-tome-1\/","og_locale":"en_GB","og_type":"article","og_title":"H\u00e9ros du peuple - tome 1 - comixburo.com","og_description":"Des h\u00e9ros aux pouvoirs uniques unissent leurs forces pour stopper un complot meurtrier dans une Chine moderne. Action et suspense garantis !","og_url":"https:\/\/comixburo.com\/en\/product\/heros-du-peuple-tome-1\/","og_site_name":"comixburo.com","article_publisher":"https:\/\/www.facebook.com\/comixburo","article_modified_time":"2025-05-06T09:13:57+00:00","og_image":[{"width":600,"height":800,"url":"https:\/\/comixburo.com\/wp-content\/uploads\/2024\/10\/heros-du-peuple-tome-1-Comix-Buro.webp","type":"image\/webp"}],"twitter_card":"summary_large_image","twitter_misc":{"Estimated reading time":"2 minutes"},"schema":{"@context":"https:\/\/schema.org","@graph":[{"@type":"WebPage","@id":"https:\/\/comixburo.com\/produit\/heros-du-peuple-tome-1\/","url":"https:\/\/comixburo.com\/produit\/heros-du-peuple-tome-1\/","name":"H\u00e9ros du peuple - tome 1 - comixburo.com","isPartOf":{"@id":"https:\/\/comixburo.com\/#website"},"primaryImageOfPage":{"@id":"https:\/\/comixburo.com\/produit\/heros-du-peuple-tome-1\/#primaryimage"},"image":{"@id":"https:\/\/comixburo.com\/produit\/heros-du-peuple-tome-1\/#primaryimage"},"thumbnailUrl":"https:\/\/comixburo.com\/wp-content\/uploads\/2024\/10\/heros-du-peuple-tome-1-Comix-Buro.webp","datePublished":"2024-10-28T16:25:12+00:00","dateModified":"2025-05-06T09:13:57+00:00","description":"Des h\u00e9ros aux pouvoirs uniques unissent leurs forces pour stopper un complot meurtrier dans une Chine moderne. Action et suspense garantis !","breadcrumb":{"@id":"https:\/\/comixburo.com\/produit\/heros-du-peuple-tome-1\/#breadcrumb"},"inLanguage":"en-GB","potentialAction":[{"@type":"ReadAction","target":["https:\/\/comixburo.com\/produit\/heros-du-peuple-tome-1\/"]}]},{"@type":"ImageObject","inLanguage":"en-GB","@id":"https:\/\/comixburo.com\/produit\/heros-du-peuple-tome-1\/#primaryimage","url":"https:\/\/comixburo.com\/wp-content\/uploads\/2024\/10\/heros-du-peuple-tome-1-Comix-Buro.webp","contentUrl":"https:\/\/comixburo.com\/wp-content\/uploads\/2024\/10\/heros-du-peuple-tome-1-Comix-Buro.webp","width":600,"height":800,"caption":"Couverture de H\u00e9ros du peuple Tome 1"},{"@type":"BreadcrumbList","@id":"https:\/\/comixburo.com\/produit\/heros-du-peuple-tome-1\/#breadcrumb","itemListElement":[{"@type":"ListItem","position":1,"name":"Home","item":"https:\/\/comixburo.com\/"},{"@type":"ListItem","position":2,"name":"La boutique Comix Buro","item":"https:\/\/comixburo.com\/la-boutique-comix-buro\/"},{"@type":"ListItem","position":3,"name":"H\u00e9ros du peuple &#8211; tome 1"}]},{"@type":"WebSite","@id":"https:\/\/comixburo.com\/#website","url":"https:\/\/comixburo.com\/","name":"comixburo.com","description":"Cr\u00e9ateur de projets : Sketchbook d&#039;artistes !","publisher":{"@id":"https:\/\/comixburo.com\/#organization"},"alternateName":"Comix Buro","potentialAction":[{"@type":"SearchAction","target":{"@type":"EntryPoint","urlTemplate":"https:\/\/comixburo.com\/?s={search_term_string}"},"query-input":{"@type":"PropertyValueSpecification","valueRequired":true,"valueName":"search_term_string"}}],"inLanguage":"en-GB"},{"@type":"Organization","@id":"https:\/\/comixburo.com\/#organization","name":"comixburo.com","url":"https:\/\/comixburo.com\/","logo":{"@type":"ImageObject","inLanguage":"en-GB","@id":"https:\/\/comixburo.com\/#\/schema\/logo\/image\/","url":"https:\/\/comixburo.com\/wp-content\/uploads\/2025\/04\/logo-cxb-ROND.webp","contentUrl":"https:\/\/comixburo.com\/wp-content\/uploads\/2025\/04\/logo-cxb-ROND.webp","width":200,"height":200,"caption":"comixburo.com"},"image":{"@id":"https:\/\/comixburo.com\/#\/schema\/logo\/image\/"},"sameAs":["https:\/\/www.facebook.com\/comixburo","https:\/\/www.instagram.com\/comixburo\/"]}]}},"jetpack_sharing_enabled":true,"_links":{"self":[{"href":"https:\/\/comixburo.com\/en\/wp-json\/wp\/v2\/product\/16345","targetHints":{"allow":["GET"]}}],"collection":[{"href":"https:\/\/comixburo.com\/en\/wp-json\/wp\/v2\/product"}],"about":[{"href":"https:\/\/comixburo.com\/en\/wp-json\/wp\/v2\/types\/product"}],"replies":[{"embeddable":true,"href":"https:\/\/comixburo.com\/en\/wp-json\/wp\/v2\/comments?post=16345"}],"version-history":[{"count":3,"href":"https:\/\/comixburo.com\/en\/wp-json\/wp\/v2\/product\/16345\/revisions"}],"predecessor-version":[{"id":19656,"href":"https:\/\/comixburo.com\/en\/wp-json\/wp\/v2\/product\/16345\/revisions\/19656"}],"wp:featuredmedia":[{"embeddable":true,"href":"https:\/\/comixburo.com\/en\/wp-json\/wp\/v2\/media\/16346"}],"wp:attachment":[{"href":"https:\/\/comixburo.com\/en\/wp-json\/wp\/v2\/media?parent=16345"}],"wp:term":[{"taxonomy":"product_brand","embeddable":true,"href":"https:\/\/comixburo.com\/en\/wp-json\/wp\/v2\/product_brand?post=16345"},{"taxonomy":"product_cat","embeddable":true,"href":"https:\/\/comixburo.com\/en\/wp-json\/wp\/v2\/product_cat?post=16345"},{"taxonomy":"product_tag","embeddable":true,"href":"https:\/\/comixburo.com\/en\/wp-json\/wp\/v2\/product_tag?post=16345"}],"curies":[{"name":"wp","href":"https:\/\/api.w.org\/{rel}","templated":true}]}}