{"id":16490,"date":"2024-10-29T11:22:39","date_gmt":"2024-10-29T10:22:39","guid":{"rendered":"https:\/\/comixburo.com\/?post_type=product&#038;p=16490"},"modified":"2025-05-06T11:12:47","modified_gmt":"2025-05-06T09:12:47","slug":"sketchbook-reynes","status":"publish","type":"product","link":"https:\/\/comixburo.com\/en\/product\/sketchbook-reynes\/","title":{"rendered":"Sketchbook Reynes"},"content":{"rendered":"<h2><strong>Sketchbook Reyn\u00e8s<\/strong><\/h2>\n<ul>\n<li>Auteur : <a href=\"https:\/\/www.instagram.com\/mathieu_reynes\/\">Mathieu Reyn\u00e8s<\/a><\/li>\n<li>\u00c9diteur : <a href=\"https:\/\/comixburo.com\/en\/\">Comix Buro<\/a><\/li>\n<li>Date de parution : 2013<\/li>\n<li>isbn : 9782916518688<\/li>\n<li>48 pages couleur \u2013 Format : 18 x 22 cm \u2013 Broch\u00e9<\/li>\n<li>Les 900 premiers exemplaires sont num\u00e9rot\u00e9s et sign\u00e9s par l\u2019auteur.<\/li>\n<\/ul>\n<p class=\"\" data-start=\"136\" data-end=\"214\"><strong data-start=\"136\" data-end=\"214\">D\u00e9couvrez l\u2019univers graphique de Mathieu Reyn\u00e8s gr\u00e2ce au Sketchbook Reyn\u00e8s<\/strong><\/p>\n<p class=\"\" data-start=\"216\" data-end=\"530\">Plongez dans l\u2019univers visuel de <strong data-start=\"249\" data-end=\"267\">Mathieu Reyn\u00e8s<\/strong>, talentueux auteur et dessinateur de <strong data-start=\"305\" data-end=\"323\">La Peur g\u00e9ante <\/strong>et d\u2019<strong data-start=\"371\" data-end=\"384\">Alter Ego<\/strong>. Le <strong data-start=\"398\" data-end=\"419\">Sketchbook Reyn\u00e8s<\/strong> vous ouvre les portes de son imaginaire, \u00e0 travers une riche s\u00e9lection de croquis et de recherches graphiques.<\/p>\n<p class=\"\" data-start=\"532\" data-end=\"592\">Dans la pure tradition des sketchbooks, cet ouvrage r\u00e9unit :<\/p>\n<ul data-start=\"593\" data-end=\"715\">\n<li class=\"\" data-start=\"593\" data-end=\"623\">\n<p class=\"\" data-start=\"595\" data-end=\"623\">des \u00e9tudes de personnages,<\/p>\n<\/li>\n<li class=\"\" data-start=\"624\" data-end=\"654\">\n<p class=\"\" data-start=\"626\" data-end=\"654\">des croquis pr\u00e9paratoires,<\/p>\n<\/li>\n<li class=\"\" data-start=\"655\" data-end=\"688\">\n<p class=\"\" data-start=\"657\" data-end=\"688\">des illustrations originales,<\/p>\n<\/li>\n<li class=\"\" data-start=\"689\" data-end=\"715\">\n<p class=\"\" data-start=\"691\" data-end=\"715\">des d\u00e9dicaces uniques.<\/p>\n<\/li>\n<\/ul>\n<p class=\"\" data-start=\"717\" data-end=\"995\">Vous y retrouverez des hommages visuels \u00e0 l\u2019univers des super-h\u00e9ros, \u00e0 <strong data-start=\"788\" data-end=\"801\">Star Wars<\/strong> ou \u00e0 <strong data-start=\"807\" data-end=\"826\">Game of Thrones<\/strong>, mais aussi des dessins issus de <strong data-start=\"860\" data-end=\"878\">La Peur g\u00e9ante<\/strong> et d\u2019<strong data-start=\"884\" data-end=\"897\">Alter Ego<\/strong>. Le sketchbook propose \u00e9galement une galerie vari\u00e9e de vaisseaux spatiaux et d\u2019engins futuristes.<\/p>\n<p class=\"\" data-start=\"997\" data-end=\"1196\">Les <strong data-start=\"1001\" data-end=\"1011\">pin-up<\/strong> y occupent une place de choix : sensuelles ou guerri\u00e8res, en lingerie, en combinaison spatiale ou habill\u00e9es de bas r\u00e9sille, elles illustrent toute la richesse stylistique de l\u2019artiste.<\/p>\n<p>Avec <a href=\"https:\/\/comixburo.com\/en\/product-category\/sketchbook\/\">la collection Sketchbooks<\/a>, Comix Buro vous invite \u00e0 feuilleter les carnets des meilleurs artistes de la bande dessin\u00e9e et de l\u2019illustration. Vous y trouverez au d\u00e9tour des pages des cr\u00e9atures \u00e9tranges, des mod\u00e8les vivants captur\u00e9s sur papier, des croquis ramen\u00e9s de pays lointains, des vaisseaux spatiaux sur leur pas de tir, des story-boards, et bien d\u2019autres choses encore.<\/p>","protected":false},"excerpt":{"rendered":"<p>Sketchbook Reyn\u00e8s Auteur : Mathieu Reyn\u00e8s \u00c9diteur : Comix Buro Date de parution : 2013 isbn : 9782916518688 48 pages<\/p>","protected":false},"featured_media":16384,"comment_status":"open","ping_status":"closed","template":"","meta":[],"product_brand":[108],"product_cat":[110,75,93],"product_tag":[],"class_list":{"0":"post-16490","1":"product","2":"type-product","3":"status-publish","4":"has-post-thumbnail","6":"product_brand-comix-buro","7":"product_cat-comix-buro","8":"product_cat-sketchbook","9":"product_cat-tous","11":"first","12":"instock","13":"taxable","14":"shipping-taxable","15":"purchasable","16":"product-type-simple"},"yoast_head":"<!-- This site is optimized with the Yoast SEO plugin v26.9 - https:\/\/yoast.com\/product\/yoast-seo-wordpress\/ -->\n<title>Sketchbook Reynes - comixburo.com<\/title>\n<meta name=\"description\" content=\"D\u00e9couvrez Reynes avec le sketchbook : croquis, designs, pin-up, hommages \u00e0 Star Wars et super-h\u00e9ros. Incontournable pour les fans de BD et d\u2019illustration.\" \/>\n<meta name=\"robots\" content=\"index, follow, max-snippet:-1, max-image-preview:large, max-video-preview:-1\" \/>\n<link rel=\"canonical\" href=\"https:\/\/comixburo.com\/en\/product\/sketchbook-reynes\/\" \/>\n<meta property=\"og:locale\" content=\"en_GB\" \/>\n<meta property=\"og:type\" content=\"article\" \/>\n<meta property=\"og:title\" content=\"Sketchbook Reynes - comixburo.com\" \/>\n<meta property=\"og:description\" content=\"D\u00e9couvrez Reynes avec le sketchbook : croquis, designs, pin-up, hommages \u00e0 Star Wars et super-h\u00e9ros. Incontournable pour les fans de BD et d\u2019illustration.\" \/>\n<meta property=\"og:url\" content=\"https:\/\/comixburo.com\/en\/product\/sketchbook-reynes\/\" \/>\n<meta property=\"og:site_name\" content=\"comixburo.com\" \/>\n<meta property=\"article:publisher\" content=\"https:\/\/www.facebook.com\/comixburo\" \/>\n<meta property=\"article:modified_time\" content=\"2025-05-06T09:12:47+00:00\" \/>\n<meta property=\"og:image\" content=\"https:\/\/comixburo.com\/wp-content\/uploads\/2024\/10\/Sketchbook-Reynes-Comix-Buro.webp\" \/>\n\t<meta property=\"og:image:width\" content=\"1000\" \/>\n\t<meta property=\"og:image:height\" content=\"1220\" \/>\n\t<meta property=\"og:image:type\" content=\"image\/webp\" \/>\n<meta name=\"twitter:card\" content=\"summary_large_image\" \/>\n<meta name=\"twitter:label1\" content=\"Estimated reading time\" \/>\n\t<meta name=\"twitter:data1\" content=\"2 minutes\" \/>\n<script type=\"application\/ld+json\" class=\"yoast-schema-graph\">{\"@context\":\"https:\/\/schema.org\",\"@graph\":[{\"@type\":\"WebPage\",\"@id\":\"https:\/\/comixburo.com\/produit\/sketchbook-reynes\/\",\"url\":\"https:\/\/comixburo.com\/produit\/sketchbook-reynes\/\",\"name\":\"Sketchbook Reynes - comixburo.com\",\"isPartOf\":{\"@id\":\"https:\/\/comixburo.com\/#website\"},\"primaryImageOfPage\":{\"@id\":\"https:\/\/comixburo.com\/produit\/sketchbook-reynes\/#primaryimage\"},\"image\":{\"@id\":\"https:\/\/comixburo.com\/produit\/sketchbook-reynes\/#primaryimage\"},\"thumbnailUrl\":\"https:\/\/comixburo.com\/wp-content\/uploads\/2024\/10\/Sketchbook-Reynes-Comix-Buro.webp\",\"datePublished\":\"2024-10-29T10:22:39+00:00\",\"dateModified\":\"2025-05-06T09:12:47+00:00\",\"description\":\"D\u00e9couvrez Reynes avec le sketchbook : croquis, designs, pin-up, hommages \u00e0 Star Wars et super-h\u00e9ros. Incontournable pour les fans de BD et d\u2019illustration.\",\"breadcrumb\":{\"@id\":\"https:\/\/comixburo.com\/produit\/sketchbook-reynes\/#breadcrumb\"},\"inLanguage\":\"en-GB\",\"potentialAction\":[{\"@type\":\"ReadAction\",\"target\":[\"https:\/\/comixburo.com\/produit\/sketchbook-reynes\/\"]}]},{\"@type\":\"ImageObject\",\"inLanguage\":\"en-GB\",\"@id\":\"https:\/\/comixburo.com\/produit\/sketchbook-reynes\/#primaryimage\",\"url\":\"https:\/\/comixburo.com\/wp-content\/uploads\/2024\/10\/Sketchbook-Reynes-Comix-Buro.webp\",\"contentUrl\":\"https:\/\/comixburo.com\/wp-content\/uploads\/2024\/10\/Sketchbook-Reynes-Comix-Buro.webp\",\"width\":1000,\"height\":1220,\"caption\":\"Couverture du sketchbook de Reynes\"},{\"@type\":\"BreadcrumbList\",\"@id\":\"https:\/\/comixburo.com\/produit\/sketchbook-reynes\/#breadcrumb\",\"itemListElement\":[{\"@type\":\"ListItem\",\"position\":1,\"name\":\"Home\",\"item\":\"https:\/\/comixburo.com\/\"},{\"@type\":\"ListItem\",\"position\":2,\"name\":\"La boutique Comix Buro\",\"item\":\"https:\/\/comixburo.com\/la-boutique-comix-buro\/\"},{\"@type\":\"ListItem\",\"position\":3,\"name\":\"Sketchbook Reynes\"}]},{\"@type\":\"WebSite\",\"@id\":\"https:\/\/comixburo.com\/#website\",\"url\":\"https:\/\/comixburo.com\/\",\"name\":\"comixburo.com\",\"description\":\"Cr\u00e9ateur de projets : Sketchbook d&#039;artistes !\",\"publisher\":{\"@id\":\"https:\/\/comixburo.com\/#organization\"},\"alternateName\":\"Comix Buro\",\"potentialAction\":[{\"@type\":\"SearchAction\",\"target\":{\"@type\":\"EntryPoint\",\"urlTemplate\":\"https:\/\/comixburo.com\/?s={search_term_string}\"},\"query-input\":{\"@type\":\"PropertyValueSpecification\",\"valueRequired\":true,\"valueName\":\"search_term_string\"}}],\"inLanguage\":\"en-GB\"},{\"@type\":\"Organization\",\"@id\":\"https:\/\/comixburo.com\/#organization\",\"name\":\"comixburo.com\",\"url\":\"https:\/\/comixburo.com\/\",\"logo\":{\"@type\":\"ImageObject\",\"inLanguage\":\"en-GB\",\"@id\":\"https:\/\/comixburo.com\/#\/schema\/logo\/image\/\",\"url\":\"https:\/\/comixburo.com\/wp-content\/uploads\/2025\/04\/logo-cxb-ROND.webp\",\"contentUrl\":\"https:\/\/comixburo.com\/wp-content\/uploads\/2025\/04\/logo-cxb-ROND.webp\",\"width\":200,\"height\":200,\"caption\":\"comixburo.com\"},\"image\":{\"@id\":\"https:\/\/comixburo.com\/#\/schema\/logo\/image\/\"},\"sameAs\":[\"https:\/\/www.facebook.com\/comixburo\",\"https:\/\/www.instagram.com\/comixburo\/\"]}]}<\/script>\n<!-- \/ Yoast SEO plugin. -->","yoast_head_json":{"title":"Sketchbook Reynes - comixburo.com","description":"D\u00e9couvrez Reynes avec le sketchbook : croquis, designs, pin-up, hommages \u00e0 Star Wars et super-h\u00e9ros. Incontournable pour les fans de BD et d\u2019illustration.","robots":{"index":"index","follow":"follow","max-snippet":"max-snippet:-1","max-image-preview":"max-image-preview:large","max-video-preview":"max-video-preview:-1"},"canonical":"https:\/\/comixburo.com\/en\/product\/sketchbook-reynes\/","og_locale":"en_GB","og_type":"article","og_title":"Sketchbook Reynes - comixburo.com","og_description":"D\u00e9couvrez Reynes avec le sketchbook : croquis, designs, pin-up, hommages \u00e0 Star Wars et super-h\u00e9ros. Incontournable pour les fans de BD et d\u2019illustration.","og_url":"https:\/\/comixburo.com\/en\/product\/sketchbook-reynes\/","og_site_name":"comixburo.com","article_publisher":"https:\/\/www.facebook.com\/comixburo","article_modified_time":"2025-05-06T09:12:47+00:00","og_image":[{"width":1000,"height":1220,"url":"https:\/\/comixburo.com\/wp-content\/uploads\/2024\/10\/Sketchbook-Reynes-Comix-Buro.webp","type":"image\/webp"}],"twitter_card":"summary_large_image","twitter_misc":{"Estimated reading time":"2 minutes"},"schema":{"@context":"https:\/\/schema.org","@graph":[{"@type":"WebPage","@id":"https:\/\/comixburo.com\/produit\/sketchbook-reynes\/","url":"https:\/\/comixburo.com\/produit\/sketchbook-reynes\/","name":"Sketchbook Reynes - comixburo.com","isPartOf":{"@id":"https:\/\/comixburo.com\/#website"},"primaryImageOfPage":{"@id":"https:\/\/comixburo.com\/produit\/sketchbook-reynes\/#primaryimage"},"image":{"@id":"https:\/\/comixburo.com\/produit\/sketchbook-reynes\/#primaryimage"},"thumbnailUrl":"https:\/\/comixburo.com\/wp-content\/uploads\/2024\/10\/Sketchbook-Reynes-Comix-Buro.webp","datePublished":"2024-10-29T10:22:39+00:00","dateModified":"2025-05-06T09:12:47+00:00","description":"D\u00e9couvrez Reynes avec le sketchbook : croquis, designs, pin-up, hommages \u00e0 Star Wars et super-h\u00e9ros. Incontournable pour les fans de BD et d\u2019illustration.","breadcrumb":{"@id":"https:\/\/comixburo.com\/produit\/sketchbook-reynes\/#breadcrumb"},"inLanguage":"en-GB","potentialAction":[{"@type":"ReadAction","target":["https:\/\/comixburo.com\/produit\/sketchbook-reynes\/"]}]},{"@type":"ImageObject","inLanguage":"en-GB","@id":"https:\/\/comixburo.com\/produit\/sketchbook-reynes\/#primaryimage","url":"https:\/\/comixburo.com\/wp-content\/uploads\/2024\/10\/Sketchbook-Reynes-Comix-Buro.webp","contentUrl":"https:\/\/comixburo.com\/wp-content\/uploads\/2024\/10\/Sketchbook-Reynes-Comix-Buro.webp","width":1000,"height":1220,"caption":"Couverture du sketchbook de Reynes"},{"@type":"BreadcrumbList","@id":"https:\/\/comixburo.com\/produit\/sketchbook-reynes\/#breadcrumb","itemListElement":[{"@type":"ListItem","position":1,"name":"Home","item":"https:\/\/comixburo.com\/"},{"@type":"ListItem","position":2,"name":"La boutique Comix Buro","item":"https:\/\/comixburo.com\/la-boutique-comix-buro\/"},{"@type":"ListItem","position":3,"name":"Sketchbook Reynes"}]},{"@type":"WebSite","@id":"https:\/\/comixburo.com\/#website","url":"https:\/\/comixburo.com\/","name":"comixburo.com","description":"Cr\u00e9ateur de projets : Sketchbook d&#039;artistes !","publisher":{"@id":"https:\/\/comixburo.com\/#organization"},"alternateName":"Comix Buro","potentialAction":[{"@type":"SearchAction","target":{"@type":"EntryPoint","urlTemplate":"https:\/\/comixburo.com\/?s={search_term_string}"},"query-input":{"@type":"PropertyValueSpecification","valueRequired":true,"valueName":"search_term_string"}}],"inLanguage":"en-GB"},{"@type":"Organization","@id":"https:\/\/comixburo.com\/#organization","name":"comixburo.com","url":"https:\/\/comixburo.com\/","logo":{"@type":"ImageObject","inLanguage":"en-GB","@id":"https:\/\/comixburo.com\/#\/schema\/logo\/image\/","url":"https:\/\/comixburo.com\/wp-content\/uploads\/2025\/04\/logo-cxb-ROND.webp","contentUrl":"https:\/\/comixburo.com\/wp-content\/uploads\/2025\/04\/logo-cxb-ROND.webp","width":200,"height":200,"caption":"comixburo.com"},"image":{"@id":"https:\/\/comixburo.com\/#\/schema\/logo\/image\/"},"sameAs":["https:\/\/www.facebook.com\/comixburo","https:\/\/www.instagram.com\/comixburo\/"]}]}},"jetpack_sharing_enabled":true,"_links":{"self":[{"href":"https:\/\/comixburo.com\/en\/wp-json\/wp\/v2\/product\/16490","targetHints":{"allow":["GET"]}}],"collection":[{"href":"https:\/\/comixburo.com\/en\/wp-json\/wp\/v2\/product"}],"about":[{"href":"https:\/\/comixburo.com\/en\/wp-json\/wp\/v2\/types\/product"}],"replies":[{"embeddable":true,"href":"https:\/\/comixburo.com\/en\/wp-json\/wp\/v2\/comments?post=16490"}],"version-history":[{"count":3,"href":"https:\/\/comixburo.com\/en\/wp-json\/wp\/v2\/product\/16490\/revisions"}],"predecessor-version":[{"id":19652,"href":"https:\/\/comixburo.com\/en\/wp-json\/wp\/v2\/product\/16490\/revisions\/19652"}],"wp:featuredmedia":[{"embeddable":true,"href":"https:\/\/comixburo.com\/en\/wp-json\/wp\/v2\/media\/16384"}],"wp:attachment":[{"href":"https:\/\/comixburo.com\/en\/wp-json\/wp\/v2\/media?parent=16490"}],"wp:term":[{"taxonomy":"product_brand","embeddable":true,"href":"https:\/\/comixburo.com\/en\/wp-json\/wp\/v2\/product_brand?post=16490"},{"taxonomy":"product_cat","embeddable":true,"href":"https:\/\/comixburo.com\/en\/wp-json\/wp\/v2\/product_cat?post=16490"},{"taxonomy":"product_tag","embeddable":true,"href":"https:\/\/comixburo.com\/en\/wp-json\/wp\/v2\/product_tag?post=16490"}],"curies":[{"name":"wp","href":"https:\/\/api.w.org\/{rel}","templated":true}]}}