{"id":16492,"date":"2024-10-29T11:23:51","date_gmt":"2024-10-29T10:23:51","guid":{"rendered":"https:\/\/comixburo.com\/?post_type=product&#038;p=16492"},"modified":"2025-05-06T11:12:47","modified_gmt":"2025-05-06T09:12:47","slug":"sketchbook-ponzio","status":"publish","type":"product","link":"https:\/\/comixburo.com\/en\/product\/sketchbook-ponzio\/","title":{"rendered":"Sketchbook Ponzio"},"content":{"rendered":"<h2><strong>Sketchbook Ponzio<\/strong><\/h2>\n<ul>\n<li>Auteur : <a href=\"https:\/\/www.instagram.com\/jean_michel_ponzio\/\">Jean-Michel Ponzio<\/a><\/li>\n<li>\u00c9diteur : <a href=\"https:\/\/comixburo.com\/en\/\">Comix Buro<\/a><\/li>\n<li>Date de parution : 2009<\/li>\n<li>isbn : 9782916518251<\/li>\n<li>48 pages couleur \u2013 Format : 18 x 22 cm \u2013 Broch\u00e9<\/li>\n<li>Les 900 premiers exemplaires sont num\u00e9rot\u00e9s et sign\u00e9s par l\u2019auteur.<\/li>\n<\/ul>\n<p>Jean-Michel Ponzio est n\u00e9 en 1967 \u00e0 Rognac. Apr\u00e8s des \u00e9tudes de communication, il r\u00e9alise des courts-m\u00e9trages en 3D puis des d\u00e9cors pour la publicit\u00e9 et le cin\u00e9ma (Batman &amp;Robin, Fight Club, Heaven). En 2001, il signe ses premi\u00e8res illustrations pour les \u00e9ditions J\u2019ai lu, avant de s\u2019orienter vers la BD. En 2004, para\u00eet son premier album aux \u00e9ditions Soleil, d\u2019apr\u00e8s des nouvelles \u00e9crites par Laurent Genefort. Il publie ensuite l\u2019adaptation en BD d\u2019un roman de science-fiction, l\u2019\u0152il du purgatoire, aux \u00e9ditions Carabas. Plus tard, sa collaboration avec Richard Marazano sur 2 s\u00e9ries renforce sa r\u00e9putation de dessinateur ultrar\u00e9aliste. En 2008, il adapte le film de Barbet Shroeder Inju en BD. Il continue parall\u00e8lement de concevoir des univers pour la publicit\u00e9 ou le cin\u00e9ma.<\/p>\n<p>Avec <a href=\"https:\/\/comixburo.com\/en\/product-category\/sketchbook\/\">la collection Sketchbooks<\/a>, Comix Buro vous invite \u00e0 feuilleter les carnets des meilleurs artistes de la bande dessin\u00e9e et de l\u2019illustration. Vous y trouverez au d\u00e9tour des pages des cr\u00e9atures \u00e9tranges, des mod\u00e8les vivants captur\u00e9s sur papier, des croquis ramen\u00e9s de pays lointains, des vaisseaux spatiaux sur leur pas de tir, des story-boards, et bien d\u2019autres choses encore.<\/p>","protected":false},"excerpt":{"rendered":"<p>Plongez dans l\u2019univers de la collection\u00a0<em>Sketchbooks<\/em>\u00a0publi\u00e9e par COMIX BURO et d\u00e9couvrez les carnets de croquis des meilleurs auteurs et autrices de bande dessin\u00e9e !<\/p>","protected":false},"featured_media":16383,"comment_status":"open","ping_status":"closed","template":"","meta":[],"product_brand":[108],"product_cat":[110,75,93],"product_tag":[],"class_list":{"0":"post-16492","1":"product","2":"type-product","3":"status-publish","4":"has-post-thumbnail","6":"product_brand-comix-buro","7":"product_cat-comix-buro","8":"product_cat-sketchbook","9":"product_cat-tous","11":"first","12":"instock","13":"taxable","14":"shipping-taxable","15":"purchasable","16":"product-type-simple"},"yoast_head":"<!-- This site is optimized with the Yoast SEO plugin v26.9 - https:\/\/yoast.com\/product\/yoast-seo-wordpress\/ -->\n<title>Sketchbook Ponzio - comixburo.com<\/title>\n<meta name=\"description\" content=\"Explorez l\u2019univers de Ponzio dans sketchbook : croquis d\u00e9taill\u00e9s, portraits vibrants et sc\u00e8nes pleines de tension, o\u00f9 se m\u00ealent r\u00e9alisme et style personnel.\" \/>\n<meta name=\"robots\" content=\"index, follow, max-snippet:-1, max-image-preview:large, max-video-preview:-1\" \/>\n<link rel=\"canonical\" href=\"https:\/\/comixburo.com\/en\/product\/sketchbook-ponzio\/\" \/>\n<meta property=\"og:locale\" content=\"en_GB\" \/>\n<meta property=\"og:type\" content=\"article\" \/>\n<meta property=\"og:title\" content=\"Sketchbook Ponzio - comixburo.com\" \/>\n<meta property=\"og:description\" content=\"Explorez l\u2019univers de Ponzio dans sketchbook : croquis d\u00e9taill\u00e9s, portraits vibrants et sc\u00e8nes pleines de tension, o\u00f9 se m\u00ealent r\u00e9alisme et style personnel.\" \/>\n<meta property=\"og:url\" content=\"https:\/\/comixburo.com\/en\/product\/sketchbook-ponzio\/\" \/>\n<meta property=\"og:site_name\" content=\"comixburo.com\" \/>\n<meta property=\"article:publisher\" content=\"https:\/\/www.facebook.com\/comixburo\" \/>\n<meta property=\"article:modified_time\" content=\"2025-05-06T09:12:47+00:00\" \/>\n<meta property=\"og:image\" content=\"https:\/\/comixburo.com\/wp-content\/uploads\/2024\/10\/Sketchbook-Ponzio-Comix-Buro.webp\" \/>\n\t<meta property=\"og:image:width\" content=\"512\" \/>\n\t<meta property=\"og:image:height\" content=\"625\" \/>\n\t<meta property=\"og:image:type\" content=\"image\/webp\" \/>\n<meta name=\"twitter:card\" content=\"summary_large_image\" \/>\n<meta name=\"twitter:label1\" content=\"Estimated reading time\" \/>\n\t<meta name=\"twitter:data1\" content=\"2 minutes\" \/>\n<script type=\"application\/ld+json\" class=\"yoast-schema-graph\">{\"@context\":\"https:\/\/schema.org\",\"@graph\":[{\"@type\":\"WebPage\",\"@id\":\"https:\/\/comixburo.com\/produit\/sketchbook-ponzio\/\",\"url\":\"https:\/\/comixburo.com\/produit\/sketchbook-ponzio\/\",\"name\":\"Sketchbook Ponzio - comixburo.com\",\"isPartOf\":{\"@id\":\"https:\/\/comixburo.com\/#website\"},\"primaryImageOfPage\":{\"@id\":\"https:\/\/comixburo.com\/produit\/sketchbook-ponzio\/#primaryimage\"},\"image\":{\"@id\":\"https:\/\/comixburo.com\/produit\/sketchbook-ponzio\/#primaryimage\"},\"thumbnailUrl\":\"https:\/\/comixburo.com\/wp-content\/uploads\/2024\/10\/Sketchbook-Ponzio-Comix-Buro.webp\",\"datePublished\":\"2024-10-29T10:23:51+00:00\",\"dateModified\":\"2025-05-06T09:12:47+00:00\",\"description\":\"Explorez l\u2019univers de Ponzio dans sketchbook : croquis d\u00e9taill\u00e9s, portraits vibrants et sc\u00e8nes pleines de tension, o\u00f9 se m\u00ealent r\u00e9alisme et style personnel.\",\"breadcrumb\":{\"@id\":\"https:\/\/comixburo.com\/produit\/sketchbook-ponzio\/#breadcrumb\"},\"inLanguage\":\"en-GB\",\"potentialAction\":[{\"@type\":\"ReadAction\",\"target\":[\"https:\/\/comixburo.com\/produit\/sketchbook-ponzio\/\"]}]},{\"@type\":\"ImageObject\",\"inLanguage\":\"en-GB\",\"@id\":\"https:\/\/comixburo.com\/produit\/sketchbook-ponzio\/#primaryimage\",\"url\":\"https:\/\/comixburo.com\/wp-content\/uploads\/2024\/10\/Sketchbook-Ponzio-Comix-Buro.webp\",\"contentUrl\":\"https:\/\/comixburo.com\/wp-content\/uploads\/2024\/10\/Sketchbook-Ponzio-Comix-Buro.webp\",\"width\":512,\"height\":625,\"caption\":\"Couverture du sketchbook de Ponzio\"},{\"@type\":\"BreadcrumbList\",\"@id\":\"https:\/\/comixburo.com\/produit\/sketchbook-ponzio\/#breadcrumb\",\"itemListElement\":[{\"@type\":\"ListItem\",\"position\":1,\"name\":\"Home\",\"item\":\"https:\/\/comixburo.com\/\"},{\"@type\":\"ListItem\",\"position\":2,\"name\":\"La boutique Comix Buro\",\"item\":\"https:\/\/comixburo.com\/la-boutique-comix-buro\/\"},{\"@type\":\"ListItem\",\"position\":3,\"name\":\"Sketchbook Ponzio\"}]},{\"@type\":\"WebSite\",\"@id\":\"https:\/\/comixburo.com\/#website\",\"url\":\"https:\/\/comixburo.com\/\",\"name\":\"comixburo.com\",\"description\":\"Cr\u00e9ateur de projets : Sketchbook d&#039;artistes !\",\"publisher\":{\"@id\":\"https:\/\/comixburo.com\/#organization\"},\"alternateName\":\"Comix Buro\",\"potentialAction\":[{\"@type\":\"SearchAction\",\"target\":{\"@type\":\"EntryPoint\",\"urlTemplate\":\"https:\/\/comixburo.com\/?s={search_term_string}\"},\"query-input\":{\"@type\":\"PropertyValueSpecification\",\"valueRequired\":true,\"valueName\":\"search_term_string\"}}],\"inLanguage\":\"en-GB\"},{\"@type\":\"Organization\",\"@id\":\"https:\/\/comixburo.com\/#organization\",\"name\":\"comixburo.com\",\"url\":\"https:\/\/comixburo.com\/\",\"logo\":{\"@type\":\"ImageObject\",\"inLanguage\":\"en-GB\",\"@id\":\"https:\/\/comixburo.com\/#\/schema\/logo\/image\/\",\"url\":\"https:\/\/comixburo.com\/wp-content\/uploads\/2025\/04\/logo-cxb-ROND.webp\",\"contentUrl\":\"https:\/\/comixburo.com\/wp-content\/uploads\/2025\/04\/logo-cxb-ROND.webp\",\"width\":200,\"height\":200,\"caption\":\"comixburo.com\"},\"image\":{\"@id\":\"https:\/\/comixburo.com\/#\/schema\/logo\/image\/\"},\"sameAs\":[\"https:\/\/www.facebook.com\/comixburo\",\"https:\/\/www.instagram.com\/comixburo\/\"]}]}<\/script>\n<!-- \/ Yoast SEO plugin. -->","yoast_head_json":{"title":"Sketchbook Ponzio - comixburo.com","description":"Explorez l\u2019univers de Ponzio dans sketchbook : croquis d\u00e9taill\u00e9s, portraits vibrants et sc\u00e8nes pleines de tension, o\u00f9 se m\u00ealent r\u00e9alisme et style personnel.","robots":{"index":"index","follow":"follow","max-snippet":"max-snippet:-1","max-image-preview":"max-image-preview:large","max-video-preview":"max-video-preview:-1"},"canonical":"https:\/\/comixburo.com\/en\/product\/sketchbook-ponzio\/","og_locale":"en_GB","og_type":"article","og_title":"Sketchbook Ponzio - comixburo.com","og_description":"Explorez l\u2019univers de Ponzio dans sketchbook : croquis d\u00e9taill\u00e9s, portraits vibrants et sc\u00e8nes pleines de tension, o\u00f9 se m\u00ealent r\u00e9alisme et style personnel.","og_url":"https:\/\/comixburo.com\/en\/product\/sketchbook-ponzio\/","og_site_name":"comixburo.com","article_publisher":"https:\/\/www.facebook.com\/comixburo","article_modified_time":"2025-05-06T09:12:47+00:00","og_image":[{"width":512,"height":625,"url":"https:\/\/comixburo.com\/wp-content\/uploads\/2024\/10\/Sketchbook-Ponzio-Comix-Buro.webp","type":"image\/webp"}],"twitter_card":"summary_large_image","twitter_misc":{"Estimated reading time":"2 minutes"},"schema":{"@context":"https:\/\/schema.org","@graph":[{"@type":"WebPage","@id":"https:\/\/comixburo.com\/produit\/sketchbook-ponzio\/","url":"https:\/\/comixburo.com\/produit\/sketchbook-ponzio\/","name":"Sketchbook Ponzio - comixburo.com","isPartOf":{"@id":"https:\/\/comixburo.com\/#website"},"primaryImageOfPage":{"@id":"https:\/\/comixburo.com\/produit\/sketchbook-ponzio\/#primaryimage"},"image":{"@id":"https:\/\/comixburo.com\/produit\/sketchbook-ponzio\/#primaryimage"},"thumbnailUrl":"https:\/\/comixburo.com\/wp-content\/uploads\/2024\/10\/Sketchbook-Ponzio-Comix-Buro.webp","datePublished":"2024-10-29T10:23:51+00:00","dateModified":"2025-05-06T09:12:47+00:00","description":"Explorez l\u2019univers de Ponzio dans sketchbook : croquis d\u00e9taill\u00e9s, portraits vibrants et sc\u00e8nes pleines de tension, o\u00f9 se m\u00ealent r\u00e9alisme et style personnel.","breadcrumb":{"@id":"https:\/\/comixburo.com\/produit\/sketchbook-ponzio\/#breadcrumb"},"inLanguage":"en-GB","potentialAction":[{"@type":"ReadAction","target":["https:\/\/comixburo.com\/produit\/sketchbook-ponzio\/"]}]},{"@type":"ImageObject","inLanguage":"en-GB","@id":"https:\/\/comixburo.com\/produit\/sketchbook-ponzio\/#primaryimage","url":"https:\/\/comixburo.com\/wp-content\/uploads\/2024\/10\/Sketchbook-Ponzio-Comix-Buro.webp","contentUrl":"https:\/\/comixburo.com\/wp-content\/uploads\/2024\/10\/Sketchbook-Ponzio-Comix-Buro.webp","width":512,"height":625,"caption":"Couverture du sketchbook de Ponzio"},{"@type":"BreadcrumbList","@id":"https:\/\/comixburo.com\/produit\/sketchbook-ponzio\/#breadcrumb","itemListElement":[{"@type":"ListItem","position":1,"name":"Home","item":"https:\/\/comixburo.com\/"},{"@type":"ListItem","position":2,"name":"La boutique Comix Buro","item":"https:\/\/comixburo.com\/la-boutique-comix-buro\/"},{"@type":"ListItem","position":3,"name":"Sketchbook Ponzio"}]},{"@type":"WebSite","@id":"https:\/\/comixburo.com\/#website","url":"https:\/\/comixburo.com\/","name":"comixburo.com","description":"Cr\u00e9ateur de projets : Sketchbook d&#039;artistes !","publisher":{"@id":"https:\/\/comixburo.com\/#organization"},"alternateName":"Comix Buro","potentialAction":[{"@type":"SearchAction","target":{"@type":"EntryPoint","urlTemplate":"https:\/\/comixburo.com\/?s={search_term_string}"},"query-input":{"@type":"PropertyValueSpecification","valueRequired":true,"valueName":"search_term_string"}}],"inLanguage":"en-GB"},{"@type":"Organization","@id":"https:\/\/comixburo.com\/#organization","name":"comixburo.com","url":"https:\/\/comixburo.com\/","logo":{"@type":"ImageObject","inLanguage":"en-GB","@id":"https:\/\/comixburo.com\/#\/schema\/logo\/image\/","url":"https:\/\/comixburo.com\/wp-content\/uploads\/2025\/04\/logo-cxb-ROND.webp","contentUrl":"https:\/\/comixburo.com\/wp-content\/uploads\/2025\/04\/logo-cxb-ROND.webp","width":200,"height":200,"caption":"comixburo.com"},"image":{"@id":"https:\/\/comixburo.com\/#\/schema\/logo\/image\/"},"sameAs":["https:\/\/www.facebook.com\/comixburo","https:\/\/www.instagram.com\/comixburo\/"]}]}},"jetpack_sharing_enabled":true,"_links":{"self":[{"href":"https:\/\/comixburo.com\/en\/wp-json\/wp\/v2\/product\/16492","targetHints":{"allow":["GET"]}}],"collection":[{"href":"https:\/\/comixburo.com\/en\/wp-json\/wp\/v2\/product"}],"about":[{"href":"https:\/\/comixburo.com\/en\/wp-json\/wp\/v2\/types\/product"}],"replies":[{"embeddable":true,"href":"https:\/\/comixburo.com\/en\/wp-json\/wp\/v2\/comments?post=16492"}],"version-history":[{"count":5,"href":"https:\/\/comixburo.com\/en\/wp-json\/wp\/v2\/product\/16492\/revisions"}],"predecessor-version":[{"id":19650,"href":"https:\/\/comixburo.com\/en\/wp-json\/wp\/v2\/product\/16492\/revisions\/19650"}],"wp:featuredmedia":[{"embeddable":true,"href":"https:\/\/comixburo.com\/en\/wp-json\/wp\/v2\/media\/16383"}],"wp:attachment":[{"href":"https:\/\/comixburo.com\/en\/wp-json\/wp\/v2\/media?parent=16492"}],"wp:term":[{"taxonomy":"product_brand","embeddable":true,"href":"https:\/\/comixburo.com\/en\/wp-json\/wp\/v2\/product_brand?post=16492"},{"taxonomy":"product_cat","embeddable":true,"href":"https:\/\/comixburo.com\/en\/wp-json\/wp\/v2\/product_cat?post=16492"},{"taxonomy":"product_tag","embeddable":true,"href":"https:\/\/comixburo.com\/en\/wp-json\/wp\/v2\/product_tag?post=16492"}],"curies":[{"name":"wp","href":"https:\/\/api.w.org\/{rel}","templated":true}]}}