{"id":16498,"date":"2024-10-29T11:28:00","date_gmt":"2024-10-29T10:28:00","guid":{"rendered":"https:\/\/comixburo.com\/?post_type=product&#038;p=16498"},"modified":"2025-05-06T11:12:47","modified_gmt":"2025-05-06T09:12:47","slug":"sketchbook-mig","status":"publish","type":"product","link":"https:\/\/comixburo.com\/en\/product\/sketchbook-mig\/","title":{"rendered":"Sketchbook Mig"},"content":{"rendered":"<h2><strong>Sketchbook Mig<\/strong><\/h2>\n<p>Auteur : <a href=\"https:\/\/www.instagram.com\/migouze\/\">Mig<\/a>.<br \/>\n\u00c9diteur : <a href=\"https:\/\/comixburo.com\/en\/\">Comix Buro.<\/a><br \/>\nDate de parution : 2014.<br \/>\nisbn : 9782916518732.<br \/>\n48 pages couleur \u2013 Format : 18 x 22 cm \u2013 Broch\u00e9.<br \/>\nLes 900 premiers exemplaires sont num\u00e9rot\u00e9s et sign\u00e9s par l\u2019auteur.<\/p>\n<p class=\"\" data-start=\"116\" data-end=\"361\"><strong data-start=\"116\" data-end=\"230\">D\u00e9couvrez le sketchbook de Mig, dessinateur polyvalent venu du manga, de l\u2019animation et de la BD franco-belge.<\/strong> Il a illustr\u00e9 des titres comme <em data-start=\"262\" data-end=\"270\">Ogrest<\/em>, <em data-start=\"272\" data-end=\"307\">Un petit livre oubli\u00e9 sur un banc<\/em>, <em data-start=\"309\" data-end=\"321\">Shak Shaka<\/em> ou encore <em data-start=\"332\" data-end=\"360\">Dofus Monster : Zato\u00efshwan<\/em>.<\/p>\n<p class=\"\" data-start=\"363\" data-end=\"581\"><strong data-start=\"363\" data-end=\"426\">Ce sketchbook d\u00e9voile la richesse de son univers graphique.<\/strong> Croquis pr\u00e9paratoires, recherches de personnages, postures, ambiances, ex-libris, bestioles, pin-up&#8230; tout y est. Chaque page est comment\u00e9e par l\u2019auteur.<\/p>\n<p class=\"\" data-start=\"583\" data-end=\"847\"><strong data-start=\"583\" data-end=\"655\">Le trait de Mig oscille entre r\u00e9alisme soign\u00e9 et style cartoonesque.<\/strong> Vous y d\u00e9couvrirez aussi des dessins autour de th\u00e8mes qui lui sont chers : la femme, les chats, les petites cr\u00e9atures, ou encore le Ninnin, un personnage qu\u2019il fait \u00e9voluer depuis des ann\u00e9es.<\/p>\n<p class=\"\" data-start=\"849\" data-end=\"981\">Portraits pris sur le vif, autoportraits, croquis de proches&#8230; <strong data-start=\"913\" data-end=\"981\">ce carnet offre une immersion intime dans son processus cr\u00e9atif.<\/strong><\/p>\n<p class=\"\" data-start=\"983\" data-end=\"1233\">Fait partie de la collection <em data-start=\"1012\" data-end=\"1025\">Sketchbooks<\/em> par Comix Buro, qui rassemble les carnets de croquis des meilleurs artistes BD et illustrateurs contemporains. <strong data-start=\"1137\" data-end=\"1233\">Un voyage visuel entre mondes imaginaires, sc\u00e8nes du quotidien et inspirations personnelles.<\/strong><\/p>","protected":false},"excerpt":{"rendered":"<p>Plongez dans l\u2019univers de la collection\u00a0<em>Sketchbooks<\/em>\u00a0publi\u00e9e par COMIX BURO et d\u00e9couvrez les carnets de croquis des meilleurs auteurs et autrices de bande dessin\u00e9e !<\/p>","protected":false},"featured_media":16380,"comment_status":"open","ping_status":"closed","template":"","meta":[],"product_brand":[108],"product_cat":[110,75,93],"product_tag":[],"class_list":{"0":"post-16498","1":"product","2":"type-product","3":"status-publish","4":"has-post-thumbnail","6":"product_brand-comix-buro","7":"product_cat-comix-buro","8":"product_cat-sketchbook","9":"product_cat-tous","11":"first","12":"instock","13":"taxable","14":"shipping-taxable","15":"purchasable","16":"product-type-simple"},"yoast_head":"<!-- This site is optimized with the Yoast SEO plugin v26.9 - https:\/\/yoast.com\/product\/yoast-seo-wordpress\/ -->\n<title>Sketchbook Mig - comixburo.com<\/title>\n<meta name=\"description\" content=\"Plongez dans le monde de Mig : un sketchbook rempli de croquis narratifs, de personnages attachants et d\u2019univers doux-amers, entre po\u00e9sie et expressivit\u00e9.\" \/>\n<meta name=\"robots\" content=\"index, follow, max-snippet:-1, max-image-preview:large, max-video-preview:-1\" \/>\n<link rel=\"canonical\" href=\"https:\/\/comixburo.com\/en\/product\/sketchbook-mig\/\" \/>\n<meta property=\"og:locale\" content=\"en_GB\" \/>\n<meta property=\"og:type\" content=\"article\" \/>\n<meta property=\"og:title\" content=\"Sketchbook Mig - comixburo.com\" \/>\n<meta property=\"og:description\" content=\"Plongez dans le monde de Mig : un sketchbook rempli de croquis narratifs, de personnages attachants et d\u2019univers doux-amers, entre po\u00e9sie et expressivit\u00e9.\" \/>\n<meta property=\"og:url\" content=\"https:\/\/comixburo.com\/en\/product\/sketchbook-mig\/\" \/>\n<meta property=\"og:site_name\" content=\"comixburo.com\" \/>\n<meta property=\"article:publisher\" content=\"https:\/\/www.facebook.com\/comixburo\" \/>\n<meta property=\"article:modified_time\" content=\"2025-05-06T09:12:47+00:00\" \/>\n<meta property=\"og:image\" content=\"https:\/\/comixburo.com\/wp-content\/uploads\/2024\/10\/Sketchbook-Mig-Comix-Buro.webp\" \/>\n\t<meta property=\"og:image:width\" content=\"818\" \/>\n\t<meta property=\"og:image:height\" content=\"1000\" \/>\n\t<meta property=\"og:image:type\" content=\"image\/webp\" \/>\n<meta name=\"twitter:card\" content=\"summary_large_image\" \/>\n<meta name=\"twitter:label1\" content=\"Estimated reading time\" \/>\n\t<meta name=\"twitter:data1\" content=\"2 minutes\" \/>\n<script type=\"application\/ld+json\" class=\"yoast-schema-graph\">{\"@context\":\"https:\/\/schema.org\",\"@graph\":[{\"@type\":\"WebPage\",\"@id\":\"https:\/\/comixburo.com\/produit\/sketchbook-mig\/\",\"url\":\"https:\/\/comixburo.com\/produit\/sketchbook-mig\/\",\"name\":\"Sketchbook Mig - comixburo.com\",\"isPartOf\":{\"@id\":\"https:\/\/comixburo.com\/#website\"},\"primaryImageOfPage\":{\"@id\":\"https:\/\/comixburo.com\/produit\/sketchbook-mig\/#primaryimage\"},\"image\":{\"@id\":\"https:\/\/comixburo.com\/produit\/sketchbook-mig\/#primaryimage\"},\"thumbnailUrl\":\"https:\/\/comixburo.com\/wp-content\/uploads\/2024\/10\/Sketchbook-Mig-Comix-Buro.webp\",\"datePublished\":\"2024-10-29T10:28:00+00:00\",\"dateModified\":\"2025-05-06T09:12:47+00:00\",\"description\":\"Plongez dans le monde de Mig : un sketchbook rempli de croquis narratifs, de personnages attachants et d\u2019univers doux-amers, entre po\u00e9sie et expressivit\u00e9.\",\"breadcrumb\":{\"@id\":\"https:\/\/comixburo.com\/produit\/sketchbook-mig\/#breadcrumb\"},\"inLanguage\":\"en-GB\",\"potentialAction\":[{\"@type\":\"ReadAction\",\"target\":[\"https:\/\/comixburo.com\/produit\/sketchbook-mig\/\"]}]},{\"@type\":\"ImageObject\",\"inLanguage\":\"en-GB\",\"@id\":\"https:\/\/comixburo.com\/produit\/sketchbook-mig\/#primaryimage\",\"url\":\"https:\/\/comixburo.com\/wp-content\/uploads\/2024\/10\/Sketchbook-Mig-Comix-Buro.webp\",\"contentUrl\":\"https:\/\/comixburo.com\/wp-content\/uploads\/2024\/10\/Sketchbook-Mig-Comix-Buro.webp\",\"width\":818,\"height\":1000,\"caption\":\"Couverture du sketchbook de Mig\"},{\"@type\":\"BreadcrumbList\",\"@id\":\"https:\/\/comixburo.com\/produit\/sketchbook-mig\/#breadcrumb\",\"itemListElement\":[{\"@type\":\"ListItem\",\"position\":1,\"name\":\"Home\",\"item\":\"https:\/\/comixburo.com\/\"},{\"@type\":\"ListItem\",\"position\":2,\"name\":\"La boutique Comix Buro\",\"item\":\"https:\/\/comixburo.com\/la-boutique-comix-buro\/\"},{\"@type\":\"ListItem\",\"position\":3,\"name\":\"Sketchbook Mig\"}]},{\"@type\":\"WebSite\",\"@id\":\"https:\/\/comixburo.com\/#website\",\"url\":\"https:\/\/comixburo.com\/\",\"name\":\"comixburo.com\",\"description\":\"Cr\u00e9ateur de projets : Sketchbook d&#039;artistes !\",\"publisher\":{\"@id\":\"https:\/\/comixburo.com\/#organization\"},\"alternateName\":\"Comix Buro\",\"potentialAction\":[{\"@type\":\"SearchAction\",\"target\":{\"@type\":\"EntryPoint\",\"urlTemplate\":\"https:\/\/comixburo.com\/?s={search_term_string}\"},\"query-input\":{\"@type\":\"PropertyValueSpecification\",\"valueRequired\":true,\"valueName\":\"search_term_string\"}}],\"inLanguage\":\"en-GB\"},{\"@type\":\"Organization\",\"@id\":\"https:\/\/comixburo.com\/#organization\",\"name\":\"comixburo.com\",\"url\":\"https:\/\/comixburo.com\/\",\"logo\":{\"@type\":\"ImageObject\",\"inLanguage\":\"en-GB\",\"@id\":\"https:\/\/comixburo.com\/#\/schema\/logo\/image\/\",\"url\":\"https:\/\/comixburo.com\/wp-content\/uploads\/2025\/04\/logo-cxb-ROND.webp\",\"contentUrl\":\"https:\/\/comixburo.com\/wp-content\/uploads\/2025\/04\/logo-cxb-ROND.webp\",\"width\":200,\"height\":200,\"caption\":\"comixburo.com\"},\"image\":{\"@id\":\"https:\/\/comixburo.com\/#\/schema\/logo\/image\/\"},\"sameAs\":[\"https:\/\/www.facebook.com\/comixburo\",\"https:\/\/www.instagram.com\/comixburo\/\"]}]}<\/script>\n<!-- \/ Yoast SEO plugin. -->","yoast_head_json":{"title":"Sketchbook Mig - comixburo.com","description":"Plongez dans le monde de Mig : un sketchbook rempli de croquis narratifs, de personnages attachants et d\u2019univers doux-amers, entre po\u00e9sie et expressivit\u00e9.","robots":{"index":"index","follow":"follow","max-snippet":"max-snippet:-1","max-image-preview":"max-image-preview:large","max-video-preview":"max-video-preview:-1"},"canonical":"https:\/\/comixburo.com\/en\/product\/sketchbook-mig\/","og_locale":"en_GB","og_type":"article","og_title":"Sketchbook Mig - comixburo.com","og_description":"Plongez dans le monde de Mig : un sketchbook rempli de croquis narratifs, de personnages attachants et d\u2019univers doux-amers, entre po\u00e9sie et expressivit\u00e9.","og_url":"https:\/\/comixburo.com\/en\/product\/sketchbook-mig\/","og_site_name":"comixburo.com","article_publisher":"https:\/\/www.facebook.com\/comixburo","article_modified_time":"2025-05-06T09:12:47+00:00","og_image":[{"width":818,"height":1000,"url":"https:\/\/comixburo.com\/wp-content\/uploads\/2024\/10\/Sketchbook-Mig-Comix-Buro.webp","type":"image\/webp"}],"twitter_card":"summary_large_image","twitter_misc":{"Estimated reading time":"2 minutes"},"schema":{"@context":"https:\/\/schema.org","@graph":[{"@type":"WebPage","@id":"https:\/\/comixburo.com\/produit\/sketchbook-mig\/","url":"https:\/\/comixburo.com\/produit\/sketchbook-mig\/","name":"Sketchbook Mig - comixburo.com","isPartOf":{"@id":"https:\/\/comixburo.com\/#website"},"primaryImageOfPage":{"@id":"https:\/\/comixburo.com\/produit\/sketchbook-mig\/#primaryimage"},"image":{"@id":"https:\/\/comixburo.com\/produit\/sketchbook-mig\/#primaryimage"},"thumbnailUrl":"https:\/\/comixburo.com\/wp-content\/uploads\/2024\/10\/Sketchbook-Mig-Comix-Buro.webp","datePublished":"2024-10-29T10:28:00+00:00","dateModified":"2025-05-06T09:12:47+00:00","description":"Plongez dans le monde de Mig : un sketchbook rempli de croquis narratifs, de personnages attachants et d\u2019univers doux-amers, entre po\u00e9sie et expressivit\u00e9.","breadcrumb":{"@id":"https:\/\/comixburo.com\/produit\/sketchbook-mig\/#breadcrumb"},"inLanguage":"en-GB","potentialAction":[{"@type":"ReadAction","target":["https:\/\/comixburo.com\/produit\/sketchbook-mig\/"]}]},{"@type":"ImageObject","inLanguage":"en-GB","@id":"https:\/\/comixburo.com\/produit\/sketchbook-mig\/#primaryimage","url":"https:\/\/comixburo.com\/wp-content\/uploads\/2024\/10\/Sketchbook-Mig-Comix-Buro.webp","contentUrl":"https:\/\/comixburo.com\/wp-content\/uploads\/2024\/10\/Sketchbook-Mig-Comix-Buro.webp","width":818,"height":1000,"caption":"Couverture du sketchbook de Mig"},{"@type":"BreadcrumbList","@id":"https:\/\/comixburo.com\/produit\/sketchbook-mig\/#breadcrumb","itemListElement":[{"@type":"ListItem","position":1,"name":"Home","item":"https:\/\/comixburo.com\/"},{"@type":"ListItem","position":2,"name":"La boutique Comix Buro","item":"https:\/\/comixburo.com\/la-boutique-comix-buro\/"},{"@type":"ListItem","position":3,"name":"Sketchbook Mig"}]},{"@type":"WebSite","@id":"https:\/\/comixburo.com\/#website","url":"https:\/\/comixburo.com\/","name":"comixburo.com","description":"Cr\u00e9ateur de projets : Sketchbook d&#039;artistes !","publisher":{"@id":"https:\/\/comixburo.com\/#organization"},"alternateName":"Comix Buro","potentialAction":[{"@type":"SearchAction","target":{"@type":"EntryPoint","urlTemplate":"https:\/\/comixburo.com\/?s={search_term_string}"},"query-input":{"@type":"PropertyValueSpecification","valueRequired":true,"valueName":"search_term_string"}}],"inLanguage":"en-GB"},{"@type":"Organization","@id":"https:\/\/comixburo.com\/#organization","name":"comixburo.com","url":"https:\/\/comixburo.com\/","logo":{"@type":"ImageObject","inLanguage":"en-GB","@id":"https:\/\/comixburo.com\/#\/schema\/logo\/image\/","url":"https:\/\/comixburo.com\/wp-content\/uploads\/2025\/04\/logo-cxb-ROND.webp","contentUrl":"https:\/\/comixburo.com\/wp-content\/uploads\/2025\/04\/logo-cxb-ROND.webp","width":200,"height":200,"caption":"comixburo.com"},"image":{"@id":"https:\/\/comixburo.com\/#\/schema\/logo\/image\/"},"sameAs":["https:\/\/www.facebook.com\/comixburo","https:\/\/www.instagram.com\/comixburo\/"]}]}},"jetpack_sharing_enabled":true,"_links":{"self":[{"href":"https:\/\/comixburo.com\/en\/wp-json\/wp\/v2\/product\/16498","targetHints":{"allow":["GET"]}}],"collection":[{"href":"https:\/\/comixburo.com\/en\/wp-json\/wp\/v2\/product"}],"about":[{"href":"https:\/\/comixburo.com\/en\/wp-json\/wp\/v2\/types\/product"}],"replies":[{"embeddable":true,"href":"https:\/\/comixburo.com\/en\/wp-json\/wp\/v2\/comments?post=16498"}],"version-history":[{"count":3,"href":"https:\/\/comixburo.com\/en\/wp-json\/wp\/v2\/product\/16498\/revisions"}],"predecessor-version":[{"id":19640,"href":"https:\/\/comixburo.com\/en\/wp-json\/wp\/v2\/product\/16498\/revisions\/19640"}],"wp:featuredmedia":[{"embeddable":true,"href":"https:\/\/comixburo.com\/en\/wp-json\/wp\/v2\/media\/16380"}],"wp:attachment":[{"href":"https:\/\/comixburo.com\/en\/wp-json\/wp\/v2\/media?parent=16498"}],"wp:term":[{"taxonomy":"product_brand","embeddable":true,"href":"https:\/\/comixburo.com\/en\/wp-json\/wp\/v2\/product_brand?post=16498"},{"taxonomy":"product_cat","embeddable":true,"href":"https:\/\/comixburo.com\/en\/wp-json\/wp\/v2\/product_cat?post=16498"},{"taxonomy":"product_tag","embeddable":true,"href":"https:\/\/comixburo.com\/en\/wp-json\/wp\/v2\/product_tag?post=16498"}],"curies":[{"name":"wp","href":"https:\/\/api.w.org\/{rel}","templated":true}]}}