{"id":16506,"date":"2024-10-29T11:32:38","date_gmt":"2024-10-29T10:32:38","guid":{"rendered":"https:\/\/comixburo.com\/?post_type=product&#038;p=16506"},"modified":"2025-05-06T11:12:47","modified_gmt":"2025-05-06T09:12:47","slug":"sketchbook-maester","status":"publish","type":"product","link":"https:\/\/comixburo.com\/en\/product\/sketchbook-maester\/","title":{"rendered":"Sketchbook Maester"},"content":{"rendered":"<h2><strong>Sketchbook Ma\u00ebster<\/strong><\/h2>\n<p>Auteur : <a href=\"https:\/\/www.facebook.com\/p\/Ma%C3%ABster-100063448490226\/?locale=fr_FR\">Ma\u00ebster<\/a><br \/>\n\u00c9diteur : <a href=\"https:\/\/comixburo.com\/en\/\">Comix Buro<\/a><br \/>\nDate de parution : 2010<br \/>\nisbn : 9782916518404<br \/>\n48 pages couleur \u2013 Format : 18 x 22 cm \u2013 Broch\u00e9<br \/>\nLes 900 premiers exemplaires sont num\u00e9rot\u00e9s et sign\u00e9s par l\u2019auteur.<\/p>\n<p>Le pur bonheur de dessiner : ce Sketchbook Ma\u00ebster vous plonge dans l\u2019univers d\u00e9jant\u00e9, mais sensible du dessinateur.<br \/>\nEt c\u2019est S\u0153ur Marie-Th\u00e9r\u00e8se qui donne le ton ! \u00c9crasant de ses formes les Bellaminettes, les sublimes p\u00e9p\u00e9es de Vatine et les Suzette de Dean Yeagle, c\u2019est incontestablement la plus sexy des pin-up de la s\u00e9rie !! Elle n\u2019est pr\u00e9sente qu\u2019en couverture\u2026 mais ose le nu int\u00e9gral, si, si.Et elle n\u2019est pas seule en sc\u00e8ne : stars de cin\u00e9ma, bimbos g\u00e9n\u00e9reuses, cow-boys de l\u00e9gendes, tronches anonymes, bribes de voyages ou bestioles diverses c\u00f4toient de superbes nus \u00ab classiques \u00bb, croquis d\u2019atelier, instinctifs et po\u00e9tiques que la couleur vient parfois sublimer.<br \/>\nL\u2019auteur des aventures de la plus truculente des religieuses nous livre un sketchbook d\u00e9bordant d\u2019in\u00e9dits. Crobards, caricatures, clins d\u2019\u0153il, coups de c\u0153ur, mais aussi tentatives et exp\u00e9riences\u2026 Bref, du dessin, du vrai, sous toutes ses formes.<\/p>\n<p>Avec <a href=\"https:\/\/comixburo.com\/en\/product-category\/sketchbook\/\">la collection Sketchbooks<\/a>, Comix Buro vous invite \u00e0 feuilleter les carnets des meilleurs artistes de la bande dessin\u00e9e et de l\u2019illustration. Vous y trouverez au d\u00e9tour des pages des cr\u00e9atures \u00e9tranges, des mod\u00e8les vivants captur\u00e9s sur papier, des croquis ramen\u00e9s de pays lointains, des vaisseaux spatiaux sur leur pas de tir, des story-boards, et bien d\u2019autres choses encore.<\/p>","protected":false},"excerpt":{"rendered":"<p>Plongez dans l\u2019univers de la collection\u00a0<em>Sketchbooks<\/em>\u00a0publi\u00e9e par COMIX BURO et d\u00e9couvrez les carnets de croquis des meilleurs auteurs et autrices de bande dessin\u00e9e !<\/p>","protected":false},"featured_media":16376,"comment_status":"open","ping_status":"closed","template":"","meta":[],"product_brand":[108],"product_cat":[110,75,93],"product_tag":[],"class_list":{"0":"post-16506","1":"product","2":"type-product","3":"status-publish","4":"has-post-thumbnail","6":"product_brand-comix-buro","7":"product_cat-comix-buro","8":"product_cat-sketchbook","9":"product_cat-tous","11":"first","12":"instock","13":"taxable","14":"shipping-taxable","15":"purchasable","16":"product-type-simple"},"yoast_head":"<!-- This site is optimized with the Yoast SEO plugin v26.9 - https:\/\/yoast.com\/product\/yoast-seo-wordpress\/ -->\n<title>Sketchbook Maester - comixburo.com<\/title>\n<meta name=\"description\" content=\"Sketchbook Ma\u00ebster : d\u00e9couvrez les croquis ac\u00e9r\u00e9s, portraits caricaturaux et univers d\u00e9lirants de Ma\u00ebster, ma\u00eetre de l\u2019humour graphique.\" \/>\n<meta name=\"robots\" content=\"index, follow, max-snippet:-1, max-image-preview:large, max-video-preview:-1\" \/>\n<link rel=\"canonical\" href=\"https:\/\/comixburo.com\/en\/product\/sketchbook-maester\/\" \/>\n<meta property=\"og:locale\" content=\"en_GB\" \/>\n<meta property=\"og:type\" content=\"article\" \/>\n<meta property=\"og:title\" content=\"Sketchbook Maester - comixburo.com\" \/>\n<meta property=\"og:description\" content=\"Sketchbook Ma\u00ebster : d\u00e9couvrez les croquis ac\u00e9r\u00e9s, portraits caricaturaux et univers d\u00e9lirants de Ma\u00ebster, ma\u00eetre de l\u2019humour graphique.\" \/>\n<meta property=\"og:url\" content=\"https:\/\/comixburo.com\/en\/product\/sketchbook-maester\/\" \/>\n<meta property=\"og:site_name\" content=\"comixburo.com\" \/>\n<meta property=\"article:publisher\" content=\"https:\/\/www.facebook.com\/comixburo\" \/>\n<meta property=\"article:modified_time\" content=\"2025-05-06T09:12:47+00:00\" \/>\n<meta property=\"og:image\" content=\"https:\/\/comixburo.com\/wp-content\/uploads\/2024\/10\/Sketchbook-Maester-Comix-Buro.webp\" \/>\n\t<meta property=\"og:image:width\" content=\"655\" \/>\n\t<meta property=\"og:image:height\" content=\"800\" \/>\n\t<meta property=\"og:image:type\" content=\"image\/webp\" \/>\n<meta name=\"twitter:card\" content=\"summary_large_image\" \/>\n<meta name=\"twitter:label1\" content=\"Estimated reading time\" \/>\n\t<meta name=\"twitter:data1\" content=\"2 minutes\" \/>\n<script type=\"application\/ld+json\" class=\"yoast-schema-graph\">{\"@context\":\"https:\/\/schema.org\",\"@graph\":[{\"@type\":\"WebPage\",\"@id\":\"https:\/\/comixburo.com\/produit\/sketchbook-maester\/\",\"url\":\"https:\/\/comixburo.com\/produit\/sketchbook-maester\/\",\"name\":\"Sketchbook Maester - comixburo.com\",\"isPartOf\":{\"@id\":\"https:\/\/comixburo.com\/#website\"},\"primaryImageOfPage\":{\"@id\":\"https:\/\/comixburo.com\/produit\/sketchbook-maester\/#primaryimage\"},\"image\":{\"@id\":\"https:\/\/comixburo.com\/produit\/sketchbook-maester\/#primaryimage\"},\"thumbnailUrl\":\"https:\/\/comixburo.com\/wp-content\/uploads\/2024\/10\/Sketchbook-Maester-Comix-Buro.webp\",\"datePublished\":\"2024-10-29T10:32:38+00:00\",\"dateModified\":\"2025-05-06T09:12:47+00:00\",\"description\":\"Sketchbook Ma\u00ebster : d\u00e9couvrez les croquis ac\u00e9r\u00e9s, portraits caricaturaux et univers d\u00e9lirants de Ma\u00ebster, ma\u00eetre de l\u2019humour graphique.\",\"breadcrumb\":{\"@id\":\"https:\/\/comixburo.com\/produit\/sketchbook-maester\/#breadcrumb\"},\"inLanguage\":\"en-GB\",\"potentialAction\":[{\"@type\":\"ReadAction\",\"target\":[\"https:\/\/comixburo.com\/produit\/sketchbook-maester\/\"]}]},{\"@type\":\"ImageObject\",\"inLanguage\":\"en-GB\",\"@id\":\"https:\/\/comixburo.com\/produit\/sketchbook-maester\/#primaryimage\",\"url\":\"https:\/\/comixburo.com\/wp-content\/uploads\/2024\/10\/Sketchbook-Maester-Comix-Buro.webp\",\"contentUrl\":\"https:\/\/comixburo.com\/wp-content\/uploads\/2024\/10\/Sketchbook-Maester-Comix-Buro.webp\",\"width\":655,\"height\":800,\"caption\":\"Couverture du sketchbook de Ma\u00ebster\"},{\"@type\":\"BreadcrumbList\",\"@id\":\"https:\/\/comixburo.com\/produit\/sketchbook-maester\/#breadcrumb\",\"itemListElement\":[{\"@type\":\"ListItem\",\"position\":1,\"name\":\"Home\",\"item\":\"https:\/\/comixburo.com\/\"},{\"@type\":\"ListItem\",\"position\":2,\"name\":\"La boutique Comix Buro\",\"item\":\"https:\/\/comixburo.com\/la-boutique-comix-buro\/\"},{\"@type\":\"ListItem\",\"position\":3,\"name\":\"Sketchbook Maester\"}]},{\"@type\":\"WebSite\",\"@id\":\"https:\/\/comixburo.com\/#website\",\"url\":\"https:\/\/comixburo.com\/\",\"name\":\"comixburo.com\",\"description\":\"Cr\u00e9ateur de projets : Sketchbook d&#039;artistes !\",\"publisher\":{\"@id\":\"https:\/\/comixburo.com\/#organization\"},\"alternateName\":\"Comix Buro\",\"potentialAction\":[{\"@type\":\"SearchAction\",\"target\":{\"@type\":\"EntryPoint\",\"urlTemplate\":\"https:\/\/comixburo.com\/?s={search_term_string}\"},\"query-input\":{\"@type\":\"PropertyValueSpecification\",\"valueRequired\":true,\"valueName\":\"search_term_string\"}}],\"inLanguage\":\"en-GB\"},{\"@type\":\"Organization\",\"@id\":\"https:\/\/comixburo.com\/#organization\",\"name\":\"comixburo.com\",\"url\":\"https:\/\/comixburo.com\/\",\"logo\":{\"@type\":\"ImageObject\",\"inLanguage\":\"en-GB\",\"@id\":\"https:\/\/comixburo.com\/#\/schema\/logo\/image\/\",\"url\":\"https:\/\/comixburo.com\/wp-content\/uploads\/2025\/04\/logo-cxb-ROND.webp\",\"contentUrl\":\"https:\/\/comixburo.com\/wp-content\/uploads\/2025\/04\/logo-cxb-ROND.webp\",\"width\":200,\"height\":200,\"caption\":\"comixburo.com\"},\"image\":{\"@id\":\"https:\/\/comixburo.com\/#\/schema\/logo\/image\/\"},\"sameAs\":[\"https:\/\/www.facebook.com\/comixburo\",\"https:\/\/www.instagram.com\/comixburo\/\"]}]}<\/script>\n<!-- \/ Yoast SEO plugin. -->","yoast_head_json":{"title":"Sketchbook Maester - comixburo.com","description":"Sketchbook Ma\u00ebster : d\u00e9couvrez les croquis ac\u00e9r\u00e9s, portraits caricaturaux et univers d\u00e9lirants de Ma\u00ebster, ma\u00eetre de l\u2019humour graphique.","robots":{"index":"index","follow":"follow","max-snippet":"max-snippet:-1","max-image-preview":"max-image-preview:large","max-video-preview":"max-video-preview:-1"},"canonical":"https:\/\/comixburo.com\/en\/product\/sketchbook-maester\/","og_locale":"en_GB","og_type":"article","og_title":"Sketchbook Maester - comixburo.com","og_description":"Sketchbook Ma\u00ebster : d\u00e9couvrez les croquis ac\u00e9r\u00e9s, portraits caricaturaux et univers d\u00e9lirants de Ma\u00ebster, ma\u00eetre de l\u2019humour graphique.","og_url":"https:\/\/comixburo.com\/en\/product\/sketchbook-maester\/","og_site_name":"comixburo.com","article_publisher":"https:\/\/www.facebook.com\/comixburo","article_modified_time":"2025-05-06T09:12:47+00:00","og_image":[{"width":655,"height":800,"url":"https:\/\/comixburo.com\/wp-content\/uploads\/2024\/10\/Sketchbook-Maester-Comix-Buro.webp","type":"image\/webp"}],"twitter_card":"summary_large_image","twitter_misc":{"Estimated reading time":"2 minutes"},"schema":{"@context":"https:\/\/schema.org","@graph":[{"@type":"WebPage","@id":"https:\/\/comixburo.com\/produit\/sketchbook-maester\/","url":"https:\/\/comixburo.com\/produit\/sketchbook-maester\/","name":"Sketchbook Maester - comixburo.com","isPartOf":{"@id":"https:\/\/comixburo.com\/#website"},"primaryImageOfPage":{"@id":"https:\/\/comixburo.com\/produit\/sketchbook-maester\/#primaryimage"},"image":{"@id":"https:\/\/comixburo.com\/produit\/sketchbook-maester\/#primaryimage"},"thumbnailUrl":"https:\/\/comixburo.com\/wp-content\/uploads\/2024\/10\/Sketchbook-Maester-Comix-Buro.webp","datePublished":"2024-10-29T10:32:38+00:00","dateModified":"2025-05-06T09:12:47+00:00","description":"Sketchbook Ma\u00ebster : d\u00e9couvrez les croquis ac\u00e9r\u00e9s, portraits caricaturaux et univers d\u00e9lirants de Ma\u00ebster, ma\u00eetre de l\u2019humour graphique.","breadcrumb":{"@id":"https:\/\/comixburo.com\/produit\/sketchbook-maester\/#breadcrumb"},"inLanguage":"en-GB","potentialAction":[{"@type":"ReadAction","target":["https:\/\/comixburo.com\/produit\/sketchbook-maester\/"]}]},{"@type":"ImageObject","inLanguage":"en-GB","@id":"https:\/\/comixburo.com\/produit\/sketchbook-maester\/#primaryimage","url":"https:\/\/comixburo.com\/wp-content\/uploads\/2024\/10\/Sketchbook-Maester-Comix-Buro.webp","contentUrl":"https:\/\/comixburo.com\/wp-content\/uploads\/2024\/10\/Sketchbook-Maester-Comix-Buro.webp","width":655,"height":800,"caption":"Couverture du sketchbook de Ma\u00ebster"},{"@type":"BreadcrumbList","@id":"https:\/\/comixburo.com\/produit\/sketchbook-maester\/#breadcrumb","itemListElement":[{"@type":"ListItem","position":1,"name":"Home","item":"https:\/\/comixburo.com\/"},{"@type":"ListItem","position":2,"name":"La boutique Comix Buro","item":"https:\/\/comixburo.com\/la-boutique-comix-buro\/"},{"@type":"ListItem","position":3,"name":"Sketchbook Maester"}]},{"@type":"WebSite","@id":"https:\/\/comixburo.com\/#website","url":"https:\/\/comixburo.com\/","name":"comixburo.com","description":"Cr\u00e9ateur de projets : Sketchbook d&#039;artistes !","publisher":{"@id":"https:\/\/comixburo.com\/#organization"},"alternateName":"Comix Buro","potentialAction":[{"@type":"SearchAction","target":{"@type":"EntryPoint","urlTemplate":"https:\/\/comixburo.com\/?s={search_term_string}"},"query-input":{"@type":"PropertyValueSpecification","valueRequired":true,"valueName":"search_term_string"}}],"inLanguage":"en-GB"},{"@type":"Organization","@id":"https:\/\/comixburo.com\/#organization","name":"comixburo.com","url":"https:\/\/comixburo.com\/","logo":{"@type":"ImageObject","inLanguage":"en-GB","@id":"https:\/\/comixburo.com\/#\/schema\/logo\/image\/","url":"https:\/\/comixburo.com\/wp-content\/uploads\/2025\/04\/logo-cxb-ROND.webp","contentUrl":"https:\/\/comixburo.com\/wp-content\/uploads\/2025\/04\/logo-cxb-ROND.webp","width":200,"height":200,"caption":"comixburo.com"},"image":{"@id":"https:\/\/comixburo.com\/#\/schema\/logo\/image\/"},"sameAs":["https:\/\/www.facebook.com\/comixburo","https:\/\/www.instagram.com\/comixburo\/"]}]}},"jetpack_sharing_enabled":true,"_links":{"self":[{"href":"https:\/\/comixburo.com\/en\/wp-json\/wp\/v2\/product\/16506","targetHints":{"allow":["GET"]}}],"collection":[{"href":"https:\/\/comixburo.com\/en\/wp-json\/wp\/v2\/product"}],"about":[{"href":"https:\/\/comixburo.com\/en\/wp-json\/wp\/v2\/types\/product"}],"replies":[{"embeddable":true,"href":"https:\/\/comixburo.com\/en\/wp-json\/wp\/v2\/comments?post=16506"}],"version-history":[{"count":4,"href":"https:\/\/comixburo.com\/en\/wp-json\/wp\/v2\/product\/16506\/revisions"}],"predecessor-version":[{"id":19632,"href":"https:\/\/comixburo.com\/en\/wp-json\/wp\/v2\/product\/16506\/revisions\/19632"}],"wp:featuredmedia":[{"embeddable":true,"href":"https:\/\/comixburo.com\/en\/wp-json\/wp\/v2\/media\/16376"}],"wp:attachment":[{"href":"https:\/\/comixburo.com\/en\/wp-json\/wp\/v2\/media?parent=16506"}],"wp:term":[{"taxonomy":"product_brand","embeddable":true,"href":"https:\/\/comixburo.com\/en\/wp-json\/wp\/v2\/product_brand?post=16506"},{"taxonomy":"product_cat","embeddable":true,"href":"https:\/\/comixburo.com\/en\/wp-json\/wp\/v2\/product_cat?post=16506"},{"taxonomy":"product_tag","embeddable":true,"href":"https:\/\/comixburo.com\/en\/wp-json\/wp\/v2\/product_tag?post=16506"}],"curies":[{"name":"wp","href":"https:\/\/api.w.org\/{rel}","templated":true}]}}