{"id":16512,"date":"2024-10-29T11:41:37","date_gmt":"2024-10-29T10:41:37","guid":{"rendered":"https:\/\/comixburo.com\/?post_type=product&#038;p=16512"},"modified":"2025-06-02T18:17:43","modified_gmt":"2025-06-02T16:17:43","slug":"sketchbook-keramidas1","status":"publish","type":"product","link":"https:\/\/comixburo.com\/en\/product\/sketchbook-keramidas1\/","title":{"rendered":"Sketchbook Keramidas #1"},"content":{"rendered":"<h2><strong>Sketchbook Keramidas #1<\/strong><\/h2>\n<p>Auteur : <a href=\"https:\/\/www.facebook.com\/nicolas.keramidas\/\">Nicolas Keramidas<\/a><br \/>\n\u00c9diteur : <a href=\"https:\/\/comixburo.com\/en\/\">Comix Buro<\/a><br \/>\nisbn : 9782916518114<br \/>\n48 pages couleur \u2013 Format : 18 x 22 cm \u2013 Broch\u00e9<br \/>\nLes 900 premiers exemplaires sont num\u00e9rot\u00e9s et sign\u00e9s par l\u2019auteur.<\/p>\n<p>Nicolas Keramidas est n\u00e9 \u00e0 Paris en 1972. Apr\u00e8s un Bac A3 de dessin \u00e0 Grenoble, il retourne \u00e0 Paris pour deux ans aux CFT GOBELINS (section animation). En 1993, il est embauch\u00e9 au sein de WALT DISNEY STUDIOS \u00e0 Montreuil. Fin 2000, il pr\u00e9sente chez Soleil un projet mettant en sc\u00e8ne les aventures d\u2019une petite fille, Lu\u00f9na, durant l\u2019\u00e8re pr\u00e9historique. Mais \u00e0 l\u2019issue d\u2019une rencontre avec Didier Crisse, \u00ab Luuna \u00bb devient alors une jeune Am\u00e9rindienne, et la premi\u00e8re s\u00e9rie de Nicolas chez Soleil.<\/p>\n<p>Avec la collection Sketchbooks, Comix Buro vous invite \u00e0 feuilleter les carnets des meilleurs artistes de la bande dessin\u00e9e et de l\u2019illustration. Vous y trouverez au d\u00e9tour des pages des cr\u00e9atures \u00e9tranges, des mod\u00e8les vivants captur\u00e9s sur papier, des croquis ramen\u00e9s de pays lointains, des vaisseaux spatiaux sur leur pas de tir, des story-boards, et bien d\u2019autres choses encore.<\/p>","protected":false},"excerpt":{"rendered":"<p>Plongez dans l\u2019univers de la collection\u00a0<em>Sketchbooks<\/em>\u00a0publi\u00e9e par COMIX BURO et d\u00e9couvrez les carnets de croquis des meilleurs auteurs et autrices de bande dessin\u00e9e !<\/p>","protected":false},"featured_media":16373,"comment_status":"open","ping_status":"closed","template":"","meta":[],"product_brand":[108],"product_cat":[110,75,93],"product_tag":[],"class_list":{"0":"post-16512","1":"product","2":"type-product","3":"status-publish","4":"has-post-thumbnail","6":"product_brand-comix-buro","7":"product_cat-comix-buro","8":"product_cat-sketchbook","9":"product_cat-tous","11":"first","12":"instock","13":"taxable","14":"shipping-taxable","15":"purchasable","16":"product-type-simple"},"yoast_head":"<!-- This site is optimized with the Yoast SEO plugin v26.9 - https:\/\/yoast.com\/product\/yoast-seo-wordpress\/ -->\n<title>Sketchbook Keramidas #1 - comixburo.com<\/title>\n<meta name=\"description\" content=\"Un univers foisonnant sign\u00e9 Keramidas : cr\u00e9atures d\u00e9lirantes, personnages expressifs et croquis d\u00e9bordant d\u2019\u00e9nergie et d\u2019imagination.\" \/>\n<meta name=\"robots\" content=\"index, follow, max-snippet:-1, max-image-preview:large, max-video-preview:-1\" \/>\n<link rel=\"canonical\" href=\"https:\/\/comixburo.com\/en\/product\/sketchbook-keramidas1\/\" \/>\n<meta property=\"og:locale\" content=\"en_GB\" \/>\n<meta property=\"og:type\" content=\"article\" \/>\n<meta property=\"og:title\" content=\"Sketchbook Keramidas #1 - comixburo.com\" \/>\n<meta property=\"og:description\" content=\"Un univers foisonnant sign\u00e9 Keramidas : cr\u00e9atures d\u00e9lirantes, personnages expressifs et croquis d\u00e9bordant d\u2019\u00e9nergie et d\u2019imagination.\" \/>\n<meta property=\"og:url\" content=\"https:\/\/comixburo.com\/en\/product\/sketchbook-keramidas1\/\" \/>\n<meta property=\"og:site_name\" content=\"comixburo.com\" \/>\n<meta property=\"article:publisher\" content=\"https:\/\/www.facebook.com\/comixburo\" \/>\n<meta property=\"article:modified_time\" content=\"2025-06-02T16:17:43+00:00\" \/>\n<meta property=\"og:image\" content=\"https:\/\/comixburo.com\/wp-content\/uploads\/2024\/10\/Sketchbook-Keramidas1-Comix-Buro.webp\" \/>\n\t<meta property=\"og:image:width\" content=\"700\" \/>\n\t<meta property=\"og:image:height\" content=\"854\" \/>\n\t<meta property=\"og:image:type\" content=\"image\/webp\" \/>\n<meta name=\"twitter:card\" content=\"summary_large_image\" \/>\n<meta name=\"twitter:label1\" content=\"Estimated reading time\" \/>\n\t<meta name=\"twitter:data1\" content=\"2 minutes\" \/>\n<script type=\"application\/ld+json\" class=\"yoast-schema-graph\">{\"@context\":\"https:\/\/schema.org\",\"@graph\":[{\"@type\":\"WebPage\",\"@id\":\"https:\/\/comixburo.com\/produit\/sketchbook-keramidas1\/\",\"url\":\"https:\/\/comixburo.com\/produit\/sketchbook-keramidas1\/\",\"name\":\"Sketchbook Keramidas #1 - comixburo.com\",\"isPartOf\":{\"@id\":\"https:\/\/comixburo.com\/#website\"},\"primaryImageOfPage\":{\"@id\":\"https:\/\/comixburo.com\/produit\/sketchbook-keramidas1\/#primaryimage\"},\"image\":{\"@id\":\"https:\/\/comixburo.com\/produit\/sketchbook-keramidas1\/#primaryimage\"},\"thumbnailUrl\":\"https:\/\/comixburo.com\/wp-content\/uploads\/2024\/10\/Sketchbook-Keramidas1-Comix-Buro.webp\",\"datePublished\":\"2024-10-29T10:41:37+00:00\",\"dateModified\":\"2025-06-02T16:17:43+00:00\",\"description\":\"Un univers foisonnant sign\u00e9 Keramidas : cr\u00e9atures d\u00e9lirantes, personnages expressifs et croquis d\u00e9bordant d\u2019\u00e9nergie et d\u2019imagination.\",\"breadcrumb\":{\"@id\":\"https:\/\/comixburo.com\/produit\/sketchbook-keramidas1\/#breadcrumb\"},\"inLanguage\":\"en-GB\",\"potentialAction\":[{\"@type\":\"ReadAction\",\"target\":[\"https:\/\/comixburo.com\/produit\/sketchbook-keramidas1\/\"]}]},{\"@type\":\"ImageObject\",\"inLanguage\":\"en-GB\",\"@id\":\"https:\/\/comixburo.com\/produit\/sketchbook-keramidas1\/#primaryimage\",\"url\":\"https:\/\/comixburo.com\/wp-content\/uploads\/2024\/10\/Sketchbook-Keramidas1-Comix-Buro.webp\",\"contentUrl\":\"https:\/\/comixburo.com\/wp-content\/uploads\/2024\/10\/Sketchbook-Keramidas1-Comix-Buro.webp\",\"width\":700,\"height\":854},{\"@type\":\"BreadcrumbList\",\"@id\":\"https:\/\/comixburo.com\/produit\/sketchbook-keramidas1\/#breadcrumb\",\"itemListElement\":[{\"@type\":\"ListItem\",\"position\":1,\"name\":\"Home\",\"item\":\"https:\/\/comixburo.com\/\"},{\"@type\":\"ListItem\",\"position\":2,\"name\":\"La boutique Comix Buro\",\"item\":\"https:\/\/comixburo.com\/la-boutique-comix-buro\/\"},{\"@type\":\"ListItem\",\"position\":3,\"name\":\"Sketchbook Keramidas #1\"}]},{\"@type\":\"WebSite\",\"@id\":\"https:\/\/comixburo.com\/#website\",\"url\":\"https:\/\/comixburo.com\/\",\"name\":\"comixburo.com\",\"description\":\"Cr\u00e9ateur de projets : Sketchbook d&#039;artistes !\",\"publisher\":{\"@id\":\"https:\/\/comixburo.com\/#organization\"},\"alternateName\":\"Comix Buro\",\"potentialAction\":[{\"@type\":\"SearchAction\",\"target\":{\"@type\":\"EntryPoint\",\"urlTemplate\":\"https:\/\/comixburo.com\/?s={search_term_string}\"},\"query-input\":{\"@type\":\"PropertyValueSpecification\",\"valueRequired\":true,\"valueName\":\"search_term_string\"}}],\"inLanguage\":\"en-GB\"},{\"@type\":\"Organization\",\"@id\":\"https:\/\/comixburo.com\/#organization\",\"name\":\"comixburo.com\",\"url\":\"https:\/\/comixburo.com\/\",\"logo\":{\"@type\":\"ImageObject\",\"inLanguage\":\"en-GB\",\"@id\":\"https:\/\/comixburo.com\/#\/schema\/logo\/image\/\",\"url\":\"https:\/\/comixburo.com\/wp-content\/uploads\/2025\/04\/logo-cxb-ROND.webp\",\"contentUrl\":\"https:\/\/comixburo.com\/wp-content\/uploads\/2025\/04\/logo-cxb-ROND.webp\",\"width\":200,\"height\":200,\"caption\":\"comixburo.com\"},\"image\":{\"@id\":\"https:\/\/comixburo.com\/#\/schema\/logo\/image\/\"},\"sameAs\":[\"https:\/\/www.facebook.com\/comixburo\",\"https:\/\/www.instagram.com\/comixburo\/\"]}]}<\/script>\n<!-- \/ Yoast SEO plugin. -->","yoast_head_json":{"title":"Sketchbook Keramidas #1 - comixburo.com","description":"Un univers foisonnant sign\u00e9 Keramidas : cr\u00e9atures d\u00e9lirantes, personnages expressifs et croquis d\u00e9bordant d\u2019\u00e9nergie et d\u2019imagination.","robots":{"index":"index","follow":"follow","max-snippet":"max-snippet:-1","max-image-preview":"max-image-preview:large","max-video-preview":"max-video-preview:-1"},"canonical":"https:\/\/comixburo.com\/en\/product\/sketchbook-keramidas1\/","og_locale":"en_GB","og_type":"article","og_title":"Sketchbook Keramidas #1 - comixburo.com","og_description":"Un univers foisonnant sign\u00e9 Keramidas : cr\u00e9atures d\u00e9lirantes, personnages expressifs et croquis d\u00e9bordant d\u2019\u00e9nergie et d\u2019imagination.","og_url":"https:\/\/comixburo.com\/en\/product\/sketchbook-keramidas1\/","og_site_name":"comixburo.com","article_publisher":"https:\/\/www.facebook.com\/comixburo","article_modified_time":"2025-06-02T16:17:43+00:00","og_image":[{"width":700,"height":854,"url":"https:\/\/comixburo.com\/wp-content\/uploads\/2024\/10\/Sketchbook-Keramidas1-Comix-Buro.webp","type":"image\/webp"}],"twitter_card":"summary_large_image","twitter_misc":{"Estimated reading time":"2 minutes"},"schema":{"@context":"https:\/\/schema.org","@graph":[{"@type":"WebPage","@id":"https:\/\/comixburo.com\/produit\/sketchbook-keramidas1\/","url":"https:\/\/comixburo.com\/produit\/sketchbook-keramidas1\/","name":"Sketchbook Keramidas #1 - comixburo.com","isPartOf":{"@id":"https:\/\/comixburo.com\/#website"},"primaryImageOfPage":{"@id":"https:\/\/comixburo.com\/produit\/sketchbook-keramidas1\/#primaryimage"},"image":{"@id":"https:\/\/comixburo.com\/produit\/sketchbook-keramidas1\/#primaryimage"},"thumbnailUrl":"https:\/\/comixburo.com\/wp-content\/uploads\/2024\/10\/Sketchbook-Keramidas1-Comix-Buro.webp","datePublished":"2024-10-29T10:41:37+00:00","dateModified":"2025-06-02T16:17:43+00:00","description":"Un univers foisonnant sign\u00e9 Keramidas : cr\u00e9atures d\u00e9lirantes, personnages expressifs et croquis d\u00e9bordant d\u2019\u00e9nergie et d\u2019imagination.","breadcrumb":{"@id":"https:\/\/comixburo.com\/produit\/sketchbook-keramidas1\/#breadcrumb"},"inLanguage":"en-GB","potentialAction":[{"@type":"ReadAction","target":["https:\/\/comixburo.com\/produit\/sketchbook-keramidas1\/"]}]},{"@type":"ImageObject","inLanguage":"en-GB","@id":"https:\/\/comixburo.com\/produit\/sketchbook-keramidas1\/#primaryimage","url":"https:\/\/comixburo.com\/wp-content\/uploads\/2024\/10\/Sketchbook-Keramidas1-Comix-Buro.webp","contentUrl":"https:\/\/comixburo.com\/wp-content\/uploads\/2024\/10\/Sketchbook-Keramidas1-Comix-Buro.webp","width":700,"height":854},{"@type":"BreadcrumbList","@id":"https:\/\/comixburo.com\/produit\/sketchbook-keramidas1\/#breadcrumb","itemListElement":[{"@type":"ListItem","position":1,"name":"Home","item":"https:\/\/comixburo.com\/"},{"@type":"ListItem","position":2,"name":"La boutique Comix Buro","item":"https:\/\/comixburo.com\/la-boutique-comix-buro\/"},{"@type":"ListItem","position":3,"name":"Sketchbook Keramidas #1"}]},{"@type":"WebSite","@id":"https:\/\/comixburo.com\/#website","url":"https:\/\/comixburo.com\/","name":"comixburo.com","description":"Cr\u00e9ateur de projets : Sketchbook d&#039;artistes !","publisher":{"@id":"https:\/\/comixburo.com\/#organization"},"alternateName":"Comix Buro","potentialAction":[{"@type":"SearchAction","target":{"@type":"EntryPoint","urlTemplate":"https:\/\/comixburo.com\/?s={search_term_string}"},"query-input":{"@type":"PropertyValueSpecification","valueRequired":true,"valueName":"search_term_string"}}],"inLanguage":"en-GB"},{"@type":"Organization","@id":"https:\/\/comixburo.com\/#organization","name":"comixburo.com","url":"https:\/\/comixburo.com\/","logo":{"@type":"ImageObject","inLanguage":"en-GB","@id":"https:\/\/comixburo.com\/#\/schema\/logo\/image\/","url":"https:\/\/comixburo.com\/wp-content\/uploads\/2025\/04\/logo-cxb-ROND.webp","contentUrl":"https:\/\/comixburo.com\/wp-content\/uploads\/2025\/04\/logo-cxb-ROND.webp","width":200,"height":200,"caption":"comixburo.com"},"image":{"@id":"https:\/\/comixburo.com\/#\/schema\/logo\/image\/"},"sameAs":["https:\/\/www.facebook.com\/comixburo","https:\/\/www.instagram.com\/comixburo\/"]}]}},"jetpack_sharing_enabled":true,"_links":{"self":[{"href":"https:\/\/comixburo.com\/en\/wp-json\/wp\/v2\/product\/16512","targetHints":{"allow":["GET"]}}],"collection":[{"href":"https:\/\/comixburo.com\/en\/wp-json\/wp\/v2\/product"}],"about":[{"href":"https:\/\/comixburo.com\/en\/wp-json\/wp\/v2\/types\/product"}],"replies":[{"embeddable":true,"href":"https:\/\/comixburo.com\/en\/wp-json\/wp\/v2\/comments?post=16512"}],"version-history":[{"count":4,"href":"https:\/\/comixburo.com\/en\/wp-json\/wp\/v2\/product\/16512\/revisions"}],"predecessor-version":[{"id":20490,"href":"https:\/\/comixburo.com\/en\/wp-json\/wp\/v2\/product\/16512\/revisions\/20490"}],"wp:featuredmedia":[{"embeddable":true,"href":"https:\/\/comixburo.com\/en\/wp-json\/wp\/v2\/media\/16373"}],"wp:attachment":[{"href":"https:\/\/comixburo.com\/en\/wp-json\/wp\/v2\/media?parent=16512"}],"wp:term":[{"taxonomy":"product_brand","embeddable":true,"href":"https:\/\/comixburo.com\/en\/wp-json\/wp\/v2\/product_brand?post=16512"},{"taxonomy":"product_cat","embeddable":true,"href":"https:\/\/comixburo.com\/en\/wp-json\/wp\/v2\/product_cat?post=16512"},{"taxonomy":"product_tag","embeddable":true,"href":"https:\/\/comixburo.com\/en\/wp-json\/wp\/v2\/product_tag?post=16512"}],"curies":[{"name":"wp","href":"https:\/\/api.w.org\/{rel}","templated":true}]}}