{"id":16520,"date":"2024-10-29T11:47:01","date_gmt":"2024-10-29T10:47:01","guid":{"rendered":"https:\/\/comixburo.com\/?post_type=product&#038;p=16520"},"modified":"2025-05-06T11:12:46","modified_gmt":"2025-05-06T09:12:46","slug":"sketchbook-el-gunto","status":"publish","type":"product","link":"https:\/\/comixburo.com\/en\/product\/sketchbook-el-gunto\/","title":{"rendered":"Sketchbook El Gunto"},"content":{"rendered":"<h2><strong>Sketchbook El Gunto<\/strong><\/h2>\n<p>Auteur : <a href=\"https:\/\/www.elgunto.com\/\">El Gunto<\/a><br \/>\n\u00c9diteur : <a href=\"https:\/\/comixburo.com\/en\/\">Comix Buro<\/a><br \/>\nDate de parution : 2013<br \/>\nisbn : 9782916518664<br \/>\n48 pages couleur \u2013 Format : 18 x 22 cm \u2013 Broch\u00e9<br \/>\nLes 900 premiers exemplaires sont num\u00e9rot\u00e9s et sign\u00e9s par l\u2019auteur.<\/p>\n<p>El Gunto, alias Guillaume Poux, est n\u00e9 un beau jour d\u2019avril 1980. Apr\u00e8s de longues ann\u00e9es pass\u00e9es au lyc\u00e9e \u00e0 \u00e9tudier des mati\u00e8res aussi inutiles que les math\u00e9matiques ou la physique, il se d\u00e9cide \u00e0 apprendre un vrai m\u00e9tier s\u00e9rieux qui le rendra (presque) c\u00e9l\u00e8bre : dessinateur de bande dessin\u00e9e.<br \/>\nPour cela, il entre dans une \u00e9cole sp\u00e9cialis\u00e9e en gribouilles, l\u2019\u00e9cole Emile Cohl, d\u2019o\u00f9 il sort dipl\u00f4m\u00e9 en 2004.<br \/>\nDepuis, il a publi\u00e9 plusieurs bandes dessin\u00e9es et livres illustr\u00e9s chez diff\u00e9rents \u00e9diteurs comme Bamboo ou Soleil, tout en se gardant un peu de temps libre pour dessiner de jolies pin-up, son p\u00e9ch\u00e9 mignon.<\/p>\n<p>Avec la collection Sketchbooks, Comix Buro vous invite \u00e0 feuilleter les carnets des meilleurs artistes de la bande dessin\u00e9e et de l\u2019illustration. Vous y trouverez au d\u00e9tour des pages des cr\u00e9atures \u00e9tranges, des mod\u00e8les vivants captur\u00e9s sur papier, des croquis ramen\u00e9s de pays lointains, des vaisseaux spatiaux sur leur pas de tir, des story-boards, et bien d\u2019autres choses encore.<\/p>","protected":false},"excerpt":{"rendered":"<div class=\"woocommerce-product-details__short-description\">\n<p>Plongez dans l\u2019univers de la collection\u00a0<em>Sketchbooks<\/em> publi\u00e9e par COMIX BURO et d\u00e9couvrez les carnets de croquis des meilleurs auteurs et autrices de bande dessin\u00e9e !<\/p>\n<\/div>","protected":false},"featured_media":16369,"comment_status":"open","ping_status":"closed","template":"","meta":[],"product_brand":[108],"product_cat":[110,75,93],"product_tag":[],"class_list":{"0":"post-16520","1":"product","2":"type-product","3":"status-publish","4":"has-post-thumbnail","6":"product_brand-comix-buro","7":"product_cat-comix-buro","8":"product_cat-sketchbook","9":"product_cat-tous","11":"first","12":"instock","13":"taxable","14":"shipping-taxable","15":"purchasable","16":"product-type-simple"},"yoast_head":"<!-- This site is optimized with the Yoast SEO plugin v26.9 - https:\/\/yoast.com\/product\/yoast-seo-wordpress\/ -->\n<title>Sketchbook El Gunto - comixburo.com<\/title>\n<meta name=\"description\" content=\"Un concentr\u00e9 d\u2019\u00e9nergie et de style : le sketchbook d\u2019El Gunto r\u00e9unit personnages dynamiques, poses percutantes et univers graphiques ultra-modernes.\" \/>\n<meta name=\"robots\" content=\"index, follow, max-snippet:-1, max-image-preview:large, max-video-preview:-1\" \/>\n<link rel=\"canonical\" href=\"https:\/\/comixburo.com\/en\/product\/sketchbook-el-gunto\/\" \/>\n<meta property=\"og:locale\" content=\"en_GB\" \/>\n<meta property=\"og:type\" content=\"article\" \/>\n<meta property=\"og:title\" content=\"Sketchbook El Gunto - comixburo.com\" \/>\n<meta property=\"og:description\" content=\"Un concentr\u00e9 d\u2019\u00e9nergie et de style : le sketchbook d\u2019El Gunto r\u00e9unit personnages dynamiques, poses percutantes et univers graphiques ultra-modernes.\" \/>\n<meta property=\"og:url\" content=\"https:\/\/comixburo.com\/en\/product\/sketchbook-el-gunto\/\" \/>\n<meta property=\"og:site_name\" content=\"comixburo.com\" \/>\n<meta property=\"article:publisher\" content=\"https:\/\/www.facebook.com\/comixburo\" \/>\n<meta property=\"article:modified_time\" content=\"2025-05-06T09:12:46+00:00\" \/>\n<meta property=\"og:image\" content=\"https:\/\/comixburo.com\/wp-content\/uploads\/2024\/10\/Sketchbook-el-gunto-Comix-Buro.webp\" \/>\n\t<meta property=\"og:image:width\" content=\"819\" \/>\n\t<meta property=\"og:image:height\" content=\"1000\" \/>\n\t<meta property=\"og:image:type\" content=\"image\/webp\" \/>\n<meta name=\"twitter:card\" content=\"summary_large_image\" \/>\n<meta name=\"twitter:label1\" content=\"Estimated reading time\" \/>\n\t<meta name=\"twitter:data1\" content=\"2 minutes\" \/>\n<script type=\"application\/ld+json\" class=\"yoast-schema-graph\">{\"@context\":\"https:\/\/schema.org\",\"@graph\":[{\"@type\":\"WebPage\",\"@id\":\"https:\/\/comixburo.com\/produit\/sketchbook-el-gunto\/\",\"url\":\"https:\/\/comixburo.com\/produit\/sketchbook-el-gunto\/\",\"name\":\"Sketchbook El Gunto - comixburo.com\",\"isPartOf\":{\"@id\":\"https:\/\/comixburo.com\/#website\"},\"primaryImageOfPage\":{\"@id\":\"https:\/\/comixburo.com\/produit\/sketchbook-el-gunto\/#primaryimage\"},\"image\":{\"@id\":\"https:\/\/comixburo.com\/produit\/sketchbook-el-gunto\/#primaryimage\"},\"thumbnailUrl\":\"https:\/\/comixburo.com\/wp-content\/uploads\/2024\/10\/Sketchbook-el-gunto-Comix-Buro.webp\",\"datePublished\":\"2024-10-29T10:47:01+00:00\",\"dateModified\":\"2025-05-06T09:12:46+00:00\",\"description\":\"Un concentr\u00e9 d\u2019\u00e9nergie et de style : le sketchbook d\u2019El Gunto r\u00e9unit personnages dynamiques, poses percutantes et univers graphiques ultra-modernes.\",\"breadcrumb\":{\"@id\":\"https:\/\/comixburo.com\/produit\/sketchbook-el-gunto\/#breadcrumb\"},\"inLanguage\":\"en-GB\",\"potentialAction\":[{\"@type\":\"ReadAction\",\"target\":[\"https:\/\/comixburo.com\/produit\/sketchbook-el-gunto\/\"]}]},{\"@type\":\"ImageObject\",\"inLanguage\":\"en-GB\",\"@id\":\"https:\/\/comixburo.com\/produit\/sketchbook-el-gunto\/#primaryimage\",\"url\":\"https:\/\/comixburo.com\/wp-content\/uploads\/2024\/10\/Sketchbook-el-gunto-Comix-Buro.webp\",\"contentUrl\":\"https:\/\/comixburo.com\/wp-content\/uploads\/2024\/10\/Sketchbook-el-gunto-Comix-Buro.webp\",\"width\":819,\"height\":1000},{\"@type\":\"BreadcrumbList\",\"@id\":\"https:\/\/comixburo.com\/produit\/sketchbook-el-gunto\/#breadcrumb\",\"itemListElement\":[{\"@type\":\"ListItem\",\"position\":1,\"name\":\"Home\",\"item\":\"https:\/\/comixburo.com\/\"},{\"@type\":\"ListItem\",\"position\":2,\"name\":\"La boutique Comix Buro\",\"item\":\"https:\/\/comixburo.com\/la-boutique-comix-buro\/\"},{\"@type\":\"ListItem\",\"position\":3,\"name\":\"Sketchbook El Gunto\"}]},{\"@type\":\"WebSite\",\"@id\":\"https:\/\/comixburo.com\/#website\",\"url\":\"https:\/\/comixburo.com\/\",\"name\":\"comixburo.com\",\"description\":\"Cr\u00e9ateur de projets : Sketchbook d&#039;artistes !\",\"publisher\":{\"@id\":\"https:\/\/comixburo.com\/#organization\"},\"alternateName\":\"Comix Buro\",\"potentialAction\":[{\"@type\":\"SearchAction\",\"target\":{\"@type\":\"EntryPoint\",\"urlTemplate\":\"https:\/\/comixburo.com\/?s={search_term_string}\"},\"query-input\":{\"@type\":\"PropertyValueSpecification\",\"valueRequired\":true,\"valueName\":\"search_term_string\"}}],\"inLanguage\":\"en-GB\"},{\"@type\":\"Organization\",\"@id\":\"https:\/\/comixburo.com\/#organization\",\"name\":\"comixburo.com\",\"url\":\"https:\/\/comixburo.com\/\",\"logo\":{\"@type\":\"ImageObject\",\"inLanguage\":\"en-GB\",\"@id\":\"https:\/\/comixburo.com\/#\/schema\/logo\/image\/\",\"url\":\"https:\/\/comixburo.com\/wp-content\/uploads\/2025\/04\/logo-cxb-ROND.webp\",\"contentUrl\":\"https:\/\/comixburo.com\/wp-content\/uploads\/2025\/04\/logo-cxb-ROND.webp\",\"width\":200,\"height\":200,\"caption\":\"comixburo.com\"},\"image\":{\"@id\":\"https:\/\/comixburo.com\/#\/schema\/logo\/image\/\"},\"sameAs\":[\"https:\/\/www.facebook.com\/comixburo\",\"https:\/\/www.instagram.com\/comixburo\/\"]}]}<\/script>\n<!-- \/ Yoast SEO plugin. -->","yoast_head_json":{"title":"Sketchbook El Gunto - comixburo.com","description":"Un concentr\u00e9 d\u2019\u00e9nergie et de style : le sketchbook d\u2019El Gunto r\u00e9unit personnages dynamiques, poses percutantes et univers graphiques ultra-modernes.","robots":{"index":"index","follow":"follow","max-snippet":"max-snippet:-1","max-image-preview":"max-image-preview:large","max-video-preview":"max-video-preview:-1"},"canonical":"https:\/\/comixburo.com\/en\/product\/sketchbook-el-gunto\/","og_locale":"en_GB","og_type":"article","og_title":"Sketchbook El Gunto - comixburo.com","og_description":"Un concentr\u00e9 d\u2019\u00e9nergie et de style : le sketchbook d\u2019El Gunto r\u00e9unit personnages dynamiques, poses percutantes et univers graphiques ultra-modernes.","og_url":"https:\/\/comixburo.com\/en\/product\/sketchbook-el-gunto\/","og_site_name":"comixburo.com","article_publisher":"https:\/\/www.facebook.com\/comixburo","article_modified_time":"2025-05-06T09:12:46+00:00","og_image":[{"width":819,"height":1000,"url":"https:\/\/comixburo.com\/wp-content\/uploads\/2024\/10\/Sketchbook-el-gunto-Comix-Buro.webp","type":"image\/webp"}],"twitter_card":"summary_large_image","twitter_misc":{"Estimated reading time":"2 minutes"},"schema":{"@context":"https:\/\/schema.org","@graph":[{"@type":"WebPage","@id":"https:\/\/comixburo.com\/produit\/sketchbook-el-gunto\/","url":"https:\/\/comixburo.com\/produit\/sketchbook-el-gunto\/","name":"Sketchbook El Gunto - comixburo.com","isPartOf":{"@id":"https:\/\/comixburo.com\/#website"},"primaryImageOfPage":{"@id":"https:\/\/comixburo.com\/produit\/sketchbook-el-gunto\/#primaryimage"},"image":{"@id":"https:\/\/comixburo.com\/produit\/sketchbook-el-gunto\/#primaryimage"},"thumbnailUrl":"https:\/\/comixburo.com\/wp-content\/uploads\/2024\/10\/Sketchbook-el-gunto-Comix-Buro.webp","datePublished":"2024-10-29T10:47:01+00:00","dateModified":"2025-05-06T09:12:46+00:00","description":"Un concentr\u00e9 d\u2019\u00e9nergie et de style : le sketchbook d\u2019El Gunto r\u00e9unit personnages dynamiques, poses percutantes et univers graphiques ultra-modernes.","breadcrumb":{"@id":"https:\/\/comixburo.com\/produit\/sketchbook-el-gunto\/#breadcrumb"},"inLanguage":"en-GB","potentialAction":[{"@type":"ReadAction","target":["https:\/\/comixburo.com\/produit\/sketchbook-el-gunto\/"]}]},{"@type":"ImageObject","inLanguage":"en-GB","@id":"https:\/\/comixburo.com\/produit\/sketchbook-el-gunto\/#primaryimage","url":"https:\/\/comixburo.com\/wp-content\/uploads\/2024\/10\/Sketchbook-el-gunto-Comix-Buro.webp","contentUrl":"https:\/\/comixburo.com\/wp-content\/uploads\/2024\/10\/Sketchbook-el-gunto-Comix-Buro.webp","width":819,"height":1000},{"@type":"BreadcrumbList","@id":"https:\/\/comixburo.com\/produit\/sketchbook-el-gunto\/#breadcrumb","itemListElement":[{"@type":"ListItem","position":1,"name":"Home","item":"https:\/\/comixburo.com\/"},{"@type":"ListItem","position":2,"name":"La boutique Comix Buro","item":"https:\/\/comixburo.com\/la-boutique-comix-buro\/"},{"@type":"ListItem","position":3,"name":"Sketchbook El Gunto"}]},{"@type":"WebSite","@id":"https:\/\/comixburo.com\/#website","url":"https:\/\/comixburo.com\/","name":"comixburo.com","description":"Cr\u00e9ateur de projets : Sketchbook d&#039;artistes !","publisher":{"@id":"https:\/\/comixburo.com\/#organization"},"alternateName":"Comix Buro","potentialAction":[{"@type":"SearchAction","target":{"@type":"EntryPoint","urlTemplate":"https:\/\/comixburo.com\/?s={search_term_string}"},"query-input":{"@type":"PropertyValueSpecification","valueRequired":true,"valueName":"search_term_string"}}],"inLanguage":"en-GB"},{"@type":"Organization","@id":"https:\/\/comixburo.com\/#organization","name":"comixburo.com","url":"https:\/\/comixburo.com\/","logo":{"@type":"ImageObject","inLanguage":"en-GB","@id":"https:\/\/comixburo.com\/#\/schema\/logo\/image\/","url":"https:\/\/comixburo.com\/wp-content\/uploads\/2025\/04\/logo-cxb-ROND.webp","contentUrl":"https:\/\/comixburo.com\/wp-content\/uploads\/2025\/04\/logo-cxb-ROND.webp","width":200,"height":200,"caption":"comixburo.com"},"image":{"@id":"https:\/\/comixburo.com\/#\/schema\/logo\/image\/"},"sameAs":["https:\/\/www.facebook.com\/comixburo","https:\/\/www.instagram.com\/comixburo\/"]}]}},"jetpack_sharing_enabled":true,"_links":{"self":[{"href":"https:\/\/comixburo.com\/en\/wp-json\/wp\/v2\/product\/16520","targetHints":{"allow":["GET"]}}],"collection":[{"href":"https:\/\/comixburo.com\/en\/wp-json\/wp\/v2\/product"}],"about":[{"href":"https:\/\/comixburo.com\/en\/wp-json\/wp\/v2\/types\/product"}],"replies":[{"embeddable":true,"href":"https:\/\/comixburo.com\/en\/wp-json\/wp\/v2\/comments?post=16520"}],"version-history":[{"count":3,"href":"https:\/\/comixburo.com\/en\/wp-json\/wp\/v2\/product\/16520\/revisions"}],"predecessor-version":[{"id":19623,"href":"https:\/\/comixburo.com\/en\/wp-json\/wp\/v2\/product\/16520\/revisions\/19623"}],"wp:featuredmedia":[{"embeddable":true,"href":"https:\/\/comixburo.com\/en\/wp-json\/wp\/v2\/media\/16369"}],"wp:attachment":[{"href":"https:\/\/comixburo.com\/en\/wp-json\/wp\/v2\/media?parent=16520"}],"wp:term":[{"taxonomy":"product_brand","embeddable":true,"href":"https:\/\/comixburo.com\/en\/wp-json\/wp\/v2\/product_brand?post=16520"},{"taxonomy":"product_cat","embeddable":true,"href":"https:\/\/comixburo.com\/en\/wp-json\/wp\/v2\/product_cat?post=16520"},{"taxonomy":"product_tag","embeddable":true,"href":"https:\/\/comixburo.com\/en\/wp-json\/wp\/v2\/product_tag?post=16520"}],"curies":[{"name":"wp","href":"https:\/\/api.w.org\/{rel}","templated":true}]}}