{"id":16522,"date":"2024-10-29T11:49:50","date_gmt":"2024-10-29T10:49:50","guid":{"rendered":"https:\/\/comixburo.com\/?post_type=product&#038;p=16522"},"modified":"2025-06-02T18:17:33","modified_gmt":"2025-06-02T16:17:33","slug":"sketchbook-crisse-hors-serie-atalante","status":"publish","type":"product","link":"https:\/\/comixburo.com\/en\/product\/sketchbook-crisse-hors-serie-atalante\/","title":{"rendered":"Sketchbook Crisse #3 &#8211; Hors-s\u00e9rie &#8211; Atalante"},"content":{"rendered":"<h2><strong>Sketchbook Atalante Hors-s\u00e9rie<\/strong><\/h2>\n<p>Auteur : <a href=\"https:\/\/www.instagram.com\/didier_crisse\/\">Didier Crisse<\/a><br \/>\n\u00c9diteur : <a href=\"https:\/\/comixburo.com\/en\/\">Comix Buro<\/a><br \/>\nisbn : 9782916518282<br \/>\n48 pages couleur \u2013 Format : 18 x 22 cm \u2013 Broch\u00e9<br \/>\nLes 900 premiers exemplaires sont num\u00e9rot\u00e9s et sign\u00e9s par l\u2019auteur.<\/p>\n<p>***<br \/>\n\u00c0 l\u2019occasion de la parution du 4\u1d49 tome d\u2019Atalante aux \u00e9ditions Soleil, Comix Buro a concoct\u00e9 un sketchbook hors-s\u00e9rie d\u00e9di\u00e9 \u00e0 cette superbe saga d\u2019h\u00e9roic fantasy cr\u00e9\u00e9e par Didier Crisse.<br \/>\nApr\u00e8s un passage dans Spirou avec Ocean\u2019s kings, Didier Crisse cr\u00e9e Nahomi pour le Lombard. Avec Jacky Goupil, il conna\u00eet un premier grand succ\u00e8s avec L\u2019\u00c9p\u00e9e de Cristal (Ed. Vents d\u2019Ouest). Suivront Lorette et Harpye et Perdita Queen. Arriv\u00e9 au sommet de son art, Crisse rejoint Soleil Productions avec Kookaburra, et de nombreux succ\u00e8s suivront comme Les Ailes du Pha\u00e9ton, Atalante, Luuna. En 2005, nous remontons le temps pour l\u2019\u00c9gypte ancienne avec Ishanti.<\/p>\n<p>***<br \/>\nAvec la collection Sketchbooks, Comix Buro vous invite \u00e0 feuilleter les carnets des meilleurs artistes de la bande dessin\u00e9e et de l\u2019illustration. Vous y trouverez au d\u00e9tour des pages des cr\u00e9atures \u00e9tranges, des mod\u00e8les vivants captur\u00e9s sur papier, des croquis ramen\u00e9s de pays lointains, des vaisseaux spatiaux sur leur pas de tir, des story-boards, et bien d\u2019autres choses encore.<\/p>","protected":false},"excerpt":{"rendered":"<p>Plongez dans l\u2019univers de la collection\u00a0<em>Sketchbooks<\/em>\u00a0publi\u00e9e par COMIX BURO et d\u00e9couvrez les carnets de croquis des meilleurs auteurs et autrices de bande dessin\u00e9e !<\/p>","protected":false},"featured_media":16368,"comment_status":"open","ping_status":"closed","template":"","meta":[],"product_brand":[108],"product_cat":[110,75,93],"product_tag":[],"class_list":{"0":"post-16522","1":"product","2":"type-product","3":"status-publish","4":"has-post-thumbnail","6":"product_brand-comix-buro","7":"product_cat-comix-buro","8":"product_cat-sketchbook","9":"product_cat-tous","11":"first","12":"instock","13":"taxable","14":"shipping-taxable","15":"purchasable","16":"product-type-simple"},"yoast_head":"<!-- This site is optimized with the Yoast SEO plugin v26.9 - https:\/\/yoast.com\/product\/yoast-seo-wordpress\/ -->\n<title>Sketchbook Crisse #3 - Hors-s\u00e9rie - Atalante - comixburo.com<\/title>\n<meta name=\"description\" content=\"Un voyage graphique dans l\u2019univers mythologique d\u2019Atalante : esquisses, recherches et h\u00e9ro\u00efnes \u00e9piques sign\u00e9es par le trait sensuel de Didier Crisse.\" \/>\n<meta name=\"robots\" content=\"index, follow, max-snippet:-1, max-image-preview:large, max-video-preview:-1\" \/>\n<link rel=\"canonical\" href=\"https:\/\/comixburo.com\/en\/product\/sketchbook-crisse-hors-serie-atalante\/\" \/>\n<meta property=\"og:locale\" content=\"en_GB\" \/>\n<meta property=\"og:type\" content=\"article\" \/>\n<meta property=\"og:title\" content=\"Sketchbook Crisse #3 - Hors-s\u00e9rie - Atalante - comixburo.com\" \/>\n<meta property=\"og:description\" content=\"Un voyage graphique dans l\u2019univers mythologique d\u2019Atalante : esquisses, recherches et h\u00e9ro\u00efnes \u00e9piques sign\u00e9es par le trait sensuel de Didier Crisse.\" \/>\n<meta property=\"og:url\" content=\"https:\/\/comixburo.com\/en\/product\/sketchbook-crisse-hors-serie-atalante\/\" \/>\n<meta property=\"og:site_name\" content=\"comixburo.com\" \/>\n<meta property=\"article:publisher\" content=\"https:\/\/www.facebook.com\/comixburo\" \/>\n<meta property=\"article:modified_time\" content=\"2025-06-02T16:17:33+00:00\" \/>\n<meta property=\"og:image\" content=\"https:\/\/comixburo.com\/wp-content\/uploads\/2024\/10\/Sketchbook-Crisse-hs-atalante-Comix-Buro.webp\" \/>\n\t<meta property=\"og:image:width\" content=\"655\" \/>\n\t<meta property=\"og:image:height\" content=\"800\" \/>\n\t<meta property=\"og:image:type\" content=\"image\/webp\" \/>\n<meta name=\"twitter:card\" content=\"summary_large_image\" \/>\n<meta name=\"twitter:label1\" content=\"Estimated reading time\" \/>\n\t<meta name=\"twitter:data1\" content=\"2 minutes\" \/>\n<script type=\"application\/ld+json\" class=\"yoast-schema-graph\">{\"@context\":\"https:\/\/schema.org\",\"@graph\":[{\"@type\":\"WebPage\",\"@id\":\"https:\/\/comixburo.com\/produit\/sketchbook-crisse-hors-serie-atalante\/\",\"url\":\"https:\/\/comixburo.com\/produit\/sketchbook-crisse-hors-serie-atalante\/\",\"name\":\"Sketchbook Crisse #3 - Hors-s\u00e9rie - Atalante - comixburo.com\",\"isPartOf\":{\"@id\":\"https:\/\/comixburo.com\/#website\"},\"primaryImageOfPage\":{\"@id\":\"https:\/\/comixburo.com\/produit\/sketchbook-crisse-hors-serie-atalante\/#primaryimage\"},\"image\":{\"@id\":\"https:\/\/comixburo.com\/produit\/sketchbook-crisse-hors-serie-atalante\/#primaryimage\"},\"thumbnailUrl\":\"https:\/\/comixburo.com\/wp-content\/uploads\/2024\/10\/Sketchbook-Crisse-hs-atalante-Comix-Buro.webp\",\"datePublished\":\"2024-10-29T10:49:50+00:00\",\"dateModified\":\"2025-06-02T16:17:33+00:00\",\"description\":\"Un voyage graphique dans l\u2019univers mythologique d\u2019Atalante : esquisses, recherches et h\u00e9ro\u00efnes \u00e9piques sign\u00e9es par le trait sensuel de Didier Crisse.\",\"breadcrumb\":{\"@id\":\"https:\/\/comixburo.com\/produit\/sketchbook-crisse-hors-serie-atalante\/#breadcrumb\"},\"inLanguage\":\"en-GB\",\"potentialAction\":[{\"@type\":\"ReadAction\",\"target\":[\"https:\/\/comixburo.com\/produit\/sketchbook-crisse-hors-serie-atalante\/\"]}]},{\"@type\":\"ImageObject\",\"inLanguage\":\"en-GB\",\"@id\":\"https:\/\/comixburo.com\/produit\/sketchbook-crisse-hors-serie-atalante\/#primaryimage\",\"url\":\"https:\/\/comixburo.com\/wp-content\/uploads\/2024\/10\/Sketchbook-Crisse-hs-atalante-Comix-Buro.webp\",\"contentUrl\":\"https:\/\/comixburo.com\/wp-content\/uploads\/2024\/10\/Sketchbook-Crisse-hs-atalante-Comix-Buro.webp\",\"width\":655,\"height\":800},{\"@type\":\"BreadcrumbList\",\"@id\":\"https:\/\/comixburo.com\/produit\/sketchbook-crisse-hors-serie-atalante\/#breadcrumb\",\"itemListElement\":[{\"@type\":\"ListItem\",\"position\":1,\"name\":\"Home\",\"item\":\"https:\/\/comixburo.com\/\"},{\"@type\":\"ListItem\",\"position\":2,\"name\":\"La boutique Comix Buro\",\"item\":\"https:\/\/comixburo.com\/la-boutique-comix-buro\/\"},{\"@type\":\"ListItem\",\"position\":3,\"name\":\"Sketchbook Crisse #3 &#8211; Hors-s\u00e9rie &#8211; Atalante\"}]},{\"@type\":\"WebSite\",\"@id\":\"https:\/\/comixburo.com\/#website\",\"url\":\"https:\/\/comixburo.com\/\",\"name\":\"comixburo.com\",\"description\":\"Cr\u00e9ateur de projets : Sketchbook d&#039;artistes !\",\"publisher\":{\"@id\":\"https:\/\/comixburo.com\/#organization\"},\"alternateName\":\"Comix Buro\",\"potentialAction\":[{\"@type\":\"SearchAction\",\"target\":{\"@type\":\"EntryPoint\",\"urlTemplate\":\"https:\/\/comixburo.com\/?s={search_term_string}\"},\"query-input\":{\"@type\":\"PropertyValueSpecification\",\"valueRequired\":true,\"valueName\":\"search_term_string\"}}],\"inLanguage\":\"en-GB\"},{\"@type\":\"Organization\",\"@id\":\"https:\/\/comixburo.com\/#organization\",\"name\":\"comixburo.com\",\"url\":\"https:\/\/comixburo.com\/\",\"logo\":{\"@type\":\"ImageObject\",\"inLanguage\":\"en-GB\",\"@id\":\"https:\/\/comixburo.com\/#\/schema\/logo\/image\/\",\"url\":\"https:\/\/comixburo.com\/wp-content\/uploads\/2025\/04\/logo-cxb-ROND.webp\",\"contentUrl\":\"https:\/\/comixburo.com\/wp-content\/uploads\/2025\/04\/logo-cxb-ROND.webp\",\"width\":200,\"height\":200,\"caption\":\"comixburo.com\"},\"image\":{\"@id\":\"https:\/\/comixburo.com\/#\/schema\/logo\/image\/\"},\"sameAs\":[\"https:\/\/www.facebook.com\/comixburo\",\"https:\/\/www.instagram.com\/comixburo\/\"]}]}<\/script>\n<!-- \/ Yoast SEO plugin. -->","yoast_head_json":{"title":"Sketchbook Crisse #3 - Hors-s\u00e9rie - Atalante - comixburo.com","description":"Un voyage graphique dans l\u2019univers mythologique d\u2019Atalante : esquisses, recherches et h\u00e9ro\u00efnes \u00e9piques sign\u00e9es par le trait sensuel de Didier Crisse.","robots":{"index":"index","follow":"follow","max-snippet":"max-snippet:-1","max-image-preview":"max-image-preview:large","max-video-preview":"max-video-preview:-1"},"canonical":"https:\/\/comixburo.com\/en\/product\/sketchbook-crisse-hors-serie-atalante\/","og_locale":"en_GB","og_type":"article","og_title":"Sketchbook Crisse #3 - Hors-s\u00e9rie - Atalante - comixburo.com","og_description":"Un voyage graphique dans l\u2019univers mythologique d\u2019Atalante : esquisses, recherches et h\u00e9ro\u00efnes \u00e9piques sign\u00e9es par le trait sensuel de Didier Crisse.","og_url":"https:\/\/comixburo.com\/en\/product\/sketchbook-crisse-hors-serie-atalante\/","og_site_name":"comixburo.com","article_publisher":"https:\/\/www.facebook.com\/comixburo","article_modified_time":"2025-06-02T16:17:33+00:00","og_image":[{"width":655,"height":800,"url":"https:\/\/comixburo.com\/wp-content\/uploads\/2024\/10\/Sketchbook-Crisse-hs-atalante-Comix-Buro.webp","type":"image\/webp"}],"twitter_card":"summary_large_image","twitter_misc":{"Estimated reading time":"2 minutes"},"schema":{"@context":"https:\/\/schema.org","@graph":[{"@type":"WebPage","@id":"https:\/\/comixburo.com\/produit\/sketchbook-crisse-hors-serie-atalante\/","url":"https:\/\/comixburo.com\/produit\/sketchbook-crisse-hors-serie-atalante\/","name":"Sketchbook Crisse #3 - Hors-s\u00e9rie - Atalante - comixburo.com","isPartOf":{"@id":"https:\/\/comixburo.com\/#website"},"primaryImageOfPage":{"@id":"https:\/\/comixburo.com\/produit\/sketchbook-crisse-hors-serie-atalante\/#primaryimage"},"image":{"@id":"https:\/\/comixburo.com\/produit\/sketchbook-crisse-hors-serie-atalante\/#primaryimage"},"thumbnailUrl":"https:\/\/comixburo.com\/wp-content\/uploads\/2024\/10\/Sketchbook-Crisse-hs-atalante-Comix-Buro.webp","datePublished":"2024-10-29T10:49:50+00:00","dateModified":"2025-06-02T16:17:33+00:00","description":"Un voyage graphique dans l\u2019univers mythologique d\u2019Atalante : esquisses, recherches et h\u00e9ro\u00efnes \u00e9piques sign\u00e9es par le trait sensuel de Didier Crisse.","breadcrumb":{"@id":"https:\/\/comixburo.com\/produit\/sketchbook-crisse-hors-serie-atalante\/#breadcrumb"},"inLanguage":"en-GB","potentialAction":[{"@type":"ReadAction","target":["https:\/\/comixburo.com\/produit\/sketchbook-crisse-hors-serie-atalante\/"]}]},{"@type":"ImageObject","inLanguage":"en-GB","@id":"https:\/\/comixburo.com\/produit\/sketchbook-crisse-hors-serie-atalante\/#primaryimage","url":"https:\/\/comixburo.com\/wp-content\/uploads\/2024\/10\/Sketchbook-Crisse-hs-atalante-Comix-Buro.webp","contentUrl":"https:\/\/comixburo.com\/wp-content\/uploads\/2024\/10\/Sketchbook-Crisse-hs-atalante-Comix-Buro.webp","width":655,"height":800},{"@type":"BreadcrumbList","@id":"https:\/\/comixburo.com\/produit\/sketchbook-crisse-hors-serie-atalante\/#breadcrumb","itemListElement":[{"@type":"ListItem","position":1,"name":"Home","item":"https:\/\/comixburo.com\/"},{"@type":"ListItem","position":2,"name":"La boutique Comix Buro","item":"https:\/\/comixburo.com\/la-boutique-comix-buro\/"},{"@type":"ListItem","position":3,"name":"Sketchbook Crisse #3 &#8211; Hors-s\u00e9rie &#8211; Atalante"}]},{"@type":"WebSite","@id":"https:\/\/comixburo.com\/#website","url":"https:\/\/comixburo.com\/","name":"comixburo.com","description":"Cr\u00e9ateur de projets : Sketchbook d&#039;artistes !","publisher":{"@id":"https:\/\/comixburo.com\/#organization"},"alternateName":"Comix Buro","potentialAction":[{"@type":"SearchAction","target":{"@type":"EntryPoint","urlTemplate":"https:\/\/comixburo.com\/?s={search_term_string}"},"query-input":{"@type":"PropertyValueSpecification","valueRequired":true,"valueName":"search_term_string"}}],"inLanguage":"en-GB"},{"@type":"Organization","@id":"https:\/\/comixburo.com\/#organization","name":"comixburo.com","url":"https:\/\/comixburo.com\/","logo":{"@type":"ImageObject","inLanguage":"en-GB","@id":"https:\/\/comixburo.com\/#\/schema\/logo\/image\/","url":"https:\/\/comixburo.com\/wp-content\/uploads\/2025\/04\/logo-cxb-ROND.webp","contentUrl":"https:\/\/comixburo.com\/wp-content\/uploads\/2025\/04\/logo-cxb-ROND.webp","width":200,"height":200,"caption":"comixburo.com"},"image":{"@id":"https:\/\/comixburo.com\/#\/schema\/logo\/image\/"},"sameAs":["https:\/\/www.facebook.com\/comixburo","https:\/\/www.instagram.com\/comixburo\/"]}]}},"jetpack_sharing_enabled":true,"_links":{"self":[{"href":"https:\/\/comixburo.com\/en\/wp-json\/wp\/v2\/product\/16522","targetHints":{"allow":["GET"]}}],"collection":[{"href":"https:\/\/comixburo.com\/en\/wp-json\/wp\/v2\/product"}],"about":[{"href":"https:\/\/comixburo.com\/en\/wp-json\/wp\/v2\/types\/product"}],"replies":[{"embeddable":true,"href":"https:\/\/comixburo.com\/en\/wp-json\/wp\/v2\/comments?post=16522"}],"version-history":[{"count":4,"href":"https:\/\/comixburo.com\/en\/wp-json\/wp\/v2\/product\/16522\/revisions"}],"predecessor-version":[{"id":20489,"href":"https:\/\/comixburo.com\/en\/wp-json\/wp\/v2\/product\/16522\/revisions\/20489"}],"wp:featuredmedia":[{"embeddable":true,"href":"https:\/\/comixburo.com\/en\/wp-json\/wp\/v2\/media\/16368"}],"wp:attachment":[{"href":"https:\/\/comixburo.com\/en\/wp-json\/wp\/v2\/media?parent=16522"}],"wp:term":[{"taxonomy":"product_brand","embeddable":true,"href":"https:\/\/comixburo.com\/en\/wp-json\/wp\/v2\/product_brand?post=16522"},{"taxonomy":"product_cat","embeddable":true,"href":"https:\/\/comixburo.com\/en\/wp-json\/wp\/v2\/product_cat?post=16522"},{"taxonomy":"product_tag","embeddable":true,"href":"https:\/\/comixburo.com\/en\/wp-json\/wp\/v2\/product_tag?post=16522"}],"curies":[{"name":"wp","href":"https:\/\/api.w.org\/{rel}","templated":true}]}}