{"id":16550,"date":"2024-10-30T10:55:53","date_gmt":"2024-10-30T09:55:53","guid":{"rendered":"https:\/\/comixburo.com\/?post_type=product&#038;p=16550"},"modified":"2025-05-06T11:12:45","modified_gmt":"2025-05-06T09:12:45","slug":"sketchbook-bellamy-1","status":"publish","type":"product","link":"https:\/\/comixburo.com\/en\/product\/sketchbook-bellamy-1\/","title":{"rendered":"Sketchbook Bellamy #1"},"content":{"rendered":"<h2><strong>Sketchbook Bellamy #1<\/strong><\/h2>\n<p>Auteur : <a href=\"https:\/\/www.instagram.com\/brunobellamy\/\">Bruno Bellamy.<\/a><br \/>\n\u00c9diteur : <a href=\"https:\/\/comixburo.com\/en\/\">Comix Buro.<\/a><br \/>\nisbn : 9782916518176.<br \/>\n48 pages couleur \u2013 Format : 18 x 22 cm \u2013 Broch\u00e9.<br \/>\nLes 900 premiers exemplaires sont num\u00e9rot\u00e9s et sign\u00e9s par l\u2019auteur.<\/p>\n<p>***<br \/>\nBruno Bellamy fait de longs d\u00e9buts comme illustrateur de presse (c\u2019est alors qu\u2019il cr\u00e9e ses personnages f\u00e9minins gentiment coquins, au style clairement identifiable qui leur vaudra le sobriquet de \u00ab\u00a0bellaminettes\u00a0\u00bb), dans les magazines de jeux de r\u00f4le (Casus Belli), de jeux vid\u00e9o, d\u2019informatique, etc. Il fait une premi\u00e8re apparition dans la BD en tant que dessinateur (Sylfeline, sur un sc\u00e9nario de Marc Bati). Il d\u00e9cide de pr\u00e9senter Showergate \u00e0 Olivier Vatine, qui le signe chez Delcourt.<\/p>\n<p>***<br \/>\nAvec <a href=\"https:\/\/comixburo.com\/en\/product-category\/sketchbook\/\">la collection Sketchbooks<\/a>, Comix Buro vous invite \u00e0 feuilleter les carnets des meilleurs artistes de la bande dessin\u00e9e et de l\u2019illustration.Vous y trouverez au d\u00e9tour des pages des cr\u00e9atures \u00e9tranges, des mod\u00e8les vivants captur\u00e9s sur papier, des croquis ramen\u00e9s de pays lointains, des vaisseaux spatiaux sur leur pas de tir, des story-boards, et bien d\u2019autres choses encore.<\/p>","protected":false},"excerpt":{"rendered":"<p>Plongez dans l\u2019univers de la collection\u00a0<em>Sketchbooks<\/em>\u00a0publi\u00e9e par COMIX BURO et d\u00e9couvrez les carnets de croquis des meilleurs auteurs et autrices de bande dessin\u00e9e !<\/p>","protected":false},"featured_media":16356,"comment_status":"open","ping_status":"closed","template":"","meta":[],"product_brand":[108],"product_cat":[110,75,93],"product_tag":[],"class_list":{"0":"post-16550","1":"product","2":"type-product","3":"status-publish","4":"has-post-thumbnail","6":"product_brand-comix-buro","7":"product_cat-comix-buro","8":"product_cat-sketchbook","9":"product_cat-tous","11":"first","12":"instock","13":"taxable","14":"shipping-taxable","15":"purchasable","16":"product-type-simple"},"yoast_head":"<!-- This site is optimized with the Yoast SEO plugin v26.9 - https:\/\/yoast.com\/product\/yoast-seo-wordpress\/ -->\n<title>Sketchbook Bellamy #1 - comixburo.com<\/title>\n<meta name=\"description\" content=\"D\u00e9couvrez dans ce premier sketchbook d\u00e9di\u00e9 \u00e0 Bruno Bellamy, des dessins de pin-up, des croquis et illustrations qui d\u00e9ploient l&#039;univers de l&#039;auteur.\" \/>\n<meta name=\"robots\" content=\"index, follow, max-snippet:-1, max-image-preview:large, max-video-preview:-1\" \/>\n<link rel=\"canonical\" href=\"https:\/\/comixburo.com\/en\/product\/sketchbook-bellamy-1\/\" \/>\n<meta property=\"og:locale\" content=\"en_GB\" \/>\n<meta property=\"og:type\" content=\"article\" \/>\n<meta property=\"og:title\" content=\"Sketchbook Bellamy #1 - comixburo.com\" \/>\n<meta property=\"og:description\" content=\"D\u00e9couvrez dans ce premier sketchbook d\u00e9di\u00e9 \u00e0 Bruno Bellamy, des dessins de pin-up, des croquis et illustrations qui d\u00e9ploient l&#039;univers de l&#039;auteur.\" \/>\n<meta property=\"og:url\" content=\"https:\/\/comixburo.com\/en\/product\/sketchbook-bellamy-1\/\" \/>\n<meta property=\"og:site_name\" content=\"comixburo.com\" \/>\n<meta property=\"article:publisher\" content=\"https:\/\/www.facebook.com\/comixburo\" \/>\n<meta property=\"article:modified_time\" content=\"2025-05-06T09:12:45+00:00\" \/>\n<meta property=\"og:image\" content=\"https:\/\/comixburo.com\/wp-content\/uploads\/2024\/10\/Sketchbook-Bellamy1-Comix-Buro.webp\" \/>\n\t<meta property=\"og:image:width\" content=\"655\" \/>\n\t<meta property=\"og:image:height\" content=\"800\" \/>\n\t<meta property=\"og:image:type\" content=\"image\/webp\" \/>\n<meta name=\"twitter:card\" content=\"summary_large_image\" \/>\n<meta name=\"twitter:label1\" content=\"Estimated reading time\" \/>\n\t<meta name=\"twitter:data1\" content=\"2 minutes\" \/>\n<script type=\"application\/ld+json\" class=\"yoast-schema-graph\">{\"@context\":\"https:\/\/schema.org\",\"@graph\":[{\"@type\":\"WebPage\",\"@id\":\"https:\/\/comixburo.com\/produit\/sketchbook-bellamy-1\/\",\"url\":\"https:\/\/comixburo.com\/produit\/sketchbook-bellamy-1\/\",\"name\":\"Sketchbook Bellamy #1 - comixburo.com\",\"isPartOf\":{\"@id\":\"https:\/\/comixburo.com\/#website\"},\"primaryImageOfPage\":{\"@id\":\"https:\/\/comixburo.com\/produit\/sketchbook-bellamy-1\/#primaryimage\"},\"image\":{\"@id\":\"https:\/\/comixburo.com\/produit\/sketchbook-bellamy-1\/#primaryimage\"},\"thumbnailUrl\":\"https:\/\/comixburo.com\/wp-content\/uploads\/2024\/10\/Sketchbook-Bellamy1-Comix-Buro.webp\",\"datePublished\":\"2024-10-30T09:55:53+00:00\",\"dateModified\":\"2025-05-06T09:12:45+00:00\",\"description\":\"D\u00e9couvrez dans ce premier sketchbook d\u00e9di\u00e9 \u00e0 Bruno Bellamy, des dessins de pin-up, des croquis et illustrations qui d\u00e9ploient l'univers de l'auteur.\",\"breadcrumb\":{\"@id\":\"https:\/\/comixburo.com\/produit\/sketchbook-bellamy-1\/#breadcrumb\"},\"inLanguage\":\"en-GB\",\"potentialAction\":[{\"@type\":\"ReadAction\",\"target\":[\"https:\/\/comixburo.com\/produit\/sketchbook-bellamy-1\/\"]}]},{\"@type\":\"ImageObject\",\"inLanguage\":\"en-GB\",\"@id\":\"https:\/\/comixburo.com\/produit\/sketchbook-bellamy-1\/#primaryimage\",\"url\":\"https:\/\/comixburo.com\/wp-content\/uploads\/2024\/10\/Sketchbook-Bellamy1-Comix-Buro.webp\",\"contentUrl\":\"https:\/\/comixburo.com\/wp-content\/uploads\/2024\/10\/Sketchbook-Bellamy1-Comix-Buro.webp\",\"width\":655,\"height\":800,\"caption\":\"Couverture du sketchbook n\u00b01 de Bruno Bellamy\"},{\"@type\":\"BreadcrumbList\",\"@id\":\"https:\/\/comixburo.com\/produit\/sketchbook-bellamy-1\/#breadcrumb\",\"itemListElement\":[{\"@type\":\"ListItem\",\"position\":1,\"name\":\"Home\",\"item\":\"https:\/\/comixburo.com\/\"},{\"@type\":\"ListItem\",\"position\":2,\"name\":\"La boutique Comix Buro\",\"item\":\"https:\/\/comixburo.com\/la-boutique-comix-buro\/\"},{\"@type\":\"ListItem\",\"position\":3,\"name\":\"Sketchbook Bellamy #1\"}]},{\"@type\":\"WebSite\",\"@id\":\"https:\/\/comixburo.com\/#website\",\"url\":\"https:\/\/comixburo.com\/\",\"name\":\"comixburo.com\",\"description\":\"Cr\u00e9ateur de projets : Sketchbook d&#039;artistes !\",\"publisher\":{\"@id\":\"https:\/\/comixburo.com\/#organization\"},\"alternateName\":\"Comix Buro\",\"potentialAction\":[{\"@type\":\"SearchAction\",\"target\":{\"@type\":\"EntryPoint\",\"urlTemplate\":\"https:\/\/comixburo.com\/?s={search_term_string}\"},\"query-input\":{\"@type\":\"PropertyValueSpecification\",\"valueRequired\":true,\"valueName\":\"search_term_string\"}}],\"inLanguage\":\"en-GB\"},{\"@type\":\"Organization\",\"@id\":\"https:\/\/comixburo.com\/#organization\",\"name\":\"comixburo.com\",\"url\":\"https:\/\/comixburo.com\/\",\"logo\":{\"@type\":\"ImageObject\",\"inLanguage\":\"en-GB\",\"@id\":\"https:\/\/comixburo.com\/#\/schema\/logo\/image\/\",\"url\":\"https:\/\/comixburo.com\/wp-content\/uploads\/2025\/04\/logo-cxb-ROND.webp\",\"contentUrl\":\"https:\/\/comixburo.com\/wp-content\/uploads\/2025\/04\/logo-cxb-ROND.webp\",\"width\":200,\"height\":200,\"caption\":\"comixburo.com\"},\"image\":{\"@id\":\"https:\/\/comixburo.com\/#\/schema\/logo\/image\/\"},\"sameAs\":[\"https:\/\/www.facebook.com\/comixburo\",\"https:\/\/www.instagram.com\/comixburo\/\"]}]}<\/script>\n<!-- \/ Yoast SEO plugin. -->","yoast_head_json":{"title":"Sketchbook Bellamy #1 - comixburo.com","description":"D\u00e9couvrez dans ce premier sketchbook d\u00e9di\u00e9 \u00e0 Bruno Bellamy, des dessins de pin-up, des croquis et illustrations qui d\u00e9ploient l'univers de l'auteur.","robots":{"index":"index","follow":"follow","max-snippet":"max-snippet:-1","max-image-preview":"max-image-preview:large","max-video-preview":"max-video-preview:-1"},"canonical":"https:\/\/comixburo.com\/en\/product\/sketchbook-bellamy-1\/","og_locale":"en_GB","og_type":"article","og_title":"Sketchbook Bellamy #1 - comixburo.com","og_description":"D\u00e9couvrez dans ce premier sketchbook d\u00e9di\u00e9 \u00e0 Bruno Bellamy, des dessins de pin-up, des croquis et illustrations qui d\u00e9ploient l'univers de l'auteur.","og_url":"https:\/\/comixburo.com\/en\/product\/sketchbook-bellamy-1\/","og_site_name":"comixburo.com","article_publisher":"https:\/\/www.facebook.com\/comixburo","article_modified_time":"2025-05-06T09:12:45+00:00","og_image":[{"width":655,"height":800,"url":"https:\/\/comixburo.com\/wp-content\/uploads\/2024\/10\/Sketchbook-Bellamy1-Comix-Buro.webp","type":"image\/webp"}],"twitter_card":"summary_large_image","twitter_misc":{"Estimated reading time":"2 minutes"},"schema":{"@context":"https:\/\/schema.org","@graph":[{"@type":"WebPage","@id":"https:\/\/comixburo.com\/produit\/sketchbook-bellamy-1\/","url":"https:\/\/comixburo.com\/produit\/sketchbook-bellamy-1\/","name":"Sketchbook Bellamy #1 - comixburo.com","isPartOf":{"@id":"https:\/\/comixburo.com\/#website"},"primaryImageOfPage":{"@id":"https:\/\/comixburo.com\/produit\/sketchbook-bellamy-1\/#primaryimage"},"image":{"@id":"https:\/\/comixburo.com\/produit\/sketchbook-bellamy-1\/#primaryimage"},"thumbnailUrl":"https:\/\/comixburo.com\/wp-content\/uploads\/2024\/10\/Sketchbook-Bellamy1-Comix-Buro.webp","datePublished":"2024-10-30T09:55:53+00:00","dateModified":"2025-05-06T09:12:45+00:00","description":"D\u00e9couvrez dans ce premier sketchbook d\u00e9di\u00e9 \u00e0 Bruno Bellamy, des dessins de pin-up, des croquis et illustrations qui d\u00e9ploient l'univers de l'auteur.","breadcrumb":{"@id":"https:\/\/comixburo.com\/produit\/sketchbook-bellamy-1\/#breadcrumb"},"inLanguage":"en-GB","potentialAction":[{"@type":"ReadAction","target":["https:\/\/comixburo.com\/produit\/sketchbook-bellamy-1\/"]}]},{"@type":"ImageObject","inLanguage":"en-GB","@id":"https:\/\/comixburo.com\/produit\/sketchbook-bellamy-1\/#primaryimage","url":"https:\/\/comixburo.com\/wp-content\/uploads\/2024\/10\/Sketchbook-Bellamy1-Comix-Buro.webp","contentUrl":"https:\/\/comixburo.com\/wp-content\/uploads\/2024\/10\/Sketchbook-Bellamy1-Comix-Buro.webp","width":655,"height":800,"caption":"Couverture du sketchbook n\u00b01 de Bruno Bellamy"},{"@type":"BreadcrumbList","@id":"https:\/\/comixburo.com\/produit\/sketchbook-bellamy-1\/#breadcrumb","itemListElement":[{"@type":"ListItem","position":1,"name":"Home","item":"https:\/\/comixburo.com\/"},{"@type":"ListItem","position":2,"name":"La boutique Comix Buro","item":"https:\/\/comixburo.com\/la-boutique-comix-buro\/"},{"@type":"ListItem","position":3,"name":"Sketchbook Bellamy #1"}]},{"@type":"WebSite","@id":"https:\/\/comixburo.com\/#website","url":"https:\/\/comixburo.com\/","name":"comixburo.com","description":"Cr\u00e9ateur de projets : Sketchbook d&#039;artistes !","publisher":{"@id":"https:\/\/comixburo.com\/#organization"},"alternateName":"Comix Buro","potentialAction":[{"@type":"SearchAction","target":{"@type":"EntryPoint","urlTemplate":"https:\/\/comixburo.com\/?s={search_term_string}"},"query-input":{"@type":"PropertyValueSpecification","valueRequired":true,"valueName":"search_term_string"}}],"inLanguage":"en-GB"},{"@type":"Organization","@id":"https:\/\/comixburo.com\/#organization","name":"comixburo.com","url":"https:\/\/comixburo.com\/","logo":{"@type":"ImageObject","inLanguage":"en-GB","@id":"https:\/\/comixburo.com\/#\/schema\/logo\/image\/","url":"https:\/\/comixburo.com\/wp-content\/uploads\/2025\/04\/logo-cxb-ROND.webp","contentUrl":"https:\/\/comixburo.com\/wp-content\/uploads\/2025\/04\/logo-cxb-ROND.webp","width":200,"height":200,"caption":"comixburo.com"},"image":{"@id":"https:\/\/comixburo.com\/#\/schema\/logo\/image\/"},"sameAs":["https:\/\/www.facebook.com\/comixburo","https:\/\/www.instagram.com\/comixburo\/"]}]}},"jetpack_sharing_enabled":true,"_links":{"self":[{"href":"https:\/\/comixburo.com\/en\/wp-json\/wp\/v2\/product\/16550","targetHints":{"allow":["GET"]}}],"collection":[{"href":"https:\/\/comixburo.com\/en\/wp-json\/wp\/v2\/product"}],"about":[{"href":"https:\/\/comixburo.com\/en\/wp-json\/wp\/v2\/types\/product"}],"replies":[{"embeddable":true,"href":"https:\/\/comixburo.com\/en\/wp-json\/wp\/v2\/comments?post=16550"}],"version-history":[{"count":4,"href":"https:\/\/comixburo.com\/en\/wp-json\/wp\/v2\/product\/16550\/revisions"}],"predecessor-version":[{"id":19600,"href":"https:\/\/comixburo.com\/en\/wp-json\/wp\/v2\/product\/16550\/revisions\/19600"}],"wp:featuredmedia":[{"embeddable":true,"href":"https:\/\/comixburo.com\/en\/wp-json\/wp\/v2\/media\/16356"}],"wp:attachment":[{"href":"https:\/\/comixburo.com\/en\/wp-json\/wp\/v2\/media?parent=16550"}],"wp:term":[{"taxonomy":"product_brand","embeddable":true,"href":"https:\/\/comixburo.com\/en\/wp-json\/wp\/v2\/product_brand?post=16550"},{"taxonomy":"product_cat","embeddable":true,"href":"https:\/\/comixburo.com\/en\/wp-json\/wp\/v2\/product_cat?post=16550"},{"taxonomy":"product_tag","embeddable":true,"href":"https:\/\/comixburo.com\/en\/wp-json\/wp\/v2\/product_tag?post=16550"}],"curies":[{"name":"wp","href":"https:\/\/api.w.org\/{rel}","templated":true}]}}