{"id":16556,"date":"2024-10-30T10:58:26","date_gmt":"2024-10-30T09:58:26","guid":{"rendered":"https:\/\/comixburo.com\/?post_type=product&#038;p=16556"},"modified":"2025-05-06T11:12:44","modified_gmt":"2025-05-06T09:12:44","slug":"sketchbook-andreae","status":"publish","type":"product","link":"https:\/\/comixburo.com\/en\/product\/sketchbook-andreae\/","title":{"rendered":"Sketchbook Andreae"},"content":{"rendered":"<h2><strong>Sketchbook Andreae<\/strong><\/h2>\n<p>Auteur : <a href=\"https:\/\/www.instagram.com\/jb.andreae\/\">Jean-Baptiste Andreae.<\/a><br \/>\n\u00c9diteur : <a href=\"https:\/\/comixburo.com\/en\/\">Comix Buro.<\/a><br \/>\nDate de parution : 2013.<br \/>\nisbn : 9782916518657.<br \/>\n48 pages couleur \u2013 Format : 18 x 22 cm \u2013 Broch\u00e9.<br \/>\nLes 900 premiers exemplaires sont num\u00e9rot\u00e9s et sign\u00e9s par l\u2019auteur.<\/p>\n<p class=\"\" data-start=\"62\" data-end=\"360\">Dans ce sketchbook, d\u00e9couvrez le talent de Jean-Baptiste Andreae (La Confr\u00e9rie du crabe, Mangecoeur) et ses superbes couleurs. \u00c0 travers ses croquis de filles (rondes, pin-up, vampires, futuristes, soubrettes, Lolitas, masqu\u00e9es\u2026) et de \u00ab tronches \u00bb vari\u00e9es, il d\u00e9voile son univers graphique unique.<\/p>\n<p class=\"\" data-start=\"362\" data-end=\"948\"><strong data-start=\"362\" data-end=\"388\">\u00c0 propos de l\u2019auteur :<\/strong><br data-start=\"388\" data-end=\"391\" \/>N\u00e9 \u00e0 Bordeaux en 1964, Jean-Baptiste Andreae d\u00e9couvre le dessin d\u00e8s son plus jeune \u00e2ge. Passionn\u00e9 par Le Journal de Spirou et M\u00e9tal Hurlant, il r\u00eave de bande dessin\u00e9e, mais se dirige vers le graphisme et la publicit\u00e9. Sa rencontre avec Galli\u00e9 le ram\u00e8ne \u00e0 la BD, o\u00f9 il d\u00e9veloppe son go\u00fbt pour l\u2019imaginaire et les univers d\u00e9cal\u00e9s. Il cite parmi ses influences : Winsor Mc Kay, Franquin, Giraud (Moebius), Miyazaki, Carlos Nine, Dave Cooper et Ashley Wood. Son amour pour le dessin de jolies filles se r\u00e9v\u00e8le pleinement dans ce livre, avec l\u2019\u00e2ge.<\/p>\n<p>Avec la collection Sketchbooks, Comix Buro vous invite \u00e0 d\u00e9couvrir les carnets des meilleurs artistes de BD et d&rsquo;illustration. Vous y trouverez des cr\u00e9atures \u00e9tranges, mod\u00e8les vivants, croquis de voyages lointains, vaisseaux spatiaux sur leur pas de tir, story-boards, et bien plus encore.<\/p>","protected":false},"excerpt":{"rendered":"<p>Sketchbook Andreae Auteur : Jean-Baptiste Andreae. \u00c9diteur : Comix Buro. Date de parution : 2013. isbn : 9782916518657. 48 pages<\/p>","protected":false},"featured_media":16353,"comment_status":"open","ping_status":"closed","template":"","meta":[],"product_brand":[108],"product_cat":[110,75,93],"product_tag":[],"class_list":{"0":"post-16556","1":"product","2":"type-product","3":"status-publish","4":"has-post-thumbnail","6":"product_brand-comix-buro","7":"product_cat-comix-buro","8":"product_cat-sketchbook","9":"product_cat-tous","11":"first","12":"instock","13":"taxable","14":"shipping-taxable","15":"purchasable","16":"product-type-simple"},"yoast_head":"<!-- This site is optimized with the Yoast SEO plugin v26.9 - https:\/\/yoast.com\/product\/yoast-seo-wordpress\/ -->\n<title>Sketchbook Andreae - comixburo.com<\/title>\n<meta name=\"description\" content=\"Explorez l&#039;univers d&#039;Andreae dans ce sketchbook exclusif : croquis originaux, \u00e9tudes de personnages et esquisses in\u00e9dites illustrant son parcours.\" \/>\n<meta name=\"robots\" content=\"index, follow, max-snippet:-1, max-image-preview:large, max-video-preview:-1\" \/>\n<link rel=\"canonical\" href=\"https:\/\/comixburo.com\/en\/product\/sketchbook-andreae\/\" \/>\n<meta property=\"og:locale\" content=\"en_GB\" \/>\n<meta property=\"og:type\" content=\"article\" \/>\n<meta property=\"og:title\" content=\"Sketchbook Andreae - comixburo.com\" \/>\n<meta property=\"og:description\" content=\"Explorez l&#039;univers d&#039;Andreae dans ce sketchbook exclusif : croquis originaux, \u00e9tudes de personnages et esquisses in\u00e9dites illustrant son parcours.\" \/>\n<meta property=\"og:url\" content=\"https:\/\/comixburo.com\/en\/product\/sketchbook-andreae\/\" \/>\n<meta property=\"og:site_name\" content=\"comixburo.com\" \/>\n<meta property=\"article:publisher\" content=\"https:\/\/www.facebook.com\/comixburo\" \/>\n<meta property=\"article:modified_time\" content=\"2025-05-06T09:12:44+00:00\" \/>\n<meta property=\"og:image\" content=\"https:\/\/comixburo.com\/wp-content\/uploads\/2024\/10\/Sketchbook-Andreae-Comix-Buro.webp\" \/>\n\t<meta property=\"og:image:width\" content=\"819\" \/>\n\t<meta property=\"og:image:height\" content=\"1000\" \/>\n\t<meta property=\"og:image:type\" content=\"image\/webp\" \/>\n<meta name=\"twitter:card\" content=\"summary_large_image\" \/>\n<meta name=\"twitter:label1\" content=\"Estimated reading time\" \/>\n\t<meta name=\"twitter:data1\" content=\"2 minutes\" \/>\n<script type=\"application\/ld+json\" class=\"yoast-schema-graph\">{\"@context\":\"https:\/\/schema.org\",\"@graph\":[{\"@type\":\"WebPage\",\"@id\":\"https:\/\/comixburo.com\/produit\/sketchbook-andreae\/\",\"url\":\"https:\/\/comixburo.com\/produit\/sketchbook-andreae\/\",\"name\":\"Sketchbook Andreae - comixburo.com\",\"isPartOf\":{\"@id\":\"https:\/\/comixburo.com\/#website\"},\"primaryImageOfPage\":{\"@id\":\"https:\/\/comixburo.com\/produit\/sketchbook-andreae\/#primaryimage\"},\"image\":{\"@id\":\"https:\/\/comixburo.com\/produit\/sketchbook-andreae\/#primaryimage\"},\"thumbnailUrl\":\"https:\/\/comixburo.com\/wp-content\/uploads\/2024\/10\/Sketchbook-Andreae-Comix-Buro.webp\",\"datePublished\":\"2024-10-30T09:58:26+00:00\",\"dateModified\":\"2025-05-06T09:12:44+00:00\",\"description\":\"Explorez l'univers d'Andreae dans ce sketchbook exclusif : croquis originaux, \u00e9tudes de personnages et esquisses in\u00e9dites illustrant son parcours.\",\"breadcrumb\":{\"@id\":\"https:\/\/comixburo.com\/produit\/sketchbook-andreae\/#breadcrumb\"},\"inLanguage\":\"en-GB\",\"potentialAction\":[{\"@type\":\"ReadAction\",\"target\":[\"https:\/\/comixburo.com\/produit\/sketchbook-andreae\/\"]}]},{\"@type\":\"ImageObject\",\"inLanguage\":\"en-GB\",\"@id\":\"https:\/\/comixburo.com\/produit\/sketchbook-andreae\/#primaryimage\",\"url\":\"https:\/\/comixburo.com\/wp-content\/uploads\/2024\/10\/Sketchbook-Andreae-Comix-Buro.webp\",\"contentUrl\":\"https:\/\/comixburo.com\/wp-content\/uploads\/2024\/10\/Sketchbook-Andreae-Comix-Buro.webp\",\"width\":819,\"height\":1000,\"caption\":\"Couverture du sketchbook de Jean-Baptiste Andreae\"},{\"@type\":\"BreadcrumbList\",\"@id\":\"https:\/\/comixburo.com\/produit\/sketchbook-andreae\/#breadcrumb\",\"itemListElement\":[{\"@type\":\"ListItem\",\"position\":1,\"name\":\"Home\",\"item\":\"https:\/\/comixburo.com\/\"},{\"@type\":\"ListItem\",\"position\":2,\"name\":\"La boutique Comix Buro\",\"item\":\"https:\/\/comixburo.com\/la-boutique-comix-buro\/\"},{\"@type\":\"ListItem\",\"position\":3,\"name\":\"Sketchbook Andreae\"}]},{\"@type\":\"WebSite\",\"@id\":\"https:\/\/comixburo.com\/#website\",\"url\":\"https:\/\/comixburo.com\/\",\"name\":\"comixburo.com\",\"description\":\"Cr\u00e9ateur de projets : Sketchbook d&#039;artistes !\",\"publisher\":{\"@id\":\"https:\/\/comixburo.com\/#organization\"},\"alternateName\":\"Comix Buro\",\"potentialAction\":[{\"@type\":\"SearchAction\",\"target\":{\"@type\":\"EntryPoint\",\"urlTemplate\":\"https:\/\/comixburo.com\/?s={search_term_string}\"},\"query-input\":{\"@type\":\"PropertyValueSpecification\",\"valueRequired\":true,\"valueName\":\"search_term_string\"}}],\"inLanguage\":\"en-GB\"},{\"@type\":\"Organization\",\"@id\":\"https:\/\/comixburo.com\/#organization\",\"name\":\"comixburo.com\",\"url\":\"https:\/\/comixburo.com\/\",\"logo\":{\"@type\":\"ImageObject\",\"inLanguage\":\"en-GB\",\"@id\":\"https:\/\/comixburo.com\/#\/schema\/logo\/image\/\",\"url\":\"https:\/\/comixburo.com\/wp-content\/uploads\/2025\/04\/logo-cxb-ROND.webp\",\"contentUrl\":\"https:\/\/comixburo.com\/wp-content\/uploads\/2025\/04\/logo-cxb-ROND.webp\",\"width\":200,\"height\":200,\"caption\":\"comixburo.com\"},\"image\":{\"@id\":\"https:\/\/comixburo.com\/#\/schema\/logo\/image\/\"},\"sameAs\":[\"https:\/\/www.facebook.com\/comixburo\",\"https:\/\/www.instagram.com\/comixburo\/\"]}]}<\/script>\n<!-- \/ Yoast SEO plugin. -->","yoast_head_json":{"title":"Sketchbook Andreae - comixburo.com","description":"Explorez l'univers d'Andreae dans ce sketchbook exclusif : croquis originaux, \u00e9tudes de personnages et esquisses in\u00e9dites illustrant son parcours.","robots":{"index":"index","follow":"follow","max-snippet":"max-snippet:-1","max-image-preview":"max-image-preview:large","max-video-preview":"max-video-preview:-1"},"canonical":"https:\/\/comixburo.com\/en\/product\/sketchbook-andreae\/","og_locale":"en_GB","og_type":"article","og_title":"Sketchbook Andreae - comixburo.com","og_description":"Explorez l'univers d'Andreae dans ce sketchbook exclusif : croquis originaux, \u00e9tudes de personnages et esquisses in\u00e9dites illustrant son parcours.","og_url":"https:\/\/comixburo.com\/en\/product\/sketchbook-andreae\/","og_site_name":"comixburo.com","article_publisher":"https:\/\/www.facebook.com\/comixburo","article_modified_time":"2025-05-06T09:12:44+00:00","og_image":[{"width":819,"height":1000,"url":"https:\/\/comixburo.com\/wp-content\/uploads\/2024\/10\/Sketchbook-Andreae-Comix-Buro.webp","type":"image\/webp"}],"twitter_card":"summary_large_image","twitter_misc":{"Estimated reading time":"2 minutes"},"schema":{"@context":"https:\/\/schema.org","@graph":[{"@type":"WebPage","@id":"https:\/\/comixburo.com\/produit\/sketchbook-andreae\/","url":"https:\/\/comixburo.com\/produit\/sketchbook-andreae\/","name":"Sketchbook Andreae - comixburo.com","isPartOf":{"@id":"https:\/\/comixburo.com\/#website"},"primaryImageOfPage":{"@id":"https:\/\/comixburo.com\/produit\/sketchbook-andreae\/#primaryimage"},"image":{"@id":"https:\/\/comixburo.com\/produit\/sketchbook-andreae\/#primaryimage"},"thumbnailUrl":"https:\/\/comixburo.com\/wp-content\/uploads\/2024\/10\/Sketchbook-Andreae-Comix-Buro.webp","datePublished":"2024-10-30T09:58:26+00:00","dateModified":"2025-05-06T09:12:44+00:00","description":"Explorez l'univers d'Andreae dans ce sketchbook exclusif : croquis originaux, \u00e9tudes de personnages et esquisses in\u00e9dites illustrant son parcours.","breadcrumb":{"@id":"https:\/\/comixburo.com\/produit\/sketchbook-andreae\/#breadcrumb"},"inLanguage":"en-GB","potentialAction":[{"@type":"ReadAction","target":["https:\/\/comixburo.com\/produit\/sketchbook-andreae\/"]}]},{"@type":"ImageObject","inLanguage":"en-GB","@id":"https:\/\/comixburo.com\/produit\/sketchbook-andreae\/#primaryimage","url":"https:\/\/comixburo.com\/wp-content\/uploads\/2024\/10\/Sketchbook-Andreae-Comix-Buro.webp","contentUrl":"https:\/\/comixburo.com\/wp-content\/uploads\/2024\/10\/Sketchbook-Andreae-Comix-Buro.webp","width":819,"height":1000,"caption":"Couverture du sketchbook de Jean-Baptiste Andreae"},{"@type":"BreadcrumbList","@id":"https:\/\/comixburo.com\/produit\/sketchbook-andreae\/#breadcrumb","itemListElement":[{"@type":"ListItem","position":1,"name":"Home","item":"https:\/\/comixburo.com\/"},{"@type":"ListItem","position":2,"name":"La boutique Comix Buro","item":"https:\/\/comixburo.com\/la-boutique-comix-buro\/"},{"@type":"ListItem","position":3,"name":"Sketchbook Andreae"}]},{"@type":"WebSite","@id":"https:\/\/comixburo.com\/#website","url":"https:\/\/comixburo.com\/","name":"comixburo.com","description":"Cr\u00e9ateur de projets : Sketchbook d&#039;artistes !","publisher":{"@id":"https:\/\/comixburo.com\/#organization"},"alternateName":"Comix Buro","potentialAction":[{"@type":"SearchAction","target":{"@type":"EntryPoint","urlTemplate":"https:\/\/comixburo.com\/?s={search_term_string}"},"query-input":{"@type":"PropertyValueSpecification","valueRequired":true,"valueName":"search_term_string"}}],"inLanguage":"en-GB"},{"@type":"Organization","@id":"https:\/\/comixburo.com\/#organization","name":"comixburo.com","url":"https:\/\/comixburo.com\/","logo":{"@type":"ImageObject","inLanguage":"en-GB","@id":"https:\/\/comixburo.com\/#\/schema\/logo\/image\/","url":"https:\/\/comixburo.com\/wp-content\/uploads\/2025\/04\/logo-cxb-ROND.webp","contentUrl":"https:\/\/comixburo.com\/wp-content\/uploads\/2025\/04\/logo-cxb-ROND.webp","width":200,"height":200,"caption":"comixburo.com"},"image":{"@id":"https:\/\/comixburo.com\/#\/schema\/logo\/image\/"},"sameAs":["https:\/\/www.facebook.com\/comixburo","https:\/\/www.instagram.com\/comixburo\/"]}]}},"jetpack_sharing_enabled":true,"_links":{"self":[{"href":"https:\/\/comixburo.com\/en\/wp-json\/wp\/v2\/product\/16556","targetHints":{"allow":["GET"]}}],"collection":[{"href":"https:\/\/comixburo.com\/en\/wp-json\/wp\/v2\/product"}],"about":[{"href":"https:\/\/comixburo.com\/en\/wp-json\/wp\/v2\/types\/product"}],"replies":[{"embeddable":true,"href":"https:\/\/comixburo.com\/en\/wp-json\/wp\/v2\/comments?post=16556"}],"version-history":[{"count":6,"href":"https:\/\/comixburo.com\/en\/wp-json\/wp\/v2\/product\/16556\/revisions"}],"predecessor-version":[{"id":19602,"href":"https:\/\/comixburo.com\/en\/wp-json\/wp\/v2\/product\/16556\/revisions\/19602"}],"wp:featuredmedia":[{"embeddable":true,"href":"https:\/\/comixburo.com\/en\/wp-json\/wp\/v2\/media\/16353"}],"wp:attachment":[{"href":"https:\/\/comixburo.com\/en\/wp-json\/wp\/v2\/media?parent=16556"}],"wp:term":[{"taxonomy":"product_brand","embeddable":true,"href":"https:\/\/comixburo.com\/en\/wp-json\/wp\/v2\/product_brand?post=16556"},{"taxonomy":"product_cat","embeddable":true,"href":"https:\/\/comixburo.com\/en\/wp-json\/wp\/v2\/product_cat?post=16556"},{"taxonomy":"product_tag","embeddable":true,"href":"https:\/\/comixburo.com\/en\/wp-json\/wp\/v2\/product_tag?post=16556"}],"curies":[{"name":"wp","href":"https:\/\/api.w.org\/{rel}","templated":true}]}}