{"id":16558,"date":"2024-10-30T10:59:04","date_gmt":"2024-10-30T09:59:04","guid":{"rendered":"https:\/\/comixburo.com\/?post_type=product&#038;p=16558"},"modified":"2025-05-06T11:12:44","modified_gmt":"2025-05-06T09:12:44","slug":"sketchbook-amoretti","status":"publish","type":"product","link":"https:\/\/comixburo.com\/en\/product\/sketchbook-amoretti\/","title":{"rendered":"Sketchbook Amoretti"},"content":{"rendered":"<h2><strong>Sketchbook Amoretti<\/strong><\/h2>\n<p>Autrice : <a href=\"https:\/\/www.instagram.com\/maudamoretti\/?hl=fr\">Maud Amoretti.<\/a><br \/>\n\u00c9diteur :<a href=\"https:\/\/comixburo.com\/en\/\"> Comix Buro.<\/a><br \/>\nDate de parution : 2014.<br \/>\nisbn : 9782916518749.<br \/>\n48 pages couleur \u2013 Format : 18 x 22 cm \u2013 Broch\u00e9.<br \/>\nLes 900 premiers exemplaires sont num\u00e9rot\u00e9s et sign\u00e9s par l\u2019autrice.<\/p>\n<p>***<br \/>\n\u2013 Le sketchbook de Maud Amoretti (Burlesque Girrrl) vous fera voyager dans l\u2019univers si particulier de cette autrice \u00e0 la sensibilit\u00e9 et l\u2019\u00e9l\u00e9gance fantasmagorique : elle y m\u00eale son amour des pin-up, du tatouage et du rockabilly \u00e0 son attrait pour les contes de f\u00e9es et l\u2019esth\u00e9tique gothic lolita.<br \/>\n\u2013 \u00ab Ce sketchbook est une agr\u00e9able opportunit\u00e9 de montrer des travaux qui n\u2019ont jamais vu le jour ou, qui sont sur le point de prendre leur tour. Certains \u00e9voluent et m\u00fbrissent depuis des ann\u00e9es. Ce sketchbook, c\u2019est un aper\u00e7u de ce qui habite mon imagination. On peut y voir des h\u00e9ro\u00efnes et un h\u00e9ros qui captivent mes heures : Shauna, ma petite pr\u00e9f\u00e9r\u00e9e\u2026 Fraise, tendre Fraise\u2026 et James, gentleman posh et Chap. Tous sont les avatars d\u2019une vie r\u00eav\u00e9e, une vie plus libre. Ils hantent mes jours, mes insomnies, mes feuilles \u00bb.<br \/>\nMaud Amoretti<\/p>\n<p>***<br \/>\nAvec <a href=\"https:\/\/comixburo.com\/en\/product-category\/sketchbook\/\">la collection Sketchbooks<\/a>, Comix Buro vous invite \u00e0 feuilleter les carnets des meilleurs artistes de la bande dessin\u00e9e et de l\u2019illustration. Vous y trouverez au d\u00e9tour des pages des cr\u00e9atures \u00e9tranges, des mod\u00e8les vivants captur\u00e9s sur papier, des croquis ramen\u00e9s de pays lointains, des vaisseaux spatiaux sur leur pas de tir, des story-boards, et bien d\u2019autres choses encore.<\/p>","protected":false},"excerpt":{"rendered":"<p>Plongez dans l\u2019univers de la collection\u00a0<em>Sketchbooks<\/em>\u00a0publi\u00e9e par COMIX BURO et d\u00e9couvrez les carnets de croquis des meilleurs auteurs et autrices de bande dessin\u00e9e !<\/p>","protected":false},"featured_media":16352,"comment_status":"open","ping_status":"closed","template":"","meta":[],"product_brand":[108],"product_cat":[110,75,93],"product_tag":[],"class_list":{"0":"post-16558","1":"product","2":"type-product","3":"status-publish","4":"has-post-thumbnail","6":"product_brand-comix-buro","7":"product_cat-comix-buro","8":"product_cat-sketchbook","9":"product_cat-tous","11":"first","12":"instock","13":"taxable","14":"shipping-taxable","15":"purchasable","16":"product-type-simple"},"yoast_head":"<!-- This site is optimized with the Yoast SEO plugin v26.9 - https:\/\/yoast.com\/product\/yoast-seo-wordpress\/ -->\n<title>Sketchbook Amoretti - comixburo.com<\/title>\n<meta name=\"description\" content=\"Un carnet d\u2019esquisses intime d\u00e9di\u00e9 \u00e0 Maud Amoretti : traits d\u00e9licats, ambiances sombres et personnages oniriques d\u00e9voilent son imaginaire singulier.\" \/>\n<meta name=\"robots\" content=\"index, follow, max-snippet:-1, max-image-preview:large, max-video-preview:-1\" \/>\n<link rel=\"canonical\" href=\"https:\/\/comixburo.com\/en\/product\/sketchbook-amoretti\/\" \/>\n<meta property=\"og:locale\" content=\"en_GB\" \/>\n<meta property=\"og:type\" content=\"article\" \/>\n<meta property=\"og:title\" content=\"Sketchbook Amoretti - comixburo.com\" \/>\n<meta property=\"og:description\" content=\"Un carnet d\u2019esquisses intime d\u00e9di\u00e9 \u00e0 Maud Amoretti : traits d\u00e9licats, ambiances sombres et personnages oniriques d\u00e9voilent son imaginaire singulier.\" \/>\n<meta property=\"og:url\" content=\"https:\/\/comixburo.com\/en\/product\/sketchbook-amoretti\/\" \/>\n<meta property=\"og:site_name\" content=\"comixburo.com\" \/>\n<meta property=\"article:publisher\" content=\"https:\/\/www.facebook.com\/comixburo\" \/>\n<meta property=\"article:modified_time\" content=\"2025-05-06T09:12:44+00:00\" \/>\n<meta property=\"og:image\" content=\"https:\/\/comixburo.com\/wp-content\/uploads\/2024\/10\/Sketchbook-Amoretti-Comix-Buro.webp\" \/>\n\t<meta property=\"og:image:width\" content=\"817\" \/>\n\t<meta property=\"og:image:height\" content=\"1000\" \/>\n\t<meta property=\"og:image:type\" content=\"image\/webp\" \/>\n<meta name=\"twitter:card\" content=\"summary_large_image\" \/>\n<meta name=\"twitter:label1\" content=\"Estimated reading time\" \/>\n\t<meta name=\"twitter:data1\" content=\"2 minutes\" \/>\n<script type=\"application\/ld+json\" class=\"yoast-schema-graph\">{\"@context\":\"https:\/\/schema.org\",\"@graph\":[{\"@type\":\"WebPage\",\"@id\":\"https:\/\/comixburo.com\/produit\/sketchbook-amoretti\/\",\"url\":\"https:\/\/comixburo.com\/produit\/sketchbook-amoretti\/\",\"name\":\"Sketchbook Amoretti - comixburo.com\",\"isPartOf\":{\"@id\":\"https:\/\/comixburo.com\/#website\"},\"primaryImageOfPage\":{\"@id\":\"https:\/\/comixburo.com\/produit\/sketchbook-amoretti\/#primaryimage\"},\"image\":{\"@id\":\"https:\/\/comixburo.com\/produit\/sketchbook-amoretti\/#primaryimage\"},\"thumbnailUrl\":\"https:\/\/comixburo.com\/wp-content\/uploads\/2024\/10\/Sketchbook-Amoretti-Comix-Buro.webp\",\"datePublished\":\"2024-10-30T09:59:04+00:00\",\"dateModified\":\"2025-05-06T09:12:44+00:00\",\"description\":\"Un carnet d\u2019esquisses intime d\u00e9di\u00e9 \u00e0 Maud Amoretti : traits d\u00e9licats, ambiances sombres et personnages oniriques d\u00e9voilent son imaginaire singulier.\",\"breadcrumb\":{\"@id\":\"https:\/\/comixburo.com\/produit\/sketchbook-amoretti\/#breadcrumb\"},\"inLanguage\":\"en-GB\",\"potentialAction\":[{\"@type\":\"ReadAction\",\"target\":[\"https:\/\/comixburo.com\/produit\/sketchbook-amoretti\/\"]}]},{\"@type\":\"ImageObject\",\"inLanguage\":\"en-GB\",\"@id\":\"https:\/\/comixburo.com\/produit\/sketchbook-amoretti\/#primaryimage\",\"url\":\"https:\/\/comixburo.com\/wp-content\/uploads\/2024\/10\/Sketchbook-Amoretti-Comix-Buro.webp\",\"contentUrl\":\"https:\/\/comixburo.com\/wp-content\/uploads\/2024\/10\/Sketchbook-Amoretti-Comix-Buro.webp\",\"width\":817,\"height\":1000,\"caption\":\"couverture du sketchbook de Maud Amoretti\"},{\"@type\":\"BreadcrumbList\",\"@id\":\"https:\/\/comixburo.com\/produit\/sketchbook-amoretti\/#breadcrumb\",\"itemListElement\":[{\"@type\":\"ListItem\",\"position\":1,\"name\":\"Home\",\"item\":\"https:\/\/comixburo.com\/\"},{\"@type\":\"ListItem\",\"position\":2,\"name\":\"La boutique Comix Buro\",\"item\":\"https:\/\/comixburo.com\/la-boutique-comix-buro\/\"},{\"@type\":\"ListItem\",\"position\":3,\"name\":\"Sketchbook Amoretti\"}]},{\"@type\":\"WebSite\",\"@id\":\"https:\/\/comixburo.com\/#website\",\"url\":\"https:\/\/comixburo.com\/\",\"name\":\"comixburo.com\",\"description\":\"Cr\u00e9ateur de projets : Sketchbook d&#039;artistes !\",\"publisher\":{\"@id\":\"https:\/\/comixburo.com\/#organization\"},\"alternateName\":\"Comix Buro\",\"potentialAction\":[{\"@type\":\"SearchAction\",\"target\":{\"@type\":\"EntryPoint\",\"urlTemplate\":\"https:\/\/comixburo.com\/?s={search_term_string}\"},\"query-input\":{\"@type\":\"PropertyValueSpecification\",\"valueRequired\":true,\"valueName\":\"search_term_string\"}}],\"inLanguage\":\"en-GB\"},{\"@type\":\"Organization\",\"@id\":\"https:\/\/comixburo.com\/#organization\",\"name\":\"comixburo.com\",\"url\":\"https:\/\/comixburo.com\/\",\"logo\":{\"@type\":\"ImageObject\",\"inLanguage\":\"en-GB\",\"@id\":\"https:\/\/comixburo.com\/#\/schema\/logo\/image\/\",\"url\":\"https:\/\/comixburo.com\/wp-content\/uploads\/2025\/04\/logo-cxb-ROND.webp\",\"contentUrl\":\"https:\/\/comixburo.com\/wp-content\/uploads\/2025\/04\/logo-cxb-ROND.webp\",\"width\":200,\"height\":200,\"caption\":\"comixburo.com\"},\"image\":{\"@id\":\"https:\/\/comixburo.com\/#\/schema\/logo\/image\/\"},\"sameAs\":[\"https:\/\/www.facebook.com\/comixburo\",\"https:\/\/www.instagram.com\/comixburo\/\"]}]}<\/script>\n<!-- \/ Yoast SEO plugin. -->","yoast_head_json":{"title":"Sketchbook Amoretti - comixburo.com","description":"Un carnet d\u2019esquisses intime d\u00e9di\u00e9 \u00e0 Maud Amoretti : traits d\u00e9licats, ambiances sombres et personnages oniriques d\u00e9voilent son imaginaire singulier.","robots":{"index":"index","follow":"follow","max-snippet":"max-snippet:-1","max-image-preview":"max-image-preview:large","max-video-preview":"max-video-preview:-1"},"canonical":"https:\/\/comixburo.com\/en\/product\/sketchbook-amoretti\/","og_locale":"en_GB","og_type":"article","og_title":"Sketchbook Amoretti - comixburo.com","og_description":"Un carnet d\u2019esquisses intime d\u00e9di\u00e9 \u00e0 Maud Amoretti : traits d\u00e9licats, ambiances sombres et personnages oniriques d\u00e9voilent son imaginaire singulier.","og_url":"https:\/\/comixburo.com\/en\/product\/sketchbook-amoretti\/","og_site_name":"comixburo.com","article_publisher":"https:\/\/www.facebook.com\/comixburo","article_modified_time":"2025-05-06T09:12:44+00:00","og_image":[{"width":817,"height":1000,"url":"https:\/\/comixburo.com\/wp-content\/uploads\/2024\/10\/Sketchbook-Amoretti-Comix-Buro.webp","type":"image\/webp"}],"twitter_card":"summary_large_image","twitter_misc":{"Estimated reading time":"2 minutes"},"schema":{"@context":"https:\/\/schema.org","@graph":[{"@type":"WebPage","@id":"https:\/\/comixburo.com\/produit\/sketchbook-amoretti\/","url":"https:\/\/comixburo.com\/produit\/sketchbook-amoretti\/","name":"Sketchbook Amoretti - comixburo.com","isPartOf":{"@id":"https:\/\/comixburo.com\/#website"},"primaryImageOfPage":{"@id":"https:\/\/comixburo.com\/produit\/sketchbook-amoretti\/#primaryimage"},"image":{"@id":"https:\/\/comixburo.com\/produit\/sketchbook-amoretti\/#primaryimage"},"thumbnailUrl":"https:\/\/comixburo.com\/wp-content\/uploads\/2024\/10\/Sketchbook-Amoretti-Comix-Buro.webp","datePublished":"2024-10-30T09:59:04+00:00","dateModified":"2025-05-06T09:12:44+00:00","description":"Un carnet d\u2019esquisses intime d\u00e9di\u00e9 \u00e0 Maud Amoretti : traits d\u00e9licats, ambiances sombres et personnages oniriques d\u00e9voilent son imaginaire singulier.","breadcrumb":{"@id":"https:\/\/comixburo.com\/produit\/sketchbook-amoretti\/#breadcrumb"},"inLanguage":"en-GB","potentialAction":[{"@type":"ReadAction","target":["https:\/\/comixburo.com\/produit\/sketchbook-amoretti\/"]}]},{"@type":"ImageObject","inLanguage":"en-GB","@id":"https:\/\/comixburo.com\/produit\/sketchbook-amoretti\/#primaryimage","url":"https:\/\/comixburo.com\/wp-content\/uploads\/2024\/10\/Sketchbook-Amoretti-Comix-Buro.webp","contentUrl":"https:\/\/comixburo.com\/wp-content\/uploads\/2024\/10\/Sketchbook-Amoretti-Comix-Buro.webp","width":817,"height":1000,"caption":"couverture du sketchbook de Maud Amoretti"},{"@type":"BreadcrumbList","@id":"https:\/\/comixburo.com\/produit\/sketchbook-amoretti\/#breadcrumb","itemListElement":[{"@type":"ListItem","position":1,"name":"Home","item":"https:\/\/comixburo.com\/"},{"@type":"ListItem","position":2,"name":"La boutique Comix Buro","item":"https:\/\/comixburo.com\/la-boutique-comix-buro\/"},{"@type":"ListItem","position":3,"name":"Sketchbook Amoretti"}]},{"@type":"WebSite","@id":"https:\/\/comixburo.com\/#website","url":"https:\/\/comixburo.com\/","name":"comixburo.com","description":"Cr\u00e9ateur de projets : Sketchbook d&#039;artistes !","publisher":{"@id":"https:\/\/comixburo.com\/#organization"},"alternateName":"Comix Buro","potentialAction":[{"@type":"SearchAction","target":{"@type":"EntryPoint","urlTemplate":"https:\/\/comixburo.com\/?s={search_term_string}"},"query-input":{"@type":"PropertyValueSpecification","valueRequired":true,"valueName":"search_term_string"}}],"inLanguage":"en-GB"},{"@type":"Organization","@id":"https:\/\/comixburo.com\/#organization","name":"comixburo.com","url":"https:\/\/comixburo.com\/","logo":{"@type":"ImageObject","inLanguage":"en-GB","@id":"https:\/\/comixburo.com\/#\/schema\/logo\/image\/","url":"https:\/\/comixburo.com\/wp-content\/uploads\/2025\/04\/logo-cxb-ROND.webp","contentUrl":"https:\/\/comixburo.com\/wp-content\/uploads\/2025\/04\/logo-cxb-ROND.webp","width":200,"height":200,"caption":"comixburo.com"},"image":{"@id":"https:\/\/comixburo.com\/#\/schema\/logo\/image\/"},"sameAs":["https:\/\/www.facebook.com\/comixburo","https:\/\/www.instagram.com\/comixburo\/"]}]}},"jetpack_sharing_enabled":true,"_links":{"self":[{"href":"https:\/\/comixburo.com\/en\/wp-json\/wp\/v2\/product\/16558","targetHints":{"allow":["GET"]}}],"collection":[{"href":"https:\/\/comixburo.com\/en\/wp-json\/wp\/v2\/product"}],"about":[{"href":"https:\/\/comixburo.com\/en\/wp-json\/wp\/v2\/types\/product"}],"replies":[{"embeddable":true,"href":"https:\/\/comixburo.com\/en\/wp-json\/wp\/v2\/comments?post=16558"}],"version-history":[{"count":4,"href":"https:\/\/comixburo.com\/en\/wp-json\/wp\/v2\/product\/16558\/revisions"}],"predecessor-version":[{"id":19598,"href":"https:\/\/comixburo.com\/en\/wp-json\/wp\/v2\/product\/16558\/revisions\/19598"}],"wp:featuredmedia":[{"embeddable":true,"href":"https:\/\/comixburo.com\/en\/wp-json\/wp\/v2\/media\/16352"}],"wp:attachment":[{"href":"https:\/\/comixburo.com\/en\/wp-json\/wp\/v2\/media?parent=16558"}],"wp:term":[{"taxonomy":"product_brand","embeddable":true,"href":"https:\/\/comixburo.com\/en\/wp-json\/wp\/v2\/product_brand?post=16558"},{"taxonomy":"product_cat","embeddable":true,"href":"https:\/\/comixburo.com\/en\/wp-json\/wp\/v2\/product_cat?post=16558"},{"taxonomy":"product_tag","embeddable":true,"href":"https:\/\/comixburo.com\/en\/wp-json\/wp\/v2\/product_tag?post=16558"}],"curies":[{"name":"wp","href":"https:\/\/api.w.org\/{rel}","templated":true}]}}