{"id":16870,"date":"2024-11-07T14:03:09","date_gmt":"2024-11-07T13:03:09","guid":{"rendered":"https:\/\/comixburo.com\/?post_type=product&#038;p=16870"},"modified":"2025-05-06T11:13:57","modified_gmt":"2025-05-06T09:13:57","slug":"souviens-toi-que-tu-vas-mourir","status":"publish","type":"product","link":"https:\/\/comixburo.com\/en\/product\/souviens-toi-que-tu-vas-mourir\/","title":{"rendered":"Souviens-toi que tu vas mourir"},"content":{"rendered":"<h2 style=\"text-align: center;\">La nouvelle Bande dessin\u00e9e de Western de chez <a href=\"https:\/\/comixburo.com\/en\/\">Comix buro<\/a> :<br \/>\nSouviens-toi que tu vas mourir<\/h2>\n<h3>Synopsis :<\/h3>\n<p><b>Lorsque votre pire ennemi devient votre meilleure chance de survie.<\/b><\/p>\n<p>La guerre de S\u00e9cession vient de s\u2019achever dans la souffrance et l\u2019amertume. Un soldat nordiste noir et son ennemi, un raider conf\u00e9d\u00e9r\u00e9, luttent pour leur survie sur les terres du Kentucky, l\u00e0 o\u00f9 le chaos r\u00e8gne encore. \u00c0 travers un p\u00e9riple funeste, toutes leurs ressources seront mises \u00e0 rude \u00e9preuve afin de lutter contre l\u2019adversit\u00e9 humaine et la nature particuli\u00e8rement hostile. En effet, entre haine et d\u00e9solation, Blackwood et Meadows n\u2019auront d\u2019autre choix que de d\u00e9passer leurs ranc\u0153urs pour survivre \u00e0 l\u2019horreur et \u00e0 la mort.<\/p>\n<p>Mais comment ces personnages constamment sur le fil du rasoir, tourment\u00e9s par le massacre brutal de 200 civils dans la ville de Lawrence deux ans plus t\u00f4t, pourront-ils \u00e9chapper au cercle immuable de la violence ? Et comment, dans des circonstances aussi extr\u00eames, le pardon et la r\u00e9demption sont-ils possibles ?<\/p>\n<p>Un western \u00e2pre, visc\u00e9ral et initiatique qui r\u00e9unit deux grands noms de la bande dessin\u00e9e autour d\u2019un r\u00e9cit charg\u00e9 de messages sur les pr\u00e9jug\u00e9s et l\u2019horreur humaine. Des dialogues percutants et de l\u2019action survolt\u00e9e soutiennent ce r\u00e9cit.<\/p>\n<h3>Les auteurs :<\/h3>\n<p>Sc\u00e9nariste : <a href=\"https:\/\/www.instagram.com\/majordobbs\/\">Dobbs<\/a><br \/>\nDessinateur : <a href=\"https:\/\/www.instagram.com\/nicolagenzianella\/\">Nicola Genzianella<\/a><\/p>","protected":false},"excerpt":{"rendered":"<p>Souviens-toi que tu vas mourir !<br \/>\nAlors que la guerre de S\u00e9cession vient de s\u2019achever dans la souffrance et l\u2019amertume, un soldat nordiste noir et son ennemi, un raider conf\u00e9d\u00e9r\u00e9, luttent pour leur survie sur les terres du Kentucky, l\u00e0 o\u00f9 le chaos r\u00e8gne encore&#8230;<\/p>","protected":false},"featured_media":15888,"comment_status":"open","ping_status":"closed","template":"","meta":[],"product_brand":[108],"product_cat":[97,110,94,93,82],"product_tag":[],"class_list":{"0":"post-16870","1":"product","2":"type-product","3":"status-publish","4":"has-post-thumbnail","6":"product_brand-comix-buro","7":"product_cat-bd","8":"product_cat-comix-buro","9":"product_cat-one-shots","10":"product_cat-tous","11":"product_cat-western","13":"first","14":"instock","15":"taxable","16":"shipping-taxable","17":"purchasable","18":"product-type-simple"},"yoast_head":"<!-- This site is optimized with the Yoast SEO plugin v26.9 - https:\/\/yoast.com\/product\/yoast-seo-wordpress\/ -->\n<title>Souviens-toi que tu vas mourir - comixburo.com<\/title>\n<meta name=\"description\" content=\"Souviens-toi que tu vas mourir : La guerre de S\u00e9cession s\u2019ach\u00e8ve, comment s&#039;en sortir lorsque votre pire ennemi devient votre meilleure chance de survie.\" \/>\n<meta name=\"robots\" content=\"index, follow, max-snippet:-1, max-image-preview:large, max-video-preview:-1\" \/>\n<link rel=\"canonical\" href=\"https:\/\/comixburo.com\/en\/product\/souviens-toi-que-tu-vas-mourir\/\" \/>\n<meta property=\"og:locale\" content=\"en_GB\" \/>\n<meta property=\"og:type\" content=\"article\" \/>\n<meta property=\"og:title\" content=\"Souviens-toi que tu vas mourir - comixburo.com\" \/>\n<meta property=\"og:description\" content=\"Souviens-toi que tu vas mourir : La guerre de S\u00e9cession s\u2019ach\u00e8ve, comment s&#039;en sortir lorsque votre pire ennemi devient votre meilleure chance de survie.\" \/>\n<meta property=\"og:url\" content=\"https:\/\/comixburo.com\/en\/product\/souviens-toi-que-tu-vas-mourir\/\" \/>\n<meta property=\"og:site_name\" content=\"comixburo.com\" \/>\n<meta property=\"article:publisher\" content=\"https:\/\/www.facebook.com\/comixburo\" \/>\n<meta property=\"article:modified_time\" content=\"2025-05-06T09:13:57+00:00\" \/>\n<meta property=\"og:image\" content=\"https:\/\/comixburo.com\/wp-content\/uploads\/2024\/10\/Souviens-toi-que-tu-vas-mourir.webp\" \/>\n\t<meta property=\"og:image:width\" content=\"600\" \/>\n\t<meta property=\"og:image:height\" content=\"800\" \/>\n\t<meta property=\"og:image:type\" content=\"image\/webp\" \/>\n<meta name=\"twitter:card\" content=\"summary_large_image\" \/>\n<meta name=\"twitter:label1\" content=\"Estimated reading time\" \/>\n\t<meta name=\"twitter:data1\" content=\"2 minutes\" \/>\n<script type=\"application\/ld+json\" class=\"yoast-schema-graph\">{\"@context\":\"https:\/\/schema.org\",\"@graph\":[{\"@type\":\"WebPage\",\"@id\":\"https:\/\/comixburo.com\/produit\/souviens-toi-que-tu-vas-mourir\/\",\"url\":\"https:\/\/comixburo.com\/produit\/souviens-toi-que-tu-vas-mourir\/\",\"name\":\"Souviens-toi que tu vas mourir - comixburo.com\",\"isPartOf\":{\"@id\":\"https:\/\/comixburo.com\/#website\"},\"primaryImageOfPage\":{\"@id\":\"https:\/\/comixburo.com\/produit\/souviens-toi-que-tu-vas-mourir\/#primaryimage\"},\"image\":{\"@id\":\"https:\/\/comixburo.com\/produit\/souviens-toi-que-tu-vas-mourir\/#primaryimage\"},\"thumbnailUrl\":\"https:\/\/comixburo.com\/wp-content\/uploads\/2024\/10\/Souviens-toi-que-tu-vas-mourir.webp\",\"datePublished\":\"2024-11-07T13:03:09+00:00\",\"dateModified\":\"2025-05-06T09:13:57+00:00\",\"description\":\"Souviens-toi que tu vas mourir : La guerre de S\u00e9cession s\u2019ach\u00e8ve, comment s'en sortir lorsque votre pire ennemi devient votre meilleure chance de survie.\",\"breadcrumb\":{\"@id\":\"https:\/\/comixburo.com\/produit\/souviens-toi-que-tu-vas-mourir\/#breadcrumb\"},\"inLanguage\":\"en-GB\",\"potentialAction\":[{\"@type\":\"ReadAction\",\"target\":[\"https:\/\/comixburo.com\/produit\/souviens-toi-que-tu-vas-mourir\/\"]}]},{\"@type\":\"ImageObject\",\"inLanguage\":\"en-GB\",\"@id\":\"https:\/\/comixburo.com\/produit\/souviens-toi-que-tu-vas-mourir\/#primaryimage\",\"url\":\"https:\/\/comixburo.com\/wp-content\/uploads\/2024\/10\/Souviens-toi-que-tu-vas-mourir.webp\",\"contentUrl\":\"https:\/\/comixburo.com\/wp-content\/uploads\/2024\/10\/Souviens-toi-que-tu-vas-mourir.webp\",\"width\":600,\"height\":800,\"caption\":\"Couverture de la bande dessin\u00e9e \\\"Souviens-toi que tu vas mourir\\\"\"},{\"@type\":\"BreadcrumbList\",\"@id\":\"https:\/\/comixburo.com\/produit\/souviens-toi-que-tu-vas-mourir\/#breadcrumb\",\"itemListElement\":[{\"@type\":\"ListItem\",\"position\":1,\"name\":\"Home\",\"item\":\"https:\/\/comixburo.com\/\"},{\"@type\":\"ListItem\",\"position\":2,\"name\":\"La boutique Comix Buro\",\"item\":\"https:\/\/comixburo.com\/la-boutique-comix-buro\/\"},{\"@type\":\"ListItem\",\"position\":3,\"name\":\"Souviens-toi que tu vas mourir\"}]},{\"@type\":\"WebSite\",\"@id\":\"https:\/\/comixburo.com\/#website\",\"url\":\"https:\/\/comixburo.com\/\",\"name\":\"comixburo.com\",\"description\":\"Cr\u00e9ateur de projets : Sketchbook d&#039;artistes !\",\"publisher\":{\"@id\":\"https:\/\/comixburo.com\/#organization\"},\"alternateName\":\"Comix Buro\",\"potentialAction\":[{\"@type\":\"SearchAction\",\"target\":{\"@type\":\"EntryPoint\",\"urlTemplate\":\"https:\/\/comixburo.com\/?s={search_term_string}\"},\"query-input\":{\"@type\":\"PropertyValueSpecification\",\"valueRequired\":true,\"valueName\":\"search_term_string\"}}],\"inLanguage\":\"en-GB\"},{\"@type\":\"Organization\",\"@id\":\"https:\/\/comixburo.com\/#organization\",\"name\":\"comixburo.com\",\"url\":\"https:\/\/comixburo.com\/\",\"logo\":{\"@type\":\"ImageObject\",\"inLanguage\":\"en-GB\",\"@id\":\"https:\/\/comixburo.com\/#\/schema\/logo\/image\/\",\"url\":\"https:\/\/comixburo.com\/wp-content\/uploads\/2025\/04\/logo-cxb-ROND.webp\",\"contentUrl\":\"https:\/\/comixburo.com\/wp-content\/uploads\/2025\/04\/logo-cxb-ROND.webp\",\"width\":200,\"height\":200,\"caption\":\"comixburo.com\"},\"image\":{\"@id\":\"https:\/\/comixburo.com\/#\/schema\/logo\/image\/\"},\"sameAs\":[\"https:\/\/www.facebook.com\/comixburo\",\"https:\/\/www.instagram.com\/comixburo\/\"]}]}<\/script>\n<!-- \/ Yoast SEO plugin. -->","yoast_head_json":{"title":"Souviens-toi que tu vas mourir - comixburo.com","description":"Souviens-toi que tu vas mourir : La guerre de S\u00e9cession s\u2019ach\u00e8ve, comment s'en sortir lorsque votre pire ennemi devient votre meilleure chance de survie.","robots":{"index":"index","follow":"follow","max-snippet":"max-snippet:-1","max-image-preview":"max-image-preview:large","max-video-preview":"max-video-preview:-1"},"canonical":"https:\/\/comixburo.com\/en\/product\/souviens-toi-que-tu-vas-mourir\/","og_locale":"en_GB","og_type":"article","og_title":"Souviens-toi que tu vas mourir - comixburo.com","og_description":"Souviens-toi que tu vas mourir : La guerre de S\u00e9cession s\u2019ach\u00e8ve, comment s'en sortir lorsque votre pire ennemi devient votre meilleure chance de survie.","og_url":"https:\/\/comixburo.com\/en\/product\/souviens-toi-que-tu-vas-mourir\/","og_site_name":"comixburo.com","article_publisher":"https:\/\/www.facebook.com\/comixburo","article_modified_time":"2025-05-06T09:13:57+00:00","og_image":[{"width":600,"height":800,"url":"https:\/\/comixburo.com\/wp-content\/uploads\/2024\/10\/Souviens-toi-que-tu-vas-mourir.webp","type":"image\/webp"}],"twitter_card":"summary_large_image","twitter_misc":{"Estimated reading time":"2 minutes"},"schema":{"@context":"https:\/\/schema.org","@graph":[{"@type":"WebPage","@id":"https:\/\/comixburo.com\/produit\/souviens-toi-que-tu-vas-mourir\/","url":"https:\/\/comixburo.com\/produit\/souviens-toi-que-tu-vas-mourir\/","name":"Souviens-toi que tu vas mourir - comixburo.com","isPartOf":{"@id":"https:\/\/comixburo.com\/#website"},"primaryImageOfPage":{"@id":"https:\/\/comixburo.com\/produit\/souviens-toi-que-tu-vas-mourir\/#primaryimage"},"image":{"@id":"https:\/\/comixburo.com\/produit\/souviens-toi-que-tu-vas-mourir\/#primaryimage"},"thumbnailUrl":"https:\/\/comixburo.com\/wp-content\/uploads\/2024\/10\/Souviens-toi-que-tu-vas-mourir.webp","datePublished":"2024-11-07T13:03:09+00:00","dateModified":"2025-05-06T09:13:57+00:00","description":"Souviens-toi que tu vas mourir : La guerre de S\u00e9cession s\u2019ach\u00e8ve, comment s'en sortir lorsque votre pire ennemi devient votre meilleure chance de survie.","breadcrumb":{"@id":"https:\/\/comixburo.com\/produit\/souviens-toi-que-tu-vas-mourir\/#breadcrumb"},"inLanguage":"en-GB","potentialAction":[{"@type":"ReadAction","target":["https:\/\/comixburo.com\/produit\/souviens-toi-que-tu-vas-mourir\/"]}]},{"@type":"ImageObject","inLanguage":"en-GB","@id":"https:\/\/comixburo.com\/produit\/souviens-toi-que-tu-vas-mourir\/#primaryimage","url":"https:\/\/comixburo.com\/wp-content\/uploads\/2024\/10\/Souviens-toi-que-tu-vas-mourir.webp","contentUrl":"https:\/\/comixburo.com\/wp-content\/uploads\/2024\/10\/Souviens-toi-que-tu-vas-mourir.webp","width":600,"height":800,"caption":"Couverture de la bande dessin\u00e9e \"Souviens-toi que tu vas mourir\""},{"@type":"BreadcrumbList","@id":"https:\/\/comixburo.com\/produit\/souviens-toi-que-tu-vas-mourir\/#breadcrumb","itemListElement":[{"@type":"ListItem","position":1,"name":"Home","item":"https:\/\/comixburo.com\/"},{"@type":"ListItem","position":2,"name":"La boutique Comix Buro","item":"https:\/\/comixburo.com\/la-boutique-comix-buro\/"},{"@type":"ListItem","position":3,"name":"Souviens-toi que tu vas mourir"}]},{"@type":"WebSite","@id":"https:\/\/comixburo.com\/#website","url":"https:\/\/comixburo.com\/","name":"comixburo.com","description":"Cr\u00e9ateur de projets : Sketchbook d&#039;artistes !","publisher":{"@id":"https:\/\/comixburo.com\/#organization"},"alternateName":"Comix Buro","potentialAction":[{"@type":"SearchAction","target":{"@type":"EntryPoint","urlTemplate":"https:\/\/comixburo.com\/?s={search_term_string}"},"query-input":{"@type":"PropertyValueSpecification","valueRequired":true,"valueName":"search_term_string"}}],"inLanguage":"en-GB"},{"@type":"Organization","@id":"https:\/\/comixburo.com\/#organization","name":"comixburo.com","url":"https:\/\/comixburo.com\/","logo":{"@type":"ImageObject","inLanguage":"en-GB","@id":"https:\/\/comixburo.com\/#\/schema\/logo\/image\/","url":"https:\/\/comixburo.com\/wp-content\/uploads\/2025\/04\/logo-cxb-ROND.webp","contentUrl":"https:\/\/comixburo.com\/wp-content\/uploads\/2025\/04\/logo-cxb-ROND.webp","width":200,"height":200,"caption":"comixburo.com"},"image":{"@id":"https:\/\/comixburo.com\/#\/schema\/logo\/image\/"},"sameAs":["https:\/\/www.facebook.com\/comixburo","https:\/\/www.instagram.com\/comixburo\/"]}]}},"jetpack_sharing_enabled":true,"_links":{"self":[{"href":"https:\/\/comixburo.com\/en\/wp-json\/wp\/v2\/product\/16870","targetHints":{"allow":["GET"]}}],"collection":[{"href":"https:\/\/comixburo.com\/en\/wp-json\/wp\/v2\/product"}],"about":[{"href":"https:\/\/comixburo.com\/en\/wp-json\/wp\/v2\/types\/product"}],"replies":[{"embeddable":true,"href":"https:\/\/comixburo.com\/en\/wp-json\/wp\/v2\/comments?post=16870"}],"version-history":[{"count":4,"href":"https:\/\/comixburo.com\/en\/wp-json\/wp\/v2\/product\/16870\/revisions"}],"predecessor-version":[{"id":19596,"href":"https:\/\/comixburo.com\/en\/wp-json\/wp\/v2\/product\/16870\/revisions\/19596"}],"wp:featuredmedia":[{"embeddable":true,"href":"https:\/\/comixburo.com\/en\/wp-json\/wp\/v2\/media\/15888"}],"wp:attachment":[{"href":"https:\/\/comixburo.com\/en\/wp-json\/wp\/v2\/media?parent=16870"}],"wp:term":[{"taxonomy":"product_brand","embeddable":true,"href":"https:\/\/comixburo.com\/en\/wp-json\/wp\/v2\/product_brand?post=16870"},{"taxonomy":"product_cat","embeddable":true,"href":"https:\/\/comixburo.com\/en\/wp-json\/wp\/v2\/product_cat?post=16870"},{"taxonomy":"product_tag","embeddable":true,"href":"https:\/\/comixburo.com\/en\/wp-json\/wp\/v2\/product_tag?post=16870"}],"curies":[{"name":"wp","href":"https:\/\/api.w.org\/{rel}","templated":true}]}}