{"id":16973,"date":"2025-02-04T11:06:57","date_gmt":"2025-02-04T10:06:57","guid":{"rendered":"https:\/\/comixburo.com\/?post_type=product&#038;p=16973"},"modified":"2025-05-02T13:09:54","modified_gmt":"2025-05-02T11:09:54","slug":"affiche-liman-rhaia","status":"publish","type":"product","link":"https:\/\/comixburo.com\/en\/product\/affiche-liman-rhaia\/","title":{"rendered":"Affiche d&rsquo;Ingrid Liman \u2013 Rha\u00efa"},"content":{"rendered":"<h3><strong>Affiche Liman \u2013 Rha\u00efa \u2013 Ingrid Liman.<\/strong><\/h3>\n<p>Affiche Liman \u2013 Rha\u00efa.<br \/>\nAutrice : Ingrid Liman.<br \/>\nFormat : 50 x 70 cm.<br \/>\nLes 300 premiers exemplaires sont num\u00e9rot\u00e9s et sign\u00e9s par l\u2019artiste.<br \/>\nPapier : couch\u00e9 satin\u00e9 250 g.<br \/>\nImpression : offset.<\/p>","protected":false},"excerpt":{"rendered":"<p>Affiche d&rsquo;Ingrid Liman \u2013 Rha\u00efa<\/p>","protected":false},"featured_media":16986,"comment_status":"open","ping_status":"closed","template":"","meta":[],"product_brand":[108],"product_cat":[96,110,93],"product_tag":[],"class_list":{"0":"post-16973","1":"product","2":"type-product","3":"status-publish","4":"has-post-thumbnail","6":"product_brand-comix-buro","7":"product_cat-affiches","8":"product_cat-comix-buro","9":"product_cat-tous","11":"first","12":"instock","13":"taxable","14":"shipping-taxable","15":"purchasable","16":"product-type-simple"},"yoast_head":"<!-- This site is optimized with the Yoast SEO plugin v26.9 - https:\/\/yoast.com\/product\/yoast-seo-wordpress\/ -->\n<title>Affiche d&#039;Ingrid Liman \u2013 Rha\u00efa - comixburo.com<\/title>\n<meta name=\"description\" content=\"Une magnifique affiche d&#039;Ingrid Liman \u2013 Rha\u00efa. Sur papier satin\u00e9 couch\u00e9 250 g. Au format 50 X 70. Impression offset. Superbe !\" \/>\n<meta name=\"robots\" content=\"index, follow, max-snippet:-1, max-image-preview:large, max-video-preview:-1\" \/>\n<link rel=\"canonical\" href=\"https:\/\/comixburo.com\/en\/product\/affiche-liman-rhaia\/\" \/>\n<meta property=\"og:locale\" content=\"en_GB\" \/>\n<meta property=\"og:type\" content=\"article\" \/>\n<meta property=\"og:title\" content=\"Affiche d&#039;Ingrid Liman \u2013 Rha\u00efa - comixburo.com\" \/>\n<meta property=\"og:description\" content=\"Une magnifique affiche d&#039;Ingrid Liman \u2013 Rha\u00efa. Sur papier satin\u00e9 couch\u00e9 250 g. Au format 50 X 70. Impression offset. Superbe !\" \/>\n<meta property=\"og:url\" content=\"https:\/\/comixburo.com\/en\/product\/affiche-liman-rhaia\/\" \/>\n<meta property=\"og:site_name\" content=\"comixburo.com\" \/>\n<meta property=\"article:publisher\" content=\"https:\/\/www.facebook.com\/comixburo\" \/>\n<meta property=\"article:modified_time\" content=\"2025-05-02T11:09:54+00:00\" \/>\n<meta property=\"og:image\" content=\"https:\/\/comixburo.com\/wp-content\/uploads\/2025\/02\/cb040-affiche-liman-rhaia.webp\" \/>\n\t<meta property=\"og:image:width\" content=\"586\" \/>\n\t<meta property=\"og:image:height\" content=\"820\" \/>\n\t<meta property=\"og:image:type\" content=\"image\/webp\" \/>\n<meta name=\"twitter:card\" content=\"summary_large_image\" \/>\n<meta name=\"twitter:label1\" content=\"Estimated reading time\" \/>\n\t<meta name=\"twitter:data1\" content=\"1 minute\" \/>\n<script type=\"application\/ld+json\" class=\"yoast-schema-graph\">{\"@context\":\"https:\/\/schema.org\",\"@graph\":[{\"@type\":\"WebPage\",\"@id\":\"https:\/\/comixburo.com\/produit\/affiche-liman-rhaia\/\",\"url\":\"https:\/\/comixburo.com\/produit\/affiche-liman-rhaia\/\",\"name\":\"Affiche d'Ingrid Liman \u2013 Rha\u00efa - comixburo.com\",\"isPartOf\":{\"@id\":\"https:\/\/comixburo.com\/#website\"},\"primaryImageOfPage\":{\"@id\":\"https:\/\/comixburo.com\/produit\/affiche-liman-rhaia\/#primaryimage\"},\"image\":{\"@id\":\"https:\/\/comixburo.com\/produit\/affiche-liman-rhaia\/#primaryimage\"},\"thumbnailUrl\":\"https:\/\/comixburo.com\/wp-content\/uploads\/2025\/02\/cb040-affiche-liman-rhaia.webp\",\"datePublished\":\"2025-02-04T10:06:57+00:00\",\"dateModified\":\"2025-05-02T11:09:54+00:00\",\"description\":\"Une magnifique affiche d'Ingrid Liman \u2013 Rha\u00efa. Sur papier satin\u00e9 couch\u00e9 250 g. Au format 50 X 70. Impression offset. Superbe !\",\"breadcrumb\":{\"@id\":\"https:\/\/comixburo.com\/produit\/affiche-liman-rhaia\/#breadcrumb\"},\"inLanguage\":\"en-GB\",\"potentialAction\":[{\"@type\":\"ReadAction\",\"target\":[\"https:\/\/comixburo.com\/produit\/affiche-liman-rhaia\/\"]}]},{\"@type\":\"ImageObject\",\"inLanguage\":\"en-GB\",\"@id\":\"https:\/\/comixburo.com\/produit\/affiche-liman-rhaia\/#primaryimage\",\"url\":\"https:\/\/comixburo.com\/wp-content\/uploads\/2025\/02\/cb040-affiche-liman-rhaia.webp\",\"contentUrl\":\"https:\/\/comixburo.com\/wp-content\/uploads\/2025\/02\/cb040-affiche-liman-rhaia.webp\",\"width\":586,\"height\":820,\"caption\":\"Affiche d'Ingrid Liman \u2013 Rha\u00efa\"},{\"@type\":\"BreadcrumbList\",\"@id\":\"https:\/\/comixburo.com\/produit\/affiche-liman-rhaia\/#breadcrumb\",\"itemListElement\":[{\"@type\":\"ListItem\",\"position\":1,\"name\":\"Home\",\"item\":\"https:\/\/comixburo.com\/\"},{\"@type\":\"ListItem\",\"position\":2,\"name\":\"La boutique Comix Buro\",\"item\":\"https:\/\/comixburo.com\/la-boutique-comix-buro\/\"},{\"@type\":\"ListItem\",\"position\":3,\"name\":\"Affiche d&rsquo;Ingrid Liman \u2013 Rha\u00efa\"}]},{\"@type\":\"WebSite\",\"@id\":\"https:\/\/comixburo.com\/#website\",\"url\":\"https:\/\/comixburo.com\/\",\"name\":\"comixburo.com\",\"description\":\"Cr\u00e9ateur de projets : Sketchbook d&#039;artistes !\",\"publisher\":{\"@id\":\"https:\/\/comixburo.com\/#organization\"},\"alternateName\":\"Comix Buro\",\"potentialAction\":[{\"@type\":\"SearchAction\",\"target\":{\"@type\":\"EntryPoint\",\"urlTemplate\":\"https:\/\/comixburo.com\/?s={search_term_string}\"},\"query-input\":{\"@type\":\"PropertyValueSpecification\",\"valueRequired\":true,\"valueName\":\"search_term_string\"}}],\"inLanguage\":\"en-GB\"},{\"@type\":\"Organization\",\"@id\":\"https:\/\/comixburo.com\/#organization\",\"name\":\"comixburo.com\",\"url\":\"https:\/\/comixburo.com\/\",\"logo\":{\"@type\":\"ImageObject\",\"inLanguage\":\"en-GB\",\"@id\":\"https:\/\/comixburo.com\/#\/schema\/logo\/image\/\",\"url\":\"https:\/\/comixburo.com\/wp-content\/uploads\/2025\/04\/logo-cxb-ROND.webp\",\"contentUrl\":\"https:\/\/comixburo.com\/wp-content\/uploads\/2025\/04\/logo-cxb-ROND.webp\",\"width\":200,\"height\":200,\"caption\":\"comixburo.com\"},\"image\":{\"@id\":\"https:\/\/comixburo.com\/#\/schema\/logo\/image\/\"},\"sameAs\":[\"https:\/\/www.facebook.com\/comixburo\",\"https:\/\/www.instagram.com\/comixburo\/\"]}]}<\/script>\n<!-- \/ Yoast SEO plugin. -->","yoast_head_json":{"title":"Affiche d'Ingrid Liman \u2013 Rha\u00efa - comixburo.com","description":"Une magnifique affiche d'Ingrid Liman \u2013 Rha\u00efa. Sur papier satin\u00e9 couch\u00e9 250 g. Au format 50 X 70. Impression offset. Superbe !","robots":{"index":"index","follow":"follow","max-snippet":"max-snippet:-1","max-image-preview":"max-image-preview:large","max-video-preview":"max-video-preview:-1"},"canonical":"https:\/\/comixburo.com\/en\/product\/affiche-liman-rhaia\/","og_locale":"en_GB","og_type":"article","og_title":"Affiche d'Ingrid Liman \u2013 Rha\u00efa - comixburo.com","og_description":"Une magnifique affiche d'Ingrid Liman \u2013 Rha\u00efa. Sur papier satin\u00e9 couch\u00e9 250 g. Au format 50 X 70. Impression offset. Superbe !","og_url":"https:\/\/comixburo.com\/en\/product\/affiche-liman-rhaia\/","og_site_name":"comixburo.com","article_publisher":"https:\/\/www.facebook.com\/comixburo","article_modified_time":"2025-05-02T11:09:54+00:00","og_image":[{"width":586,"height":820,"url":"https:\/\/comixburo.com\/wp-content\/uploads\/2025\/02\/cb040-affiche-liman-rhaia.webp","type":"image\/webp"}],"twitter_card":"summary_large_image","twitter_misc":{"Estimated reading time":"1 minute"},"schema":{"@context":"https:\/\/schema.org","@graph":[{"@type":"WebPage","@id":"https:\/\/comixburo.com\/produit\/affiche-liman-rhaia\/","url":"https:\/\/comixburo.com\/produit\/affiche-liman-rhaia\/","name":"Affiche d'Ingrid Liman \u2013 Rha\u00efa - comixburo.com","isPartOf":{"@id":"https:\/\/comixburo.com\/#website"},"primaryImageOfPage":{"@id":"https:\/\/comixburo.com\/produit\/affiche-liman-rhaia\/#primaryimage"},"image":{"@id":"https:\/\/comixburo.com\/produit\/affiche-liman-rhaia\/#primaryimage"},"thumbnailUrl":"https:\/\/comixburo.com\/wp-content\/uploads\/2025\/02\/cb040-affiche-liman-rhaia.webp","datePublished":"2025-02-04T10:06:57+00:00","dateModified":"2025-05-02T11:09:54+00:00","description":"Une magnifique affiche d'Ingrid Liman \u2013 Rha\u00efa. Sur papier satin\u00e9 couch\u00e9 250 g. Au format 50 X 70. Impression offset. Superbe !","breadcrumb":{"@id":"https:\/\/comixburo.com\/produit\/affiche-liman-rhaia\/#breadcrumb"},"inLanguage":"en-GB","potentialAction":[{"@type":"ReadAction","target":["https:\/\/comixburo.com\/produit\/affiche-liman-rhaia\/"]}]},{"@type":"ImageObject","inLanguage":"en-GB","@id":"https:\/\/comixburo.com\/produit\/affiche-liman-rhaia\/#primaryimage","url":"https:\/\/comixburo.com\/wp-content\/uploads\/2025\/02\/cb040-affiche-liman-rhaia.webp","contentUrl":"https:\/\/comixburo.com\/wp-content\/uploads\/2025\/02\/cb040-affiche-liman-rhaia.webp","width":586,"height":820,"caption":"Affiche d'Ingrid Liman \u2013 Rha\u00efa"},{"@type":"BreadcrumbList","@id":"https:\/\/comixburo.com\/produit\/affiche-liman-rhaia\/#breadcrumb","itemListElement":[{"@type":"ListItem","position":1,"name":"Home","item":"https:\/\/comixburo.com\/"},{"@type":"ListItem","position":2,"name":"La boutique Comix Buro","item":"https:\/\/comixburo.com\/la-boutique-comix-buro\/"},{"@type":"ListItem","position":3,"name":"Affiche d&rsquo;Ingrid Liman \u2013 Rha\u00efa"}]},{"@type":"WebSite","@id":"https:\/\/comixburo.com\/#website","url":"https:\/\/comixburo.com\/","name":"comixburo.com","description":"Cr\u00e9ateur de projets : Sketchbook d&#039;artistes !","publisher":{"@id":"https:\/\/comixburo.com\/#organization"},"alternateName":"Comix Buro","potentialAction":[{"@type":"SearchAction","target":{"@type":"EntryPoint","urlTemplate":"https:\/\/comixburo.com\/?s={search_term_string}"},"query-input":{"@type":"PropertyValueSpecification","valueRequired":true,"valueName":"search_term_string"}}],"inLanguage":"en-GB"},{"@type":"Organization","@id":"https:\/\/comixburo.com\/#organization","name":"comixburo.com","url":"https:\/\/comixburo.com\/","logo":{"@type":"ImageObject","inLanguage":"en-GB","@id":"https:\/\/comixburo.com\/#\/schema\/logo\/image\/","url":"https:\/\/comixburo.com\/wp-content\/uploads\/2025\/04\/logo-cxb-ROND.webp","contentUrl":"https:\/\/comixburo.com\/wp-content\/uploads\/2025\/04\/logo-cxb-ROND.webp","width":200,"height":200,"caption":"comixburo.com"},"image":{"@id":"https:\/\/comixburo.com\/#\/schema\/logo\/image\/"},"sameAs":["https:\/\/www.facebook.com\/comixburo","https:\/\/www.instagram.com\/comixburo\/"]}]}},"jetpack_sharing_enabled":true,"_links":{"self":[{"href":"https:\/\/comixburo.com\/en\/wp-json\/wp\/v2\/product\/16973","targetHints":{"allow":["GET"]}}],"collection":[{"href":"https:\/\/comixburo.com\/en\/wp-json\/wp\/v2\/product"}],"about":[{"href":"https:\/\/comixburo.com\/en\/wp-json\/wp\/v2\/types\/product"}],"replies":[{"embeddable":true,"href":"https:\/\/comixburo.com\/en\/wp-json\/wp\/v2\/comments?post=16973"}],"version-history":[{"count":3,"href":"https:\/\/comixburo.com\/en\/wp-json\/wp\/v2\/product\/16973\/revisions"}],"predecessor-version":[{"id":19513,"href":"https:\/\/comixburo.com\/en\/wp-json\/wp\/v2\/product\/16973\/revisions\/19513"}],"wp:featuredmedia":[{"embeddable":true,"href":"https:\/\/comixburo.com\/en\/wp-json\/wp\/v2\/media\/16986"}],"wp:attachment":[{"href":"https:\/\/comixburo.com\/en\/wp-json\/wp\/v2\/media?parent=16973"}],"wp:term":[{"taxonomy":"product_brand","embeddable":true,"href":"https:\/\/comixburo.com\/en\/wp-json\/wp\/v2\/product_brand?post=16973"},{"taxonomy":"product_cat","embeddable":true,"href":"https:\/\/comixburo.com\/en\/wp-json\/wp\/v2\/product_cat?post=16973"},{"taxonomy":"product_tag","embeddable":true,"href":"https:\/\/comixburo.com\/en\/wp-json\/wp\/v2\/product_tag?post=16973"}],"curies":[{"name":"wp","href":"https:\/\/api.w.org\/{rel}","templated":true}]}}