{"id":16978,"date":"2025-02-04T11:12:58","date_gmt":"2025-02-04T10:12:58","guid":{"rendered":"https:\/\/comixburo.com\/?post_type=product&#038;p=16978"},"modified":"2025-05-22T16:59:08","modified_gmt":"2025-05-22T14:59:08","slug":"affiche-manchu","status":"publish","type":"product","link":"https:\/\/comixburo.com\/en\/product\/affiche-manchu\/","title":{"rendered":"Affiche Manchu Robot Lost In Space"},"content":{"rendered":"<h1>Affiche Manchu Robot Lost In Space<\/h1>\n<ul>\n<li>Auteur : Manchu.<\/li>\n<li>Format : 50 x 70 cm<\/li>\n<li>Les 300 premiers exemplaires sont num\u00e9rot\u00e9s et sign\u00e9s par l\u2019artiste.<\/li>\n<li>Impression : offset.<\/li>\n<\/ul>\n<p>***<br \/>\nManchu noircit d\u00e8s son plus jeune \u00e2ge ses cahiers de dessin de cow-boys, d\u2019indiens, de machines diverses et, d\u00e9j\u00e0, de voitures am\u00e9ricaines.<br \/>\nApr\u00e8s un CAP\u00a0en dessin publicitaire, il participe \u00e0 la r\u00e9alisation des dessins anim\u00e9s\u00a0Il\u00a0\u00e9tait une fois\u2026 l\u2019Espace\u00a0et\u00a0Ulysse 31.<br \/>\n\u2013 Il vient \u00e0 l\u2019illustration de science-fiction en 1984, lors de sa rencontre avec G\u00e9rard Klein, qui lui propose d\u2019illustrer les volumes de la collection La Grande Anthologie de la science-fiction pour Le Livre de poche. Cette collaboration durera une quinzaine d\u2019ann\u00e9es.<br \/>\n\u2013 Il a travaill\u00e9 pour de nombreux \u00e9diteurs (Le Livre de poche, Deno\u00ebl, Delcourt, Gallimard, Mnemos, L\u2019Atalante, Robert Laffont, Le B\u00e9lial, ActuSF, Mango, Pocket, Fleuve Noir), pour des magazines scientifiques (Ciel et Espace, Sciences et Avenir, Science et Vie Junior),\u00a0\u00a0pour des entreprises (comme le CNES), l\u2019Agence spatiale Europ\u00e9enne, Thomson), ou pour des associations comme l\u2019Association plan\u00e8te Mars (APM).<\/p>\n<p><a href=\"http:\/\/www.attakus.art\" target=\"_blank\" rel=\"noopener\">Attakus<\/a><\/p>","protected":false},"excerpt":{"rendered":"<p>Affiche Manchu Robot Lost In Space.<\/p>","protected":false},"featured_media":16981,"comment_status":"open","ping_status":"closed","template":"","meta":[],"product_brand":[108],"product_cat":[96,110,93],"product_tag":[],"class_list":{"0":"post-16978","1":"product","2":"type-product","3":"status-publish","4":"has-post-thumbnail","6":"product_brand-comix-buro","7":"product_cat-affiches","8":"product_cat-comix-buro","9":"product_cat-tous","11":"first","12":"instock","13":"taxable","14":"shipping-taxable","15":"purchasable","16":"product-type-simple"},"yoast_head":"<!-- This site is optimized with the Yoast SEO plugin v26.9 - https:\/\/yoast.com\/product\/yoast-seo-wordpress\/ -->\n<title>Affiche Manchu Robot Lost In Space - comixburo.com<\/title>\n<meta name=\"description\" content=\"Affiche de l&#039;artiste MANCHU : LOST IN SPACE. Aux \u00e9ditions Comix buro.Au format : 50 x 70 cm. Robot extraordinaire \u00e0 ne pas laisser passer\" \/>\n<meta name=\"robots\" content=\"index, follow, max-snippet:-1, max-image-preview:large, max-video-preview:-1\" \/>\n<link rel=\"canonical\" href=\"https:\/\/comixburo.com\/en\/product\/affiche-manchu\/\" \/>\n<meta property=\"og:locale\" content=\"en_GB\" \/>\n<meta property=\"og:type\" content=\"article\" \/>\n<meta property=\"og:title\" content=\"Affiche Manchu Robot Lost In Space - comixburo.com\" \/>\n<meta property=\"og:description\" content=\"Affiche de l&#039;artiste MANCHU : LOST IN SPACE. Aux \u00e9ditions Comix buro.Au format : 50 x 70 cm. Robot extraordinaire \u00e0 ne pas laisser passer\" \/>\n<meta property=\"og:url\" content=\"https:\/\/comixburo.com\/en\/product\/affiche-manchu\/\" \/>\n<meta property=\"og:site_name\" content=\"comixburo.com\" \/>\n<meta property=\"article:publisher\" content=\"https:\/\/www.facebook.com\/comixburo\" \/>\n<meta property=\"article:modified_time\" content=\"2025-05-22T14:59:08+00:00\" \/>\n<meta property=\"og:image\" content=\"https:\/\/comixburo.com\/wp-content\/uploads\/2025\/02\/cb009-affiche-manchu.webp\" \/>\n\t<meta property=\"og:image:width\" content=\"590\" \/>\n\t<meta property=\"og:image:height\" content=\"820\" \/>\n\t<meta property=\"og:image:type\" content=\"image\/webp\" \/>\n<meta name=\"twitter:card\" content=\"summary_large_image\" \/>\n<meta name=\"twitter:label1\" content=\"Estimated reading time\" \/>\n\t<meta name=\"twitter:data1\" content=\"2 minutes\" \/>\n<script type=\"application\/ld+json\" class=\"yoast-schema-graph\">{\"@context\":\"https:\/\/schema.org\",\"@graph\":[{\"@type\":\"WebPage\",\"@id\":\"https:\/\/comixburo.com\/produit\/affiche-manchu\/\",\"url\":\"https:\/\/comixburo.com\/produit\/affiche-manchu\/\",\"name\":\"Affiche Manchu Robot Lost In Space - comixburo.com\",\"isPartOf\":{\"@id\":\"https:\/\/comixburo.com\/#website\"},\"primaryImageOfPage\":{\"@id\":\"https:\/\/comixburo.com\/produit\/affiche-manchu\/#primaryimage\"},\"image\":{\"@id\":\"https:\/\/comixburo.com\/produit\/affiche-manchu\/#primaryimage\"},\"thumbnailUrl\":\"https:\/\/comixburo.com\/wp-content\/uploads\/2025\/02\/cb009-affiche-manchu.webp\",\"datePublished\":\"2025-02-04T10:12:58+00:00\",\"dateModified\":\"2025-05-22T14:59:08+00:00\",\"description\":\"Affiche de l'artiste MANCHU : LOST IN SPACE. Aux \u00e9ditions Comix buro.Au format : 50 x 70 cm. Robot extraordinaire \u00e0 ne pas laisser passer\",\"breadcrumb\":{\"@id\":\"https:\/\/comixburo.com\/produit\/affiche-manchu\/#breadcrumb\"},\"inLanguage\":\"en-GB\",\"potentialAction\":[{\"@type\":\"ReadAction\",\"target\":[\"https:\/\/comixburo.com\/produit\/affiche-manchu\/\"]}]},{\"@type\":\"ImageObject\",\"inLanguage\":\"en-GB\",\"@id\":\"https:\/\/comixburo.com\/produit\/affiche-manchu\/#primaryimage\",\"url\":\"https:\/\/comixburo.com\/wp-content\/uploads\/2025\/02\/cb009-affiche-manchu.webp\",\"contentUrl\":\"https:\/\/comixburo.com\/wp-content\/uploads\/2025\/02\/cb009-affiche-manchu.webp\",\"width\":590,\"height\":820,\"caption\":\"Affiche Manchu Robot Lost In Space\"},{\"@type\":\"BreadcrumbList\",\"@id\":\"https:\/\/comixburo.com\/produit\/affiche-manchu\/#breadcrumb\",\"itemListElement\":[{\"@type\":\"ListItem\",\"position\":1,\"name\":\"Home\",\"item\":\"https:\/\/comixburo.com\/\"},{\"@type\":\"ListItem\",\"position\":2,\"name\":\"La boutique Comix Buro\",\"item\":\"https:\/\/comixburo.com\/la-boutique-comix-buro\/\"},{\"@type\":\"ListItem\",\"position\":3,\"name\":\"Affiche Manchu Robot Lost In Space\"}]},{\"@type\":\"WebSite\",\"@id\":\"https:\/\/comixburo.com\/#website\",\"url\":\"https:\/\/comixburo.com\/\",\"name\":\"comixburo.com\",\"description\":\"Cr\u00e9ateur de projets : Sketchbook d&#039;artistes !\",\"publisher\":{\"@id\":\"https:\/\/comixburo.com\/#organization\"},\"alternateName\":\"Comix Buro\",\"potentialAction\":[{\"@type\":\"SearchAction\",\"target\":{\"@type\":\"EntryPoint\",\"urlTemplate\":\"https:\/\/comixburo.com\/?s={search_term_string}\"},\"query-input\":{\"@type\":\"PropertyValueSpecification\",\"valueRequired\":true,\"valueName\":\"search_term_string\"}}],\"inLanguage\":\"en-GB\"},{\"@type\":\"Organization\",\"@id\":\"https:\/\/comixburo.com\/#organization\",\"name\":\"comixburo.com\",\"url\":\"https:\/\/comixburo.com\/\",\"logo\":{\"@type\":\"ImageObject\",\"inLanguage\":\"en-GB\",\"@id\":\"https:\/\/comixburo.com\/#\/schema\/logo\/image\/\",\"url\":\"https:\/\/comixburo.com\/wp-content\/uploads\/2025\/04\/logo-cxb-ROND.webp\",\"contentUrl\":\"https:\/\/comixburo.com\/wp-content\/uploads\/2025\/04\/logo-cxb-ROND.webp\",\"width\":200,\"height\":200,\"caption\":\"comixburo.com\"},\"image\":{\"@id\":\"https:\/\/comixburo.com\/#\/schema\/logo\/image\/\"},\"sameAs\":[\"https:\/\/www.facebook.com\/comixburo\",\"https:\/\/www.instagram.com\/comixburo\/\"]}]}<\/script>\n<!-- \/ Yoast SEO plugin. -->","yoast_head_json":{"title":"Affiche Manchu Robot Lost In Space - comixburo.com","description":"Affiche de l'artiste MANCHU : LOST IN SPACE. Aux \u00e9ditions Comix buro.Au format : 50 x 70 cm. Robot extraordinaire \u00e0 ne pas laisser passer","robots":{"index":"index","follow":"follow","max-snippet":"max-snippet:-1","max-image-preview":"max-image-preview:large","max-video-preview":"max-video-preview:-1"},"canonical":"https:\/\/comixburo.com\/en\/product\/affiche-manchu\/","og_locale":"en_GB","og_type":"article","og_title":"Affiche Manchu Robot Lost In Space - comixburo.com","og_description":"Affiche de l'artiste MANCHU : LOST IN SPACE. Aux \u00e9ditions Comix buro.Au format : 50 x 70 cm. Robot extraordinaire \u00e0 ne pas laisser passer","og_url":"https:\/\/comixburo.com\/en\/product\/affiche-manchu\/","og_site_name":"comixburo.com","article_publisher":"https:\/\/www.facebook.com\/comixburo","article_modified_time":"2025-05-22T14:59:08+00:00","og_image":[{"width":590,"height":820,"url":"https:\/\/comixburo.com\/wp-content\/uploads\/2025\/02\/cb009-affiche-manchu.webp","type":"image\/webp"}],"twitter_card":"summary_large_image","twitter_misc":{"Estimated reading time":"2 minutes"},"schema":{"@context":"https:\/\/schema.org","@graph":[{"@type":"WebPage","@id":"https:\/\/comixburo.com\/produit\/affiche-manchu\/","url":"https:\/\/comixburo.com\/produit\/affiche-manchu\/","name":"Affiche Manchu Robot Lost In Space - comixburo.com","isPartOf":{"@id":"https:\/\/comixburo.com\/#website"},"primaryImageOfPage":{"@id":"https:\/\/comixburo.com\/produit\/affiche-manchu\/#primaryimage"},"image":{"@id":"https:\/\/comixburo.com\/produit\/affiche-manchu\/#primaryimage"},"thumbnailUrl":"https:\/\/comixburo.com\/wp-content\/uploads\/2025\/02\/cb009-affiche-manchu.webp","datePublished":"2025-02-04T10:12:58+00:00","dateModified":"2025-05-22T14:59:08+00:00","description":"Affiche de l'artiste MANCHU : LOST IN SPACE. Aux \u00e9ditions Comix buro.Au format : 50 x 70 cm. Robot extraordinaire \u00e0 ne pas laisser passer","breadcrumb":{"@id":"https:\/\/comixburo.com\/produit\/affiche-manchu\/#breadcrumb"},"inLanguage":"en-GB","potentialAction":[{"@type":"ReadAction","target":["https:\/\/comixburo.com\/produit\/affiche-manchu\/"]}]},{"@type":"ImageObject","inLanguage":"en-GB","@id":"https:\/\/comixburo.com\/produit\/affiche-manchu\/#primaryimage","url":"https:\/\/comixburo.com\/wp-content\/uploads\/2025\/02\/cb009-affiche-manchu.webp","contentUrl":"https:\/\/comixburo.com\/wp-content\/uploads\/2025\/02\/cb009-affiche-manchu.webp","width":590,"height":820,"caption":"Affiche Manchu Robot Lost In Space"},{"@type":"BreadcrumbList","@id":"https:\/\/comixburo.com\/produit\/affiche-manchu\/#breadcrumb","itemListElement":[{"@type":"ListItem","position":1,"name":"Home","item":"https:\/\/comixburo.com\/"},{"@type":"ListItem","position":2,"name":"La boutique Comix Buro","item":"https:\/\/comixburo.com\/la-boutique-comix-buro\/"},{"@type":"ListItem","position":3,"name":"Affiche Manchu Robot Lost In Space"}]},{"@type":"WebSite","@id":"https:\/\/comixburo.com\/#website","url":"https:\/\/comixburo.com\/","name":"comixburo.com","description":"Cr\u00e9ateur de projets : Sketchbook d&#039;artistes !","publisher":{"@id":"https:\/\/comixburo.com\/#organization"},"alternateName":"Comix Buro","potentialAction":[{"@type":"SearchAction","target":{"@type":"EntryPoint","urlTemplate":"https:\/\/comixburo.com\/?s={search_term_string}"},"query-input":{"@type":"PropertyValueSpecification","valueRequired":true,"valueName":"search_term_string"}}],"inLanguage":"en-GB"},{"@type":"Organization","@id":"https:\/\/comixburo.com\/#organization","name":"comixburo.com","url":"https:\/\/comixburo.com\/","logo":{"@type":"ImageObject","inLanguage":"en-GB","@id":"https:\/\/comixburo.com\/#\/schema\/logo\/image\/","url":"https:\/\/comixburo.com\/wp-content\/uploads\/2025\/04\/logo-cxb-ROND.webp","contentUrl":"https:\/\/comixburo.com\/wp-content\/uploads\/2025\/04\/logo-cxb-ROND.webp","width":200,"height":200,"caption":"comixburo.com"},"image":{"@id":"https:\/\/comixburo.com\/#\/schema\/logo\/image\/"},"sameAs":["https:\/\/www.facebook.com\/comixburo","https:\/\/www.instagram.com\/comixburo\/"]}]}},"jetpack_sharing_enabled":true,"_links":{"self":[{"href":"https:\/\/comixburo.com\/en\/wp-json\/wp\/v2\/product\/16978","targetHints":{"allow":["GET"]}}],"collection":[{"href":"https:\/\/comixburo.com\/en\/wp-json\/wp\/v2\/product"}],"about":[{"href":"https:\/\/comixburo.com\/en\/wp-json\/wp\/v2\/types\/product"}],"replies":[{"embeddable":true,"href":"https:\/\/comixburo.com\/en\/wp-json\/wp\/v2\/comments?post=16978"}],"version-history":[{"count":5,"href":"https:\/\/comixburo.com\/en\/wp-json\/wp\/v2\/product\/16978\/revisions"}],"predecessor-version":[{"id":19693,"href":"https:\/\/comixburo.com\/en\/wp-json\/wp\/v2\/product\/16978\/revisions\/19693"}],"wp:featuredmedia":[{"embeddable":true,"href":"https:\/\/comixburo.com\/en\/wp-json\/wp\/v2\/media\/16981"}],"wp:attachment":[{"href":"https:\/\/comixburo.com\/en\/wp-json\/wp\/v2\/media?parent=16978"}],"wp:term":[{"taxonomy":"product_brand","embeddable":true,"href":"https:\/\/comixburo.com\/en\/wp-json\/wp\/v2\/product_brand?post=16978"},{"taxonomy":"product_cat","embeddable":true,"href":"https:\/\/comixburo.com\/en\/wp-json\/wp\/v2\/product_cat?post=16978"},{"taxonomy":"product_tag","embeddable":true,"href":"https:\/\/comixburo.com\/en\/wp-json\/wp\/v2\/product_tag?post=16978"}],"curies":[{"name":"wp","href":"https:\/\/api.w.org\/{rel}","templated":true}]}}