{"id":17011,"date":"2025-02-04T12:23:04","date_gmt":"2025-02-04T11:23:04","guid":{"rendered":"https:\/\/comixburo.com\/?post_type=product&#038;p=17011"},"modified":"2025-05-02T13:03:58","modified_gmt":"2025-05-02T11:03:58","slug":"affiche-yeagle-mandy","status":"publish","type":"product","link":"https:\/\/comixburo.com\/en\/product\/affiche-yeagle-mandy\/","title":{"rendered":"Affiche Yeagle \u2013 Mandy"},"content":{"rendered":"<h3><strong>Affiche Yeagle \u2013 Mandy \u2013 Dean Yeagle.<\/strong><\/h3>\n<p><strong>Affiche Yeagle \u2013 Mandy.<\/strong><\/p>\n<p>Auteur : Dean Yeagle.<br \/>\nFormat : 30 x 40 cm.<br \/>\nImpression : offset.<br \/>\nLes 300 premiers exemplaires sont num\u00e9rot\u00e9s et sign\u00e9s par l\u2019artiste.<br \/>\nAffiche d\u2019Art \u00e9dit\u00e9e sur un luxueux papier \u00e9pais Rive Tradition.<\/p>\n<p>***<\/p>\n<p>\u2013 Dean Yeagle\u00a0est n\u00e9 en 1950 aux Etats-Unis et est principalement connu \u00e0 travers son h\u00e9ro\u00efne\u00a0Mandy, habitu\u00e9e des pages de\u00a0Playboy Magazine.<br \/>\nApr\u00e8s son mariage et la naissance de sa fille,\u00a0Dean Yeagle travaille,\u00a0\u00e0 New York, comme designer, animateur puis enfin directeur dans un des plus grands studios. En 1986, il s\u2019associe avec Nancy Beiman pour cr\u00e9er Caged Beagle Productions Inc., un studio d\u2019animation g\u00e9n\u00e9raliste, o\u00f9 il produit, dirige, design et anime un nombre incalculable de publicit\u00e9s et cd-roms pour des clients pr\u00e9sents aux Etats-Unis et en Europe.<br \/>\n\u2013 En 2003 Dean Yeagle a \u00e9t\u00e9 nomm\u00e9 \u00ab\u00a0Animateur de l\u2019Ann\u00e9e\u00a0\u00bb par la National Cartoonist Society.Il travaille \u00e9galement sur la cr\u00e9ation de personnages commandit\u00e9s par des entreprises pour divers produits, sur une s\u00e9rie de livres jeunesse, parfois sur des jouets et sur des illustrations pour Playboy Magazine. En d\u2019autres termes, il se lance dans tout projet qui l\u2019\u00e9pate\u2026.<\/p>","protected":false},"excerpt":{"rendered":"<p>Affiche Yeagle \u2013 Mandy \u2013 Dean Yeagle. Affiche Yeagle \u2013 Mandy. Auteur : Dean Yeagle. Format : 30 x 40<\/p>","protected":false},"featured_media":17096,"comment_status":"open","ping_status":"closed","template":"","meta":[],"product_brand":[108],"product_cat":[96,110,93],"product_tag":[],"class_list":{"0":"post-17011","1":"product","2":"type-product","3":"status-publish","4":"has-post-thumbnail","6":"product_brand-comix-buro","7":"product_cat-affiches","8":"product_cat-comix-buro","9":"product_cat-tous","11":"first","12":"instock","13":"taxable","14":"shipping-taxable","15":"purchasable","16":"product-type-simple"},"yoast_head":"<!-- This site is optimized with the Yoast SEO plugin v26.9 - https:\/\/yoast.com\/product\/yoast-seo-wordpress\/ -->\n<title>Affiche Yeagle \u2013 Mandy - comixburo.com<\/title>\n<meta name=\"description\" content=\"Affiche de l&#039;artiste am\u00e9ricain Dean Yeagle. Many aux \u00e9ditions Comix buro.Au format : 30 x 40 cm en offset. Id\u00e9ale pour un encadrement.\" \/>\n<meta name=\"robots\" content=\"index, follow, max-snippet:-1, max-image-preview:large, max-video-preview:-1\" \/>\n<link rel=\"canonical\" href=\"https:\/\/comixburo.com\/en\/product\/affiche-yeagle-mandy\/\" \/>\n<meta property=\"og:locale\" content=\"en_GB\" \/>\n<meta property=\"og:type\" content=\"article\" \/>\n<meta property=\"og:title\" content=\"Affiche Yeagle \u2013 Mandy - comixburo.com\" \/>\n<meta property=\"og:description\" content=\"Affiche de l&#039;artiste am\u00e9ricain Dean Yeagle. Many aux \u00e9ditions Comix buro.Au format : 30 x 40 cm en offset. Id\u00e9ale pour un encadrement.\" \/>\n<meta property=\"og:url\" content=\"https:\/\/comixburo.com\/en\/product\/affiche-yeagle-mandy\/\" \/>\n<meta property=\"og:site_name\" content=\"comixburo.com\" \/>\n<meta property=\"article:publisher\" content=\"https:\/\/www.facebook.com\/comixburo\" \/>\n<meta property=\"article:modified_time\" content=\"2025-05-02T11:03:58+00:00\" \/>\n<meta property=\"og:image\" content=\"https:\/\/comixburo.com\/wp-content\/uploads\/2025\/02\/cb015_Yeagle_Mandy_comixburo_pinup-00.webp\" \/>\n\t<meta property=\"og:image:width\" content=\"590\" \/>\n\t<meta property=\"og:image:height\" content=\"820\" \/>\n\t<meta property=\"og:image:type\" content=\"image\/webp\" \/>\n<meta name=\"twitter:card\" content=\"summary_large_image\" \/>\n<meta name=\"twitter:label1\" content=\"Estimated reading time\" \/>\n\t<meta name=\"twitter:data1\" content=\"2 minutes\" \/>\n<script type=\"application\/ld+json\" class=\"yoast-schema-graph\">{\"@context\":\"https:\/\/schema.org\",\"@graph\":[{\"@type\":\"WebPage\",\"@id\":\"https:\/\/comixburo.com\/produit\/affiche-yeagle-mandy\/\",\"url\":\"https:\/\/comixburo.com\/produit\/affiche-yeagle-mandy\/\",\"name\":\"Affiche Yeagle \u2013 Mandy - comixburo.com\",\"isPartOf\":{\"@id\":\"https:\/\/comixburo.com\/#website\"},\"primaryImageOfPage\":{\"@id\":\"https:\/\/comixburo.com\/produit\/affiche-yeagle-mandy\/#primaryimage\"},\"image\":{\"@id\":\"https:\/\/comixburo.com\/produit\/affiche-yeagle-mandy\/#primaryimage\"},\"thumbnailUrl\":\"https:\/\/comixburo.com\/wp-content\/uploads\/2025\/02\/cb015_Yeagle_Mandy_comixburo_pinup-00.webp\",\"datePublished\":\"2025-02-04T11:23:04+00:00\",\"dateModified\":\"2025-05-02T11:03:58+00:00\",\"description\":\"Affiche de l'artiste am\u00e9ricain Dean Yeagle. Many aux \u00e9ditions Comix buro.Au format : 30 x 40 cm en offset. Id\u00e9ale pour un encadrement.\",\"breadcrumb\":{\"@id\":\"https:\/\/comixburo.com\/produit\/affiche-yeagle-mandy\/#breadcrumb\"},\"inLanguage\":\"en-GB\",\"potentialAction\":[{\"@type\":\"ReadAction\",\"target\":[\"https:\/\/comixburo.com\/produit\/affiche-yeagle-mandy\/\"]}]},{\"@type\":\"ImageObject\",\"inLanguage\":\"en-GB\",\"@id\":\"https:\/\/comixburo.com\/produit\/affiche-yeagle-mandy\/#primaryimage\",\"url\":\"https:\/\/comixburo.com\/wp-content\/uploads\/2025\/02\/cb015_Yeagle_Mandy_comixburo_pinup-00.webp\",\"contentUrl\":\"https:\/\/comixburo.com\/wp-content\/uploads\/2025\/02\/cb015_Yeagle_Mandy_comixburo_pinup-00.webp\",\"width\":590,\"height\":820,\"caption\":\"Affiche Yeagle \u2013 Mandy\"},{\"@type\":\"BreadcrumbList\",\"@id\":\"https:\/\/comixburo.com\/produit\/affiche-yeagle-mandy\/#breadcrumb\",\"itemListElement\":[{\"@type\":\"ListItem\",\"position\":1,\"name\":\"Home\",\"item\":\"https:\/\/comixburo.com\/\"},{\"@type\":\"ListItem\",\"position\":2,\"name\":\"La boutique Comix Buro\",\"item\":\"https:\/\/comixburo.com\/la-boutique-comix-buro\/\"},{\"@type\":\"ListItem\",\"position\":3,\"name\":\"Affiche Yeagle \u2013 Mandy\"}]},{\"@type\":\"WebSite\",\"@id\":\"https:\/\/comixburo.com\/#website\",\"url\":\"https:\/\/comixburo.com\/\",\"name\":\"comixburo.com\",\"description\":\"Cr\u00e9ateur de projets : Sketchbook d&#039;artistes !\",\"publisher\":{\"@id\":\"https:\/\/comixburo.com\/#organization\"},\"alternateName\":\"Comix Buro\",\"potentialAction\":[{\"@type\":\"SearchAction\",\"target\":{\"@type\":\"EntryPoint\",\"urlTemplate\":\"https:\/\/comixburo.com\/?s={search_term_string}\"},\"query-input\":{\"@type\":\"PropertyValueSpecification\",\"valueRequired\":true,\"valueName\":\"search_term_string\"}}],\"inLanguage\":\"en-GB\"},{\"@type\":\"Organization\",\"@id\":\"https:\/\/comixburo.com\/#organization\",\"name\":\"comixburo.com\",\"url\":\"https:\/\/comixburo.com\/\",\"logo\":{\"@type\":\"ImageObject\",\"inLanguage\":\"en-GB\",\"@id\":\"https:\/\/comixburo.com\/#\/schema\/logo\/image\/\",\"url\":\"https:\/\/comixburo.com\/wp-content\/uploads\/2025\/04\/logo-cxb-ROND.webp\",\"contentUrl\":\"https:\/\/comixburo.com\/wp-content\/uploads\/2025\/04\/logo-cxb-ROND.webp\",\"width\":200,\"height\":200,\"caption\":\"comixburo.com\"},\"image\":{\"@id\":\"https:\/\/comixburo.com\/#\/schema\/logo\/image\/\"},\"sameAs\":[\"https:\/\/www.facebook.com\/comixburo\",\"https:\/\/www.instagram.com\/comixburo\/\"]}]}<\/script>\n<!-- \/ Yoast SEO plugin. -->","yoast_head_json":{"title":"Affiche Yeagle \u2013 Mandy - comixburo.com","description":"Affiche de l'artiste am\u00e9ricain Dean Yeagle. Many aux \u00e9ditions Comix buro.Au format : 30 x 40 cm en offset. Id\u00e9ale pour un encadrement.","robots":{"index":"index","follow":"follow","max-snippet":"max-snippet:-1","max-image-preview":"max-image-preview:large","max-video-preview":"max-video-preview:-1"},"canonical":"https:\/\/comixburo.com\/en\/product\/affiche-yeagle-mandy\/","og_locale":"en_GB","og_type":"article","og_title":"Affiche Yeagle \u2013 Mandy - comixburo.com","og_description":"Affiche de l'artiste am\u00e9ricain Dean Yeagle. Many aux \u00e9ditions Comix buro.Au format : 30 x 40 cm en offset. Id\u00e9ale pour un encadrement.","og_url":"https:\/\/comixburo.com\/en\/product\/affiche-yeagle-mandy\/","og_site_name":"comixburo.com","article_publisher":"https:\/\/www.facebook.com\/comixburo","article_modified_time":"2025-05-02T11:03:58+00:00","og_image":[{"width":590,"height":820,"url":"https:\/\/comixburo.com\/wp-content\/uploads\/2025\/02\/cb015_Yeagle_Mandy_comixburo_pinup-00.webp","type":"image\/webp"}],"twitter_card":"summary_large_image","twitter_misc":{"Estimated reading time":"2 minutes"},"schema":{"@context":"https:\/\/schema.org","@graph":[{"@type":"WebPage","@id":"https:\/\/comixburo.com\/produit\/affiche-yeagle-mandy\/","url":"https:\/\/comixburo.com\/produit\/affiche-yeagle-mandy\/","name":"Affiche Yeagle \u2013 Mandy - comixburo.com","isPartOf":{"@id":"https:\/\/comixburo.com\/#website"},"primaryImageOfPage":{"@id":"https:\/\/comixburo.com\/produit\/affiche-yeagle-mandy\/#primaryimage"},"image":{"@id":"https:\/\/comixburo.com\/produit\/affiche-yeagle-mandy\/#primaryimage"},"thumbnailUrl":"https:\/\/comixburo.com\/wp-content\/uploads\/2025\/02\/cb015_Yeagle_Mandy_comixburo_pinup-00.webp","datePublished":"2025-02-04T11:23:04+00:00","dateModified":"2025-05-02T11:03:58+00:00","description":"Affiche de l'artiste am\u00e9ricain Dean Yeagle. Many aux \u00e9ditions Comix buro.Au format : 30 x 40 cm en offset. Id\u00e9ale pour un encadrement.","breadcrumb":{"@id":"https:\/\/comixburo.com\/produit\/affiche-yeagle-mandy\/#breadcrumb"},"inLanguage":"en-GB","potentialAction":[{"@type":"ReadAction","target":["https:\/\/comixburo.com\/produit\/affiche-yeagle-mandy\/"]}]},{"@type":"ImageObject","inLanguage":"en-GB","@id":"https:\/\/comixburo.com\/produit\/affiche-yeagle-mandy\/#primaryimage","url":"https:\/\/comixburo.com\/wp-content\/uploads\/2025\/02\/cb015_Yeagle_Mandy_comixburo_pinup-00.webp","contentUrl":"https:\/\/comixburo.com\/wp-content\/uploads\/2025\/02\/cb015_Yeagle_Mandy_comixburo_pinup-00.webp","width":590,"height":820,"caption":"Affiche Yeagle \u2013 Mandy"},{"@type":"BreadcrumbList","@id":"https:\/\/comixburo.com\/produit\/affiche-yeagle-mandy\/#breadcrumb","itemListElement":[{"@type":"ListItem","position":1,"name":"Home","item":"https:\/\/comixburo.com\/"},{"@type":"ListItem","position":2,"name":"La boutique Comix Buro","item":"https:\/\/comixburo.com\/la-boutique-comix-buro\/"},{"@type":"ListItem","position":3,"name":"Affiche Yeagle \u2013 Mandy"}]},{"@type":"WebSite","@id":"https:\/\/comixburo.com\/#website","url":"https:\/\/comixburo.com\/","name":"comixburo.com","description":"Cr\u00e9ateur de projets : Sketchbook d&#039;artistes !","publisher":{"@id":"https:\/\/comixburo.com\/#organization"},"alternateName":"Comix Buro","potentialAction":[{"@type":"SearchAction","target":{"@type":"EntryPoint","urlTemplate":"https:\/\/comixburo.com\/?s={search_term_string}"},"query-input":{"@type":"PropertyValueSpecification","valueRequired":true,"valueName":"search_term_string"}}],"inLanguage":"en-GB"},{"@type":"Organization","@id":"https:\/\/comixburo.com\/#organization","name":"comixburo.com","url":"https:\/\/comixburo.com\/","logo":{"@type":"ImageObject","inLanguage":"en-GB","@id":"https:\/\/comixburo.com\/#\/schema\/logo\/image\/","url":"https:\/\/comixburo.com\/wp-content\/uploads\/2025\/04\/logo-cxb-ROND.webp","contentUrl":"https:\/\/comixburo.com\/wp-content\/uploads\/2025\/04\/logo-cxb-ROND.webp","width":200,"height":200,"caption":"comixburo.com"},"image":{"@id":"https:\/\/comixburo.com\/#\/schema\/logo\/image\/"},"sameAs":["https:\/\/www.facebook.com\/comixburo","https:\/\/www.instagram.com\/comixburo\/"]}]}},"jetpack_sharing_enabled":true,"_links":{"self":[{"href":"https:\/\/comixburo.com\/en\/wp-json\/wp\/v2\/product\/17011","targetHints":{"allow":["GET"]}}],"collection":[{"href":"https:\/\/comixburo.com\/en\/wp-json\/wp\/v2\/product"}],"about":[{"href":"https:\/\/comixburo.com\/en\/wp-json\/wp\/v2\/types\/product"}],"replies":[{"embeddable":true,"href":"https:\/\/comixburo.com\/en\/wp-json\/wp\/v2\/comments?post=17011"}],"version-history":[{"count":3,"href":"https:\/\/comixburo.com\/en\/wp-json\/wp\/v2\/product\/17011\/revisions"}],"predecessor-version":[{"id":19495,"href":"https:\/\/comixburo.com\/en\/wp-json\/wp\/v2\/product\/17011\/revisions\/19495"}],"wp:featuredmedia":[{"embeddable":true,"href":"https:\/\/comixburo.com\/en\/wp-json\/wp\/v2\/media\/17096"}],"wp:attachment":[{"href":"https:\/\/comixburo.com\/en\/wp-json\/wp\/v2\/media?parent=17011"}],"wp:term":[{"taxonomy":"product_brand","embeddable":true,"href":"https:\/\/comixburo.com\/en\/wp-json\/wp\/v2\/product_brand?post=17011"},{"taxonomy":"product_cat","embeddable":true,"href":"https:\/\/comixburo.com\/en\/wp-json\/wp\/v2\/product_cat?post=17011"},{"taxonomy":"product_tag","embeddable":true,"href":"https:\/\/comixburo.com\/en\/wp-json\/wp\/v2\/product_tag?post=17011"}],"curies":[{"name":"wp","href":"https:\/\/api.w.org\/{rel}","templated":true}]}}